{"id":9765,"date":"2022-12-16T09:57:55","date_gmt":"2022-12-16T08:57:55","guid":{"rendered":"https:\/\/leocare.eu\/?page_id=9765"},"modified":"2026-04-07T16:31:41","modified_gmt":"2026-04-07T14:31:41","slug":"tarifs","status":"publish","type":"page","link":"https:\/\/leocare.eu\/fr\/assurance-auto-en-ligne\/devis\/tarifs\/","title":{"rendered":"Quel est le tarif d\u2019une assurance auto ?"},"content":{"rendered":"\n<p><strong>Vous \u00eates \u00e0 la recherche du meilleur tarif assurance auto du march\u00e9 ? Voici quelques informations utiles pour vous aider \u00e0 trouver l\u2019assurance qui r\u00e9pond \u00e0 vos besoins.<\/strong><\/p>\n\n\n\n<h2 class=\"wp-block-heading\" id=\"section-1-quels-sont-les-prix-dune-assurance-auto-\"><strong>Quels sont les prix d\u2019une assurance auto ?<\/strong><\/h2>\n\n\n\n<p>Il est difficile de donner le&nbsp;<strong><a href=\"https:\/\/leocare.eu\/fr\/assurance-auto-en-ligne\/devis\/tarifs\/simulation\/\">prix d\u2019une assurance auto<\/a><\/strong>, car il varie consid\u00e9rablement en fonction de plusieurs facteurs, que voici :<\/p>\n\n\n\n<ul class=\"wp-block-list\">\n<li><strong>La formule d\u2019assurance choisie.<\/strong><\/li>\n\n\n\n<li><strong>Votre profil de conducteur.<\/strong><\/li>\n\n\n\n<li><strong>Les caract\u00e9ristiques du v\u00e9hicule \u00e0 assurer.<\/strong><\/li>\n\n\n\n<li><strong>La r\u00e9gion o\u00f9 votre auto stationne habituellement.<\/strong><\/li>\n<\/ul>\n\n\n\n<p>Ajoutons \u00e9galement que les assureurs sont libres de fixer les tarifs d\u2019une assurance auto sur la base des \u00e9l\u00e9ments communiqu\u00e9s par l\u2019assur\u00e9.<strong> En fait, l\u2019id\u00e9al pour vous est d\u2019utiliser un comparateur ou de demander plusieurs&nbsp;<a href=\"https:\/\/leocare.eu\/fr\/assurance-auto-en-ligne\/devis\/\">devis d\u2019assurance auto<\/a><\/strong>&nbsp;avant de prendre votre d\u00e9cision.<\/p>\n\n\n\n<p id=\"ancre1\">Un&nbsp;comparateur&nbsp;permet de mettre en concurrence plusieurs&nbsp;compagnies&nbsp;et&nbsp;formules d\u2019assurance. Ainsi, vous pourrez s\u00e9lectionner la meilleure&nbsp;<strong><a href=\"https:\/\/leocare.eu\/fr\/assurance-auto-en-ligne\/peugeot\/peugeot-308\/\">assurance pour votre Peugeot 308<\/a><\/strong>. <strong>En choisissant Leocare, faites des&nbsp;\u00e9conomies&nbsp;sur votre&nbsp;prime d\u2019assurance. <\/strong>Et b\u00e9n\u00e9ficiez d\u2019une protection efficace en cas de&nbsp;dommages&nbsp;subis lors d\u2019un&nbsp;accident.<\/p>\n\n\n\n<h2 class=\"wp-block-heading\" id=\"section-2-les-cots-dassurance-auto-par-formule\"><strong>Les co\u00fbts d\u2019assurance auto par formule<\/strong><\/h2>\n\n\n\n<p>Pour rappel, <strong>trois principales options s\u2019offrent \u00e0 vous pour assurer votre v\u00e9hicule :<\/strong><\/p>\n\n\n\n<ul class=\"wp-block-list\">\n<li><strong>La garantie obligatoire au tiers.<\/strong><\/li>\n\n\n\n<li><strong>Une formule interm\u00e9diaire alliant tiers et options compl\u00e9mentaires<\/strong> (bris de glace, incendie, vol\u2026 au choix de l\u2019assur\u00e9).<\/li>\n\n\n\n<li><strong>L\u2019<a href=\"https:\/\/leocare.eu\/fr\/assurance-auto-en-ligne\/tous-risques\/\">assurance tous risques<\/a><\/strong>.<\/li>\n<\/ul>\n\n\n\n<p>Comme vous le constatez, sans surprise aussi, plus la protection choisie est importante, plus le risque \u00e0 assurer est consid\u00e9rable pour l\u2019assureur. Le co\u00fbt de&nbsp;<strong><a href=\"https:\/\/leocare.eu\/fr\/assurance-auto-en-ligne\/devis\/tarifs\/augmentation\/\">votre assurance auto augmente<\/a><\/strong>.<\/p>\n\n\n\n<p><strong>Certaines formules d\u2019assurance auto peuvent \u00e9galement \u00eatre plus ch\u00e8res. <\/strong>C\u2019est le cas si vous optez pour une assurance auto imm\u00e9diate. Cette derni\u00e8re vous couvre sans l\u2019application d\u2019un d\u00e9lai de carence.<\/p>\n\n\n\n<p>Pour vous aider \u00e0 comparer les offres, <strong>voici un ordre d\u2019id\u00e9e du prix moyen des contrats auto en France par formule choisie :<\/strong><\/p>\n\n\n\n<ul class=\"wp-block-list\">\n<li><span class=\"change-price\">676<\/span> \u20ac pour une formule au tiers.<\/li>\n\n\n\n<li><span class=\"change-price\">755<\/span> \u20ac pour une formule <a href=\"https:\/\/leocare.eu\/fr\/assurance-auto-en-ligne\/tiers\/plus\/\">tiers plus<\/a>.<\/li>\n\n\n\n<li><span class=\"change-price\">941<\/span> \u20ac pour une assurance dommages tous risques.<\/li>\n<\/ul>\n\n\n\n<p>Pour choisir l\u2019<strong><a href=\"https:\/\/leocare.eu\/fr\/assurance-auto-en-ligne\/peugeot\/peugeot-208\/\">assurance de votre Peugeot 208<\/a><\/strong>, n\u2019h\u00e9sitez pas \u00e0 utiliser un&nbsp;comparateur. Vous pourrez ainsi comparer les&nbsp;formules d\u2019assurance&nbsp;et leur niveau d\u2019indemnisation&nbsp;en cas de&nbsp;dommages. Pour rappel, l\u2019assurance au tiers&nbsp;est la moins protectrice. Les&nbsp;conducteurs&nbsp;qui souhaitent une protection optimale doivent opter pour les&nbsp;assurances&nbsp;tiers plus ou&nbsp;dommages tous accidents.<\/p>\n\n\n\n<h3 class=\"wp-block-heading\">Prix d\u2019une assurance voiture jeune conducteur<\/h3>\n\n\n\n<p>Le co\u00fbt d\u2019une assurance auto n\u2019est, bien \u00e9videmment, pas identique si vous \u00eates un jeune conducteur ou un automobiliste confirm\u00e9. En effet, votre exp\u00e9rience (ou inexp\u00e9rience) impacte directement votre bonus-malus. <strong>Plus il est \u00e9lev\u00e9, plus votre prime d\u2019assurance est importante.<\/strong><\/p>\n\n\n\n<p>\u00c0 l\u2019inverse, votre co\u00fbt de couverture diminue si votre bonus-malus avoisine les 0,50. <strong>\u00c0 titre d\u2019exemple, un jeune conducteur doit, en moyenne, d\u00e9bourser entre <span class=\"change-price\">1 284<\/span> \u20ac et <span class=\"change-price\">1 605<\/span> \u20ac de prime annuelle,<\/strong> pour \u00eatre assur\u00e9.<\/p>\n\n\n\n<div class=\"bon-a-savoir\">\n\n\n\n<p>Bon \u00e0 savoir<\/p>\n\n\n\n<p>Si vous avez suivi la conduite accompagn\u00e9e, votre exp\u00e9rience peut \u00eatre prise en compte partiellement par l\u2019assureur.&nbsp;<a href=\"https:\/\/leocare.eu\/fr\/assurance-auto-en-ligne\/devis\/tarifs\/promotions\/\"><strong>Une r\u00e9duction de tarif<\/strong>&nbsp;<\/a>peut alors vous \u00eatre accord\u00e9e.<\/p>\n\n\n\n<\/div>\n\n\n\n<h3 class=\"wp-block-heading\"><strong>Prix d\u2019une assurance voiture maluss\u00e9e<\/strong><\/h3>\n\n\n\n<p><strong>Si votre relev\u00e9 d\u2019information fait \u00e9tat d\u2019un malus, votre tarif d\u2019assurance auto va in\u00e9vitablement \u00eatre sup\u00e9rieur \u00e0 celui d\u2019un conducteur b\u00e9n\u00e9ficiant d\u2019un bonus.<\/strong> En effet,&nbsp;<strong><a href=\"https:\/\/leocare.eu\/fr\/assurance-auto-en-ligne\/devis\/tarifs\/surprime\/\">une surprime<\/a><\/strong>&nbsp;est pr\u00e9vue pour les automobilistes maluss\u00e9s mais, fort heureusement, le Code des assurances en a limit\u00e9 le montant. \u00c0 titre d\u2019exemple, elle ne peut exc\u00e9der :<\/p>\n\n\n\n<ul class=\"wp-block-list\">\n<li>150 % si vous \u00eates responsable d\u2019un accident en \u00e9tat d\u2019ivresse.<\/li>\n\n\n\n<li>100 % en cas de d\u00e9lit de fuite suite \u00e0 un accident.<\/li>\n\n\n\n<li>100 % si vous avez omis d\u2019indiquer un ou plusieurs sinistres dans votre d\u00e9claration.<\/li>\n\n\n\n<li>50 % au cas o\u00f9 vous \u00eates responsable d\u2019au moins trois accidents l\u2019ann\u00e9e pr\u00e9c\u00e9dant la souscription.<\/li>\n<\/ul>\n\n\n\n<h3 class=\"wp-block-heading\"><strong>Prix d\u2019une assurance voiture professionnelle<\/strong><\/h3>\n\n\n\n<p>Il est difficile de donner un prix moyen, pour assurer un v\u00e9hicule professionnel. <strong>Le tarif d\u00e9pend des crit\u00e8res d\u2019utilisation suivants :<\/strong><\/p>\n\n\n\n<ul class=\"wp-block-list\">\n<li><strong>Le nombre de conducteurs.<\/strong><\/li>\n\n\n\n<li><strong>Les caract\u00e9ristiques du v\u00e9hicule \u00e0 assurer.<\/strong><\/li>\n\n\n\n<li><strong>L\u2019\u00e9tat du v\u00e9hicule.<\/strong><\/li>\n<\/ul>\n\n\n\n<p>Si vous \u00eates ind\u00e9pendant, vous devez directement souscrire une assurance auto. Si vous \u00eates salari\u00e9, c\u2019est \u00e0 votre employeur qu\u2019il revient d\u2019assurer le v\u00e9hicule. <strong>Pour r\u00e9duire les co\u00fbts, les entreprises ont parfois recours \u00e0 des formules d\u2019assurance dites \u00ab flotte auto \u00bb<\/strong> pour garantir l\u2019ensemble de leur parc automobile.<\/p>\n\n\n\n<h2 class=\"wp-block-heading\" id=\"section-3-les-tarifs-dassurance-auto-par-type-de-vhicule\"><strong>Les tarifs d\u2019assurance auto par type de v\u00e9hicule<\/strong><\/h2>\n\n\n\n<p>Il n\u2019y a pas que la formule choisie qui d\u00e9termine le montant de l\u2019assurance auto. <strong>Les caract\u00e9ristiques propres au v\u00e9hicule ont un impact non n\u00e9gligeable sur ce co\u00fbt. <\/strong>En voici quelques exemples !<\/p>\n\n\n\n<h3 class=\"wp-block-heading\"><strong>Prix d\u2019une assurance voiture sans permis<\/strong><\/h3>\n\n\n\n<p><strong>Dans le Code de la route, ce type de v\u00e9hicule est consid\u00e9r\u00e9 comme un quadricycle l\u00e9ger \u00e0 moteur. <\/strong>Sa puissance et sa vitesse de circulation sont limit\u00e9es, et les risques \u00e0 couvrir sont souvent consid\u00e9r\u00e9s par les compagnies comme moins importants qu\u2019un v\u00e9hicule l\u00e9ger traditionnel. <strong>Pour assurer une voiture sans permis au tiers, il faut compter, en moyenne, <span class=\"change-price\">50<\/span> \u20ac par an. <\/strong>Pour une assurance tous risques, le montant moyen de la prime s\u2019\u00e9l\u00e8ve \u00e0 <span class=\"change-price\">122<\/span> \u20ac.<\/p>\n\n\n\n<h3 class=\"wp-block-heading\"><strong>Prix d\u2019une assurance voiture de collection<\/strong><\/h3>\n\n\n\n<p>Vous \u00eates l\u2019heureux propri\u00e9taire d\u2019une voiture de collection ? Il est essentiel de bien l\u2019assurer, car les frais de r\u00e9paration  peuvent tr\u00e8s vite grimper. <strong>Le prix d\u2019une assurance auto pour ce type de v\u00e9hicule peut \u00eatre tr\u00e8s \u00e9lev\u00e9, car unique, voire sur mesure.<\/strong> Mieux vaut comparer les offres disponibles sur le march\u00e9 \u00e0 l\u2019aide d\u2019un comparateur d\u2019assurance avant de vous engager au meilleur prix.<\/p>\n\n\n\n<h3 class=\"wp-block-heading\"><strong>Prix d\u2019une assurance voiture \u00e9lectrique<\/strong><\/h3>\n\n\n\n<p>L\u2019heure est \u00e0 l\u2019automobile \u00e9lectrique ! De plus en plus d\u2019assureurs donnent un coup de pouce aux propri\u00e9taires de ce type de v\u00e9hicules peu polluants, en diminuant leurs&nbsp;<strong><a href=\"https:\/\/leocare.eu\/fr\/assurance-auto-en-ligne\/devis\/tarifs\/primes\/\">primes d\u2019assurance<\/a><\/strong>.<strong> De mani\u00e8re g\u00e9n\u00e9rale, pour assurer une voiture \u00e9lectrique de milieu de gamme, il faut d\u00e9bourser annuellement moins de <span class=\"change-price\">535<\/span> \u20ac.<\/strong><\/p>\n\n\n\n<h3 class=\"wp-block-heading\"><strong>Prix d\u2019une assurance voiture neuve<\/strong><\/h3>\n\n\n\n<p>Dans les faits, l\u2019<strong><a href=\"https:\/\/leocare.eu\/fr\/assurance-auto-en-ligne\/audi\/\">assurance de votre Audi<\/a><\/strong>&nbsp;est plus ch\u00e8re si votre voiture est neuve. <strong>La&nbsp;cotisation d&rsquo;<a href=\"https:\/\/leocare.eu\/fr\/assurance-auto-en-ligne\/types-vehicule\/neuf\/\">une assurance pour votre v\u00e9hicule neuf<\/a>&nbsp;est moins \u00e9lev\u00e9e pour un v\u00e9hicule d\u2019occasion, <\/strong>peu importe le niveau d\u2019indemnisation&nbsp;choisi par les&nbsp;conducteurs. Cela vaut pour toutes les&nbsp;formules d\u2019assurance&nbsp;(assurance au tiers, tiers+ et&nbsp;dommages tous accidents). Ce d\u00e9tail s\u2019explique tout simplement par sa valeur. Le risque est consid\u00e9r\u00e9 comme plus important. Et les&nbsp;compagnies&nbsp;calculent la&nbsp;prime d\u2019assurance&nbsp;en fonction de ce dernier.<\/p>\n\n\n\n<div class=\"bon-a-savoir\">\n\n\n\n<p>Bon \u00e0 savoir :<\/p>\n\n\n\n<p>Si vous roulez peu, le <a href=\"https:\/\/leocare.eu\/fr\/assurance-auto-en-ligne\/couverture\/formules\/specifiques\/au-km\/petit-rouleur\/\">prix de l&rsquo;assurance auto pour petit rouleur<\/a> est souvent 15 \u00e0 20 % moins cher qu&rsquo;une assurance auto classique.<\/p>\n\n\n\n<\/div>\n\n\n\n<h2 class=\"wp-block-heading\" id=\"section-4-les-prix-dune-assurance-auto-par-modle-de-voiture\"><strong>Les prix d\u2019une assurance auto par mod\u00e8le de voiture<\/strong><\/h2>\n\n\n\n<p>Le mod\u00e8le de voiture influence directement le montant de l\u2019assurance auto. Plus il est luxueux, plus le co\u00fbt des r\u00e9parations en cas de sinistre est \u00e9lev\u00e9. L\u2019assureur prend en compte ce risque sup\u00e9rieur.<strong> \u00c0 l\u2019inverse, si vous avez une petite citadine, vous profitez d\u2019un tarif plus bas et donc d&rsquo;une <a href=\"https:\/\/leocare.eu\/fr\/assurance-auto-en-ligne\/pas-cher\/\">assurance auto pas ch\u00e8re<\/a>.<\/strong> \u00c0 titre d\u2019exemple, voici les tarifs annuels de diff\u00e9rentes voitures, actuellement en vente sur le march\u00e9 :<\/p>\n\n\n\n<ul class=\"wp-block-list\">\n<li>Fiat 500 : <span class=\"change-price\">765<\/span> \u20ac<\/li>\n\n\n\n<li>Peugeot 208 II : <span class=\"change-price\">1 027<\/span> \u20ac<\/li>\n\n\n\n<li>Tesla mod\u00e8le 3 : <span class=\"change-price\">1 022<\/span> \u20ac<\/li>\n\n\n\n<li>Citro\u00ebn C3 II : <span class=\"change-price\">822<\/span> \u20ac<\/li>\n<\/ul>\n\n\n\n<p><strong>Pour l\u2019<a href=\"https:\/\/leocare.eu\/fr\/assurance-auto-en-ligne\/mercedes\/classe-c\/\">assurance d\u2019une Mercedes Classe C<\/a>, la&nbsp;prime d\u2019assurance&nbsp;propos\u00e9e par les&nbsp;compagnies&nbsp;sera forc\u00e9ment plus \u00e9lev\u00e9e. <\/strong>Tout d\u00e9pend \u00e9galement du profil des&nbsp;conducteurs&nbsp;et des&nbsp;formules d\u2019assurance&nbsp;(<a href=\"https:\/\/leocare.eu\/fr\/assurance-auto-en-ligne\/tiers\/\">assurance au tiers<\/a>, tiers plus ou&nbsp;dommages tous accidents). Le&nbsp;malus&nbsp;a \u00e9galement un impact sur le montant de la&nbsp;cotisation.<\/p>\n\n\n\n<h2 class=\"wp-block-heading\" id=\"section-5-assurance-auto-les-prix-par-rgion-en-2023\"><strong>Assurance auto : les prix par r\u00e9gion en 2023<\/strong><\/h2>\n\n\n\n<p>Il existe \u00e9galement une grande disparit\u00e9 de prix en fonction de la r\u00e9gion o\u00f9 r\u00e9side l\u2019assur\u00e9 et o\u00f9 est stationn\u00e9 le v\u00e9hicule, au quotidien. <strong>En effet, dans certaines r\u00e9gions, les assureurs proposent des prix plus attractifs. C\u2019est le cas de :<\/strong><\/p>\n\n\n\n<ul class=\"wp-block-list\">\n<li>La Bretagne : <span class=\"change-price\">684<\/span> \u20ac<\/li>\n\n\n\n<li>Les Pays de la Loire : <span class=\"change-price\">717<\/span> \u20ac<\/li>\n\n\n\n<li>La Nouvelle-Aquitaine : <span class=\"change-price\">727<\/span> \u20ac<\/li>\n<\/ul>\n\n\n\n<p><strong>\u00c0 l\u2019inverse, les primes atteignent des niveaux nettement plus \u00e9lev\u00e9s dans les r\u00e9gions suivantes, o\u00f9 l\u2019accidentalit\u00e9 est sup\u00e9rieure :<\/strong><\/p>\n\n\n\n<ul class=\"wp-block-list\">\n<li>L\u2019\u00cele-de-France : <span class=\"change-price\">908<\/span> \u20ac<\/li>\n\n\n\n<li>La r\u00e9gion Provence-Alpes-C\u00f4te d\u2019Azur : <span class=\"change-price\">920<\/span> \u20ac<\/li>\n<\/ul>\n\n\n\n<p>Sachez \u00e9galement que <strong>les&nbsp;compagnies&nbsp;peuvent&nbsp;<a href=\"https:\/\/leocare.eu\/fr\/assurance-auto-en-ligne\/couverture\/contrat\/resiliation\/motifs\/non-paiement\/\">r\u00e9silier une assurance auto pour non-paiement<\/a>&nbsp;de la&nbsp;prime d\u2019assurance. <\/strong>Les&nbsp;conducteurs&nbsp;doivent donc imp\u00e9rativement r\u00e9gler leur&nbsp;cotisation&nbsp;pour b\u00e9n\u00e9ficier des&nbsp;assurances&nbsp;souscrites en cas d\u2019accident.<\/p>\n\n\n\n<h2 class=\"wp-block-heading\" id=\"section-6-assurance-auto-dans-quelle-ville-est-il-le-plus-intressant-d\"><strong>Assurance auto : dans quelle ville est-il le plus int\u00e9ressant de s\u2019assurer ?<\/strong><\/h2>\n\n\n\n<p>Mais o\u00f9 faut-il r\u00e9sider pour profiter des tarifs d\u2019assurance auto avantageux ?<strong> Mieux vaut \u00e9viter les grandes villes o\u00f9 la densit\u00e9 entra\u00eene un accroissement de la fr\u00e9quence des sinistres.<\/strong> Avoir une r\u00e9sidence dans une ville moyenne permet, bien souvent, de r\u00e9aliser de substantielles \u00e9conomies. En 2021, le palmar\u00e8s des villes les moins ch\u00e8res en assurance auto \u00e9tait le suivant :<\/p>\n\n\n\n<ul class=\"wp-block-list\">\n<li>\u00c9vreux : <span class=\"change-price\">478<\/span> \u20ac<\/li>\n\n\n\n<li>Compi\u00e8gne : <span class=\"change-price\">483<\/span> \u20ac<\/li>\n\n\n\n<li>Calais : <span class=\"change-price\">501<\/span> \u20ac<\/li>\n<\/ul>\n\n\n\n<div class=\"bon-a-savoir\">\n\n\n\n<p>Bon \u00e0 savoir<\/p>\n\n\n\n<p>Pas d\u2019assurance auto sans justificatif.<strong> Pour valider un devis d\u2019assurance auto, vous devez fournir certains documents.<\/strong> Sur la base de ces justificatifs, l\u2019assureur \u00e9value le risque \u00e0 couvrir.<\/p>\n\n\n\n<\/div>\n\n\n\n<p>Vous souhaitez faire des\u00a0\u00e9conomies\u00a0sur votre\u00a0cotisation\u00a0tout en profitant d\u2019une bonne\u00a0indemnisation\u00a0en cas d\u2019accidents\u00a0? <strong>Que vous recherchiez une\u00a0<a href=\"https:\/\/leocare.eu\/fr\/assurance-auto-en-ligne\/devis\/sans-accompte\/\">assurance auto sans acompte<\/a>, une assurance auto sans frais de dossier, Leocare est l\u00e0 pour vous.<\/strong> D\u00e9couvrez nos diff\u00e9rentes\u00a0assurances\u00a0:\u00a0assurance au tiers, tiers plus et\u00a0dommages tous accidents. Nous proposons des prix tr\u00e8s attractifs pour tous les\u00a0conducteurs ! N\u2019h\u00e9sitez pas \u00e0 choisir une assurance 100 % mobile et flexible pour rouler en toute s\u00e9r\u00e9nit\u00e9.<\/p>\n","protected":false},"excerpt":{"rendered":"<p>Vous \u00eates \u00e0 la recherche du meilleur tarif assurance auto du march\u00e9 ? Voici quelques informations utiles pour vous aider \u00e0 trouver l\u2019assurance qui r\u00e9pond \u00e0 vos besoins. Quels sont les prix d\u2019une assurance auto ? Il est difficile de donner le&nbsp;prix d\u2019une assurance auto, car il varie consid\u00e9rablement en fonction de plusieurs facteurs, que [&hellip;]<\/p>\n","protected":false},"author":34,"featured_media":9789,"parent":7335,"menu_order":0,"comment_status":"closed","ping_status":"closed","template":"template_seo.php","meta":{"_acf_changed":false,"footnotes":""},"class_list":["post-9765","page","type-page","status-publish","has-post-thumbnail","hentry"],"acf":[],"yoast_head":"<!-- This site is optimized with the Yoast SEO plugin v27.3 - https:\/\/yoast.com\/product\/yoast-seo-wordpress\/ -->\n<title>Quel est le tarif d\u2019une assurance auto ?<\/title>\n<meta name=\"description\" content=\"D\u00e9couvrez nos tarifs d&#039;assurance auto! Comparatif complet, conseils d&#039;experts. Optez pour le meilleur tarif! Cliquez ici pour un devis gratuit.\" \/>\n<meta name=\"robots\" content=\"index, follow, max-snippet:-1, max-image-preview:large, max-video-preview:-1\" \/>\n<link rel=\"canonical\" href=\"https:\/\/leocare.eu\/fr\/assurance-auto-en-ligne\/devis\/tarifs\/\" \/>\n<meta property=\"og:locale\" content=\"fr_FR\" \/>\n<meta property=\"og:type\" content=\"article\" \/>\n<meta property=\"og:title\" content=\"Quel est le tarif d\u2019une assurance auto ?\" \/>\n<meta property=\"og:description\" content=\"D\u00e9couvrez nos tarifs d&#039;assurance auto! Comparatif complet, conseils d&#039;experts. Optez pour le meilleur tarif! Cliquez ici pour un devis gratuit.\" \/>\n<meta property=\"og:url\" content=\"https:\/\/leocare.eu\/fr\/assurance-auto-en-ligne\/devis\/tarifs\/\" \/>\n<meta property=\"og:site_name\" content=\"Leocare, assurance en ligne automobile et habitation\" \/>\n<meta property=\"article:modified_time\" content=\"2026-04-07T14:31:41+00:00\" \/>\n<meta property=\"og:image\" content=\"https:\/\/leocare.eu\/fr\/wp-content\/uploads\/2022\/12\/prix-assurance-auto.jpg\" \/>\n\t<meta property=\"og:image:width\" content=\"1800\" \/>\n\t<meta property=\"og:image:height\" content=\"1200\" \/>\n\t<meta property=\"og:image:type\" content=\"image\/jpeg\" \/>\n<meta name=\"twitter:card\" content=\"summary_large_image\" \/>\n<meta name=\"twitter:label1\" content=\"Dur\u00e9e de lecture estim\u00e9e\" \/>\n\t<meta name=\"twitter:data1\" content=\"8 minutes\" \/>\n<!-- \/ Yoast SEO plugin. -->","yoast_head_json":{"title":"Quel est le tarif d\u2019une assurance auto ?","description":"D\u00e9couvrez nos tarifs d'assurance auto! Comparatif complet, conseils d'experts. Optez pour le meilleur tarif! Cliquez ici pour un devis gratuit.","robots":{"index":"index","follow":"follow","max-snippet":"max-snippet:-1","max-image-preview":"max-image-preview:large","max-video-preview":"max-video-preview:-1"},"canonical":"https:\/\/leocare.eu\/fr\/assurance-auto-en-ligne\/devis\/tarifs\/","og_locale":"fr_FR","og_type":"article","og_title":"Quel est le tarif d\u2019une assurance auto ?","og_description":"D\u00e9couvrez nos tarifs d'assurance auto! Comparatif complet, conseils d'experts. Optez pour le meilleur tarif! Cliquez ici pour un devis gratuit.","og_url":"https:\/\/leocare.eu\/fr\/assurance-auto-en-ligne\/devis\/tarifs\/","og_site_name":"Leocare, assurance en ligne automobile et habitation","article_modified_time":"2026-04-07T14:31:41+00:00","og_image":[{"width":1800,"height":1200,"url":"https:\/\/leocare.eu\/fr\/wp-content\/uploads\/2022\/12\/prix-assurance-auto.jpg","type":"image\/jpeg"}],"twitter_card":"summary_large_image","twitter_misc":{"Dur\u00e9e de lecture estim\u00e9e":"8 minutes"},"schema":{"@context":"https:\/\/schema.org","@graph":[{"@type":"WebPage","@id":"https:\/\/leocare.eu\/fr\/assurance-auto-en-ligne\/devis\/tarifs\/","url":"https:\/\/leocare.eu\/fr\/assurance-auto-en-ligne\/devis\/tarifs\/","name":"Quel est le tarif d\u2019une assurance auto ?","isPartOf":{"@id":"https:\/\/leocare.eu\/fr\/#website"},"primaryImageOfPage":{"@id":"https:\/\/leocare.eu\/fr\/assurance-auto-en-ligne\/devis\/tarifs\/#primaryimage"},"image":{"@id":"https:\/\/leocare.eu\/fr\/assurance-auto-en-ligne\/devis\/tarifs\/#primaryimage"},"thumbnailUrl":"https:\/\/leocare.eu\/fr\/wp-content\/uploads\/2022\/12\/prix-assurance-auto.jpg","datePublished":"2022-12-16T08:57:55+00:00","dateModified":"2026-04-07T14:31:41+00:00","description":"D\u00e9couvrez nos tarifs d'assurance auto! Comparatif complet, conseils d'experts. Optez pour le meilleur tarif! Cliquez ici pour un devis gratuit.","breadcrumb":{"@id":"https:\/\/leocare.eu\/fr\/assurance-auto-en-ligne\/devis\/tarifs\/#breadcrumb"},"inLanguage":"fr-FR","potentialAction":[{"@type":"ReadAction","target":["https:\/\/leocare.eu\/fr\/assurance-auto-en-ligne\/devis\/tarifs\/"]}]},{"@type":"ImageObject","inLanguage":"fr-FR","@id":"https:\/\/leocare.eu\/fr\/assurance-auto-en-ligne\/devis\/tarifs\/#primaryimage","url":"https:\/\/leocare.eu\/fr\/wp-content\/uploads\/2022\/12\/prix-assurance-auto.jpg","contentUrl":"https:\/\/leocare.eu\/fr\/wp-content\/uploads\/2022\/12\/prix-assurance-auto.jpg","width":1800,"height":1200,"caption":"Prix Assurance Auto"},{"@type":"WebSite","@id":"https:\/\/leocare.eu\/fr\/#website","url":"https:\/\/leocare.eu\/fr\/","name":"Leocare, assurance en ligne automobile et habitation","description":"enfin (r)assur\u00e9.e","publisher":{"@id":"https:\/\/leocare.eu\/fr\/#organization"},"potentialAction":[{"@type":"SearchAction","target":{"@type":"EntryPoint","urlTemplate":"https:\/\/leocare.eu\/fr\/?s={search_term_string}"},"query-input":{"@type":"PropertyValueSpecification","valueRequired":true,"valueName":"search_term_string"}}],"inLanguage":"fr-FR"},{"@type":"Organization","@id":"https:\/\/leocare.eu\/fr\/#organization","name":"Leocare, assurance en ligne automobile et habitation","url":"https:\/\/leocare.eu\/fr\/","logo":{"@type":"ImageObject","inLanguage":"fr-FR","@id":"https:\/\/leocare.eu\/fr\/#\/schema\/logo\/image\/","url":"https:\/\/leocare.eu\/fr\/wp-content\/uploads\/2020\/03\/logo-leocare.svg","contentUrl":"https:\/\/leocare.eu\/fr\/wp-content\/uploads\/2020\/03\/logo-leocare.svg","caption":"Leocare, assurance en ligne automobile et habitation"},"image":{"@id":"https:\/\/leocare.eu\/fr\/#\/schema\/logo\/image\/"}}]}},"_links":{"self":[{"href":"https:\/\/leocare.eu\/fr\/wp-json\/wp\/v2\/pages\/9765","targetHints":{"allow":["GET"]}}],"collection":[{"href":"https:\/\/leocare.eu\/fr\/wp-json\/wp\/v2\/pages"}],"about":[{"href":"https:\/\/leocare.eu\/fr\/wp-json\/wp\/v2\/types\/page"}],"author":[{"embeddable":true,"href":"https:\/\/leocare.eu\/fr\/wp-json\/wp\/v2\/users\/34"}],"replies":[{"embeddable":true,"href":"https:\/\/leocare.eu\/fr\/wp-json\/wp\/v2\/comments?post=9765"}],"version-history":[{"count":23,"href":"https:\/\/leocare.eu\/fr\/wp-json\/wp\/v2\/pages\/9765\/revisions"}],"predecessor-version":[{"id":40912,"href":"https:\/\/leocare.eu\/fr\/wp-json\/wp\/v2\/pages\/9765\/revisions\/40912"}],"up":[{"embeddable":true,"href":"https:\/\/leocare.eu\/fr\/wp-json\/wp\/v2\/pages\/7335"}],"wp:featuredmedia":[{"embeddable":true,"href":"https:\/\/leocare.eu\/fr\/wp-json\/wp\/v2\/media\/9789"}],"wp:attachment":[{"href":"https:\/\/leocare.eu\/fr\/wp-json\/wp\/v2\/media?parent=9765"}],"curies":[{"name":"wp","href":"https:\/\/api.w.org\/{rel}","templated":true}]}}