{"id":8270,"date":"2022-04-04T17:53:27","date_gmt":"2022-04-04T15:53:27","guid":{"rendered":"https:\/\/leocare.eu\/?page_id=8270"},"modified":"2024-05-31T10:29:10","modified_gmt":"2024-05-31T08:29:10","slug":"security-hall-of-fame","status":"publish","type":"page","link":"https:\/\/leocare.eu\/fr\/bug-bounty\/security-hall-of-fame\/","title":{"rendered":"Security Hall of Fame"},"content":{"rendered":"\n<p>Acknowledging the individuals who made our services even more secure<\/p>\n","protected":false},"excerpt":{"rendered":"","protected":false},"author":34,"featured_media":0,"parent":8244,"menu_order":1,"comment_status":"closed","ping_status":"closed","template":"template_bug_bounty.php","meta":{"_acf_changed":false,"footnotes":""},"class_list":["post-8270","page","type-page","status-publish","hentry"],"acf":[],"yoast_head":"<!-- This site is optimized with the Yoast SEO plugin v27.3 - https:\/\/yoast.com\/product\/yoast-seo-wordpress\/ -->\n<title>Security Hall of Fame<\/title>\n<meta name=\"description\" content=\"Consultez notre Security Hall of Fame pour voir les chercheurs en s\u00e9curit\u00e9 qui ont contribu\u00e9 \u00e0 renforcer nos services.\" \/>\n<meta name=\"robots\" content=\"index, follow, max-snippet:-1, max-image-preview:large, max-video-preview:-1\" \/>\n<link rel=\"canonical\" href=\"https:\/\/leocare.eu\/fr\/bug-bounty\/security-hall-of-fame\/\" \/>\n<meta property=\"og:locale\" content=\"fr_FR\" \/>\n<meta property=\"og:type\" content=\"article\" \/>\n<meta property=\"og:title\" content=\"Security Hall of Fame\" \/>\n<meta property=\"og:description\" content=\"Consultez notre Security Hall of Fame pour voir les chercheurs en s\u00e9curit\u00e9 qui ont contribu\u00e9 \u00e0 renforcer nos services.\" \/>\n<meta property=\"og:url\" content=\"https:\/\/leocare.eu\/fr\/bug-bounty\/security-hall-of-fame\/\" \/>\n<meta property=\"og:site_name\" content=\"Leocare, assurance en ligne automobile et habitation\" \/>\n<meta property=\"article:modified_time\" content=\"2024-05-31T08:29:10+00:00\" \/>\n<meta name=\"twitter:card\" content=\"summary_large_image\" \/>\n<meta name=\"twitter:label1\" content=\"Est. reading time\" \/>\n\t<meta name=\"twitter:data1\" content=\"1 minute\" \/>\n<!-- \/ Yoast SEO plugin. -->","yoast_head_json":{"title":"Security Hall of Fame","description":"Consultez notre Security Hall of Fame pour voir les chercheurs en s\u00e9curit\u00e9 qui ont contribu\u00e9 \u00e0 renforcer nos services.","robots":{"index":"index","follow":"follow","max-snippet":"max-snippet:-1","max-image-preview":"max-image-preview:large","max-video-preview":"max-video-preview:-1"},"canonical":"https:\/\/leocare.eu\/fr\/bug-bounty\/security-hall-of-fame\/","og_locale":"fr_FR","og_type":"article","og_title":"Security Hall of Fame","og_description":"Consultez notre Security Hall of Fame pour voir les chercheurs en s\u00e9curit\u00e9 qui ont contribu\u00e9 \u00e0 renforcer nos services.","og_url":"https:\/\/leocare.eu\/fr\/bug-bounty\/security-hall-of-fame\/","og_site_name":"Leocare, assurance en ligne automobile et habitation","article_modified_time":"2024-05-31T08:29:10+00:00","twitter_card":"summary_large_image","twitter_misc":{"Est. reading time":"1 minute"},"schema":{"@context":"https:\/\/schema.org","@graph":[{"@type":"WebPage","@id":"https:\/\/leocare.eu\/fr\/bug-bounty\/security-hall-of-fame\/","url":"https:\/\/leocare.eu\/fr\/bug-bounty\/security-hall-of-fame\/","name":"Security Hall of Fame","isPartOf":{"@id":"https:\/\/leocare.eu\/fr\/#website"},"datePublished":"2022-04-04T15:53:27+00:00","dateModified":"2024-05-31T08:29:10+00:00","description":"Consultez notre Security Hall of Fame pour voir les chercheurs en s\u00e9curit\u00e9 qui ont contribu\u00e9 \u00e0 renforcer nos services.","breadcrumb":{"@id":"https:\/\/leocare.eu\/fr\/bug-bounty\/security-hall-of-fame\/#breadcrumb"},"inLanguage":"fr-FR","potentialAction":[{"@type":"ReadAction","target":["https:\/\/leocare.eu\/fr\/bug-bounty\/security-hall-of-fame\/"]}]},{"@type":"WebSite","@id":"https:\/\/leocare.eu\/fr\/#website","url":"https:\/\/leocare.eu\/fr\/","name":"Leocare, assurance en ligne automobile et habitation","description":"enfin (r)assur\u00e9.e","publisher":{"@id":"https:\/\/leocare.eu\/fr\/#organization"},"potentialAction":[{"@type":"SearchAction","target":{"@type":"EntryPoint","urlTemplate":"https:\/\/leocare.eu\/fr\/?s={search_term_string}"},"query-input":{"@type":"PropertyValueSpecification","valueRequired":true,"valueName":"search_term_string"}}],"inLanguage":"fr-FR"},{"@type":"Organization","@id":"https:\/\/leocare.eu\/fr\/#organization","name":"Leocare, assurance en ligne automobile et habitation","url":"https:\/\/leocare.eu\/fr\/","logo":{"@type":"ImageObject","inLanguage":"fr-FR","@id":"https:\/\/leocare.eu\/fr\/#\/schema\/logo\/image\/","url":"https:\/\/leocare.eu\/fr\/wp-content\/uploads\/2020\/03\/logo-leocare.svg","contentUrl":"https:\/\/leocare.eu\/fr\/wp-content\/uploads\/2020\/03\/logo-leocare.svg","caption":"Leocare, assurance en ligne automobile et habitation"},"image":{"@id":"https:\/\/leocare.eu\/fr\/#\/schema\/logo\/image\/"}}]}},"_links":{"self":[{"href":"https:\/\/leocare.eu\/fr\/wp-json\/wp\/v2\/pages\/8270","targetHints":{"allow":["GET"]}}],"collection":[{"href":"https:\/\/leocare.eu\/fr\/wp-json\/wp\/v2\/pages"}],"about":[{"href":"https:\/\/leocare.eu\/fr\/wp-json\/wp\/v2\/types\/page"}],"author":[{"embeddable":true,"href":"https:\/\/leocare.eu\/fr\/wp-json\/wp\/v2\/users\/34"}],"replies":[{"embeddable":true,"href":"https:\/\/leocare.eu\/fr\/wp-json\/wp\/v2\/comments?post=8270"}],"version-history":[{"count":7,"href":"https:\/\/leocare.eu\/fr\/wp-json\/wp\/v2\/pages\/8270\/revisions"}],"predecessor-version":[{"id":8819,"href":"https:\/\/leocare.eu\/fr\/wp-json\/wp\/v2\/pages\/8270\/revisions\/8819"}],"up":[{"embeddable":true,"href":"https:\/\/leocare.eu\/fr\/wp-json\/wp\/v2\/pages\/8244"}],"wp:attachment":[{"href":"https:\/\/leocare.eu\/fr\/wp-json\/wp\/v2\/media?parent=8270"}],"curies":[{"name":"wp","href":"https:\/\/api.w.org\/{rel}","templated":true}]}}