{"id":8258,"date":"2022-04-04T17:46:46","date_gmt":"2022-04-04T15:46:46","guid":{"rendered":"https:\/\/leocare.eu\/?page_id=8258"},"modified":"2024-05-31T10:29:10","modified_gmt":"2024-05-31T08:29:10","slug":"faqs-report-a-computer-security-vulnerability","status":"publish","type":"page","link":"https:\/\/leocare.eu\/fr\/bug-bounty\/faqs-report-a-computer-security-vulnerability\/","title":{"rendered":"FAQs &#8211; Report a Computer Security Vulnerability"},"content":{"rendered":"\n<p>via email security-external-reports[A]leocare.fr<\/p>\n<p>You will get a reply within 5 business days at most.<\/p>\n<p>We typically handle vulnerabilities within 2 months depending on the criticality and their impact.<\/p>\n<h2>PGP Key<\/h2>\n<p><br \/>Using your favorite PGP client, encrypt and sign your email the increase the privacy of our communications.<\/p>\n\n\n\n<pre class=\"wp-block-code\"><code>uid           Leocare Security Response Center &lt;security-external-reports@leocare.fr>\n\n-----BEGIN PGP PUBLIC KEY BLOCK-----\n\nmQGNBGGZ2NIBDADtfoli0AZrOUoM28H6w4ZI8KyMGUKFkkOcaXejifxI2wxTq\/pBRKlaD3dQMvAejHkRAxfpN1AttFk0CbGeYq1AFz4MdA6F2rfGQS6uiyIQcRZRYDwBh6nw\/x3MYyu\/BobllB96MWRXrmAHnNTHNReTOAeEPUE3Ckdm5fSwD82Zr52zBnIubWjuYR56oKe5VYhFoNv9De7VbXq4BJw920QNc\/u456nmmqrjSAJbBlCte2dyn6cp5AS9Eg2RcmNSppNBfjBOqxNF1sdm6uZzLdc2dZ\/RNf+pEYc+jSzg\/KNFzC8z4doD+2VmZ2GyjhDfDPknXgcZl\/8f3DwSsXnts5acHXxDTLFnxMWP89ssci2Y0RcPLk2lRCxgHnTH\/wsUgkOTsm072KHyzeRNACJIxdaotLyGnKHB+CLDAwwMi6cZx4tD+uAWqtUgQbGip0sp1PWPgVFCAI2pqy31R\/X1vV58oEDiQjN\/FKSs3SXzgSHOWnoIsIUTQqHihmpWWdNcq6EAEQEAAbRHTGVvY2FyZSBTZWN1cml0eSBSZXNwb25zZSBDZW50ZXIgPHNlY3VyaXR5LWV4dGVybmFsLXJlcG9ydHNAbGVvY2FyZS5mcj6JAdQEEwEKAD4WIQQQIB\/SmxLIUH5DdPJmXdigY1jIiwUCYZnY0gIbAwUJA8JnAAULCQgHAgYVCgkICwIEFgIDAQIeAQIXgAAKCRBmXdigY1jIix9IC\/9OxfD5C2ZY9oKgVvbI0O5wMFW6\/evC0w\/XKOEDdHepSC7upfgeHR53p51YCm\/j5t\/MBxw6NN5qcoLTwH51WtFAlSEut8YULREMBxKUpsBrLyWVahrW\/qTSzWrdSSzRNTIoNnVTEUFklAJ8h\/0utpFoMkIOYee14Qh3ZKZYbN0g1lp9Kk6VfWtnlKKhBs+BB2z4b6SQ6UhUTonIR9Wg2bVWBEKGPvtaJlDFUQgWgHufxJOprMvv85nQrbrYWqC3U3gvLYyG3oWeLV2aJrMUOIc4bKS8J5prMJ5fZq\/n9k3AbIQDVQpIq6JckPl1nlJw6I6TLK9PB0w+mHUMV9BZgBQg4k7ZB\/JcIm13q8TN2Ae7YrAZQymxhy41RsVQzGTuahxBuC7Yow+1\/fH0Mpe8c1KzJo5JOqjznzYa0vuKGbr1LDj3U3mlLTsJ3Qdra0aYN9GRrV\/AtXdBLxL3nB02RcFjgH3\/FQWLCP6Xgu1VV\/ZTu9td5tuoUnLeZiS9HHnLn9a5AY0EYZnY0gEMAMRQytU7buFJehLYcNTeX4MjiCVm7ilJ\/ieNCJtfW0pWWn2xkUBlkKnZku0bFgXqLI90bWqYUjOUA0KD6g18N2bfsR7PINOkA1rmTucEBjvZH7SOEPqr97H7IDA3CxGKXn+aoD1YMsbVGAmpBrcLWgiC5HTWeup26SJa14DvM46+j0N4Q0XnP7q+MgdY1f7QzkPkk2kkttElnD8Ub2aFe1XoypSP0phBmbX\/2W0P+APWQD6advjl7\/gseB7yUszKYrrrWASxJ+4oPKGPYW0RXNKHeZSmW0i\/4N0QcnBCehifcfXjv7Zps9l42Of3z\/Bd8XtlYVTP0IrxH2gFABshoBRYA7dmoYrLhCIBM8wPnrkG0ANGTJvWJt5nI8Oeu2F85fA+2cbVrVrC2fwDCtp+b9ubRU76TV7oHOcp0kU5ZvHvUlj+XsJoCUBYa5+0\/zrl0X52k8+u8JjkNs+KPGoC2NZorb8NsIchK8AVL14FyWgQt3r4rdubcW41s2kbG+y+yQARAQABiQG8BBgBCgAmFiEEECAf0psSyFB+Q3TyZl3YoGNYyIsFAmGZ2NICGwwFCQPCZwAACgkQZl3YoGNYyIsZZwwA5RIxAyYIuvoEMxV7EDAvEOIshNZTqJukfGPsmJ2RHXbRBxeaVgPSJRGFlUf00\/emkp7L2zEZewn4zWZv8HiT1ysHABy2xdzxp3gHvInt7pm\/Cr9ZVIB7XQQjUstls1YYHSVz17Ba+I10PSKVwCv79eU043TEgXdd4IxGrtMEVGOUOy5qYvw33qN8N\/qc5lYP6xno6DiJ5kKmV9s83\/RQfNak4nz5jIXQzd2C7Y4tQAMF3NlajI5wxstrmWseJ\/L3Ny5Fo0BWusHd8C2WT5ck3shNsd7QvQJpwEJauXelMuM62CMa76fwtHRuVZls7mcs2ryeDvN\/tE0jJncQK4sJwi8vzENsL7S54VKZDvUnPdZ+phr0p9t3MpRx768qPHvpruA0E43R6gd+VH+FEuva0jIaRg30OyRNgJQETkLoknxFmQfZDzTqgIrlVb\/O7hmoBzyyLl6U\/ZLNCEZKOpZzClHrOhZoxBZK47GhY+2\/6EUj\/8Jih22GQtxZ+boHJZMu\n=DSDj\n\n-----END PGP PUBLIC KEY BLOCK-----<\/code><\/pre>\n","protected":false},"excerpt":{"rendered":"","protected":false},"author":34,"featured_media":0,"parent":8244,"menu_order":1,"comment_status":"closed","ping_status":"closed","template":"template_bug_bounty.php","meta":{"_acf_changed":false,"footnotes":""},"class_list":["post-8258","page","type-page","status-publish","hentry"],"acf":[],"yoast_head":"<!-- This site is optimized with the Yoast SEO plugin v27.3 - https:\/\/yoast.com\/product\/yoast-seo-wordpress\/ -->\n<title>FAQs - Report a Computer Security Vulnerability<\/title>\n<meta name=\"description\" content=\"D\u00e9couvrez notre FAQ sur le Bug Bounty et apprenez comment signaler une vuln\u00e9rabilit\u00e9 informatique pour am\u00e9liorer nos services.\" \/>\n<meta name=\"robots\" content=\"index, follow, max-snippet:-1, max-image-preview:large, max-video-preview:-1\" \/>\n<link rel=\"canonical\" href=\"https:\/\/leocare.eu\/fr\/bug-bounty\/faqs-report-a-computer-security-vulnerability\/\" \/>\n<meta property=\"og:locale\" content=\"fr_FR\" \/>\n<meta property=\"og:type\" content=\"article\" \/>\n<meta property=\"og:title\" content=\"FAQs - Report a Computer Security Vulnerability\" \/>\n<meta property=\"og:description\" content=\"D\u00e9couvrez notre FAQ sur le Bug Bounty et apprenez comment signaler une vuln\u00e9rabilit\u00e9 informatique pour am\u00e9liorer nos services.\" \/>\n<meta property=\"og:url\" content=\"https:\/\/leocare.eu\/fr\/bug-bounty\/faqs-report-a-computer-security-vulnerability\/\" \/>\n<meta property=\"og:site_name\" content=\"Leocare, assurance en ligne automobile et habitation\" \/>\n<meta property=\"article:modified_time\" content=\"2024-05-31T08:29:10+00:00\" \/>\n<meta name=\"twitter:card\" content=\"summary_large_image\" \/>\n<meta name=\"twitter:label1\" content=\"Dur\u00e9e de lecture estim\u00e9e\" \/>\n\t<meta name=\"twitter:data1\" content=\"1 minute\" \/>\n<!-- \/ Yoast SEO plugin. -->","yoast_head_json":{"title":"FAQs - Report a Computer Security Vulnerability","description":"D\u00e9couvrez notre FAQ sur le Bug Bounty et apprenez comment signaler une vuln\u00e9rabilit\u00e9 informatique pour am\u00e9liorer nos services.","robots":{"index":"index","follow":"follow","max-snippet":"max-snippet:-1","max-image-preview":"max-image-preview:large","max-video-preview":"max-video-preview:-1"},"canonical":"https:\/\/leocare.eu\/fr\/bug-bounty\/faqs-report-a-computer-security-vulnerability\/","og_locale":"fr_FR","og_type":"article","og_title":"FAQs - Report a Computer Security Vulnerability","og_description":"D\u00e9couvrez notre FAQ sur le Bug Bounty et apprenez comment signaler une vuln\u00e9rabilit\u00e9 informatique pour am\u00e9liorer nos services.","og_url":"https:\/\/leocare.eu\/fr\/bug-bounty\/faqs-report-a-computer-security-vulnerability\/","og_site_name":"Leocare, assurance en ligne automobile et habitation","article_modified_time":"2024-05-31T08:29:10+00:00","twitter_card":"summary_large_image","twitter_misc":{"Dur\u00e9e de lecture estim\u00e9e":"1 minute"},"schema":{"@context":"https:\/\/schema.org","@graph":[{"@type":"WebPage","@id":"https:\/\/leocare.eu\/fr\/bug-bounty\/faqs-report-a-computer-security-vulnerability\/","url":"https:\/\/leocare.eu\/fr\/bug-bounty\/faqs-report-a-computer-security-vulnerability\/","name":"FAQs - Report a Computer Security Vulnerability","isPartOf":{"@id":"https:\/\/leocare.eu\/fr\/#website"},"datePublished":"2022-04-04T15:46:46+00:00","dateModified":"2024-05-31T08:29:10+00:00","description":"D\u00e9couvrez notre FAQ sur le Bug Bounty et apprenez comment signaler une vuln\u00e9rabilit\u00e9 informatique pour am\u00e9liorer nos services.","breadcrumb":{"@id":"https:\/\/leocare.eu\/fr\/bug-bounty\/faqs-report-a-computer-security-vulnerability\/#breadcrumb"},"inLanguage":"fr-FR","potentialAction":[{"@type":"ReadAction","target":["https:\/\/leocare.eu\/fr\/bug-bounty\/faqs-report-a-computer-security-vulnerability\/"]}]},{"@type":"WebSite","@id":"https:\/\/leocare.eu\/fr\/#website","url":"https:\/\/leocare.eu\/fr\/","name":"Leocare, assurance en ligne automobile et habitation","description":"enfin (r)assur\u00e9.e","publisher":{"@id":"https:\/\/leocare.eu\/fr\/#organization"},"potentialAction":[{"@type":"SearchAction","target":{"@type":"EntryPoint","urlTemplate":"https:\/\/leocare.eu\/fr\/?s={search_term_string}"},"query-input":{"@type":"PropertyValueSpecification","valueRequired":true,"valueName":"search_term_string"}}],"inLanguage":"fr-FR"},{"@type":"Organization","@id":"https:\/\/leocare.eu\/fr\/#organization","name":"Leocare, assurance en ligne automobile et habitation","url":"https:\/\/leocare.eu\/fr\/","logo":{"@type":"ImageObject","inLanguage":"fr-FR","@id":"https:\/\/leocare.eu\/fr\/#\/schema\/logo\/image\/","url":"https:\/\/leocare.eu\/fr\/wp-content\/uploads\/2020\/03\/logo-leocare.svg","contentUrl":"https:\/\/leocare.eu\/fr\/wp-content\/uploads\/2020\/03\/logo-leocare.svg","caption":"Leocare, assurance en ligne automobile et habitation"},"image":{"@id":"https:\/\/leocare.eu\/fr\/#\/schema\/logo\/image\/"}}]}},"_links":{"self":[{"href":"https:\/\/leocare.eu\/fr\/wp-json\/wp\/v2\/pages\/8258","targetHints":{"allow":["GET"]}}],"collection":[{"href":"https:\/\/leocare.eu\/fr\/wp-json\/wp\/v2\/pages"}],"about":[{"href":"https:\/\/leocare.eu\/fr\/wp-json\/wp\/v2\/types\/page"}],"author":[{"embeddable":true,"href":"https:\/\/leocare.eu\/fr\/wp-json\/wp\/v2\/users\/34"}],"replies":[{"embeddable":true,"href":"https:\/\/leocare.eu\/fr\/wp-json\/wp\/v2\/comments?post=8258"}],"version-history":[{"count":18,"href":"https:\/\/leocare.eu\/fr\/wp-json\/wp\/v2\/pages\/8258\/revisions"}],"predecessor-version":[{"id":8414,"href":"https:\/\/leocare.eu\/fr\/wp-json\/wp\/v2\/pages\/8258\/revisions\/8414"}],"up":[{"embeddable":true,"href":"https:\/\/leocare.eu\/fr\/wp-json\/wp\/v2\/pages\/8244"}],"wp:attachment":[{"href":"https:\/\/leocare.eu\/fr\/wp-json\/wp\/v2\/media?parent=8258"}],"curies":[{"name":"wp","href":"https:\/\/api.w.org\/{rel}","templated":true}]}}