{"id":5,"date":"2019-08-29T15:21:57","date_gmt":"2019-08-29T15:21:57","guid":{"rendered":""},"modified":"2026-04-02T10:28:14","modified_gmt":"2026-04-02T08:28:14","slug":"assurance-auto-moto-habitation-smartphone","status":"publish","type":"page","link":"https:\/\/leocare.eu\/fr\/","title":{"rendered":"Faites l&rsquo;exp\u00e9rience d&rsquo;une assurance nouvelle g\u00e9n\u00e9ration"},"content":{"rendered":"","protected":false},"excerpt":{"rendered":"","protected":false},"author":34,"featured_media":0,"parent":0,"menu_order":-10,"comment_status":"closed","ping_status":"closed","template":"","meta":{"_acf_changed":false,"footnotes":""},"class_list":["post-5","page","type-page","status-publish","hentry"],"acf":[],"yoast_head":"<!-- This site is optimized with the Yoast SEO plugin v27.3 - https:\/\/yoast.com\/product\/yoast-seo-wordpress\/ -->\n<title>Leocare - Vos assurances en ligne \u00e0 port\u00e9e de pouce<\/title>\n<meta name=\"description\" content=\"Leocare offre une assurance en ligne auto, moto, habitation et v\u00e9lo. Souscrivez votre assurance en 4 minutes !\" \/>\n<meta name=\"robots\" content=\"index, follow, max-snippet:-1, max-image-preview:large, max-video-preview:-1\" \/>\n<link rel=\"canonical\" href=\"https:\/\/leocare.eu\/fr\/\" \/>\n<meta property=\"og:locale\" content=\"fr_FR\" \/>\n<meta property=\"og:type\" content=\"article\" \/>\n<meta property=\"og:title\" content=\"Leocare - Vos assurances en ligne \u00e0 port\u00e9e de pouce\" \/>\n<meta property=\"og:description\" content=\"Leocare offre une assurance en ligne auto, moto, habitation et v\u00e9lo. Souscrivez votre assurance en 4 minutes !\" \/>\n<meta property=\"og:url\" content=\"https:\/\/leocare.eu\/fr\/\" \/>\n<meta property=\"og:site_name\" content=\"Leocare, assurance en ligne automobile et habitation\" \/>\n<meta property=\"article:modified_time\" content=\"2026-04-02T08:28:14+00:00\" \/>\n<meta name=\"twitter:card\" content=\"summary_large_image\" \/>\n<!-- \/ Yoast SEO plugin. -->","yoast_head_json":{"title":"Leocare - Vos assurances en ligne \u00e0 port\u00e9e de pouce","description":"Leocare offre une assurance en ligne auto, moto, habitation et v\u00e9lo. Souscrivez votre assurance en 4 minutes !","robots":{"index":"index","follow":"follow","max-snippet":"max-snippet:-1","max-image-preview":"max-image-preview:large","max-video-preview":"max-video-preview:-1"},"canonical":"https:\/\/leocare.eu\/fr\/","og_locale":"fr_FR","og_type":"article","og_title":"Leocare - Vos assurances en ligne \u00e0 port\u00e9e de pouce","og_description":"Leocare offre une assurance en ligne auto, moto, habitation et v\u00e9lo. Souscrivez votre assurance en 4 minutes !","og_url":"https:\/\/leocare.eu\/fr\/","og_site_name":"Leocare, assurance en ligne automobile et habitation","article_modified_time":"2026-04-02T08:28:14+00:00","twitter_card":"summary_large_image","schema":{"@context":"https:\/\/schema.org","@graph":[{"@type":"WebPage","@id":"https:\/\/leocare.eu\/fr\/","url":"https:\/\/leocare.eu\/fr\/","name":"Leocare - Vos assurances en ligne \u00e0 port\u00e9e de pouce","isPartOf":{"@id":"https:\/\/leocare.eu\/fr\/#website"},"datePublished":"2019-08-29T15:21:57+00:00","dateModified":"2026-04-02T08:28:14+00:00","description":"Leocare offre une assurance en ligne auto, moto, habitation et v\u00e9lo. Souscrivez votre assurance en 4 minutes !","breadcrumb":{"@id":"https:\/\/leocare.eu\/fr\/#breadcrumb"},"inLanguage":"fr-FR","potentialAction":[{"@type":"ReadAction","target":["https:\/\/leocare.eu\/fr\/"]}]},{"@type":"WebSite","@id":"https:\/\/leocare.eu\/fr\/#website","url":"https:\/\/leocare.eu\/fr\/","name":"Leocare, assurance en ligne automobile et habitation","description":"enfin (r)assur\u00e9.e","publisher":{"@id":"https:\/\/leocare.eu\/fr\/#organization"},"potentialAction":[{"@type":"SearchAction","target":{"@type":"EntryPoint","urlTemplate":"https:\/\/leocare.eu\/fr\/?s={search_term_string}"},"query-input":{"@type":"PropertyValueSpecification","valueRequired":true,"valueName":"search_term_string"}}],"inLanguage":"fr-FR"},{"@type":"Organization","@id":"https:\/\/leocare.eu\/fr\/#organization","name":"Leocare, assurance en ligne automobile et habitation","url":"https:\/\/leocare.eu\/fr\/","logo":{"@type":"ImageObject","inLanguage":"fr-FR","@id":"https:\/\/leocare.eu\/fr\/#\/schema\/logo\/image\/","url":"https:\/\/leocare.eu\/fr\/wp-content\/uploads\/2020\/03\/logo-leocare.svg","contentUrl":"https:\/\/leocare.eu\/fr\/wp-content\/uploads\/2020\/03\/logo-leocare.svg","caption":"Leocare, assurance en ligne automobile et habitation"},"image":{"@id":"https:\/\/leocare.eu\/fr\/#\/schema\/logo\/image\/"}}]}},"_links":{"self":[{"href":"https:\/\/leocare.eu\/fr\/wp-json\/wp\/v2\/pages\/5","targetHints":{"allow":["GET"]}}],"collection":[{"href":"https:\/\/leocare.eu\/fr\/wp-json\/wp\/v2\/pages"}],"about":[{"href":"https:\/\/leocare.eu\/fr\/wp-json\/wp\/v2\/types\/page"}],"author":[{"embeddable":true,"href":"https:\/\/leocare.eu\/fr\/wp-json\/wp\/v2\/users\/34"}],"replies":[{"embeddable":true,"href":"https:\/\/leocare.eu\/fr\/wp-json\/wp\/v2\/comments?post=5"}],"version-history":[{"count":205,"href":"https:\/\/leocare.eu\/fr\/wp-json\/wp\/v2\/pages\/5\/revisions"}],"predecessor-version":[{"id":40990,"href":"https:\/\/leocare.eu\/fr\/wp-json\/wp\/v2\/pages\/5\/revisions\/40990"}],"wp:attachment":[{"href":"https:\/\/leocare.eu\/fr\/wp-json\/wp\/v2\/media?parent=5"}],"curies":[{"name":"wp","href":"https:\/\/api.w.org\/{rel}","templated":true}]}}