{"id":41223,"date":"2026-04-15T10:22:37","date_gmt":"2026-04-15T08:22:37","guid":{"rendered":"https:\/\/leocare.eu\/fr\/?page_id=41223"},"modified":"2026-04-21T15:45:15","modified_gmt":"2026-04-21T13:45:15","slug":"etude-cambriolage","status":"publish","type":"page","link":"https:\/\/leocare.eu\/fr\/presse\/etude-cambriolage\/","title":{"rendered":"1 Fran\u00e7ais sur 2 redoute un cambriolage. Pourtant, plus d\u2019un quart ne dispose d\u2019aucune protection"},"content":{"rendered":"\n<p><strong>Qui n\u2019a jamais jet\u00e9 un dernier regard derri\u00e8re soi en quittant sa maison pour quelques jours ? Qui n\u2019a jamais ressenti ce l\u00e9ger doute en tirant la porte avant de partir en vacances ?&nbsp; En France, la peur du cambriolage est omnipr\u00e9sente. Selon la derni\u00e8re \u00e9tude men\u00e9e par <\/strong><a href=\"https:\/\/leocare.eu\/fr\/\"><strong>Leocare<\/strong><\/a><strong>, 1 Fran\u00e7ais sur 2 redoute une intrusion<\/strong><strong>. Une angoisse a priori l\u00e9gitime, au vu des derniers chiffres du minist\u00e8re de l\u2019Int\u00e9rieur : 212 000 vols domestiques ont \u00e9t\u00e9 recens\u00e9s en 2025, soit plus d\u2019un toutes les trois minutes. Pourtant, les Fran\u00e7ais investissent encore relativement peu dans la protection de leur habitation. M\u00eame apr\u00e8s un cambriolage, seuls 51 % modifient leur couverture d\u2019assurance.<\/strong><\/p>\n\n\n\n<h2 class=\"wp-block-heading\">Faits saillants<\/h2>\n\n\n\n<ul class=\"wp-block-list\">\n<li>1 Fran\u00e7ais sur 2 redoute un cambriolage<\/li>\n\n\n\n<li>21 % ont d\u00e9j\u00e0 subi une effraction ou une tentative<\/li>\n\n\n\n<li>6 cambriolages sur 10 visent bijoux, argent liquide ou montres<\/li>\n\n\n\n<li>19 % des cambriolages ne donnent lieu \u00e0 aucun vol<\/li>\n\n\n\n<li>26 % des Fran\u00e7ais ne disposent d\u2019aucune protection<\/li>\n\n\n\n<li>51 % des victimes de cambriolage renforcent leur assurance<\/li>\n<\/ul>\n\n\n\n<div class=\"wp-block-buttons is-content-justification-center is-layout-flex wp-container-core-buttons-is-layout-16018d1d wp-block-buttons-is-layout-flex\">\n<div class=\"wp-block-button\"><a class=\"wp-block-button__link wp-element-button\" href=\"https:\/\/leocare.eu\/fr\/wp-content\/uploads\/2026\/04\/cambriolage5.pdf\" target=\"_blank\" rel=\"noreferrer noopener\">T\u00e9l\u00e9charger l&rsquo;infographie Leocare<\/a><\/div>\n<\/div>\n\n\n\n<h2 class=\"wp-block-heading\"><strong>Le cambriolage, une crainte devenue famili\u00e8re<\/strong><\/h2>\n\n\n\n<p><strong>1 Fran\u00e7ais sur 2 (50 %) redoute de se faire cambrioler<\/strong>, surtout lorsque le domicile est laiss\u00e9 \u00e0 lui-m\u00eame. <strong>vacances d\u2019\u00e9t\u00e9 <\/strong>(<strong>37 %<\/strong>), <strong>nuit<\/strong> (<strong>21 %<\/strong>), ou simplement <strong>le temps d\u2019une course<\/strong> (<strong>19 %<\/strong>). Le cambriolage est d\u2019abord per\u00e7u comme un acte opportuniste : l\u2019exploitation d\u2019un moment de faiblesse du logement, d\u2019une vuln\u00e9rabilit\u00e9 passag\u00e8re.<\/p>\n\n\n\n<p><strong>Cette peur n\u2019est pas seulement abstraite.<\/strong> Elle se nourrit aussi d\u2019exp\u00e9riences v\u00e9cues, personnellement ou dans l\u2019entourage. <strong>21 % des Fran\u00e7ais ont d\u00e9j\u00e0 subi un cambriolage ou une tentative d\u2019effraction.<\/strong><\/p>\n\n\n\n<h2 class=\"wp-block-heading\"><strong>Les bijoux, cartes Pok\u00e9mon et jeux vid\u00e9o : nouvelles cibles des cambrioleurs<\/strong><\/h2>\n\n\n\n<p>Les biens les plus convoit\u00e9s lors des vols domestiques dessinent toutefois <strong>une r\u00e9alit\u00e9 \u00e0 rebours de certaines repr\u00e9sentations<\/strong>. Les malfaiteurs ne recherchent pas d\u2019abord des produits technologiques, mais des objets faciles \u00e0 emporter, \u00e0 dissimuler et \u00e0 revendre. <strong>Dans pr\u00e8s de 6 cas sur 10, le cambriolage vise des bijoux (32 %), de l\u2019argent liquide (24 %) ou des montres (23 %).<\/strong> Les intrusions apparaissent ainsi rapides et cibl\u00e9es, plut\u00f4t que comme des op\u00e9rations longues et m\u00e9thodiques.<\/p>\n\n\n\n<p>Parall\u00e8lement, de nouveaux types de biens attirent de plus en plus les convoitises. En effet, <strong>15 % des Fran\u00e7ais d\u00e9clarent avoir d\u00e9j\u00e0 \u00e9t\u00e9 victimes d\u2019un vol de jeux vid\u00e9o ou de cartes Pok\u00e9mon<\/strong>. Ce ph\u00e9nom\u00e8ne illustre l\u2019essor de march\u00e9s secondaires tr\u00e8s dynamiques et facilement mon\u00e9tisables et confirme que les cambrioleurs s\u2019adaptent aux tendances de consommation et \u00e0 la valeur per\u00e7ue de certains objets du quotidien.<\/p>\n\n\n\n<p>L\u2019\u00e9tude montre \u00e9galement&nbsp; que <strong>19 % des effractions n\u2019ont donn\u00e9 lieu \u00e0 aucun vol<\/strong>. Le cambrioleur a \u00e9t\u00e9 interrompu, a pris la fuite ou n\u2019a trouv\u00e9 aucun bien de valeur imm\u00e9diatement accessible.<\/p>\n\n\n\n<h2 class=\"wp-block-heading\"><strong>Inquiets, peu \u00e9quip\u00e9s\u2026 mais \u00e9tonnamment cr\u00e9atifs<\/strong><\/h2>\n\n\n\n<p>L\u2019\u00e9tude met en lumi\u00e8re un <strong>paradoxe saisissant : les Fran\u00e7ais redoutent le cambriolage, mais plus d&rsquo;un quart (26 %) ne disposent d&rsquo;aucun dispositif de protection<\/strong>. Ni alarme, ni cam\u00e9ra, ni porte blind\u00e9e, ni serrure renforc\u00e9e.<\/p>\n\n\n\n<p>Faute de technologies, certains misent sur des m\u00e9thodes alternatives :<\/p>\n\n\n\n<ul class=\"wp-block-list\">\n<li><strong>26 %<\/strong> comptent sur les r\u00e9seaux de voisins vigilants<\/li>\n\n\n\n<li><strong>13 %<\/strong> ont adopt\u00e9 un chien comme solution dissuasive \u00ab\u00a0vivante\u00a0\u00bb<\/li>\n\n\n\n<li><strong>9 %<\/strong> s&rsquo;appuient sur le dispositif Op\u00e9ration Tranquillit\u00e9 Vacances<\/li>\n\n\n\n<li><strong>7 %<\/strong> recourent \u00e0 de faux dispositifs (fausse cam\u00e9ra, pancarte \u00ab\u00a0chien m\u00e9chant\u00a0\u00bb&#8230;)<\/li>\n\n\n\n<li><strong>5 %<\/strong> utilisent des minuteries ou simulateurs de pr\u00e9sence<\/li>\n<\/ul>\n\n\n\n<p><strong>La meilleure alarme reste parfois un voisin attentif.<\/strong><\/p>\n\n\n\n<h2 class=\"wp-block-heading\"><strong>La peur ne suffit pas \u00e0 d\u00e9clencher l&rsquo;action<\/strong><\/h2>\n\n\n\n<p>M\u00eame si la peur des Fran\u00e7ais est av\u00e9r\u00e9e, cette crainte ne se traduit pas automatiquement en protection. Parmi les victimes d&rsquo;un cambriolage ou d&rsquo;une tentative, pr\u00e8s d&rsquo;1 sur 2 (49 %) n&rsquo;a pas modifi\u00e9 sa couverture assurantielle apr\u00e8s l&rsquo;\u00e9v\u00e9nement. Parmi ceux qui ont agi (51 %) :<\/p>\n\n\n\n<ul class=\"wp-block-list\">\n<li><strong>27 %<\/strong> ont renforc\u00e9 leurs garanties chez leur assureur actuel<\/li>\n\n\n\n<li><strong>14 %<\/strong> ont chang\u00e9 de compagnie apr\u00e8s une gestion de sinistre d\u00e9cevante<\/li>\n\n\n\n<li><strong>10 %<\/strong> ont souscrit des options sp\u00e9cifiques (bijoux, high-tech, valeur \u00e0 neuf&#8230;)<\/li>\n<\/ul>\n\n\n\n<p><strong>12 % des victimes n&rsquo;ont rien chang\u00e9, faute de temps ou d&rsquo;information.<\/strong> L&rsquo;inertie r\u00e9siste, m\u00eame \u00e0 l&rsquo;exp\u00e9rience directe du sinistre. Ces chiffres r\u00e9v\u00e8lent un espace de progression r\u00e9el : entre la peur du cambriolage et une couverture adapt\u00e9e, il manque souvent un d\u00e9clencheur clair.<\/p>\n\n\n\n<p><em>\u00ab Notre \u00e9tude r\u00e9v\u00e8le que le cambriolage blesse d&rsquo;abord psychologiquement avant de blesser financi\u00e8rement. Un cambriolage sur cinq ne donne lieu \u00e0 aucun vol, mais il laisse toujours des traces. La peur est l\u00e0, mais elle ne suffit pas \u00e0 faire bouger les lignes c\u00f4t\u00e9 assurance. Trop de Fran\u00e7ais d\u00e9couvrent les lacunes de leur contrat au pire moment, celui du sinistre. Notre conviction chez Leocare, c&rsquo;est qu&rsquo;une assurance habitation doit \u00eatre lisible, adaptable et r\u00e9active. Et ce que beaucoup ignorent encore : s&rsquo;\u00e9quiper pour se prot\u00e9ger, c&rsquo;est aussi r\u00e9duire son co\u00fbt d&rsquo;assurance. Se s\u00e9curiser a un int\u00e9r\u00eat financier direct, pas seulement un int\u00e9r\u00eat tranquillit\u00e9. \u00bb<\/em>, <strong>explique Christophe Dandois, CEO de Leocare.<\/strong><\/p>\n","protected":false},"excerpt":{"rendered":"<p>Qui n\u2019a jamais jet\u00e9 un dernier regard derri\u00e8re soi en quittant sa maison pour quelques jours ? Qui n\u2019a jamais ressenti ce l\u00e9ger doute en tirant la porte avant de partir en vacances ?&nbsp; En France, la peur du cambriolage est omnipr\u00e9sente. Selon la derni\u00e8re \u00e9tude men\u00e9e par Leocare, 1 Fran\u00e7ais sur 2 redoute une [&hellip;]<\/p>\n","protected":false},"author":34,"featured_media":16588,"parent":16531,"menu_order":0,"comment_status":"closed","ping_status":"closed","template":"template_press_article.php","meta":{"_acf_changed":false,"footnotes":""},"class_list":["post-41223","page","type-page","status-publish","has-post-thumbnail","hentry"],"acf":[],"yoast_head":"<!-- This site is optimized with the Yoast SEO plugin v27.3 - https:\/\/yoast.com\/product\/yoast-seo-wordpress\/ -->\n<title>1 Fran\u00e7ais sur 2 redoute un cambriolage. Pourtant, plus d\u2019un quart ne dispose d\u2019aucune protection<\/title>\n<meta name=\"robots\" content=\"index, follow, max-snippet:-1, max-image-preview:large, max-video-preview:-1\" \/>\n<link rel=\"canonical\" href=\"https:\/\/leocare.eu\/fr\/presse\/etude-cambriolage\/\" \/>\n<meta property=\"og:locale\" content=\"fr_FR\" \/>\n<meta property=\"og:type\" content=\"article\" \/>\n<meta property=\"og:title\" content=\"1 Fran\u00e7ais sur 2 redoute un cambriolage. Pourtant, plus d\u2019un quart ne dispose d\u2019aucune protection\" \/>\n<meta property=\"og:description\" content=\"Qui n\u2019a jamais jet\u00e9 un dernier regard derri\u00e8re soi en quittant sa maison pour quelques jours ? Qui n\u2019a jamais ressenti ce l\u00e9ger doute en tirant la porte avant de partir en vacances ?&nbsp; En France, la peur du cambriolage est omnipr\u00e9sente. Selon la derni\u00e8re \u00e9tude men\u00e9e par Leocare, 1 Fran\u00e7ais sur 2 redoute une [&hellip;]\" \/>\n<meta property=\"og:url\" content=\"https:\/\/leocare.eu\/fr\/presse\/etude-cambriolage\/\" \/>\n<meta property=\"og:site_name\" content=\"Leocare, assurance en ligne automobile et habitation\" \/>\n<meta property=\"article:modified_time\" content=\"2026-04-21T13:45:15+00:00\" \/>\n<meta property=\"og:image\" content=\"https:\/\/leocare.eu\/fr\/wp-content\/uploads\/2023\/07\/background-leocare.png\" \/>\n\t<meta property=\"og:image:width\" content=\"1400\" \/>\n\t<meta property=\"og:image:height\" content=\"600\" \/>\n\t<meta property=\"og:image:type\" content=\"image\/png\" \/>\n<meta name=\"twitter:card\" content=\"summary_large_image\" \/>\n<meta name=\"twitter:label1\" content=\"Dur\u00e9e de lecture estim\u00e9e\" \/>\n\t<meta name=\"twitter:data1\" content=\"4 minutes\" \/>\n<!-- \/ Yoast SEO plugin. -->","yoast_head_json":{"title":"1 Fran\u00e7ais sur 2 redoute un cambriolage. Pourtant, plus d\u2019un quart ne dispose d\u2019aucune protection","robots":{"index":"index","follow":"follow","max-snippet":"max-snippet:-1","max-image-preview":"max-image-preview:large","max-video-preview":"max-video-preview:-1"},"canonical":"https:\/\/leocare.eu\/fr\/presse\/etude-cambriolage\/","og_locale":"fr_FR","og_type":"article","og_title":"1 Fran\u00e7ais sur 2 redoute un cambriolage. Pourtant, plus d\u2019un quart ne dispose d\u2019aucune protection","og_description":"Qui n\u2019a jamais jet\u00e9 un dernier regard derri\u00e8re soi en quittant sa maison pour quelques jours ? Qui n\u2019a jamais ressenti ce l\u00e9ger doute en tirant la porte avant de partir en vacances ?&nbsp; En France, la peur du cambriolage est omnipr\u00e9sente. Selon la derni\u00e8re \u00e9tude men\u00e9e par Leocare, 1 Fran\u00e7ais sur 2 redoute une [&hellip;]","og_url":"https:\/\/leocare.eu\/fr\/presse\/etude-cambriolage\/","og_site_name":"Leocare, assurance en ligne automobile et habitation","article_modified_time":"2026-04-21T13:45:15+00:00","og_image":[{"width":1400,"height":600,"url":"https:\/\/leocare.eu\/fr\/wp-content\/uploads\/2023\/07\/background-leocare.png","type":"image\/png"}],"twitter_card":"summary_large_image","twitter_misc":{"Dur\u00e9e de lecture estim\u00e9e":"4 minutes"},"schema":{"@context":"https:\/\/schema.org","@graph":[{"@type":"WebPage","@id":"https:\/\/leocare.eu\/fr\/presse\/etude-cambriolage\/","url":"https:\/\/leocare.eu\/fr\/presse\/etude-cambriolage\/","name":"1 Fran\u00e7ais sur 2 redoute un cambriolage. Pourtant, plus d\u2019un quart ne dispose d\u2019aucune protection","isPartOf":{"@id":"https:\/\/leocare.eu\/fr\/#website"},"primaryImageOfPage":{"@id":"https:\/\/leocare.eu\/fr\/presse\/etude-cambriolage\/#primaryimage"},"image":{"@id":"https:\/\/leocare.eu\/fr\/presse\/etude-cambriolage\/#primaryimage"},"thumbnailUrl":"https:\/\/leocare.eu\/fr\/wp-content\/uploads\/2023\/07\/background-leocare.png","datePublished":"2026-04-15T08:22:37+00:00","dateModified":"2026-04-21T13:45:15+00:00","breadcrumb":{"@id":"https:\/\/leocare.eu\/fr\/presse\/etude-cambriolage\/#breadcrumb"},"inLanguage":"fr-FR","potentialAction":[{"@type":"ReadAction","target":["https:\/\/leocare.eu\/fr\/presse\/etude-cambriolage\/"]}]},{"@type":"ImageObject","inLanguage":"fr-FR","@id":"https:\/\/leocare.eu\/fr\/presse\/etude-cambriolage\/#primaryimage","url":"https:\/\/leocare.eu\/fr\/wp-content\/uploads\/2023\/07\/background-leocare.png","contentUrl":"https:\/\/leocare.eu\/fr\/wp-content\/uploads\/2023\/07\/background-leocare.png","width":1400,"height":600,"caption":"background leocare"},{"@type":"WebSite","@id":"https:\/\/leocare.eu\/fr\/#website","url":"https:\/\/leocare.eu\/fr\/","name":"Leocare, assurance en ligne automobile et habitation","description":"enfin (r)assur\u00e9.e","publisher":{"@id":"https:\/\/leocare.eu\/fr\/#organization"},"potentialAction":[{"@type":"SearchAction","target":{"@type":"EntryPoint","urlTemplate":"https:\/\/leocare.eu\/fr\/?s={search_term_string}"},"query-input":{"@type":"PropertyValueSpecification","valueRequired":true,"valueName":"search_term_string"}}],"inLanguage":"fr-FR"},{"@type":"Organization","@id":"https:\/\/leocare.eu\/fr\/#organization","name":"Leocare, assurance en ligne automobile et habitation","url":"https:\/\/leocare.eu\/fr\/","logo":{"@type":"ImageObject","inLanguage":"fr-FR","@id":"https:\/\/leocare.eu\/fr\/#\/schema\/logo\/image\/","url":"https:\/\/leocare.eu\/fr\/wp-content\/uploads\/2020\/03\/logo-leocare.svg","contentUrl":"https:\/\/leocare.eu\/fr\/wp-content\/uploads\/2020\/03\/logo-leocare.svg","caption":"Leocare, assurance en ligne automobile et habitation"},"image":{"@id":"https:\/\/leocare.eu\/fr\/#\/schema\/logo\/image\/"}}]}},"_links":{"self":[{"href":"https:\/\/leocare.eu\/fr\/wp-json\/wp\/v2\/pages\/41223","targetHints":{"allow":["GET"]}}],"collection":[{"href":"https:\/\/leocare.eu\/fr\/wp-json\/wp\/v2\/pages"}],"about":[{"href":"https:\/\/leocare.eu\/fr\/wp-json\/wp\/v2\/types\/page"}],"author":[{"embeddable":true,"href":"https:\/\/leocare.eu\/fr\/wp-json\/wp\/v2\/users\/34"}],"replies":[{"embeddable":true,"href":"https:\/\/leocare.eu\/fr\/wp-json\/wp\/v2\/comments?post=41223"}],"version-history":[{"count":7,"href":"https:\/\/leocare.eu\/fr\/wp-json\/wp\/v2\/pages\/41223\/revisions"}],"predecessor-version":[{"id":41277,"href":"https:\/\/leocare.eu\/fr\/wp-json\/wp\/v2\/pages\/41223\/revisions\/41277"}],"up":[{"embeddable":true,"href":"https:\/\/leocare.eu\/fr\/wp-json\/wp\/v2\/pages\/16531"}],"wp:featuredmedia":[{"embeddable":true,"href":"https:\/\/leocare.eu\/fr\/wp-json\/wp\/v2\/media\/16588"}],"wp:attachment":[{"href":"https:\/\/leocare.eu\/fr\/wp-json\/wp\/v2\/media?parent=41223"}],"curies":[{"name":"wp","href":"https:\/\/api.w.org\/{rel}","templated":true}]}}