{"id":40658,"date":"2026-03-31T16:06:42","date_gmt":"2026-03-31T14:06:42","guid":{"rendered":"https:\/\/leocare.eu\/fr\/?page_id=40658"},"modified":"2026-04-02T11:16:03","modified_gmt":"2026-04-02T09:16:03","slug":"a7","status":"publish","type":"page","link":"https:\/\/leocare.eu\/fr\/assurance-auto-en-ligne\/audi\/a7\/","title":{"rendered":"Assurance Audi A7 : prix et formules"},"content":{"rendered":"\n<p>L&#8217;Audi A7 Sportback allie l&#8217;\u00e9l\u00e9gance d&#8217;un coup\u00e9 \u00e0 la praticit\u00e9 d&#8217;un hayon. <strong>Grande routi\u00e8re premium au design fluide, elle embarque des motorisations de 245 \u00e0 450 ch et la transmission quattro.<\/strong> Selon la version, le profil du conducteur et la couverture choisie, les primes mensuelles varient entre 42 \u20ac et 295 \u20ac. Trouver une <a href=\"https:\/\/leocare.eu\/fr\/assurance-auto-en-ligne\/\">assurance auto<\/a> adapt\u00e9e prot\u00e8ge cette berline de caract\u00e8re sans alourdir le budget.<\/p>\n\n\n\n<h2 class=\"wp-block-heading\">Comment \u00e9volue le prix d&#8217;une assurance pour Audi A7 ?<\/h2>\n\n\n\n<p>Le prix d\u00e9pend de plusieurs param\u00e8tres :<\/p>\n\n\n\n<ul class=\"wp-block-list\">\n<li><strong>Version et puissance<\/strong> : le 45 TFSI de 245 ch co\u00fbte moins cher \u00e0 couvrir que le S7 de 450 ch.<\/li>\n\n\n\n<li><strong>Profil du conducteur<\/strong> : un bonus 50 % r\u00e9duit la facture de moiti\u00e9.<\/li>\n\n\n\n<li><strong>Valeur du v\u00e9hicule<\/strong> : un <a href=\"https:\/\/leocare.eu\/fr\/assurance-auto-en-ligne\/types-vehicule\/neuf\/\">mod\u00e8le neuf<\/a> \u00e0 plus de 70 000 \u20ac justifie un tous risques avec <a href=\"https:\/\/leocare.eu\/fr\/assurance-auto-en-ligne\/couverture\/garanties\/complementaires\/dommages-juridiques-financiers\/valeur-a-neuf\/\">valeur \u00e0 neuf<\/a>.<\/li>\n\n\n\n<li><strong>Usage et lieu de r\u00e9sidence<\/strong> : un garage ferm\u00e9 all\u00e8ge le <a href=\"https:\/\/leocare.eu\/fr\/assurance-auto-en-ligne\/devis\/tarifs\/\">tarif<\/a>.<\/li>\n\n\n\n<li><strong>Formule choisie<\/strong> : le niveau de garantie conditionne la prime.<\/li>\n<\/ul>\n\n\n\n<h3 class=\"wp-block-heading\">Prix selon la version de l&#8217;Audi A7<\/h3>\n\n\n\n<figure class=\"wp-block-table\"><table class=\"has-fixed-layout\"><thead><tr><th>Version<\/th><th>Ann\u00e9e<\/th><th>Puissance<\/th><th>Prix min (\u20ac\/mois)<\/th><th>Prix max (\u20ac\/mois)<\/th><\/tr><\/thead><tbody><tr><td>A7 45 TFSI Occasion<\/td><td>2020<\/td><td>245 ch<\/td><td>42 \u20ac<\/td><td>98 \u20ac<\/td><\/tr><tr><td>A7 50 TDI Neuf<\/td><td>2025<\/td><td>286 ch<\/td><td>55 \u20ac<\/td><td>135 \u20ac<\/td><\/tr><tr><td>A7 55 TFSI Neuf<\/td><td>2025<\/td><td>340 ch<\/td><td>62 \u20ac<\/td><td>152 \u20ac<\/td><\/tr><tr><td>S7 Neuf<\/td><td>2025<\/td><td>450 ch<\/td><td>75 \u20ac<\/td><td>180 \u20ac<\/td><\/tr><tr><td>A7 Malus<\/td><td>2025<\/td><td>340 ch<\/td><td>260 \u20ac<\/td><td>295 \u20ac<\/td><\/tr><\/tbody><\/table><\/figure>\n\n\n\n<h3 class=\"wp-block-heading\">Prix de l&#8217;assurance auto selon la couverture<\/h3>\n\n\n\n<p>Le choix de la <a href=\"https:\/\/leocare.eu\/fr\/assurance-auto-en-ligne\/couverture\/formules\/\">formule<\/a> impacte directement la cotisation :<\/p>\n\n\n\n<ul class=\"wp-block-list\">\n<li><strong><a href=\"https:\/\/leocare.eu\/fr\/assurance-auto-en-ligne\/tiers\/\">Assurance au tiers<\/a><\/strong> : r\u00e9serv\u00e9e aux A7 anciennes dont la cote est pass\u00e9e sous les 15 000 \u20ac.<\/li>\n\n\n\n<li><strong><a href=\"https:\/\/leocare.eu\/fr\/assurance-auto-en-ligne\/tiers\/plus\/\">Assurance tiers plus<\/a><\/strong> : ajoute la <a href=\"https:\/\/leocare.eu\/fr\/assurance-auto-en-ligne\/couverture\/garanties\/complementaires\/dommages-materiels\/vol\/\">garantie vol<\/a>, l&#8217;<a href=\"https:\/\/leocare.eu\/fr\/assurance-auto-en-ligne\/couverture\/garanties\/complementaires\/dommages-materiels\/voiture-brulee\/\">incendie<\/a> et le <a href=\"https:\/\/leocare.eu\/fr\/assurance-auto-en-ligne\/couverture\/garanties\/complementaires\/dommages-materiels\/bris-de-glace\/\">bris de glace<\/a>.<\/li>\n\n\n\n<li><strong><a href=\"https:\/\/leocare.eu\/fr\/assurance-auto-en-ligne\/tous-risques\/\">Assurance tous risques<\/a><\/strong> : la formule recommand\u00e9e sur une A7 r\u00e9cente.<\/li>\n<\/ul>\n\n\n\n<figure class=\"wp-block-table\"><table class=\"has-fixed-layout\"><thead><tr><th>Formule<\/th><th>Fourchette basse (\u20ac\/mois)<\/th><th>Moyenne (\u20ac\/mois)<\/th><th>Fourchette haute (\u20ac\/mois)<\/th><\/tr><\/thead><tbody><tr><td>Tiers<\/td><td>32 \u20ac<\/td><td>55 \u20ac<\/td><td>78 \u20ac<\/td><\/tr><tr><td>Tiers plus<\/td><td>45 \u20ac<\/td><td>78 \u20ac<\/td><td>112 \u20ac<\/td><\/tr><tr><td>Tous risques<\/td><td>58 \u20ac<\/td><td>102 \u20ac<\/td><td>152 \u20ac<\/td><\/tr><\/tbody><\/table><\/figure>\n\n\n\n<h3 class=\"wp-block-heading\">Prix pour un jeune conducteur<\/h3>\n\n\n\n<p>Un <a href=\"https:\/\/leocare.eu\/fr\/assurance-auto-en-ligne\/couverture\/formules\/specifiques\/tout-conducteur\/jeune-conducteur\/\">jeune conducteur<\/a> au volant d&#8217;une A7 supporte une surprime li\u00e9e au positionnement premium et \u00e0 la puissance.<\/p>\n\n\n\n<figure class=\"wp-block-table\"><table class=\"has-fixed-layout\"><thead><tr><th>Profil conducteur<\/th><th>Fourchette basse (\u20ac\/mois)<\/th><th>Fourchette haute (\u20ac\/mois)<\/th><\/tr><\/thead><tbody><tr><td>Exp\u00e9riment\u00e9 (bonus 50 %)<\/td><td>45 \u20ac<\/td><td>128 \u20ac<\/td><\/tr><tr><td>Jeune conducteur<\/td><td>125 \u20ac<\/td><td>225 \u20ac<\/td><\/tr><\/tbody><\/table><\/figure>\n\n\n\n<h3 class=\"wp-block-heading\">Calculer la prime selon le bonus-malus<\/h3>\n\n\n\n<p>Le <a href=\"https:\/\/leocare.eu\/fr\/assurance-auto-en-ligne\/couverture\/contrat\/releve-information\/malus\/calcul-bonus-malus\/\">calcul du bonus-malus<\/a> influence fortement le prix. <strong>Les profils <a href=\"https:\/\/leocare.eu\/fr\/assurance-auto-en-ligne\/couverture\/contrat\/releve-information\/malus\/\">maluss\u00e9s<\/a> voient la cotisation d\u00e9passer 260 \u20ac par mois.<\/strong> Le CRM accept\u00e9 par Leocare va de 0,50 \u00e0 1,00. <a href=\"https:\/\/leocare.eu\/fr\/assurance-auto-en-ligne\/comparateur\/\">Comparez<\/a> les offres pour trouver le meilleur tarif.<\/p>\n\n\n\n<figure class=\"wp-block-table\"><table class=\"has-fixed-layout\"><thead><tr><th>Situation<\/th><th>Fourchette basse (\u20ac\/mois)<\/th><th>Moyenne (\u20ac\/mois)<\/th><th>Fourchette haute (\u20ac\/mois)<\/th><\/tr><\/thead><tbody><tr><td>Bonus max<\/td><td>42 \u20ac<\/td><td>68 \u20ac<\/td><td>98 \u20ac<\/td><\/tr><tr><td>Bonus faible<\/td><td>58 \u20ac<\/td><td>102 \u20ac<\/td><td>148 \u20ac<\/td><\/tr><tr><td>Malus<\/td><td>260 \u20ac<\/td><td>278 \u20ac<\/td><td>295 \u20ac<\/td><\/tr><\/tbody><\/table><\/figure>\n\n\n\n<h2 class=\"wp-block-heading\">Comment souscrire une assurance Audi A7 en ligne ?<\/h2>\n\n\n\n<p>La souscription se fait en quelques minutes sur l&#8217;application Leocare. <strong>Pr\u00e9parez votre <a href=\"https:\/\/leocare.eu\/fr\/assurance-auto-en-ligne\/conseils\/achat-et-revente\/tout-savoir-carte-grise\/\">carte grise<\/a>, votre permis, votre <a href=\"https:\/\/leocare.eu\/fr\/assurance-auto-en-ligne\/couverture\/contrat\/releve-information\/\">relev\u00e9 d&#8217;informations<\/a> et votre RIB.<\/strong> Le <a href=\"https:\/\/leocare.eu\/fr\/assurance-auto-en-ligne\/devis\/\">devis<\/a> est instantan\u00e9. En <a href=\"https:\/\/leocare.eu\/fr\/blog\/differences-assurance-loa-lld\/\">LOA ou LLD<\/a>, la formule tous risques est exig\u00e9e.<\/p>\n\n\n\n<h2 class=\"wp-block-heading\">Les avantages d&#8217;assurer son Audi A7 chez Leocare<\/h2>\n\n\n\n<p><strong>Leocare est l&#8217;application d&#8217;assurance la plus t\u00e9l\u00e9charg\u00e9e et la mieux not\u00e9e de France avec une note de 4,7 sur 5 sur Trustpilot et un taux de satisfaction de 98 %.<\/strong><\/p>\n\n\n\n<ul class=\"wp-block-list\">\n<li><strong>3 formules modulables<\/strong> avec protection du conducteur en 3 paliers (300 000, 500 000 ou 800 000 \u20ac).<\/li>\n\n\n\n<li><strong><a href=\"https:\/\/leocare.eu\/fr\/assurance-auto-en-ligne\/couverture\/assistance-auto\/0-km\/\">Assistance 0 km<\/a> int\u00e9gr\u00e9e<\/strong> \u00e0 toutes les formules, avec <a href=\"https:\/\/leocare.eu\/fr\/assurance-auto-en-ligne\/couverture\/assistance-auto\/depannage\/\">d\u00e9pannage<\/a> et v\u00e9hicule de pr\u00eat.<\/li>\n\n\n\n<li><strong><a href=\"https:\/\/leocare.eu\/fr\/assurance-auto-en-ligne\/sinistre\/indemnisation\/franchise\/rachat\/\">Rachat de franchise<\/a><\/strong> ramenant le reste \u00e0 charge \u00e0 0 \u20ac.<\/li>\n\n\n\n<li><strong><a href=\"https:\/\/leocare.eu\/fr\/assurance-auto-en-ligne\/couverture\/garanties\/complementaires\/dommages-juridiques-financiers\/valeur-a-neuf\/\">Valeur \u00e0 neuf<\/a><\/strong> : remboursement au prix d&#8217;achat pendant 24 mois.<\/li>\n<\/ul>\n","protected":false},"excerpt":{"rendered":"<p>L&#8217;Audi A7 Sportback allie l&#8217;\u00e9l\u00e9gance d&#8217;un coup\u00e9 \u00e0 la praticit\u00e9 d&#8217;un hayon. Grande routi\u00e8re premium au design fluide, elle embarque des motorisations de 245 \u00e0 450 ch et la transmission quattro. Selon la version, le profil du conducteur et la couverture choisie, les primes mensuelles varient entre 42 \u20ac et 295 \u20ac. Trouver une assurance [&hellip;]<\/p>\n","protected":false},"author":34,"featured_media":40582,"parent":7395,"menu_order":0,"comment_status":"closed","ping_status":"closed","template":"template_seo.php","meta":{"_acf_changed":false,"footnotes":""},"class_list":["post-40658","page","type-page","status-publish","has-post-thumbnail","hentry"],"acf":[],"yoast_head":"<!-- This site is optimized with the Yoast SEO plugin v27.3 - https:\/\/yoast.com\/product\/yoast-seo-wordpress\/ -->\n<title>Assurance Audi A7 : prix et devis en ligne<\/title>\n<meta name=\"description\" content=\"Assurance Audi A7 Sportback d\u00e8s 42 \u20ac\/mois. Comparez les formules tiers, tiers plus et tous risques. Devis gratuit en ligne chez Leocare.\" \/>\n<meta name=\"robots\" content=\"index, follow, max-snippet:-1, max-image-preview:large, max-video-preview:-1\" \/>\n<link rel=\"canonical\" href=\"https:\/\/leocare.eu\/fr\/assurance-auto-en-ligne\/audi\/a7\/\" \/>\n<meta property=\"og:locale\" content=\"fr_FR\" \/>\n<meta property=\"og:type\" content=\"article\" \/>\n<meta property=\"og:title\" content=\"Assurance Audi A7 : prix et devis en ligne\" \/>\n<meta property=\"og:description\" content=\"Assurance Audi A7 Sportback d\u00e8s 42 \u20ac\/mois. Comparez les formules tiers, tiers plus et tous risques. Devis gratuit en ligne chez Leocare.\" \/>\n<meta property=\"og:url\" content=\"https:\/\/leocare.eu\/fr\/assurance-auto-en-ligne\/audi\/a7\/\" \/>\n<meta property=\"og:site_name\" content=\"Leocare, assurance en ligne automobile et habitation\" \/>\n<meta property=\"article:modified_time\" content=\"2026-04-02T09:16:03+00:00\" \/>\n<meta property=\"og:image\" content=\"https:\/\/leocare.eu\/fr\/wp-content\/uploads\/2026\/03\/audi-a7.jpg\" \/>\n\t<meta property=\"og:image:width\" content=\"800\" \/>\n\t<meta property=\"og:image:height\" content=\"505\" \/>\n\t<meta property=\"og:image:type\" content=\"image\/jpeg\" \/>\n<meta name=\"twitter:card\" content=\"summary_large_image\" \/>\n<meta name=\"twitter:label1\" content=\"Est. reading time\" \/>\n\t<meta name=\"twitter:data1\" content=\"2 minutes\" \/>\n<!-- \/ Yoast SEO plugin. -->","yoast_head_json":{"title":"Assurance Audi A7 : prix et devis en ligne","description":"Assurance Audi A7 Sportback d\u00e8s 42 \u20ac\/mois. Comparez les formules tiers, tiers plus et tous risques. Devis gratuit en ligne chez Leocare.","robots":{"index":"index","follow":"follow","max-snippet":"max-snippet:-1","max-image-preview":"max-image-preview:large","max-video-preview":"max-video-preview:-1"},"canonical":"https:\/\/leocare.eu\/fr\/assurance-auto-en-ligne\/audi\/a7\/","og_locale":"fr_FR","og_type":"article","og_title":"Assurance Audi A7 : prix et devis en ligne","og_description":"Assurance Audi A7 Sportback d\u00e8s 42 \u20ac\/mois. Comparez les formules tiers, tiers plus et tous risques. Devis gratuit en ligne chez Leocare.","og_url":"https:\/\/leocare.eu\/fr\/assurance-auto-en-ligne\/audi\/a7\/","og_site_name":"Leocare, assurance en ligne automobile et habitation","article_modified_time":"2026-04-02T09:16:03+00:00","og_image":[{"width":800,"height":505,"url":"https:\/\/leocare.eu\/fr\/wp-content\/uploads\/2026\/03\/audi-a7.jpg","type":"image\/jpeg"}],"twitter_card":"summary_large_image","twitter_misc":{"Est. reading time":"2 minutes"},"schema":{"@context":"https:\/\/schema.org","@graph":[{"@type":"WebPage","@id":"https:\/\/leocare.eu\/fr\/assurance-auto-en-ligne\/audi\/a7\/","url":"https:\/\/leocare.eu\/fr\/assurance-auto-en-ligne\/audi\/a7\/","name":"Assurance Audi A7 : prix et devis en ligne","isPartOf":{"@id":"https:\/\/leocare.eu\/fr\/#website"},"primaryImageOfPage":{"@id":"https:\/\/leocare.eu\/fr\/assurance-auto-en-ligne\/audi\/a7\/#primaryimage"},"image":{"@id":"https:\/\/leocare.eu\/fr\/assurance-auto-en-ligne\/audi\/a7\/#primaryimage"},"thumbnailUrl":"https:\/\/leocare.eu\/fr\/wp-content\/uploads\/2026\/03\/audi-a7.jpg","datePublished":"2026-03-31T14:06:42+00:00","dateModified":"2026-04-02T09:16:03+00:00","description":"Assurance Audi A7 Sportback d\u00e8s 42 \u20ac\/mois. Comparez les formules tiers, tiers plus et tous risques. Devis gratuit en ligne chez Leocare.","breadcrumb":{"@id":"https:\/\/leocare.eu\/fr\/assurance-auto-en-ligne\/audi\/a7\/#breadcrumb"},"inLanguage":"fr-FR","potentialAction":[{"@type":"ReadAction","target":["https:\/\/leocare.eu\/fr\/assurance-auto-en-ligne\/audi\/a7\/"]}]},{"@type":"ImageObject","inLanguage":"fr-FR","@id":"https:\/\/leocare.eu\/fr\/assurance-auto-en-ligne\/audi\/a7\/#primaryimage","url":"https:\/\/leocare.eu\/fr\/wp-content\/uploads\/2026\/03\/audi-a7.jpg","contentUrl":"https:\/\/leocare.eu\/fr\/wp-content\/uploads\/2026\/03\/audi-a7.jpg","width":800,"height":505,"caption":"audi a7"},{"@type":"WebSite","@id":"https:\/\/leocare.eu\/fr\/#website","url":"https:\/\/leocare.eu\/fr\/","name":"Leocare, assurance en ligne automobile et habitation","description":"enfin (r)assur\u00e9.e","publisher":{"@id":"https:\/\/leocare.eu\/fr\/#organization"},"potentialAction":[{"@type":"SearchAction","target":{"@type":"EntryPoint","urlTemplate":"https:\/\/leocare.eu\/fr\/?s={search_term_string}"},"query-input":{"@type":"PropertyValueSpecification","valueRequired":true,"valueName":"search_term_string"}}],"inLanguage":"fr-FR"},{"@type":"Organization","@id":"https:\/\/leocare.eu\/fr\/#organization","name":"Leocare, assurance en ligne automobile et habitation","url":"https:\/\/leocare.eu\/fr\/","logo":{"@type":"ImageObject","inLanguage":"fr-FR","@id":"https:\/\/leocare.eu\/fr\/#\/schema\/logo\/image\/","url":"https:\/\/leocare.eu\/fr\/wp-content\/uploads\/2020\/03\/logo-leocare.svg","contentUrl":"https:\/\/leocare.eu\/fr\/wp-content\/uploads\/2020\/03\/logo-leocare.svg","caption":"Leocare, assurance en ligne automobile et habitation"},"image":{"@id":"https:\/\/leocare.eu\/fr\/#\/schema\/logo\/image\/"}}]}},"_links":{"self":[{"href":"https:\/\/leocare.eu\/fr\/wp-json\/wp\/v2\/pages\/40658","targetHints":{"allow":["GET"]}}],"collection":[{"href":"https:\/\/leocare.eu\/fr\/wp-json\/wp\/v2\/pages"}],"about":[{"href":"https:\/\/leocare.eu\/fr\/wp-json\/wp\/v2\/types\/page"}],"author":[{"embeddable":true,"href":"https:\/\/leocare.eu\/fr\/wp-json\/wp\/v2\/users\/34"}],"replies":[{"embeddable":true,"href":"https:\/\/leocare.eu\/fr\/wp-json\/wp\/v2\/comments?post=40658"}],"version-history":[{"count":1,"href":"https:\/\/leocare.eu\/fr\/wp-json\/wp\/v2\/pages\/40658\/revisions"}],"predecessor-version":[{"id":40659,"href":"https:\/\/leocare.eu\/fr\/wp-json\/wp\/v2\/pages\/40658\/revisions\/40659"}],"up":[{"embeddable":true,"href":"https:\/\/leocare.eu\/fr\/wp-json\/wp\/v2\/pages\/7395"}],"wp:featuredmedia":[{"embeddable":true,"href":"https:\/\/leocare.eu\/fr\/wp-json\/wp\/v2\/media\/40582"}],"wp:attachment":[{"href":"https:\/\/leocare.eu\/fr\/wp-json\/wp\/v2\/media?parent=40658"}],"curies":[{"name":"wp","href":"https:\/\/api.w.org\/{rel}","templated":true}]}}