{"id":39117,"date":"2026-03-11T11:54:38","date_gmt":"2026-03-11T10:54:38","guid":{"rendered":"https:\/\/leocare.eu\/fr\/?page_id=39117"},"modified":"2026-03-23T11:31:00","modified_gmt":"2026-03-23T10:31:00","slug":"octavia","status":"publish","type":"page","link":"https:\/\/leocare.eu\/fr\/assurance-auto-en-ligne\/skoda\/octavia\/","title":{"rendered":"Assurance Skoda Octavia 4 : prix et formules"},"content":{"rendered":"\n<p><em>La Skoda Octavia 4 est une berline spacieuse et moderne, appr\u00e9ci\u00e9e pour son confort de conduite et ses nombreuses innovations. Adapt\u00e9e aussi bien aux trajets du quotidien qu\u2019aux longs d\u00e9placements, elle attire des profils vari\u00e9s. Pour profiter de ses avantages sans souci, il est essentiel d\u2019\u00e9valuer le co\u00fbt de son assurance. Selon l\u2019anciennet\u00e9, la motorisation et le profil du conducteur, les primes mensuelles oscillent entre <span class=\"change-price\">37<\/span> \u20ac et <span class=\"change-price\">127<\/span> \u20ac. Opter pour une <a href=\"https:\/\/leocare.eu\/fr\/assurance-auto-en-ligne\/\">assurance v\u00e9hicule<\/a> adapt\u00e9e permet de rouler en toute s\u00e9curit\u00e9 avec des garanties coh\u00e9rentes.<\/em><\/p>\n\n\n\n<h2 class=\"wp-block-heading\">Comment \u00e9volue le prix d\u2019une assurance pour Skoda Octavia 4 ?<\/h2>\n\n\n\n<p>Le tarif final d\u00e9pend de plusieurs param\u00e8tres :<\/p>\n\n\n\n<ul class=\"wp-block-list\">\n<li><strong>\u00c2ge du v\u00e9hicule<\/strong> : une version d\u2019occasion est toujours plus accessible qu\u2019un mod\u00e8le neuf.<\/li>\n\n\n\n<li><strong>Profil de l\u2019assur\u00e9<\/strong> : un conducteur exp\u00e9riment\u00e9 profite de meilleures conditions qu\u2019un jeune ou un maluss\u00e9.<\/li>\n\n\n\n<li><strong>Motorisation<\/strong> : une motorisation plus puissante implique une prime plus \u00e9lev\u00e9e.<\/li>\n\n\n\n<li><strong>Lieu et usage<\/strong> : circulation urbaine fr\u00e9quente ou kilom\u00e9trage important augmentent le risque et donc le co\u00fbt.<\/li>\n\n\n\n<li><strong>Garanties choisies<\/strong> : une couverture \u00e9largie entra\u00eene une hausse sensible du prix.<\/li>\n<\/ul>\n\n\n\n<h3 class=\"wp-block-heading\">Prix selon l\u2019anciennet\u00e9 de Skoda Octavia 4<\/h3>\n\n\n\n<figure class=\"wp-block-table\"><table class=\"has-fixed-layout\"><thead><tr><th>Mod\u00e8le<\/th><th>Ann\u00e9e<\/th><th>Motorisation<\/th><th>Prix min (\u20ac\/mois)<\/th><th>Prix max (\u20ac\/mois)<\/th><\/tr><\/thead><tbody><tr><td>Octavia Occasion<\/td><td>2021<\/td><td>Essence 150 ch<\/td><td><span class=\"change-price\">37<\/span> \u20ac<\/td><td><span class=\"change-price\">80<\/span> \u20ac<\/td><\/tr><tr><td>Octavia Neuve<\/td><td>2024<\/td><td>Hybride 190 ch<\/td><td><span class=\"change-price\">52<\/span> \u20ac<\/td><td><span class=\"change-price\">98<\/span> \u20ac<\/td><\/tr><tr><td>Octavia Malus<\/td><td>2024<\/td><td>Hybride 190 ch<\/td><td><span class=\"change-price\">110<\/span> \u20ac<\/td><td><span class=\"change-price\">127<\/span> \u20ac<\/td><\/tr><\/tbody><\/table><\/figure>\n\n\n\n<h3 class=\"wp-block-heading\">Prix de l\u2019assurance auto selon la couverture<\/h3>\n\n\n\n<p>Le choix de la formule modifie fortement le tarif :<\/p>\n\n\n\n<ul class=\"wp-block-list\">\n<li><a href=\"https:\/\/leocare.eu\/fr\/assurance-auto-en-ligne\/tiers\/\"><strong>Assurance au tiers<\/strong><\/a> : la plus \u00e9conomique, couvrant seulement le minimum l\u00e9gal. Elle r\u00e9duit le co\u00fbt mais reste limit\u00e9e.<\/li>\n\n\n\n<li><a href=\"https:\/\/leocare.eu\/fr\/assurance-auto-en-ligne\/tiers\/plus\/\"><strong>Assurance au tiers plus<\/strong><\/a> : inclut des garanties comme le vol ou le bris de glace. Ce tiers plus offre un compromis \u00e9quilibr\u00e9.<\/li>\n\n\n\n<li><a href=\"https:\/\/leocare.eu\/fr\/assurance-auto-en-ligne\/tous-risques\/\"><strong>Assurance tous risques<\/strong><\/a> : la plus protectrice, couvrant la majorit\u00e9 des sinistres, y compris certaines catastrophes naturelles.<\/li>\n<\/ul>\n\n\n\n<figure class=\"wp-block-table\"><table class=\"has-fixed-layout\"><thead><tr><th>Formule<\/th><th>Fourchette basse (\u20ac\/mois)<\/th><th>Moyenne (\u20ac\/mois)<\/th><th>Fourchette haute (\u20ac\/mois)<\/th><\/tr><\/thead><tbody><tr><td>Tiers<\/td><td><span class=\"change-price\">26<\/span> \u20ac<\/td><td><span class=\"change-price\">46<\/span> \u20ac<\/td><td><span class=\"change-price\">73<\/span> \u20ac<\/td><\/tr><tr><td>Tiers plus<\/td><td><span class=\"change-price\">32<\/span> \u20ac<\/td><td><span class=\"change-price\">55<\/span> \u20ac<\/td><td><span class=\"change-price\">89<\/span> \u20ac<\/td><\/tr><tr><td>Tous risques<\/td><td><span class=\"change-price\">40<\/span> \u20ac<\/td><td><span class=\"change-price\">70<\/span> \u20ac<\/td><td><span class=\"change-price\">102<\/span> \u20ac<\/td><\/tr><\/tbody><\/table><\/figure>\n\n\n\n<h3 class=\"wp-block-heading\">Prix pour un jeune conducteur<\/h3>\n\n\n\n<p>Un <a href=\"https:\/\/leocare.eu\/fr\/assurance-auto-en-ligne\/couverture\/formules\/specifiques\/tout-conducteur\/jeune-conducteur\/\">jeune conducteur<\/a> doit s\u2019attendre \u00e0 payer plus cher. La surprime appliqu\u00e9e traduit le risque accru li\u00e9 au manque d\u2019exp\u00e9rience.<\/p>\n\n\n\n<figure class=\"wp-block-table\"><table class=\"has-fixed-layout\"><thead><tr><th>Profil conducteur<\/th><th>Fourchette basse (\u20ac\/mois)<\/th><th>Fourchette haute (\u20ac\/mois)<\/th><\/tr><\/thead><tbody><tr><td>Exp\u00e9riment\u00e9<\/td><td><span class=\"change-price\">37<\/span> \u20ac<\/td><td><span class=\"change-price\">96<\/span> \u20ac<\/td><\/tr><tr><td>Jeune conducteur<\/td><td><span class=\"change-price\">76<\/span> \u20ac<\/td><td><span class=\"change-price\">136<\/span> \u20ac<\/td><\/tr><\/tbody><\/table><\/figure>\n\n\n\n<h3 class=\"wp-block-heading\">Avec ou sans conducteur secondaire<\/h3>\n\n\n\n<p>Inclure un <a href=\"https:\/\/leocare.eu\/fr\/assurance-auto-en-ligne\/couverture\/garanties\/complementaires\/dommages-corporels\/conducteur-secondaire\/\">conducteur secondaire<\/a> entra\u00eene une l\u00e9g\u00e8re hausse du prix, mais reste utile pour partager l\u2019usage du v\u00e9hicule.<\/p>\n\n\n\n<figure class=\"wp-block-table\"><table class=\"has-fixed-layout\"><thead><tr><th>Situation<\/th><th>Prix moyen (\u20ac\/mois)<\/th><\/tr><\/thead><tbody><tr><td>Sans conducteur secondaire<\/td><td><span class=\"change-price\">66<\/span> \u20ac<\/td><\/tr><tr><td>Avec conducteur secondaire<\/td><td><span class=\"change-price\">74<\/span> \u20ac<\/td><\/tr><\/tbody><\/table><\/figure>\n\n\n\n<h3 class=\"wp-block-heading\">Calculer la prime selon le bonus-malus<\/h3>\n\n\n\n<p>Le <a href=\"https:\/\/leocare.eu\/fr\/assurance-auto-en-ligne\/couverture\/contrat\/releve-information\/malus\/calcul-bonus-malus\/\">calcul du bonus-malus<\/a> repose sur un coefficient attribu\u00e9 selon l\u2019historique de conduite. Un bon conducteur b\u00e9n\u00e9ficie de r\u00e9ductions, tandis qu\u2019un malus augmente fortement la prime.<\/p>\n\n\n\n<figure class=\"wp-block-table\"><table class=\"has-fixed-layout\"><thead><tr><th>Situation<\/th><th>Fourchette basse (\u20ac\/mois)<\/th><th>Moyenne (\u20ac\/mois)<\/th><th>Fourchette haute (\u20ac\/mois)<\/th><\/tr><\/thead><tbody><tr><td>Bonus max<\/td><td><span class=\"change-price\">28<\/span> \u20ac<\/td><td><span class=\"change-price\">47<\/span> \u20ac<\/td><td><span class=\"change-price\">75<\/span> \u20ac<\/td><\/tr><tr><td>Bonus faible<\/td><td><span class=\"change-price\">37<\/span> \u20ac<\/td><td><span class=\"change-price\">61<\/span> \u20ac<\/td><td><span class=\"change-price\">97<\/span> \u20ac<\/td><\/tr><tr><td>Malus<\/td><td><span class=\"change-price\">110<\/span> \u20ac<\/td><td><span class=\"change-price\">118<\/span> \u20ac<\/td><td><span class=\"change-price\">127<\/span> \u20ac<\/td><\/tr><\/tbody><\/table><\/figure>\n\n\n\n<h3 class=\"wp-block-heading\">Prix selon la motorisation (diesel ou essence)<\/h3>\n\n\n\n<p>La motorisation influence directement le co\u00fbt de l\u2019assurance. Plus le moteur est puissant, plus la cotisation augmente. L\u2019ajout d\u2019un <a href=\"https:\/\/leocare.eu\/fr\/assurance-auto-en-ligne\/couverture\/garanties\/complementaires\/dommages-corporels\/conducteur-secondaire\/\">conducteur secondaire<\/a> peut aussi impacter l\u00e9g\u00e8rement le tarif final.<\/p>\n\n\n\n<figure class=\"wp-block-table\"><table class=\"has-fixed-layout\"><thead><tr><th>Motorisation<\/th><th>Fourchette basse (\u20ac\/mois)<\/th><th>Moyenne (\u20ac\/mois)<\/th><th>Fourchette haute (\u20ac\/mois)<\/th><\/tr><\/thead><tbody><tr><td>Essence 150 ch<\/td><td><span class=\"change-price\">28<\/span> \u20ac<\/td><td><span class=\"change-price\">49<\/span> \u20ac<\/td><td><span class=\"change-price\">77<\/span> \u20ac<\/td><\/tr><tr><td>Diesel 150 ch<\/td><td><span class=\"change-price\">34<\/span> \u20ac<\/td><td><span class=\"change-price\">58<\/span> \u20ac<\/td><td><span class=\"change-price\">91<\/span> \u20ac<\/td><\/tr><tr><td>Hybride 190 ch<\/td><td><span class=\"change-price\">42<\/span> \u20ac<\/td><td><span class=\"change-price\">73<\/span> \u20ac<\/td><td><span class=\"change-price\">105<\/span> \u20ac<\/td><\/tr><\/tbody><\/table><\/figure>\n\n\n\n<h2 class=\"wp-block-heading\">Comment souscrire une assurance Skoda Octavia 4 en ligne ?<\/h2>\n\n\n\n<p>La souscription se fait rapidement en ligne. <strong>Depuis l\u2019application ou le site, il suffit de saisir vos informations pour recevoir plusieurs devis personnalis\u00e9s.<\/strong> Vous pouvez ensuite adapter les garanties selon vos besoins.<\/p>\n\n\n\n<p>Une fois le choix effectu\u00e9, <strong>la signature est \u00e9lectronique et la couverture d\u00e9bute imm\u00e9diatement.<\/strong> Les documents sont envoy\u00e9s par mail et l\u2019ancien contrat peut \u00eatre r\u00e9sili\u00e9 automatiquement, simplifiant la d\u00e9marche.<\/p>\n\n\n\n<h2 class=\"wp-block-heading\">Les avantages d\u2019assurer sa Skoda Octavia 4 chez Leocare<\/h2>\n\n\n\n<p>Avec Leocare, assurer une Skoda Octavia 4 est simple et flexible. <strong>L\u2019application permet de g\u00e9rer vos garanties \u00e0 tout moment et de contr\u00f4ler vos d\u00e9penses en toute transparence.<\/strong><\/p>\n\n\n\n<p><strong>Les points forts de Leocare :<\/strong><\/p>\n\n\n\n<ul class=\"wp-block-list\">\n<li>Souscription 100 % mobile et activation imm\u00e9diate.<\/li>\n\n\n\n<li>Formules adapt\u00e9es \u00e0 tous les profils d\u2019assur\u00e9s.<\/li>\n\n\n\n<li>Franchises modulables et plafonds comp\u00e9titifs.<\/li>\n\n\n\n<li>Assistance disponible d\u00e8s le premier kilom\u00e8tre.<\/li>\n\n\n\n<li>R\u00e9siliation facilit\u00e9e de l\u2019ancien contrat.<\/li>\n\n\n\n<li>Jusqu\u2019\u00e0 237 euros d\u2019\u00e9conomies par an avec votre <a href=\"https:\/\/leocare.eu\/fr\/assurance-auto-en-ligne\/devis\/\">devis en ligne<\/a>.<\/li>\n<\/ul>\n\n\n\n<p>Avec Leocare, <strong>assurer une Skoda Octavia 4 devient rapide, \u00e9conomique et parfaitement adapt\u00e9 aux besoins de chacun.<\/strong><\/p>\n","protected":false},"excerpt":{"rendered":"<p>La Skoda Octavia 4 est une berline spacieuse et moderne, appr\u00e9ci\u00e9e pour son confort de conduite et ses nombreuses innovations. Adapt\u00e9e aussi bien aux trajets du quotidien qu\u2019aux longs d\u00e9placements, elle attire des profils vari\u00e9s. Pour profiter de ses avantages sans souci, il est essentiel d\u2019\u00e9valuer le co\u00fbt de son assurance. Selon l\u2019anciennet\u00e9, la motorisation [&hellip;]<\/p>\n","protected":false},"author":34,"featured_media":33581,"parent":39070,"menu_order":0,"comment_status":"closed","ping_status":"closed","template":"template_cocon_seo.php","meta":{"_acf_changed":false,"footnotes":""},"class_list":["post-39117","page","type-page","status-publish","has-post-thumbnail","hentry"],"acf":[],"yoast_head":"<!-- This site is optimized with the Yoast SEO plugin v27.3 - https:\/\/yoast.com\/product\/yoast-seo-wordpress\/ -->\n<title>Assurance Skoda Octavia \u2013 Prix et devis en ligne \u2013 Leocare<\/title>\n<meta name=\"robots\" content=\"index, follow, max-snippet:-1, max-image-preview:large, max-video-preview:-1\" \/>\n<link rel=\"canonical\" href=\"https:\/\/leocare.eu\/fr\/assurance-auto-en-ligne\/skoda\/octavia\/\" \/>\n<meta property=\"og:locale\" content=\"fr_FR\" \/>\n<meta property=\"og:type\" content=\"article\" \/>\n<meta property=\"og:title\" content=\"Assurance Skoda Octavia \u2013 Prix et devis en ligne \u2013 Leocare\" \/>\n<meta property=\"og:description\" content=\"La Skoda Octavia 4 est une berline spacieuse et moderne, appr\u00e9ci\u00e9e pour son confort de conduite et ses nombreuses innovations. Adapt\u00e9e aussi bien aux trajets du quotidien qu\u2019aux longs d\u00e9placements, elle attire des profils vari\u00e9s. Pour profiter de ses avantages sans souci, il est essentiel d\u2019\u00e9valuer le co\u00fbt de son assurance. Selon l\u2019anciennet\u00e9, la motorisation [&hellip;]\" \/>\n<meta property=\"og:url\" content=\"https:\/\/leocare.eu\/fr\/assurance-auto-en-ligne\/skoda\/octavia\/\" \/>\n<meta property=\"og:site_name\" content=\"Leocare, assurance en ligne automobile et habitation\" \/>\n<meta property=\"article:modified_time\" content=\"2026-03-23T10:31:00+00:00\" \/>\n<meta property=\"og:image\" content=\"https:\/\/leocare.eu\/fr\/wp-content\/uploads\/2025\/10\/skoda-octavia.jpg\" \/>\n\t<meta property=\"og:image:width\" content=\"800\" \/>\n\t<meta property=\"og:image:height\" content=\"505\" \/>\n\t<meta property=\"og:image:type\" content=\"image\/jpeg\" \/>\n<meta name=\"twitter:card\" content=\"summary_large_image\" \/>\n<meta name=\"twitter:label1\" content=\"Dur\u00e9e de lecture estim\u00e9e\" \/>\n\t<meta name=\"twitter:data1\" content=\"3 minutes\" \/>\n<!-- \/ Yoast SEO plugin. -->","yoast_head_json":{"title":"Assurance Skoda Octavia \u2013 Prix et devis en ligne \u2013 Leocare","robots":{"index":"index","follow":"follow","max-snippet":"max-snippet:-1","max-image-preview":"max-image-preview:large","max-video-preview":"max-video-preview:-1"},"canonical":"https:\/\/leocare.eu\/fr\/assurance-auto-en-ligne\/skoda\/octavia\/","og_locale":"fr_FR","og_type":"article","og_title":"Assurance Skoda Octavia \u2013 Prix et devis en ligne \u2013 Leocare","og_description":"La Skoda Octavia 4 est une berline spacieuse et moderne, appr\u00e9ci\u00e9e pour son confort de conduite et ses nombreuses innovations. Adapt\u00e9e aussi bien aux trajets du quotidien qu\u2019aux longs d\u00e9placements, elle attire des profils vari\u00e9s. Pour profiter de ses avantages sans souci, il est essentiel d\u2019\u00e9valuer le co\u00fbt de son assurance. Selon l\u2019anciennet\u00e9, la motorisation [&hellip;]","og_url":"https:\/\/leocare.eu\/fr\/assurance-auto-en-ligne\/skoda\/octavia\/","og_site_name":"Leocare, assurance en ligne automobile et habitation","article_modified_time":"2026-03-23T10:31:00+00:00","og_image":[{"width":800,"height":505,"url":"https:\/\/leocare.eu\/fr\/wp-content\/uploads\/2025\/10\/skoda-octavia.jpg","type":"image\/jpeg"}],"twitter_card":"summary_large_image","twitter_misc":{"Dur\u00e9e de lecture estim\u00e9e":"3 minutes"},"schema":{"@context":"https:\/\/schema.org","@graph":[{"@type":"WebPage","@id":"https:\/\/leocare.eu\/fr\/assurance-auto-en-ligne\/skoda\/octavia\/","url":"https:\/\/leocare.eu\/fr\/assurance-auto-en-ligne\/skoda\/octavia\/","name":"Assurance Skoda Octavia \u2013 Prix et devis en ligne \u2013 Leocare","isPartOf":{"@id":"https:\/\/leocare.eu\/fr\/#website"},"primaryImageOfPage":{"@id":"https:\/\/leocare.eu\/fr\/assurance-auto-en-ligne\/skoda\/octavia\/#primaryimage"},"image":{"@id":"https:\/\/leocare.eu\/fr\/assurance-auto-en-ligne\/skoda\/octavia\/#primaryimage"},"thumbnailUrl":"https:\/\/leocare.eu\/fr\/wp-content\/uploads\/2025\/10\/skoda-octavia.jpg","datePublished":"2026-03-11T10:54:38+00:00","dateModified":"2026-03-23T10:31:00+00:00","breadcrumb":{"@id":"https:\/\/leocare.eu\/fr\/assurance-auto-en-ligne\/skoda\/octavia\/#breadcrumb"},"inLanguage":"fr-FR","potentialAction":[{"@type":"ReadAction","target":["https:\/\/leocare.eu\/fr\/assurance-auto-en-ligne\/skoda\/octavia\/"]}]},{"@type":"ImageObject","inLanguage":"fr-FR","@id":"https:\/\/leocare.eu\/fr\/assurance-auto-en-ligne\/skoda\/octavia\/#primaryimage","url":"https:\/\/leocare.eu\/fr\/wp-content\/uploads\/2025\/10\/skoda-octavia.jpg","contentUrl":"https:\/\/leocare.eu\/fr\/wp-content\/uploads\/2025\/10\/skoda-octavia.jpg","width":800,"height":505,"caption":"skoda octavia"},{"@type":"WebSite","@id":"https:\/\/leocare.eu\/fr\/#website","url":"https:\/\/leocare.eu\/fr\/","name":"Leocare, assurance en ligne automobile et habitation","description":"enfin (r)assur\u00e9.e","publisher":{"@id":"https:\/\/leocare.eu\/fr\/#organization"},"potentialAction":[{"@type":"SearchAction","target":{"@type":"EntryPoint","urlTemplate":"https:\/\/leocare.eu\/fr\/?s={search_term_string}"},"query-input":{"@type":"PropertyValueSpecification","valueRequired":true,"valueName":"search_term_string"}}],"inLanguage":"fr-FR"},{"@type":"Organization","@id":"https:\/\/leocare.eu\/fr\/#organization","name":"Leocare, assurance en ligne automobile et habitation","url":"https:\/\/leocare.eu\/fr\/","logo":{"@type":"ImageObject","inLanguage":"fr-FR","@id":"https:\/\/leocare.eu\/fr\/#\/schema\/logo\/image\/","url":"https:\/\/leocare.eu\/fr\/wp-content\/uploads\/2020\/03\/logo-leocare.svg","contentUrl":"https:\/\/leocare.eu\/fr\/wp-content\/uploads\/2020\/03\/logo-leocare.svg","caption":"Leocare, assurance en ligne automobile et habitation"},"image":{"@id":"https:\/\/leocare.eu\/fr\/#\/schema\/logo\/image\/"}}]}},"_links":{"self":[{"href":"https:\/\/leocare.eu\/fr\/wp-json\/wp\/v2\/pages\/39117","targetHints":{"allow":["GET"]}}],"collection":[{"href":"https:\/\/leocare.eu\/fr\/wp-json\/wp\/v2\/pages"}],"about":[{"href":"https:\/\/leocare.eu\/fr\/wp-json\/wp\/v2\/types\/page"}],"author":[{"embeddable":true,"href":"https:\/\/leocare.eu\/fr\/wp-json\/wp\/v2\/users\/34"}],"replies":[{"embeddable":true,"href":"https:\/\/leocare.eu\/fr\/wp-json\/wp\/v2\/comments?post=39117"}],"version-history":[{"count":3,"href":"https:\/\/leocare.eu\/fr\/wp-json\/wp\/v2\/pages\/39117\/revisions"}],"predecessor-version":[{"id":39808,"href":"https:\/\/leocare.eu\/fr\/wp-json\/wp\/v2\/pages\/39117\/revisions\/39808"}],"up":[{"embeddable":true,"href":"https:\/\/leocare.eu\/fr\/wp-json\/wp\/v2\/pages\/39070"}],"wp:featuredmedia":[{"embeddable":true,"href":"https:\/\/leocare.eu\/fr\/wp-json\/wp\/v2\/media\/33581"}],"wp:attachment":[{"href":"https:\/\/leocare.eu\/fr\/wp-json\/wp\/v2\/media?parent=39117"}],"curies":[{"name":"wp","href":"https:\/\/api.w.org\/{rel}","templated":true}]}}