{"id":39104,"date":"2026-03-11T11:40:09","date_gmt":"2026-03-11T10:40:09","guid":{"rendered":"https:\/\/leocare.eu\/fr\/?page_id=39104"},"modified":"2026-04-07T16:51:47","modified_gmt":"2026-04-07T14:51:47","slug":"stonic","status":"publish","type":"page","link":"https:\/\/leocare.eu\/fr\/assurance-auto-en-ligne\/kia\/stonic\/","title":{"rendered":"Assurance Kia Stonic : prix et formules"},"content":{"rendered":"\n<p><em>Le Kia Stonic est un SUV compact pens\u00e9 pour ceux qui recherchent une voiture moderne, pratique et \u00e9conomique, aussi bien adapt\u00e9e \u00e0 la ville qu\u2019aux trajets plus longs. Avant de s\u2019engager, il est important d\u2019\u00e9valuer le co\u00fbt de son assurance. En fonction de l\u2019anciennet\u00e9 du mod\u00e8le, du profil de l\u2019assur\u00e9 et de la formule choisie, les primes mensuelles s\u2019\u00e9tendent entre <span class=\"change-price\">51<\/span> \u20ac et <span class=\"change-price\">139<\/span> \u20ac. Choisir une <a href=\"https:\/\/leocare.eu\/fr\/assurance-auto-en-ligne\/\">assurance voiture<\/a> bien adapt\u00e9e permet de b\u00e9n\u00e9ficier d\u2019une couverture coh\u00e9rente et d\u2019une conduite en toute tranquillit\u00e9.<\/em><\/p>\n\n\n\n<h2 class=\"wp-block-heading\">Comment \u00e9volue le prix d\u2019une assurance pour Kia Stonic ?<\/h2>\n\n\n\n<p>Le tarif de l\u2019assurance est d\u00e9termin\u00e9 par plusieurs crit\u00e8res :<\/p>\n\n\n\n<ul class=\"wp-block-list\">\n<li><strong>\u00c2ge du v\u00e9hicule<\/strong> : un Stonic d\u2019occasion est toujours plus abordable qu\u2019un mod\u00e8le neuf.<\/li>\n\n\n\n<li><strong>Profil du conducteur<\/strong> : un conducteur exp\u00e9riment\u00e9 profite d\u2019une prime plus avantageuse qu\u2019un jeune ou un maluss\u00e9.<\/li>\n\n\n\n<li><strong>Motorisation<\/strong> : un moteur plus puissant entra\u00eene g\u00e9n\u00e9ralement un co\u00fbt sup\u00e9rieur.<\/li>\n\n\n\n<li><strong>Lieu de r\u00e9sidence et usage<\/strong> : un usage urbain intensif accro\u00eet le risque et augmente la cotisation.<\/li>\n\n\n\n<li><strong>Garanties choisies<\/strong> : une formule \u00e9tendue entra\u00eene un tarif plus \u00e9lev\u00e9.<\/li>\n<\/ul>\n\n\n\n<h3 class=\"wp-block-heading\">Prix selon l\u2019anciennet\u00e9 de Kia Stonic<\/h3>\n\n\n\n<figure class=\"wp-block-table\"><table class=\"has-fixed-layout\"><thead><tr><th>Mod\u00e8le<\/th><th>Ann\u00e9e<\/th><th>Motorisation<\/th><th>Prix min (\u20ac\/mois)<\/th><th>Prix max (\u20ac\/mois)<\/th><\/tr><\/thead><tbody><tr><td>Stonic Occasion<\/td><td>2021<\/td><td>Essence 100 ch<\/td><td><span class=\"change-price\">51<\/span> \u20ac<\/td><td><span class=\"change-price\">89<\/span> \u20ac<\/td><\/tr><tr><td>Stonic Neuf<\/td><td>2024<\/td><td>Hybride 120 ch<\/td><td><span class=\"change-price\">62<\/span> \u20ac<\/td><td><span class=\"change-price\">103<\/span> \u20ac<\/td><\/tr><tr><td>Stonic Malus<\/td><td>2024<\/td><td>Hybride 120 ch<\/td><td><span class=\"change-price\">118<\/span> \u20ac<\/td><td><span class=\"change-price\">139<\/span> \u20ac<\/td><\/tr><\/tbody><\/table><\/figure>\n\n\n\n<h3 class=\"wp-block-heading\">Prix de l\u2019assurance auto selon la couverture<\/h3>\n\n\n\n<p>Trois grandes formules influencent le prix :<\/p>\n\n\n\n<ul class=\"wp-block-list\">\n<li><a href=\"https:\/\/leocare.eu\/fr\/assurance-auto-en-ligne\/tiers\/\"><strong>Assurance au tiers<\/strong><\/a> : la formule la plus \u00e9conomique, couvrant le minimum l\u00e9gal. Elle permet une r\u00e9duction imm\u00e9diate du co\u00fbt mais reste limit\u00e9e.<\/li>\n\n\n\n<li><a href=\"https:\/\/leocare.eu\/fr\/assurance-auto-en-ligne\/tiers\/plus\/\"><strong>Assurance au tiers plus<\/strong><\/a> : inclut des garanties comme le vol ou le bris de glace. Ce tiers plus repr\u00e9sente un bon compromis entre budget et couverture.<\/li>\n\n\n\n<li><a href=\"https:\/\/leocare.eu\/fr\/assurance-auto-en-ligne\/tous-risques\/\"><strong>Assurance tous risques<\/strong><\/a> : la plus compl\u00e8te, couvrant la majorit\u00e9 des sinistres et offrant une protection renforc\u00e9e, y compris face \u00e0 certaines catastrophes.<\/li>\n<\/ul>\n\n\n\n<figure class=\"wp-block-table\"><table class=\"has-fixed-layout\"><thead><tr><th>Formule<\/th><th>Fourchette basse (\u20ac\/mois)<\/th><th>Moyenne (\u20ac\/mois)<\/th><th>Fourchette haute (\u20ac\/mois)<\/th><\/tr><\/thead><tbody><tr><td>Tiers<\/td><td><span class=\"change-price\">24<\/span> \u20ac<\/td><td><span class=\"change-price\">47<\/span> \u20ac<\/td><td><span class=\"change-price\">74<\/span> \u20ac<\/td><\/tr><tr><td>Tiers plus<\/td><td><span class=\"change-price\">32<\/span> \u20ac<\/td><td><span class=\"change-price\">55<\/span> \u20ac<\/td><td><span class=\"change-price\">88<\/span> \u20ac<\/td><\/tr><tr><td>Tous risques<\/td><td><span class=\"change-price\">40<\/span> \u20ac<\/td><td><span class=\"change-price\">70<\/span> \u20ac<\/td><td><span class=\"change-price\">104<\/span> \u20ac<\/td><\/tr><\/tbody><\/table><\/figure>\n\n\n\n<h3 class=\"wp-block-heading\">Prix pour un jeune conducteur<\/h3>\n\n\n\n<p>Un <a href=\"https:\/\/leocare.eu\/fr\/assurance-auto-en-ligne\/couverture\/formules\/specifiques\/tout-conducteur\/jeune-conducteur\/\">jeune conducteur<\/a> paie une surprime importante. Ce surco\u00fbt traduit le risque \u00e9lev\u00e9 associ\u00e9 \u00e0 un profil manquant d\u2019exp\u00e9rience.<\/p>\n\n\n\n<figure class=\"wp-block-table\"><table class=\"has-fixed-layout\"><thead><tr><th>Profil conducteur<\/th><th>Fourchette basse (\u20ac\/mois)<\/th><th>Fourchette haute (\u20ac\/mois)<\/th><\/tr><\/thead><tbody><tr><td>Exp\u00e9riment\u00e9<\/td><td><span class=\"change-price\">42<\/span> \u20ac<\/td><td><span class=\"change-price\">96<\/span> \u20ac<\/td><\/tr><tr><td>Jeune conducteur<\/td><td><span class=\"change-price\">77<\/span> \u20ac<\/td><td><span class=\"change-price\">133<\/span> \u20ac<\/td><\/tr><\/tbody><\/table><\/figure>\n\n\n\n<h3 class=\"wp-block-heading\">Avec ou sans conducteur secondaire<\/h3>\n\n\n\n<p>Inclure un <a href=\"https:\/\/leocare.eu\/fr\/assurance-auto-en-ligne\/couverture\/garanties\/complementaires\/dommages-corporels\/conducteur-secondaire\/\">conducteur secondaire<\/a> dans le contrat entra\u00eene une l\u00e9g\u00e8re hausse du tarif. Cette option reste pratique pour partager l\u2019usage du v\u00e9hicule au quotidien.<\/p>\n\n\n\n<figure class=\"wp-block-table\"><table class=\"has-fixed-layout\"><thead><tr><th>Situation<\/th><th>Prix moyen (\u20ac\/mois)<\/th><\/tr><\/thead><tbody><tr><td>Sans conducteur secondaire<\/td><td><span class=\"change-price\">68<\/span> \u20ac<\/td><\/tr><tr><td>Avec conducteur secondaire<\/td><td><span class=\"change-price\">76<\/span> \u20ac<\/td><\/tr><\/tbody><\/table><\/figure>\n\n\n\n<h3 class=\"wp-block-heading\">Calculer la prime selon le bonus-malus<\/h3>\n\n\n\n<p>Le <a href=\"https:\/\/leocare.eu\/fr\/assurance-auto-en-ligne\/couverture\/contrat\/releve-information\/malus\/calcul-bonus-malus\/\">calcul du bonus-malus<\/a> repose sur un coefficient ajust\u00e9 chaque ann\u00e9e. Un conducteur prudent profite de r\u00e9ductions significatives, tandis qu\u2019un malus entra\u00eene une nette augmentation du tarif.<\/p>\n\n\n\n<figure class=\"wp-block-table\"><table class=\"has-fixed-layout\"><thead><tr><th>Situation<\/th><th>Fourchette basse (\u20ac\/mois)<\/th><th>Moyenne (\u20ac\/mois)<\/th><th>Fourchette haute (\u20ac\/mois)<\/th><\/tr><\/thead><tbody><tr><td>Bonus max<\/td><td><span class=\"change-price\">28<\/span> \u20ac<\/td><td><span class=\"change-price\">46<\/span> \u20ac<\/td><td><span class=\"change-price\">71<\/span> \u20ac<\/td><\/tr><tr><td>Bonus faible<\/td><td><span class=\"change-price\">37<\/span> \u20ac<\/td><td><span class=\"change-price\">62<\/span> \u20ac<\/td><td><span class=\"change-price\">95<\/span> \u20ac<\/td><\/tr><tr><td>Malus<\/td><td><span class=\"change-price\">118<\/span> \u20ac<\/td><td><span class=\"change-price\">126<\/span> \u20ac<\/td><td><span class=\"change-price\">139<\/span> \u20ac<\/td><\/tr><\/tbody><\/table><\/figure>\n\n\n\n<h3 class=\"wp-block-heading\">Prix selon la motorisation (diesel ou essence)<\/h3>\n\n\n\n<p>La motorisation joue un r\u00f4le cl\u00e9 dans le calcul de la prime : plus elle est puissante, plus l\u2019assurance est on\u00e9reuse. L\u2019ajout d\u2019un <a href=\"https:\/\/leocare.eu\/fr\/assurance-auto-en-ligne\/couverture\/garanties\/complementaires\/dommages-corporels\/conducteur-secondaire\/\">conducteur secondaire<\/a> peut \u00e9galement impacter le montant.<\/p>\n\n\n\n<figure class=\"wp-block-table\"><table class=\"has-fixed-layout\"><thead><tr><th>Motorisation<\/th><th>Fourchette basse (\u20ac\/mois)<\/th><th>Moyenne (\u20ac\/mois)<\/th><th>Fourchette haute (\u20ac\/mois)<\/th><\/tr><\/thead><tbody><tr><td>Essence 100 ch<\/td><td><span class=\"change-price\">26<\/span> \u20ac<\/td><td><span class=\"change-price\">50<\/span> \u20ac<\/td><td><span class=\"change-price\">75<\/span> \u20ac<\/td><\/tr><tr><td>Essence 120 ch<\/td><td><span class=\"change-price\">33<\/span> \u20ac<\/td><td><span class=\"change-price\">57<\/span> \u20ac<\/td><td><span class=\"change-price\">91<\/span> \u20ac<\/td><\/tr><tr><td>Hybride 120 ch<\/td><td><span class=\"change-price\">40<\/span> \u20ac<\/td><td><span class=\"change-price\">67<\/span> \u20ac<\/td><td><span class=\"change-price\">100<\/span> \u20ac<\/td><\/tr><\/tbody><\/table><\/figure>\n\n\n\n<h2 class=\"wp-block-heading\">Comment souscrire une assurance Kia Stonic en ligne ?<\/h2>\n\n\n\n<p>La souscription est simple et rapide. <strong>Depuis l\u2019application ou le site, vous renseignez vos informations et recevez plusieurs devis adapt\u00e9s.<\/strong> Vous pouvez ajuster vos garanties selon vos besoins sp\u00e9cifiques.<\/p>\n\n\n\n<p>Une fois le contrat choisi, <strong>la signature est \u00e9lectronique et la couverture d\u00e9bute imm\u00e9diatement.<\/strong> Les documents officiels sont envoy\u00e9s par mail, et l\u2019ancien contrat peut \u00eatre r\u00e9sili\u00e9 automatiquement pour simplifier les d\u00e9marches.<\/p>\n\n\n\n<h2 class=\"wp-block-heading\">Les avantages d\u2019assurer sa Kia Stonic chez Leocare<\/h2>\n\n\n\n<p>Avec Leocare, assurer un Kia Stonic devient pratique et flexible. <strong>L\u2019application permet de g\u00e9rer les garanties en temps r\u00e9el et de ma\u00eetriser son budget facilement.<\/strong><\/p>\n\n\n\n<p><strong>Les points forts de Leocare :<\/strong><\/p>\n\n\n\n<ul class=\"wp-block-list\">\n<li>Souscription 100 % mobile et activation imm\u00e9diate.<\/li>\n\n\n\n<li>Formules claires adapt\u00e9es \u00e0 tous les conducteurs.<\/li>\n\n\n\n<li>Franchises modulables et plafonds comp\u00e9titifs.<\/li>\n\n\n\n<li>Assistance disponible d\u00e8s le premier kilom\u00e8tre.<\/li>\n\n\n\n<li>R\u00e9siliation simplifi\u00e9e de l\u2019ancien contrat.<\/li>\n\n\n\n<li>Jusqu\u2019\u00e0 237 euros d\u2019\u00e9conomies par an avec votre <a href=\"https:\/\/leocare.eu\/fr\/assurance-auto-en-ligne\/devis\/\">devis en ligne<\/a>.<\/li>\n<\/ul>\n\n\n\n<p>Avec Leocare, <strong>assurer une Kia Stonic devient rapide, avantageux et parfaitement adapt\u00e9 aux besoins quotidiens.<\/strong><\/p>\n","protected":false},"excerpt":{"rendered":"<p>Le Kia Stonic est un SUV compact pens\u00e9 pour ceux qui recherchent une voiture moderne, pratique et \u00e9conomique, aussi bien adapt\u00e9e \u00e0 la ville qu\u2019aux trajets plus longs. Avant de s\u2019engager, il est important d\u2019\u00e9valuer le co\u00fbt de son assurance. En fonction de l\u2019anciennet\u00e9 du mod\u00e8le, du profil de l\u2019assur\u00e9 et de la formule choisie, [&hellip;]<\/p>\n","protected":false},"author":34,"featured_media":33578,"parent":39065,"menu_order":0,"comment_status":"closed","ping_status":"closed","template":"template_seo.php","meta":{"_acf_changed":false,"footnotes":""},"class_list":["post-39104","page","type-page","status-publish","has-post-thumbnail","hentry"],"acf":[],"yoast_head":"<!-- This site is optimized with the Yoast SEO plugin v27.3 - https:\/\/yoast.com\/product\/yoast-seo-wordpress\/ -->\n<title>Assurance Kia Stonic \u2013 Prix et devis en ligne \u2013 Leocare<\/title>\n<meta name=\"robots\" content=\"index, follow, max-snippet:-1, max-image-preview:large, max-video-preview:-1\" \/>\n<link rel=\"canonical\" href=\"https:\/\/leocare.eu\/fr\/assurance-auto-en-ligne\/kia\/stonic\/\" \/>\n<meta property=\"og:locale\" content=\"fr_FR\" \/>\n<meta property=\"og:type\" content=\"article\" \/>\n<meta property=\"og:title\" content=\"Assurance Kia Stonic \u2013 Prix et devis en ligne \u2013 Leocare\" \/>\n<meta property=\"og:description\" content=\"Le Kia Stonic est un SUV compact pens\u00e9 pour ceux qui recherchent une voiture moderne, pratique et \u00e9conomique, aussi bien adapt\u00e9e \u00e0 la ville qu\u2019aux trajets plus longs. Avant de s\u2019engager, il est important d\u2019\u00e9valuer le co\u00fbt de son assurance. En fonction de l\u2019anciennet\u00e9 du mod\u00e8le, du profil de l\u2019assur\u00e9 et de la formule choisie, [&hellip;]\" \/>\n<meta property=\"og:url\" content=\"https:\/\/leocare.eu\/fr\/assurance-auto-en-ligne\/kia\/stonic\/\" \/>\n<meta property=\"og:site_name\" content=\"Leocare, assurance en ligne automobile et habitation\" \/>\n<meta property=\"article:modified_time\" content=\"2026-04-07T14:51:47+00:00\" \/>\n<meta property=\"og:image\" content=\"https:\/\/leocare.eu\/fr\/wp-content\/uploads\/2025\/10\/kia-stonic.jpg\" \/>\n\t<meta property=\"og:image:width\" content=\"800\" \/>\n\t<meta property=\"og:image:height\" content=\"505\" \/>\n\t<meta property=\"og:image:type\" content=\"image\/jpeg\" \/>\n<meta name=\"twitter:card\" content=\"summary_large_image\" \/>\n<meta name=\"twitter:label1\" content=\"Est. reading time\" \/>\n\t<meta name=\"twitter:data1\" content=\"3 minutes\" \/>\n<!-- \/ Yoast SEO plugin. -->","yoast_head_json":{"title":"Assurance Kia Stonic \u2013 Prix et devis en ligne \u2013 Leocare","robots":{"index":"index","follow":"follow","max-snippet":"max-snippet:-1","max-image-preview":"max-image-preview:large","max-video-preview":"max-video-preview:-1"},"canonical":"https:\/\/leocare.eu\/fr\/assurance-auto-en-ligne\/kia\/stonic\/","og_locale":"fr_FR","og_type":"article","og_title":"Assurance Kia Stonic \u2013 Prix et devis en ligne \u2013 Leocare","og_description":"Le Kia Stonic est un SUV compact pens\u00e9 pour ceux qui recherchent une voiture moderne, pratique et \u00e9conomique, aussi bien adapt\u00e9e \u00e0 la ville qu\u2019aux trajets plus longs. Avant de s\u2019engager, il est important d\u2019\u00e9valuer le co\u00fbt de son assurance. En fonction de l\u2019anciennet\u00e9 du mod\u00e8le, du profil de l\u2019assur\u00e9 et de la formule choisie, [&hellip;]","og_url":"https:\/\/leocare.eu\/fr\/assurance-auto-en-ligne\/kia\/stonic\/","og_site_name":"Leocare, assurance en ligne automobile et habitation","article_modified_time":"2026-04-07T14:51:47+00:00","og_image":[{"width":800,"height":505,"url":"https:\/\/leocare.eu\/fr\/wp-content\/uploads\/2025\/10\/kia-stonic.jpg","type":"image\/jpeg"}],"twitter_card":"summary_large_image","twitter_misc":{"Est. reading time":"3 minutes"},"schema":{"@context":"https:\/\/schema.org","@graph":[{"@type":"WebPage","@id":"https:\/\/leocare.eu\/fr\/assurance-auto-en-ligne\/kia\/stonic\/","url":"https:\/\/leocare.eu\/fr\/assurance-auto-en-ligne\/kia\/stonic\/","name":"Assurance Kia Stonic \u2013 Prix et devis en ligne \u2013 Leocare","isPartOf":{"@id":"https:\/\/leocare.eu\/fr\/#website"},"primaryImageOfPage":{"@id":"https:\/\/leocare.eu\/fr\/assurance-auto-en-ligne\/kia\/stonic\/#primaryimage"},"image":{"@id":"https:\/\/leocare.eu\/fr\/assurance-auto-en-ligne\/kia\/stonic\/#primaryimage"},"thumbnailUrl":"https:\/\/leocare.eu\/fr\/wp-content\/uploads\/2025\/10\/kia-stonic.jpg","datePublished":"2026-03-11T10:40:09+00:00","dateModified":"2026-04-07T14:51:47+00:00","breadcrumb":{"@id":"https:\/\/leocare.eu\/fr\/assurance-auto-en-ligne\/kia\/stonic\/#breadcrumb"},"inLanguage":"fr-FR","potentialAction":[{"@type":"ReadAction","target":["https:\/\/leocare.eu\/fr\/assurance-auto-en-ligne\/kia\/stonic\/"]}]},{"@type":"ImageObject","inLanguage":"fr-FR","@id":"https:\/\/leocare.eu\/fr\/assurance-auto-en-ligne\/kia\/stonic\/#primaryimage","url":"https:\/\/leocare.eu\/fr\/wp-content\/uploads\/2025\/10\/kia-stonic.jpg","contentUrl":"https:\/\/leocare.eu\/fr\/wp-content\/uploads\/2025\/10\/kia-stonic.jpg","width":800,"height":505,"caption":"kia stonic"},{"@type":"WebSite","@id":"https:\/\/leocare.eu\/fr\/#website","url":"https:\/\/leocare.eu\/fr\/","name":"Leocare, assurance en ligne automobile et habitation","description":"enfin (r)assur\u00e9.e","publisher":{"@id":"https:\/\/leocare.eu\/fr\/#organization"},"potentialAction":[{"@type":"SearchAction","target":{"@type":"EntryPoint","urlTemplate":"https:\/\/leocare.eu\/fr\/?s={search_term_string}"},"query-input":{"@type":"PropertyValueSpecification","valueRequired":true,"valueName":"search_term_string"}}],"inLanguage":"fr-FR"},{"@type":"Organization","@id":"https:\/\/leocare.eu\/fr\/#organization","name":"Leocare, assurance en ligne automobile et habitation","url":"https:\/\/leocare.eu\/fr\/","logo":{"@type":"ImageObject","inLanguage":"fr-FR","@id":"https:\/\/leocare.eu\/fr\/#\/schema\/logo\/image\/","url":"https:\/\/leocare.eu\/fr\/wp-content\/uploads\/2020\/03\/logo-leocare.svg","contentUrl":"https:\/\/leocare.eu\/fr\/wp-content\/uploads\/2020\/03\/logo-leocare.svg","caption":"Leocare, assurance en ligne automobile et habitation"},"image":{"@id":"https:\/\/leocare.eu\/fr\/#\/schema\/logo\/image\/"}}]}},"_links":{"self":[{"href":"https:\/\/leocare.eu\/fr\/wp-json\/wp\/v2\/pages\/39104","targetHints":{"allow":["GET"]}}],"collection":[{"href":"https:\/\/leocare.eu\/fr\/wp-json\/wp\/v2\/pages"}],"about":[{"href":"https:\/\/leocare.eu\/fr\/wp-json\/wp\/v2\/types\/page"}],"author":[{"embeddable":true,"href":"https:\/\/leocare.eu\/fr\/wp-json\/wp\/v2\/users\/34"}],"replies":[{"embeddable":true,"href":"https:\/\/leocare.eu\/fr\/wp-json\/wp\/v2\/comments?post=39104"}],"version-history":[{"count":3,"href":"https:\/\/leocare.eu\/fr\/wp-json\/wp\/v2\/pages\/39104\/revisions"}],"predecessor-version":[{"id":39816,"href":"https:\/\/leocare.eu\/fr\/wp-json\/wp\/v2\/pages\/39104\/revisions\/39816"}],"up":[{"embeddable":true,"href":"https:\/\/leocare.eu\/fr\/wp-json\/wp\/v2\/pages\/39065"}],"wp:featuredmedia":[{"embeddable":true,"href":"https:\/\/leocare.eu\/fr\/wp-json\/wp\/v2\/media\/33578"}],"wp:attachment":[{"href":"https:\/\/leocare.eu\/fr\/wp-json\/wp\/v2\/media?parent=39104"}],"curies":[{"name":"wp","href":"https:\/\/api.w.org\/{rel}","templated":true}]}}