{"id":39103,"date":"2026-03-11T11:40:16","date_gmt":"2026-03-11T10:40:16","guid":{"rendered":"https:\/\/leocare.eu\/fr\/?page_id=39103"},"modified":"2026-03-23T11:31:25","modified_gmt":"2026-03-23T10:31:25","slug":"picanto","status":"publish","type":"page","link":"https:\/\/leocare.eu\/fr\/assurance-auto-en-ligne\/kia\/picanto\/","title":{"rendered":"Assurance Kia Picanto : prix et formules"},"content":{"rendered":"\n<p><em>La Kia Picanto est une citadine compacte et pratique, id\u00e9ale pour les trajets urbains et les conducteurs recherchant un v\u00e9hicule \u00e9conomique. Avant de prendre le volant, il est indispensable de pr\u00e9voir le co\u00fbt de l\u2019assurance. En fonction de l\u2019anciennet\u00e9 du mod\u00e8le, du profil du conducteur et de la formule choisie, les primes mensuelles varient entre <span class=\"change-price\">26<\/span> \u20ac et <span class=\"change-price\">84<\/span> \u20ac. Souscrire une <a href=\"https:\/\/leocare.eu\/fr\/assurance-auto-en-ligne\/\">assurance auto en ligne<\/a> adapt\u00e9e permet de circuler sereinement en b\u00e9n\u00e9ficiant de garanties appropri\u00e9es.<\/em><\/p>\n\n\n\n<h2 class=\"wp-block-heading\">Comment \u00e9volue le prix d\u2019une assurance pour Kia Picanto ?<\/h2>\n\n\n\n<p>Le prix de l\u2019assurance d\u00e9pend de diff\u00e9rents facteurs :<\/p>\n\n\n\n<ul class=\"wp-block-list\">\n<li><strong>\u00c2ge du v\u00e9hicule<\/strong> : un mod\u00e8le d\u2019occasion se r\u00e9v\u00e8le toujours plus accessible qu\u2019un mod\u00e8le neuf.<\/li>\n\n\n\n<li><strong>Profil du conducteur<\/strong> : un assur\u00e9 exp\u00e9riment\u00e9 profite de tarifs r\u00e9duits par rapport \u00e0 un conducteur d\u00e9butant ou maluss\u00e9.<\/li>\n\n\n\n<li><strong>Motorisation<\/strong> : une version plus puissante entra\u00eene g\u00e9n\u00e9ralement une cotisation plus \u00e9lev\u00e9e.<\/li>\n\n\n\n<li><strong>Lieu de r\u00e9sidence et utilisation<\/strong> : rouler beaucoup ou en ville augmente le risque et donc la prime.<\/li>\n\n\n\n<li><strong>Garanties choisies<\/strong> : une couverture \u00e9largie entra\u00eene une hausse du prix.<\/li>\n<\/ul>\n\n\n\n<h3 class=\"wp-block-heading\">Prix selon l\u2019anciennet\u00e9 de Kia Picanto<\/h3>\n\n\n\n<figure class=\"wp-block-table\"><table class=\"has-fixed-layout\"><thead><tr><th>Mod\u00e8le<\/th><th>Ann\u00e9e<\/th><th>Motorisation<\/th><th>Prix min (\u20ac\/mois)<\/th><th>Prix max (\u20ac\/mois)<\/th><\/tr><\/thead><tbody><tr><td>Picanto Occasion<\/td><td>2021<\/td><td>Essence 67 ch<\/td><td><span class=\"change-price\">26<\/span> \u20ac<\/td><td><span class=\"change-price\">53<\/span> \u20ac<\/td><\/tr><tr><td>Picanto Neuve<\/td><td>2024<\/td><td>Essence 84 ch<\/td><td><span class=\"change-price\">35<\/span> \u20ac<\/td><td><span class=\"change-price\">67<\/span> \u20ac<\/td><\/tr><tr><td>Picanto Malus<\/td><td>2024<\/td><td>Essence 84 ch<\/td><td><span class=\"change-price\">74<\/span> \u20ac<\/td><td><span class=\"change-price\">84<\/span> \u20ac<\/td><\/tr><\/tbody><\/table><\/figure>\n\n\n\n<h3 class=\"wp-block-heading\">Prix de l\u2019assurance auto selon la couverture<\/h3>\n\n\n\n<p>Le choix de la formule influence fortement le tarif final :<\/p>\n\n\n\n<ul class=\"wp-block-list\">\n<li><a href=\"https:\/\/leocare.eu\/fr\/assurance-auto-en-ligne\/tiers\/\"><strong>Assurance au tiers<\/strong><\/a> : la formule la plus \u00e9conomique, couvrant uniquement le minimum l\u00e9gal. Elle r\u00e9duit les d\u00e9penses mais limite la protection.<\/li>\n\n\n\n<li><a href=\"https:\/\/leocare.eu\/fr\/assurance-auto-en-ligne\/tiers\/plus\/\"><strong>Assurance au tiers plus<\/strong><\/a> : inclut des garanties comme le vol et le bris de glace. Ce tiers plus constitue un bon compromis entre co\u00fbt et protection.<\/li>\n\n\n\n<li><a href=\"https:\/\/leocare.eu\/fr\/assurance-auto-en-ligne\/tous-risques\/\"><strong>Assurance tous risques<\/strong><\/a> : la plus compl\u00e8te, couvrant la majorit\u00e9 des sinistres, y compris certaines catastrophes naturelles.<\/li>\n<\/ul>\n\n\n\n<figure class=\"wp-block-table\"><table class=\"has-fixed-layout\"><thead><tr><th>Formule<\/th><th>Fourchette basse (\u20ac\/mois)<\/th><th>Moyenne (\u20ac\/mois)<\/th><th>Fourchette haute (\u20ac\/mois)<\/th><\/tr><\/thead><tbody><tr><td>Tiers<\/td><td><span class=\"change-price\">23<\/span> \u20ac<\/td><td><span class=\"change-price\">37<\/span> \u20ac<\/td><td><span class=\"change-price\">56<\/span> \u20ac<\/td><\/tr><tr><td>Tiers plus<\/td><td><span class=\"change-price\">29<\/span> \u20ac<\/td><td><span class=\"change-price\">45<\/span> \u20ac<\/td><td><span class=\"change-price\">64<\/span> \u20ac<\/td><\/tr><tr><td>Tous risques<\/td><td><span class=\"change-price\">36<\/span> \u20ac<\/td><td><span class=\"change-price\">51<\/span> \u20ac<\/td><td><span class=\"change-price\">70<\/span> \u20ac<\/td><\/tr><\/tbody><\/table><\/figure>\n\n\n\n<h3 class=\"wp-block-heading\">Prix pour un jeune conducteur<\/h3>\n\n\n\n<p>Un <a href=\"https:\/\/leocare.eu\/fr\/assurance-auto-en-ligne\/couverture\/formules\/specifiques\/tout-conducteur\/jeune-conducteur\/\">jeune conducteur<\/a> paie plus cher qu\u2019un conducteur exp\u00e9riment\u00e9. La surprime appliqu\u00e9e correspond au risque suppl\u00e9mentaire associ\u00e9 \u00e0 un profil peu exp\u00e9riment\u00e9.<\/p>\n\n\n\n<figure class=\"wp-block-table\"><table class=\"has-fixed-layout\"><thead><tr><th>Profil conducteur<\/th><th>Fourchette basse (\u20ac\/mois)<\/th><th>Fourchette haute (\u20ac\/mois)<\/th><\/tr><\/thead><tbody><tr><td>Exp\u00e9riment\u00e9<\/td><td><span class=\"change-price\">25<\/span> \u20ac<\/td><td><span class=\"change-price\">59<\/span> \u20ac<\/td><\/tr><tr><td>Jeune conducteur<\/td><td><span class=\"change-price\">41<\/span> \u20ac<\/td><td><span class=\"change-price\">78<\/span> \u20ac<\/td><\/tr><\/tbody><\/table><\/figure>\n\n\n\n<h3 class=\"wp-block-heading\">Avec ou sans conducteur secondaire<\/h3>\n\n\n\n<p>Ajouter un <a href=\"https:\/\/leocare.eu\/fr\/assurance-auto-en-ligne\/couverture\/garanties\/complementaires\/dommages-corporels\/conducteur-secondaire\/\">conducteur secondaire<\/a> dans le contrat peut augmenter l\u00e9g\u00e8rement la cotisation, mais reste pratique pour partager l\u2019usage du v\u00e9hicule.<\/p>\n\n\n\n<figure class=\"wp-block-table\"><table class=\"has-fixed-layout\"><thead><tr><th>Situation<\/th><th>Prix moyen (\u20ac\/mois)<\/th><\/tr><\/thead><tbody><tr><td>Sans conducteur secondaire<\/td><td><span class=\"change-price\">40<\/span> \u20ac<\/td><\/tr><tr><td>Avec conducteur secondaire<\/td><td><span class=\"change-price\">46<\/span> \u20ac<\/td><\/tr><\/tbody><\/table><\/figure>\n\n\n\n<h3 class=\"wp-block-heading\">Calculer la prime selon le bonus-malus<\/h3>\n\n\n\n<p>Le <a href=\"https:\/\/leocare.eu\/fr\/assurance-auto-en-ligne\/couverture\/contrat\/releve-information\/malus\/calcul-bonus-malus\/\">calcul du bonus-malus<\/a> repose sur un coefficient qui \u00e9volue selon le comportement de conduite. Les bons conducteurs voient leur cotisation diminuer, tandis qu\u2019un malus l\u2019augmente fortement.<\/p>\n\n\n\n<figure class=\"wp-block-table\"><table class=\"has-fixed-layout\"><thead><tr><th>Situation<\/th><th>Fourchette basse (\u20ac\/mois)<\/th><th>Moyenne (\u20ac\/mois)<\/th><th>Fourchette haute (\u20ac\/mois)<\/th><\/tr><\/thead><tbody><tr><td>Bonus max<\/td><td><span class=\"change-price\">22<\/span> \u20ac<\/td><td><span class=\"change-price\">36<\/span> \u20ac<\/td><td><span class=\"change-price\">53<\/span> \u20ac<\/td><\/tr><tr><td>Bonus faible<\/td><td><span class=\"change-price\">31<\/span> \u20ac<\/td><td><span class=\"change-price\">45<\/span> \u20ac<\/td><td><span class=\"change-price\">65<\/span> \u20ac<\/td><\/tr><tr><td>Malus<\/td><td><span class=\"change-price\">74<\/span> \u20ac<\/td><td><span class=\"change-price\">79<\/span> \u20ac<\/td><td><span class=\"change-price\">84<\/span> \u20ac<\/td><\/tr><\/tbody><\/table><\/figure>\n\n\n\n<h3 class=\"wp-block-heading\">Prix selon la motorisation (diesel ou essence)<\/h3>\n\n\n\n<p>La motorisation influence directement le co\u00fbt de l\u2019assurance. Plus la puissance est \u00e9lev\u00e9e, plus la cotisation grimpe. L\u2019ajout d\u2019un <a href=\"https:\/\/leocare.eu\/fr\/assurance-auto-en-ligne\/couverture\/garanties\/complementaires\/dommages-corporels\/conducteur-secondaire\/\">conducteur secondaire<\/a> peut aussi modifier le tarif.<\/p>\n\n\n\n<figure class=\"wp-block-table\"><table class=\"has-fixed-layout\"><thead><tr><th>Motorisation<\/th><th>Fourchette basse (\u20ac\/mois)<\/th><th>Moyenne (\u20ac\/mois)<\/th><th>Fourchette haute (\u20ac\/mois)<\/th><\/tr><\/thead><tbody><tr><td>Essence 67 ch<\/td><td><span class=\"change-price\">24<\/span> \u20ac<\/td><td><span class=\"change-price\">39<\/span> \u20ac<\/td><td><span class=\"change-price\">57<\/span> \u20ac<\/td><\/tr><tr><td>Essence 84 ch<\/td><td><span class=\"change-price\">31<\/span> \u20ac<\/td><td><span class=\"change-price\">45<\/span> \u20ac<\/td><td><span class=\"change-price\">65<\/span> \u20ac<\/td><\/tr><tr><td>Essence 100 ch<\/td><td><span class=\"change-price\">38<\/span> \u20ac<\/td><td><span class=\"change-price\">52<\/span> \u20ac<\/td><td><span class=\"change-price\">71<\/span> \u20ac<\/td><\/tr><\/tbody><\/table><\/figure>\n\n\n\n<h2 class=\"wp-block-heading\">Comment souscrire une assurance Kia Picanto en ligne ?<\/h2>\n\n\n\n<p>La souscription est rapide et simple. <strong>Depuis l\u2019application ou le site, il suffit d\u2019indiquer vos informations pour obtenir plusieurs devis personnalis\u00e9s.<\/strong> Vous pouvez ajuster vos garanties en fonction de vos besoins.<\/p>\n\n\n\n<p>Une fois valid\u00e9e, <strong>la signature est \u00e9lectronique et la couverture d\u00e9marre imm\u00e9diatement.<\/strong> Les documents vous sont envoy\u00e9s par mail et l\u2019ancien contrat peut \u00eatre r\u00e9sili\u00e9 automatiquement.<\/p>\n\n\n\n<h2 class=\"wp-block-heading\">Les avantages d\u2019assurer sa Kia Picanto chez Leocare<\/h2>\n\n\n\n<p>Leocare permet d\u2019assurer une Kia Picanto en toute simplicit\u00e9. <strong>Gr\u00e2ce \u00e0 l\u2019application, vous g\u00e9rez vos garanties en temps r\u00e9el et contr\u00f4lez votre budget facilement.<\/strong><\/p>\n\n\n\n<p><strong>Les points forts de Leocare :<\/strong><\/p>\n\n\n\n<ul class=\"wp-block-list\">\n<li>Souscription 100 % mobile et couverture imm\u00e9diate.<\/li>\n\n\n\n<li>Formules adapt\u00e9es \u00e0 tous les profils.<\/li>\n\n\n\n<li>Franchises ajustables et plafonds comp\u00e9titifs.<\/li>\n\n\n\n<li>Assistance disponible d\u00e8s le premier kilom\u00e8tre.<\/li>\n\n\n\n<li>R\u00e9siliation facilit\u00e9e de l\u2019ancien contrat.<\/li>\n\n\n\n<li>Jusqu\u2019\u00e0 237 euros d\u2019\u00e9conomies par an avec votre <a href=\"https:\/\/leocare.eu\/fr\/assurance-auto-en-ligne\/devis\/\">devis en ligne<\/a>.<\/li>\n<\/ul>\n\n\n\n<p>Avec Leocare, <strong>assurer une Kia Picanto devient rapide, avantageux et adapt\u00e9 \u00e0 vos besoins quotidiens.<\/strong><\/p>\n","protected":false},"excerpt":{"rendered":"<p>La Kia Picanto est une citadine compacte et pratique, id\u00e9ale pour les trajets urbains et les conducteurs recherchant un v\u00e9hicule \u00e9conomique. Avant de prendre le volant, il est indispensable de pr\u00e9voir le co\u00fbt de l\u2019assurance. En fonction de l\u2019anciennet\u00e9 du mod\u00e8le, du profil du conducteur et de la formule choisie, les primes mensuelles varient entre [&hellip;]<\/p>\n","protected":false},"author":34,"featured_media":33579,"parent":39065,"menu_order":0,"comment_status":"closed","ping_status":"closed","template":"template_cocon_seo.php","meta":{"_acf_changed":false,"footnotes":""},"class_list":["post-39103","page","type-page","status-publish","has-post-thumbnail","hentry"],"acf":[],"yoast_head":"<!-- This site is optimized with the Yoast SEO plugin v27.3 - https:\/\/yoast.com\/product\/yoast-seo-wordpress\/ -->\n<title>Assurance Kia Picanto \u2013 Prix et devis en ligne \u2013 Leocare<\/title>\n<meta name=\"robots\" content=\"index, follow, max-snippet:-1, max-image-preview:large, max-video-preview:-1\" \/>\n<link rel=\"canonical\" href=\"https:\/\/leocare.eu\/fr\/assurance-auto-en-ligne\/kia\/picanto\/\" \/>\n<meta property=\"og:locale\" content=\"fr_FR\" \/>\n<meta property=\"og:type\" content=\"article\" \/>\n<meta property=\"og:title\" content=\"Assurance Kia Picanto \u2013 Prix et devis en ligne \u2013 Leocare\" \/>\n<meta property=\"og:description\" content=\"La Kia Picanto est une citadine compacte et pratique, id\u00e9ale pour les trajets urbains et les conducteurs recherchant un v\u00e9hicule \u00e9conomique. Avant de prendre le volant, il est indispensable de pr\u00e9voir le co\u00fbt de l\u2019assurance. En fonction de l\u2019anciennet\u00e9 du mod\u00e8le, du profil du conducteur et de la formule choisie, les primes mensuelles varient entre [&hellip;]\" \/>\n<meta property=\"og:url\" content=\"https:\/\/leocare.eu\/fr\/assurance-auto-en-ligne\/kia\/picanto\/\" \/>\n<meta property=\"og:site_name\" content=\"Leocare, assurance en ligne automobile et habitation\" \/>\n<meta property=\"article:modified_time\" content=\"2026-03-23T10:31:25+00:00\" \/>\n<meta property=\"og:image\" content=\"https:\/\/leocare.eu\/fr\/wp-content\/uploads\/2025\/10\/kia-picanto.jpg\" \/>\n\t<meta property=\"og:image:width\" content=\"800\" \/>\n\t<meta property=\"og:image:height\" content=\"505\" \/>\n\t<meta property=\"og:image:type\" content=\"image\/jpeg\" \/>\n<meta name=\"twitter:card\" content=\"summary_large_image\" \/>\n<meta name=\"twitter:label1\" content=\"Dur\u00e9e de lecture estim\u00e9e\" \/>\n\t<meta name=\"twitter:data1\" content=\"3 minutes\" \/>\n<!-- \/ Yoast SEO plugin. -->","yoast_head_json":{"title":"Assurance Kia Picanto \u2013 Prix et devis en ligne \u2013 Leocare","robots":{"index":"index","follow":"follow","max-snippet":"max-snippet:-1","max-image-preview":"max-image-preview:large","max-video-preview":"max-video-preview:-1"},"canonical":"https:\/\/leocare.eu\/fr\/assurance-auto-en-ligne\/kia\/picanto\/","og_locale":"fr_FR","og_type":"article","og_title":"Assurance Kia Picanto \u2013 Prix et devis en ligne \u2013 Leocare","og_description":"La Kia Picanto est une citadine compacte et pratique, id\u00e9ale pour les trajets urbains et les conducteurs recherchant un v\u00e9hicule \u00e9conomique. Avant de prendre le volant, il est indispensable de pr\u00e9voir le co\u00fbt de l\u2019assurance. En fonction de l\u2019anciennet\u00e9 du mod\u00e8le, du profil du conducteur et de la formule choisie, les primes mensuelles varient entre [&hellip;]","og_url":"https:\/\/leocare.eu\/fr\/assurance-auto-en-ligne\/kia\/picanto\/","og_site_name":"Leocare, assurance en ligne automobile et habitation","article_modified_time":"2026-03-23T10:31:25+00:00","og_image":[{"width":800,"height":505,"url":"https:\/\/leocare.eu\/fr\/wp-content\/uploads\/2025\/10\/kia-picanto.jpg","type":"image\/jpeg"}],"twitter_card":"summary_large_image","twitter_misc":{"Dur\u00e9e de lecture estim\u00e9e":"3 minutes"},"schema":{"@context":"https:\/\/schema.org","@graph":[{"@type":"WebPage","@id":"https:\/\/leocare.eu\/fr\/assurance-auto-en-ligne\/kia\/picanto\/","url":"https:\/\/leocare.eu\/fr\/assurance-auto-en-ligne\/kia\/picanto\/","name":"Assurance Kia Picanto \u2013 Prix et devis en ligne \u2013 Leocare","isPartOf":{"@id":"https:\/\/leocare.eu\/fr\/#website"},"primaryImageOfPage":{"@id":"https:\/\/leocare.eu\/fr\/assurance-auto-en-ligne\/kia\/picanto\/#primaryimage"},"image":{"@id":"https:\/\/leocare.eu\/fr\/assurance-auto-en-ligne\/kia\/picanto\/#primaryimage"},"thumbnailUrl":"https:\/\/leocare.eu\/fr\/wp-content\/uploads\/2025\/10\/kia-picanto.jpg","datePublished":"2026-03-11T10:40:16+00:00","dateModified":"2026-03-23T10:31:25+00:00","breadcrumb":{"@id":"https:\/\/leocare.eu\/fr\/assurance-auto-en-ligne\/kia\/picanto\/#breadcrumb"},"inLanguage":"fr-FR","potentialAction":[{"@type":"ReadAction","target":["https:\/\/leocare.eu\/fr\/assurance-auto-en-ligne\/kia\/picanto\/"]}]},{"@type":"ImageObject","inLanguage":"fr-FR","@id":"https:\/\/leocare.eu\/fr\/assurance-auto-en-ligne\/kia\/picanto\/#primaryimage","url":"https:\/\/leocare.eu\/fr\/wp-content\/uploads\/2025\/10\/kia-picanto.jpg","contentUrl":"https:\/\/leocare.eu\/fr\/wp-content\/uploads\/2025\/10\/kia-picanto.jpg","width":800,"height":505,"caption":"kia picanto"},{"@type":"WebSite","@id":"https:\/\/leocare.eu\/fr\/#website","url":"https:\/\/leocare.eu\/fr\/","name":"Leocare, assurance en ligne automobile et habitation","description":"enfin (r)assur\u00e9.e","publisher":{"@id":"https:\/\/leocare.eu\/fr\/#organization"},"potentialAction":[{"@type":"SearchAction","target":{"@type":"EntryPoint","urlTemplate":"https:\/\/leocare.eu\/fr\/?s={search_term_string}"},"query-input":{"@type":"PropertyValueSpecification","valueRequired":true,"valueName":"search_term_string"}}],"inLanguage":"fr-FR"},{"@type":"Organization","@id":"https:\/\/leocare.eu\/fr\/#organization","name":"Leocare, assurance en ligne automobile et habitation","url":"https:\/\/leocare.eu\/fr\/","logo":{"@type":"ImageObject","inLanguage":"fr-FR","@id":"https:\/\/leocare.eu\/fr\/#\/schema\/logo\/image\/","url":"https:\/\/leocare.eu\/fr\/wp-content\/uploads\/2020\/03\/logo-leocare.svg","contentUrl":"https:\/\/leocare.eu\/fr\/wp-content\/uploads\/2020\/03\/logo-leocare.svg","caption":"Leocare, assurance en ligne automobile et habitation"},"image":{"@id":"https:\/\/leocare.eu\/fr\/#\/schema\/logo\/image\/"}}]}},"_links":{"self":[{"href":"https:\/\/leocare.eu\/fr\/wp-json\/wp\/v2\/pages\/39103","targetHints":{"allow":["GET"]}}],"collection":[{"href":"https:\/\/leocare.eu\/fr\/wp-json\/wp\/v2\/pages"}],"about":[{"href":"https:\/\/leocare.eu\/fr\/wp-json\/wp\/v2\/types\/page"}],"author":[{"embeddable":true,"href":"https:\/\/leocare.eu\/fr\/wp-json\/wp\/v2\/users\/34"}],"replies":[{"embeddable":true,"href":"https:\/\/leocare.eu\/fr\/wp-json\/wp\/v2\/comments?post=39103"}],"version-history":[{"count":3,"href":"https:\/\/leocare.eu\/fr\/wp-json\/wp\/v2\/pages\/39103\/revisions"}],"predecessor-version":[{"id":39815,"href":"https:\/\/leocare.eu\/fr\/wp-json\/wp\/v2\/pages\/39103\/revisions\/39815"}],"up":[{"embeddable":true,"href":"https:\/\/leocare.eu\/fr\/wp-json\/wp\/v2\/pages\/39065"}],"wp:featuredmedia":[{"embeddable":true,"href":"https:\/\/leocare.eu\/fr\/wp-json\/wp\/v2\/media\/33579"}],"wp:attachment":[{"href":"https:\/\/leocare.eu\/fr\/wp-json\/wp\/v2\/media?parent=39103"}],"curies":[{"name":"wp","href":"https:\/\/api.w.org\/{rel}","templated":true}]}}