{"id":38843,"date":"2026-03-05T17:17:16","date_gmt":"2026-03-05T16:17:16","guid":{"rendered":"https:\/\/leocare.eu\/fr\/?page_id=38843"},"modified":"2026-04-07T16:42:25","modified_gmt":"2026-04-07T14:42:25","slug":"fichier-agira","status":"publish","type":"page","link":"https:\/\/leocare.eu\/fr\/assurance-auto-en-ligne\/couverture\/contrat\/fichier-agira\/","title":{"rendered":"Qu&rsquo;est-ce que le fichier AGIRA ?"},"content":{"rendered":"\n<p>Vous venez de r\u00e9silier votre assurance auto ou votre assureur a mis fin \u00e0 votre contrat ? Vos donn\u00e9es ne disparaissent pas comme par magie. <strong>Elles sont conserv\u00e9es dans le fichier AGIRA, une base de donn\u00e9es consult\u00e9e par les compagnies d&rsquo;assurance avant de vous proposer un nouveau contrat.<\/strong> Que contient ce fichier, qui peut y acc\u00e9der et comment prot\u00e8ge-t-il les victimes ?<\/p>\n\n\n\n<h2 class=\"wp-block-heading\">Comment fonctionne le fichier AGIRA ?<\/h2>\n\n\n\n<p>Le fichier AGIRA est g\u00e9r\u00e9 par l&rsquo;Association pour la Gestion des Informations sur le Risque en Assurance (AGIRA), un organisme cr\u00e9\u00e9 par France Assureurs. <strong>Son fonctionnement repose sur un principe simple : chaque r\u00e9siliation de contrat d&rsquo;assurance automobile entra\u00eene une inscription au fichier.<\/strong><\/p>\n\n\n\n<p>Ce dispositif a \u00e9t\u00e9 mis en place suite \u00e0 une d\u00e9lib\u00e9ration de la CNIL du 12 d\u00e9cembre 1995. <strong>Il s&rsquo;inscrit dans le cadre de l&rsquo;article A121-1 du code des assurances<\/strong>, qui encadre la d\u00e9finition des cotisations applicables \u00e0 chaque conducteur. Il ne doit pas \u00eatre confondu avec le <a href=\"https:\/\/leocare.eu\/fr\/assurance-auto-en-ligne\/couverture\/contrat\/fichier-vehicules-assures-fva\/\">fichier des v\u00e9hicules assur\u00e9s (FVA)<\/a>, qui recense les v\u00e9hicules disposant d&rsquo;une couverture active.<\/p>\n\n\n\n<section class=\"wp-block-leocare-bon-a-savoir leocare-bas\"><div class=\"leocare-bas__head\"><img decoding=\"async\" class=\"leocare-bas__icon\" src=\"https:\/\/leocare.eu\/fr\/wp-content\/themes\/leocare-new\/assets\/img\/icon-alert-purple.svg\" alt=\"icon alerte\"\/><h3 class=\"leocare-bas__title\">Le saviez-vous ?<\/h3><\/div><div class=\"leocare-bas__content\">\n<p><strong>Le saviez-vous ?<\/strong> Environ <strong>8 millions de personnes<\/strong> figurent dans le fichier des r\u00e9siliations automobile en France. Un chiffre qui pourrait encore augmenter depuis qu&rsquo;il est possible de <a href=\"https:\/\/leocare.eu\/fr\/assurance-auto-en-ligne\/couverture\/contrat\/resiliation\/\">r\u00e9silier son assurance auto<\/a> plus facilement apr\u00e8s 1 an de contrat.<\/p>\n<\/div><\/section>\n\n\n\n<h3 class=\"wp-block-heading\">Quelles informations contient-il ?<\/h3>\n\n\n\n<p>Le fichier AGIRA rassemble plusieurs cat\u00e9gories de donn\u00e9es sur chaque assur\u00e9 concern\u00e9 par une r\u00e9siliation. <strong>Voici un tableau r\u00e9capitulatif pour y voir plus clair :<\/strong><\/p>\n\n\n\n<figure class=\"wp-block-table\"><table class=\"has-fixed-layout\"><thead><tr><th>Cat\u00e9gorie<\/th><th>D\u00e9tail des informations<\/th><\/tr><\/thead><tbody><tr><td>Identit\u00e9<\/td><td>Nom, pr\u00e9nom, date de naissance, adresse, num\u00e9ro de permis de conduire<\/td><\/tr><tr><td><a href=\"https:\/\/leocare.eu\/fr\/assurance-auto-en-ligne\/couverture\/contrat\/\">Contrat<\/a><\/td><td>Nom de l&rsquo;assureur, num\u00e9ro de contrat, date de prise d&rsquo;effet, bonus malus<\/td><\/tr><tr><td>V\u00e9hicule<\/td><td>Num\u00e9ro d&rsquo;immatriculation du v\u00e9hicule, cat\u00e9gorie, type, num\u00e9ro de s\u00e9rie<\/td><\/tr><tr><td>R\u00e9siliation<\/td><td>Date et motif de la r\u00e9siliation du contrat<\/td><\/tr><tr><td><a href=\"https:\/\/leocare.eu\/fr\/assurance-auto-en-ligne\/sinistre\/\">Sinistres<\/a><\/td><td>Sinistres survenus dans les 5 derni\u00e8res ann\u00e9es (date, responsabilit\u00e9, garantie concern\u00e9e)<\/td><\/tr><\/tbody><\/table><\/figure>\n\n\n\n<p>\u00c0 noter que le fichier ne pr\u00e9cise pas si un sinistre d\u00e9clar\u00e9 \u00e9tait responsable ou non. <strong>C&rsquo;est une limite du dispositif<\/strong> : votre nouvel assureur ne pourra pas distinguer un accident dont vous \u00eates \u00e0 l&rsquo;origine d&rsquo;un acte de vandalisme subi sur un parking, par exemple. Cette nuance peut peser sur le calcul de votre cotisation.<\/p>\n\n\n\n<h3 class=\"wp-block-heading\">Comment les assureurs l&rsquo;utilisent-ils ?<\/h3>\n\n\n\n<p>Quand vous souscrivez un nouveau contrat d&rsquo;assurance auto, votre assureur consulte le fichier AGIRA pour v\u00e9rifier vos d\u00e9clarations. <strong>C&rsquo;est un outil de lutte contre la fraude et les fausses d\u00e9clarations.<\/strong> Si vous indiquez avoir r\u00e9sili\u00e9 vous-m\u00eame votre pr\u00e9c\u00e9dent contrat alors que c&rsquo;est votre assureur qui y a mis fin, le fichier permet de le d\u00e9couvrir.<\/p>\n\n\n\n<p><strong>L&rsquo;assureur s&rsquo;en sert aussi pour calculer votre cotisation<\/strong> en fonction de votre profil r\u00e9el. Historique de sinistres, bonus malus, motif de r\u00e9siliation : tout est pris en compte pour vous proposer une prime adapt\u00e9e. Ces donn\u00e9es recoupent en grande partie celles que vous retrouvez sur votre <a href=\"https:\/\/leocare.eu\/fr\/assurance-auto-en-ligne\/couverture\/contrat\/releve-information\/\">relev\u00e9 d&rsquo;information<\/a>.<\/p>\n\n\n\n<section class=\"wp-block-leocare-bon-a-savoir leocare-bas\"><div class=\"leocare-bas__head\"><img decoding=\"async\" class=\"leocare-bas__icon\" src=\"https:\/\/leocare.eu\/fr\/wp-content\/themes\/leocare-new\/assets\/img\/icon-alert-purple.svg\" alt=\"icon alerte\"\/><h3 class=\"leocare-bas__title\">Un exemple concret<\/h3><\/div><div class=\"leocare-bas__content\">\n<p>Vous souscrivez une nouvelle assurance auto et d\u00e9clarez avoir choisi de r\u00e9silier votre pr\u00e9c\u00e9dent contrat.<strong> En consultant le fichier AGIRA, votre nouvel assureur d\u00e9couvre que c&rsquo;est votre ancien assureur qui a mis fin au contrat parce que vous aviez accumul\u00e9 trop de sinistres.<\/strong><br><br>R\u00e9sultat : votre nouvel assureur ajuste son tarif \u00e0 votre profil r\u00e9el, voire refuse de vous couvrir. Le fichier AGIRA emp\u00eache ce type de d\u00e9claration trompeuse.<\/p>\n<\/div><\/section>\n\n\n\n<h3 class=\"wp-block-heading\">Dur\u00e9e de conservation des donn\u00e9es<\/h3>\n\n\n\n<p>Vos donn\u00e9es ne restent pas ind\u00e9finiment dans le fichier AGIRA. <strong>La p\u00e9riode de stockage maximum d\u00e9pend du motif de r\u00e9siliation de votre contrat :<\/strong><\/p>\n\n\n\n<ul class=\"wp-block-list\">\n<li><strong>2 ans<\/strong> pour les r\u00e9siliations sans lien avec un sinistre (changement d&rsquo;assureur, fausse d\u00e9claration, r\u00e9siliation volontaire)<\/li>\n\n\n\n<li><strong>5 ans<\/strong> pour les r\u00e9siliations cons\u00e9cutives \u00e0 un ou plusieurs sinistres<\/li>\n\n\n\n<li><strong>Effacement imm\u00e9diat<\/strong> en cas de r\u00e9siliation pour non-paiement de prime, d\u00e8s le versement des sommes dues<\/li>\n<\/ul>\n\n\n\n<section class=\"wp-block-leocare-bon-a-savoir leocare-bas\"><div class=\"leocare-bas__head\"><img decoding=\"async\" class=\"leocare-bas__icon\" src=\"https:\/\/leocare.eu\/fr\/wp-content\/themes\/leocare-new\/assets\/img\/icon-alert-purple.svg\" alt=\"icon alerte\"\/><h3 class=\"leocare-bas__title\">Bon \u00e0 savoir<\/h3><\/div><div class=\"leocare-bas__content\">\n<p>Si vous avez \u00e9t\u00e9 r\u00e9sili\u00e9 pour non-paiement de prime, l&rsquo;information dispara\u00eet du fichier AGIRA d\u00e8s que vous r\u00e9gularisez votre situation. <strong>Concr\u00e8tement, il vous suffit de payer les sommes dues \u00e0 votre ancienne compagnie d&rsquo;assurance pour que le motif de r\u00e9siliation soit effac\u00e9. <\/strong>C&rsquo;est une information que beaucoup d&rsquo;assur\u00e9s ignorent, alors qu&rsquo;elle peut d\u00e9bloquer l&rsquo;acc\u00e8s \u00e0 un nouveau contrat d&rsquo;assurance auto.<\/p>\n<\/div><\/section>\n\n\n\n<h2 class=\"wp-block-heading\">Qui peut acc\u00e9der au fichier AGIRA ?<\/h2>\n\n\n\n<p>L&rsquo;acc\u00e8s au fichier AGIRA n&rsquo;est pas ouvert \u00e0 tout le monde, et c&rsquo;est plut\u00f4t rassurant. <strong>Seuls certains acteurs peuvent consulter vos donn\u00e9es<\/strong>, dans un cadre encadr\u00e9 par la loi.<\/p>\n\n\n\n<h3 class=\"wp-block-heading\">Assureurs et entreprises<\/h3>\n\n\n\n<p><strong>L&rsquo;acc\u00e8s au fichier est r\u00e9serv\u00e9 aux compagnies d&rsquo;assurance membres de l&rsquo;AGIRA.<\/strong> Ce sont elles qui alimentent le fichier \u00e0 chaque r\u00e9siliation et qui le consultent lorsqu&rsquo;un conducteur souhaite souscrire un nouveau contrat. Aucune autre entreprise ou personne ext\u00e9rieure au monde de l&rsquo;assurance ne peut y acc\u00e9der.<\/p>\n\n\n\n<h3 class=\"wp-block-heading\">Acc\u00e8s des assur\u00e9s<\/h3>\n\n\n\n<p>Bonne nouvelle : vous avez un droit d&rsquo;acc\u00e8s \u00e0 vos propres donn\u00e9es. <strong>Pour consulter les informations vous concernant, adressez une demande par courrier<\/strong> \u00e0 : AGIRA, 1 rue Jules Lefebvre, 75431 Paris Cedex 09.<\/p>\n\n\n\n<section class=\"wp-block-leocare-bon-a-savoir leocare-bas\"><div class=\"leocare-bas__head\"><img decoding=\"async\" class=\"leocare-bas__icon\" src=\"https:\/\/leocare.eu\/fr\/wp-content\/themes\/leocare-new\/assets\/img\/icon-alert-purple.svg\" alt=\"icon alerte\"\/><h3 class=\"leocare-bas__title\"><strong>Votre checklist avant d&rsquo;envoyer votre courrier<\/strong><\/h3><\/div><div class=\"leocare-bas__content\">\n<ul class=\"wp-block-list\">\n<li>Vos nom et pr\u00e9nom<\/li>\n\n\n\n<li>Votre date de naissance<\/li>\n\n\n\n<li>Une copie d&rsquo;un justificatif d&rsquo;identit\u00e9<\/li>\n\n\n\n<li>Si la demande est faite par un tiers : un mandat sign\u00e9 par la personne concern\u00e9e et une copie du justificatif d&rsquo;identit\u00e9 des 2 parties<\/li>\n<\/ul>\n<\/div><\/section>\n\n\n\n<p>Vous disposez aussi d&rsquo;un <strong>droit de rectification<\/strong> : si vous constatez une erreur dans les donn\u00e9es inscrites \u00e0 votre nom, vous pouvez demander leur correction. Pensez \u00e0 v\u00e9rifier vos informations, surtout avant de souscrire un nouveau contrat d&rsquo;assurance automobile.<\/p>\n\n\n\n<h3 class=\"wp-block-heading\">R\u00f4le de la CNIL<\/h3>\n\n\n\n<p>La CNIL joue un r\u00f4le de garde-fou dans l&rsquo;encadrement du fichier AGIRA. <strong>C&rsquo;est elle qui a autoris\u00e9 sa cr\u00e9ation en d\u00e9cembre 1995<\/strong> et qui veille au respect de la r\u00e9glementation sur la protection des donn\u00e9es. Vos informations sont prot\u00e9g\u00e9es et leur utilisation est limit\u00e9e aux finalit\u00e9s pr\u00e9vues par le code des assurances.<\/p>\n\n\n\n<p><strong>Votre assureur a l&rsquo;obligation de vous informer<\/strong> de votre inscription au fichier, lors de la souscription d&rsquo;un contrat comme lors de sa r\u00e9siliation. Cette mention figure normalement dans les conditions g\u00e9n\u00e9rales de votre contrat d&rsquo;assurance auto. Si vous ne l&rsquo;y trouvez pas, vous \u00eates en droit de la r\u00e9clamer.<\/p>\n\n\n\n<h2 class=\"wp-block-heading\">Pourquoi utiliser le fichier AGIRA ?<\/h2>\n\n\n\n<p>Le fichier AGIRA ne sert pas qu&rsquo;\u00e0 \u00ab ficher \u00bb les conducteurs. <strong>C&rsquo;est un dispositif qui remplit plusieurs fonctions concr\u00e8tes<\/strong>, aussi bien pour les professionnels de l&rsquo;assurance que pour les particuliers.<\/p>\n\n\n\n<h3 class=\"wp-block-heading\">Gestion des risques et pr\u00e9vention<\/h3>\n\n\n\n<p>Le fichier AGIRA permet aux assureurs d&rsquo;\u00e9valuer le risque que repr\u00e9sente chaque conducteur. <strong>En consultant l&rsquo;historique des sinistres et le bonus malus d&rsquo;un assur\u00e9<\/strong>, la compagnie d&rsquo;assurance peut adapter sa tarification. C&rsquo;est ce qui explique que 2 conducteurs ne paient pas la m\u00eame cotisation pour une couverture identique.<\/p>\n\n\n\n<p><strong>Ce syst\u00e8me participe aussi \u00e0 la pr\u00e9vention<\/strong> en incitant les conducteurs \u00e0 adopter une conduite responsable. Un profil avec peu de sinistres et un bon bonus malus sera toujours plus attractif pour d\u00e9crocher une prime avantageuse.<\/p>\n\n\n\n<h3 class=\"wp-block-heading\">R\u00f4le dans la r\u00e9siliation des contrats<\/h3>\n\n\n\n<p>Chaque r\u00e9siliation de contrat d&rsquo;assurance auto est enregistr\u00e9e dans le fichier AGIRA. <strong>Les motifs d&rsquo;inscription sont vari\u00e9s :<\/strong><\/p>\n\n\n\n<ul class=\"wp-block-list\">\n<li>R\u00e9siliation volontaire par l&rsquo;assur\u00e9 (changement de compagnie d&rsquo;assurance)<\/li>\n\n\n\n<li>R\u00e9siliation par l&rsquo;assureur suite \u00e0 un ou plusieurs sinistres<\/li>\n\n\n\n<li>R\u00e9siliation pour non-paiement de prime<\/li>\n\n\n\n<li>R\u00e9siliation pour fausse d\u00e9claration ou non-respect des obligations contractuelles<\/li>\n\n\n\n<li>Vol du v\u00e9hicule au cours des 5 derni\u00e8res ann\u00e9es<\/li>\n<\/ul>\n\n\n\n<p><strong>Le fichier permet au nouvel assureur de conna\u00eetre votre parcours<\/strong> et de vous proposer un contrat adapt\u00e9 \u00e0 votre situation r\u00e9elle. Pour aller plus loin, vous pouvez consulter le d\u00e9tail des <a href=\"https:\/\/leocare.eu\/fr\/assurance-auto-en-ligne\/couverture\/contrat\/resiliation\/motifs\/\">motifs de r\u00e9siliation de l&rsquo;assurance auto<\/a>.<\/p>\n\n\n\n<section class=\"wp-block-leocare-bon-a-savoir leocare-bas\"><div class=\"leocare-bas__head\"><img decoding=\"async\" class=\"leocare-bas__icon\" src=\"https:\/\/leocare.eu\/fr\/wp-content\/themes\/leocare-new\/assets\/img\/icon-alert-purple.svg\" alt=\"icon alerte\"\/><h3 class=\"leocare-bas__title\">Bon \u00e0 savoir<\/h3><\/div><div class=\"leocare-bas__content\">\n<p><strong>Le <a href=\"https:\/\/leocare.eu\/fr\/assurance-auto-en-ligne\/couverture\/garanties\/complementaires\/dommages-materiels\/vol\/\">vol<\/a> de votre v\u00e9hicule peut entra\u00eener une inscription au fichier AGIRA,<\/strong> m\u00eame si vous n&rsquo;avez commis aucune faute. C&rsquo;est un cas de figure que beaucoup d&rsquo;assur\u00e9s ignorent. Pensez \u00e0 v\u00e9rifier vos donn\u00e9es si vous avez \u00e9t\u00e9 victime d&rsquo;un vol dans les 5 derni\u00e8res ann\u00e9es.<\/p>\n<\/div><\/section>\n\n\n\n<h3 class=\"wp-block-heading\">Processus d&rsquo;indemnisation<\/h3>\n\n\n\n<p>Au-del\u00e0 de la gestion des r\u00e9siliations, l&rsquo;AGIRA intervient dans le processus d&rsquo;indemnisation. <strong>Le service Trans PV facilite l&rsquo;indemnisation rapide des victimes d&rsquo;accidents de la route.<\/strong> L&rsquo;organisme g\u00e8re \u00e9galement le Fichier des Victimes Indemnis\u00e9es (FIVI), qui d\u00e9taille les montants d&rsquo;indemnisation pour les dommages corporels.<\/p>\n\n\n\n<h2 class=\"wp-block-heading\">Comment le fichier AGIRA prot\u00e8ge-t-il les victimes ?<\/h2>\n\n\n\n<p>L&rsquo;AGIRA ne se limite pas \u00e0 la gestion des r\u00e9siliations. <strong>L&rsquo;organisme d\u00e9ploie plusieurs dispositifs destin\u00e9s \u00e0 accompagner les victimes<\/strong> apr\u00e8s un accident.<\/p>\n\n\n\n<h3 class=\"wp-block-heading\">Aide aux victimes d&rsquo;accidents<\/h3>\n\n\n\n<p>Le service Trans PV de l&rsquo;AGIRA acc\u00e9l\u00e8re l&rsquo;indemnisation des victimes d&rsquo;accidents de la route. <strong>Ce dispositif facilite la transmission des informations<\/strong> entre les diff\u00e9rents acteurs (forces de l&rsquo;ordre, assureurs, victimes). L&rsquo;AGIRA est aussi pr\u00e9sent dans chaque pays de l&rsquo;Union europ\u00e9enne pour accompagner les personnes en cas d&rsquo;accident \u00e0 l&rsquo;\u00e9tranger.<\/p>\n\n\n\n<h3 class=\"wp-block-heading\">Garantie de responsabilit\u00e9<\/h3>\n\n\n\n<p>Le fichier AGIRA permet de v\u00e9rifier la couverture des conducteurs en mati\u00e8re de responsabilit\u00e9 civile. <strong>En cas de d\u00e9faut d&rsquo;assurance d&rsquo;un conducteur non assur\u00e9<\/strong>, le <a href=\"https:\/\/leocare.eu\/fr\/assurance-auto-en-ligne\/sinistre\/types\/accident\/indemnisation\/fgao\/\">Fonds de Garantie des Assurances Obligatoires de Dommages (FGAO)<\/a> peut intervenir pour indemniser la victime. Ce m\u00e9canisme prot\u00e8ge les personnes impliqu\u00e9es dans un accident face \u00e0 un conducteur qui roule sans assurance.<\/p>\n\n\n\n<h3 class=\"wp-block-heading\">Soutien en cas de sinistre<\/h3>\n\n\n\n<p>Si vous avez accumul\u00e9 du malus et que vous avez \u00e9t\u00e9 r\u00e9sili\u00e9, trouver une nouvelle <a href=\"https:\/\/leocare.eu\/fr\/assurance-auto-en-ligne\/\">assurance auto<\/a> peut devenir un parcours du combattant. <strong>Le <a href=\"https:\/\/leocare.eu\/fr\/assurance-auto-en-ligne\/couverture\/formules\/specifiques\/tout-conducteur\/mauvais\/resilie\/bct\/\">Bureau Central de Tarification (BCT)<\/a> peut contraindre un assureur \u00e0 vous proposer un contrat<\/strong> au titre de l&rsquo;obligation d&rsquo;assurance. L&rsquo;AGIRA met aussi \u00e0 disposition une bo\u00eete postale de m\u00e9diation assurance pour r\u00e9soudre les conflits entre assur\u00e9s et assureurs.<\/p>\n\n\n\n<section class=\"wp-block-leocare-bon-a-savoir leocare-bas\"><div class=\"leocare-bas__head\"><img decoding=\"async\" class=\"leocare-bas__icon\" src=\"https:\/\/leocare.eu\/fr\/wp-content\/themes\/leocare-new\/assets\/img\/icon-alert-purple.svg\" alt=\"icon alerte\"\/><h3 class=\"leocare-bas__title\">Le conseil d&rsquo;expert<\/h3><\/div><div class=\"leocare-bas__content\">\n<p>Si vous \u00eates un conducteur r\u00e9sili\u00e9 avec du malus, ne restez pas sans assurance auto : <strong><a href=\"https:\/\/leocare.eu\/fr\/blog\/rouler-sans-assurance\/\">conduire sans assurance<\/a> est un d\u00e9lit passible de sanctions. <\/strong>Le BCT reste votre meilleur alli\u00e9 pour obtenir un contrat, m\u00eame apr\u00e8s plusieurs refus. Vous pouvez le saisir gratuitement, et sa d\u00e9cision s&rsquo;impose \u00e0 l&rsquo;assureur d\u00e9sign\u00e9.<\/p>\n<\/div><\/section>\n","protected":false},"excerpt":{"rendered":"<p>Vous venez de r\u00e9silier votre assurance auto ou votre assureur a mis fin \u00e0 votre contrat ? Vos donn\u00e9es ne disparaissent pas comme par magie. Elles sont conserv\u00e9es dans le fichier AGIRA, une base de donn\u00e9es consult\u00e9e par les compagnies d&rsquo;assurance avant de vous proposer un nouveau contrat. Que contient ce fichier, qui peut y [&hellip;]<\/p>\n","protected":false},"author":34,"featured_media":38844,"parent":11396,"menu_order":0,"comment_status":"closed","ping_status":"closed","template":"template_seo.php","meta":{"_acf_changed":false,"footnotes":""},"class_list":["post-38843","page","type-page","status-publish","has-post-thumbnail","hentry"],"acf":[],"yoast_head":"<!-- This site is optimized with the Yoast SEO plugin v27.3 - https:\/\/yoast.com\/product\/yoast-seo-wordpress\/ -->\n<title>Fichier AGIRA : d\u00e9finition et acc\u00e8s<\/title>\n<meta name=\"description\" content=\"Le fichier AGIRA recense vos donn\u00e9es apr\u00e8s une r\u00e9siliation d&#039;assurance auto. Contenu, dur\u00e9e de conservation, acc\u00e8s et droits des assur\u00e9s : on vous explique.\" \/>\n<meta name=\"robots\" content=\"index, follow, max-snippet:-1, max-image-preview:large, max-video-preview:-1\" \/>\n<link rel=\"canonical\" href=\"https:\/\/leocare.eu\/fr\/assurance-auto-en-ligne\/couverture\/contrat\/fichier-agira\/\" \/>\n<meta property=\"og:locale\" content=\"fr_FR\" \/>\n<meta property=\"og:type\" content=\"article\" \/>\n<meta property=\"og:title\" content=\"Fichier AGIRA : d\u00e9finition et acc\u00e8s\" \/>\n<meta property=\"og:description\" content=\"Le fichier AGIRA recense vos donn\u00e9es apr\u00e8s une r\u00e9siliation d&#039;assurance auto. Contenu, dur\u00e9e de conservation, acc\u00e8s et droits des assur\u00e9s : on vous explique.\" \/>\n<meta property=\"og:url\" content=\"https:\/\/leocare.eu\/fr\/assurance-auto-en-ligne\/couverture\/contrat\/fichier-agira\/\" \/>\n<meta property=\"og:site_name\" content=\"Leocare, assurance en ligne automobile et habitation\" \/>\n<meta property=\"article:modified_time\" content=\"2026-04-07T14:42:25+00:00\" \/>\n<meta property=\"og:image\" content=\"https:\/\/leocare.eu\/fr\/wp-content\/uploads\/2026\/03\/homme-ordinateur.jpg\" \/>\n\t<meta property=\"og:image:width\" content=\"900\" \/>\n\t<meta property=\"og:image:height\" content=\"600\" \/>\n\t<meta property=\"og:image:type\" content=\"image\/jpeg\" \/>\n<meta name=\"twitter:card\" content=\"summary_large_image\" \/>\n<meta name=\"twitter:label1\" content=\"Dur\u00e9e de lecture estim\u00e9e\" \/>\n\t<meta name=\"twitter:data1\" content=\"8 minutes\" \/>\n<!-- \/ Yoast SEO plugin. -->","yoast_head_json":{"title":"Fichier AGIRA : d\u00e9finition et acc\u00e8s","description":"Le fichier AGIRA recense vos donn\u00e9es apr\u00e8s une r\u00e9siliation d'assurance auto. Contenu, dur\u00e9e de conservation, acc\u00e8s et droits des assur\u00e9s : on vous explique.","robots":{"index":"index","follow":"follow","max-snippet":"max-snippet:-1","max-image-preview":"max-image-preview:large","max-video-preview":"max-video-preview:-1"},"canonical":"https:\/\/leocare.eu\/fr\/assurance-auto-en-ligne\/couverture\/contrat\/fichier-agira\/","og_locale":"fr_FR","og_type":"article","og_title":"Fichier AGIRA : d\u00e9finition et acc\u00e8s","og_description":"Le fichier AGIRA recense vos donn\u00e9es apr\u00e8s une r\u00e9siliation d'assurance auto. Contenu, dur\u00e9e de conservation, acc\u00e8s et droits des assur\u00e9s : on vous explique.","og_url":"https:\/\/leocare.eu\/fr\/assurance-auto-en-ligne\/couverture\/contrat\/fichier-agira\/","og_site_name":"Leocare, assurance en ligne automobile et habitation","article_modified_time":"2026-04-07T14:42:25+00:00","og_image":[{"width":900,"height":600,"url":"https:\/\/leocare.eu\/fr\/wp-content\/uploads\/2026\/03\/homme-ordinateur.jpg","type":"image\/jpeg"}],"twitter_card":"summary_large_image","twitter_misc":{"Dur\u00e9e de lecture estim\u00e9e":"8 minutes"},"schema":{"@context":"https:\/\/schema.org","@graph":[{"@type":"WebPage","@id":"https:\/\/leocare.eu\/fr\/assurance-auto-en-ligne\/couverture\/contrat\/fichier-agira\/","url":"https:\/\/leocare.eu\/fr\/assurance-auto-en-ligne\/couverture\/contrat\/fichier-agira\/","name":"Fichier AGIRA : d\u00e9finition et acc\u00e8s","isPartOf":{"@id":"https:\/\/leocare.eu\/fr\/#website"},"primaryImageOfPage":{"@id":"https:\/\/leocare.eu\/fr\/assurance-auto-en-ligne\/couverture\/contrat\/fichier-agira\/#primaryimage"},"image":{"@id":"https:\/\/leocare.eu\/fr\/assurance-auto-en-ligne\/couverture\/contrat\/fichier-agira\/#primaryimage"},"thumbnailUrl":"https:\/\/leocare.eu\/fr\/wp-content\/uploads\/2026\/03\/homme-ordinateur.jpg","datePublished":"2026-03-05T16:17:16+00:00","dateModified":"2026-04-07T14:42:25+00:00","description":"Le fichier AGIRA recense vos donn\u00e9es apr\u00e8s une r\u00e9siliation d'assurance auto. Contenu, dur\u00e9e de conservation, acc\u00e8s et droits des assur\u00e9s : on vous explique.","breadcrumb":{"@id":"https:\/\/leocare.eu\/fr\/assurance-auto-en-ligne\/couverture\/contrat\/fichier-agira\/#breadcrumb"},"inLanguage":"fr-FR","potentialAction":[{"@type":"ReadAction","target":["https:\/\/leocare.eu\/fr\/assurance-auto-en-ligne\/couverture\/contrat\/fichier-agira\/"]}]},{"@type":"ImageObject","inLanguage":"fr-FR","@id":"https:\/\/leocare.eu\/fr\/assurance-auto-en-ligne\/couverture\/contrat\/fichier-agira\/#primaryimage","url":"https:\/\/leocare.eu\/fr\/wp-content\/uploads\/2026\/03\/homme-ordinateur.jpg","contentUrl":"https:\/\/leocare.eu\/fr\/wp-content\/uploads\/2026\/03\/homme-ordinateur.jpg","width":900,"height":600,"caption":"homme ordinateur"},{"@type":"WebSite","@id":"https:\/\/leocare.eu\/fr\/#website","url":"https:\/\/leocare.eu\/fr\/","name":"Leocare, assurance en ligne automobile et habitation","description":"enfin (r)assur\u00e9.e","publisher":{"@id":"https:\/\/leocare.eu\/fr\/#organization"},"potentialAction":[{"@type":"SearchAction","target":{"@type":"EntryPoint","urlTemplate":"https:\/\/leocare.eu\/fr\/?s={search_term_string}"},"query-input":{"@type":"PropertyValueSpecification","valueRequired":true,"valueName":"search_term_string"}}],"inLanguage":"fr-FR"},{"@type":"Organization","@id":"https:\/\/leocare.eu\/fr\/#organization","name":"Leocare, assurance en ligne automobile et habitation","url":"https:\/\/leocare.eu\/fr\/","logo":{"@type":"ImageObject","inLanguage":"fr-FR","@id":"https:\/\/leocare.eu\/fr\/#\/schema\/logo\/image\/","url":"https:\/\/leocare.eu\/fr\/wp-content\/uploads\/2020\/03\/logo-leocare.svg","contentUrl":"https:\/\/leocare.eu\/fr\/wp-content\/uploads\/2020\/03\/logo-leocare.svg","caption":"Leocare, assurance en ligne automobile et habitation"},"image":{"@id":"https:\/\/leocare.eu\/fr\/#\/schema\/logo\/image\/"}}]}},"_links":{"self":[{"href":"https:\/\/leocare.eu\/fr\/wp-json\/wp\/v2\/pages\/38843","targetHints":{"allow":["GET"]}}],"collection":[{"href":"https:\/\/leocare.eu\/fr\/wp-json\/wp\/v2\/pages"}],"about":[{"href":"https:\/\/leocare.eu\/fr\/wp-json\/wp\/v2\/types\/page"}],"author":[{"embeddable":true,"href":"https:\/\/leocare.eu\/fr\/wp-json\/wp\/v2\/users\/34"}],"replies":[{"embeddable":true,"href":"https:\/\/leocare.eu\/fr\/wp-json\/wp\/v2\/comments?post=38843"}],"version-history":[{"count":3,"href":"https:\/\/leocare.eu\/fr\/wp-json\/wp\/v2\/pages\/38843\/revisions"}],"predecessor-version":[{"id":41153,"href":"https:\/\/leocare.eu\/fr\/wp-json\/wp\/v2\/pages\/38843\/revisions\/41153"}],"up":[{"embeddable":true,"href":"https:\/\/leocare.eu\/fr\/wp-json\/wp\/v2\/pages\/11396"}],"wp:featuredmedia":[{"embeddable":true,"href":"https:\/\/leocare.eu\/fr\/wp-json\/wp\/v2\/media\/38844"}],"wp:attachment":[{"href":"https:\/\/leocare.eu\/fr\/wp-json\/wp\/v2\/media?parent=38843"}],"curies":[{"name":"wp","href":"https:\/\/api.w.org\/{rel}","templated":true}]}}