{"id":38683,"date":"2026-02-27T10:53:53","date_gmt":"2026-02-27T09:53:53","guid":{"rendered":"https:\/\/leocare.eu\/fr\/?page_id=38683"},"modified":"2026-04-07T16:49:39","modified_gmt":"2026-04-07T14:49:39","slug":"conduite-supervisee","status":"publish","type":"page","link":"https:\/\/leocare.eu\/fr\/assurance-auto-en-ligne\/couverture\/formules\/specifiques\/tout-conducteur\/jeune-conducteur\/conduite-supervisee\/","title":{"rendered":"Conduite supervis\u00e9e : comment fonctionne l&rsquo;assurance ?"},"content":{"rendered":"\n<p>Vous pr\u00e9parez votre permis de conduire et la conduite supervis\u00e9e vous int\u00e9resse ? Cette formule d&rsquo;apprentissage flexible permet de prendre le volant avec un accompagnateur, mais elle implique des d\u00e9marches assurance bien pr\u00e9cises. Obtenir une assurance pour conduite supervis\u00e9e, adapter son <a href=\"https:\/\/leocare.eu\/fr\/assurance-auto-en-ligne\/\">assurance auto<\/a>, conna\u00eetre les conditions d&rsquo;assurance : on vous aide \u00e0 y voir clair pour rouler en toute l\u00e9galit\u00e9.<\/p>\n\n\n\n<h2 class=\"wp-block-heading\">Qu&rsquo;est-ce que la conduite supervis\u00e9e ?<\/h2>\n\n\n\n<p><strong>La conduite supervis\u00e9e s&rsquo;adresse aux candidats au permis B \u00e2g\u00e9s de 18 ans ou plus qui ont besoin d&rsquo;acqu\u00e9rir de l&rsquo;exp\u00e9rience de conduite avant l&rsquo;examen du permis.<\/strong> Plus souple que la conduite accompagn\u00e9e (AAC), aussi appel\u00e9e apprentissage anticip\u00e9 de la conduite, elle permet de compl\u00e9ter sa formation initiale en \u00e9cole de conduite par une phase de conduite avec un accompagnateur de son choix.<\/p>\n\n\n\n<h3 class=\"wp-block-heading\">D\u00e9finition et fonctionnement<\/h3>\n\n\n\n<p><strong>La conduite supervis\u00e9e compl\u00e8te la formation pratique en auto-\u00e9cole.<\/strong> Elle donne la possibilit\u00e9 de conduire un v\u00e9hicule automobile sous la supervision d&rsquo;un proche, membre de la famille ou ami. Contrairement \u00e0 la conduite AAC, elle ne fixe aucune dur\u00e9e minimale ni distance minimale \u00e0 parcourir, ce qui la rend adapt\u00e9e \u00e0 un large public.<\/p>\n\n\n\n<p>La formation d\u00e9bute par un <strong>rendez-vous pr\u00e9alable r\u00e9unissant l&rsquo;enseignant, l&rsquo;\u00e9l\u00e8ve et le futur accompagnateur<\/strong>. Cette formule est \u00e9galement accessible apr\u00e8s un \u00e9chec \u00e0 l&rsquo;\u00e9preuve pratique, ce qui <strong>permet de maintenir un rythme de conduite r\u00e9gulier et de reprendre confiance au volant<\/strong>. Elle se distingue de la <a href=\"https:\/\/leocare.eu\/fr\/blog\/conduite-accompagnee-avantages-assurance-auto\/\">conduite accompagn\u00e9e<\/a> par sa souplesse, puisqu&rsquo;aucun kilom\u00e9trage minimal n&rsquo;est exig\u00e9. Parmi les avantages conduite supervis\u00e9e, le prix reste un argument de poids : les heures de pratique avec l&rsquo;accompagnateur sont gratuites, contrairement aux cours de conduite en auto-\u00e9cole.<\/p>\n\n\n\n<h3 class=\"wp-block-heading\">Conditions \u00e0 remplir pour commencer<\/h3>\n\n\n\n<p>Pour acc\u00e9der \u00e0 la conduite supervis\u00e9e, le candidat doit remplir les conditions suivantes :<\/p>\n\n\n\n<ul class=\"wp-block-list\">\n<li>avoir 18 ans minimum<\/li>\n\n\n\n<li>avoir r\u00e9ussi l&rsquo;examen du code de la route (examen th\u00e9orique)<\/li>\n\n\n\n<li>avoir suivi la formation pratique de 20 heures de conduite avec un moniteur (13 heures pour un v\u00e9hicule \u00e0 bo\u00eete automatique)<\/li>\n\n\n\n<li>avoir obtenu l&rsquo;attestation de fin de formation initiale (AFFI)<\/li>\n\n\n\n<li>avoir re\u00e7u une \u00e9valuation favorable de son enseignant de la conduite<\/li>\n<\/ul>\n\n\n\n<p><strong>L&rsquo;AFFI prouve que vous avez valid\u00e9 vos acquis en auto-\u00e9cole.<\/strong> Ce document figure en annexe du livret d&rsquo;apprentissage et doit \u00eatre transmis \u00e0 la compagnie d&rsquo;assurance pour obtenir l&rsquo;extension de garantie. Il vous sera aussi demand\u00e9 lors d&rsquo;un contr\u00f4le routier.<\/p>\n\n\n\n<section class=\"wp-block-leocare-bon-a-savoir leocare-bas\"><div class=\"leocare-bas__head\"><img decoding=\"async\" class=\"leocare-bas__icon\" src=\"https:\/\/leocare.eu\/fr\/wp-content\/themes\/leocare-new\/assets\/img\/icon-alert-purple.svg\" alt=\"icon alerte\"\/><h3 class=\"leocare-bas__title\">Bon \u00e0 savoir<\/h3><\/div><div class=\"leocare-bas__content\">\n<p><strong>Vous pouvez choisir la conduite supervis\u00e9e d\u00e8s votre inscription en auto-\u00e9cole ou \u00e0 tout moment de votre formation. <\/strong>Rien ne vous oblige \u00e0 vous d\u00e9cider d\u00e8s le d\u00e9part. C\u00f4t\u00e9 budget, plusieurs solutions existent pour <a href=\"https:\/\/leocare.eu\/fr\/assurance-auto-en-ligne\/conseils\/legislation-et-reglementation\/financer-permis-conduire-sans-cpf\/\">financer le permis sans le CPF<\/a>.<\/p>\n<\/div><\/section>\n\n\n\n<h2 class=\"wp-block-heading\">Comment choisir une assurance pour la conduite supervis\u00e9e ?<\/h2>\n\n\n\n<p>Bonne nouvelle : vous n&rsquo;avez pas \u00e0 chercher une assurance automobile sp\u00e9cifique. <strong>C&rsquo;est le contrat auto de votre accompagnateur, en tant qu&rsquo;assur\u00e9 principal, qui vous couvre pendant toute la phase d&rsquo;apprentissage<\/strong>, \u00e0 condition qu&rsquo;il obtienne l&rsquo;accord assureur via une extension de garantie.<\/p>\n\n\n\n<h3 class=\"wp-block-heading\">Crit\u00e8res de s\u00e9lection<\/h3>\n\n\n\n<p>Le choix de l&rsquo;assurance accompagnateur repose sur le contrat souscrit par ce dernier. <strong>Voici les points \u00e0 v\u00e9rifier<\/strong> :<\/p>\n\n\n\n<ul class=\"wp-block-list\">\n<li>l&rsquo;assureur accepte-t-il de d\u00e9livrer une extension de garantie pour un apprenti conducteur ?<\/li>\n\n\n\n<li>l&rsquo;extension entra\u00eene-t-elle une surprime sur le contrat auto ?<\/li>\n\n\n\n<li>quelles garanties sont couvertes (responsabilit\u00e9 civile, protection assurance du conducteur, assistance routi\u00e8re) ?<\/li>\n<\/ul>\n\n\n\n<p>En cas de refus assureur, l&rsquo;accompagnateur peut r\u00e9silier son contrat (\u00e0 condition qu&rsquo;il ait plus d&rsquo;1 an) et <strong>comparer les offres d&rsquo;autres compagnies<\/strong>. Il a aussi le droit de saisir le m\u00e9diateur des assurances si le refus lui semble injustifi\u00e9. Chez Leocare, la gestion du contrat auto se fait facilement en ligne, ce qui simplifie les d\u00e9marches assurance.<\/p>\n\n\n\n<section class=\"wp-block-leocare-bon-a-savoir leocare-bas\"><div class=\"leocare-bas__head\"><img decoding=\"async\" class=\"leocare-bas__icon\" src=\"https:\/\/leocare.eu\/fr\/wp-content\/themes\/leocare-new\/assets\/img\/icon-alert-purple.svg\" alt=\"icon alerte\"\/><h3 class=\"leocare-bas__title\">Bon \u00e0 savoir<\/h3><\/div><div class=\"leocare-bas__content\">\n<p>L&rsquo;assureur peut refuser l&rsquo;extension de garantie <strong>si le candidat ou l&rsquo;accompagnateur a \u00e9t\u00e9 condamn\u00e9 pour <a href=\"https:\/\/leocare.eu\/fr\/assurance-auto-en-ligne\/conseils\/legislation-et-reglementation\/alcoolemie\/\">conduite en \u00e9tat d&rsquo;ivresse<\/a>, d\u00e9lit de fuite, refus d&rsquo;obtemp\u00e9rer, homicide ou blessures involontaires, ou conduite en p\u00e9riode de suspension du permis.<\/strong> Les risques assurance li\u00e9s \u00e0 un sinistre ant\u00e9rieur peuvent aussi motiver un refus.<\/p>\n<\/div><\/section>\n\n\n\n<h3 class=\"wp-block-heading\">Conseils pour r\u00e9duire la prime d&rsquo;assurance<\/h3>\n\n\n\n<p><strong>En r\u00e8gle g\u00e9n\u00e9rale, l&rsquo;extension de garantie n&rsquo;entra\u00eene pas de surprime.<\/strong> Certains assureurs peuvent toutefois appliquer une l\u00e9g\u00e8re majoration pour couvrir le risque li\u00e9 \u00e0 un conducteur novice. Pour mieux comprendre ce m\u00e9canisme, consultez notre guide sur la <a href=\"https:\/\/leocare.eu\/fr\/blog\/surprime-jeunes-conducteurs-assurance\/\">surprime pour les jeunes conducteurs<\/a>. Pensez aussi \u00e0 v\u00e9rifier la <a href=\"https:\/\/leocare.eu\/fr\/assurance-auto-en-ligne\/couverture\/formules\/specifiques\/tout-conducteur\/jeune-conducteur\/voitures-a-eviter\/puissantes\/fiscale\/\">puissance fiscale maximum pour un jeune conducteur<\/a> : <strong>un assureur peut refuser d&rsquo;assurer un v\u00e9hicule jug\u00e9 trop puissant pour un apprenti conducteur<\/strong>.<\/p>\n\n\n\n<p>R\u00e9aliser un <a href=\"https:\/\/leocare.eu\/fr\/assurance-auto-en-ligne\/devis\/\">devis en ligne<\/a> permet de comparer les tarifs assurance et de trouver une formule comp\u00e9titive. <strong>Leocare propose une souscription 100 % en ligne<\/strong>, rapide et sans paperasse inutile.<\/p>\n\n\n\n<h2 class=\"wp-block-heading\">Quelle est l&rsquo;importance de l&rsquo;accompagnateur ?<\/h2>\n\n\n\n<p>L&rsquo;accompagnateur joue un r\u00f4le central dans la conduite supervis\u00e9e. <strong>Son profil d\u00e9termine directement votre capacit\u00e9 \u00e0 obtenir l&rsquo;extension de garantie aupr\u00e8s de l&rsquo;assureur.<\/strong><\/p>\n\n\n\n<h3 class=\"wp-block-heading\">R\u00f4le de l&rsquo;accompagnateur<\/h3>\n\n\n\n<p>L&rsquo;accompagnateur n&rsquo;est pas un moniteur professionnel, mais un conducteur exp\u00e9riment\u00e9. <strong>Sa mission : vous accompagner dans des situations de conduite automobile vari\u00e9es<\/strong>, circulation urbaine, routes d\u00e9partementales ou autoroutes. Sa patience et ses conseils vous permettent d&rsquo;acqu\u00e9rir les bons r\u00e9flexes et de progresser \u00e0 votre rythme.<\/p>\n\n\n\n<section class=\"wp-block-leocare-bon-a-savoir leocare-bas\"><div class=\"leocare-bas__head\"><img decoding=\"async\" class=\"leocare-bas__icon\" src=\"https:\/\/leocare.eu\/fr\/wp-content\/themes\/leocare-new\/assets\/img\/icon-alert-purple.svg\" alt=\"icon alerte\"\/><h3 class=\"leocare-bas__title\">Le conseil d&rsquo;expert<\/h3><\/div><div class=\"leocare-bas__content\">\n<p><strong>Variez les conditions de conduite d\u00e8s le d\u00e9part : trajets de nuit, temps de pluie, autoroute, cr\u00e9neaux en ville.<\/strong> C&rsquo;est cette diversit\u00e9 qui pr\u00e9pare vraiment \u00e0 l&rsquo;\u00e9preuve pratique et qui am\u00e9liore votre taux de r\u00e9ussite le jour J.<\/p>\n<\/div><\/section>\n\n\n\n<h3 class=\"wp-block-heading\">Comment bien choisir son accompagnateur ?<\/h3>\n\n\n\n<p><strong>Votre accompagnateur doit r\u00e9pondre \u00e0 des conditions pr\u00e9cises fix\u00e9es par la r\u00e9glementation<\/strong> :<\/p>\n\n\n\n<ul class=\"wp-block-list\">\n<li>\u00eatre titulaire du permis B depuis au moins 5 ans sans interruption<\/li>\n\n\n\n<li>ne pas avoir fait l&rsquo;objet d&rsquo;une annulation, suspension ou invalidation du permis au cours des 5 ann\u00e9es pr\u00e9c\u00e9dentes<\/li>\n\n\n\n<li>avoir obtenu l&rsquo;accord de son assureur via une extension de garantie, qui fait office d&rsquo;autorisation de conduire en conduite supervis\u00e9e<\/li>\n<\/ul>\n\n\n\n<p>Vous pouvez d\u00e9signer plusieurs accompagnateurs, qu&rsquo;ils soient de votre famille ou non. <strong>Chaque accompagnateur devra obtenir l&rsquo;extension de garantie sur son propre contrat auto.<\/strong><\/p>\n\n\n\n<h2 class=\"wp-block-heading\">Quels v\u00e9hicules sont adapt\u00e9s \u00e0 la conduite supervis\u00e9e ?<\/h2>\n\n\n\n<p>Le v\u00e9hicule utilis\u00e9 doit respecter quelques r\u00e8gles. <strong>Celui de votre accompagnateur doit \u00eatre conforme \u00e0 la r\u00e9glementation en vigueur.<\/strong><\/p>\n\n\n\n<h3 class=\"wp-block-heading\">Caract\u00e9ristiques requises pour le v\u00e9hicule<\/h3>\n\n\n\n<p>Pour pratiquer la conduite supervis\u00e9e, le v\u00e9hicule doit disposer de :<\/p>\n\n\n\n<ul class=\"wp-block-list\">\n<li>2 r\u00e9troviseurs lat\u00e9raux (pour que l&rsquo;accompagnateur puisse surveiller la route)<\/li>\n\n\n\n<li>un macaron \u00ab conduite accompagn\u00e9e \u00bb positionn\u00e9 \u00e0 l&rsquo;arri\u00e8re gauche (autocollant ou magn\u00e9tique)<\/li>\n<\/ul>\n\n\n\n<p><strong>Ce signe distinctif permet aux autres usagers de vous identifier comme apprenti conducteur.<\/strong><\/p>\n\n\n\n<h3 class=\"wp-block-heading\">Options de location de voiture pour apprentissage<\/h3>\n\n\n\n<p>La conduite supervis\u00e9e se pratique avec le v\u00e9hicule de l&rsquo;accompagnateur. <strong>Il n&rsquo;existe pas de dispositif de location sp\u00e9cifique d\u00e9di\u00e9 aux apprentis conducteurs.<\/strong><\/p>\n\n\n\n<p>Si votre accompagnateur poss\u00e8de plusieurs voitures, il peut demander une extension de garantie pour chacune. <strong>Cela vous permet de vous exercer sur diff\u00e9rents mod\u00e8les.<\/strong><\/p>\n\n\n\n<h2 class=\"wp-block-heading\">Comment se d\u00e9roule la formation en conduite supervis\u00e9e ?<\/h2>\n\n\n\n<p>La formation en conduite supervis\u00e9e suit un parcours structur\u00e9. <strong>Chaque \u00e9tape pr\u00e9pare le candidat \u00e0 devenir un conducteur autonome.<\/strong><\/p>\n\n\n\n<h3 class=\"wp-block-heading\">\u00c9tapes principales de la formation<\/h3>\n\n\n\n<p>Voici le d\u00e9roulement type de la conduite supervis\u00e9e :<\/p>\n\n\n\n<ul class=\"wp-block-list\">\n<li>r\u00e9ussite de l&rsquo;examen du code de la route<\/li>\n\n\n\n<li>suivi de 20 heures de formation pratique minimum en auto-\u00e9cole<\/li>\n\n\n\n<li>obtention de l&rsquo;AFFI apr\u00e8s \u00e9valuation favorable du moniteur<\/li>\n\n\n\n<li>rendez-vous pr\u00e9alable entre l&rsquo;enseignant, l&rsquo;\u00e9l\u00e8ve et l&rsquo;accompagnateur<\/li>\n\n\n\n<li>demande d&rsquo;extension de garantie aupr\u00e8s de l&rsquo;assureur de l&rsquo;accompagnateur<\/li>\n\n\n\n<li>phase de conduite supervis\u00e9e (sans dur\u00e9e ni distance minimale impos\u00e9e)<\/li>\n<\/ul>\n\n\n\n<p><strong>Les limitations de vitesse sp\u00e9cifiques aux apprentis conducteurs s&rsquo;appliquent<\/strong> : 110 km\/h sur autoroute et 100 km\/h sur voie rapide. Tout exc\u00e8s de vitesse peut entra\u00eener des sanctions sur le permis probatoire. La circulation est limit\u00e9e au territoire fran\u00e7ais et un contr\u00f4le d&rsquo;alcool\u00e9mie peut \u00eatre effectu\u00e9 \u00e0 tout moment sur l&rsquo;apprenti comme sur l&rsquo;accompagnateur.<\/p>\n\n\n\n<section class=\"wp-block-leocare-bon-a-savoir leocare-bas\"><div class=\"leocare-bas__head\"><img decoding=\"async\" class=\"leocare-bas__icon\" src=\"https:\/\/leocare.eu\/fr\/wp-content\/themes\/leocare-new\/assets\/img\/icon-alert-purple.svg\" alt=\"icon alerte\"\/><h3 class=\"leocare-bas__title\"><strong>Les documents \u00e0 avoir dans votre v\u00e9hicule<\/strong><\/h3><\/div><div class=\"leocare-bas__content\">\n<ul class=\"wp-block-list\">\n<li>Certificat d&rsquo;immatriculation (<a href=\"https:\/\/leocare.eu\/fr\/assurance-auto-en-ligne\/conseils\/achat-et-revente\/tout-savoir-carte-grise\/\">carte grise<\/a>)<\/li>\n\n\n\n<li>Permis de conduire de l&rsquo;accompagnateur<\/li>\n\n\n\n<li>Livret d&rsquo;apprentissage sign\u00e9 par l&rsquo;auto-\u00e9cole<\/li>\n\n\n\n<li>Attestation de fin de formation initiale (AFFI)<\/li>\n\n\n\n<li>Avenant d&rsquo;extension de garantie d\u00e9livr\u00e9 par l&rsquo;assureur<\/li>\n<\/ul>\n<\/div><\/section>\n\n\n\n<h3 class=\"wp-block-heading\">Examen et obtention du permis<\/h3>\n\n\n\n<p><strong>Vous pouvez vous pr\u00e9senter \u00e0 l&rsquo;\u00e9preuve pratique d\u00e8s que vous vous sentez pr\u00eat<\/strong>, sans justifier d&rsquo;un nombre d&rsquo;heures ou de kilom\u00e8tres parcourus. C&rsquo;est un avantage utile pour les candidats qui ont simplement besoin de pratiquer un peu plus avant l&rsquo;examen.<\/p>\n\n\n\n<p>Apr\u00e8s l&rsquo;obtention du permis, vous entrez en p\u00e9riode probatoire de 3 ans avec 6 points. <strong>Contrairement \u00e0 l&rsquo;apprentissage anticip\u00e9, la conduite supervis\u00e9e ne permet pas de r\u00e9duire cette dur\u00e9e \u00e0 2 ans.<\/strong> Le calcul du bonus-malus d\u00e9marre uniquement apr\u00e8s l&rsquo;obtention du permis, et les titulaires du permis probatoire sont soumis \u00e0 un tarif assurance jeune conducteur.<\/p>\n\n\n\n<figure class=\"wp-block-table\"><table class=\"has-fixed-layout\"><thead><tr><th>Crit\u00e8re<\/th><th>Conduite supervis\u00e9e<\/th><th>Conduite accompagn\u00e9e (AAC)<\/th><\/tr><\/thead><tbody><tr><td>\u00c2ge minimum<\/td><td>18 ans<\/td><td>15 ans<\/td><\/tr><tr><td>P\u00e9riode probatoire<\/td><td>3 ans<\/td><td>2 ans<\/td><\/tr><tr><td>Distance minimale<\/td><td>Aucune<\/td><td>3 000 km<\/td><\/tr><tr><td>Dur\u00e9e minimale<\/td><td>Aucune<\/td><td>1 an<\/td><\/tr><tr><td>R\u00e9duction surprime jeune conducteur<\/td><td>Non<\/td><td>Oui<\/td><\/tr><\/tbody><\/table><\/figure>\n\n\n\n<section class=\"wp-block-leocare-bon-a-savoir leocare-bas\"><div class=\"leocare-bas__head\"><img decoding=\"async\" class=\"leocare-bas__icon\" src=\"https:\/\/leocare.eu\/fr\/wp-content\/themes\/leocare-new\/assets\/img\/icon-alert-purple.svg\" alt=\"icon alerte\"\/><h3 class=\"leocare-bas__title\">Bon \u00e0 savoir<\/h3><\/div><div class=\"leocare-bas__content\">\n<p>La formation post-permis, r\u00e9alis\u00e9e entre le 6e et le 12e mois apr\u00e8s l&rsquo;obtention du permis, <strong>permet de r\u00e9duire la p\u00e9riode probatoire.<\/strong> Une option \u00e0 consid\u00e9rer pour les jeunes conducteurs issus de la conduite supervis\u00e9e, notamment au moment de souscrire une <a href=\"https:\/\/leocare.eu\/fr\/assurance-auto-en-ligne\/couverture\/formules\/specifiques\/tout-conducteur\/jeune-conducteur\/\">assurance auto jeune conducteur<\/a>.<\/p>\n<\/div><\/section>\n\n\n\n<h2 class=\"wp-block-heading\">Quels services en ligne facilitent la conduite supervis\u00e9e ?<\/h2>\n\n\n\n<p>Le num\u00e9rique a simplifi\u00e9 les d\u00e9marches li\u00e9es \u00e0 la conduite supervis\u00e9e. <strong>Plusieurs outils en ligne vous facilitent la vie, de l&rsquo;assurance auto au suivi de votre apprentissage.<\/strong><\/p>\n\n\n\n<h3 class=\"wp-block-heading\">Plateformes pour g\u00e9rer l&rsquo;assurance<\/h3>\n\n\n\n<p><strong>G\u00e9rer son contrat auto en ligne est devenu la norme.<\/strong> Chez Leocare, vous pouvez souscrire assurance, modifier ou r\u00e9silier votre contrat depuis votre smartphone. R\u00e9aliser un devis gratuit ne prend que quelques minutes.<\/p>\n\n\n\n<h3 class=\"wp-block-heading\">Applications pour suivre l&rsquo;apprentissage<\/h3>\n\n\n\n<p><strong>Certaines auto-\u00e9coles proposent des applications mobiles pour suivre la progression de l&rsquo;\u00e9l\u00e8ve.<\/strong> Ces outils permettent de consulter son livret d&rsquo;apprentissage num\u00e9rique, de planifier les sessions de conduite et d&rsquo;acc\u00e9der \u00e0 des informations sur la s\u00e9curit\u00e9 routi\u00e8re.<\/p>\n\n\n\n<p>C\u00f4t\u00e9 assurance, l&rsquo;application Leocare offre un acc\u00e8s direct \u00e0 vos documents contractuels, dont l&rsquo;avenant d&rsquo;extension de garantie et la carte verte. <strong>Tous ses documents sur son t\u00e9l\u00e9phone, c&rsquo;est quand m\u00eame plus pratique que de fouiller dans la bo\u00eete \u00e0 gants.<\/strong><\/p>\n","protected":false},"excerpt":{"rendered":"<p>Vous pr\u00e9parez votre permis de conduire et la conduite supervis\u00e9e vous int\u00e9resse ? Cette formule d&rsquo;apprentissage flexible permet de prendre le volant avec un accompagnateur, mais elle implique des d\u00e9marches assurance bien pr\u00e9cises. Obtenir une assurance pour conduite supervis\u00e9e, adapter son assurance auto, conna\u00eetre les conditions d&rsquo;assurance : on vous aide \u00e0 y voir clair [&hellip;]<\/p>\n","protected":false},"author":34,"featured_media":21316,"parent":12392,"menu_order":0,"comment_status":"closed","ping_status":"closed","template":"template_seo.php","meta":{"_acf_changed":false,"footnotes":""},"class_list":["post-38683","page","type-page","status-publish","has-post-thumbnail","hentry"],"acf":[],"yoast_head":"<!-- This site is optimized with the Yoast SEO plugin v27.3 - https:\/\/yoast.com\/product\/yoast-seo-wordpress\/ -->\n<title>Conduite supervis\u00e9e et assurance auto : ce qu&#039;il faut savoir<\/title>\n<meta name=\"description\" content=\"Pratiquez la conduite supervis\u00e9e ? D\u00e9couvrez les implications pour votre assurance auto, les obligations d\u00e9claratives et les avantages pour le futur.\" \/>\n<meta name=\"robots\" content=\"index, follow, max-snippet:-1, max-image-preview:large, max-video-preview:-1\" \/>\n<link rel=\"canonical\" href=\"https:\/\/leocare.eu\/fr\/assurance-auto-en-ligne\/couverture\/formules\/specifiques\/tout-conducteur\/jeune-conducteur\/conduite-supervisee\/\" \/>\n<meta property=\"og:locale\" content=\"fr_FR\" \/>\n<meta property=\"og:type\" content=\"article\" \/>\n<meta property=\"og:title\" content=\"Conduite supervis\u00e9e et assurance auto : ce qu&#039;il faut savoir\" \/>\n<meta property=\"og:description\" content=\"Pratiquez la conduite supervis\u00e9e ? D\u00e9couvrez les implications pour votre assurance auto, les obligations d\u00e9claratives et les avantages pour le futur.\" \/>\n<meta property=\"og:url\" content=\"https:\/\/leocare.eu\/fr\/assurance-auto-en-ligne\/couverture\/formules\/specifiques\/tout-conducteur\/jeune-conducteur\/conduite-supervisee\/\" \/>\n<meta property=\"og:site_name\" content=\"Leocare, assurance en ligne automobile et habitation\" \/>\n<meta property=\"article:modified_time\" content=\"2026-04-07T14:49:39+00:00\" \/>\n<meta property=\"og:image\" content=\"https:\/\/leocare.eu\/fr\/wp-content\/uploads\/2024\/05\/jeune-conducteur-auto.jpg\" \/>\n\t<meta property=\"og:image:width\" content=\"1900\" \/>\n\t<meta property=\"og:image:height\" content=\"1200\" \/>\n\t<meta property=\"og:image:type\" content=\"image\/jpeg\" \/>\n<meta name=\"twitter:card\" content=\"summary_large_image\" \/>\n<meta name=\"twitter:label1\" content=\"Est. reading time\" \/>\n\t<meta name=\"twitter:data1\" content=\"9 minutes\" \/>\n<!-- \/ Yoast SEO plugin. -->","yoast_head_json":{"title":"Conduite supervis\u00e9e et assurance auto : ce qu'il faut savoir","description":"Pratiquez la conduite supervis\u00e9e ? D\u00e9couvrez les implications pour votre assurance auto, les obligations d\u00e9claratives et les avantages pour le futur.","robots":{"index":"index","follow":"follow","max-snippet":"max-snippet:-1","max-image-preview":"max-image-preview:large","max-video-preview":"max-video-preview:-1"},"canonical":"https:\/\/leocare.eu\/fr\/assurance-auto-en-ligne\/couverture\/formules\/specifiques\/tout-conducteur\/jeune-conducteur\/conduite-supervisee\/","og_locale":"fr_FR","og_type":"article","og_title":"Conduite supervis\u00e9e et assurance auto : ce qu'il faut savoir","og_description":"Pratiquez la conduite supervis\u00e9e ? D\u00e9couvrez les implications pour votre assurance auto, les obligations d\u00e9claratives et les avantages pour le futur.","og_url":"https:\/\/leocare.eu\/fr\/assurance-auto-en-ligne\/couverture\/formules\/specifiques\/tout-conducteur\/jeune-conducteur\/conduite-supervisee\/","og_site_name":"Leocare, assurance en ligne automobile et habitation","article_modified_time":"2026-04-07T14:49:39+00:00","og_image":[{"width":1900,"height":1200,"url":"https:\/\/leocare.eu\/fr\/wp-content\/uploads\/2024\/05\/jeune-conducteur-auto.jpg","type":"image\/jpeg"}],"twitter_card":"summary_large_image","twitter_misc":{"Est. reading time":"9 minutes"},"schema":{"@context":"https:\/\/schema.org","@graph":[{"@type":"WebPage","@id":"https:\/\/leocare.eu\/fr\/assurance-auto-en-ligne\/couverture\/formules\/specifiques\/tout-conducteur\/jeune-conducteur\/conduite-supervisee\/","url":"https:\/\/leocare.eu\/fr\/assurance-auto-en-ligne\/couverture\/formules\/specifiques\/tout-conducteur\/jeune-conducteur\/conduite-supervisee\/","name":"Conduite supervis\u00e9e et assurance auto : ce qu'il faut savoir","isPartOf":{"@id":"https:\/\/leocare.eu\/fr\/#website"},"primaryImageOfPage":{"@id":"https:\/\/leocare.eu\/fr\/assurance-auto-en-ligne\/couverture\/formules\/specifiques\/tout-conducteur\/jeune-conducteur\/conduite-supervisee\/#primaryimage"},"image":{"@id":"https:\/\/leocare.eu\/fr\/assurance-auto-en-ligne\/couverture\/formules\/specifiques\/tout-conducteur\/jeune-conducteur\/conduite-supervisee\/#primaryimage"},"thumbnailUrl":"https:\/\/leocare.eu\/fr\/wp-content\/uploads\/2024\/05\/jeune-conducteur-auto.jpg","datePublished":"2026-02-27T09:53:53+00:00","dateModified":"2026-04-07T14:49:39+00:00","description":"Pratiquez la conduite supervis\u00e9e ? D\u00e9couvrez les implications pour votre assurance auto, les obligations d\u00e9claratives et les avantages pour le futur.","breadcrumb":{"@id":"https:\/\/leocare.eu\/fr\/assurance-auto-en-ligne\/couverture\/formules\/specifiques\/tout-conducteur\/jeune-conducteur\/conduite-supervisee\/#breadcrumb"},"inLanguage":"fr-FR","potentialAction":[{"@type":"ReadAction","target":["https:\/\/leocare.eu\/fr\/assurance-auto-en-ligne\/couverture\/formules\/specifiques\/tout-conducteur\/jeune-conducteur\/conduite-supervisee\/"]}]},{"@type":"ImageObject","inLanguage":"fr-FR","@id":"https:\/\/leocare.eu\/fr\/assurance-auto-en-ligne\/couverture\/formules\/specifiques\/tout-conducteur\/jeune-conducteur\/conduite-supervisee\/#primaryimage","url":"https:\/\/leocare.eu\/fr\/wp-content\/uploads\/2024\/05\/jeune-conducteur-auto.jpg","contentUrl":"https:\/\/leocare.eu\/fr\/wp-content\/uploads\/2024\/05\/jeune-conducteur-auto.jpg","width":1900,"height":1200,"caption":"jeune homme conducteur auto"},{"@type":"WebSite","@id":"https:\/\/leocare.eu\/fr\/#website","url":"https:\/\/leocare.eu\/fr\/","name":"Leocare, assurance en ligne automobile et habitation","description":"enfin (r)assur\u00e9.e","publisher":{"@id":"https:\/\/leocare.eu\/fr\/#organization"},"potentialAction":[{"@type":"SearchAction","target":{"@type":"EntryPoint","urlTemplate":"https:\/\/leocare.eu\/fr\/?s={search_term_string}"},"query-input":{"@type":"PropertyValueSpecification","valueRequired":true,"valueName":"search_term_string"}}],"inLanguage":"fr-FR"},{"@type":"Organization","@id":"https:\/\/leocare.eu\/fr\/#organization","name":"Leocare, assurance en ligne automobile et habitation","url":"https:\/\/leocare.eu\/fr\/","logo":{"@type":"ImageObject","inLanguage":"fr-FR","@id":"https:\/\/leocare.eu\/fr\/#\/schema\/logo\/image\/","url":"https:\/\/leocare.eu\/fr\/wp-content\/uploads\/2020\/03\/logo-leocare.svg","contentUrl":"https:\/\/leocare.eu\/fr\/wp-content\/uploads\/2020\/03\/logo-leocare.svg","caption":"Leocare, assurance en ligne automobile et habitation"},"image":{"@id":"https:\/\/leocare.eu\/fr\/#\/schema\/logo\/image\/"}}]}},"_links":{"self":[{"href":"https:\/\/leocare.eu\/fr\/wp-json\/wp\/v2\/pages\/38683","targetHints":{"allow":["GET"]}}],"collection":[{"href":"https:\/\/leocare.eu\/fr\/wp-json\/wp\/v2\/pages"}],"about":[{"href":"https:\/\/leocare.eu\/fr\/wp-json\/wp\/v2\/types\/page"}],"author":[{"embeddable":true,"href":"https:\/\/leocare.eu\/fr\/wp-json\/wp\/v2\/users\/34"}],"replies":[{"embeddable":true,"href":"https:\/\/leocare.eu\/fr\/wp-json\/wp\/v2\/comments?post=38683"}],"version-history":[{"count":3,"href":"https:\/\/leocare.eu\/fr\/wp-json\/wp\/v2\/pages\/38683\/revisions"}],"predecessor-version":[{"id":41157,"href":"https:\/\/leocare.eu\/fr\/wp-json\/wp\/v2\/pages\/38683\/revisions\/41157"}],"up":[{"embeddable":true,"href":"https:\/\/leocare.eu\/fr\/wp-json\/wp\/v2\/pages\/12392"}],"wp:featuredmedia":[{"embeddable":true,"href":"https:\/\/leocare.eu\/fr\/wp-json\/wp\/v2\/media\/21316"}],"wp:attachment":[{"href":"https:\/\/leocare.eu\/fr\/wp-json\/wp\/v2\/media?parent=38683"}],"curies":[{"name":"wp","href":"https:\/\/api.w.org\/{rel}","templated":true}]}}