{"id":38659,"date":"2026-02-26T21:49:52","date_gmt":"2026-02-26T20:49:52","guid":{"rendered":"https:\/\/leocare.eu\/fr\/?page_id=38659"},"modified":"2026-02-26T21:49:54","modified_gmt":"2026-02-26T20:49:54","slug":"techniquement-reparable","status":"publish","type":"page","link":"https:\/\/leocare.eu\/fr\/assurance-auto-en-ligne\/sinistre\/epave\/techniquement-reparable\/","title":{"rendered":"Que faire en cas de v\u00e9hicule \u00e9conomiquement irr\u00e9parable mais techniquement r\u00e9parable ?"},"content":{"rendered":"\n<p>Votre voiture vient d&rsquo;\u00eatre accident\u00e9e et l&rsquo;expert vous annonce qu&rsquo;elle est \u00ab \u00e9conomiquement irr\u00e9parable mais techniquement r\u00e9parable \u00bb. Derri\u00e8re cette formule un peu barbare se cache une situation courante. Concr\u00e8tement, votre v\u00e9hicule peut \u00eatre remis en \u00e9tat, mais la facture d\u00e9passe sa valeur. Quelles sont vos options et comment vous y retrouver ?<\/p>\n\n\n\n<h2 class=\"wp-block-heading\"><strong>Comprendre la diff\u00e9rence entre irr\u00e9parable \u00e9conomiquement et techniquement<\/strong><\/h2>\n\n\n\n<p>Quand on parle de v\u00e9hicule irr\u00e9parable, le mot peut faire peur. Pourtant, <strong>il existe une nuance majeure entre l&rsquo;irr\u00e9parabilit\u00e9 technique et \u00e9conomique<\/strong>, et cette distinction change compl\u00e8tement la donne.<\/p>\n\n\n\n<h3 class=\"wp-block-heading\"><strong>Ce que signifie \u00ab techniquement r\u00e9parable \u00bb<\/strong><\/h3>\n\n\n\n<p>Un v\u00e9hicule techniquement r\u00e9parable peut \u00eatre remis en \u00e9tat de circuler apr\u00e8s intervention d&rsquo;un garagiste professionnel. <strong>L&rsquo;<\/strong><a href=\"https:\/\/leocare.eu\/fr\/assurance-auto-en-ligne\/sinistre\/expert\/\"><strong>expert automobile<\/strong><\/a><strong> mandat\u00e9 par votre assureur a examin\u00e9 les d\u00e9g\u00e2ts et a conclu que des r\u00e9parations permettraient \u00e0 votre voiture de reprendre la route.<\/strong> Il d\u00e9taille alors la liste des r\u00e9parations \u00e0 effectuer dans son rapport.<\/p>\n\n\n\n<h3 class=\"wp-block-heading\"><strong>Ce que signifie \u00ab \u00e9conomiquement irr\u00e9parable \u00bb<\/strong><\/h3>\n\n\n\n<p>Votre voiture peut \u00eatre r\u00e9par\u00e9e, mais le co\u00fbt des travaux d\u00e9passe sa valeur sur le march\u00e9. <strong>L&rsquo;assureur ne prendra donc pas en charge la totalit\u00e9 des frais de <\/strong><a href=\"https:\/\/leocare.eu\/fr\/assurance-auto-en-ligne\/sinistre\/reparations\/\"><strong>r\u00e9paration<\/strong><\/a><strong>.<\/strong> L&rsquo;indemnisation sera plafonn\u00e9e \u00e0 la valeur du v\u00e9hicule avant le sinistre. Cette situation peut d&rsquo;ailleurs survenir m\u00eame apr\u00e8s un simple dommage en stationnement, pas uniquement lors d&rsquo;accidents sur la route.<\/p>\n\n\n\n<h3 class=\"wp-block-heading\"><strong>Comment distinguer les 3 situations possibles ?<\/strong><\/h3>\n\n\n\n<figure class=\"wp-block-table\"><table class=\"has-fixed-layout\"><tbody><tr><td><strong>Situation<\/strong><\/td><td><strong>R\u00e9paration possible ?<\/strong><\/td><td><strong>Reprise de la route ?<\/strong><\/td><td><strong>Cons\u00e9quence<\/strong><\/td><\/tr><tr><td>Techniquement et \u00e9conomiquement r\u00e9parable<\/td><td>Oui<\/td><td>Oui<\/td><td>L&rsquo;assureur prend en charge les r\u00e9parations<\/td><\/tr><tr><td>Techniquement r\u00e9parable, \u00e9conomiquement irr\u00e9parable<\/td><td>Oui<\/td><td>Oui, apr\u00e8s r\u00e9paration<\/td><td>Le propri\u00e9taire choisit entre cession ou prise en charge du surplus<\/td><\/tr><tr><td>Techniquement irr\u00e9parable<\/td><td>Non<\/td><td>Non<\/td><td>Le v\u00e9hicule est c\u00e9d\u00e9 pour destruction contre indemnisation<\/td><\/tr><\/tbody><\/table><\/figure>\n\n\n\n<p><strong>Un v\u00e9hicule techniquement irr\u00e9parable ne pourra jamais reprendre la route.<\/strong> Il doit obligatoirement \u00eatre c\u00e9d\u00e9 \u00e0 l&rsquo;assureur pour destruction, contre une <a href=\"https:\/\/leocare.eu\/fr\/assurance-auto-en-ligne\/sinistre\/expert\/vrade\/\">indemnisation \u00e0 la valeur \u00e0 dire d&rsquo;expert<\/a>.<\/p>\n\n\n\n<h2 class=\"wp-block-heading\"><strong>Le r\u00f4le de l&rsquo;expert automobile<\/strong><\/h2>\n\n\n\n<p>On ne va pas se mentir, l&rsquo;expert automobile est le personnage principal de cette histoire. <strong>C&rsquo;est lui qui \u00e9value, suit et valide chaque \u00e9tape du processus.<\/strong><\/p>\n\n\n\n<h3 class=\"wp-block-heading\"><strong>L&rsquo;\u00e9valuation des dommages<\/strong><\/h3>\n\n\n\n<p>Apr\u00e8s votre accident, votre <a href=\"https:\/\/leocare.eu\/fr\/assurance-auto-en-ligne\/\">assurance auto<\/a> mandate un expert. <strong>Sa mission : examiner le v\u00e9hicule, chiffrer les d\u00e9g\u00e2ts et d\u00e9terminer si votre voiture est gravement endommag\u00e9e.<\/strong> Il se prononce ensuite sur la r\u00e9parabilit\u00e9 technique et le rapport entre le co\u00fbt des r\u00e9parations et la valeur du v\u00e9hicule.<\/p>\n\n\n\n<h3 class=\"wp-block-heading\"><strong>Le rapport d&rsquo;expertise<\/strong><\/h3>\n\n\n\n<p>Ce document est votre feuille de route. <strong>Il contient la liste des r\u00e9parations, le chiffrage des co\u00fbts et la valeur \u00e0 dire d&rsquo;expert de votre v\u00e9hicule.<\/strong> Prenez le temps de le lire et n&rsquo;h\u00e9sitez pas \u00e0 poser des questions \u00e0 votre assureur si certains points vous semblent flous.<\/p>\n\n\n\n<section class=\"wp-block-leocare-bon-a-savoir leocare-bas\"><div class=\"leocare-bas__head\"><img decoding=\"async\" class=\"leocare-bas__icon\" src=\"https:\/\/leocare.eu\/fr\/wp-content\/themes\/leocare-new\/assets\/img\/icon-alert-purple.svg\" alt=\"icon alerte\"\/><h3 class=\"leocare-bas__title\">Le conseil pratique<\/h3><\/div><div class=\"leocare-bas__content\">\n<p>Avant de prendre votre d\u00e9cision, <strong>demandez un devis d\u00e9taill\u00e9 au garagiste et comparez-le avec le montant de l&rsquo;<a href=\"https:\/\/leocare.eu\/fr\/assurance-auto-en-ligne\/sinistre\/indemnisation\/\">indemnisation<\/a> propos\u00e9e par votre assureur.<\/strong> Cet \u00e9cart vous donnera une vision claire du reste \u00e0 charge r\u00e9el.<\/p>\n<\/div><\/section>\n\n\n\n<h2 class=\"wp-block-heading\"><strong>Les 2 options qui s&rsquo;offrent \u00e0 vous<\/strong><\/h2>\n\n\n\n<p>Bonne nouvelle : vous avez le choix. <strong>Quand votre <\/strong><a href=\"https:\/\/leocare.eu\/fr\/assurance-auto-en-ligne\/sinistre\/epave\/vei\/\"><strong>v\u00e9hicule est \u00e9conomiquement irr\u00e9parable<\/strong><\/a><strong> mais techniquement r\u00e9parable, personne ne peut vous forcer la main.<\/strong><\/p>\n\n\n\n<h3 class=\"wp-block-heading\"><strong>C\u00e9der le v\u00e9hicule contre indemnisation<\/strong><\/h3>\n\n\n\n<p>C&rsquo;est la solution la plus simple. <strong>Vous c\u00e9dez votre v\u00e9hicule \u00e0 l&rsquo;assureur, qui se charge de sa destruction<\/strong>, et vous percevez une indemnisation correspondant \u00e0 la valeur \u00e0 dire d&rsquo;expert.<\/p>\n\n\n\n<p>Cette option convient quand :<\/p>\n\n\n\n<ul class=\"wp-block-list\">\n<li>Le montant des r\u00e9parations d\u00e9passe largement la valeur du v\u00e9hicule<\/li>\n\n\n\n<li>Vous pr\u00e9f\u00e9rez utiliser l&rsquo;indemnisation pour acheter une autre voiture<\/li>\n\n\n\n<li>Vous n&rsquo;avez pas d&rsquo;attachement particulier au v\u00e9hicule<\/li>\n<\/ul>\n\n\n\n<h3 class=\"wp-block-heading\"><strong>Conserver le v\u00e9hicule et le faire r\u00e9parer<\/strong><\/h3>\n\n\n\n<p>Si vous tenez \u00e0 votre voiture, <strong>vous pouvez la faire r\u00e9parer en supportant la diff\u00e9rence entre le co\u00fbt total des travaux et l&rsquo;indemnisation de l&rsquo;assureur<\/strong>. Cette option est surtout privil\u00e9gi\u00e9e par les propri\u00e9taires de v\u00e9hicules rares ou de collection.<\/p>\n\n\n\n<p><strong>Gardez en t\u00eate que le reste \u00e0 charge peut repr\u00e9senter une somme cons\u00e9quente.<\/strong> Faites bien vos calculs avant de vous lancer. \u00c0 noter aussi qu&rsquo;une fois les r\u00e9parations valid\u00e9es, rien ne vous emp\u00eache de revendre votre v\u00e9hicule, ce qui peut parfois s&rsquo;av\u00e9rer une strat\u00e9gie financi\u00e8rement int\u00e9ressante pour les mod\u00e8les rares.<\/p>\n\n\n\n<figure class=\"wp-block-table\"><table class=\"has-fixed-layout\"><tbody><tr><td><\/td><td><strong>C\u00e9der le v\u00e9hicule<\/strong><\/td><td><strong>Faire r\u00e9parer<\/strong><\/td><\/tr><tr><td><strong>Avantage principal<\/strong><\/td><td>Rapidit\u00e9 et simplicit\u00e9<\/td><td>Vous conservez votre v\u00e9hicule<\/td><\/tr><tr><td><strong>Inconv\u00e9nient principal<\/strong><\/td><td>Perte d\u00e9finitive du v\u00e9hicule<\/td><td>Reste \u00e0 charge potentiellement \u00e9lev\u00e9<\/td><\/tr><tr><td><strong>Profil type<\/strong><\/td><td>Propri\u00e9taire d&rsquo;un v\u00e9hicule courant<\/td><td>Propri\u00e9taire d&rsquo;un v\u00e9hicule rare ou de collection<\/td><\/tr><\/tbody><\/table><\/figure>\n\n\n\n<section class=\"wp-block-leocare-bon-a-savoir leocare-bas\"><div class=\"leocare-bas__head\"><img decoding=\"async\" class=\"leocare-bas__icon\" src=\"https:\/\/leocare.eu\/fr\/wp-content\/themes\/leocare-new\/assets\/img\/icon-alert-purple.svg\" alt=\"icon alerte\"\/><h3 class=\"leocare-bas__title\">Bon \u00e0 savoir<\/h3><\/div><div class=\"leocare-bas__content\">\n<p><strong>Votre assureur ne peut pas vous imposer la cession de votre v\u00e9hicule. <\/strong>Le choix entre c\u00e9der et r\u00e9parer vous appartient pleinement. Prenez le temps de peser le pour et le contre avant de r\u00e9pondre.<\/p>\n<\/div><\/section>\n\n\n\n<h2 class=\"wp-block-heading\"><strong>La proc\u00e9dure de remise en \u00e9tat \u00e9tape par \u00e9tape<\/strong><\/h2>\n\n\n\n<p>Vous avez d\u00e9cid\u00e9 de faire r\u00e9parer ? <strong>Voici le parcours qui vous attend pour que votre voiture puisse reprendre la route.<\/strong><\/p>\n\n\n\n<h3 class=\"wp-block-heading\"><strong>Les r\u00e9parations par un professionnel<\/strong><\/h3>\n\n\n\n<p><strong>Les travaux doivent imp\u00e9rativement \u00eatre confi\u00e9s \u00e0 un garagiste professionnel.<\/strong> Pas question de bricoler le dimanche dans votre garage, aussi dou\u00e9 soyez-vous. Le garagiste devra suivre les pr\u00e9conisations du rapport d&rsquo;expertise, dans les r\u00e8gles de l&rsquo;art.<\/p>\n\n\n\n<h3 class=\"wp-block-heading\"><strong>Le suivi et la validation par l&rsquo;expert<\/strong><\/h3>\n\n\n\n<p>Pendant les travaux, <strong>l&rsquo;expert automobile assure un suivi pour v\u00e9rifier la conformit\u00e9 des r\u00e9parations<\/strong>. Une fois les travaux termin\u00e9s, il donne son feu vert si tout correspond \u00e0 ses pr\u00e9conisations.<\/p>\n\n\n\n<h3 class=\"wp-block-heading\"><strong>Le contr\u00f4le technique et le rapport de conformit\u00e9<\/strong><\/h3>\n\n\n\n<p>Apr\u00e8s validation par l&rsquo;expert, <strong>votre v\u00e9hicule doit passer un <\/strong><a href=\"https:\/\/leocare.eu\/fr\/blog\/controle-technique-2026\/\"><strong>contr\u00f4le technique<\/strong><\/a><strong> dans un centre agr\u00e9\u00e9<\/strong>. Si le contr\u00f4le est r\u00e9ussi, l&rsquo;expert r\u00e9dige un rapport de conformit\u00e9 attestant que votre voiture peut de nouveau circuler.<\/p>\n\n\n\n<p><strong>Vous r\u00e9cup\u00e9rez alors votre certificat d&rsquo;immatriculation.<\/strong> Votre voiture retrouve son statut normal : vous pouvez rouler avec ou la revendre.<\/p>\n\n\n\n<h2 class=\"wp-block-heading\"><strong>L&rsquo;indemnisation : comment \u00e7a fonctionne ?<\/strong><\/h2>\n\n\n\n<p>Parlons argent, parce que c&rsquo;est quand m\u00eame le nerf de la guerre. <strong>Le fonctionnement de l&rsquo;indemnisation dans ce cas a ses propres r\u00e8gles.<\/strong><\/p>\n\n\n\n<h3 class=\"wp-block-heading\"><strong>Le montant vers\u00e9 par l&rsquo;assureur<\/strong><\/h3>\n\n\n\n<p>Que vous c\u00e9diez votre v\u00e9hicule ou que vous le fassiez r\u00e9parer, <strong>l&rsquo;assureur vous indemnise sur la base de la valeur \u00e0 dire d&rsquo;expert<\/strong>. Attention, la franchise s&rsquo;applique aussi : le montant vers\u00e9 correspond \u00e0 cette valeur, moins votre franchise si elle est pr\u00e9vue au contrat.<\/p>\n\n\n\n<h3 class=\"wp-block-heading\"><strong>Quand transmettre les factures ?<\/strong><\/h3>\n\n\n\n<p>Si vous choisissez la r\u00e9paration, <strong>vous ne transmettez les factures qu&rsquo;une fois toutes les \u00e9tapes valid\u00e9es<\/strong> :<\/p>\n\n\n\n<ul class=\"wp-block-list\">\n<li>R\u00e9parations r\u00e9alis\u00e9es par le garagiste<\/li>\n\n\n\n<li>Conformit\u00e9 valid\u00e9e par l&rsquo;expert<\/li>\n\n\n\n<li>Contr\u00f4le technique r\u00e9ussi<\/li>\n\n\n\n<li>Rapport de conformit\u00e9 \u00e9tabli<\/li>\n<\/ul>\n\n\n\n<p><strong>L&rsquo;assureur vous rembourse alors dans la limite de la valeur du v\u00e9hicule avant sinistre.<\/strong> Le reste \u00e0 charge demeure \u00e0 votre compte.<\/p>\n\n\n\n<h3 class=\"wp-block-heading\"><strong>Ce que vous ne pouvez pas faire pendant la proc\u00e9dure<\/strong><\/h3>\n\n\n\n<p><strong>Tant que les r\u00e9parations ne sont pas achev\u00e9es et valid\u00e9es, votre v\u00e9hicule ne peut ni circuler ni \u00eatre revendu.<\/strong> La <a href=\"https:\/\/leocare.eu\/fr\/assurance-auto-en-ligne\/conseils\/achat-et-revente\/tout-savoir-carte-grise\/\">carte grise<\/a> ne vous est restitu\u00e9e qu&rsquo;apr\u00e8s l&rsquo;obtention du rapport de conformit\u00e9. Pr\u00e9voyez une solution de mobilit\u00e9 alternative en attendant.<\/p>\n\n\n\n<h2 class=\"wp-block-heading\"><strong>Bien s&rsquo;assurer fait toute la diff\u00e9rence<\/strong><\/h2>\n\n\n\n<p>Face \u00e0 ce type de situation, <strong>le choix de son assurance auto prend tout son sens<\/strong>. Une couverture adapt\u00e9e all\u00e8ge la facture et simplifie les d\u00e9marches.<\/p>\n\n\n\n<p>Si vous poss\u00e9dez un v\u00e9hicule rare ou de collection, <strong>une assurance classique risque de ne pas couvrir sa valeur r\u00e9elle<\/strong>. Chez Leocare, l&rsquo;assurance auto s&rsquo;adapte \u00e0 votre profil et \u00e0 vos besoins, pour que votre contrat vous accompagne vraiment le jour o\u00f9 \u00e7a compte.<\/p>\n","protected":false},"excerpt":{"rendered":"<p>Votre voiture vient d&rsquo;\u00eatre accident\u00e9e et l&rsquo;expert vous annonce qu&rsquo;elle est \u00ab \u00e9conomiquement irr\u00e9parable mais techniquement r\u00e9parable \u00bb. Derri\u00e8re cette formule un peu barbare se cache une situation courante. Concr\u00e8tement, votre v\u00e9hicule peut \u00eatre remis en \u00e9tat, mais la facture d\u00e9passe sa valeur. Quelles sont vos options et comment vous y retrouver ? Comprendre la [&hellip;]<\/p>\n","protected":false},"author":34,"featured_media":21820,"parent":11674,"menu_order":0,"comment_status":"closed","ping_status":"closed","template":"template_cocon_seo.php","meta":{"_acf_changed":false,"footnotes":""},"class_list":["post-38659","page","type-page","status-publish","has-post-thumbnail","hentry"],"acf":[],"yoast_head":"<!-- This site is optimized with the Yoast SEO plugin v27.3 - https:\/\/yoast.com\/product\/yoast-seo-wordpress\/ -->\n<title>V\u00e9hicule irr\u00e9parable mais r\u00e9parable : droits et proc\u00e9dure<\/title>\n<meta name=\"description\" content=\"Votre voiture est class\u00e9e VEI mais techniquement r\u00e9parable ? D\u00e9couvrez la proc\u00e9dure pour la remettre en circulation et vos droits face \u00e0 l&#039;assurance.\" \/>\n<meta name=\"robots\" content=\"index, follow, max-snippet:-1, max-image-preview:large, max-video-preview:-1\" \/>\n<link rel=\"canonical\" href=\"https:\/\/leocare.eu\/fr\/assurance-auto-en-ligne\/sinistre\/epave\/techniquement-reparable\/\" \/>\n<meta property=\"og:locale\" content=\"fr_FR\" \/>\n<meta property=\"og:type\" content=\"article\" \/>\n<meta property=\"og:title\" content=\"V\u00e9hicule irr\u00e9parable mais r\u00e9parable : droits et proc\u00e9dure\" \/>\n<meta property=\"og:description\" content=\"Votre voiture est class\u00e9e VEI mais techniquement r\u00e9parable ? D\u00e9couvrez la proc\u00e9dure pour la remettre en circulation et vos droits face \u00e0 l&#039;assurance.\" \/>\n<meta property=\"og:url\" content=\"https:\/\/leocare.eu\/fr\/assurance-auto-en-ligne\/sinistre\/epave\/techniquement-reparable\/\" \/>\n<meta property=\"og:site_name\" content=\"Leocare, assurance en ligne automobile et habitation\" \/>\n<meta property=\"article:modified_time\" content=\"2026-02-26T20:49:54+00:00\" \/>\n<meta property=\"og:image\" content=\"https:\/\/leocare.eu\/fr\/wp-content\/uploads\/2024\/05\/entretien-reparation-voiture.jpg\" \/>\n\t<meta property=\"og:image:width\" content=\"1900\" \/>\n\t<meta property=\"og:image:height\" content=\"1200\" \/>\n\t<meta property=\"og:image:type\" content=\"image\/jpeg\" \/>\n<meta name=\"twitter:card\" content=\"summary_large_image\" \/>\n<meta name=\"twitter:label1\" content=\"Dur\u00e9e de lecture estim\u00e9e\" \/>\n\t<meta name=\"twitter:data1\" content=\"6 minutes\" \/>\n<!-- \/ Yoast SEO plugin. -->","yoast_head_json":{"title":"V\u00e9hicule irr\u00e9parable mais r\u00e9parable : droits et proc\u00e9dure","description":"Votre voiture est class\u00e9e VEI mais techniquement r\u00e9parable ? D\u00e9couvrez la proc\u00e9dure pour la remettre en circulation et vos droits face \u00e0 l'assurance.","robots":{"index":"index","follow":"follow","max-snippet":"max-snippet:-1","max-image-preview":"max-image-preview:large","max-video-preview":"max-video-preview:-1"},"canonical":"https:\/\/leocare.eu\/fr\/assurance-auto-en-ligne\/sinistre\/epave\/techniquement-reparable\/","og_locale":"fr_FR","og_type":"article","og_title":"V\u00e9hicule irr\u00e9parable mais r\u00e9parable : droits et proc\u00e9dure","og_description":"Votre voiture est class\u00e9e VEI mais techniquement r\u00e9parable ? D\u00e9couvrez la proc\u00e9dure pour la remettre en circulation et vos droits face \u00e0 l'assurance.","og_url":"https:\/\/leocare.eu\/fr\/assurance-auto-en-ligne\/sinistre\/epave\/techniquement-reparable\/","og_site_name":"Leocare, assurance en ligne automobile et habitation","article_modified_time":"2026-02-26T20:49:54+00:00","og_image":[{"width":1900,"height":1200,"url":"https:\/\/leocare.eu\/fr\/wp-content\/uploads\/2024\/05\/entretien-reparation-voiture.jpg","type":"image\/jpeg"}],"twitter_card":"summary_large_image","twitter_misc":{"Dur\u00e9e de lecture estim\u00e9e":"6 minutes"},"schema":{"@context":"https:\/\/schema.org","@graph":[{"@type":"WebPage","@id":"https:\/\/leocare.eu\/fr\/assurance-auto-en-ligne\/sinistre\/epave\/techniquement-reparable\/","url":"https:\/\/leocare.eu\/fr\/assurance-auto-en-ligne\/sinistre\/epave\/techniquement-reparable\/","name":"V\u00e9hicule irr\u00e9parable mais r\u00e9parable : droits et proc\u00e9dure","isPartOf":{"@id":"https:\/\/leocare.eu\/fr\/#website"},"primaryImageOfPage":{"@id":"https:\/\/leocare.eu\/fr\/assurance-auto-en-ligne\/sinistre\/epave\/techniquement-reparable\/#primaryimage"},"image":{"@id":"https:\/\/leocare.eu\/fr\/assurance-auto-en-ligne\/sinistre\/epave\/techniquement-reparable\/#primaryimage"},"thumbnailUrl":"https:\/\/leocare.eu\/fr\/wp-content\/uploads\/2024\/05\/entretien-reparation-voiture.jpg","datePublished":"2026-02-26T20:49:52+00:00","dateModified":"2026-02-26T20:49:54+00:00","description":"Votre voiture est class\u00e9e VEI mais techniquement r\u00e9parable ? D\u00e9couvrez la proc\u00e9dure pour la remettre en circulation et vos droits face \u00e0 l'assurance.","breadcrumb":{"@id":"https:\/\/leocare.eu\/fr\/assurance-auto-en-ligne\/sinistre\/epave\/techniquement-reparable\/#breadcrumb"},"inLanguage":"fr-FR","potentialAction":[{"@type":"ReadAction","target":["https:\/\/leocare.eu\/fr\/assurance-auto-en-ligne\/sinistre\/epave\/techniquement-reparable\/"]}]},{"@type":"ImageObject","inLanguage":"fr-FR","@id":"https:\/\/leocare.eu\/fr\/assurance-auto-en-ligne\/sinistre\/epave\/techniquement-reparable\/#primaryimage","url":"https:\/\/leocare.eu\/fr\/wp-content\/uploads\/2024\/05\/entretien-reparation-voiture.jpg","contentUrl":"https:\/\/leocare.eu\/fr\/wp-content\/uploads\/2024\/05\/entretien-reparation-voiture.jpg","width":1900,"height":1200,"caption":"entretien r\u00e9paration voiture"},{"@type":"WebSite","@id":"https:\/\/leocare.eu\/fr\/#website","url":"https:\/\/leocare.eu\/fr\/","name":"Leocare, assurance en ligne automobile et habitation","description":"enfin (r)assur\u00e9.e","publisher":{"@id":"https:\/\/leocare.eu\/fr\/#organization"},"potentialAction":[{"@type":"SearchAction","target":{"@type":"EntryPoint","urlTemplate":"https:\/\/leocare.eu\/fr\/?s={search_term_string}"},"query-input":{"@type":"PropertyValueSpecification","valueRequired":true,"valueName":"search_term_string"}}],"inLanguage":"fr-FR"},{"@type":"Organization","@id":"https:\/\/leocare.eu\/fr\/#organization","name":"Leocare, assurance en ligne automobile et habitation","url":"https:\/\/leocare.eu\/fr\/","logo":{"@type":"ImageObject","inLanguage":"fr-FR","@id":"https:\/\/leocare.eu\/fr\/#\/schema\/logo\/image\/","url":"https:\/\/leocare.eu\/fr\/wp-content\/uploads\/2020\/03\/logo-leocare.svg","contentUrl":"https:\/\/leocare.eu\/fr\/wp-content\/uploads\/2020\/03\/logo-leocare.svg","caption":"Leocare, assurance en ligne automobile et habitation"},"image":{"@id":"https:\/\/leocare.eu\/fr\/#\/schema\/logo\/image\/"}}]}},"_links":{"self":[{"href":"https:\/\/leocare.eu\/fr\/wp-json\/wp\/v2\/pages\/38659","targetHints":{"allow":["GET"]}}],"collection":[{"href":"https:\/\/leocare.eu\/fr\/wp-json\/wp\/v2\/pages"}],"about":[{"href":"https:\/\/leocare.eu\/fr\/wp-json\/wp\/v2\/types\/page"}],"author":[{"embeddable":true,"href":"https:\/\/leocare.eu\/fr\/wp-json\/wp\/v2\/users\/34"}],"replies":[{"embeddable":true,"href":"https:\/\/leocare.eu\/fr\/wp-json\/wp\/v2\/comments?post=38659"}],"version-history":[{"count":1,"href":"https:\/\/leocare.eu\/fr\/wp-json\/wp\/v2\/pages\/38659\/revisions"}],"predecessor-version":[{"id":38660,"href":"https:\/\/leocare.eu\/fr\/wp-json\/wp\/v2\/pages\/38659\/revisions\/38660"}],"up":[{"embeddable":true,"href":"https:\/\/leocare.eu\/fr\/wp-json\/wp\/v2\/pages\/11674"}],"wp:featuredmedia":[{"embeddable":true,"href":"https:\/\/leocare.eu\/fr\/wp-json\/wp\/v2\/media\/21820"}],"wp:attachment":[{"href":"https:\/\/leocare.eu\/fr\/wp-json\/wp\/v2\/media?parent=38659"}],"curies":[{"name":"wp","href":"https:\/\/api.w.org\/{rel}","templated":true}]}}