{"id":35232,"date":"2025-12-15T11:34:06","date_gmt":"2025-12-15T10:34:06","guid":{"rendered":"https:\/\/leocare.eu\/fr\/?page_id=35232"},"modified":"2025-12-23T14:56:36","modified_gmt":"2025-12-23T13:56:36","slug":"assurance-velo-cargo","status":"publish","type":"page","link":"https:\/\/leocare.eu\/fr\/assurance-velo-cargo\/","title":{"rendered":"Assurance v\u00e9lo cargo"},"content":{"rendered":"","protected":false},"excerpt":{"rendered":"","protected":false},"author":34,"featured_media":18553,"parent":0,"menu_order":0,"comment_status":"closed","ping_status":"closed","template":"template_product_bike.php","meta":{"_acf_changed":false,"footnotes":""},"class_list":["post-35232","page","type-page","status-publish","has-post-thumbnail","hentry"],"acf":[],"yoast_head":"<!-- This site is optimized with the Yoast SEO plugin v27.3 - https:\/\/yoast.com\/product\/yoast-seo-wordpress\/ -->\n<title>Assurance v\u00e9lo cargo d\u00e8s 3,5\u20ac\/mois | 100% digitale - Leocare<\/title>\n<meta name=\"description\" content=\"Assurez votre v\u00e9lo cargo contre le vol, la casse et les accidents. Couverture adapt\u00e9e aux v\u00e9los familiaux et professionnels. Devis gratuit en 2 min.\" \/>\n<meta name=\"robots\" content=\"index, follow, max-snippet:-1, max-image-preview:large, max-video-preview:-1\" \/>\n<link rel=\"canonical\" href=\"https:\/\/leocare.eu\/fr\/assurance-velo-cargo\/\" \/>\n<meta property=\"og:locale\" content=\"fr_FR\" \/>\n<meta property=\"og:type\" content=\"article\" \/>\n<meta property=\"og:title\" content=\"Assurance v\u00e9lo cargo d\u00e8s 3,5\u20ac\/mois | 100% digitale - Leocare\" \/>\n<meta property=\"og:description\" content=\"Assurez votre v\u00e9lo cargo contre le vol, la casse et les accidents. Couverture adapt\u00e9e aux v\u00e9los familiaux et professionnels. Devis gratuit en 2 min.\" \/>\n<meta property=\"og:url\" content=\"https:\/\/leocare.eu\/fr\/assurance-velo-cargo\/\" \/>\n<meta property=\"og:site_name\" content=\"Leocare, assurance en ligne automobile et habitation\" \/>\n<meta property=\"article:modified_time\" content=\"2025-12-23T13:56:36+00:00\" \/>\n<meta property=\"og:image\" content=\"https:\/\/leocare.eu\/fr\/wp-content\/uploads\/2023\/10\/60466d2457bb196519919fd79f5c1e5f.jpeg\" \/>\n\t<meta property=\"og:image:width\" content=\"400\" \/>\n\t<meta property=\"og:image:height\" content=\"267\" \/>\n\t<meta property=\"og:image:type\" content=\"image\/jpeg\" \/>\n<meta name=\"twitter:card\" content=\"summary_large_image\" \/>\n<!-- \/ Yoast SEO plugin. -->","yoast_head_json":{"title":"Assurance v\u00e9lo cargo d\u00e8s 3,5\u20ac\/mois | 100% digitale - Leocare","description":"Assurez votre v\u00e9lo cargo contre le vol, la casse et les accidents. Couverture adapt\u00e9e aux v\u00e9los familiaux et professionnels. Devis gratuit en 2 min.","robots":{"index":"index","follow":"follow","max-snippet":"max-snippet:-1","max-image-preview":"max-image-preview:large","max-video-preview":"max-video-preview:-1"},"canonical":"https:\/\/leocare.eu\/fr\/assurance-velo-cargo\/","og_locale":"fr_FR","og_type":"article","og_title":"Assurance v\u00e9lo cargo d\u00e8s 3,5\u20ac\/mois | 100% digitale - Leocare","og_description":"Assurez votre v\u00e9lo cargo contre le vol, la casse et les accidents. Couverture adapt\u00e9e aux v\u00e9los familiaux et professionnels. Devis gratuit en 2 min.","og_url":"https:\/\/leocare.eu\/fr\/assurance-velo-cargo\/","og_site_name":"Leocare, assurance en ligne automobile et habitation","article_modified_time":"2025-12-23T13:56:36+00:00","og_image":[{"width":400,"height":267,"url":"https:\/\/leocare.eu\/fr\/wp-content\/uploads\/2023\/10\/60466d2457bb196519919fd79f5c1e5f.jpeg","type":"image\/jpeg"}],"twitter_card":"summary_large_image","schema":{"@context":"https:\/\/schema.org","@graph":[{"@type":"WebPage","@id":"https:\/\/leocare.eu\/fr\/assurance-velo-cargo\/","url":"https:\/\/leocare.eu\/fr\/assurance-velo-cargo\/","name":"Assurance v\u00e9lo cargo d\u00e8s 3,5\u20ac\/mois | 100% digitale - Leocare","isPartOf":{"@id":"https:\/\/leocare.eu\/fr\/#website"},"primaryImageOfPage":{"@id":"https:\/\/leocare.eu\/fr\/assurance-velo-cargo\/#primaryimage"},"image":{"@id":"https:\/\/leocare.eu\/fr\/assurance-velo-cargo\/#primaryimage"},"thumbnailUrl":"https:\/\/leocare.eu\/fr\/wp-content\/uploads\/2023\/10\/60466d2457bb196519919fd79f5c1e5f.jpeg","datePublished":"2025-12-15T10:34:06+00:00","dateModified":"2025-12-23T13:56:36+00:00","description":"Assurez votre v\u00e9lo cargo contre le vol, la casse et les accidents. Couverture adapt\u00e9e aux v\u00e9los familiaux et professionnels. Devis gratuit en 2 min.","breadcrumb":{"@id":"https:\/\/leocare.eu\/fr\/assurance-velo-cargo\/#breadcrumb"},"inLanguage":"fr-FR","potentialAction":[{"@type":"ReadAction","target":["https:\/\/leocare.eu\/fr\/assurance-velo-cargo\/"]}]},{"@type":"ImageObject","inLanguage":"fr-FR","@id":"https:\/\/leocare.eu\/fr\/assurance-velo-cargo\/#primaryimage","url":"https:\/\/leocare.eu\/fr\/wp-content\/uploads\/2023\/10\/60466d2457bb196519919fd79f5c1e5f.jpeg","contentUrl":"https:\/\/leocare.eu\/fr\/wp-content\/uploads\/2023\/10\/60466d2457bb196519919fd79f5c1e5f.jpeg","width":400,"height":267,"caption":"V\u00e9los Leocare"},{"@type":"WebSite","@id":"https:\/\/leocare.eu\/fr\/#website","url":"https:\/\/leocare.eu\/fr\/","name":"Leocare, assurance en ligne automobile et habitation","description":"enfin (r)assur\u00e9.e","publisher":{"@id":"https:\/\/leocare.eu\/fr\/#organization"},"potentialAction":[{"@type":"SearchAction","target":{"@type":"EntryPoint","urlTemplate":"https:\/\/leocare.eu\/fr\/?s={search_term_string}"},"query-input":{"@type":"PropertyValueSpecification","valueRequired":true,"valueName":"search_term_string"}}],"inLanguage":"fr-FR"},{"@type":"Organization","@id":"https:\/\/leocare.eu\/fr\/#organization","name":"Leocare, assurance en ligne automobile et habitation","url":"https:\/\/leocare.eu\/fr\/","logo":{"@type":"ImageObject","inLanguage":"fr-FR","@id":"https:\/\/leocare.eu\/fr\/#\/schema\/logo\/image\/","url":"https:\/\/leocare.eu\/fr\/wp-content\/uploads\/2020\/03\/logo-leocare.svg","contentUrl":"https:\/\/leocare.eu\/fr\/wp-content\/uploads\/2020\/03\/logo-leocare.svg","caption":"Leocare, assurance en ligne automobile et habitation"},"image":{"@id":"https:\/\/leocare.eu\/fr\/#\/schema\/logo\/image\/"}}]}},"_links":{"self":[{"href":"https:\/\/leocare.eu\/fr\/wp-json\/wp\/v2\/pages\/35232","targetHints":{"allow":["GET"]}}],"collection":[{"href":"https:\/\/leocare.eu\/fr\/wp-json\/wp\/v2\/pages"}],"about":[{"href":"https:\/\/leocare.eu\/fr\/wp-json\/wp\/v2\/types\/page"}],"author":[{"embeddable":true,"href":"https:\/\/leocare.eu\/fr\/wp-json\/wp\/v2\/users\/34"}],"replies":[{"embeddable":true,"href":"https:\/\/leocare.eu\/fr\/wp-json\/wp\/v2\/comments?post=35232"}],"version-history":[{"count":11,"href":"https:\/\/leocare.eu\/fr\/wp-json\/wp\/v2\/pages\/35232\/revisions"}],"predecessor-version":[{"id":35716,"href":"https:\/\/leocare.eu\/fr\/wp-json\/wp\/v2\/pages\/35232\/revisions\/35716"}],"wp:featuredmedia":[{"embeddable":true,"href":"https:\/\/leocare.eu\/fr\/wp-json\/wp\/v2\/media\/18553"}],"wp:attachment":[{"href":"https:\/\/leocare.eu\/fr\/wp-json\/wp\/v2\/media?parent=35232"}],"curies":[{"name":"wp","href":"https:\/\/api.w.org\/{rel}","templated":true}]}}