{"id":31269,"date":"2025-07-03T17:56:46","date_gmt":"2025-07-03T15:56:46","guid":{"rendered":"https:\/\/leocare.eu\/fr\/?page_id=31269"},"modified":"2026-04-02T15:19:57","modified_gmt":"2026-04-02T13:19:57","slug":"leocare-campagne-communication-courtoisie-volant","status":"publish","type":"page","link":"https:\/\/leocare.eu\/fr\/presse\/leocare-campagne-communication-courtoisie-volant\/","title":{"rendered":"Leocare invite \u00e0 lever le pied sur la col\u00e8re au volant"},"content":{"rendered":"\n<p><em>Plus de 8 Fran\u00e7ais sur 10 admettent s\u2019\u00e9nerver au volant. Un chiffre qui interpelle, surtout \u00e0 l\u2019approche des grands d\u00e9parts en vacances. Dans un contexte routier toujours plus tendu, la n\u00e9o-assurance <\/em><a href=\"https:\/\/leocare.eu\/fr\/\"><strong><em>Leocare<\/em><\/strong><\/a><strong><em>,<\/em><\/strong><em> lance une nouvelle campagne d\u2019affichage in\u00e9dite en format FOOH (Fake Out-Of-Home), pour apaiser les esprits\u2026 et \u00e9viter les accrochages.<\/em><\/p>\n\n\n\n<h2 class=\"wp-block-heading\"><strong>Sur la route des vacances&nbsp;: la col\u00e8re en copilote&nbsp;?<\/strong><\/h2>\n\n\n\n<p><strong>82 % des Fran\u00e7ais reconnaissent qu\u2019il leur arrive de perdre leur sang-froid au volant<\/strong><strong>.<\/strong> Une impatience banalis\u00e9e, mais aux cons\u00e9quences bien r\u00e9elles : hausse des tensions, erreurs de conduite, et donc davantage de sinistres.<\/p>\n\n\n\n<p>Le stress li\u00e9 aux bouchons, aux comportements inadapt\u00e9s d\u2019autres usagers ou encore \u00e0 la peur de l\u2019accident transforme parfois les conducteurs les plus calmes en v\u00e9ritables volcans \u00e9motionnels. <strong>Insultes, coups de klaxon intempestifs, mimiques exag\u00e9r\u00e9es : autant de r\u00e9actions qui aggravent la situation sans jamais la r\u00e9soudre.<\/strong><\/p>\n\n\n\n<figure class=\"wp-block-image size-full\"><img decoding=\"async\" width=\"1000\" height=\"306\" src=\"https:\/\/leocare.eu\/fr\/wp-content\/uploads\/2025\/07\/campagne-leocare-courtoisie.jpg\" alt=\"campagne leocare courtoisie\" class=\"wp-image-31270\" srcset=\"https:\/\/leocare.eu\/fr\/wp-content\/uploads\/2025\/07\/campagne-leocare-courtoisie.jpg 1000w, https:\/\/leocare.eu\/fr\/wp-content\/uploads\/2025\/07\/campagne-leocare-courtoisie-300x92.jpg 300w, https:\/\/leocare.eu\/fr\/wp-content\/uploads\/2025\/07\/campagne-leocare-courtoisie-768x235.jpg 768w, https:\/\/leocare.eu\/fr\/wp-content\/uploads\/2025\/07\/campagne-leocare-courtoisie-980x300.jpg 980w, https:\/\/leocare.eu\/fr\/wp-content\/uploads\/2025\/07\/campagne-leocare-courtoisie-575x176.jpg 575w, https:\/\/leocare.eu\/fr\/wp-content\/uploads\/2025\/07\/campagne-leocare-courtoisie-600x184.jpg 600w, https:\/\/leocare.eu\/fr\/wp-content\/uploads\/2025\/07\/campagne-leocare-courtoisie-700x214.jpg 700w, https:\/\/leocare.eu\/fr\/wp-content\/uploads\/2025\/07\/campagne-leocare-courtoisie-480x147.jpg 480w, https:\/\/leocare.eu\/fr\/wp-content\/uploads\/2025\/07\/campagne-leocare-courtoisie-515x158.jpg 515w, https:\/\/leocare.eu\/fr\/wp-content\/uploads\/2025\/07\/campagne-leocare-courtoisie-490x150.jpg 490w, https:\/\/leocare.eu\/fr\/wp-content\/uploads\/2025\/07\/campagne-leocare-courtoisie-360x110.jpg 360w, https:\/\/leocare.eu\/fr\/wp-content\/uploads\/2025\/07\/campagne-leocare-courtoisie-330x101.jpg 330w, https:\/\/leocare.eu\/fr\/wp-content\/uploads\/2025\/07\/campagne-leocare-courtoisie-173x53.jpg 173w, https:\/\/leocare.eu\/fr\/wp-content\/uploads\/2025\/07\/campagne-leocare-courtoisie-150x46.jpg 150w, https:\/\/leocare.eu\/fr\/wp-content\/uploads\/2025\/07\/campagne-leocare-courtoisie-100x31.jpg 100w, https:\/\/leocare.eu\/fr\/wp-content\/uploads\/2025\/07\/campagne-leocare-courtoisie-20x6.jpg 20w, https:\/\/leocare.eu\/fr\/wp-content\/uploads\/2025\/07\/campagne-leocare-courtoisie-40x12.jpg 40w, https:\/\/leocare.eu\/fr\/wp-content\/uploads\/2025\/07\/campagne-leocare-courtoisie-140x43.jpg 140w, https:\/\/leocare.eu\/fr\/wp-content\/uploads\/2025\/07\/campagne-leocare-courtoisie-200x61.jpg 200w, https:\/\/leocare.eu\/fr\/wp-content\/uploads\/2025\/07\/campagne-leocare-courtoisie-315x96.jpg 315w, https:\/\/leocare.eu\/fr\/wp-content\/uploads\/2025\/07\/campagne-leocare-courtoisie-560x171.jpg 560w, https:\/\/leocare.eu\/fr\/wp-content\/uploads\/2025\/07\/campagne-leocare-courtoisie-623x191.jpg 623w, https:\/\/leocare.eu\/fr\/wp-content\/uploads\/2025\/07\/campagne-leocare-courtoisie-475x145.jpg 475w, https:\/\/leocare.eu\/fr\/wp-content\/uploads\/2025\/07\/campagne-leocare-courtoisie-576x176.jpg 576w, https:\/\/leocare.eu\/fr\/wp-content\/uploads\/2025\/07\/campagne-leocare-courtoisie-992x304.jpg 992w\" sizes=\"(max-width: 1000px) 100vw, 1000px\" \/><\/figure>\n\n\n\n<h2 class=\"wp-block-heading\"><strong>Une campagne FOOH qui coupe court aux injures<\/strong><\/h2>\n\n\n\n<p>Pour inciter \u00e0 une conduite plus apais\u00e9e, <strong>Leocare d\u00e9tourne les codes de l\u2019\u00e9nervement au volant dans une campagne FOOH aussi maligne qu\u2019utile <\/strong>au travers de panneaux d\u2019affichage qui mettent en lumi\u00e8re les expressions favorites des conducteurs frustr\u00e9s \u2013 sans jamais les nommer compl\u00e8tement.<\/p>\n\n\n\n<p><em>\u00ab<\/em><em>&nbsp;<\/em><em>Un conducteur calme, c\u2019est d\u00e9j\u00e0 un conducteur mieux prot\u00e9g\u00e9. Alors, on a imagin\u00e9 la premi\u00e8re campagne qui vous enl\u00e8ve les mots de la bouche\u2026 pour \u00e9viter des accidents.<\/em><em>&nbsp;<\/em><em>\u00bb<\/em> <strong>commente Christophe Dandois, CEO de Leocare.<\/strong><\/p>\n\n\n\n<p>Cette prise de parole s\u2019inscrit dans la continuit\u00e9 de l\u2019engagement de la marque pour une route plus responsable, <strong>amorc\u00e9e lors de la Semaine de la courtoisie au volant en mars dernier.<\/strong><\/p>\n\n\n\n<h2 class=\"wp-block-heading\"><strong>La courtoisie au service de la s\u00e9curit\u00e9 de tous les conducteurs<\/strong><\/h2>\n\n\n\n<p><strong>Respecter les distances de s\u00e9curit\u00e9, anticiper, faire preuve de patience\u2026 <\/strong>ces gestes simples sont parfois oubli\u00e9s dans la fr\u00e9n\u00e9sie du quotidien. Pourtant, ils participent activement \u00e0 la s\u00e9curit\u00e9 de tous. Leocare rappelle que la route est un espace partag\u00e9, o\u00f9 chaque usager joue un r\u00f4le dans le climat collectif.<\/p>\n","protected":false},"excerpt":{"rendered":"<p>Plus de 8 Fran\u00e7ais sur 10 admettent s\u2019\u00e9nerver au volant. Un chiffre qui interpelle, surtout \u00e0 l\u2019approche des grands d\u00e9parts en vacances. Dans un contexte routier toujours plus tendu, la n\u00e9o-assurance Leocare, lance une nouvelle campagne d\u2019affichage in\u00e9dite en format FOOH (Fake Out-Of-Home), pour apaiser les esprits\u2026 et \u00e9viter les accrochages. Sur la route des [&hellip;]<\/p>\n","protected":false},"author":34,"featured_media":16588,"parent":16531,"menu_order":0,"comment_status":"closed","ping_status":"closed","template":"template_press_article.php","meta":{"_acf_changed":false,"footnotes":""},"class_list":["post-31269","page","type-page","status-publish","has-post-thumbnail","hentry"],"acf":[],"yoast_head":"<!-- This site is optimized with the Yoast SEO plugin v27.3 - https:\/\/yoast.com\/product\/yoast-seo-wordpress\/ -->\n<title>Leocare invite \u00e0 lever le pied sur la col\u00e8re au volant<\/title>\n<meta name=\"robots\" content=\"index, follow, max-snippet:-1, max-image-preview:large, max-video-preview:-1\" \/>\n<link rel=\"canonical\" href=\"https:\/\/leocare.eu\/fr\/presse\/leocare-campagne-communication-courtoisie-volant\/\" \/>\n<meta property=\"og:locale\" content=\"fr_FR\" \/>\n<meta property=\"og:type\" content=\"article\" \/>\n<meta property=\"og:title\" content=\"Leocare invite \u00e0 lever le pied sur la col\u00e8re au volant\" \/>\n<meta property=\"og:description\" content=\"Plus de 8 Fran\u00e7ais sur 10 admettent s\u2019\u00e9nerver au volant. Un chiffre qui interpelle, surtout \u00e0 l\u2019approche des grands d\u00e9parts en vacances. Dans un contexte routier toujours plus tendu, la n\u00e9o-assurance Leocare, lance une nouvelle campagne d\u2019affichage in\u00e9dite en format FOOH (Fake Out-Of-Home), pour apaiser les esprits\u2026 et \u00e9viter les accrochages. Sur la route des [&hellip;]\" \/>\n<meta property=\"og:url\" content=\"https:\/\/leocare.eu\/fr\/presse\/leocare-campagne-communication-courtoisie-volant\/\" \/>\n<meta property=\"og:site_name\" content=\"Leocare, assurance en ligne automobile et habitation\" \/>\n<meta property=\"article:modified_time\" content=\"2026-04-02T13:19:57+00:00\" \/>\n<meta property=\"og:image\" content=\"https:\/\/leocare.eu\/fr\/wp-content\/uploads\/2023\/07\/background-leocare.png\" \/>\n\t<meta property=\"og:image:width\" content=\"1400\" \/>\n\t<meta property=\"og:image:height\" content=\"600\" \/>\n\t<meta property=\"og:image:type\" content=\"image\/png\" \/>\n<meta name=\"twitter:card\" content=\"summary_large_image\" \/>\n<meta name=\"twitter:label1\" content=\"Dur\u00e9e de lecture estim\u00e9e\" \/>\n\t<meta name=\"twitter:data1\" content=\"2 minutes\" \/>\n<!-- \/ Yoast SEO plugin. -->","yoast_head_json":{"title":"Leocare invite \u00e0 lever le pied sur la col\u00e8re au volant","robots":{"index":"index","follow":"follow","max-snippet":"max-snippet:-1","max-image-preview":"max-image-preview:large","max-video-preview":"max-video-preview:-1"},"canonical":"https:\/\/leocare.eu\/fr\/presse\/leocare-campagne-communication-courtoisie-volant\/","og_locale":"fr_FR","og_type":"article","og_title":"Leocare invite \u00e0 lever le pied sur la col\u00e8re au volant","og_description":"Plus de 8 Fran\u00e7ais sur 10 admettent s\u2019\u00e9nerver au volant. Un chiffre qui interpelle, surtout \u00e0 l\u2019approche des grands d\u00e9parts en vacances. Dans un contexte routier toujours plus tendu, la n\u00e9o-assurance Leocare, lance une nouvelle campagne d\u2019affichage in\u00e9dite en format FOOH (Fake Out-Of-Home), pour apaiser les esprits\u2026 et \u00e9viter les accrochages. Sur la route des [&hellip;]","og_url":"https:\/\/leocare.eu\/fr\/presse\/leocare-campagne-communication-courtoisie-volant\/","og_site_name":"Leocare, assurance en ligne automobile et habitation","article_modified_time":"2026-04-02T13:19:57+00:00","og_image":[{"width":1400,"height":600,"url":"https:\/\/leocare.eu\/fr\/wp-content\/uploads\/2023\/07\/background-leocare.png","type":"image\/png"}],"twitter_card":"summary_large_image","twitter_misc":{"Dur\u00e9e de lecture estim\u00e9e":"2 minutes"},"schema":{"@context":"https:\/\/schema.org","@graph":[{"@type":"WebPage","@id":"https:\/\/leocare.eu\/fr\/presse\/leocare-campagne-communication-courtoisie-volant\/","url":"https:\/\/leocare.eu\/fr\/presse\/leocare-campagne-communication-courtoisie-volant\/","name":"Leocare invite \u00e0 lever le pied sur la col\u00e8re au volant","isPartOf":{"@id":"https:\/\/leocare.eu\/fr\/#website"},"primaryImageOfPage":{"@id":"https:\/\/leocare.eu\/fr\/presse\/leocare-campagne-communication-courtoisie-volant\/#primaryimage"},"image":{"@id":"https:\/\/leocare.eu\/fr\/presse\/leocare-campagne-communication-courtoisie-volant\/#primaryimage"},"thumbnailUrl":"https:\/\/leocare.eu\/fr\/wp-content\/uploads\/2023\/07\/background-leocare.png","datePublished":"2025-07-03T15:56:46+00:00","dateModified":"2026-04-02T13:19:57+00:00","breadcrumb":{"@id":"https:\/\/leocare.eu\/fr\/presse\/leocare-campagne-communication-courtoisie-volant\/#breadcrumb"},"inLanguage":"fr-FR","potentialAction":[{"@type":"ReadAction","target":["https:\/\/leocare.eu\/fr\/presse\/leocare-campagne-communication-courtoisie-volant\/"]}]},{"@type":"ImageObject","inLanguage":"fr-FR","@id":"https:\/\/leocare.eu\/fr\/presse\/leocare-campagne-communication-courtoisie-volant\/#primaryimage","url":"https:\/\/leocare.eu\/fr\/wp-content\/uploads\/2023\/07\/background-leocare.png","contentUrl":"https:\/\/leocare.eu\/fr\/wp-content\/uploads\/2023\/07\/background-leocare.png","width":1400,"height":600,"caption":"background leocare"},{"@type":"WebSite","@id":"https:\/\/leocare.eu\/fr\/#website","url":"https:\/\/leocare.eu\/fr\/","name":"Leocare, assurance en ligne automobile et habitation","description":"enfin (r)assur\u00e9.e","publisher":{"@id":"https:\/\/leocare.eu\/fr\/#organization"},"potentialAction":[{"@type":"SearchAction","target":{"@type":"EntryPoint","urlTemplate":"https:\/\/leocare.eu\/fr\/?s={search_term_string}"},"query-input":{"@type":"PropertyValueSpecification","valueRequired":true,"valueName":"search_term_string"}}],"inLanguage":"fr-FR"},{"@type":"Organization","@id":"https:\/\/leocare.eu\/fr\/#organization","name":"Leocare, assurance en ligne automobile et habitation","url":"https:\/\/leocare.eu\/fr\/","logo":{"@type":"ImageObject","inLanguage":"fr-FR","@id":"https:\/\/leocare.eu\/fr\/#\/schema\/logo\/image\/","url":"https:\/\/leocare.eu\/fr\/wp-content\/uploads\/2020\/03\/logo-leocare.svg","contentUrl":"https:\/\/leocare.eu\/fr\/wp-content\/uploads\/2020\/03\/logo-leocare.svg","caption":"Leocare, assurance en ligne automobile et habitation"},"image":{"@id":"https:\/\/leocare.eu\/fr\/#\/schema\/logo\/image\/"}}]}},"_links":{"self":[{"href":"https:\/\/leocare.eu\/fr\/wp-json\/wp\/v2\/pages\/31269","targetHints":{"allow":["GET"]}}],"collection":[{"href":"https:\/\/leocare.eu\/fr\/wp-json\/wp\/v2\/pages"}],"about":[{"href":"https:\/\/leocare.eu\/fr\/wp-json\/wp\/v2\/types\/page"}],"author":[{"embeddable":true,"href":"https:\/\/leocare.eu\/fr\/wp-json\/wp\/v2\/users\/34"}],"replies":[{"embeddable":true,"href":"https:\/\/leocare.eu\/fr\/wp-json\/wp\/v2\/comments?post=31269"}],"version-history":[{"count":3,"href":"https:\/\/leocare.eu\/fr\/wp-json\/wp\/v2\/pages\/31269\/revisions"}],"predecessor-version":[{"id":41032,"href":"https:\/\/leocare.eu\/fr\/wp-json\/wp\/v2\/pages\/31269\/revisions\/41032"}],"up":[{"embeddable":true,"href":"https:\/\/leocare.eu\/fr\/wp-json\/wp\/v2\/pages\/16531"}],"wp:featuredmedia":[{"embeddable":true,"href":"https:\/\/leocare.eu\/fr\/wp-json\/wp\/v2\/media\/16588"}],"wp:attachment":[{"href":"https:\/\/leocare.eu\/fr\/wp-json\/wp\/v2\/media?parent=31269"}],"curies":[{"name":"wp","href":"https:\/\/api.w.org\/{rel}","templated":true}]}}