{"id":30124,"date":"2025-06-04T15:37:47","date_gmt":"2025-06-04T13:37:47","guid":{"rendered":"https:\/\/leocare.eu\/fr\/?page_id=30124"},"modified":"2026-03-27T17:10:56","modified_gmt":"2026-03-27T16:10:56","slug":"trouver-reparateur-leocare-bris-de-glace","status":"publish","type":"page","link":"https:\/\/leocare.eu\/fr\/help\/trouver-reparateur-leocare-bris-de-glace\/","title":{"rendered":"Trouver un r\u00e9parateur Leocare pour son bris de glace"},"content":{"rendered":"\n<p>B\u00e9n\u00e9ficiez d\u2019un accompagnement complet, sans avance de frais, avec des services pratiques et des r\u00e9parations garanties en choisissant un r\u00e9parateur agr\u00e9\u00e9 Leocare. <\/p>\n\n\n\n<h2 class=\"wp-block-heading\">Les avantages d&rsquo;un garage agr\u00e9\u00e9 pour votre bris de glace<\/h2>\n\n\n\n<ul class=\"wp-block-list\">\n<li><strong>Vous n\u2019avez rien \u00e0 avancer :<\/strong> les frais de r\u00e9paration sont pris en charge par l\u2019assurance.<\/li>\n\n\n\n<li><strong>Le r\u00e9parateur peut venir jusqu\u2019\u00e0 vous :<\/strong> pas besoin de vous d\u00e9placer, le professionnel intervient sur place.<\/li>\n\n\n\n<li><strong>V\u00e9hicule de pr\u00eat peut \u00eatre mis \u00e0 disposition : <\/strong>un v\u00e9hicule de remplacement peut \u00eatre propos\u00e9 pendant toute la dur\u00e9e des r\u00e9parations.<\/li>\n\n\n\n<li><strong>Les r\u00e9parations sont garanties<\/strong> : si un probl\u00e8me survient apr\u00e8s l\u2019intervention, vous pouvez le signaler et obtenir une prise en charge.<\/li>\n\n\n\n<li><strong>Pas besoin de d\u00e9clarer de sinistre : <\/strong>nos r\u00e9parateurs se chargent de tout, sans d\u00e9marche suppl\u00e9mentaire.<\/li>\n<\/ul>\n\n\n\n<p><strong>Prenez rendez-vous d\u00e8s maintenant et laissez-nous vous simplifier la vie.<\/strong><\/p>\n\n\n\n<div class=\"wp-block-columns is-layout-flex wp-container-core-columns-is-layout-9d6595d7 wp-block-columns-is-layout-flex\">\n<div class=\"wp-block-column is-layout-flow wp-block-column-is-layout-flow\">\n<figure class=\"wp-block-image size-full\"><img decoding=\"async\" width=\"1000\" height=\"1000\" src=\"https:\/\/leocare.eu\/fr\/wp-content\/uploads\/2025\/06\/logo-france-parebrise.jpg\" alt=\"logo france pare brise\" class=\"wp-image-30147\" srcset=\"https:\/\/leocare.eu\/fr\/wp-content\/uploads\/2025\/06\/logo-france-parebrise.jpg 1000w, https:\/\/leocare.eu\/fr\/wp-content\/uploads\/2025\/06\/logo-france-parebrise-300x300.jpg 300w, https:\/\/leocare.eu\/fr\/wp-content\/uploads\/2025\/06\/logo-france-parebrise-150x150.jpg 150w, https:\/\/leocare.eu\/fr\/wp-content\/uploads\/2025\/06\/logo-france-parebrise-768x768.jpg 768w, https:\/\/leocare.eu\/fr\/wp-content\/uploads\/2025\/06\/logo-france-parebrise-986x986.jpg 986w, https:\/\/leocare.eu\/fr\/wp-content\/uploads\/2025\/06\/logo-france-parebrise-980x980.jpg 980w, https:\/\/leocare.eu\/fr\/wp-content\/uploads\/2025\/06\/logo-france-parebrise-575x575.jpg 575w, https:\/\/leocare.eu\/fr\/wp-content\/uploads\/2025\/06\/logo-france-parebrise-600x600.jpg 600w, https:\/\/leocare.eu\/fr\/wp-content\/uploads\/2025\/06\/logo-france-parebrise-700x700.jpg 700w, https:\/\/leocare.eu\/fr\/wp-content\/uploads\/2025\/06\/logo-france-parebrise-480x480.jpg 480w, https:\/\/leocare.eu\/fr\/wp-content\/uploads\/2025\/06\/logo-france-parebrise-500x500.jpg 500w, https:\/\/leocare.eu\/fr\/wp-content\/uploads\/2025\/06\/logo-france-parebrise-360x360.jpg 360w, https:\/\/leocare.eu\/fr\/wp-content\/uploads\/2025\/06\/logo-france-parebrise-330x330.jpg 330w, https:\/\/leocare.eu\/fr\/wp-content\/uploads\/2025\/06\/logo-france-parebrise-160x160.jpg 160w, https:\/\/leocare.eu\/fr\/wp-content\/uploads\/2025\/06\/logo-france-parebrise-100x100.jpg 100w, https:\/\/leocare.eu\/fr\/wp-content\/uploads\/2025\/06\/logo-france-parebrise-20x20.jpg 20w, https:\/\/leocare.eu\/fr\/wp-content\/uploads\/2025\/06\/logo-france-parebrise-40x40.jpg 40w, https:\/\/leocare.eu\/fr\/wp-content\/uploads\/2025\/06\/logo-france-parebrise-140x140.jpg 140w, https:\/\/leocare.eu\/fr\/wp-content\/uploads\/2025\/06\/logo-france-parebrise-200x200.jpg 200w, https:\/\/leocare.eu\/fr\/wp-content\/uploads\/2025\/06\/logo-france-parebrise-240x240.jpg 240w, https:\/\/leocare.eu\/fr\/wp-content\/uploads\/2025\/06\/logo-france-parebrise-350x350.jpg 350w, https:\/\/leocare.eu\/fr\/wp-content\/uploads\/2025\/06\/logo-france-parebrise-540x540.jpg 540w, https:\/\/leocare.eu\/fr\/wp-content\/uploads\/2025\/06\/logo-france-parebrise-475x475.jpg 475w, https:\/\/leocare.eu\/fr\/wp-content\/uploads\/2025\/06\/logo-france-parebrise-80x80.jpg 80w, https:\/\/leocare.eu\/fr\/wp-content\/uploads\/2025\/06\/logo-france-parebrise-30x30.jpg 30w, https:\/\/leocare.eu\/fr\/wp-content\/uploads\/2025\/06\/logo-france-parebrise-24x24.jpg 24w, https:\/\/leocare.eu\/fr\/wp-content\/uploads\/2025\/06\/logo-france-parebrise-56x56.jpg 56w, https:\/\/leocare.eu\/fr\/wp-content\/uploads\/2025\/06\/logo-france-parebrise-576x576.jpg 576w, https:\/\/leocare.eu\/fr\/wp-content\/uploads\/2025\/06\/logo-france-parebrise-992x992.jpg 992w\" sizes=\"(max-width: 1000px) 100vw, 1000px\" \/><\/figure>\n\n\n\n<div class=\"wp-block-buttons is-content-justification-center is-layout-flex wp-container-core-buttons-is-layout-16018d1d wp-block-buttons-is-layout-flex\">\n<div class=\"wp-block-button\"><a class=\"wp-block-button__link wp-element-button\" href=\"https:\/\/client.franceparebrise.net\/open-arrival\/auto\" target=\"_blank\" rel=\"noreferrer noopener nofollow\">Prendre rendez-vous<\/a><\/div>\n<\/div>\n\n\n\n<p class=\"has-text-align-center\"><strong>Num\u00e9ro de t\u00e9l\u00e9phone<\/strong><br><a href=\"tel:0800400200\">0 800 400 200<\/a><\/p>\n<\/div>\n\n\n\n<div class=\"wp-block-column is-layout-flow wp-block-column-is-layout-flow\">\n<figure class=\"wp-block-image size-full\"><img decoding=\"async\" width=\"1000\" height=\"1000\" src=\"https:\/\/leocare.eu\/fr\/wp-content\/uploads\/2025\/06\/logo-mondial-pare-brise-1.jpg\" alt=\"logo mondial pare brise\" class=\"wp-image-30146\" srcset=\"https:\/\/leocare.eu\/fr\/wp-content\/uploads\/2025\/06\/logo-mondial-pare-brise-1.jpg 1000w, https:\/\/leocare.eu\/fr\/wp-content\/uploads\/2025\/06\/logo-mondial-pare-brise-1-300x300.jpg 300w, https:\/\/leocare.eu\/fr\/wp-content\/uploads\/2025\/06\/logo-mondial-pare-brise-1-150x150.jpg 150w, https:\/\/leocare.eu\/fr\/wp-content\/uploads\/2025\/06\/logo-mondial-pare-brise-1-768x768.jpg 768w, https:\/\/leocare.eu\/fr\/wp-content\/uploads\/2025\/06\/logo-mondial-pare-brise-1-986x986.jpg 986w, https:\/\/leocare.eu\/fr\/wp-content\/uploads\/2025\/06\/logo-mondial-pare-brise-1-980x980.jpg 980w, https:\/\/leocare.eu\/fr\/wp-content\/uploads\/2025\/06\/logo-mondial-pare-brise-1-575x575.jpg 575w, https:\/\/leocare.eu\/fr\/wp-content\/uploads\/2025\/06\/logo-mondial-pare-brise-1-600x600.jpg 600w, https:\/\/leocare.eu\/fr\/wp-content\/uploads\/2025\/06\/logo-mondial-pare-brise-1-700x700.jpg 700w, https:\/\/leocare.eu\/fr\/wp-content\/uploads\/2025\/06\/logo-mondial-pare-brise-1-480x480.jpg 480w, https:\/\/leocare.eu\/fr\/wp-content\/uploads\/2025\/06\/logo-mondial-pare-brise-1-500x500.jpg 500w, https:\/\/leocare.eu\/fr\/wp-content\/uploads\/2025\/06\/logo-mondial-pare-brise-1-360x360.jpg 360w, https:\/\/leocare.eu\/fr\/wp-content\/uploads\/2025\/06\/logo-mondial-pare-brise-1-330x330.jpg 330w, https:\/\/leocare.eu\/fr\/wp-content\/uploads\/2025\/06\/logo-mondial-pare-brise-1-160x160.jpg 160w, https:\/\/leocare.eu\/fr\/wp-content\/uploads\/2025\/06\/logo-mondial-pare-brise-1-100x100.jpg 100w, https:\/\/leocare.eu\/fr\/wp-content\/uploads\/2025\/06\/logo-mondial-pare-brise-1-20x20.jpg 20w, https:\/\/leocare.eu\/fr\/wp-content\/uploads\/2025\/06\/logo-mondial-pare-brise-1-40x40.jpg 40w, https:\/\/leocare.eu\/fr\/wp-content\/uploads\/2025\/06\/logo-mondial-pare-brise-1-140x140.jpg 140w, https:\/\/leocare.eu\/fr\/wp-content\/uploads\/2025\/06\/logo-mondial-pare-brise-1-200x200.jpg 200w, https:\/\/leocare.eu\/fr\/wp-content\/uploads\/2025\/06\/logo-mondial-pare-brise-1-240x240.jpg 240w, https:\/\/leocare.eu\/fr\/wp-content\/uploads\/2025\/06\/logo-mondial-pare-brise-1-350x350.jpg 350w, https:\/\/leocare.eu\/fr\/wp-content\/uploads\/2025\/06\/logo-mondial-pare-brise-1-540x540.jpg 540w, https:\/\/leocare.eu\/fr\/wp-content\/uploads\/2025\/06\/logo-mondial-pare-brise-1-475x475.jpg 475w, https:\/\/leocare.eu\/fr\/wp-content\/uploads\/2025\/06\/logo-mondial-pare-brise-1-80x80.jpg 80w, https:\/\/leocare.eu\/fr\/wp-content\/uploads\/2025\/06\/logo-mondial-pare-brise-1-30x30.jpg 30w, https:\/\/leocare.eu\/fr\/wp-content\/uploads\/2025\/06\/logo-mondial-pare-brise-1-24x24.jpg 24w, https:\/\/leocare.eu\/fr\/wp-content\/uploads\/2025\/06\/logo-mondial-pare-brise-1-56x56.jpg 56w, https:\/\/leocare.eu\/fr\/wp-content\/uploads\/2025\/06\/logo-mondial-pare-brise-1-576x576.jpg 576w, https:\/\/leocare.eu\/fr\/wp-content\/uploads\/2025\/06\/logo-mondial-pare-brise-1-992x992.jpg 992w\" sizes=\"(max-width: 1000px) 100vw, 1000px\" \/><\/figure>\n\n\n\n<div class=\"wp-block-buttons is-content-justification-center is-layout-flex wp-container-core-buttons-is-layout-16018d1d wp-block-buttons-is-layout-flex\">\n<div class=\"wp-block-button\"><a class=\"wp-block-button__link wp-element-button\" href=\"https:\/\/www.mondialparebrise.fr\/planningmonrdv\" target=\"_blank\" rel=\"noreferrer noopener nofollow\">Prendre rendez-vous<\/a><\/div>\n<\/div>\n\n\n\n<p class=\"has-text-align-center\"><strong>Num\u00e9ro de t\u00e9l\u00e9phone<\/strong><br><a href=\"tel:0805161718\">0 805 161 718<\/a><\/p>\n<\/div>\n\n\n\n<div class=\"wp-block-column is-layout-flow wp-block-column-is-layout-flow\">\n<figure class=\"wp-block-image size-full\"><img decoding=\"async\" width=\"1000\" height=\"1000\" src=\"https:\/\/leocare.eu\/fr\/wp-content\/uploads\/2025\/06\/logo-carglass.jpg\" alt=\"logo carglass\" class=\"wp-image-30148\" srcset=\"https:\/\/leocare.eu\/fr\/wp-content\/uploads\/2025\/06\/logo-carglass.jpg 1000w, https:\/\/leocare.eu\/fr\/wp-content\/uploads\/2025\/06\/logo-carglass-300x300.jpg 300w, https:\/\/leocare.eu\/fr\/wp-content\/uploads\/2025\/06\/logo-carglass-150x150.jpg 150w, https:\/\/leocare.eu\/fr\/wp-content\/uploads\/2025\/06\/logo-carglass-768x768.jpg 768w, https:\/\/leocare.eu\/fr\/wp-content\/uploads\/2025\/06\/logo-carglass-986x986.jpg 986w, https:\/\/leocare.eu\/fr\/wp-content\/uploads\/2025\/06\/logo-carglass-980x980.jpg 980w, https:\/\/leocare.eu\/fr\/wp-content\/uploads\/2025\/06\/logo-carglass-575x575.jpg 575w, https:\/\/leocare.eu\/fr\/wp-content\/uploads\/2025\/06\/logo-carglass-600x600.jpg 600w, https:\/\/leocare.eu\/fr\/wp-content\/uploads\/2025\/06\/logo-carglass-700x700.jpg 700w, https:\/\/leocare.eu\/fr\/wp-content\/uploads\/2025\/06\/logo-carglass-480x480.jpg 480w, https:\/\/leocare.eu\/fr\/wp-content\/uploads\/2025\/06\/logo-carglass-500x500.jpg 500w, https:\/\/leocare.eu\/fr\/wp-content\/uploads\/2025\/06\/logo-carglass-360x360.jpg 360w, https:\/\/leocare.eu\/fr\/wp-content\/uploads\/2025\/06\/logo-carglass-330x330.jpg 330w, https:\/\/leocare.eu\/fr\/wp-content\/uploads\/2025\/06\/logo-carglass-160x160.jpg 160w, https:\/\/leocare.eu\/fr\/wp-content\/uploads\/2025\/06\/logo-carglass-100x100.jpg 100w, https:\/\/leocare.eu\/fr\/wp-content\/uploads\/2025\/06\/logo-carglass-20x20.jpg 20w, https:\/\/leocare.eu\/fr\/wp-content\/uploads\/2025\/06\/logo-carglass-40x40.jpg 40w, https:\/\/leocare.eu\/fr\/wp-content\/uploads\/2025\/06\/logo-carglass-140x140.jpg 140w, https:\/\/leocare.eu\/fr\/wp-content\/uploads\/2025\/06\/logo-carglass-200x200.jpg 200w, https:\/\/leocare.eu\/fr\/wp-content\/uploads\/2025\/06\/logo-carglass-240x240.jpg 240w, https:\/\/leocare.eu\/fr\/wp-content\/uploads\/2025\/06\/logo-carglass-350x350.jpg 350w, https:\/\/leocare.eu\/fr\/wp-content\/uploads\/2025\/06\/logo-carglass-540x540.jpg 540w, https:\/\/leocare.eu\/fr\/wp-content\/uploads\/2025\/06\/logo-carglass-475x475.jpg 475w, https:\/\/leocare.eu\/fr\/wp-content\/uploads\/2025\/06\/logo-carglass-80x80.jpg 80w, https:\/\/leocare.eu\/fr\/wp-content\/uploads\/2025\/06\/logo-carglass-30x30.jpg 30w, https:\/\/leocare.eu\/fr\/wp-content\/uploads\/2025\/06\/logo-carglass-24x24.jpg 24w, https:\/\/leocare.eu\/fr\/wp-content\/uploads\/2025\/06\/logo-carglass-56x56.jpg 56w, https:\/\/leocare.eu\/fr\/wp-content\/uploads\/2025\/06\/logo-carglass-576x576.jpg 576w, https:\/\/leocare.eu\/fr\/wp-content\/uploads\/2025\/06\/logo-carglass-992x992.jpg 992w\" sizes=\"(max-width: 1000px) 100vw, 1000px\" \/><\/figure>\n\n\n\n<div class=\"wp-block-buttons is-content-justification-center is-layout-flex wp-container-core-buttons-is-layout-16018d1d wp-block-buttons-is-layout-flex\">\n<div class=\"wp-block-button\"><a class=\"wp-block-button__link wp-element-button\" href=\"https:\/\/www.carglass.fr\/prendre-rendez-vous?city=\" target=\"_blank\" rel=\"noreferrer noopener nofollow\">Prendre rendez-vous<\/a><\/div>\n<\/div>\n\n\n\n<p class=\"has-text-align-center\"><strong>Num\u00e9ro de t\u00e9l\u00e9phone<br><\/strong><a href=\"tel:0977401927\">09 77 40 19 27<\/a><\/p>\n<\/div>\n<\/div>\n","protected":false},"excerpt":{"rendered":"<p>B\u00e9n\u00e9ficiez d\u2019un accompagnement complet, sans avance de frais, avec des services pratiques et des r\u00e9parations garanties en choisissant un r\u00e9parateur agr\u00e9\u00e9 Leocare. Les avantages d&rsquo;un garage agr\u00e9\u00e9 pour votre bris de glace Prenez rendez-vous d\u00e8s maintenant et laissez-nous vous simplifier la vie. Num\u00e9ro de t\u00e9l\u00e9phone0 800 400 200 Num\u00e9ro de t\u00e9l\u00e9phone0 805 161 718 Num\u00e9ro [&hellip;]<\/p>\n","protected":false},"author":4,"featured_media":30929,"parent":16244,"menu_order":0,"comment_status":"closed","ping_status":"closed","template":"template_help_article.php","meta":{"_acf_changed":false,"footnotes":""},"class_list":["post-30124","page","type-page","status-publish","has-post-thumbnail","hentry"],"acf":[],"yoast_head":"<!-- This site is optimized with the Yoast SEO plugin v27.3 - https:\/\/yoast.com\/product\/yoast-seo-wordpress\/ -->\n<title>Trouver un r\u00e9parateur Leocare pour son bris de glace<\/title>\n<meta name=\"robots\" content=\"index, follow, max-snippet:-1, max-image-preview:large, max-video-preview:-1\" \/>\n<link rel=\"canonical\" href=\"https:\/\/leocare.eu\/fr\/help\/trouver-reparateur-leocare-bris-de-glace\/\" \/>\n<meta property=\"og:locale\" content=\"fr_FR\" \/>\n<meta property=\"og:type\" content=\"article\" \/>\n<meta property=\"og:title\" content=\"Trouver un r\u00e9parateur Leocare pour son bris de glace\" \/>\n<meta property=\"og:description\" content=\"B\u00e9n\u00e9ficiez d\u2019un accompagnement complet, sans avance de frais, avec des services pratiques et des r\u00e9parations garanties en choisissant un r\u00e9parateur agr\u00e9\u00e9 Leocare. Les avantages d&rsquo;un garage agr\u00e9\u00e9 pour votre bris de glace Prenez rendez-vous d\u00e8s maintenant et laissez-nous vous simplifier la vie. Num\u00e9ro de t\u00e9l\u00e9phone0 800 400 200 Num\u00e9ro de t\u00e9l\u00e9phone0 805 161 718 Num\u00e9ro [&hellip;]\" \/>\n<meta property=\"og:url\" content=\"https:\/\/leocare.eu\/fr\/help\/trouver-reparateur-leocare-bris-de-glace\/\" \/>\n<meta property=\"og:site_name\" content=\"Leocare, assurance en ligne automobile et habitation\" \/>\n<meta property=\"article:modified_time\" content=\"2026-03-27T16:10:56+00:00\" \/>\n<meta property=\"og:image\" content=\"https:\/\/leocare.eu\/fr\/wp-content\/uploads\/2025\/06\/reparation-pare-brise.jpg\" \/>\n\t<meta property=\"og:image:width\" content=\"800\" \/>\n\t<meta property=\"og:image:height\" content=\"505\" \/>\n\t<meta property=\"og:image:type\" content=\"image\/jpeg\" \/>\n<meta name=\"twitter:card\" content=\"summary_large_image\" \/>\n<meta name=\"twitter:label1\" content=\"Est. reading time\" \/>\n\t<meta name=\"twitter:data1\" content=\"1 minute\" \/>\n<!-- \/ Yoast SEO plugin. -->","yoast_head_json":{"title":"Trouver un r\u00e9parateur Leocare pour son bris de glace","robots":{"index":"index","follow":"follow","max-snippet":"max-snippet:-1","max-image-preview":"max-image-preview:large","max-video-preview":"max-video-preview:-1"},"canonical":"https:\/\/leocare.eu\/fr\/help\/trouver-reparateur-leocare-bris-de-glace\/","og_locale":"fr_FR","og_type":"article","og_title":"Trouver un r\u00e9parateur Leocare pour son bris de glace","og_description":"B\u00e9n\u00e9ficiez d\u2019un accompagnement complet, sans avance de frais, avec des services pratiques et des r\u00e9parations garanties en choisissant un r\u00e9parateur agr\u00e9\u00e9 Leocare. Les avantages d&rsquo;un garage agr\u00e9\u00e9 pour votre bris de glace Prenez rendez-vous d\u00e8s maintenant et laissez-nous vous simplifier la vie. Num\u00e9ro de t\u00e9l\u00e9phone0 800 400 200 Num\u00e9ro de t\u00e9l\u00e9phone0 805 161 718 Num\u00e9ro [&hellip;]","og_url":"https:\/\/leocare.eu\/fr\/help\/trouver-reparateur-leocare-bris-de-glace\/","og_site_name":"Leocare, assurance en ligne automobile et habitation","article_modified_time":"2026-03-27T16:10:56+00:00","og_image":[{"width":800,"height":505,"url":"https:\/\/leocare.eu\/fr\/wp-content\/uploads\/2025\/06\/reparation-pare-brise.jpg","type":"image\/jpeg"}],"twitter_card":"summary_large_image","twitter_misc":{"Est. reading time":"1 minute"},"schema":{"@context":"https:\/\/schema.org","@graph":[{"@type":"WebPage","@id":"https:\/\/leocare.eu\/fr\/help\/trouver-reparateur-leocare-bris-de-glace\/","url":"https:\/\/leocare.eu\/fr\/help\/trouver-reparateur-leocare-bris-de-glace\/","name":"Trouver un r\u00e9parateur Leocare pour son bris de glace","isPartOf":{"@id":"https:\/\/leocare.eu\/fr\/#website"},"primaryImageOfPage":{"@id":"https:\/\/leocare.eu\/fr\/help\/trouver-reparateur-leocare-bris-de-glace\/#primaryimage"},"image":{"@id":"https:\/\/leocare.eu\/fr\/help\/trouver-reparateur-leocare-bris-de-glace\/#primaryimage"},"thumbnailUrl":"https:\/\/leocare.eu\/fr\/wp-content\/uploads\/2025\/06\/reparation-pare-brise.jpg","datePublished":"2025-06-04T13:37:47+00:00","dateModified":"2026-03-27T16:10:56+00:00","breadcrumb":{"@id":"https:\/\/leocare.eu\/fr\/help\/trouver-reparateur-leocare-bris-de-glace\/#breadcrumb"},"inLanguage":"fr-FR","potentialAction":[{"@type":"ReadAction","target":["https:\/\/leocare.eu\/fr\/help\/trouver-reparateur-leocare-bris-de-glace\/"]}]},{"@type":"ImageObject","inLanguage":"fr-FR","@id":"https:\/\/leocare.eu\/fr\/help\/trouver-reparateur-leocare-bris-de-glace\/#primaryimage","url":"https:\/\/leocare.eu\/fr\/wp-content\/uploads\/2025\/06\/reparation-pare-brise.jpg","contentUrl":"https:\/\/leocare.eu\/fr\/wp-content\/uploads\/2025\/06\/reparation-pare-brise.jpg","width":800,"height":505,"caption":"reparation pare-brise"},{"@type":"WebSite","@id":"https:\/\/leocare.eu\/fr\/#website","url":"https:\/\/leocare.eu\/fr\/","name":"Leocare, assurance en ligne automobile et habitation","description":"enfin (r)assur\u00e9.e","publisher":{"@id":"https:\/\/leocare.eu\/fr\/#organization"},"potentialAction":[{"@type":"SearchAction","target":{"@type":"EntryPoint","urlTemplate":"https:\/\/leocare.eu\/fr\/?s={search_term_string}"},"query-input":{"@type":"PropertyValueSpecification","valueRequired":true,"valueName":"search_term_string"}}],"inLanguage":"fr-FR"},{"@type":"Organization","@id":"https:\/\/leocare.eu\/fr\/#organization","name":"Leocare, assurance en ligne automobile et habitation","url":"https:\/\/leocare.eu\/fr\/","logo":{"@type":"ImageObject","inLanguage":"fr-FR","@id":"https:\/\/leocare.eu\/fr\/#\/schema\/logo\/image\/","url":"https:\/\/leocare.eu\/fr\/wp-content\/uploads\/2020\/03\/logo-leocare.svg","contentUrl":"https:\/\/leocare.eu\/fr\/wp-content\/uploads\/2020\/03\/logo-leocare.svg","caption":"Leocare, assurance en ligne automobile et habitation"},"image":{"@id":"https:\/\/leocare.eu\/fr\/#\/schema\/logo\/image\/"}}]}},"_links":{"self":[{"href":"https:\/\/leocare.eu\/fr\/wp-json\/wp\/v2\/pages\/30124","targetHints":{"allow":["GET"]}}],"collection":[{"href":"https:\/\/leocare.eu\/fr\/wp-json\/wp\/v2\/pages"}],"about":[{"href":"https:\/\/leocare.eu\/fr\/wp-json\/wp\/v2\/types\/page"}],"author":[{"embeddable":true,"href":"https:\/\/leocare.eu\/fr\/wp-json\/wp\/v2\/users\/4"}],"replies":[{"embeddable":true,"href":"https:\/\/leocare.eu\/fr\/wp-json\/wp\/v2\/comments?post=30124"}],"version-history":[{"count":17,"href":"https:\/\/leocare.eu\/fr\/wp-json\/wp\/v2\/pages\/30124\/revisions"}],"predecessor-version":[{"id":40369,"href":"https:\/\/leocare.eu\/fr\/wp-json\/wp\/v2\/pages\/30124\/revisions\/40369"}],"up":[{"embeddable":true,"href":"https:\/\/leocare.eu\/fr\/wp-json\/wp\/v2\/pages\/16244"}],"wp:featuredmedia":[{"embeddable":true,"href":"https:\/\/leocare.eu\/fr\/wp-json\/wp\/v2\/media\/30929"}],"wp:attachment":[{"href":"https:\/\/leocare.eu\/fr\/wp-json\/wp\/v2\/media?parent=30124"}],"curies":[{"name":"wp","href":"https:\/\/api.w.org\/{rel}","templated":true}]}}