{"id":29303,"date":"2025-04-29T09:23:32","date_gmt":"2025-04-29T07:23:32","guid":{"rendered":"https:\/\/leocare.eu\/fr\/?page_id=29303"},"modified":"2025-04-29T10:19:28","modified_gmt":"2025-04-29T08:19:28","slug":"leocare-lance-son-nouvel-espace-partenaires","status":"publish","type":"page","link":"https:\/\/leocare.eu\/fr\/presse\/leocare-lance-son-nouvel-espace-partenaires\/","title":{"rendered":"Leocare r\u00e9volutionne la gestion des courtiers avec la nouvelle version de son Espace Partenaires"},"content":{"rendered":"\n<p><em>La n\u00e9o-assurance Leocare annonce la sortie de son nouvel espace partenaires, une plateforme d\u00e9di\u00e9e aux courtiers pour optimiser la gestion de leur portefeuille et am\u00e9liorer l\u2019exp\u00e9rience client. \u00c0 l\u2019heure o\u00f9 la digitalisation transforme en profondeur la distribution du secteur de l\u2019assurance, cette solution vise \u00e0 r\u00e9pondre aux enjeux d\u2019efficacit\u00e9, de transparence et de r\u00e9activit\u00e9 des courtiers. En simplifiant le pilotage de portefeuille et la performance de son activit\u00e9, Leocare permet aux courtiers de se concentrer sur leur c\u0153ur de m\u00e9tier : l\u2019accompagnement de proximit\u00e9 et le conseil personnalis\u00e9.<\/em><\/p>\n\n\n\n<h2 class=\"wp-block-heading\"><strong>Le digital au service du d\u00e9veloppement commercial des courtiers en assurance<\/strong><\/h2>\n\n\n\n<p>Le digital a profond\u00e9ment transform\u00e9 le m\u00e9tier des courtiers en assurance, offrant de nouvelles opportunit\u00e9s tout en posant certains d\u00e9fis. Gr\u00e2ce aux outils num\u00e9riques, ils peuvent automatiser de nombreuses t\u00e2ches administratives, leur permettant de se concentrer davantage sur le conseil et la relation client. Les plateformes CRM, les comparateurs en ligne et l\u2019intelligence artificielle facilitent la personnalisation des offres, am\u00e9liorant ainsi l\u2019exp\u00e9rience client et la r\u00e9activit\u00e9 face aux demandes. 75 % des courtiers interrog\u00e9s consid\u00e8rent qu&rsquo;ils pourraient utiliser davantage les outils digitaux pour leur d\u00e9veloppement commercial. Toutefois, cette digitalisation impose aussi une adaptation constante aux nouvelles technologies et une mont\u00e9e en comp\u00e9tences sur les outils num\u00e9riques pour rester comp\u00e9titif dans un march\u00e9 de plus en plus digitalis\u00e9.<\/p>\n\n\n\n<h2 class=\"wp-block-heading\"><strong>Le compagnon de route des courtiers en assurance<\/strong><\/h2>\n\n\n\n<p>Dans ce contexte, Leocare lance son nouvel espace partenaires d\u00e9di\u00e9 aux courtiers. Avec cette nouvelle interface, les courtiers partenaires de Leocare b\u00e9n\u00e9ficient d\u2019un acc\u00e8s instantan\u00e9 \u00e0 l\u2019ensemble de leurs contrats et devis. Ils disposent d\u2019une vision en temps r\u00e9el de leurs op\u00e9rations, d\u2019un suivi de conformit\u00e9 dynamique gr\u00e2ce \u00e0 l\u2019IA garantissant une mise \u00e0 jour instantan\u00e9e des dossiers et d\u2019une fonctionnalit\u00e9 d\u2019ajout de pi\u00e8ces justificatives directement sur la plateforme, sans \u00e9change de mails superflus. Cet outil leur permet ainsi de gagner un temps pr\u00e9cieux et d\u2019am\u00e9liorer leur performance au quotidien ainsi que la satisfaction de leurs clients.<br><br>La plateforme a \u00e9t\u00e9 con\u00e7ue pour simplifier la gestion des devis et acc\u00e9l\u00e9rer la souscription des assurances. Les courtiers peuvent acc\u00e9der rapidement aux devis en cours gr\u00e2ce \u00e0 une recherche simplifi\u00e9e par nom ou type de produit. Ils ont la possibilit\u00e9 de modifier instantan\u00e9ment les offres pour r\u00e9pondre pr\u00e9cis\u00e9ment aux besoins des clients. La souscription est rapide et s\u00e9curis\u00e9e avec plusieurs options de paiement, dont le paiement imm\u00e9diat en ligne ou l\u2019envoi d\u2019un lien s\u00e9curis\u00e9 pour un r\u00e8glement diff\u00e9r\u00e9.\u00a0\u00a0<\/p>\n\n\n\n<p>Le nouvel espace partenaires s\u2019adapte aux besoins sp\u00e9cifiques des diff\u00e9rents acteurs. Les managers de r\u00e9seau disposent d\u2019une vision compl\u00e8te de l\u2019ensemble des agences, tandis que les managers d\u2019agence ont un contr\u00f4le total sur les contrats et devis de leur structure. Les vendeurs, quant \u00e0 eux, b\u00e9n\u00e9ficient d\u2019un suivi personnalis\u00e9 de leur portefeuille client.&nbsp;&nbsp;<\/p>\n\n\n\n<h2 class=\"wp-block-heading\"><strong>Leocare, un partenaire de choix pour les courtiers\u00a0\u00a0<\/strong><\/h2>\n\n\n\n<p>Avec d\u00e9j\u00e0 600 courtiers partenaires, 200 000 polices acquises, un taux de satisfaction de 91 % et une r\u00e9mun\u00e9ration pouvant atteindre 20 %, Leocare confirme son engagement envers ses courtiers partenaires en leur proposant des solutions performantes et \u00e9volutives.\u00a0\u00a0<\/p>\n\n\n\n<p>Christophe McQuade, Directeur du d\u00e9veloppement des r\u00e9seaux partenaires, se f\u00e9licite de cette avanc\u00e9e : <em>\u00ab Nous sommes ravis de proposer ce nouvel espace partenaires qui r\u00e9pond aux attentes des courtiers. Avec cet outil cl\u00e9 en main, ils gagnent en efficacit\u00e9 et peuvent acc\u00e9l\u00e9rer leur activit\u00e9 en toute simplicit\u00e9. Notre objectif est de leur offrir les meilleures solutions exp\u00e9rience-produit pour qu\u2019ils puissent se concentrer pleinement sur l\u2019accompagnement de leurs clients. \u00bb<\/em><\/p>\n","protected":false},"excerpt":{"rendered":"<p>La n\u00e9o-assurance Leocare annonce la sortie de son nouvel espace partenaires, une plateforme d\u00e9di\u00e9e aux courtiers pour optimiser la gestion de leur portefeuille et am\u00e9liorer l\u2019exp\u00e9rience client. \u00c0 l\u2019heure o\u00f9 la digitalisation transforme en profondeur la distribution du secteur de l\u2019assurance, cette solution vise \u00e0 r\u00e9pondre aux enjeux d\u2019efficacit\u00e9, de transparence et de r\u00e9activit\u00e9 des [&hellip;]<\/p>\n","protected":false},"author":4,"featured_media":16588,"parent":16531,"menu_order":0,"comment_status":"closed","ping_status":"closed","template":"template_press_article.php","meta":{"_acf_changed":false,"footnotes":""},"class_list":["post-29303","page","type-page","status-publish","has-post-thumbnail","hentry"],"acf":[],"yoast_head":"<!-- This site is optimized with the Yoast SEO plugin v27.3 - https:\/\/yoast.com\/product\/yoast-seo-wordpress\/ -->\n<title>Leocare r\u00e9volutionne la gestion des courtiers avec la nouvelle version de son Espace Partenaires<\/title>\n<meta name=\"robots\" content=\"index, follow, max-snippet:-1, max-image-preview:large, max-video-preview:-1\" \/>\n<link rel=\"canonical\" href=\"https:\/\/leocare.eu\/fr\/presse\/leocare-lance-son-nouvel-espace-partenaires\/\" \/>\n<meta property=\"og:locale\" content=\"fr_FR\" \/>\n<meta property=\"og:type\" content=\"article\" \/>\n<meta property=\"og:title\" content=\"Leocare r\u00e9volutionne la gestion des courtiers avec la nouvelle version de son Espace Partenaires\" \/>\n<meta property=\"og:description\" content=\"La n\u00e9o-assurance Leocare annonce la sortie de son nouvel espace partenaires, une plateforme d\u00e9di\u00e9e aux courtiers pour optimiser la gestion de leur portefeuille et am\u00e9liorer l\u2019exp\u00e9rience client. \u00c0 l\u2019heure o\u00f9 la digitalisation transforme en profondeur la distribution du secteur de l\u2019assurance, cette solution vise \u00e0 r\u00e9pondre aux enjeux d\u2019efficacit\u00e9, de transparence et de r\u00e9activit\u00e9 des [&hellip;]\" \/>\n<meta property=\"og:url\" content=\"https:\/\/leocare.eu\/fr\/presse\/leocare-lance-son-nouvel-espace-partenaires\/\" \/>\n<meta property=\"og:site_name\" content=\"Leocare, assurance en ligne automobile et habitation\" \/>\n<meta property=\"article:modified_time\" content=\"2025-04-29T08:19:28+00:00\" \/>\n<meta property=\"og:image\" content=\"https:\/\/leocare.eu\/fr\/wp-content\/uploads\/2023\/07\/background-leocare.png\" \/>\n\t<meta property=\"og:image:width\" content=\"1400\" \/>\n\t<meta property=\"og:image:height\" content=\"600\" \/>\n\t<meta property=\"og:image:type\" content=\"image\/png\" \/>\n<meta name=\"twitter:card\" content=\"summary_large_image\" \/>\n<meta name=\"twitter:label1\" content=\"Dur\u00e9e de lecture estim\u00e9e\" \/>\n\t<meta name=\"twitter:data1\" content=\"3 minutes\" \/>\n<!-- \/ Yoast SEO plugin. -->","yoast_head_json":{"title":"Leocare r\u00e9volutionne la gestion des courtiers avec la nouvelle version de son Espace Partenaires","robots":{"index":"index","follow":"follow","max-snippet":"max-snippet:-1","max-image-preview":"max-image-preview:large","max-video-preview":"max-video-preview:-1"},"canonical":"https:\/\/leocare.eu\/fr\/presse\/leocare-lance-son-nouvel-espace-partenaires\/","og_locale":"fr_FR","og_type":"article","og_title":"Leocare r\u00e9volutionne la gestion des courtiers avec la nouvelle version de son Espace Partenaires","og_description":"La n\u00e9o-assurance Leocare annonce la sortie de son nouvel espace partenaires, une plateforme d\u00e9di\u00e9e aux courtiers pour optimiser la gestion de leur portefeuille et am\u00e9liorer l\u2019exp\u00e9rience client. \u00c0 l\u2019heure o\u00f9 la digitalisation transforme en profondeur la distribution du secteur de l\u2019assurance, cette solution vise \u00e0 r\u00e9pondre aux enjeux d\u2019efficacit\u00e9, de transparence et de r\u00e9activit\u00e9 des [&hellip;]","og_url":"https:\/\/leocare.eu\/fr\/presse\/leocare-lance-son-nouvel-espace-partenaires\/","og_site_name":"Leocare, assurance en ligne automobile et habitation","article_modified_time":"2025-04-29T08:19:28+00:00","og_image":[{"width":1400,"height":600,"url":"https:\/\/leocare.eu\/fr\/wp-content\/uploads\/2023\/07\/background-leocare.png","type":"image\/png"}],"twitter_card":"summary_large_image","twitter_misc":{"Dur\u00e9e de lecture estim\u00e9e":"3 minutes"},"schema":{"@context":"https:\/\/schema.org","@graph":[{"@type":"WebPage","@id":"https:\/\/leocare.eu\/fr\/presse\/leocare-lance-son-nouvel-espace-partenaires\/","url":"https:\/\/leocare.eu\/fr\/presse\/leocare-lance-son-nouvel-espace-partenaires\/","name":"Leocare r\u00e9volutionne la gestion des courtiers avec la nouvelle version de son Espace Partenaires","isPartOf":{"@id":"https:\/\/leocare.eu\/fr\/#website"},"primaryImageOfPage":{"@id":"https:\/\/leocare.eu\/fr\/presse\/leocare-lance-son-nouvel-espace-partenaires\/#primaryimage"},"image":{"@id":"https:\/\/leocare.eu\/fr\/presse\/leocare-lance-son-nouvel-espace-partenaires\/#primaryimage"},"thumbnailUrl":"https:\/\/leocare.eu\/fr\/wp-content\/uploads\/2023\/07\/background-leocare.png","datePublished":"2025-04-29T07:23:32+00:00","dateModified":"2025-04-29T08:19:28+00:00","breadcrumb":{"@id":"https:\/\/leocare.eu\/fr\/presse\/leocare-lance-son-nouvel-espace-partenaires\/#breadcrumb"},"inLanguage":"fr-FR","potentialAction":[{"@type":"ReadAction","target":["https:\/\/leocare.eu\/fr\/presse\/leocare-lance-son-nouvel-espace-partenaires\/"]}]},{"@type":"ImageObject","inLanguage":"fr-FR","@id":"https:\/\/leocare.eu\/fr\/presse\/leocare-lance-son-nouvel-espace-partenaires\/#primaryimage","url":"https:\/\/leocare.eu\/fr\/wp-content\/uploads\/2023\/07\/background-leocare.png","contentUrl":"https:\/\/leocare.eu\/fr\/wp-content\/uploads\/2023\/07\/background-leocare.png","width":1400,"height":600,"caption":"background leocare"},{"@type":"WebSite","@id":"https:\/\/leocare.eu\/fr\/#website","url":"https:\/\/leocare.eu\/fr\/","name":"Leocare, assurance en ligne automobile et habitation","description":"enfin (r)assur\u00e9.e","publisher":{"@id":"https:\/\/leocare.eu\/fr\/#organization"},"potentialAction":[{"@type":"SearchAction","target":{"@type":"EntryPoint","urlTemplate":"https:\/\/leocare.eu\/fr\/?s={search_term_string}"},"query-input":{"@type":"PropertyValueSpecification","valueRequired":true,"valueName":"search_term_string"}}],"inLanguage":"fr-FR"},{"@type":"Organization","@id":"https:\/\/leocare.eu\/fr\/#organization","name":"Leocare, assurance en ligne automobile et habitation","url":"https:\/\/leocare.eu\/fr\/","logo":{"@type":"ImageObject","inLanguage":"fr-FR","@id":"https:\/\/leocare.eu\/fr\/#\/schema\/logo\/image\/","url":"https:\/\/leocare.eu\/fr\/wp-content\/uploads\/2020\/03\/logo-leocare.svg","contentUrl":"https:\/\/leocare.eu\/fr\/wp-content\/uploads\/2020\/03\/logo-leocare.svg","caption":"Leocare, assurance en ligne automobile et habitation"},"image":{"@id":"https:\/\/leocare.eu\/fr\/#\/schema\/logo\/image\/"}}]}},"_links":{"self":[{"href":"https:\/\/leocare.eu\/fr\/wp-json\/wp\/v2\/pages\/29303","targetHints":{"allow":["GET"]}}],"collection":[{"href":"https:\/\/leocare.eu\/fr\/wp-json\/wp\/v2\/pages"}],"about":[{"href":"https:\/\/leocare.eu\/fr\/wp-json\/wp\/v2\/types\/page"}],"author":[{"embeddable":true,"href":"https:\/\/leocare.eu\/fr\/wp-json\/wp\/v2\/users\/4"}],"replies":[{"embeddable":true,"href":"https:\/\/leocare.eu\/fr\/wp-json\/wp\/v2\/comments?post=29303"}],"version-history":[{"count":3,"href":"https:\/\/leocare.eu\/fr\/wp-json\/wp\/v2\/pages\/29303\/revisions"}],"predecessor-version":[{"id":29308,"href":"https:\/\/leocare.eu\/fr\/wp-json\/wp\/v2\/pages\/29303\/revisions\/29308"}],"up":[{"embeddable":true,"href":"https:\/\/leocare.eu\/fr\/wp-json\/wp\/v2\/pages\/16531"}],"wp:featuredmedia":[{"embeddable":true,"href":"https:\/\/leocare.eu\/fr\/wp-json\/wp\/v2\/media\/16588"}],"wp:attachment":[{"href":"https:\/\/leocare.eu\/fr\/wp-json\/wp\/v2\/media?parent=29303"}],"curies":[{"name":"wp","href":"https:\/\/api.w.org\/{rel}","templated":true}]}}