{"id":27916,"date":"2025-03-25T10:50:43","date_gmt":"2025-03-25T09:50:43","guid":{"rendered":"https:\/\/leocare.eu\/fr\/assurance-habitation-en-ligne\/assurance-punaises-de-lit\/retour-voyage\/"},"modified":"2026-04-07T16:38:32","modified_gmt":"2026-04-07T14:38:32","slug":"retour-voyage","status":"publish","type":"page","link":"https:\/\/leocare.eu\/fr\/assurance-habitation-en-ligne\/assurance-punaises-de-lit\/retour-voyage\/","title":{"rendered":"Que faire si l\u2019on trouve des punaises de lit dans ses affaires au retour d\u2019un voyage ?"},"content":{"rendered":"<p><em>Vous rentrez de voyage, d\u00e9tendu, pr\u00eat \u00e0 retrouver votre quotidien. Mais en vidant votre valise, horreur : de petites b\u00eates ind\u00e9sirables se sont invit\u00e9es. Les punaises de lit ont peut-\u00eatre voyag\u00e9 avec vous. Une infestation peut vite se d\u00e9clarer si elles ne sont pas d\u00e9tect\u00e9es \u00e0 temps. Heureusement, il existe plusieurs solutions pour \u00e9viter leur propagation, dont une m\u00e9thode efficace : <a href=\"https:\/\/leocare.eu\/fr\/assurance-habitation-en-ligne\/assurance-punaises-de-lit\/congelateur\/\">traiter les punaises de lit par cong\u00e9lation<\/a>. Cette intervention permet d\u2019\u00e9liminer ces nuisibles en toute s\u00e9curit\u00e9. Suivez ces \u00e9tapes pour \u00e9viter une invasion et prot\u00e9ger votre maison.<\/em><\/p>\n<h2>Identifier les punaises de lit dans vos affaires<\/h2>\n<p>Elles mesurent quelques millim\u00e8tres, de couleur brune, et ne sautent pas. <strong>Elles laissent des taches noires (leurs d\u00e9jections) et parfois de petites traces de sang.<\/strong> Vous pouvez aussi rep\u00e9rer leurs mues, ces fines pellicules qu\u2019elles abandonnent en grandissant. Une loupe peut vous aider \u00e0 confirmer leur pr\u00e9sence. Elles se cachent souvent dans les coutures des valises, les plis des v\u00eatements, les pochettes et m\u00eame les recoins des appareils \u00e9lectroniques.<\/p>\n<h2>Ne pas disperser les punaises dans la maison<\/h2>\n<p><strong>\u00c9vitez de poser votre valise sur un lit, un canap\u00e9 ou une moquette.<\/strong> Dirigez-vous vers une zone carrel\u00e9e comme la salle de bain. Ce sol lisse limite leur capacit\u00e9 de fuite. Si possible, emballez imm\u00e9diatement votre valise dans un sac plastique herm\u00e9tique. Il est conseill\u00e9 de laisser vos bagages dans un endroit isol\u00e9, comme un garage ou un balcon, le temps de les traiter. Une autre astuce consiste \u00e0 utiliser des housses anti-punaises pour stocker vos valises.<\/p>\n<h2>Traiter ses bagages sans attendre<\/h2>\n<p>Tous vos v\u00eatements, m\u00eame propres, doivent passer \u00e0 la machine. <strong>Un lavage \u00e0 60\u00b0C suffit pour tuer ces intrus.<\/strong> Pour les textiles fragiles, un passage au s\u00e8che-linge \u00e0 haute temp\u00e9rature pendant au moins 30 minutes est efficace. Si vous avez des articles non lavables, direction le cong\u00e9lateur : 72 heures \u00e0 -20\u00b0C et plus aucun survivant. Les objets comme les chaussures, sacs et oreillers de voyage peuvent \u00eatre nettoy\u00e9s avec un nettoyeur vapeur. <strong>L\u2019aspersion d\u2019alcool isopropylique peut \u00e9galement \u00eatre une solution pour les objets difficiles \u00e0 nettoyer.<\/strong><\/p>\n<h2>Nettoyer la valise en profondeur<\/h2>\n<p>Aspirez soigneusement chaque recoin de votre bagage, y compris les coutures et les poches. Jetez imm\u00e9diatement le sac de l\u2019aspirateur dans un sac herm\u00e9tique, puis dans une poubelle ext\u00e9rieure. <strong>Pour un maximum d\u2019efficacit\u00e9, utilisez un nettoyeur vapeur \u00e0 haute temp\u00e9rature.<\/strong> Certains experts recommandent \u00e9galement l\u2019utilisation de sprays insecticides sp\u00e9cifiques, mais en veillant \u00e0 choisir des produits adapt\u00e9s et sans danger pour la sant\u00e9. Il est \u00e9galement conseill\u00e9 d\u2019exposer votre valise au soleil, si possible, car la chaleur peut aider \u00e0 \u00e9liminer les punaises restantes.<\/p>\n<h2>Inspecter son domicile<\/h2>\n<p>M\u00eame si vous avez pris toutes les pr\u00e9cautions, <strong>v\u00e9rifiez votre literie et vos meubles.<\/strong> Recherchez des signes d\u2019infestation, notamment les taches noires et les petites piq\u00fbres sur la peau. Les punaises se cachent dans les fissures des meubles, derri\u00e8re les prises \u00e9lectriques, sous les tapis et dans les cadres de lit. Une vigilance accrue durant les semaines suivant votre retour est recommand\u00e9e. <strong>Vous pouvez \u00e9galement placer des pi\u00e8ges \u00e0 punaises de lit sous les pieds du lit pour d\u00e9tecter toute pr\u00e9sence.<\/strong> En cas de doute, la pose de housses anti-punaises sur votre matelas et votre sommier est une pr\u00e9caution efficace.<\/p>\n\n\n<figure class=\"wp-block-image size-large\"><img decoding=\"async\" width=\"1024\" height=\"442\" src=\"https:\/\/leocare.eu\/fr\/wp-content\/uploads\/2025\/04\/cycle-evolution-punaises-de-lit-1024x442.jpg\" alt=\"cycle evolution punaises de lit\" class=\"wp-image-28177\" srcset=\"https:\/\/leocare.eu\/fr\/wp-content\/uploads\/2025\/04\/cycle-evolution-punaises-de-lit-1024x442.jpg 1024w, https:\/\/leocare.eu\/fr\/wp-content\/uploads\/2025\/04\/cycle-evolution-punaises-de-lit-300x129.jpg 300w, https:\/\/leocare.eu\/fr\/wp-content\/uploads\/2025\/04\/cycle-evolution-punaises-de-lit-768x332.jpg 768w, https:\/\/leocare.eu\/fr\/wp-content\/uploads\/2025\/04\/cycle-evolution-punaises-de-lit-1536x663.jpg 1536w, https:\/\/leocare.eu\/fr\/wp-content\/uploads\/2025\/04\/cycle-evolution-punaises-de-lit-2048x884.jpg 2048w, https:\/\/leocare.eu\/fr\/wp-content\/uploads\/2025\/04\/cycle-evolution-punaises-de-lit-1980x855.jpg 1980w, https:\/\/leocare.eu\/fr\/wp-content\/uploads\/2025\/04\/cycle-evolution-punaises-de-lit-1500x647.jpg 1500w, https:\/\/leocare.eu\/fr\/wp-content\/uploads\/2025\/04\/cycle-evolution-punaises-de-lit-1372x592.jpg 1372w, https:\/\/leocare.eu\/fr\/wp-content\/uploads\/2025\/04\/cycle-evolution-punaises-de-lit-980x423.jpg 980w, https:\/\/leocare.eu\/fr\/wp-content\/uploads\/2025\/04\/cycle-evolution-punaises-de-lit-575x248.jpg 575w, https:\/\/leocare.eu\/fr\/wp-content\/uploads\/2025\/04\/cycle-evolution-punaises-de-lit-600x259.jpg 600w, https:\/\/leocare.eu\/fr\/wp-content\/uploads\/2025\/04\/cycle-evolution-punaises-de-lit-700x302.jpg 700w, https:\/\/leocare.eu\/fr\/wp-content\/uploads\/2025\/04\/cycle-evolution-punaises-de-lit-480x207.jpg 480w, https:\/\/leocare.eu\/fr\/wp-content\/uploads\/2025\/04\/cycle-evolution-punaises-de-lit-515x222.jpg 515w, https:\/\/leocare.eu\/fr\/wp-content\/uploads\/2025\/04\/cycle-evolution-punaises-de-lit-490x212.jpg 490w, https:\/\/leocare.eu\/fr\/wp-content\/uploads\/2025\/04\/cycle-evolution-punaises-de-lit-360x155.jpg 360w, https:\/\/leocare.eu\/fr\/wp-content\/uploads\/2025\/04\/cycle-evolution-punaises-de-lit-330x142.jpg 330w, https:\/\/leocare.eu\/fr\/wp-content\/uploads\/2025\/04\/cycle-evolution-punaises-de-lit-173x75.jpg 173w, https:\/\/leocare.eu\/fr\/wp-content\/uploads\/2025\/04\/cycle-evolution-punaises-de-lit-150x65.jpg 150w, https:\/\/leocare.eu\/fr\/wp-content\/uploads\/2025\/04\/cycle-evolution-punaises-de-lit-100x43.jpg 100w, https:\/\/leocare.eu\/fr\/wp-content\/uploads\/2025\/04\/cycle-evolution-punaises-de-lit-20x9.jpg 20w, https:\/\/leocare.eu\/fr\/wp-content\/uploads\/2025\/04\/cycle-evolution-punaises-de-lit-40x17.jpg 40w, https:\/\/leocare.eu\/fr\/wp-content\/uploads\/2025\/04\/cycle-evolution-punaises-de-lit-140x60.jpg 140w, https:\/\/leocare.eu\/fr\/wp-content\/uploads\/2025\/04\/cycle-evolution-punaises-de-lit-200x86.jpg 200w, https:\/\/leocare.eu\/fr\/wp-content\/uploads\/2025\/04\/cycle-evolution-punaises-de-lit-315x136.jpg 315w, https:\/\/leocare.eu\/fr\/wp-content\/uploads\/2025\/04\/cycle-evolution-punaises-de-lit-811x350.jpg 811w, https:\/\/leocare.eu\/fr\/wp-content\/uploads\/2025\/04\/cycle-evolution-punaises-de-lit-560x242.jpg 560w, https:\/\/leocare.eu\/fr\/wp-content\/uploads\/2025\/04\/cycle-evolution-punaises-de-lit-623x269.jpg 623w, https:\/\/leocare.eu\/fr\/wp-content\/uploads\/2025\/04\/cycle-evolution-punaises-de-lit-475x205.jpg 475w\" sizes=\"(max-width: 1024px) 100vw, 1024px\" \/><\/figure>\n\n\n\n<h2 class=\"wp-block-heading\">Faire appel \u00e0 un professionnel en cas de doute<\/h2>\n\n\n\n<p>Si vous observez des signes persistants, contactez un expert en d\u00e9sinsectisation. Un traitement professionnel permet d\u2019\u00e9liminer rapidement le probl\u00e8me et d\u2019\u00e9viter qu\u2019il ne prenne de l\u2019ampleur. <strong>Il est parfois n\u00e9cessaire de r\u00e9aliser plusieurs interventions pour <a href=\"https:\/\/leocare.eu\/fr\/assurance-habitation-en-ligne\/assurance-punaises-de-lit\/definitivement\/\">s\u2019en d\u00e9barrasser d\u00e9finitivement<\/a>.<\/strong> L\u2019expert inspectera les zones \u00e0 risque comme les fauteuils et autres meubles rembourr\u00e9s, car ces insectes adorent s\u2019y cacher. Une bonne hygi\u00e8ne et des mesures de pr\u00e9vention sont essentielles pour \u00e9viter une nouvelle invasion.<\/p>\n\n\n\n<p><strong>Les professionnels connaissent aussi parfaitement le cycle de vie de ces nuisibles.<\/strong> Une question revient souvent : <a href=\"https:\/\/leocare.eu\/fr\/assurance-habitation-en-ligne\/assurance-punaises-de-lit\/duree-de-vie\/\">combien de temps vivent les punaises de lit<\/a> ? Leur dur\u00e9e de vie d\u00e9pend de plusieurs facteurs, notamment la temp\u00e9rature ambiante. Plus il fait chaud, plus elles se d\u00e9veloppent vite. <strong>Elles peuvent survivre plusieurs mois sans se nourrir, cach\u00e9es dans des endroits comme les valises, ce qui rend leur \u00e9radication complexe.<\/strong><\/p>\n\n\n\n<p>Un traitement thermique professionnel peut \u00eatre particuli\u00e8rement efficace, <strong>car les punaises ne survivent pas \u00e0 des temp\u00e9ratures \u00e9lev\u00e9es.<\/strong><\/p>\n\n\n\n<p>En suivant ces \u00e9tapes, vous limitez les risques d\u2019infestation et prot\u00e9gez votre domicile. Les punaises de lit n\u2019auront pas le dernier mot !<\/p>\n","protected":false},"excerpt":{"rendered":"<p>Vous rentrez de voyage, d\u00e9tendu, pr\u00eat \u00e0 retrouver votre quotidien. Mais en vidant votre valise, horreur : de petites b\u00eates ind\u00e9sirables se sont invit\u00e9es. Les punaises de lit ont peut-\u00eatre voyag\u00e9 avec vous. Une infestation peut vite se d\u00e9clarer si elles ne sont pas d\u00e9tect\u00e9es \u00e0 temps. Heureusement, il existe plusieurs solutions pour \u00e9viter leur [&hellip;]<\/p>\n","protected":false},"author":34,"featured_media":27757,"parent":18407,"menu_order":0,"comment_status":"closed","ping_status":"closed","template":"template_seo.php","meta":{"_acf_changed":false,"footnotes":""},"class_list":["post-27916","page","type-page","status-publish","has-post-thumbnail","hentry"],"acf":[],"yoast_head":"<!-- This site is optimized with the Yoast SEO plugin v27.3 - https:\/\/yoast.com\/product\/yoast-seo-wordpress\/ -->\n<title>Punaise de lit au retour d\u2019un voyage : que faire ?<\/title>\n<meta name=\"robots\" content=\"index, follow, max-snippet:-1, max-image-preview:large, max-video-preview:-1\" \/>\n<link rel=\"canonical\" href=\"https:\/\/leocare.eu\/fr\/assurance-habitation-en-ligne\/assurance-punaises-de-lit\/retour-voyage\/\" \/>\n<meta property=\"og:locale\" content=\"fr_FR\" \/>\n<meta property=\"og:type\" content=\"article\" \/>\n<meta property=\"og:title\" content=\"Punaise de lit au retour d\u2019un voyage : que faire ?\" \/>\n<meta property=\"og:description\" content=\"Vous rentrez de voyage, d\u00e9tendu, pr\u00eat \u00e0 retrouver votre quotidien. Mais en vidant votre valise, horreur : de petites b\u00eates ind\u00e9sirables se sont invit\u00e9es. Les punaises de lit ont peut-\u00eatre voyag\u00e9 avec vous. Une infestation peut vite se d\u00e9clarer si elles ne sont pas d\u00e9tect\u00e9es \u00e0 temps. Heureusement, il existe plusieurs solutions pour \u00e9viter leur [&hellip;]\" \/>\n<meta property=\"og:url\" content=\"https:\/\/leocare.eu\/fr\/assurance-habitation-en-ligne\/assurance-punaises-de-lit\/retour-voyage\/\" \/>\n<meta property=\"og:site_name\" content=\"Leocare, assurance en ligne automobile et habitation\" \/>\n<meta property=\"article:modified_time\" content=\"2026-04-07T14:38:32+00:00\" \/>\n<meta property=\"og:image\" content=\"https:\/\/leocare.eu\/fr\/wp-content\/uploads\/2021\/01\/punaise-lit-voyage.jpg\" \/>\n\t<meta property=\"og:image:width\" content=\"800\" \/>\n\t<meta property=\"og:image:height\" content=\"505\" \/>\n\t<meta property=\"og:image:type\" content=\"image\/jpeg\" \/>\n<meta name=\"twitter:card\" content=\"summary_large_image\" \/>\n<meta name=\"twitter:label1\" content=\"Est. reading time\" \/>\n\t<meta name=\"twitter:data1\" content=\"4 minutes\" \/>\n<!-- \/ Yoast SEO plugin. -->","yoast_head_json":{"title":"Punaise de lit au retour d\u2019un voyage : que faire ?","robots":{"index":"index","follow":"follow","max-snippet":"max-snippet:-1","max-image-preview":"max-image-preview:large","max-video-preview":"max-video-preview:-1"},"canonical":"https:\/\/leocare.eu\/fr\/assurance-habitation-en-ligne\/assurance-punaises-de-lit\/retour-voyage\/","og_locale":"fr_FR","og_type":"article","og_title":"Punaise de lit au retour d\u2019un voyage : que faire ?","og_description":"Vous rentrez de voyage, d\u00e9tendu, pr\u00eat \u00e0 retrouver votre quotidien. Mais en vidant votre valise, horreur : de petites b\u00eates ind\u00e9sirables se sont invit\u00e9es. Les punaises de lit ont peut-\u00eatre voyag\u00e9 avec vous. Une infestation peut vite se d\u00e9clarer si elles ne sont pas d\u00e9tect\u00e9es \u00e0 temps. Heureusement, il existe plusieurs solutions pour \u00e9viter leur [&hellip;]","og_url":"https:\/\/leocare.eu\/fr\/assurance-habitation-en-ligne\/assurance-punaises-de-lit\/retour-voyage\/","og_site_name":"Leocare, assurance en ligne automobile et habitation","article_modified_time":"2026-04-07T14:38:32+00:00","og_image":[{"width":800,"height":505,"url":"https:\/\/leocare.eu\/fr\/wp-content\/uploads\/2021\/01\/punaise-lit-voyage.jpg","type":"image\/jpeg"}],"twitter_card":"summary_large_image","twitter_misc":{"Est. reading time":"4 minutes"},"schema":{"@context":"https:\/\/schema.org","@graph":[{"@type":"WebPage","@id":"https:\/\/leocare.eu\/fr\/assurance-habitation-en-ligne\/assurance-punaises-de-lit\/retour-voyage\/","url":"https:\/\/leocare.eu\/fr\/assurance-habitation-en-ligne\/assurance-punaises-de-lit\/retour-voyage\/","name":"Punaise de lit au retour d\u2019un voyage : que faire ?","isPartOf":{"@id":"https:\/\/leocare.eu\/fr\/#website"},"primaryImageOfPage":{"@id":"https:\/\/leocare.eu\/fr\/assurance-habitation-en-ligne\/assurance-punaises-de-lit\/retour-voyage\/#primaryimage"},"image":{"@id":"https:\/\/leocare.eu\/fr\/assurance-habitation-en-ligne\/assurance-punaises-de-lit\/retour-voyage\/#primaryimage"},"thumbnailUrl":"https:\/\/leocare.eu\/fr\/wp-content\/uploads\/2021\/01\/punaise-lit-voyage.jpg","datePublished":"2025-03-25T09:50:43+00:00","dateModified":"2026-04-07T14:38:32+00:00","breadcrumb":{"@id":"https:\/\/leocare.eu\/fr\/assurance-habitation-en-ligne\/assurance-punaises-de-lit\/retour-voyage\/#breadcrumb"},"inLanguage":"fr-FR","potentialAction":[{"@type":"ReadAction","target":["https:\/\/leocare.eu\/fr\/assurance-habitation-en-ligne\/assurance-punaises-de-lit\/retour-voyage\/"]}]},{"@type":"ImageObject","inLanguage":"fr-FR","@id":"https:\/\/leocare.eu\/fr\/assurance-habitation-en-ligne\/assurance-punaises-de-lit\/retour-voyage\/#primaryimage","url":"https:\/\/leocare.eu\/fr\/wp-content\/uploads\/2021\/01\/punaise-lit-voyage.jpg","contentUrl":"https:\/\/leocare.eu\/fr\/wp-content\/uploads\/2021\/01\/punaise-lit-voyage.jpg","width":800,"height":505,"caption":"punaise de lit voyage"},{"@type":"WebSite","@id":"https:\/\/leocare.eu\/fr\/#website","url":"https:\/\/leocare.eu\/fr\/","name":"Leocare, assurance en ligne automobile et habitation","description":"enfin (r)assur\u00e9.e","publisher":{"@id":"https:\/\/leocare.eu\/fr\/#organization"},"potentialAction":[{"@type":"SearchAction","target":{"@type":"EntryPoint","urlTemplate":"https:\/\/leocare.eu\/fr\/?s={search_term_string}"},"query-input":{"@type":"PropertyValueSpecification","valueRequired":true,"valueName":"search_term_string"}}],"inLanguage":"fr-FR"},{"@type":"Organization","@id":"https:\/\/leocare.eu\/fr\/#organization","name":"Leocare, assurance en ligne automobile et habitation","url":"https:\/\/leocare.eu\/fr\/","logo":{"@type":"ImageObject","inLanguage":"fr-FR","@id":"https:\/\/leocare.eu\/fr\/#\/schema\/logo\/image\/","url":"https:\/\/leocare.eu\/fr\/wp-content\/uploads\/2020\/03\/logo-leocare.svg","contentUrl":"https:\/\/leocare.eu\/fr\/wp-content\/uploads\/2020\/03\/logo-leocare.svg","caption":"Leocare, assurance en ligne automobile et habitation"},"image":{"@id":"https:\/\/leocare.eu\/fr\/#\/schema\/logo\/image\/"}}]}},"_links":{"self":[{"href":"https:\/\/leocare.eu\/fr\/wp-json\/wp\/v2\/pages\/27916","targetHints":{"allow":["GET"]}}],"collection":[{"href":"https:\/\/leocare.eu\/fr\/wp-json\/wp\/v2\/pages"}],"about":[{"href":"https:\/\/leocare.eu\/fr\/wp-json\/wp\/v2\/types\/page"}],"author":[{"embeddable":true,"href":"https:\/\/leocare.eu\/fr\/wp-json\/wp\/v2\/users\/34"}],"replies":[{"embeddable":true,"href":"https:\/\/leocare.eu\/fr\/wp-json\/wp\/v2\/comments?post=27916"}],"version-history":[{"count":6,"href":"https:\/\/leocare.eu\/fr\/wp-json\/wp\/v2\/pages\/27916\/revisions"}],"predecessor-version":[{"id":30213,"href":"https:\/\/leocare.eu\/fr\/wp-json\/wp\/v2\/pages\/27916\/revisions\/30213"}],"up":[{"embeddable":true,"href":"https:\/\/leocare.eu\/fr\/wp-json\/wp\/v2\/pages\/18407"}],"wp:featuredmedia":[{"embeddable":true,"href":"https:\/\/leocare.eu\/fr\/wp-json\/wp\/v2\/media\/27757"}],"wp:attachment":[{"href":"https:\/\/leocare.eu\/fr\/wp-json\/wp\/v2\/media?parent=27916"}],"curies":[{"name":"wp","href":"https:\/\/api.w.org\/{rel}","templated":true}]}}