{"id":27743,"date":"2025-03-20T17:53:42","date_gmt":"2025-03-20T16:53:42","guid":{"rendered":"https:\/\/leocare.eu\/fr\/?page_id=27743"},"modified":"2025-03-20T17:58:03","modified_gmt":"2025-03-20T16:58:03","slug":"fonctionnalite-alerte-meteo","status":"publish","type":"page","link":"https:\/\/leocare.eu\/fr\/help\/fonctionnalite-alerte-meteo\/","title":{"rendered":"Comment activer la fonctionnalit\u00e9 \u00ab\u00a0Alerte m\u00e9t\u00e9o\u00a0\u00bb"},"content":{"rendered":"\n<p><strong>Anticipez la m\u00e9t\u00e9o, roulez l\u2019esprit tranquille !<\/strong> Gr\u00e2ce \u00e0 notre fonctionnalit\u00e9 <strong>\u00ab\u00a0Alerte M\u00e9t\u00e9o\u00a0\u00bb<\/strong>, recevez des notifications en temps r\u00e9el sur les conditions climatiques et adaptez vos trajets en toute s\u00e9curit\u00e9.<\/p>\n\n\n\n<p>Plus de mauvaises surprises, juste une route bien pr\u00e9par\u00e9e !<\/p>\n\n\n\n<figure class=\"wp-block-embed is-type-video is-provider-youtube wp-block-embed-youtube wp-embed-aspect-16-9 wp-has-aspect-ratio\"><div class=\"wp-block-embed__wrapper\">\n<iframe title=\"Comment activer la fonctionnalit\u00e9 &quot;Alerte m\u00e9t\u00e9o&quot; sur l&#039;application Leocare ?\" width=\"500\" height=\"281\" src=\"https:\/\/www.youtube.com\/embed\/_RKiRaZ3a8s?feature=oembed\" frameborder=\"0\" allow=\"accelerometer; autoplay; clipboard-write; encrypted-media; gyroscope; picture-in-picture; web-share\" referrerpolicy=\"strict-origin-when-cross-origin\" allowfullscreen><\/iframe>\n<\/div><\/figure>\n\n\n\n<p><\/p>\n","protected":false},"excerpt":{"rendered":"<p>Anticipez la m\u00e9t\u00e9o, roulez l\u2019esprit tranquille ! Gr\u00e2ce \u00e0 notre fonctionnalit\u00e9 \u00ab\u00a0Alerte M\u00e9t\u00e9o\u00a0\u00bb, recevez des notifications en temps r\u00e9el sur les conditions climatiques et adaptez vos trajets en toute s\u00e9curit\u00e9. Plus de mauvaises surprises, juste une route bien pr\u00e9par\u00e9e !<\/p>\n","protected":false},"author":4,"featured_media":27746,"parent":16244,"menu_order":0,"comment_status":"closed","ping_status":"closed","template":"template_help_article.php","meta":{"_acf_changed":false,"footnotes":""},"class_list":["post-27743","page","type-page","status-publish","has-post-thumbnail","hentry"],"acf":[],"yoast_head":"<!-- This site is optimized with the Yoast SEO plugin v27.3 - https:\/\/yoast.com\/product\/yoast-seo-wordpress\/ -->\n<title>Comment activer la fonctionnalit\u00e9 &quot;Alerte m\u00e9t\u00e9o&quot;<\/title>\n<meta name=\"robots\" content=\"index, follow, max-snippet:-1, max-image-preview:large, max-video-preview:-1\" \/>\n<link rel=\"canonical\" href=\"https:\/\/leocare.eu\/fr\/help\/fonctionnalite-alerte-meteo\/\" \/>\n<meta property=\"og:locale\" content=\"fr_FR\" \/>\n<meta property=\"og:type\" content=\"article\" \/>\n<meta property=\"og:title\" content=\"Comment activer la fonctionnalit\u00e9 &quot;Alerte m\u00e9t\u00e9o&quot;\" \/>\n<meta property=\"og:description\" content=\"Anticipez la m\u00e9t\u00e9o, roulez l\u2019esprit tranquille ! Gr\u00e2ce \u00e0 notre fonctionnalit\u00e9 \u00ab\u00a0Alerte M\u00e9t\u00e9o\u00a0\u00bb, recevez des notifications en temps r\u00e9el sur les conditions climatiques et adaptez vos trajets en toute s\u00e9curit\u00e9. Plus de mauvaises surprises, juste une route bien pr\u00e9par\u00e9e !\" \/>\n<meta property=\"og:url\" content=\"https:\/\/leocare.eu\/fr\/help\/fonctionnalite-alerte-meteo\/\" \/>\n<meta property=\"og:site_name\" content=\"Leocare, assurance en ligne automobile et habitation\" \/>\n<meta property=\"article:modified_time\" content=\"2025-03-20T16:58:03+00:00\" \/>\n<meta property=\"og:image\" content=\"https:\/\/leocare.eu\/fr\/wp-content\/uploads\/2025\/03\/alerte-meteo-pluie.jpg\" \/>\n\t<meta property=\"og:image:width\" content=\"800\" \/>\n\t<meta property=\"og:image:height\" content=\"505\" \/>\n\t<meta property=\"og:image:type\" content=\"image\/jpeg\" \/>\n<meta name=\"twitter:card\" content=\"summary_large_image\" \/>\n<!-- \/ Yoast SEO plugin. -->","yoast_head_json":{"title":"Comment activer la fonctionnalit\u00e9 \"Alerte m\u00e9t\u00e9o\"","robots":{"index":"index","follow":"follow","max-snippet":"max-snippet:-1","max-image-preview":"max-image-preview:large","max-video-preview":"max-video-preview:-1"},"canonical":"https:\/\/leocare.eu\/fr\/help\/fonctionnalite-alerte-meteo\/","og_locale":"fr_FR","og_type":"article","og_title":"Comment activer la fonctionnalit\u00e9 \"Alerte m\u00e9t\u00e9o\"","og_description":"Anticipez la m\u00e9t\u00e9o, roulez l\u2019esprit tranquille ! Gr\u00e2ce \u00e0 notre fonctionnalit\u00e9 \u00ab\u00a0Alerte M\u00e9t\u00e9o\u00a0\u00bb, recevez des notifications en temps r\u00e9el sur les conditions climatiques et adaptez vos trajets en toute s\u00e9curit\u00e9. Plus de mauvaises surprises, juste une route bien pr\u00e9par\u00e9e !","og_url":"https:\/\/leocare.eu\/fr\/help\/fonctionnalite-alerte-meteo\/","og_site_name":"Leocare, assurance en ligne automobile et habitation","article_modified_time":"2025-03-20T16:58:03+00:00","og_image":[{"width":800,"height":505,"url":"https:\/\/leocare.eu\/fr\/wp-content\/uploads\/2025\/03\/alerte-meteo-pluie.jpg","type":"image\/jpeg"}],"twitter_card":"summary_large_image","schema":{"@context":"https:\/\/schema.org","@graph":[{"@type":"WebPage","@id":"https:\/\/leocare.eu\/fr\/help\/fonctionnalite-alerte-meteo\/","url":"https:\/\/leocare.eu\/fr\/help\/fonctionnalite-alerte-meteo\/","name":"Comment activer la fonctionnalit\u00e9 \"Alerte m\u00e9t\u00e9o\"","isPartOf":{"@id":"https:\/\/leocare.eu\/fr\/#website"},"primaryImageOfPage":{"@id":"https:\/\/leocare.eu\/fr\/help\/fonctionnalite-alerte-meteo\/#primaryimage"},"image":{"@id":"https:\/\/leocare.eu\/fr\/help\/fonctionnalite-alerte-meteo\/#primaryimage"},"thumbnailUrl":"https:\/\/leocare.eu\/fr\/wp-content\/uploads\/2025\/03\/alerte-meteo-pluie.jpg","datePublished":"2025-03-20T16:53:42+00:00","dateModified":"2025-03-20T16:58:03+00:00","breadcrumb":{"@id":"https:\/\/leocare.eu\/fr\/help\/fonctionnalite-alerte-meteo\/#breadcrumb"},"inLanguage":"fr-FR","potentialAction":[{"@type":"ReadAction","target":["https:\/\/leocare.eu\/fr\/help\/fonctionnalite-alerte-meteo\/"]}]},{"@type":"ImageObject","inLanguage":"fr-FR","@id":"https:\/\/leocare.eu\/fr\/help\/fonctionnalite-alerte-meteo\/#primaryimage","url":"https:\/\/leocare.eu\/fr\/wp-content\/uploads\/2025\/03\/alerte-meteo-pluie.jpg","contentUrl":"https:\/\/leocare.eu\/fr\/wp-content\/uploads\/2025\/03\/alerte-meteo-pluie.jpg","width":800,"height":505,"caption":"alerte meteo pluie"},{"@type":"WebSite","@id":"https:\/\/leocare.eu\/fr\/#website","url":"https:\/\/leocare.eu\/fr\/","name":"Leocare, assurance en ligne automobile et habitation","description":"enfin (r)assur\u00e9.e","publisher":{"@id":"https:\/\/leocare.eu\/fr\/#organization"},"potentialAction":[{"@type":"SearchAction","target":{"@type":"EntryPoint","urlTemplate":"https:\/\/leocare.eu\/fr\/?s={search_term_string}"},"query-input":{"@type":"PropertyValueSpecification","valueRequired":true,"valueName":"search_term_string"}}],"inLanguage":"fr-FR"},{"@type":"Organization","@id":"https:\/\/leocare.eu\/fr\/#organization","name":"Leocare, assurance en ligne automobile et habitation","url":"https:\/\/leocare.eu\/fr\/","logo":{"@type":"ImageObject","inLanguage":"fr-FR","@id":"https:\/\/leocare.eu\/fr\/#\/schema\/logo\/image\/","url":"https:\/\/leocare.eu\/fr\/wp-content\/uploads\/2020\/03\/logo-leocare.svg","contentUrl":"https:\/\/leocare.eu\/fr\/wp-content\/uploads\/2020\/03\/logo-leocare.svg","caption":"Leocare, assurance en ligne automobile et habitation"},"image":{"@id":"https:\/\/leocare.eu\/fr\/#\/schema\/logo\/image\/"}}]}},"_links":{"self":[{"href":"https:\/\/leocare.eu\/fr\/wp-json\/wp\/v2\/pages\/27743","targetHints":{"allow":["GET"]}}],"collection":[{"href":"https:\/\/leocare.eu\/fr\/wp-json\/wp\/v2\/pages"}],"about":[{"href":"https:\/\/leocare.eu\/fr\/wp-json\/wp\/v2\/types\/page"}],"author":[{"embeddable":true,"href":"https:\/\/leocare.eu\/fr\/wp-json\/wp\/v2\/users\/4"}],"replies":[{"embeddable":true,"href":"https:\/\/leocare.eu\/fr\/wp-json\/wp\/v2\/comments?post=27743"}],"version-history":[{"count":1,"href":"https:\/\/leocare.eu\/fr\/wp-json\/wp\/v2\/pages\/27743\/revisions"}],"predecessor-version":[{"id":27744,"href":"https:\/\/leocare.eu\/fr\/wp-json\/wp\/v2\/pages\/27743\/revisions\/27744"}],"up":[{"embeddable":true,"href":"https:\/\/leocare.eu\/fr\/wp-json\/wp\/v2\/pages\/16244"}],"wp:featuredmedia":[{"embeddable":true,"href":"https:\/\/leocare.eu\/fr\/wp-json\/wp\/v2\/media\/27746"}],"wp:attachment":[{"href":"https:\/\/leocare.eu\/fr\/wp-json\/wp\/v2\/media?parent=27743"}],"curies":[{"name":"wp","href":"https:\/\/api.w.org\/{rel}","templated":true}]}}