{"id":26793,"date":"2025-02-18T14:18:37","date_gmt":"2025-02-18T13:18:37","guid":{"rendered":"https:\/\/leocare.eu\/fr\/?page_id=26793"},"modified":"2025-02-18T16:51:31","modified_gmt":"2025-02-18T15:51:31","slug":"comment-prendre-rendez-vous-suite-a-un-sinistre","status":"publish","type":"page","link":"https:\/\/leocare.eu\/fr\/help\/comment-prendre-rendez-vous-suite-a-un-sinistre\/","title":{"rendered":"Comment prendre rendez-vous suite \u00e0 un sinistre ?"},"content":{"rendered":"\n<p>Prenez rendez-vous en quelques clics apr\u00e8s un sinistre avec l\u2019application Leocare ! Notre service d\u00e9di\u00e9 vous accompagne \u00e9tape par \u00e9tape pour fixer un rendez-vous rapidement avec un expert. Une solution simple et efficace pour g\u00e9rer votre sinistre en toute fluidit\u00e9.<\/p>\n\n\n\n<figure class=\"wp-block-embed is-type-video is-provider-youtube wp-block-embed-youtube wp-embed-aspect-16-9 wp-has-aspect-ratio\"><div class=\"wp-block-embed__wrapper\">\n<iframe title=\"Comment prendre rendez-vous suite \u00e0 un sinistre avec Leocare ?\" width=\"500\" height=\"281\" src=\"https:\/\/www.youtube.com\/embed\/duriGkQyjp8?feature=oembed\" frameborder=\"0\" allow=\"accelerometer; autoplay; clipboard-write; encrypted-media; gyroscope; picture-in-picture; web-share\" referrerpolicy=\"strict-origin-when-cross-origin\" allowfullscreen><\/iframe>\n<\/div><\/figure>\n\n\n\n<p><\/p>\n","protected":false},"excerpt":{"rendered":"<p>Prenez rendez-vous en quelques clics apr\u00e8s un sinistre avec l\u2019application Leocare ! Notre service d\u00e9di\u00e9 vous accompagne \u00e9tape par \u00e9tape pour fixer un rendez-vous rapidement avec un expert. Une solution simple et efficace pour g\u00e9rer votre sinistre en toute fluidit\u00e9.<\/p>\n","protected":false},"author":4,"featured_media":25612,"parent":16244,"menu_order":0,"comment_status":"closed","ping_status":"closed","template":"template_help_article.php","meta":{"_acf_changed":false,"footnotes":""},"class_list":["post-26793","page","type-page","status-publish","has-post-thumbnail","hentry"],"acf":[],"yoast_head":"<!-- This site is optimized with the Yoast SEO plugin v27.3 - https:\/\/yoast.com\/product\/yoast-seo-wordpress\/ -->\n<title>Comment prendre rendez-vous suite \u00e0 un sinistre ?<\/title>\n<meta name=\"robots\" content=\"index, follow, max-snippet:-1, max-image-preview:large, max-video-preview:-1\" \/>\n<link rel=\"canonical\" href=\"https:\/\/leocare.eu\/fr\/help\/comment-prendre-rendez-vous-suite-a-un-sinistre\/\" \/>\n<meta property=\"og:locale\" content=\"fr_FR\" \/>\n<meta property=\"og:type\" content=\"article\" \/>\n<meta property=\"og:title\" content=\"Comment prendre rendez-vous suite \u00e0 un sinistre ?\" \/>\n<meta property=\"og:description\" content=\"Prenez rendez-vous en quelques clics apr\u00e8s un sinistre avec l\u2019application Leocare ! Notre service d\u00e9di\u00e9 vous accompagne \u00e9tape par \u00e9tape pour fixer un rendez-vous rapidement avec un expert. Une solution simple et efficace pour g\u00e9rer votre sinistre en toute fluidit\u00e9.\" \/>\n<meta property=\"og:url\" content=\"https:\/\/leocare.eu\/fr\/help\/comment-prendre-rendez-vous-suite-a-un-sinistre\/\" \/>\n<meta property=\"og:site_name\" content=\"Leocare, assurance en ligne automobile et habitation\" \/>\n<meta property=\"article:modified_time\" content=\"2025-02-18T15:51:31+00:00\" \/>\n<meta property=\"og:image\" content=\"https:\/\/leocare.eu\/fr\/wp-content\/uploads\/2024\/12\/smartphone-usb-c.jpg\" \/>\n\t<meta property=\"og:image:width\" content=\"800\" \/>\n\t<meta property=\"og:image:height\" content=\"398\" \/>\n\t<meta property=\"og:image:type\" content=\"image\/jpeg\" \/>\n<meta name=\"twitter:card\" content=\"summary_large_image\" \/>\n<!-- \/ Yoast SEO plugin. -->","yoast_head_json":{"title":"Comment prendre rendez-vous suite \u00e0 un sinistre ?","robots":{"index":"index","follow":"follow","max-snippet":"max-snippet:-1","max-image-preview":"max-image-preview:large","max-video-preview":"max-video-preview:-1"},"canonical":"https:\/\/leocare.eu\/fr\/help\/comment-prendre-rendez-vous-suite-a-un-sinistre\/","og_locale":"fr_FR","og_type":"article","og_title":"Comment prendre rendez-vous suite \u00e0 un sinistre ?","og_description":"Prenez rendez-vous en quelques clics apr\u00e8s un sinistre avec l\u2019application Leocare ! Notre service d\u00e9di\u00e9 vous accompagne \u00e9tape par \u00e9tape pour fixer un rendez-vous rapidement avec un expert. Une solution simple et efficace pour g\u00e9rer votre sinistre en toute fluidit\u00e9.","og_url":"https:\/\/leocare.eu\/fr\/help\/comment-prendre-rendez-vous-suite-a-un-sinistre\/","og_site_name":"Leocare, assurance en ligne automobile et habitation","article_modified_time":"2025-02-18T15:51:31+00:00","og_image":[{"width":800,"height":398,"url":"https:\/\/leocare.eu\/fr\/wp-content\/uploads\/2024\/12\/smartphone-usb-c.jpg","type":"image\/jpeg"}],"twitter_card":"summary_large_image","schema":{"@context":"https:\/\/schema.org","@graph":[{"@type":"WebPage","@id":"https:\/\/leocare.eu\/fr\/help\/comment-prendre-rendez-vous-suite-a-un-sinistre\/","url":"https:\/\/leocare.eu\/fr\/help\/comment-prendre-rendez-vous-suite-a-un-sinistre\/","name":"Comment prendre rendez-vous suite \u00e0 un sinistre ?","isPartOf":{"@id":"https:\/\/leocare.eu\/fr\/#website"},"primaryImageOfPage":{"@id":"https:\/\/leocare.eu\/fr\/help\/comment-prendre-rendez-vous-suite-a-un-sinistre\/#primaryimage"},"image":{"@id":"https:\/\/leocare.eu\/fr\/help\/comment-prendre-rendez-vous-suite-a-un-sinistre\/#primaryimage"},"thumbnailUrl":"https:\/\/leocare.eu\/fr\/wp-content\/uploads\/2024\/12\/smartphone-usb-c.jpg","datePublished":"2025-02-18T13:18:37+00:00","dateModified":"2025-02-18T15:51:31+00:00","breadcrumb":{"@id":"https:\/\/leocare.eu\/fr\/help\/comment-prendre-rendez-vous-suite-a-un-sinistre\/#breadcrumb"},"inLanguage":"fr-FR","potentialAction":[{"@type":"ReadAction","target":["https:\/\/leocare.eu\/fr\/help\/comment-prendre-rendez-vous-suite-a-un-sinistre\/"]}]},{"@type":"ImageObject","inLanguage":"fr-FR","@id":"https:\/\/leocare.eu\/fr\/help\/comment-prendre-rendez-vous-suite-a-un-sinistre\/#primaryimage","url":"https:\/\/leocare.eu\/fr\/wp-content\/uploads\/2024\/12\/smartphone-usb-c.jpg","contentUrl":"https:\/\/leocare.eu\/fr\/wp-content\/uploads\/2024\/12\/smartphone-usb-c.jpg","width":800,"height":398,"caption":"smartphone usb C"},{"@type":"WebSite","@id":"https:\/\/leocare.eu\/fr\/#website","url":"https:\/\/leocare.eu\/fr\/","name":"Leocare, assurance en ligne automobile et habitation","description":"enfin (r)assur\u00e9.e","publisher":{"@id":"https:\/\/leocare.eu\/fr\/#organization"},"potentialAction":[{"@type":"SearchAction","target":{"@type":"EntryPoint","urlTemplate":"https:\/\/leocare.eu\/fr\/?s={search_term_string}"},"query-input":{"@type":"PropertyValueSpecification","valueRequired":true,"valueName":"search_term_string"}}],"inLanguage":"fr-FR"},{"@type":"Organization","@id":"https:\/\/leocare.eu\/fr\/#organization","name":"Leocare, assurance en ligne automobile et habitation","url":"https:\/\/leocare.eu\/fr\/","logo":{"@type":"ImageObject","inLanguage":"fr-FR","@id":"https:\/\/leocare.eu\/fr\/#\/schema\/logo\/image\/","url":"https:\/\/leocare.eu\/fr\/wp-content\/uploads\/2020\/03\/logo-leocare.svg","contentUrl":"https:\/\/leocare.eu\/fr\/wp-content\/uploads\/2020\/03\/logo-leocare.svg","caption":"Leocare, assurance en ligne automobile et habitation"},"image":{"@id":"https:\/\/leocare.eu\/fr\/#\/schema\/logo\/image\/"}}]}},"_links":{"self":[{"href":"https:\/\/leocare.eu\/fr\/wp-json\/wp\/v2\/pages\/26793","targetHints":{"allow":["GET"]}}],"collection":[{"href":"https:\/\/leocare.eu\/fr\/wp-json\/wp\/v2\/pages"}],"about":[{"href":"https:\/\/leocare.eu\/fr\/wp-json\/wp\/v2\/types\/page"}],"author":[{"embeddable":true,"href":"https:\/\/leocare.eu\/fr\/wp-json\/wp\/v2\/users\/4"}],"replies":[{"embeddable":true,"href":"https:\/\/leocare.eu\/fr\/wp-json\/wp\/v2\/comments?post=26793"}],"version-history":[{"count":3,"href":"https:\/\/leocare.eu\/fr\/wp-json\/wp\/v2\/pages\/26793\/revisions"}],"predecessor-version":[{"id":26816,"href":"https:\/\/leocare.eu\/fr\/wp-json\/wp\/v2\/pages\/26793\/revisions\/26816"}],"up":[{"embeddable":true,"href":"https:\/\/leocare.eu\/fr\/wp-json\/wp\/v2\/pages\/16244"}],"wp:featuredmedia":[{"embeddable":true,"href":"https:\/\/leocare.eu\/fr\/wp-json\/wp\/v2\/media\/25612"}],"wp:attachment":[{"href":"https:\/\/leocare.eu\/fr\/wp-json\/wp\/v2\/media?parent=26793"}],"curies":[{"name":"wp","href":"https:\/\/api.w.org\/{rel}","templated":true}]}}