{"id":26791,"date":"2025-02-18T13:59:18","date_gmt":"2025-02-18T12:59:18","guid":{"rendered":"https:\/\/leocare.eu\/fr\/?page_id=26791"},"modified":"2025-02-18T16:52:42","modified_gmt":"2025-02-18T15:52:42","slug":"comment-verifier-etat-pneus-carool","status":"publish","type":"page","link":"https:\/\/leocare.eu\/fr\/help\/comment-verifier-etat-pneus-carool\/","title":{"rendered":"Comment v\u00e9rifier l&#8217;\u00e9tat de vos pneus avec l&#8217;application CaRool ?"},"content":{"rendered":"\n<p><a href=\"https:\/\/www.youtube.com\/@leocareassurance\"><\/a>V\u00e9rifiez l\u2019\u00e9tat de vos pneus en un clin d\u2019\u0153il avec l\u2019application CaRool ! Notre fonctionnalit\u00e9 d\u00e9di\u00e9e vous guide pas \u00e0 pas pour contr\u00f4ler l\u2019usure et la pression de vos pneus en toute simplicit\u00e9. <\/p>\n\n\n\n<figure class=\"wp-block-embed is-type-video is-provider-youtube wp-block-embed-youtube wp-embed-aspect-16-9 wp-has-aspect-ratio\"><div class=\"wp-block-embed__wrapper\">\n<iframe title=\"Comment v\u00e9rifier l&#039;\u00e9tat de vos pneus avec l&#039;application CaRool ?\" width=\"500\" height=\"281\" src=\"https:\/\/www.youtube.com\/embed\/bQAMIEq2n4A?feature=oembed\" frameborder=\"0\" allow=\"accelerometer; autoplay; clipboard-write; encrypted-media; gyroscope; picture-in-picture; web-share\" referrerpolicy=\"strict-origin-when-cross-origin\" allowfullscreen><\/iframe>\n<\/div><\/figure>\n\n\n\n<p><\/p>\n","protected":false},"excerpt":{"rendered":"<p>V\u00e9rifiez l\u2019\u00e9tat de vos pneus en un clin d\u2019\u0153il avec l\u2019application CaRool ! Notre fonctionnalit\u00e9 d\u00e9di\u00e9e vous guide pas \u00e0 pas pour contr\u00f4ler l\u2019usure et la pression de vos pneus en toute simplicit\u00e9.<\/p>\n","protected":false},"author":4,"featured_media":25630,"parent":16244,"menu_order":0,"comment_status":"closed","ping_status":"closed","template":"template_help_article.php","meta":{"_acf_changed":false,"footnotes":""},"class_list":["post-26791","page","type-page","status-publish","has-post-thumbnail","hentry"],"acf":[],"yoast_head":"<!-- This site is optimized with the Yoast SEO plugin v27.3 - https:\/\/yoast.com\/product\/yoast-seo-wordpress\/ -->\n<title>Comment v\u00e9rifier l&#039;\u00e9tat de vos pneus avec l&#039;application CaRool ?<\/title>\n<meta name=\"robots\" content=\"index, follow, max-snippet:-1, max-image-preview:large, max-video-preview:-1\" \/>\n<link rel=\"canonical\" href=\"https:\/\/leocare.eu\/fr\/help\/comment-verifier-etat-pneus-carool\/\" \/>\n<meta property=\"og:locale\" content=\"fr_FR\" \/>\n<meta property=\"og:type\" content=\"article\" \/>\n<meta property=\"og:title\" content=\"Comment v\u00e9rifier l&#039;\u00e9tat de vos pneus avec l&#039;application CaRool ?\" \/>\n<meta property=\"og:description\" content=\"V\u00e9rifiez l\u2019\u00e9tat de vos pneus en un clin d\u2019\u0153il avec l\u2019application CaRool ! Notre fonctionnalit\u00e9 d\u00e9di\u00e9e vous guide pas \u00e0 pas pour contr\u00f4ler l\u2019usure et la pression de vos pneus en toute simplicit\u00e9.\" \/>\n<meta property=\"og:url\" content=\"https:\/\/leocare.eu\/fr\/help\/comment-verifier-etat-pneus-carool\/\" \/>\n<meta property=\"og:site_name\" content=\"Leocare, assurance en ligne automobile et habitation\" \/>\n<meta property=\"article:modified_time\" content=\"2025-02-18T15:52:42+00:00\" \/>\n<meta property=\"og:image\" content=\"https:\/\/leocare.eu\/fr\/wp-content\/uploads\/2024\/12\/pneu-voiture.jpg\" \/>\n\t<meta property=\"og:image:width\" content=\"800\" \/>\n\t<meta property=\"og:image:height\" content=\"505\" \/>\n\t<meta property=\"og:image:type\" content=\"image\/jpeg\" \/>\n<meta name=\"twitter:card\" content=\"summary_large_image\" \/>\n<!-- \/ Yoast SEO plugin. -->","yoast_head_json":{"title":"Comment v\u00e9rifier l'\u00e9tat de vos pneus avec l'application CaRool ?","robots":{"index":"index","follow":"follow","max-snippet":"max-snippet:-1","max-image-preview":"max-image-preview:large","max-video-preview":"max-video-preview:-1"},"canonical":"https:\/\/leocare.eu\/fr\/help\/comment-verifier-etat-pneus-carool\/","og_locale":"fr_FR","og_type":"article","og_title":"Comment v\u00e9rifier l'\u00e9tat de vos pneus avec l'application CaRool ?","og_description":"V\u00e9rifiez l\u2019\u00e9tat de vos pneus en un clin d\u2019\u0153il avec l\u2019application CaRool ! Notre fonctionnalit\u00e9 d\u00e9di\u00e9e vous guide pas \u00e0 pas pour contr\u00f4ler l\u2019usure et la pression de vos pneus en toute simplicit\u00e9.","og_url":"https:\/\/leocare.eu\/fr\/help\/comment-verifier-etat-pneus-carool\/","og_site_name":"Leocare, assurance en ligne automobile et habitation","article_modified_time":"2025-02-18T15:52:42+00:00","og_image":[{"width":800,"height":505,"url":"https:\/\/leocare.eu\/fr\/wp-content\/uploads\/2024\/12\/pneu-voiture.jpg","type":"image\/jpeg"}],"twitter_card":"summary_large_image","schema":{"@context":"https:\/\/schema.org","@graph":[{"@type":"WebPage","@id":"https:\/\/leocare.eu\/fr\/help\/comment-verifier-etat-pneus-carool\/","url":"https:\/\/leocare.eu\/fr\/help\/comment-verifier-etat-pneus-carool\/","name":"Comment v\u00e9rifier l'\u00e9tat de vos pneus avec l'application CaRool ?","isPartOf":{"@id":"https:\/\/leocare.eu\/fr\/#website"},"primaryImageOfPage":{"@id":"https:\/\/leocare.eu\/fr\/help\/comment-verifier-etat-pneus-carool\/#primaryimage"},"image":{"@id":"https:\/\/leocare.eu\/fr\/help\/comment-verifier-etat-pneus-carool\/#primaryimage"},"thumbnailUrl":"https:\/\/leocare.eu\/fr\/wp-content\/uploads\/2024\/12\/pneu-voiture.jpg","datePublished":"2025-02-18T12:59:18+00:00","dateModified":"2025-02-18T15:52:42+00:00","breadcrumb":{"@id":"https:\/\/leocare.eu\/fr\/help\/comment-verifier-etat-pneus-carool\/#breadcrumb"},"inLanguage":"fr-FR","potentialAction":[{"@type":"ReadAction","target":["https:\/\/leocare.eu\/fr\/help\/comment-verifier-etat-pneus-carool\/"]}]},{"@type":"ImageObject","inLanguage":"fr-FR","@id":"https:\/\/leocare.eu\/fr\/help\/comment-verifier-etat-pneus-carool\/#primaryimage","url":"https:\/\/leocare.eu\/fr\/wp-content\/uploads\/2024\/12\/pneu-voiture.jpg","contentUrl":"https:\/\/leocare.eu\/fr\/wp-content\/uploads\/2024\/12\/pneu-voiture.jpg","width":800,"height":505,"caption":"pneu voiture"},{"@type":"WebSite","@id":"https:\/\/leocare.eu\/fr\/#website","url":"https:\/\/leocare.eu\/fr\/","name":"Leocare, assurance en ligne automobile et habitation","description":"enfin (r)assur\u00e9.e","publisher":{"@id":"https:\/\/leocare.eu\/fr\/#organization"},"potentialAction":[{"@type":"SearchAction","target":{"@type":"EntryPoint","urlTemplate":"https:\/\/leocare.eu\/fr\/?s={search_term_string}"},"query-input":{"@type":"PropertyValueSpecification","valueRequired":true,"valueName":"search_term_string"}}],"inLanguage":"fr-FR"},{"@type":"Organization","@id":"https:\/\/leocare.eu\/fr\/#organization","name":"Leocare, assurance en ligne automobile et habitation","url":"https:\/\/leocare.eu\/fr\/","logo":{"@type":"ImageObject","inLanguage":"fr-FR","@id":"https:\/\/leocare.eu\/fr\/#\/schema\/logo\/image\/","url":"https:\/\/leocare.eu\/fr\/wp-content\/uploads\/2020\/03\/logo-leocare.svg","contentUrl":"https:\/\/leocare.eu\/fr\/wp-content\/uploads\/2020\/03\/logo-leocare.svg","caption":"Leocare, assurance en ligne automobile et habitation"},"image":{"@id":"https:\/\/leocare.eu\/fr\/#\/schema\/logo\/image\/"}}]}},"_links":{"self":[{"href":"https:\/\/leocare.eu\/fr\/wp-json\/wp\/v2\/pages\/26791","targetHints":{"allow":["GET"]}}],"collection":[{"href":"https:\/\/leocare.eu\/fr\/wp-json\/wp\/v2\/pages"}],"about":[{"href":"https:\/\/leocare.eu\/fr\/wp-json\/wp\/v2\/types\/page"}],"author":[{"embeddable":true,"href":"https:\/\/leocare.eu\/fr\/wp-json\/wp\/v2\/users\/4"}],"replies":[{"embeddable":true,"href":"https:\/\/leocare.eu\/fr\/wp-json\/wp\/v2\/comments?post=26791"}],"version-history":[{"count":4,"href":"https:\/\/leocare.eu\/fr\/wp-json\/wp\/v2\/pages\/26791\/revisions"}],"predecessor-version":[{"id":26819,"href":"https:\/\/leocare.eu\/fr\/wp-json\/wp\/v2\/pages\/26791\/revisions\/26819"}],"up":[{"embeddable":true,"href":"https:\/\/leocare.eu\/fr\/wp-json\/wp\/v2\/pages\/16244"}],"wp:featuredmedia":[{"embeddable":true,"href":"https:\/\/leocare.eu\/fr\/wp-json\/wp\/v2\/media\/25630"}],"wp:attachment":[{"href":"https:\/\/leocare.eu\/fr\/wp-json\/wp\/v2\/media?parent=26791"}],"curies":[{"name":"wp","href":"https:\/\/api.w.org\/{rel}","templated":true}]}}