{"id":26788,"date":"2025-02-18T14:21:22","date_gmt":"2025-02-18T13:21:22","guid":{"rendered":"https:\/\/leocare.eu\/fr\/?page_id=26788"},"modified":"2025-02-18T16:54:45","modified_gmt":"2025-02-18T15:54:45","slug":"assurance-scolaire","status":"publish","type":"page","link":"https:\/\/leocare.eu\/fr\/help\/assurance-scolaire\/","title":{"rendered":"Comment ajouter l&rsquo;assurance scolaire sur son contrat d&rsquo;habitation Leocare ?"},"content":{"rendered":"\n<p>Ajoutez l\u2019assurance scolaire \u00e0 votre contrat d\u2019habitation Leocare en quelques clics ! Notre fonctionnalit\u00e9 d\u00e9di\u00e9e vous accompagne pas \u00e0 pas pour prot\u00e9ger votre enfant directement depuis l\u2019application, \u00e0 partir de 1,63 \u20ac par mois.<\/p>\n\n\n\n<figure class=\"wp-block-embed is-type-video is-provider-youtube wp-block-embed-youtube wp-embed-aspect-16-9 wp-has-aspect-ratio\"><div class=\"wp-block-embed__wrapper\">\n<iframe title=\"Comment ajouter l&#039;assurance scolaire sur son contrat d&#039;habitation Leocare ?\" width=\"500\" height=\"281\" src=\"https:\/\/www.youtube.com\/embed\/4b3c12kO5Ss?feature=oembed\" frameborder=\"0\" allow=\"accelerometer; autoplay; clipboard-write; encrypted-media; gyroscope; picture-in-picture; web-share\" referrerpolicy=\"strict-origin-when-cross-origin\" allowfullscreen><\/iframe>\n<\/div><\/figure>\n\n\n\n<p><\/p>\n","protected":false},"excerpt":{"rendered":"<p>Ajoutez l\u2019assurance scolaire \u00e0 votre contrat d\u2019habitation Leocare en quelques clics ! Notre fonctionnalit\u00e9 d\u00e9di\u00e9e vous accompagne pas \u00e0 pas pour prot\u00e9ger votre enfant directement depuis l\u2019application, \u00e0 partir de 1,63 \u20ac par mois.<\/p>\n","protected":false},"author":4,"featured_media":24073,"parent":16244,"menu_order":0,"comment_status":"closed","ping_status":"closed","template":"template_help_article.php","meta":{"_acf_changed":false,"footnotes":""},"class_list":["post-26788","page","type-page","status-publish","has-post-thumbnail","hentry"],"acf":[],"yoast_head":"<!-- This site is optimized with the Yoast SEO plugin v27.3 - https:\/\/yoast.com\/product\/yoast-seo-wordpress\/ -->\n<title>Comment ajouter l&#039;assurance scolaire sur son contrat d&#039;habitation Leocare ?<\/title>\n<meta name=\"robots\" content=\"index, follow, max-snippet:-1, max-image-preview:large, max-video-preview:-1\" \/>\n<link rel=\"canonical\" href=\"https:\/\/leocare.eu\/fr\/help\/assurance-scolaire\/\" \/>\n<meta property=\"og:locale\" content=\"fr_FR\" \/>\n<meta property=\"og:type\" content=\"article\" \/>\n<meta property=\"og:title\" content=\"Comment ajouter l&#039;assurance scolaire sur son contrat d&#039;habitation Leocare ?\" \/>\n<meta property=\"og:description\" content=\"Ajoutez l\u2019assurance scolaire \u00e0 votre contrat d\u2019habitation Leocare en quelques clics ! Notre fonctionnalit\u00e9 d\u00e9di\u00e9e vous accompagne pas \u00e0 pas pour prot\u00e9ger votre enfant directement depuis l\u2019application, \u00e0 partir de 1,63 \u20ac par mois.\" \/>\n<meta property=\"og:url\" content=\"https:\/\/leocare.eu\/fr\/help\/assurance-scolaire\/\" \/>\n<meta property=\"og:site_name\" content=\"Leocare, assurance en ligne automobile et habitation\" \/>\n<meta property=\"article:modified_time\" content=\"2025-02-18T15:54:45+00:00\" \/>\n<meta property=\"og:image\" content=\"https:\/\/leocare.eu\/fr\/wp-content\/uploads\/2024\/11\/enfants-jeux-chambre.jpg\" \/>\n\t<meta property=\"og:image:width\" content=\"800\" \/>\n\t<meta property=\"og:image:height\" content=\"505\" \/>\n\t<meta property=\"og:image:type\" content=\"image\/jpeg\" \/>\n<meta name=\"twitter:card\" content=\"summary_large_image\" \/>\n<!-- \/ Yoast SEO plugin. -->","yoast_head_json":{"title":"Comment ajouter l'assurance scolaire sur son contrat d'habitation Leocare ?","robots":{"index":"index","follow":"follow","max-snippet":"max-snippet:-1","max-image-preview":"max-image-preview:large","max-video-preview":"max-video-preview:-1"},"canonical":"https:\/\/leocare.eu\/fr\/help\/assurance-scolaire\/","og_locale":"fr_FR","og_type":"article","og_title":"Comment ajouter l'assurance scolaire sur son contrat d'habitation Leocare ?","og_description":"Ajoutez l\u2019assurance scolaire \u00e0 votre contrat d\u2019habitation Leocare en quelques clics ! Notre fonctionnalit\u00e9 d\u00e9di\u00e9e vous accompagne pas \u00e0 pas pour prot\u00e9ger votre enfant directement depuis l\u2019application, \u00e0 partir de 1,63 \u20ac par mois.","og_url":"https:\/\/leocare.eu\/fr\/help\/assurance-scolaire\/","og_site_name":"Leocare, assurance en ligne automobile et habitation","article_modified_time":"2025-02-18T15:54:45+00:00","og_image":[{"width":800,"height":505,"url":"https:\/\/leocare.eu\/fr\/wp-content\/uploads\/2024\/11\/enfants-jeux-chambre.jpg","type":"image\/jpeg"}],"twitter_card":"summary_large_image","schema":{"@context":"https:\/\/schema.org","@graph":[{"@type":"WebPage","@id":"https:\/\/leocare.eu\/fr\/help\/assurance-scolaire\/","url":"https:\/\/leocare.eu\/fr\/help\/assurance-scolaire\/","name":"Comment ajouter l'assurance scolaire sur son contrat d'habitation Leocare ?","isPartOf":{"@id":"https:\/\/leocare.eu\/fr\/#website"},"primaryImageOfPage":{"@id":"https:\/\/leocare.eu\/fr\/help\/assurance-scolaire\/#primaryimage"},"image":{"@id":"https:\/\/leocare.eu\/fr\/help\/assurance-scolaire\/#primaryimage"},"thumbnailUrl":"https:\/\/leocare.eu\/fr\/wp-content\/uploads\/2024\/11\/enfants-jeux-chambre.jpg","datePublished":"2025-02-18T13:21:22+00:00","dateModified":"2025-02-18T15:54:45+00:00","breadcrumb":{"@id":"https:\/\/leocare.eu\/fr\/help\/assurance-scolaire\/#breadcrumb"},"inLanguage":"fr-FR","potentialAction":[{"@type":"ReadAction","target":["https:\/\/leocare.eu\/fr\/help\/assurance-scolaire\/"]}]},{"@type":"ImageObject","inLanguage":"fr-FR","@id":"https:\/\/leocare.eu\/fr\/help\/assurance-scolaire\/#primaryimage","url":"https:\/\/leocare.eu\/fr\/wp-content\/uploads\/2024\/11\/enfants-jeux-chambre.jpg","contentUrl":"https:\/\/leocare.eu\/fr\/wp-content\/uploads\/2024\/11\/enfants-jeux-chambre.jpg","width":800,"height":505,"caption":"enfants en train de jouer dans leur chambre"},{"@type":"WebSite","@id":"https:\/\/leocare.eu\/fr\/#website","url":"https:\/\/leocare.eu\/fr\/","name":"Leocare, assurance en ligne automobile et habitation","description":"enfin (r)assur\u00e9.e","publisher":{"@id":"https:\/\/leocare.eu\/fr\/#organization"},"potentialAction":[{"@type":"SearchAction","target":{"@type":"EntryPoint","urlTemplate":"https:\/\/leocare.eu\/fr\/?s={search_term_string}"},"query-input":{"@type":"PropertyValueSpecification","valueRequired":true,"valueName":"search_term_string"}}],"inLanguage":"fr-FR"},{"@type":"Organization","@id":"https:\/\/leocare.eu\/fr\/#organization","name":"Leocare, assurance en ligne automobile et habitation","url":"https:\/\/leocare.eu\/fr\/","logo":{"@type":"ImageObject","inLanguage":"fr-FR","@id":"https:\/\/leocare.eu\/fr\/#\/schema\/logo\/image\/","url":"https:\/\/leocare.eu\/fr\/wp-content\/uploads\/2020\/03\/logo-leocare.svg","contentUrl":"https:\/\/leocare.eu\/fr\/wp-content\/uploads\/2020\/03\/logo-leocare.svg","caption":"Leocare, assurance en ligne automobile et habitation"},"image":{"@id":"https:\/\/leocare.eu\/fr\/#\/schema\/logo\/image\/"}}]}},"_links":{"self":[{"href":"https:\/\/leocare.eu\/fr\/wp-json\/wp\/v2\/pages\/26788","targetHints":{"allow":["GET"]}}],"collection":[{"href":"https:\/\/leocare.eu\/fr\/wp-json\/wp\/v2\/pages"}],"about":[{"href":"https:\/\/leocare.eu\/fr\/wp-json\/wp\/v2\/types\/page"}],"author":[{"embeddable":true,"href":"https:\/\/leocare.eu\/fr\/wp-json\/wp\/v2\/users\/4"}],"replies":[{"embeddable":true,"href":"https:\/\/leocare.eu\/fr\/wp-json\/wp\/v2\/comments?post=26788"}],"version-history":[{"count":3,"href":"https:\/\/leocare.eu\/fr\/wp-json\/wp\/v2\/pages\/26788\/revisions"}],"predecessor-version":[{"id":26822,"href":"https:\/\/leocare.eu\/fr\/wp-json\/wp\/v2\/pages\/26788\/revisions\/26822"}],"up":[{"embeddable":true,"href":"https:\/\/leocare.eu\/fr\/wp-json\/wp\/v2\/pages\/16244"}],"wp:featuredmedia":[{"embeddable":true,"href":"https:\/\/leocare.eu\/fr\/wp-json\/wp\/v2\/media\/24073"}],"wp:attachment":[{"href":"https:\/\/leocare.eu\/fr\/wp-json\/wp\/v2\/media?parent=26788"}],"curies":[{"name":"wp","href":"https:\/\/api.w.org\/{rel}","templated":true}]}}