{"id":26634,"date":"2025-02-07T10:00:28","date_gmt":"2025-02-07T09:00:28","guid":{"rendered":"https:\/\/leocare.eu\/fr\/?page_id=26634"},"modified":"2026-04-07T16:38:14","modified_gmt":"2026-04-07T14:38:14","slug":"delai-de-carence","status":"publish","type":"page","link":"https:\/\/leocare.eu\/fr\/assurance-auto-en-ligne\/couverture\/contrat\/delai-de-carence\/","title":{"rendered":"Le d\u00e9lai de carence en assurance auto"},"content":{"rendered":"\n<p>Le d\u00e9lai de carence en <a href=\"https:\/\/leocare.eu\/fr\/assurance-auto-en-ligne\/\">assurance auto,<\/a> c\u2019est un sujet qui m\u00e9rite notre attention ! On entend souvent parler de carence, mais qu\u2019est-ce que cela signifie vraiment pour vous, votre v\u00e9hicule et surtout les garanties de votre contrat d\u2019assurance ? Rassurez-vous, nous vous expliquons tout !<\/p>\n\n\n\n<h2 class=\"wp-block-heading\" id=\"section-1-que-signifie-la-carence-en-assurance-auto-\">Que signifie la carence en assurance auto ?<\/h2>\n\n\n\n<p>Le d\u00e9lai de carence, c\u2019est cette p\u00e9riode o\u00f9, apr\u00e8s avoir souscrit votre assurance auto, certaines garanties ne sont pas encore actives. Cela veut dire qu\u2019en cas de p\u00e9pin pendant ce d\u00e9lai, certaines garanties auto de votre contrat ne fonctionneront pas tout de suite. Par exemple, si votre garantie vol est en carence pendant 15 jours,&nbsp;<strong>cela signifie que, durant cette p\u00e9riode, le vol de votre voiture ne serait pas indemnis\u00e9.<\/strong><\/p>\n\n\n\n<p>Pourquoi ce d\u00e9lai existe-t-il ? Les assureurs mettent parfois ce syst\u00e8me en place pour s\u2019assurer que le contrat est bien conforme et r\u00e9duire le risque de fraude. Cela permet aussi de v\u00e9rifier certaines informations concernant le v\u00e9hicule.&nbsp;<strong>Ne vous inqui\u00e9tez pas, ce n\u2019est pas le cas pour toutes les garanties !&nbsp;<\/strong>En g\u00e9n\u00e9ral, la responsabilit\u00e9 civile, qui est la couverture de base pour tous les conducteurs, reste effective d\u00e8s le premier jour.<\/p>\n\n\n\n<p>D\u2019ailleurs, la dur\u00e9e de cette carence peut varier selon les assurances auto et les formules choisies. Parfois, elle est de quelques jours sur certains v\u00e9hicules, parfois de quelques semaines, surtout pour des garanties facultatives comme le bris de glace ou le vol.&nbsp;<strong>Chaque assureur est libre d\u2019adapter ses d\u00e9lais,&nbsp;<\/strong>donc un petit coup d\u2019\u0153il sur les conditions de votre contrat auto est toujours utile.<\/p>\n\n\n\n<h2 class=\"wp-block-heading\" id=\"section-2-quand-a-t-il-t-cr-\">Quand a-t-il \u00e9t\u00e9 cr\u00e9\u00e9 ?<\/h2>\n\n\n\n<p>Le d\u00e9lai de carence existe depuis plusieurs d\u00e9cennies.&nbsp;<strong>Dans les ann\u00e9es 1950, les assureurs cherchaient des garanties pour se prot\u00e9ger contre les risques imm\u00e9diats et certaines fraudes.<\/strong>&nbsp;Ils ont alors mis en place cette p\u00e9riode de carence pour s\u00e9curiser les contrats d\u00e8s leur signature. Depuis, le d\u00e9lai de carence est devenu une pratique courante quand il s\u2019agit d\u2019assurer un v\u00e9hicule, et la plupart des compagnies le mentionnent dans leurs offres d\u2019assurance auto.<\/p>\n\n\n\n<p>Aujourd\u2019hui, c\u2019est un outil pour s\u00e9curiser autant l\u2019assureur que l\u2019assur\u00e9. En effet, cette p\u00e9riode de v\u00e9rification prot\u00e8ge contre les risques imm\u00e9diats pour l\u2019assureur, tandis que l\u2019assur\u00e9, lui, est mieux inform\u00e9 des garanties effectives de son contrat. En 2023, une \u00e9tude a d\u2019ailleurs r\u00e9v\u00e9l\u00e9 que&nbsp;<strong>70 % des conducteurs ne connaissent pas ou peu la notion de d\u00e9lai de carence, alors que cela peut impacter les garanties en cas de besoin.&nbsp;<\/strong><\/p>\n\n\n\n<h2 class=\"wp-block-heading\" id=\"section-3-existe-t-il-dautres-ctes-automobiles-\">Existe-t-il d\u2019autres c\u00f4tes automobiles ?<\/h2>\n\n\n\n<p>Oui, il existe diff\u00e9rentes cotes automobiles qui jouent un r\u00f4le important en assurance auto. La plus connue, c\u2019est la fameuse cote Argus. Cette cote donne une estimation de la valeur de votre v\u00e9hicule&nbsp;<strong>en prenant en compte son mod\u00e8le, son \u00e2ge, son kilom\u00e9trage et d\u2019autres crit\u00e8res.<\/strong>&nbsp;Elle est utilis\u00e9e par les assureurs pour fixer le montant d\u2019indemnisation en cas de sinistre total ou d\u2019accident majeur.<\/p>\n\n\n\n<p>Cette cote permet d\u2019estimer de mani\u00e8re objective la valeur de votre voiture, mais elle n\u2019est pas la seule.&nbsp;<strong>Il existe aussi la c\u00f4te de march\u00e9 ou la cote personnalis\u00e9e, qui peuvent prendre en compte des \u00e9l\u00e9ments sp\u00e9cifiques comme les options ou les modifications du v\u00e9hicule.<\/strong>&nbsp;En cas de sinistre, l\u2019assureur se basera souvent sur l\u2019une de ces valeurs pr\u00e9sentes dans les garanties du contrat de la formule d\u2019assurance souscrite pour proposer une indemnisation adapt\u00e9e.<\/p>\n\n\n\n<p>Si vous voulez une estimation rapide, de nombreux assureurs offrent des outils en ligne pour estimer la valeur de votre v\u00e9hicule.<strong>&nbsp;C\u2019est une bonne option pour se faire une id\u00e9e claire des garanties&nbsp;<\/strong>avant de souscrire une formule assurance auto ou de comparer des devis. Cela vous permet aussi de mieux comprendre le montant d\u2019indemnisation que vous pourriez recevoir en cas de sinistre.<\/p>\n\n\n\n<p>En bref, le d\u00e9lai de carence en assurance auto est une p\u00e9riode pendant laquelle certaines garanties de votre contrat ne sont pas encore actives. Cela permet \u00e0 l\u2019assureur de se prot\u00e9ger contre certains risques et \u00e0 vous d\u2019avoir un contrat d\u2019assurance plus s\u00e9curis\u00e9.<\/p>\n","protected":false},"excerpt":{"rendered":"<p>Le d\u00e9lai de carence en assurance auto, c\u2019est un sujet qui m\u00e9rite notre attention ! On entend souvent parler de carence, mais qu\u2019est-ce que cela signifie vraiment pour vous, votre v\u00e9hicule et surtout les garanties de votre contrat d\u2019assurance ? Rassurez-vous, nous vous expliquons tout ! Que signifie la carence en assurance auto ? Le [&hellip;]<\/p>\n","protected":false},"author":34,"featured_media":10069,"parent":11396,"menu_order":0,"comment_status":"closed","ping_status":"closed","template":"template_seo.php","meta":{"_acf_changed":false,"footnotes":""},"class_list":["post-26634","page","type-page","status-publish","has-post-thumbnail","hentry"],"acf":[],"yoast_head":"<!-- This site is optimized with the Yoast SEO plugin v27.3 - https:\/\/yoast.com\/product\/yoast-seo-wordpress\/ -->\n<title>D\u00e9lai de carence en assurance auto : ce qu\u2019il faut savoir<\/title>\n<meta name=\"robots\" content=\"index, follow, max-snippet:-1, max-image-preview:large, max-video-preview:-1\" \/>\n<link rel=\"canonical\" href=\"https:\/\/leocare.eu\/fr\/assurance-auto-en-ligne\/couverture\/contrat\/delai-de-carence\/\" \/>\n<meta property=\"og:locale\" content=\"fr_FR\" \/>\n<meta property=\"og:type\" content=\"article\" \/>\n<meta property=\"og:title\" content=\"D\u00e9lai de carence en assurance auto : ce qu\u2019il faut savoir\" \/>\n<meta property=\"og:description\" content=\"Le d\u00e9lai de carence en assurance auto, c\u2019est un sujet qui m\u00e9rite notre attention ! On entend souvent parler de carence, mais qu\u2019est-ce que cela signifie vraiment pour vous, votre v\u00e9hicule et surtout les garanties de votre contrat d\u2019assurance ? Rassurez-vous, nous vous expliquons tout ! Que signifie la carence en assurance auto ? Le [&hellip;]\" \/>\n<meta property=\"og:url\" content=\"https:\/\/leocare.eu\/fr\/assurance-auto-en-ligne\/couverture\/contrat\/delai-de-carence\/\" \/>\n<meta property=\"og:site_name\" content=\"Leocare, assurance en ligne automobile et habitation\" \/>\n<meta property=\"article:modified_time\" content=\"2026-04-07T14:38:14+00:00\" \/>\n<meta property=\"og:image\" content=\"https:\/\/leocare.eu\/fr\/wp-content\/uploads\/2022\/12\/souscription-assurance-auto.jpg\" \/>\n\t<meta property=\"og:image:width\" content=\"1800\" \/>\n\t<meta property=\"og:image:height\" content=\"1200\" \/>\n\t<meta property=\"og:image:type\" content=\"image\/jpeg\" \/>\n<meta name=\"twitter:card\" content=\"summary_large_image\" \/>\n<meta name=\"twitter:label1\" content=\"Dur\u00e9e de lecture estim\u00e9e\" \/>\n\t<meta name=\"twitter:data1\" content=\"4 minutes\" \/>\n<!-- \/ Yoast SEO plugin. -->","yoast_head_json":{"title":"D\u00e9lai de carence en assurance auto : ce qu\u2019il faut savoir","robots":{"index":"index","follow":"follow","max-snippet":"max-snippet:-1","max-image-preview":"max-image-preview:large","max-video-preview":"max-video-preview:-1"},"canonical":"https:\/\/leocare.eu\/fr\/assurance-auto-en-ligne\/couverture\/contrat\/delai-de-carence\/","og_locale":"fr_FR","og_type":"article","og_title":"D\u00e9lai de carence en assurance auto : ce qu\u2019il faut savoir","og_description":"Le d\u00e9lai de carence en assurance auto, c\u2019est un sujet qui m\u00e9rite notre attention ! On entend souvent parler de carence, mais qu\u2019est-ce que cela signifie vraiment pour vous, votre v\u00e9hicule et surtout les garanties de votre contrat d\u2019assurance ? Rassurez-vous, nous vous expliquons tout ! Que signifie la carence en assurance auto ? Le [&hellip;]","og_url":"https:\/\/leocare.eu\/fr\/assurance-auto-en-ligne\/couverture\/contrat\/delai-de-carence\/","og_site_name":"Leocare, assurance en ligne automobile et habitation","article_modified_time":"2026-04-07T14:38:14+00:00","og_image":[{"width":1800,"height":1200,"url":"https:\/\/leocare.eu\/fr\/wp-content\/uploads\/2022\/12\/souscription-assurance-auto.jpg","type":"image\/jpeg"}],"twitter_card":"summary_large_image","twitter_misc":{"Dur\u00e9e de lecture estim\u00e9e":"4 minutes"},"schema":{"@context":"https:\/\/schema.org","@graph":[{"@type":"WebPage","@id":"https:\/\/leocare.eu\/fr\/assurance-auto-en-ligne\/couverture\/contrat\/delai-de-carence\/","url":"https:\/\/leocare.eu\/fr\/assurance-auto-en-ligne\/couverture\/contrat\/delai-de-carence\/","name":"D\u00e9lai de carence en assurance auto : ce qu\u2019il faut savoir","isPartOf":{"@id":"https:\/\/leocare.eu\/fr\/#website"},"primaryImageOfPage":{"@id":"https:\/\/leocare.eu\/fr\/assurance-auto-en-ligne\/couverture\/contrat\/delai-de-carence\/#primaryimage"},"image":{"@id":"https:\/\/leocare.eu\/fr\/assurance-auto-en-ligne\/couverture\/contrat\/delai-de-carence\/#primaryimage"},"thumbnailUrl":"https:\/\/leocare.eu\/fr\/wp-content\/uploads\/2022\/12\/souscription-assurance-auto.jpg","datePublished":"2025-02-07T09:00:28+00:00","dateModified":"2026-04-07T14:38:14+00:00","breadcrumb":{"@id":"https:\/\/leocare.eu\/fr\/assurance-auto-en-ligne\/couverture\/contrat\/delai-de-carence\/#breadcrumb"},"inLanguage":"fr-FR","potentialAction":[{"@type":"ReadAction","target":["https:\/\/leocare.eu\/fr\/assurance-auto-en-ligne\/couverture\/contrat\/delai-de-carence\/"]}]},{"@type":"ImageObject","inLanguage":"fr-FR","@id":"https:\/\/leocare.eu\/fr\/assurance-auto-en-ligne\/couverture\/contrat\/delai-de-carence\/#primaryimage","url":"https:\/\/leocare.eu\/fr\/wp-content\/uploads\/2022\/12\/souscription-assurance-auto.jpg","contentUrl":"https:\/\/leocare.eu\/fr\/wp-content\/uploads\/2022\/12\/souscription-assurance-auto.jpg","width":1800,"height":1200,"caption":"souscription assurance auto en ligne"},{"@type":"WebSite","@id":"https:\/\/leocare.eu\/fr\/#website","url":"https:\/\/leocare.eu\/fr\/","name":"Leocare, assurance en ligne automobile et habitation","description":"enfin (r)assur\u00e9.e","publisher":{"@id":"https:\/\/leocare.eu\/fr\/#organization"},"potentialAction":[{"@type":"SearchAction","target":{"@type":"EntryPoint","urlTemplate":"https:\/\/leocare.eu\/fr\/?s={search_term_string}"},"query-input":{"@type":"PropertyValueSpecification","valueRequired":true,"valueName":"search_term_string"}}],"inLanguage":"fr-FR"},{"@type":"Organization","@id":"https:\/\/leocare.eu\/fr\/#organization","name":"Leocare, assurance en ligne automobile et habitation","url":"https:\/\/leocare.eu\/fr\/","logo":{"@type":"ImageObject","inLanguage":"fr-FR","@id":"https:\/\/leocare.eu\/fr\/#\/schema\/logo\/image\/","url":"https:\/\/leocare.eu\/fr\/wp-content\/uploads\/2020\/03\/logo-leocare.svg","contentUrl":"https:\/\/leocare.eu\/fr\/wp-content\/uploads\/2020\/03\/logo-leocare.svg","caption":"Leocare, assurance en ligne automobile et habitation"},"image":{"@id":"https:\/\/leocare.eu\/fr\/#\/schema\/logo\/image\/"}}]}},"_links":{"self":[{"href":"https:\/\/leocare.eu\/fr\/wp-json\/wp\/v2\/pages\/26634","targetHints":{"allow":["GET"]}}],"collection":[{"href":"https:\/\/leocare.eu\/fr\/wp-json\/wp\/v2\/pages"}],"about":[{"href":"https:\/\/leocare.eu\/fr\/wp-json\/wp\/v2\/types\/page"}],"author":[{"embeddable":true,"href":"https:\/\/leocare.eu\/fr\/wp-json\/wp\/v2\/users\/34"}],"replies":[{"embeddable":true,"href":"https:\/\/leocare.eu\/fr\/wp-json\/wp\/v2\/comments?post=26634"}],"version-history":[{"count":3,"href":"https:\/\/leocare.eu\/fr\/wp-json\/wp\/v2\/pages\/26634\/revisions"}],"predecessor-version":[{"id":34389,"href":"https:\/\/leocare.eu\/fr\/wp-json\/wp\/v2\/pages\/26634\/revisions\/34389"}],"up":[{"embeddable":true,"href":"https:\/\/leocare.eu\/fr\/wp-json\/wp\/v2\/pages\/11396"}],"wp:featuredmedia":[{"embeddable":true,"href":"https:\/\/leocare.eu\/fr\/wp-json\/wp\/v2\/media\/10069"}],"wp:attachment":[{"href":"https:\/\/leocare.eu\/fr\/wp-json\/wp\/v2\/media?parent=26634"}],"curies":[{"name":"wp","href":"https:\/\/api.w.org\/{rel}","templated":true}]}}