{"id":26306,"date":"2025-01-28T14:35:31","date_gmt":"2025-01-28T13:35:31","guid":{"rendered":"https:\/\/leocare.eu\/fr\/?page_id=26306"},"modified":"2025-01-29T17:35:42","modified_gmt":"2025-01-29T16:35:42","slug":"comment-changer-adresse-sur-mon-contrat-dassurance-habitation-si-je-demenage","status":"publish","type":"page","link":"https:\/\/leocare.eu\/fr\/help\/comment-changer-adresse-sur-mon-contrat-dassurance-habitation-si-je-demenage\/","title":{"rendered":"Comment changer d&rsquo;adresse sur mon contrat d&rsquo;assurance habitation si je d\u00e9m\u00e9nage sur l&rsquo;app Leocare ?"},"content":{"rendered":"\n<p>D\u00e9m\u00e9nager sans stress, c\u2019est possible avec Leocare ! Gr\u00e2ce \u00e0 notre application, changer l\u2019adresse de votre contrat d\u2019assurance habitation se fait en quelques clics. Suivez notre guide pas \u00e0 pas et mettez \u00e0 jour vos informations rapidement. Un gain de temps pour profiter pleinement de votre nouveau chez-vous !<\/p>\n\n\n\n<figure class=\"wp-block-embed is-type-video is-provider-youtube wp-block-embed-youtube wp-embed-aspect-16-9 wp-has-aspect-ratio\"><div class=\"wp-block-embed__wrapper\">\n<iframe title=\"Comment changer d&#039;adresse sur mon contrat d&#039;assurance habitation si je d\u00e9m\u00e9nage sur l&#039;app Leocare ?\" width=\"500\" height=\"281\" src=\"https:\/\/www.youtube.com\/embed\/3eubOMJpIvg?feature=oembed\" frameborder=\"0\" allow=\"accelerometer; autoplay; clipboard-write; encrypted-media; gyroscope; picture-in-picture; web-share\" referrerpolicy=\"strict-origin-when-cross-origin\" allowfullscreen><\/iframe>\n<\/div><\/figure>\n","protected":false},"excerpt":{"rendered":"<p>D\u00e9m\u00e9nager sans stress, c\u2019est possible avec Leocare ! Gr\u00e2ce \u00e0 notre application, changer l\u2019adresse de votre contrat d\u2019assurance habitation se fait en quelques clics. Suivez notre guide pas \u00e0 pas et mettez \u00e0 jour vos informations rapidement. Un gain de temps pour profiter pleinement de votre nouveau chez-vous !<\/p>\n","protected":false},"author":4,"featured_media":26315,"parent":16244,"menu_order":0,"comment_status":"closed","ping_status":"closed","template":"template_help_article.php","meta":{"_acf_changed":false,"footnotes":""},"class_list":["post-26306","page","type-page","status-publish","has-post-thumbnail","hentry"],"acf":[],"yoast_head":"<!-- This site is optimized with the Yoast SEO plugin v27.3 - https:\/\/yoast.com\/product\/yoast-seo-wordpress\/ -->\n<title>Comment changer d&#039;adresse sur mon contrat d&#039;assurance habitation si je d\u00e9m\u00e9nage sur l&#039;app Leocare ?<\/title>\n<meta name=\"robots\" content=\"index, follow, max-snippet:-1, max-image-preview:large, max-video-preview:-1\" \/>\n<link rel=\"canonical\" href=\"https:\/\/leocare.eu\/fr\/help\/comment-changer-adresse-sur-mon-contrat-dassurance-habitation-si-je-demenage\/\" \/>\n<meta property=\"og:locale\" content=\"fr_FR\" \/>\n<meta property=\"og:type\" content=\"article\" \/>\n<meta property=\"og:title\" content=\"Comment changer d&#039;adresse sur mon contrat d&#039;assurance habitation si je d\u00e9m\u00e9nage sur l&#039;app Leocare ?\" \/>\n<meta property=\"og:description\" content=\"D\u00e9m\u00e9nager sans stress, c\u2019est possible avec Leocare ! Gr\u00e2ce \u00e0 notre application, changer l\u2019adresse de votre contrat d\u2019assurance habitation se fait en quelques clics. Suivez notre guide pas \u00e0 pas et mettez \u00e0 jour vos informations rapidement. Un gain de temps pour profiter pleinement de votre nouveau chez-vous !\" \/>\n<meta property=\"og:url\" content=\"https:\/\/leocare.eu\/fr\/help\/comment-changer-adresse-sur-mon-contrat-dassurance-habitation-si-je-demenage\/\" \/>\n<meta property=\"og:site_name\" content=\"Leocare, assurance en ligne automobile et habitation\" \/>\n<meta property=\"article:modified_time\" content=\"2025-01-29T16:35:42+00:00\" \/>\n<meta property=\"og:image\" content=\"https:\/\/leocare.eu\/fr\/wp-content\/uploads\/2025\/01\/demenagement.jpg\" \/>\n\t<meta property=\"og:image:width\" content=\"800\" \/>\n\t<meta property=\"og:image:height\" content=\"505\" \/>\n\t<meta property=\"og:image:type\" content=\"image\/jpeg\" \/>\n<meta name=\"twitter:card\" content=\"summary_large_image\" \/>\n<!-- \/ Yoast SEO plugin. -->","yoast_head_json":{"title":"Comment changer d'adresse sur mon contrat d'assurance habitation si je d\u00e9m\u00e9nage sur l'app Leocare ?","robots":{"index":"index","follow":"follow","max-snippet":"max-snippet:-1","max-image-preview":"max-image-preview:large","max-video-preview":"max-video-preview:-1"},"canonical":"https:\/\/leocare.eu\/fr\/help\/comment-changer-adresse-sur-mon-contrat-dassurance-habitation-si-je-demenage\/","og_locale":"fr_FR","og_type":"article","og_title":"Comment changer d'adresse sur mon contrat d'assurance habitation si je d\u00e9m\u00e9nage sur l'app Leocare ?","og_description":"D\u00e9m\u00e9nager sans stress, c\u2019est possible avec Leocare ! Gr\u00e2ce \u00e0 notre application, changer l\u2019adresse de votre contrat d\u2019assurance habitation se fait en quelques clics. Suivez notre guide pas \u00e0 pas et mettez \u00e0 jour vos informations rapidement. Un gain de temps pour profiter pleinement de votre nouveau chez-vous !","og_url":"https:\/\/leocare.eu\/fr\/help\/comment-changer-adresse-sur-mon-contrat-dassurance-habitation-si-je-demenage\/","og_site_name":"Leocare, assurance en ligne automobile et habitation","article_modified_time":"2025-01-29T16:35:42+00:00","og_image":[{"width":800,"height":505,"url":"https:\/\/leocare.eu\/fr\/wp-content\/uploads\/2025\/01\/demenagement.jpg","type":"image\/jpeg"}],"twitter_card":"summary_large_image","schema":{"@context":"https:\/\/schema.org","@graph":[{"@type":"WebPage","@id":"https:\/\/leocare.eu\/fr\/help\/comment-changer-adresse-sur-mon-contrat-dassurance-habitation-si-je-demenage\/","url":"https:\/\/leocare.eu\/fr\/help\/comment-changer-adresse-sur-mon-contrat-dassurance-habitation-si-je-demenage\/","name":"Comment changer d'adresse sur mon contrat d'assurance habitation si je d\u00e9m\u00e9nage sur l'app Leocare ?","isPartOf":{"@id":"https:\/\/leocare.eu\/fr\/#website"},"primaryImageOfPage":{"@id":"https:\/\/leocare.eu\/fr\/help\/comment-changer-adresse-sur-mon-contrat-dassurance-habitation-si-je-demenage\/#primaryimage"},"image":{"@id":"https:\/\/leocare.eu\/fr\/help\/comment-changer-adresse-sur-mon-contrat-dassurance-habitation-si-je-demenage\/#primaryimage"},"thumbnailUrl":"https:\/\/leocare.eu\/fr\/wp-content\/uploads\/2025\/01\/demenagement.jpg","datePublished":"2025-01-28T13:35:31+00:00","dateModified":"2025-01-29T16:35:42+00:00","breadcrumb":{"@id":"https:\/\/leocare.eu\/fr\/help\/comment-changer-adresse-sur-mon-contrat-dassurance-habitation-si-je-demenage\/#breadcrumb"},"inLanguage":"fr-FR","potentialAction":[{"@type":"ReadAction","target":["https:\/\/leocare.eu\/fr\/help\/comment-changer-adresse-sur-mon-contrat-dassurance-habitation-si-je-demenage\/"]}]},{"@type":"ImageObject","inLanguage":"fr-FR","@id":"https:\/\/leocare.eu\/fr\/help\/comment-changer-adresse-sur-mon-contrat-dassurance-habitation-si-je-demenage\/#primaryimage","url":"https:\/\/leocare.eu\/fr\/wp-content\/uploads\/2025\/01\/demenagement.jpg","contentUrl":"https:\/\/leocare.eu\/fr\/wp-content\/uploads\/2025\/01\/demenagement.jpg","width":800,"height":505,"caption":"demenagement"},{"@type":"WebSite","@id":"https:\/\/leocare.eu\/fr\/#website","url":"https:\/\/leocare.eu\/fr\/","name":"Leocare, assurance en ligne automobile et habitation","description":"enfin (r)assur\u00e9.e","publisher":{"@id":"https:\/\/leocare.eu\/fr\/#organization"},"potentialAction":[{"@type":"SearchAction","target":{"@type":"EntryPoint","urlTemplate":"https:\/\/leocare.eu\/fr\/?s={search_term_string}"},"query-input":{"@type":"PropertyValueSpecification","valueRequired":true,"valueName":"search_term_string"}}],"inLanguage":"fr-FR"},{"@type":"Organization","@id":"https:\/\/leocare.eu\/fr\/#organization","name":"Leocare, assurance en ligne automobile et habitation","url":"https:\/\/leocare.eu\/fr\/","logo":{"@type":"ImageObject","inLanguage":"fr-FR","@id":"https:\/\/leocare.eu\/fr\/#\/schema\/logo\/image\/","url":"https:\/\/leocare.eu\/fr\/wp-content\/uploads\/2020\/03\/logo-leocare.svg","contentUrl":"https:\/\/leocare.eu\/fr\/wp-content\/uploads\/2020\/03\/logo-leocare.svg","caption":"Leocare, assurance en ligne automobile et habitation"},"image":{"@id":"https:\/\/leocare.eu\/fr\/#\/schema\/logo\/image\/"}}]}},"_links":{"self":[{"href":"https:\/\/leocare.eu\/fr\/wp-json\/wp\/v2\/pages\/26306","targetHints":{"allow":["GET"]}}],"collection":[{"href":"https:\/\/leocare.eu\/fr\/wp-json\/wp\/v2\/pages"}],"about":[{"href":"https:\/\/leocare.eu\/fr\/wp-json\/wp\/v2\/types\/page"}],"author":[{"embeddable":true,"href":"https:\/\/leocare.eu\/fr\/wp-json\/wp\/v2\/users\/4"}],"replies":[{"embeddable":true,"href":"https:\/\/leocare.eu\/fr\/wp-json\/wp\/v2\/comments?post=26306"}],"version-history":[{"count":3,"href":"https:\/\/leocare.eu\/fr\/wp-json\/wp\/v2\/pages\/26306\/revisions"}],"predecessor-version":[{"id":26327,"href":"https:\/\/leocare.eu\/fr\/wp-json\/wp\/v2\/pages\/26306\/revisions\/26327"}],"up":[{"embeddable":true,"href":"https:\/\/leocare.eu\/fr\/wp-json\/wp\/v2\/pages\/16244"}],"wp:featuredmedia":[{"embeddable":true,"href":"https:\/\/leocare.eu\/fr\/wp-json\/wp\/v2\/media\/26315"}],"wp:attachment":[{"href":"https:\/\/leocare.eu\/fr\/wp-json\/wp\/v2\/media?parent=26306"}],"curies":[{"name":"wp","href":"https:\/\/api.w.org\/{rel}","templated":true}]}}