{"id":26303,"date":"2025-01-28T14:30:48","date_gmt":"2025-01-28T13:30:48","guid":{"rendered":"https:\/\/leocare.eu\/fr\/?page_id=26303"},"modified":"2025-01-28T16:09:10","modified_gmt":"2025-01-28T15:09:10","slug":"souscrire-assurance-logement-etudiant","status":"publish","type":"page","link":"https:\/\/leocare.eu\/fr\/help\/souscrire-assurance-logement-etudiant\/","title":{"rendered":"Comment souscrire l&#8217;assurance logement \u00e9tudiant dans l&#8217;application Leocare ?"},"content":{"rendered":"\n<p>Trouver une assurance logement \u00e9tudiant adapt\u00e9e, c\u2019est facile avec Leocare ! Gr\u00e2ce \u00e0 notre application, souscrivez votre assurance en quelques minutes seulement. Un parcours fluide et accessible pour prot\u00e9ger votre logement \u00e9tudiant en toute simplicit\u00e9.<\/p>\n\n\n\n<figure class=\"wp-block-embed is-type-video is-provider-youtube wp-block-embed-youtube wp-embed-aspect-16-9 wp-has-aspect-ratio\"><div class=\"wp-block-embed__wrapper\">\n<iframe title=\"Comment souscrire l&#039;assurance logement \u00e9tudiant dans l&#039;application Leocare ?\" width=\"500\" height=\"281\" src=\"https:\/\/www.youtube.com\/embed\/Uq_JXhSh3Do?feature=oembed\" frameborder=\"0\" allow=\"accelerometer; autoplay; clipboard-write; encrypted-media; gyroscope; picture-in-picture; web-share\" referrerpolicy=\"strict-origin-when-cross-origin\" allowfullscreen><\/iframe>\n<\/div><\/figure>\n","protected":false},"excerpt":{"rendered":"<p>Trouver une assurance logement \u00e9tudiant adapt\u00e9e, c\u2019est facile avec Leocare ! Gr\u00e2ce \u00e0 notre application, souscrivez votre assurance en quelques minutes seulement. Un parcours fluide et accessible pour prot\u00e9ger votre logement \u00e9tudiant en toute simplicit\u00e9.<\/p>\n","protected":false},"author":34,"featured_media":26304,"parent":16244,"menu_order":0,"comment_status":"closed","ping_status":"closed","template":"template_help_article.php","meta":{"_acf_changed":false,"footnotes":""},"class_list":["post-26303","page","type-page","status-publish","has-post-thumbnail","hentry"],"acf":[],"yoast_head":"<!-- This site is optimized with the Yoast SEO plugin v27.3 - https:\/\/yoast.com\/product\/yoast-seo-wordpress\/ -->\n<title>Comment souscrire l&#039;assurance logement \u00e9tudiant dans l&#039;application Leocare ?<\/title>\n<meta name=\"robots\" content=\"index, follow, max-snippet:-1, max-image-preview:large, max-video-preview:-1\" \/>\n<link rel=\"canonical\" href=\"https:\/\/leocare.eu\/fr\/help\/souscrire-assurance-logement-etudiant\/\" \/>\n<meta property=\"og:locale\" content=\"fr_FR\" \/>\n<meta property=\"og:type\" content=\"article\" \/>\n<meta property=\"og:title\" content=\"Comment souscrire l&#039;assurance logement \u00e9tudiant dans l&#039;application Leocare ?\" \/>\n<meta property=\"og:description\" content=\"Trouver une assurance logement \u00e9tudiant adapt\u00e9e, c\u2019est facile avec Leocare ! Gr\u00e2ce \u00e0 notre application, souscrivez votre assurance en quelques minutes seulement. Un parcours fluide et accessible pour prot\u00e9ger votre logement \u00e9tudiant en toute simplicit\u00e9.\" \/>\n<meta property=\"og:url\" content=\"https:\/\/leocare.eu\/fr\/help\/souscrire-assurance-logement-etudiant\/\" \/>\n<meta property=\"og:site_name\" content=\"Leocare, assurance en ligne automobile et habitation\" \/>\n<meta property=\"article:modified_time\" content=\"2025-01-28T15:09:10+00:00\" \/>\n<meta property=\"og:image\" content=\"https:\/\/leocare.eu\/fr\/wp-content\/uploads\/2025\/01\/etudiant-maison.jpg\" \/>\n\t<meta property=\"og:image:width\" content=\"800\" \/>\n\t<meta property=\"og:image:height\" content=\"505\" \/>\n\t<meta property=\"og:image:type\" content=\"image\/jpeg\" \/>\n<meta name=\"twitter:card\" content=\"summary_large_image\" \/>\n<!-- \/ Yoast SEO plugin. -->","yoast_head_json":{"title":"Comment souscrire l'assurance logement \u00e9tudiant dans l'application Leocare ?","robots":{"index":"index","follow":"follow","max-snippet":"max-snippet:-1","max-image-preview":"max-image-preview:large","max-video-preview":"max-video-preview:-1"},"canonical":"https:\/\/leocare.eu\/fr\/help\/souscrire-assurance-logement-etudiant\/","og_locale":"fr_FR","og_type":"article","og_title":"Comment souscrire l'assurance logement \u00e9tudiant dans l'application Leocare ?","og_description":"Trouver une assurance logement \u00e9tudiant adapt\u00e9e, c\u2019est facile avec Leocare ! Gr\u00e2ce \u00e0 notre application, souscrivez votre assurance en quelques minutes seulement. Un parcours fluide et accessible pour prot\u00e9ger votre logement \u00e9tudiant en toute simplicit\u00e9.","og_url":"https:\/\/leocare.eu\/fr\/help\/souscrire-assurance-logement-etudiant\/","og_site_name":"Leocare, assurance en ligne automobile et habitation","article_modified_time":"2025-01-28T15:09:10+00:00","og_image":[{"width":800,"height":505,"url":"https:\/\/leocare.eu\/fr\/wp-content\/uploads\/2025\/01\/etudiant-maison.jpg","type":"image\/jpeg"}],"twitter_card":"summary_large_image","schema":{"@context":"https:\/\/schema.org","@graph":[{"@type":"WebPage","@id":"https:\/\/leocare.eu\/fr\/help\/souscrire-assurance-logement-etudiant\/","url":"https:\/\/leocare.eu\/fr\/help\/souscrire-assurance-logement-etudiant\/","name":"Comment souscrire l'assurance logement \u00e9tudiant dans l'application Leocare ?","isPartOf":{"@id":"https:\/\/leocare.eu\/fr\/#website"},"primaryImageOfPage":{"@id":"https:\/\/leocare.eu\/fr\/help\/souscrire-assurance-logement-etudiant\/#primaryimage"},"image":{"@id":"https:\/\/leocare.eu\/fr\/help\/souscrire-assurance-logement-etudiant\/#primaryimage"},"thumbnailUrl":"https:\/\/leocare.eu\/fr\/wp-content\/uploads\/2025\/01\/etudiant-maison.jpg","datePublished":"2025-01-28T13:30:48+00:00","dateModified":"2025-01-28T15:09:10+00:00","breadcrumb":{"@id":"https:\/\/leocare.eu\/fr\/help\/souscrire-assurance-logement-etudiant\/#breadcrumb"},"inLanguage":"fr-FR","potentialAction":[{"@type":"ReadAction","target":["https:\/\/leocare.eu\/fr\/help\/souscrire-assurance-logement-etudiant\/"]}]},{"@type":"ImageObject","inLanguage":"fr-FR","@id":"https:\/\/leocare.eu\/fr\/help\/souscrire-assurance-logement-etudiant\/#primaryimage","url":"https:\/\/leocare.eu\/fr\/wp-content\/uploads\/2025\/01\/etudiant-maison.jpg","contentUrl":"https:\/\/leocare.eu\/fr\/wp-content\/uploads\/2025\/01\/etudiant-maison.jpg","width":800,"height":505,"caption":"etudiant maison"},{"@type":"WebSite","@id":"https:\/\/leocare.eu\/fr\/#website","url":"https:\/\/leocare.eu\/fr\/","name":"Leocare, assurance en ligne automobile et habitation","description":"enfin (r)assur\u00e9.e","publisher":{"@id":"https:\/\/leocare.eu\/fr\/#organization"},"potentialAction":[{"@type":"SearchAction","target":{"@type":"EntryPoint","urlTemplate":"https:\/\/leocare.eu\/fr\/?s={search_term_string}"},"query-input":{"@type":"PropertyValueSpecification","valueRequired":true,"valueName":"search_term_string"}}],"inLanguage":"fr-FR"},{"@type":"Organization","@id":"https:\/\/leocare.eu\/fr\/#organization","name":"Leocare, assurance en ligne automobile et habitation","url":"https:\/\/leocare.eu\/fr\/","logo":{"@type":"ImageObject","inLanguage":"fr-FR","@id":"https:\/\/leocare.eu\/fr\/#\/schema\/logo\/image\/","url":"https:\/\/leocare.eu\/fr\/wp-content\/uploads\/2020\/03\/logo-leocare.svg","contentUrl":"https:\/\/leocare.eu\/fr\/wp-content\/uploads\/2020\/03\/logo-leocare.svg","caption":"Leocare, assurance en ligne automobile et habitation"},"image":{"@id":"https:\/\/leocare.eu\/fr\/#\/schema\/logo\/image\/"}}]}},"_links":{"self":[{"href":"https:\/\/leocare.eu\/fr\/wp-json\/wp\/v2\/pages\/26303","targetHints":{"allow":["GET"]}}],"collection":[{"href":"https:\/\/leocare.eu\/fr\/wp-json\/wp\/v2\/pages"}],"about":[{"href":"https:\/\/leocare.eu\/fr\/wp-json\/wp\/v2\/types\/page"}],"author":[{"embeddable":true,"href":"https:\/\/leocare.eu\/fr\/wp-json\/wp\/v2\/users\/34"}],"replies":[{"embeddable":true,"href":"https:\/\/leocare.eu\/fr\/wp-json\/wp\/v2\/comments?post=26303"}],"version-history":[{"count":3,"href":"https:\/\/leocare.eu\/fr\/wp-json\/wp\/v2\/pages\/26303\/revisions"}],"predecessor-version":[{"id":26449,"href":"https:\/\/leocare.eu\/fr\/wp-json\/wp\/v2\/pages\/26303\/revisions\/26449"}],"up":[{"embeddable":true,"href":"https:\/\/leocare.eu\/fr\/wp-json\/wp\/v2\/pages\/16244"}],"wp:featuredmedia":[{"embeddable":true,"href":"https:\/\/leocare.eu\/fr\/wp-json\/wp\/v2\/media\/26304"}],"wp:attachment":[{"href":"https:\/\/leocare.eu\/fr\/wp-json\/wp\/v2\/media?parent=26303"}],"curies":[{"name":"wp","href":"https:\/\/api.w.org\/{rel}","templated":true}]}}