{"id":26198,"date":"2025-01-23T15:15:50","date_gmt":"2025-01-23T14:15:50","guid":{"rendered":"https:\/\/leocare.eu\/fr\/?page_id=26198"},"modified":"2025-01-28T14:17:26","modified_gmt":"2025-01-28T13:17:26","slug":"ajouter-releve-information","status":"publish","type":"page","link":"https:\/\/leocare.eu\/fr\/help\/ajouter-releve-information\/","title":{"rendered":"Comment ajouter son relev\u00e9 d&rsquo;information sur l&rsquo;application Leocare ?"},"content":{"rendered":"\n<p>Ajoutez votre relev\u00e9 d\u2019information en un rien de temps ! Avec notre application Leocare, t\u00e9l\u00e9chargez votre document directement depuis votre espace en quelques \u00e9tapes simples. Un moyen rapide et pratique pour g\u00e9rer votre assurance en toute autonomie.<\/p>\n\n\n\n<figure class=\"wp-block-embed is-type-video is-provider-youtube wp-block-embed-youtube wp-embed-aspect-16-9 wp-has-aspect-ratio\"><div class=\"wp-block-embed__wrapper\">\n<iframe title=\"Comment ajouter son relev\u00e9 d&#039;information sur l&#039;application Leocare ?\" width=\"500\" height=\"281\" src=\"https:\/\/www.youtube.com\/embed\/uMVs9XWh3ck?feature=oembed\" frameborder=\"0\" allow=\"accelerometer; autoplay; clipboard-write; encrypted-media; gyroscope; picture-in-picture; web-share\" referrerpolicy=\"strict-origin-when-cross-origin\" allowfullscreen><\/iframe>\n<\/div><\/figure>\n\n\n\n<p><\/p>\n","protected":false},"excerpt":{"rendered":"<p>Ajoutez votre relev\u00e9 d\u2019information en un rien de temps ! Avec notre application Leocare, t\u00e9l\u00e9chargez votre document directement depuis votre espace en quelques \u00e9tapes simples. Un moyen rapide et pratique pour g\u00e9rer votre assurance en toute autonomie.<\/p>\n","protected":false},"author":4,"featured_media":16033,"parent":16244,"menu_order":0,"comment_status":"closed","ping_status":"closed","template":"template_help_article.php","meta":{"_acf_changed":false,"footnotes":""},"class_list":["post-26198","page","type-page","status-publish","has-post-thumbnail","hentry"],"acf":[],"yoast_head":"<!-- This site is optimized with the Yoast SEO plugin v27.3 - https:\/\/yoast.com\/product\/yoast-seo-wordpress\/ -->\n<title>Comment ajouter son relev\u00e9 d&#039;information sur l&#039;application Leocare ?<\/title>\n<meta name=\"robots\" content=\"index, follow, max-snippet:-1, max-image-preview:large, max-video-preview:-1\" \/>\n<link rel=\"canonical\" href=\"https:\/\/leocare.eu\/fr\/help\/ajouter-releve-information\/\" \/>\n<meta property=\"og:locale\" content=\"fr_FR\" \/>\n<meta property=\"og:type\" content=\"article\" \/>\n<meta property=\"og:title\" content=\"Comment ajouter son relev\u00e9 d&#039;information sur l&#039;application Leocare ?\" \/>\n<meta property=\"og:description\" content=\"Ajoutez votre relev\u00e9 d\u2019information en un rien de temps ! Avec notre application Leocare, t\u00e9l\u00e9chargez votre document directement depuis votre espace en quelques \u00e9tapes simples. Un moyen rapide et pratique pour g\u00e9rer votre assurance en toute autonomie.\" \/>\n<meta property=\"og:url\" content=\"https:\/\/leocare.eu\/fr\/help\/ajouter-releve-information\/\" \/>\n<meta property=\"og:site_name\" content=\"Leocare, assurance en ligne automobile et habitation\" \/>\n<meta property=\"article:modified_time\" content=\"2025-01-28T13:17:26+00:00\" \/>\n<meta property=\"og:image\" content=\"https:\/\/leocare.eu\/fr\/wp-content\/uploads\/2021\/01\/releve-information-auto-lire.webp\" \/>\n\t<meta property=\"og:image:width\" content=\"2560\" \/>\n\t<meta property=\"og:image:height\" content=\"1707\" \/>\n\t<meta property=\"og:image:type\" content=\"image\/webp\" \/>\n<meta name=\"twitter:card\" content=\"summary_large_image\" \/>\n<!-- \/ Yoast SEO plugin. -->","yoast_head_json":{"title":"Comment ajouter son relev\u00e9 d'information sur l'application Leocare ?","robots":{"index":"index","follow":"follow","max-snippet":"max-snippet:-1","max-image-preview":"max-image-preview:large","max-video-preview":"max-video-preview:-1"},"canonical":"https:\/\/leocare.eu\/fr\/help\/ajouter-releve-information\/","og_locale":"fr_FR","og_type":"article","og_title":"Comment ajouter son relev\u00e9 d'information sur l'application Leocare ?","og_description":"Ajoutez votre relev\u00e9 d\u2019information en un rien de temps ! Avec notre application Leocare, t\u00e9l\u00e9chargez votre document directement depuis votre espace en quelques \u00e9tapes simples. Un moyen rapide et pratique pour g\u00e9rer votre assurance en toute autonomie.","og_url":"https:\/\/leocare.eu\/fr\/help\/ajouter-releve-information\/","og_site_name":"Leocare, assurance en ligne automobile et habitation","article_modified_time":"2025-01-28T13:17:26+00:00","og_image":[{"width":2560,"height":1707,"url":"https:\/\/leocare.eu\/fr\/wp-content\/uploads\/2021\/01\/releve-information-auto-lire.webp","type":"image\/webp"}],"twitter_card":"summary_large_image","schema":{"@context":"https:\/\/schema.org","@graph":[{"@type":"WebPage","@id":"https:\/\/leocare.eu\/fr\/help\/ajouter-releve-information\/","url":"https:\/\/leocare.eu\/fr\/help\/ajouter-releve-information\/","name":"Comment ajouter son relev\u00e9 d'information sur l'application Leocare ?","isPartOf":{"@id":"https:\/\/leocare.eu\/fr\/#website"},"primaryImageOfPage":{"@id":"https:\/\/leocare.eu\/fr\/help\/ajouter-releve-information\/#primaryimage"},"image":{"@id":"https:\/\/leocare.eu\/fr\/help\/ajouter-releve-information\/#primaryimage"},"thumbnailUrl":"https:\/\/leocare.eu\/fr\/wp-content\/uploads\/2021\/01\/releve-information-auto-lire.webp","datePublished":"2025-01-23T14:15:50+00:00","dateModified":"2025-01-28T13:17:26+00:00","breadcrumb":{"@id":"https:\/\/leocare.eu\/fr\/help\/ajouter-releve-information\/#breadcrumb"},"inLanguage":"fr-FR","potentialAction":[{"@type":"ReadAction","target":["https:\/\/leocare.eu\/fr\/help\/ajouter-releve-information\/"]}]},{"@type":"ImageObject","inLanguage":"fr-FR","@id":"https:\/\/leocare.eu\/fr\/help\/ajouter-releve-information\/#primaryimage","url":"https:\/\/leocare.eu\/fr\/wp-content\/uploads\/2021\/01\/releve-information-auto-lire.webp","contentUrl":"https:\/\/leocare.eu\/fr\/wp-content\/uploads\/2021\/01\/releve-information-auto-lire.webp","width":2560,"height":1707,"caption":"relev\u00e9 information auto lire"},{"@type":"WebSite","@id":"https:\/\/leocare.eu\/fr\/#website","url":"https:\/\/leocare.eu\/fr\/","name":"Leocare, assurance en ligne automobile et habitation","description":"enfin (r)assur\u00e9.e","publisher":{"@id":"https:\/\/leocare.eu\/fr\/#organization"},"potentialAction":[{"@type":"SearchAction","target":{"@type":"EntryPoint","urlTemplate":"https:\/\/leocare.eu\/fr\/?s={search_term_string}"},"query-input":{"@type":"PropertyValueSpecification","valueRequired":true,"valueName":"search_term_string"}}],"inLanguage":"fr-FR"},{"@type":"Organization","@id":"https:\/\/leocare.eu\/fr\/#organization","name":"Leocare, assurance en ligne automobile et habitation","url":"https:\/\/leocare.eu\/fr\/","logo":{"@type":"ImageObject","inLanguage":"fr-FR","@id":"https:\/\/leocare.eu\/fr\/#\/schema\/logo\/image\/","url":"https:\/\/leocare.eu\/fr\/wp-content\/uploads\/2020\/03\/logo-leocare.svg","contentUrl":"https:\/\/leocare.eu\/fr\/wp-content\/uploads\/2020\/03\/logo-leocare.svg","caption":"Leocare, assurance en ligne automobile et habitation"},"image":{"@id":"https:\/\/leocare.eu\/fr\/#\/schema\/logo\/image\/"}}]}},"_links":{"self":[{"href":"https:\/\/leocare.eu\/fr\/wp-json\/wp\/v2\/pages\/26198","targetHints":{"allow":["GET"]}}],"collection":[{"href":"https:\/\/leocare.eu\/fr\/wp-json\/wp\/v2\/pages"}],"about":[{"href":"https:\/\/leocare.eu\/fr\/wp-json\/wp\/v2\/types\/page"}],"author":[{"embeddable":true,"href":"https:\/\/leocare.eu\/fr\/wp-json\/wp\/v2\/users\/4"}],"replies":[{"embeddable":true,"href":"https:\/\/leocare.eu\/fr\/wp-json\/wp\/v2\/comments?post=26198"}],"version-history":[{"count":7,"href":"https:\/\/leocare.eu\/fr\/wp-json\/wp\/v2\/pages\/26198\/revisions"}],"predecessor-version":[{"id":26300,"href":"https:\/\/leocare.eu\/fr\/wp-json\/wp\/v2\/pages\/26198\/revisions\/26300"}],"up":[{"embeddable":true,"href":"https:\/\/leocare.eu\/fr\/wp-json\/wp\/v2\/pages\/16244"}],"wp:featuredmedia":[{"embeddable":true,"href":"https:\/\/leocare.eu\/fr\/wp-json\/wp\/v2\/media\/16033"}],"wp:attachment":[{"href":"https:\/\/leocare.eu\/fr\/wp-json\/wp\/v2\/media?parent=26198"}],"curies":[{"name":"wp","href":"https:\/\/api.w.org\/{rel}","templated":true}]}}