{"id":26192,"date":"2025-01-23T14:48:20","date_gmt":"2025-01-23T13:48:20","guid":{"rendered":"https:\/\/leocare.eu\/fr\/?page_id=26192"},"modified":"2025-01-28T14:09:02","modified_gmt":"2025-01-28T13:09:02","slug":"loi-hamon-pour-resilier-son-ancien-contrat-assurance-auto","status":"publish","type":"page","link":"https:\/\/leocare.eu\/fr\/help\/loi-hamon-pour-resilier-son-ancien-contrat-assurance-auto\/","title":{"rendered":"Comment profiter de la loi Hamon pour r\u00e9silier son ancien contrat d&rsquo;assurance auto ?"},"content":{"rendered":"\n<p>Changer d\u2019assurance auto n\u2019est plus un casse-t\u00eate ! Avec notre tutoriel d\u00e9di\u00e9, d\u00e9couvrez comment profiter de la loi Hamon pour r\u00e9silier facilement votre ancien contrat. En quelques \u00e9tapes, simplifiez vos d\u00e9marches et b\u00e9n\u00e9ficiez d\u2019une couverture mieux adapt\u00e9e \u00e0 vos besoins.<\/p>\n\n\n\n<figure class=\"wp-block-embed is-type-video is-provider-youtube wp-block-embed-youtube wp-embed-aspect-16-9 wp-has-aspect-ratio\"><div class=\"wp-block-embed__wrapper\">\n<iframe title=\"Comment profiter de la loi Hamon pour r\u00e9silier son ancien contrat d&#039;assurance auto ?\" width=\"500\" height=\"281\" src=\"https:\/\/www.youtube.com\/embed\/w6yNWFDU2dc?feature=oembed\" frameborder=\"0\" allow=\"accelerometer; autoplay; clipboard-write; encrypted-media; gyroscope; picture-in-picture; web-share\" referrerpolicy=\"strict-origin-when-cross-origin\" allowfullscreen><\/iframe>\n<\/div><\/figure>\n\n\n\n<p><\/p>\n","protected":false},"excerpt":{"rendered":"<p>Changer d\u2019assurance auto n\u2019est plus un casse-t\u00eate ! Avec notre tutoriel d\u00e9di\u00e9, d\u00e9couvrez comment profiter de la loi Hamon pour r\u00e9silier facilement votre ancien contrat. En quelques \u00e9tapes, simplifiez vos d\u00e9marches et b\u00e9n\u00e9ficiez d\u2019une couverture mieux adapt\u00e9e \u00e0 vos besoins.<\/p>\n","protected":false},"author":4,"featured_media":21477,"parent":16244,"menu_order":0,"comment_status":"closed","ping_status":"closed","template":"template_help_article.php","meta":{"_acf_changed":false,"footnotes":""},"class_list":["post-26192","page","type-page","status-publish","has-post-thumbnail","hentry"],"acf":[],"yoast_head":"<!-- This site is optimized with the Yoast SEO plugin v27.3 - https:\/\/yoast.com\/product\/yoast-seo-wordpress\/ -->\n<title>Comment profiter de la loi Hamon pour r\u00e9silier son ancien contrat d&#039;assurance auto ?<\/title>\n<meta name=\"robots\" content=\"index, follow, max-snippet:-1, max-image-preview:large, max-video-preview:-1\" \/>\n<link rel=\"canonical\" href=\"https:\/\/leocare.eu\/fr\/help\/loi-hamon-pour-resilier-son-ancien-contrat-assurance-auto\/\" \/>\n<meta property=\"og:locale\" content=\"fr_FR\" \/>\n<meta property=\"og:type\" content=\"article\" \/>\n<meta property=\"og:title\" content=\"Comment profiter de la loi Hamon pour r\u00e9silier son ancien contrat d&#039;assurance auto ?\" \/>\n<meta property=\"og:description\" content=\"Changer d\u2019assurance auto n\u2019est plus un casse-t\u00eate ! Avec notre tutoriel d\u00e9di\u00e9, d\u00e9couvrez comment profiter de la loi Hamon pour r\u00e9silier facilement votre ancien contrat. En quelques \u00e9tapes, simplifiez vos d\u00e9marches et b\u00e9n\u00e9ficiez d\u2019une couverture mieux adapt\u00e9e \u00e0 vos besoins.\" \/>\n<meta property=\"og:url\" content=\"https:\/\/leocare.eu\/fr\/help\/loi-hamon-pour-resilier-son-ancien-contrat-assurance-auto\/\" \/>\n<meta property=\"og:site_name\" content=\"Leocare, assurance en ligne automobile et habitation\" \/>\n<meta property=\"article:modified_time\" content=\"2025-01-28T13:09:02+00:00\" \/>\n<meta property=\"og:image\" content=\"https:\/\/leocare.eu\/fr\/wp-content\/uploads\/2024\/05\/smartphone-assurance.jpg\" \/>\n\t<meta property=\"og:image:width\" content=\"1900\" \/>\n\t<meta property=\"og:image:height\" content=\"1200\" \/>\n\t<meta property=\"og:image:type\" content=\"image\/jpeg\" \/>\n<meta name=\"twitter:card\" content=\"summary_large_image\" \/>\n<!-- \/ Yoast SEO plugin. -->","yoast_head_json":{"title":"Comment profiter de la loi Hamon pour r\u00e9silier son ancien contrat d'assurance auto ?","robots":{"index":"index","follow":"follow","max-snippet":"max-snippet:-1","max-image-preview":"max-image-preview:large","max-video-preview":"max-video-preview:-1"},"canonical":"https:\/\/leocare.eu\/fr\/help\/loi-hamon-pour-resilier-son-ancien-contrat-assurance-auto\/","og_locale":"fr_FR","og_type":"article","og_title":"Comment profiter de la loi Hamon pour r\u00e9silier son ancien contrat d'assurance auto ?","og_description":"Changer d\u2019assurance auto n\u2019est plus un casse-t\u00eate ! Avec notre tutoriel d\u00e9di\u00e9, d\u00e9couvrez comment profiter de la loi Hamon pour r\u00e9silier facilement votre ancien contrat. En quelques \u00e9tapes, simplifiez vos d\u00e9marches et b\u00e9n\u00e9ficiez d\u2019une couverture mieux adapt\u00e9e \u00e0 vos besoins.","og_url":"https:\/\/leocare.eu\/fr\/help\/loi-hamon-pour-resilier-son-ancien-contrat-assurance-auto\/","og_site_name":"Leocare, assurance en ligne automobile et habitation","article_modified_time":"2025-01-28T13:09:02+00:00","og_image":[{"width":1900,"height":1200,"url":"https:\/\/leocare.eu\/fr\/wp-content\/uploads\/2024\/05\/smartphone-assurance.jpg","type":"image\/jpeg"}],"twitter_card":"summary_large_image","schema":{"@context":"https:\/\/schema.org","@graph":[{"@type":"WebPage","@id":"https:\/\/leocare.eu\/fr\/help\/loi-hamon-pour-resilier-son-ancien-contrat-assurance-auto\/","url":"https:\/\/leocare.eu\/fr\/help\/loi-hamon-pour-resilier-son-ancien-contrat-assurance-auto\/","name":"Comment profiter de la loi Hamon pour r\u00e9silier son ancien contrat d'assurance auto ?","isPartOf":{"@id":"https:\/\/leocare.eu\/fr\/#website"},"primaryImageOfPage":{"@id":"https:\/\/leocare.eu\/fr\/help\/loi-hamon-pour-resilier-son-ancien-contrat-assurance-auto\/#primaryimage"},"image":{"@id":"https:\/\/leocare.eu\/fr\/help\/loi-hamon-pour-resilier-son-ancien-contrat-assurance-auto\/#primaryimage"},"thumbnailUrl":"https:\/\/leocare.eu\/fr\/wp-content\/uploads\/2024\/05\/smartphone-assurance.jpg","datePublished":"2025-01-23T13:48:20+00:00","dateModified":"2025-01-28T13:09:02+00:00","breadcrumb":{"@id":"https:\/\/leocare.eu\/fr\/help\/loi-hamon-pour-resilier-son-ancien-contrat-assurance-auto\/#breadcrumb"},"inLanguage":"fr-FR","potentialAction":[{"@type":"ReadAction","target":["https:\/\/leocare.eu\/fr\/help\/loi-hamon-pour-resilier-son-ancien-contrat-assurance-auto\/"]}]},{"@type":"ImageObject","inLanguage":"fr-FR","@id":"https:\/\/leocare.eu\/fr\/help\/loi-hamon-pour-resilier-son-ancien-contrat-assurance-auto\/#primaryimage","url":"https:\/\/leocare.eu\/fr\/wp-content\/uploads\/2024\/05\/smartphone-assurance.jpg","contentUrl":"https:\/\/leocare.eu\/fr\/wp-content\/uploads\/2024\/05\/smartphone-assurance.jpg","width":1900,"height":1200,"caption":"smartphone assurance"},{"@type":"WebSite","@id":"https:\/\/leocare.eu\/fr\/#website","url":"https:\/\/leocare.eu\/fr\/","name":"Leocare, assurance en ligne automobile et habitation","description":"enfin (r)assur\u00e9.e","publisher":{"@id":"https:\/\/leocare.eu\/fr\/#organization"},"potentialAction":[{"@type":"SearchAction","target":{"@type":"EntryPoint","urlTemplate":"https:\/\/leocare.eu\/fr\/?s={search_term_string}"},"query-input":{"@type":"PropertyValueSpecification","valueRequired":true,"valueName":"search_term_string"}}],"inLanguage":"fr-FR"},{"@type":"Organization","@id":"https:\/\/leocare.eu\/fr\/#organization","name":"Leocare, assurance en ligne automobile et habitation","url":"https:\/\/leocare.eu\/fr\/","logo":{"@type":"ImageObject","inLanguage":"fr-FR","@id":"https:\/\/leocare.eu\/fr\/#\/schema\/logo\/image\/","url":"https:\/\/leocare.eu\/fr\/wp-content\/uploads\/2020\/03\/logo-leocare.svg","contentUrl":"https:\/\/leocare.eu\/fr\/wp-content\/uploads\/2020\/03\/logo-leocare.svg","caption":"Leocare, assurance en ligne automobile et habitation"},"image":{"@id":"https:\/\/leocare.eu\/fr\/#\/schema\/logo\/image\/"}}]}},"_links":{"self":[{"href":"https:\/\/leocare.eu\/fr\/wp-json\/wp\/v2\/pages\/26192","targetHints":{"allow":["GET"]}}],"collection":[{"href":"https:\/\/leocare.eu\/fr\/wp-json\/wp\/v2\/pages"}],"about":[{"href":"https:\/\/leocare.eu\/fr\/wp-json\/wp\/v2\/types\/page"}],"author":[{"embeddable":true,"href":"https:\/\/leocare.eu\/fr\/wp-json\/wp\/v2\/users\/4"}],"replies":[{"embeddable":true,"href":"https:\/\/leocare.eu\/fr\/wp-json\/wp\/v2\/comments?post=26192"}],"version-history":[{"count":7,"href":"https:\/\/leocare.eu\/fr\/wp-json\/wp\/v2\/pages\/26192\/revisions"}],"predecessor-version":[{"id":26295,"href":"https:\/\/leocare.eu\/fr\/wp-json\/wp\/v2\/pages\/26192\/revisions\/26295"}],"up":[{"embeddable":true,"href":"https:\/\/leocare.eu\/fr\/wp-json\/wp\/v2\/pages\/16244"}],"wp:featuredmedia":[{"embeddable":true,"href":"https:\/\/leocare.eu\/fr\/wp-json\/wp\/v2\/media\/21477"}],"wp:attachment":[{"href":"https:\/\/leocare.eu\/fr\/wp-json\/wp\/v2\/media?parent=26192"}],"curies":[{"name":"wp","href":"https:\/\/api.w.org\/{rel}","templated":true}]}}