{"id":26184,"date":"2025-01-22T15:59:17","date_gmt":"2025-01-22T14:59:17","guid":{"rendered":"https:\/\/leocare.eu\/fr\/?page_id=26184"},"modified":"2025-01-23T17:06:58","modified_gmt":"2025-01-23T16:06:58","slug":"faire-avenant-contrat-assurance-auto-leocare","status":"publish","type":"page","link":"https:\/\/leocare.eu\/fr\/help\/faire-avenant-contrat-assurance-auto-leocare\/","title":{"rendered":"Comment faire un avenant sur son contrat d&rsquo;assurance auto Leocare ?"},"content":{"rendered":"\n<p>Modifier votre contrat d\u2019assurance auto n\u2019a jamais \u00e9t\u00e9 aussi simple ! Gr\u00e2ce \u00e0 notre fonctionnalit\u00e9 intuitive, r\u00e9alisez un avenant en quelques \u00e9tapes depuis votre espace client. Une solution rapide et pratique pour adapter votre contrat \u00e0 vos besoins, sans perdre de temps.<\/p>\n\n\n\n<figure class=\"wp-block-embed is-type-video is-provider-youtube wp-block-embed-youtube wp-embed-aspect-16-9 wp-has-aspect-ratio\"><div class=\"wp-block-embed__wrapper\">\n<iframe title=\"Comment faire un avenant sur son contrat d&#039;assurance auto Leocare ?\" width=\"500\" height=\"281\" src=\"https:\/\/www.youtube.com\/embed\/TONxQKLhBNc?feature=oembed\" frameborder=\"0\" allow=\"accelerometer; autoplay; clipboard-write; encrypted-media; gyroscope; picture-in-picture; web-share\" referrerpolicy=\"strict-origin-when-cross-origin\" allowfullscreen><\/iframe>\n<\/div><\/figure>\n\n\n\n<p><\/p>\n","protected":false},"excerpt":{"rendered":"<p>Modifier votre contrat d\u2019assurance auto n\u2019a jamais \u00e9t\u00e9 aussi simple ! Gr\u00e2ce \u00e0 notre fonctionnalit\u00e9 intuitive, r\u00e9alisez un avenant en quelques \u00e9tapes depuis votre espace client. Une solution rapide et pratique pour adapter votre contrat \u00e0 vos besoins, sans perdre de temps.<\/p>\n","protected":false},"author":4,"featured_media":21888,"parent":16244,"menu_order":0,"comment_status":"closed","ping_status":"closed","template":"template_help_article.php","meta":{"_acf_changed":false,"footnotes":""},"class_list":["post-26184","page","type-page","status-publish","has-post-thumbnail","hentry"],"acf":[],"yoast_head":"<!-- This site is optimized with the Yoast SEO plugin v27.3 - https:\/\/yoast.com\/product\/yoast-seo-wordpress\/ -->\n<title>Comment faire un avenant sur son contrat d&#039;assurance auto Leocare ?<\/title>\n<meta name=\"robots\" content=\"index, follow, max-snippet:-1, max-image-preview:large, max-video-preview:-1\" \/>\n<link rel=\"canonical\" href=\"https:\/\/leocare.eu\/fr\/help\/faire-avenant-contrat-assurance-auto-leocare\/\" \/>\n<meta property=\"og:locale\" content=\"fr_FR\" \/>\n<meta property=\"og:type\" content=\"article\" \/>\n<meta property=\"og:title\" content=\"Comment faire un avenant sur son contrat d&#039;assurance auto Leocare ?\" \/>\n<meta property=\"og:description\" content=\"Modifier votre contrat d\u2019assurance auto n\u2019a jamais \u00e9t\u00e9 aussi simple ! Gr\u00e2ce \u00e0 notre fonctionnalit\u00e9 intuitive, r\u00e9alisez un avenant en quelques \u00e9tapes depuis votre espace client. Une solution rapide et pratique pour adapter votre contrat \u00e0 vos besoins, sans perdre de temps.\" \/>\n<meta property=\"og:url\" content=\"https:\/\/leocare.eu\/fr\/help\/faire-avenant-contrat-assurance-auto-leocare\/\" \/>\n<meta property=\"og:site_name\" content=\"Leocare, assurance en ligne automobile et habitation\" \/>\n<meta property=\"article:modified_time\" content=\"2025-01-23T16:06:58+00:00\" \/>\n<meta property=\"og:image\" content=\"https:\/\/leocare.eu\/fr\/wp-content\/uploads\/2024\/06\/homme-smartphone-rue.jpg\" \/>\n\t<meta property=\"og:image:width\" content=\"1200\" \/>\n\t<meta property=\"og:image:height\" content=\"476\" \/>\n\t<meta property=\"og:image:type\" content=\"image\/jpeg\" \/>\n<meta name=\"twitter:card\" content=\"summary_large_image\" \/>\n<!-- \/ Yoast SEO plugin. -->","yoast_head_json":{"title":"Comment faire un avenant sur son contrat d'assurance auto Leocare ?","robots":{"index":"index","follow":"follow","max-snippet":"max-snippet:-1","max-image-preview":"max-image-preview:large","max-video-preview":"max-video-preview:-1"},"canonical":"https:\/\/leocare.eu\/fr\/help\/faire-avenant-contrat-assurance-auto-leocare\/","og_locale":"fr_FR","og_type":"article","og_title":"Comment faire un avenant sur son contrat d'assurance auto Leocare ?","og_description":"Modifier votre contrat d\u2019assurance auto n\u2019a jamais \u00e9t\u00e9 aussi simple ! Gr\u00e2ce \u00e0 notre fonctionnalit\u00e9 intuitive, r\u00e9alisez un avenant en quelques \u00e9tapes depuis votre espace client. Une solution rapide et pratique pour adapter votre contrat \u00e0 vos besoins, sans perdre de temps.","og_url":"https:\/\/leocare.eu\/fr\/help\/faire-avenant-contrat-assurance-auto-leocare\/","og_site_name":"Leocare, assurance en ligne automobile et habitation","article_modified_time":"2025-01-23T16:06:58+00:00","og_image":[{"width":1200,"height":476,"url":"https:\/\/leocare.eu\/fr\/wp-content\/uploads\/2024\/06\/homme-smartphone-rue.jpg","type":"image\/jpeg"}],"twitter_card":"summary_large_image","schema":{"@context":"https:\/\/schema.org","@graph":[{"@type":"WebPage","@id":"https:\/\/leocare.eu\/fr\/help\/faire-avenant-contrat-assurance-auto-leocare\/","url":"https:\/\/leocare.eu\/fr\/help\/faire-avenant-contrat-assurance-auto-leocare\/","name":"Comment faire un avenant sur son contrat d'assurance auto Leocare ?","isPartOf":{"@id":"https:\/\/leocare.eu\/fr\/#website"},"primaryImageOfPage":{"@id":"https:\/\/leocare.eu\/fr\/help\/faire-avenant-contrat-assurance-auto-leocare\/#primaryimage"},"image":{"@id":"https:\/\/leocare.eu\/fr\/help\/faire-avenant-contrat-assurance-auto-leocare\/#primaryimage"},"thumbnailUrl":"https:\/\/leocare.eu\/fr\/wp-content\/uploads\/2024\/06\/homme-smartphone-rue.jpg","datePublished":"2025-01-22T14:59:17+00:00","dateModified":"2025-01-23T16:06:58+00:00","breadcrumb":{"@id":"https:\/\/leocare.eu\/fr\/help\/faire-avenant-contrat-assurance-auto-leocare\/#breadcrumb"},"inLanguage":"fr-FR","potentialAction":[{"@type":"ReadAction","target":["https:\/\/leocare.eu\/fr\/help\/faire-avenant-contrat-assurance-auto-leocare\/"]}]},{"@type":"ImageObject","inLanguage":"fr-FR","@id":"https:\/\/leocare.eu\/fr\/help\/faire-avenant-contrat-assurance-auto-leocare\/#primaryimage","url":"https:\/\/leocare.eu\/fr\/wp-content\/uploads\/2024\/06\/homme-smartphone-rue.jpg","contentUrl":"https:\/\/leocare.eu\/fr\/wp-content\/uploads\/2024\/06\/homme-smartphone-rue.jpg","width":1200,"height":476,"caption":"homme smartphone rue"},{"@type":"WebSite","@id":"https:\/\/leocare.eu\/fr\/#website","url":"https:\/\/leocare.eu\/fr\/","name":"Leocare, assurance en ligne automobile et habitation","description":"enfin (r)assur\u00e9.e","publisher":{"@id":"https:\/\/leocare.eu\/fr\/#organization"},"potentialAction":[{"@type":"SearchAction","target":{"@type":"EntryPoint","urlTemplate":"https:\/\/leocare.eu\/fr\/?s={search_term_string}"},"query-input":{"@type":"PropertyValueSpecification","valueRequired":true,"valueName":"search_term_string"}}],"inLanguage":"fr-FR"},{"@type":"Organization","@id":"https:\/\/leocare.eu\/fr\/#organization","name":"Leocare, assurance en ligne automobile et habitation","url":"https:\/\/leocare.eu\/fr\/","logo":{"@type":"ImageObject","inLanguage":"fr-FR","@id":"https:\/\/leocare.eu\/fr\/#\/schema\/logo\/image\/","url":"https:\/\/leocare.eu\/fr\/wp-content\/uploads\/2020\/03\/logo-leocare.svg","contentUrl":"https:\/\/leocare.eu\/fr\/wp-content\/uploads\/2020\/03\/logo-leocare.svg","caption":"Leocare, assurance en ligne automobile et habitation"},"image":{"@id":"https:\/\/leocare.eu\/fr\/#\/schema\/logo\/image\/"}}]}},"_links":{"self":[{"href":"https:\/\/leocare.eu\/fr\/wp-json\/wp\/v2\/pages\/26184","targetHints":{"allow":["GET"]}}],"collection":[{"href":"https:\/\/leocare.eu\/fr\/wp-json\/wp\/v2\/pages"}],"about":[{"href":"https:\/\/leocare.eu\/fr\/wp-json\/wp\/v2\/types\/page"}],"author":[{"embeddable":true,"href":"https:\/\/leocare.eu\/fr\/wp-json\/wp\/v2\/users\/4"}],"replies":[{"embeddable":true,"href":"https:\/\/leocare.eu\/fr\/wp-json\/wp\/v2\/comments?post=26184"}],"version-history":[{"count":5,"href":"https:\/\/leocare.eu\/fr\/wp-json\/wp\/v2\/pages\/26184\/revisions"}],"predecessor-version":[{"id":26270,"href":"https:\/\/leocare.eu\/fr\/wp-json\/wp\/v2\/pages\/26184\/revisions\/26270"}],"up":[{"embeddable":true,"href":"https:\/\/leocare.eu\/fr\/wp-json\/wp\/v2\/pages\/16244"}],"wp:featuredmedia":[{"embeddable":true,"href":"https:\/\/leocare.eu\/fr\/wp-json\/wp\/v2\/media\/21888"}],"wp:attachment":[{"href":"https:\/\/leocare.eu\/fr\/wp-json\/wp\/v2\/media?parent=26184"}],"curies":[{"name":"wp","href":"https:\/\/api.w.org\/{rel}","templated":true}]}}