{"id":26179,"date":"2025-01-22T15:15:52","date_gmt":"2025-01-22T14:15:52","guid":{"rendered":"https:\/\/leocare.eu\/fr\/?page_id=26179"},"modified":"2025-01-28T16:11:05","modified_gmt":"2025-01-28T15:11:05","slug":"acceder-justificatifs","status":"publish","type":"page","link":"https:\/\/leocare.eu\/fr\/help\/acceder-justificatifs\/","title":{"rendered":"Comment acc\u00e9der \u00e0 mes justificatifs ?"},"content":{"rendered":"\n<p>Vos justificatifs d\u2019assurance sont toujours \u00e0 port\u00e9e de main ! Avec notre tutoriel pas \u00e0 pas, apprenez \u00e0 acc\u00e9der rapidement \u00e0 vos documents depuis votre espace client. <\/p>\n\n\n\n<figure class=\"wp-block-embed is-type-video is-provider-youtube wp-block-embed-youtube wp-embed-aspect-16-9 wp-has-aspect-ratio\"><div class=\"wp-block-embed__wrapper\">\n<iframe title=\"Comment acc\u00e9der \u00e0 mes justificatifs sur l&#039;application Leocare ?\" width=\"500\" height=\"281\" src=\"https:\/\/www.youtube.com\/embed\/3SvdEtjc8ZQ?feature=oembed\" frameborder=\"0\" allow=\"accelerometer; autoplay; clipboard-write; encrypted-media; gyroscope; picture-in-picture; web-share\" referrerpolicy=\"strict-origin-when-cross-origin\" allowfullscreen><\/iframe>\n<\/div><\/figure>\n\n\n\n<p><\/p>\n","protected":false},"excerpt":{"rendered":"<p>Vos justificatifs d\u2019assurance sont toujours \u00e0 port\u00e9e de main ! Avec notre tutoriel pas \u00e0 pas, apprenez \u00e0 acc\u00e9der rapidement \u00e0 vos documents depuis votre espace client.<\/p>\n","protected":false},"author":34,"featured_media":25730,"parent":16244,"menu_order":0,"comment_status":"closed","ping_status":"closed","template":"template_help_article.php","meta":{"_acf_changed":false,"footnotes":""},"class_list":["post-26179","page","type-page","status-publish","has-post-thumbnail","hentry"],"acf":[],"yoast_head":"<!-- This site is optimized with the Yoast SEO plugin v27.3 - https:\/\/yoast.com\/product\/yoast-seo-wordpress\/ -->\n<title>Comment acc\u00e9der \u00e0 mes justificatifs ?<\/title>\n<meta name=\"robots\" content=\"index, follow, max-snippet:-1, max-image-preview:large, max-video-preview:-1\" \/>\n<link rel=\"canonical\" href=\"https:\/\/leocare.eu\/fr\/help\/acceder-justificatifs\/\" \/>\n<meta property=\"og:locale\" content=\"fr_FR\" \/>\n<meta property=\"og:type\" content=\"article\" \/>\n<meta property=\"og:title\" content=\"Comment acc\u00e9der \u00e0 mes justificatifs ?\" \/>\n<meta property=\"og:description\" content=\"Vos justificatifs d\u2019assurance sont toujours \u00e0 port\u00e9e de main ! Avec notre tutoriel pas \u00e0 pas, apprenez \u00e0 acc\u00e9der rapidement \u00e0 vos documents depuis votre espace client.\" \/>\n<meta property=\"og:url\" content=\"https:\/\/leocare.eu\/fr\/help\/acceder-justificatifs\/\" \/>\n<meta property=\"og:site_name\" content=\"Leocare, assurance en ligne automobile et habitation\" \/>\n<meta property=\"article:modified_time\" content=\"2025-01-28T15:11:05+00:00\" \/>\n<meta property=\"og:image\" content=\"https:\/\/leocare.eu\/fr\/wp-content\/uploads\/2025\/01\/smartphone-voiture.jpg\" \/>\n\t<meta property=\"og:image:width\" content=\"800\" \/>\n\t<meta property=\"og:image:height\" content=\"398\" \/>\n\t<meta property=\"og:image:type\" content=\"image\/jpeg\" \/>\n<meta name=\"twitter:card\" content=\"summary_large_image\" \/>\n<!-- \/ Yoast SEO plugin. -->","yoast_head_json":{"title":"Comment acc\u00e9der \u00e0 mes justificatifs ?","robots":{"index":"index","follow":"follow","max-snippet":"max-snippet:-1","max-image-preview":"max-image-preview:large","max-video-preview":"max-video-preview:-1"},"canonical":"https:\/\/leocare.eu\/fr\/help\/acceder-justificatifs\/","og_locale":"fr_FR","og_type":"article","og_title":"Comment acc\u00e9der \u00e0 mes justificatifs ?","og_description":"Vos justificatifs d\u2019assurance sont toujours \u00e0 port\u00e9e de main ! Avec notre tutoriel pas \u00e0 pas, apprenez \u00e0 acc\u00e9der rapidement \u00e0 vos documents depuis votre espace client.","og_url":"https:\/\/leocare.eu\/fr\/help\/acceder-justificatifs\/","og_site_name":"Leocare, assurance en ligne automobile et habitation","article_modified_time":"2025-01-28T15:11:05+00:00","og_image":[{"width":800,"height":398,"url":"https:\/\/leocare.eu\/fr\/wp-content\/uploads\/2025\/01\/smartphone-voiture.jpg","type":"image\/jpeg"}],"twitter_card":"summary_large_image","schema":{"@context":"https:\/\/schema.org","@graph":[{"@type":"WebPage","@id":"https:\/\/leocare.eu\/fr\/help\/acceder-justificatifs\/","url":"https:\/\/leocare.eu\/fr\/help\/acceder-justificatifs\/","name":"Comment acc\u00e9der \u00e0 mes justificatifs ?","isPartOf":{"@id":"https:\/\/leocare.eu\/fr\/#website"},"primaryImageOfPage":{"@id":"https:\/\/leocare.eu\/fr\/help\/acceder-justificatifs\/#primaryimage"},"image":{"@id":"https:\/\/leocare.eu\/fr\/help\/acceder-justificatifs\/#primaryimage"},"thumbnailUrl":"https:\/\/leocare.eu\/fr\/wp-content\/uploads\/2025\/01\/smartphone-voiture.jpg","datePublished":"2025-01-22T14:15:52+00:00","dateModified":"2025-01-28T15:11:05+00:00","breadcrumb":{"@id":"https:\/\/leocare.eu\/fr\/help\/acceder-justificatifs\/#breadcrumb"},"inLanguage":"fr-FR","potentialAction":[{"@type":"ReadAction","target":["https:\/\/leocare.eu\/fr\/help\/acceder-justificatifs\/"]}]},{"@type":"ImageObject","inLanguage":"fr-FR","@id":"https:\/\/leocare.eu\/fr\/help\/acceder-justificatifs\/#primaryimage","url":"https:\/\/leocare.eu\/fr\/wp-content\/uploads\/2025\/01\/smartphone-voiture.jpg","contentUrl":"https:\/\/leocare.eu\/fr\/wp-content\/uploads\/2025\/01\/smartphone-voiture.jpg","width":800,"height":398,"caption":"smartphone voiture"},{"@type":"WebSite","@id":"https:\/\/leocare.eu\/fr\/#website","url":"https:\/\/leocare.eu\/fr\/","name":"Leocare, assurance en ligne automobile et habitation","description":"enfin (r)assur\u00e9.e","publisher":{"@id":"https:\/\/leocare.eu\/fr\/#organization"},"potentialAction":[{"@type":"SearchAction","target":{"@type":"EntryPoint","urlTemplate":"https:\/\/leocare.eu\/fr\/?s={search_term_string}"},"query-input":{"@type":"PropertyValueSpecification","valueRequired":true,"valueName":"search_term_string"}}],"inLanguage":"fr-FR"},{"@type":"Organization","@id":"https:\/\/leocare.eu\/fr\/#organization","name":"Leocare, assurance en ligne automobile et habitation","url":"https:\/\/leocare.eu\/fr\/","logo":{"@type":"ImageObject","inLanguage":"fr-FR","@id":"https:\/\/leocare.eu\/fr\/#\/schema\/logo\/image\/","url":"https:\/\/leocare.eu\/fr\/wp-content\/uploads\/2020\/03\/logo-leocare.svg","contentUrl":"https:\/\/leocare.eu\/fr\/wp-content\/uploads\/2020\/03\/logo-leocare.svg","caption":"Leocare, assurance en ligne automobile et habitation"},"image":{"@id":"https:\/\/leocare.eu\/fr\/#\/schema\/logo\/image\/"}}]}},"_links":{"self":[{"href":"https:\/\/leocare.eu\/fr\/wp-json\/wp\/v2\/pages\/26179","targetHints":{"allow":["GET"]}}],"collection":[{"href":"https:\/\/leocare.eu\/fr\/wp-json\/wp\/v2\/pages"}],"about":[{"href":"https:\/\/leocare.eu\/fr\/wp-json\/wp\/v2\/types\/page"}],"author":[{"embeddable":true,"href":"https:\/\/leocare.eu\/fr\/wp-json\/wp\/v2\/users\/34"}],"replies":[{"embeddable":true,"href":"https:\/\/leocare.eu\/fr\/wp-json\/wp\/v2\/comments?post=26179"}],"version-history":[{"count":6,"href":"https:\/\/leocare.eu\/fr\/wp-json\/wp\/v2\/pages\/26179\/revisions"}],"predecessor-version":[{"id":26328,"href":"https:\/\/leocare.eu\/fr\/wp-json\/wp\/v2\/pages\/26179\/revisions\/26328"}],"up":[{"embeddable":true,"href":"https:\/\/leocare.eu\/fr\/wp-json\/wp\/v2\/pages\/16244"}],"wp:featuredmedia":[{"embeddable":true,"href":"https:\/\/leocare.eu\/fr\/wp-json\/wp\/v2\/media\/25730"}],"wp:attachment":[{"href":"https:\/\/leocare.eu\/fr\/wp-json\/wp\/v2\/media?parent=26179"}],"curies":[{"name":"wp","href":"https:\/\/api.w.org\/{rel}","templated":true}]}}