{"id":25038,"date":"2024-12-03T10:54:09","date_gmt":"2024-12-03T09:54:09","guid":{"rendered":"https:\/\/leocare.eu\/fr\/?page_id=25038"},"modified":"2026-04-07T16:47:18","modified_gmt":"2026-04-07T14:47:18","slug":"metz","status":"publish","type":"page","link":"https:\/\/leocare.eu\/fr\/assurance-auto-en-ligne\/ville\/metz\/","title":{"rendered":"Assurer sa voiture \u00e0 Metz"},"content":{"rendered":"\n<p>Metz, avec son riche patrimoine et sa circulation parfois complexe, demande aux conducteurs de bien choisir leur <a href=\"https:\/\/leocare.eu\/fr\/assurance-auto-en-ligne\/\">assurance auto<\/a>. Que vous soyez un jeune conducteur ou un automobiliste aguerri, <strong>opter pour une couverture adapt\u00e9e est indispensable pour rouler en toute s\u00e9curit\u00e9 et respecter la l\u00e9gislation.<\/strong> Voici tout ce qu\u2019il faut savoir pour bien choisir votre assurance auto \u00e0 Metz.<em><br><\/em><span id=\"docs-internal-guid-7d15fc98-7fff-fadf-cc62-f35593b298fd\"><\/span><\/p>\n\n\n\n<h2 class=\"wp-block-heading\" id=\"section-1-quelle-formule-pour-assurer-sa-voiture-metz-\">Quelle formule pour assurer sa voiture \u00e0 Metz ?<\/h2>\n\n\n\n<p>Les automobilistes messins disposent de plusieurs options pour&nbsp;<a href=\"https:\/\/leocare.eu\/fr\/assurance-auto-en-ligne\/couverture\/contrat\/\">souscrire un contrat d\u2019assurance auto<\/a>, adapt\u00e9es \u00e0 diff\u00e9rents besoins.&nbsp;<strong>L\u2019<\/strong><a href=\"https:\/\/leocare.eu\/fr\/assurance-auto-en-ligne\/tiers\/\"><strong>assurance au tiers<\/strong><\/a><strong>&nbsp;est souvent privil\u00e9gi\u00e9e par ceux qui recherchent une solution \u00e9conomique, notamment pour des v\u00e9hicules anciens ou \u00e0 faible valeur.<\/strong>&nbsp;Elle couvre uniquement les dommages caus\u00e9s \u00e0 des tiers, sans inclure la protection de votre propre voiture.<\/p>\n\n\n\n<p>Si vous souhaitez une couverture \u00e9largie, la&nbsp;<a href=\"https:\/\/leocare.eu\/fr\/assurance-auto-en-ligne\/tiers\/plus\/\">couverture tiers plus<\/a>&nbsp;propose des garanties suppl\u00e9mentaires, comme la prise en charge des risques li\u00e9s au vol, \u00e0 l\u2019incendie ou encore aux bris de glace.&nbsp;<strong>Cette solution interm\u00e9diaire est id\u00e9ale pour un usage r\u00e9gulier du v\u00e9hicule sans alourdir votre budget.<\/strong><\/p>\n\n\n\n<p>Enfin, pour les conducteurs poss\u00e9dant des voitures neuves ou de grande valeur,&nbsp;<strong>la&nbsp;<\/strong><a href=\"https:\/\/leocare.eu\/fr\/assurance-auto-en-ligne\/tous-risques\/\"><strong>formule tous risques<\/strong><\/a><strong>&nbsp;reste la meilleure option.<\/strong>&nbsp;Elle offre une protection compl\u00e8te, m\u00eame en cas de responsabilit\u00e9 dans un accident. \u00c0 Metz, o\u00f9 les embouteillages et le stationnement en centre-ville peuvent \u00eatre fr\u00e9quents, cette formule garantit une s\u00e9r\u00e9nit\u00e9 optimale.<\/p>\n\n\n\n<h2 class=\"wp-block-heading\" id=\"section-2-quel-est-le-prix-dune-assurance-auto-metz-\">Quel est le prix d\u2019une assurance auto \u00e0 Metz ?<\/h2>\n\n\n\n<p><a href=\"https:\/\/leocare.eu\/fr\/assurance-auto-en-ligne\/devis\/tarifs\/\">Les prix moyen des assurances auto<\/a> dans la r\u00e9gion Grand Est, et particuli\u00e8rement \u00e0 Metz, varient en fonction de plusieurs crit\u00e8res.\u00a0<strong>Le tarif moyen pour une\u00a0<\/strong><a href=\"https:\/\/leocare.eu\/fr\/assurance-auto-en-ligne\/pas-cher\/\"><strong>assurance auto pas ch\u00e8re<\/strong><\/a><strong>\u00a0y avoisine les <span class=\"change-price\">26<\/span> \u20ac par mois.<\/strong>\u00a0Ce montant peut augmenter ou diminuer selon le profil du conducteur et le type de v\u00e9hicule.<\/p>\n\n\n\n<h3 class=\"wp-block-heading\">\u200b\u200bTarif d\u2019assurance auto \u00e0 Metz pour un conducteur exp\u00e9riment\u00e9<\/h3>\n\n\n\n<figure class=\"wp-block-table\"><table class=\"has-fixed-layout\"><thead><tr><th><strong>Mod\u00e8le du v\u00e9hicule<\/strong><\/th><th>Prix mensuel (Tiers)<\/th><th>Prix mensuel (Tiers Plus)<\/th><th>Prix mensuel (Tous Risques)<\/th><\/tr><\/thead><tbody><tr><td>Peugeot 208<\/td><td><span class=\"change-price\">27<\/span> \u20ac<\/td><td><span class=\"change-price\">40<\/span> \u20ac<\/td><td><span class=\"change-price\">59<\/span> \u20ac<\/td><\/tr><tr><td>Renault Clio 5<\/td><td><span class=\"change-price\">27<\/span> \u20ac<\/td><td><span class=\"change-price\">39<\/span> \u20ac<\/td><td><span class=\"change-price\">57<\/span> \u20ac<\/td><\/tr><tr><td>Dacia Sandero<\/td><td><span class=\"change-price\">22<\/span> \u20ac<\/td><td><span class=\"change-price\">30<\/span> \u20ac<\/td><td><span class=\"change-price\">43<\/span> \u20ac<\/td><\/tr><tr><td>Peugeot 3008<\/td><td><span class=\"change-price\">34<\/span> \u20ac<\/td><td><span class=\"change-price\">76<\/span> \u20ac<\/td><td><span class=\"change-price\">111<\/span> \u20ac<\/td><\/tr><tr><td>Citro\u00ebn C3<\/td><td><span class=\"change-price\">27<\/span> \u20ac<\/td><td><span class=\"change-price\">39<\/span> \u20ac<\/td><td><span class=\"change-price\">57<\/span> \u20ac<\/td><\/tr><tr><td>Renault Captur<\/td><td><span class=\"change-price\">22<\/span> \u20ac<\/td><td><span class=\"change-price\">32<\/span> \u20ac<\/td><td><span class=\"change-price\">47<\/span> \u20ac<\/td><\/tr><tr><td>Peugeot 308<\/td><td><span class=\"change-price\">27<\/span> \u20ac<\/td><td><span class=\"change-price\">45<\/span> \u20ac<\/td><td><span class=\"change-price\">69<\/span> \u20ac<\/td><\/tr><tr><td>Dacia Duster<\/td><td><span class=\"change-price\">24<\/span> \u20ac<\/td><td><span class=\"change-price\">36<\/span> \u20ac<\/td><td><span class=\"change-price\">53<\/span> \u20ac<\/td><\/tr><tr><td>Toyota Yaris<\/td><td><span class=\"change-price\">22<\/span> \u20ac<\/td><td><span class=\"change-price\">31<\/span> \u20ac<\/td><td><span class=\"change-price\">47<\/span> \u20ac<\/td><\/tr><tr><td>Volkswagen Polo<\/td><td><span class=\"change-price\">25<\/span> \u20ac<\/td><td><span class=\"change-price\">37<\/span> \u20ac<\/td><td><span class=\"change-price\">54<\/span> \u20ac<\/td><\/tr><\/tbody><\/table><\/figure>\n\n\n\n<p>Par exemple,&nbsp;<strong>un jeune conducteur \u00e0 Metz peut d\u00e9bourser jusqu\u2019\u00e0 <span class=\"change-price\">198<\/span> \u20ac par mois pour une assurance tous risques.<\/strong>&nbsp;Ce&nbsp;<a href=\"https:\/\/leocare.eu\/fr\/assurance-auto-en-ligne\/devis\/\">devis d\u2019assurance auto<\/a>&nbsp;\u00e9lev\u00e9 s\u2019explique par le manque d\u2019exp\u00e9rience, souvent consid\u00e9r\u00e9 comme un facteur de risque. \u00c0 l\u2019inverse, un automobiliste exp\u00e9riment\u00e9, b\u00e9n\u00e9ficiant d\u2019un bonus maximal, peut voir sa prime r\u00e9duite \u00e0 moins de <span class=\"change-price\">535<\/span> \u20ac par an.<\/p>\n\n\n\n<h3 class=\"wp-block-heading\">\u200b\u200bTarif d\u2019assurance auto \u00e0 Metz pour un conducteur novice<\/h3>\n\n\n\n<figure class=\"wp-block-table\"><table class=\"has-fixed-layout\"><thead><tr><th><strong>Mod\u00e8le du v\u00e9hicule<\/strong><\/th><th>Prix mensuel (Tiers)<\/th><th>Prix mensuel (Tiers Plus)<\/th><th>Prix mensuel (Tous Risques)<\/th><\/tr><\/thead><tbody><tr><td>Peugeot 208<\/td><td><span class=\"change-price\">44<\/span> \u20ac<\/td><td><span class=\"change-price\">67<\/span> \u20ac<\/td><td><span class=\"change-price\">102<\/span> \u20ac<\/td><\/tr><tr><td>Renault Clio 5<\/td><td><span class=\"change-price\">44<\/span> \u20ac<\/td><td><span class=\"change-price\">68<\/span> \u20ac<\/td><td><span class=\"change-price\">103<\/span> \u20ac<\/td><\/tr><tr><td>Dacia Sandero<\/td><td><span class=\"change-price\">36<\/span> \u20ac<\/td><td><span class=\"change-price\">54<\/span> \u20ac<\/td><td><span class=\"change-price\">83<\/span> \u20ac<\/td><\/tr><tr><td>Peugeot 3008<\/td><td><span class=\"change-price\">57<\/span> \u20ac<\/td><td><span class=\"change-price\">136<\/span> \u20ac<\/td><td><span class=\"change-price\">199<\/span> \u20ac<\/td><\/tr><tr><td>Citro\u00ebn C3<\/td><td><span class=\"change-price\">44<\/span> \u20ac<\/td><td><span class=\"change-price\">68<\/span> \u20ac<\/td><td><span class=\"change-price\">103<\/span> \u20ac<\/td><\/tr><tr><td>Renault Captur<\/td><td><span class=\"change-price\">36<\/span> \u20ac<\/td><td><span class=\"change-price\">57<\/span> \u20ac<\/td><td><span class=\"change-price\">86<\/span> \u20ac<\/td><\/tr><tr><td>Peugeot 308<\/td><td><span class=\"change-price\">42<\/span> \u20ac<\/td><td><span class=\"change-price\">63<\/span> \u20ac<\/td><td><span class=\"change-price\">98<\/span> \u20ac<\/td><\/tr><tr><td>Dacia Duster<\/td><td><span class=\"change-price\">39<\/span> \u20ac<\/td><td><span class=\"change-price\">59<\/span> \u20ac<\/td><td><span class=\"change-price\">91<\/span> \u20ac<\/td><\/tr><tr><td>Toyota Yaris<\/td><td><span class=\"change-price\">36<\/span> \u20ac<\/td><td><span class=\"change-price\">54<\/span> \u20ac<\/td><td><span class=\"change-price\">86<\/span> \u20ac<\/td><\/tr><tr><td>Volkswagen Polo<\/td><td><span class=\"change-price\">42<\/span> \u20ac<\/td><td><span class=\"change-price\">63<\/span> \u20ac<\/td><td><span class=\"change-price\">96<\/span> \u20ac<\/td><\/tr><\/tbody><\/table><\/figure>\n\n\n\n<p>D\u2019autres param\u00e8tres influencent les prix, comme le mod\u00e8le de voiture :&nbsp;<strong>une citadine compacte co\u00fbte g\u00e9n\u00e9ralement moins cher \u00e0 assurer qu\u2019un SUV ou une voiture de sport.<\/strong>&nbsp;De plus, certains quartiers de Metz, o\u00f9 les risques de vol ou de vandalisme sont plus importants, peuvent faire grimper les primes. L\u2019usage du v\u00e9hicule (priv\u00e9 ou professionnel) ainsi que le kilom\u00e9trage annuel jouent \u00e9galement un r\u00f4le d\u00e9terminant.<\/p>\n\n\n\n<h2 class=\"wp-block-heading\" id=\"section-3-quelles-garanties-sont-considrer-quand-on-roule-metz-\">Quelles garanties sont \u00e0 consid\u00e9rer quand on roule \u00e0 Metz ?<\/h2>\n\n\n\n<p>Metz pr\u00e9sente des caract\u00e9ristiques sp\u00e9cifiques qui influencent les risques li\u00e9s \u00e0 la conduite. Il est important de prendre ces particularit\u00e9s en compte pour choisir les garanties adapt\u00e9es \u00e0 votre contrat d\u2019assurance auto. Voici celles \u00e0 privil\u00e9gier :<\/p>\n\n\n\n<ul class=\"wp-block-list\">\n<li><strong>Bris de glace<\/strong>&nbsp;: recommand\u00e9 pour ceux qui circulent r\u00e9guli\u00e8rement dans le centre-ville de Metz.&nbsp;<strong>Les travaux urbains et le trafic dense augmentent les risques de dommages aux vitres et pare-brise.<\/strong><\/li>\n\n\n\n<li><strong>Vol et vandalisme<\/strong>&nbsp;: une garantie essentielle pour les v\u00e9hicules stationn\u00e9s en voirie ou dans des zones fr\u00e9quent\u00e9es.&nbsp;<strong>Certains quartiers de Metz peuvent pr\u00e9senter un risque accru.<\/strong><\/li>\n\n\n\n<li><strong>Catastrophes naturelles<\/strong>&nbsp;: particuli\u00e8rement utile dans une r\u00e9gion sujette \u00e0 des crues ou \u00e0 des \u00e9pisodes de gr\u00eale fr\u00e9quents. Ces intemp\u00e9ries peuvent causer des d\u00e9g\u00e2ts importants aux v\u00e9hicules.<\/li>\n\n\n\n<li><strong>Dommages tous accidents<\/strong>&nbsp;: indispensable pour les automobilistes empruntant quotidiennement des axes tr\u00e8s fr\u00e9quent\u00e9s ou les p\u00e9riph\u00e9riques.&nbsp;<strong>Cette garantie couvre les r\u00e9parations, m\u00eame si vous \u00eates responsable de l\u2019accident.<\/strong><\/li>\n<\/ul>\n\n\n\n<p><strong>Ces garanties permettent de mieux g\u00e9rer les impr\u00e9vus et de limiter les d\u00e9penses en cas de sinistre.<\/strong>&nbsp;En s\u00e9lectionnant les protections adapt\u00e9es \u00e0 votre situation, vous roulez en toute tranquillit\u00e9 dans les rues de Metz.<\/p>\n\n\n\n<h2 class=\"wp-block-heading\" id=\"section-4-pourquoi-sassurer-pour-rouler-metz-chez-leocare-\">Pourquoi s\u2019assurer pour rouler \u00e0 Metz chez Leocare ?<\/h2>\n\n\n\n<p>Leocare propose des solutions modernes et parfaitement adapt\u00e9es aux besoins des conducteurs messins.&nbsp;<strong>Avec notre application, vous pouvez g\u00e9rer votre contrat d\u2019assurance auto en quelques clics, qu\u2019il s\u2019agisse d\u2019un devis, d\u2019une modification ou d\u2019une d\u00e9claration de sinistre.<\/strong><\/p>\n\n\n\n<p>Nos tarifs, comp\u00e9titifs et ajust\u00e9s \u00e0 votre profil, s\u2019adaptent \u00e0 tous les conducteurs, qu\u2019il s\u2019agisse d\u2019un jeune automobiliste ou d\u2019un conducteur exp\u00e9riment\u00e9 cherchant \u00e0 optimiser son contrat.&nbsp;<strong>En choisissant Leocare, vous b\u00e9n\u00e9ficiez de prix attractifs et d\u2019un accompagnement client complet avec des conseillers 100 % bas\u00e9s en France.<\/strong><\/p>\n\n\n\n<p>Nous nous engageons \u00e9galement \u00e0 proposer une d\u00e9marche responsable, en phase avec les attentes actuelles des consommateurs.&nbsp;<strong>Notre certification B-Corp refl\u00e8te notre engagement envers des pratiques \u00e9thiques et respectueuses de l\u2019environnement.<\/strong><\/p>\n\n\n\n<p>Enfin, nos garanties incluent toutes les protections n\u00e9cessaires pour circuler \u00e0 Metz en toute s\u00e9curit\u00e9.&nbsp;<strong>Nos offres sont con\u00e7ues pour r\u00e9pondre aux sp\u00e9cificit\u00e9s locales, comme les risques urbains li\u00e9s au vol, au vandalisme ou aux accidents.<\/strong><\/p>\n\n\n\n<h3 class=\"wp-block-heading\"><strong>Notre couverture nationale<\/strong><\/h3>\n\n\n\n<p>Profitez de notre offre sur l\u2019ensemble du territoire fran\u00e7ais.&nbsp;<\/p>\n\n\n\n<ul class=\"wp-block-list\">\n<li><a href=\"https:\/\/leocare.eu\/fr\/assurance-auto-en-ligne\/ville\/paris\/\">Assurance auto Paris<\/a><\/li>\n\n\n\n<li><a href=\"https:\/\/leocare.eu\/fr\/assurance-auto-en-ligne\/ville\/lyon\/\">Assurance auto Lyon<\/a><\/li>\n\n\n\n<li><a href=\"https:\/\/leocare.eu\/fr\/assurance-auto-en-ligne\/ville\/toulouse\/\">Assurance auto Toulouse<\/a><\/li>\n\n\n\n<li><a href=\"https:\/\/leocare.eu\/fr\/assurance-auto-en-ligne\/ville\/montpellier\/\">Assurance auto Montpellier<\/a><\/li>\n\n\n\n<li><a href=\"https:\/\/leocare.eu\/fr\/assurance-auto-en-ligne\/ville\/grenoble\/\">Assurance auto Grenoble<\/a><\/li>\n\n\n\n<li><a href=\"https:\/\/leocare.eu\/fr\/assurance-auto-en-ligne\/ville\/nantes\/\">Assurance auto Nantes<\/a><\/li>\n\n\n\n<li><a href=\"https:\/\/leocare.eu\/fr\/assurance-auto-en-ligne\/ville\/bordeaux\/\">Assurance auto Bordeaux<\/a><\/li>\n<\/ul>\n","protected":false},"excerpt":{"rendered":"<p>Metz, avec son riche patrimoine et sa circulation parfois complexe, demande aux conducteurs de bien choisir leur assurance auto. Que vous soyez un jeune conducteur ou un automobiliste aguerri, opter pour une couverture adapt\u00e9e est indispensable pour rouler en toute s\u00e9curit\u00e9 et respecter la l\u00e9gislation. Voici tout ce qu\u2019il faut savoir pour bien choisir votre [&hellip;]<\/p>\n","protected":false},"author":34,"featured_media":25039,"parent":25090,"menu_order":0,"comment_status":"closed","ping_status":"closed","template":"template_seo.php","meta":{"_acf_changed":false,"footnotes":""},"class_list":["post-25038","page","type-page","status-publish","has-post-thumbnail","hentry"],"acf":[],"yoast_head":"<!-- This site is optimized with the Yoast SEO plugin v27.3 - https:\/\/yoast.com\/product\/yoast-seo-wordpress\/ -->\n<title>Assurance auto Metz : prix et devis en ligne<\/title>\n<meta name=\"robots\" content=\"index, follow, max-snippet:-1, max-image-preview:large, max-video-preview:-1\" \/>\n<link rel=\"canonical\" href=\"https:\/\/leocare.eu\/fr\/assurance-auto-en-ligne\/ville\/metz\/\" \/>\n<meta property=\"og:locale\" content=\"fr_FR\" \/>\n<meta property=\"og:type\" content=\"article\" \/>\n<meta property=\"og:title\" content=\"Assurance auto Metz : prix et devis en ligne\" \/>\n<meta property=\"og:description\" content=\"Metz, avec son riche patrimoine et sa circulation parfois complexe, demande aux conducteurs de bien choisir leur assurance auto. Que vous soyez un jeune conducteur ou un automobiliste aguerri, opter pour une couverture adapt\u00e9e est indispensable pour rouler en toute s\u00e9curit\u00e9 et respecter la l\u00e9gislation. Voici tout ce qu\u2019il faut savoir pour bien choisir votre [&hellip;]\" \/>\n<meta property=\"og:url\" content=\"https:\/\/leocare.eu\/fr\/assurance-auto-en-ligne\/ville\/metz\/\" \/>\n<meta property=\"og:site_name\" content=\"Leocare, assurance en ligne automobile et habitation\" \/>\n<meta property=\"article:modified_time\" content=\"2026-04-07T14:47:18+00:00\" \/>\n<meta property=\"og:image\" content=\"https:\/\/leocare.eu\/fr\/wp-content\/uploads\/2024\/12\/assurance-auto-metz.jpg\" \/>\n\t<meta property=\"og:image:width\" content=\"1600\" \/>\n\t<meta property=\"og:image:height\" content=\"1085\" \/>\n\t<meta property=\"og:image:type\" content=\"image\/jpeg\" \/>\n<meta name=\"twitter:card\" content=\"summary_large_image\" \/>\n<meta name=\"twitter:label1\" content=\"Dur\u00e9e de lecture estim\u00e9e\" \/>\n\t<meta name=\"twitter:data1\" content=\"5 minutes\" \/>\n<!-- \/ Yoast SEO plugin. -->","yoast_head_json":{"title":"Assurance auto Metz : prix et devis en ligne","robots":{"index":"index","follow":"follow","max-snippet":"max-snippet:-1","max-image-preview":"max-image-preview:large","max-video-preview":"max-video-preview:-1"},"canonical":"https:\/\/leocare.eu\/fr\/assurance-auto-en-ligne\/ville\/metz\/","og_locale":"fr_FR","og_type":"article","og_title":"Assurance auto Metz : prix et devis en ligne","og_description":"Metz, avec son riche patrimoine et sa circulation parfois complexe, demande aux conducteurs de bien choisir leur assurance auto. Que vous soyez un jeune conducteur ou un automobiliste aguerri, opter pour une couverture adapt\u00e9e est indispensable pour rouler en toute s\u00e9curit\u00e9 et respecter la l\u00e9gislation. Voici tout ce qu\u2019il faut savoir pour bien choisir votre [&hellip;]","og_url":"https:\/\/leocare.eu\/fr\/assurance-auto-en-ligne\/ville\/metz\/","og_site_name":"Leocare, assurance en ligne automobile et habitation","article_modified_time":"2026-04-07T14:47:18+00:00","og_image":[{"width":1600,"height":1085,"url":"https:\/\/leocare.eu\/fr\/wp-content\/uploads\/2024\/12\/assurance-auto-metz.jpg","type":"image\/jpeg"}],"twitter_card":"summary_large_image","twitter_misc":{"Dur\u00e9e de lecture estim\u00e9e":"5 minutes"},"schema":{"@context":"https:\/\/schema.org","@graph":[{"@type":"WebPage","@id":"https:\/\/leocare.eu\/fr\/assurance-auto-en-ligne\/ville\/metz\/","url":"https:\/\/leocare.eu\/fr\/assurance-auto-en-ligne\/ville\/metz\/","name":"Assurance auto Metz : prix et devis en ligne","isPartOf":{"@id":"https:\/\/leocare.eu\/fr\/#website"},"primaryImageOfPage":{"@id":"https:\/\/leocare.eu\/fr\/assurance-auto-en-ligne\/ville\/metz\/#primaryimage"},"image":{"@id":"https:\/\/leocare.eu\/fr\/assurance-auto-en-ligne\/ville\/metz\/#primaryimage"},"thumbnailUrl":"https:\/\/leocare.eu\/fr\/wp-content\/uploads\/2024\/12\/assurance-auto-metz.jpg","datePublished":"2024-12-03T09:54:09+00:00","dateModified":"2026-04-07T14:47:18+00:00","breadcrumb":{"@id":"https:\/\/leocare.eu\/fr\/assurance-auto-en-ligne\/ville\/metz\/#breadcrumb"},"inLanguage":"fr-FR","potentialAction":[{"@type":"ReadAction","target":["https:\/\/leocare.eu\/fr\/assurance-auto-en-ligne\/ville\/metz\/"]}]},{"@type":"ImageObject","inLanguage":"fr-FR","@id":"https:\/\/leocare.eu\/fr\/assurance-auto-en-ligne\/ville\/metz\/#primaryimage","url":"https:\/\/leocare.eu\/fr\/wp-content\/uploads\/2024\/12\/assurance-auto-metz.jpg","contentUrl":"https:\/\/leocare.eu\/fr\/wp-content\/uploads\/2024\/12\/assurance-auto-metz.jpg","width":1600,"height":1085,"caption":"Ville de Metz"},{"@type":"WebSite","@id":"https:\/\/leocare.eu\/fr\/#website","url":"https:\/\/leocare.eu\/fr\/","name":"Leocare, assurance en ligne automobile et habitation","description":"enfin (r)assur\u00e9.e","publisher":{"@id":"https:\/\/leocare.eu\/fr\/#organization"},"potentialAction":[{"@type":"SearchAction","target":{"@type":"EntryPoint","urlTemplate":"https:\/\/leocare.eu\/fr\/?s={search_term_string}"},"query-input":{"@type":"PropertyValueSpecification","valueRequired":true,"valueName":"search_term_string"}}],"inLanguage":"fr-FR"},{"@type":"Organization","@id":"https:\/\/leocare.eu\/fr\/#organization","name":"Leocare, assurance en ligne automobile et habitation","url":"https:\/\/leocare.eu\/fr\/","logo":{"@type":"ImageObject","inLanguage":"fr-FR","@id":"https:\/\/leocare.eu\/fr\/#\/schema\/logo\/image\/","url":"https:\/\/leocare.eu\/fr\/wp-content\/uploads\/2020\/03\/logo-leocare.svg","contentUrl":"https:\/\/leocare.eu\/fr\/wp-content\/uploads\/2020\/03\/logo-leocare.svg","caption":"Leocare, assurance en ligne automobile et habitation"},"image":{"@id":"https:\/\/leocare.eu\/fr\/#\/schema\/logo\/image\/"}}]}},"_links":{"self":[{"href":"https:\/\/leocare.eu\/fr\/wp-json\/wp\/v2\/pages\/25038","targetHints":{"allow":["GET"]}}],"collection":[{"href":"https:\/\/leocare.eu\/fr\/wp-json\/wp\/v2\/pages"}],"about":[{"href":"https:\/\/leocare.eu\/fr\/wp-json\/wp\/v2\/types\/page"}],"author":[{"embeddable":true,"href":"https:\/\/leocare.eu\/fr\/wp-json\/wp\/v2\/users\/34"}],"replies":[{"embeddable":true,"href":"https:\/\/leocare.eu\/fr\/wp-json\/wp\/v2\/comments?post=25038"}],"version-history":[{"count":11,"href":"https:\/\/leocare.eu\/fr\/wp-json\/wp\/v2\/pages\/25038\/revisions"}],"predecessor-version":[{"id":39841,"href":"https:\/\/leocare.eu\/fr\/wp-json\/wp\/v2\/pages\/25038\/revisions\/39841"}],"up":[{"embeddable":true,"href":"https:\/\/leocare.eu\/fr\/wp-json\/wp\/v2\/pages\/25090"}],"wp:featuredmedia":[{"embeddable":true,"href":"https:\/\/leocare.eu\/fr\/wp-json\/wp\/v2\/media\/25039"}],"wp:attachment":[{"href":"https:\/\/leocare.eu\/fr\/wp-json\/wp\/v2\/media?parent=25038"}],"curies":[{"name":"wp","href":"https:\/\/api.w.org\/{rel}","templated":true}]}}