{"id":24990,"date":"2024-12-03T11:36:41","date_gmt":"2024-12-03T10:36:41","guid":{"rendered":"https:\/\/leocare.eu\/fr\/?page_id=24990"},"modified":"2026-04-07T16:47:13","modified_gmt":"2026-04-07T14:47:13","slug":"rennes","status":"publish","type":"page","link":"https:\/\/leocare.eu\/fr\/assurance-auto-en-ligne\/ville\/rennes\/","title":{"rendered":"Assurer sa voiture \u00e0 Rennes"},"content":{"rendered":"\n<p>Rennes, avec sa vie urbaine anim\u00e9e et son r\u00e9seau routier dense, pousse les conducteurs \u00e0 bien r\u00e9fl\u00e9chir \u00e0 leur <a href=\"https:\/\/leocare.eu\/fr\/assurance-auto-en-ligne\/\">assurance auto<\/a>. Que vous soyez un conducteur d\u00e9butant ou exp\u00e9riment\u00e9, choisir une couverture adapt\u00e9e ne se limite pas \u00e0 respecter la loi : c\u2019est aussi une mani\u00e8re de s\u00e9curiser vos trajets au quotidien. Voici tout ce que vous devez savoir pour choisir la meilleure assurance auto \u00e0 Rennes.<\/p>\n\n\n\n<h2 class=\"wp-block-heading\">Quelle formule pour assurer sa voiture \u00e0 Rennes ?<\/h2>\n\n\n\n<p>\u00c0 Rennes, de nombreuses options sont \u00e0 votre disposition pour <a href=\"https:\/\/leocare.eu\/fr\/assurance-auto-en-ligne\/couverture\/contrat\/\">souscrire un contrat d\u2019assurance auto<\/a>. Chaque formule est pens\u00e9e pour r\u00e9pondre \u00e0 des attentes sp\u00e9cifiques. <strong>L\u2019<\/strong><a href=\"https:\/\/leocare.eu\/fr\/assurance-auto-en-ligne\/tiers\/\"><strong>assurance au tiers<\/strong><\/a><strong> est une solution souvent privil\u00e9gi\u00e9e par les conducteurs ayant des budgets restreints ou utilisant une voiture ancienne.<\/strong> Cette couverture, obligatoire pour tous les v\u00e9hicules, limite sa protection aux dommages caus\u00e9s \u00e0 autrui, sans prendre en charge les d\u00e9g\u00e2ts subis par votre propre voiture.<\/p>\n\n\n\n<p><strong>Si vous cherchez une couverture plus compl\u00e8te, l\u2019<\/strong><a href=\"https:\/\/leocare.eu\/fr\/assurance-auto-en-ligne\/tiers\/plus\/\"><strong>assurance au tiers plus<\/strong><\/a><strong> int\u00e8gre des garanties suppl\u00e9mentaires comme la prise en charge des sinistres li\u00e9s au vol, \u00e0 l\u2019incendie ou encore au bris de glace.<\/strong> Ce compromis est id\u00e9al si vous utilisez fr\u00e9quemment votre v\u00e9hicule sans vouloir investir dans une formule premium.<\/p>\n\n\n\n<p>Pour une s\u00e9curit\u00e9 optimale, l\u2019<a href=\"https:\/\/leocare.eu\/fr\/assurance-auto-en-ligne\/tous-risques\/\">assurance tous risques<\/a> reste incontournable pour les propri\u00e9taires de voitures neuves ou co\u00fbteuses. <strong>Cette formule offre une couverture compl\u00e8te, y compris en cas de responsabilit\u00e9 dans un accident.<\/strong> Les Rennais confront\u00e9s aux al\u00e9as de la conduite urbaine, comme les bouchons ou le stationnement en centre-ville, appr\u00e9cieront cette protection renforc\u00e9e.<\/p>\n\n\n\n<h2 class=\"wp-block-heading\">Quel est le prix d\u2019une assurance auto \u00e0 Rennes ?<\/h2>\n\n\n\n<p><strong>Les <a href=\"https:\/\/leocare.eu\/fr\/assurance-auto-en-ligne\/devis\/tarifs\/\">prix d&rsquo;une assurance auto<\/a> en Ille-et-Vilaine, et notamment \u00e0 Rennes, varient selon diff\u00e9rents facteurs.<\/strong> En moyenne, une <a href=\"https:\/\/leocare.eu\/fr\/assurance-auto-en-ligne\/pas-cher\/\">assurance auto pas ch\u00e8re<\/a> revient \u00e0 environ <span class=\"change-price\">26<\/span> \u20ac par mois. Toutefois, ce montant peut fluctuer selon le profil du conducteur et les caract\u00e9ristiques du v\u00e9hicule. Par exemple,\u00a0<a href=\"https:\/\/leocare.eu\/fr\/assurance-auto-en-ligne\/renault\/\">l\u2019assurance d\u2019un v\u00e9hicule Renault<\/a>\u00a0est plut\u00f4t positionn\u00e9e sur la fourchette basse, contrairement \u00e0 <a href=\"https:\/\/leocare.eu\/fr\/assurance-auto-en-ligne\/renault\/clio\/\">l\u2019assurance de la Clio<\/a>.<\/p>\n\n\n\n<p><strong>\u200b\u200bTarif d\u2019assurance auto \u00e0 Rennes pour un conducteur exp\u00e9riment\u00e9<\/strong><\/p>\n\n\n\n<figure class=\"wp-block-table\"><table class=\"has-fixed-layout\"><thead><tr><td><strong>Mod\u00e8le du v\u00e9hicule<\/strong><\/td><td>Prix mensuel (Tiers)<\/td><td>Prix mensuel (Tiers Plus)<\/td><td>Prix mensuel (Tous Risques)<\/td><\/tr><\/thead><tbody><tr><td>Peugeot 208<\/td><td>&nbsp; &nbsp; &nbsp; <span class=\"change-price\">27<\/span> \u20ac<\/td><td>&nbsp; &nbsp; &nbsp; &nbsp; <span class=\"change-price\">38<\/span> \u20ac<\/td><td><span class=\"change-price\">57<\/span> \u20ac<\/td><\/tr><tr><td>Renault Clio 5<\/td><td>&nbsp; &nbsp; &nbsp; <span class=\"change-price\">27<\/span> \u20ac<\/td><td>&nbsp; &nbsp; &nbsp; &nbsp; <span class=\"change-price\">37<\/span> \u20ac<\/td><td> <span class=\"change-price\">55<\/span> \u20ac<\/td><\/tr><tr><td>Dacia Sandero<\/td><td>&nbsp; &nbsp; &nbsp; <span class=\"change-price\">22<\/span> \u20ac<\/td><td>&nbsp; &nbsp; &nbsp; &nbsp; <span class=\"change-price\">29<\/span> \u20ac<\/td><td><span class=\"change-price\">42<\/span> \u20ac<\/td><\/tr><tr><td>Peugeot 3008<\/td><td>&nbsp; &nbsp; &nbsp; <span class=\"change-price\">34<\/span> \u20ac<\/td><td>&nbsp; &nbsp; &nbsp; &nbsp; <span class=\"change-price\">72<\/span> \u20ac<\/td><td><span class=\"change-price\">106<\/span> \u20ac<\/td><\/tr><tr><td>Citro\u00ebn C3<\/td><td>&nbsp; &nbsp; &nbsp; <span class=\"change-price\">27<\/span> \u20ac<\/td><td>&nbsp; &nbsp; &nbsp; &nbsp; <span class=\"change-price\">37<\/span> \u20ac<\/td><td><span class=\"change-price\">55<\/span> \u20ac<\/td><\/tr><tr><td>Renault Captur<\/td><td>&nbsp; &nbsp; &nbsp; <span class=\"change-price\">22<\/span> \u20ac<\/td><td>&nbsp; &nbsp; &nbsp; &nbsp; <span class=\"change-price\">31<\/span> \u20ac<\/td><td><span class=\"change-price\">45<\/span> \u20ac<\/td><\/tr><tr><td>Peugeot 308<\/td><td>&nbsp; &nbsp; &nbsp; <span class=\"change-price\">27<\/span> \u20ac<\/td><td>&nbsp; &nbsp; &nbsp; &nbsp; <span class=\"change-price\">43<\/span> \u20ac<\/td><td><span class=\"change-price\">66<\/span> \u20ac<\/td><\/tr><tr><td>Dacia Duster<\/td><td>&nbsp; &nbsp; &nbsp; <span class=\"change-price\">24<\/span> \u20ac<\/td><td>&nbsp; &nbsp; &nbsp; &nbsp; <span class=\"change-price\">34<\/span> \u20ac<\/td><td><span class=\"change-price\">52<\/span> \u20ac<\/td><\/tr><tr><td>Toyota Yaris<\/td><td>&nbsp; &nbsp; &nbsp; <span class=\"change-price\">22<\/span> \u20ac<\/td><td>&nbsp; &nbsp; &nbsp; &nbsp; <span class=\"change-price\">30<\/span> \u20ac<\/td><td><span class=\"change-price\">46<\/span> \u20ac<\/td><\/tr><tr><td>Volkswagen Polo<\/td><td>&nbsp; &nbsp; &nbsp; <span class=\"change-price\">25<\/span> \u20ac<\/td><td>&nbsp; &nbsp; &nbsp; &nbsp; <span class=\"change-price\">35<\/span> \u20ac<\/td><td><span class=\"change-price\">52<\/span> \u20ac<\/td><\/tr><\/tbody><\/table><\/figure>\n\n\n\n<p><strong>Un jeune conducteur \u00e0 Rennes peut, par exemple, payer jusqu\u2019\u00e0 <span class=\"change-price\">190<\/span> \u20ac par mois pour une assurance tous risques.<\/strong> Ce <a href=\"https:\/\/leocare.eu\/fr\/assurance-auto-en-ligne\/devis\/\">devis d\u2019assurance auto<\/a> s\u2019explique par le niveau de risque \u00e9lev\u00e9 associ\u00e9 au manque d\u2019exp\u00e9rience. En revanche, un conducteur exp\u00e9riment\u00e9 avec un bonus maximal peut obtenir un tarif inf\u00e9rieur \u00e0 <span class=\"change-price\">535<\/span> \u20ac par an.<\/p>\n\n\n\n<p><strong>\u200b\u200bTarif d\u2019assurance auto \u00e0 Rennes pour un conducteur novice<\/strong><\/p>\n\n\n\n<figure class=\"wp-block-table\"><table class=\"has-fixed-layout\"><thead><tr><td><strong>Mod\u00e8le du v\u00e9hicule<\/strong><\/td><td>Prix mensuel (Tiers)<\/td><td>Prix mensuel (Tiers Plus)<\/td><td>Prix mensuel (Tous Risques)<\/td><\/tr><\/thead><tbody><tr><td>Peugeot 208<\/td><td>&nbsp; &nbsp; &nbsp; <span class=\"change-price\">44<\/span> \u20ac<\/td><td>&nbsp; &nbsp; &nbsp; &nbsp; <span class=\"change-price\">64<\/span> \u20ac<\/td><td><span class=\"change-price\">99<\/span> \u20ac<\/td><\/tr><tr><td>Renault Clio 5<\/td><td>&nbsp; &nbsp; &nbsp; <span class=\"change-price\">44<\/span> \u20ac<\/td><td>&nbsp; &nbsp; &nbsp; &nbsp; <span class=\"change-price\">64<\/span> \u20ac<\/td><td><span class=\"change-price\">99<\/span> \u20ac<\/td><\/tr><tr><td>Dacia Sandero<\/td><td>&nbsp; &nbsp; &nbsp; <span class=\"change-price\">36<\/span> \u20ac<\/td><td>&nbsp; &nbsp; &nbsp; &nbsp; <span class=\"change-price\">51<\/span> \u20ac<\/td><td><span class=\"change-price\">80<\/span> \u20ac<\/td><\/tr><tr><td>Peugeot 3008<\/td><td>&nbsp; &nbsp; &nbsp; <span class=\"change-price\">57<\/span> \u20ac<\/td><td>&nbsp; &nbsp; &nbsp; <span class=\"change-price\">128<\/span> \u20ac<\/td><td><span class=\"change-price\">191<\/span> \u20ac<\/td><\/tr><tr><td>Citro\u00ebn C3<\/td><td>&nbsp; &nbsp; &nbsp; <span class=\"change-price\">44<\/span> \u20ac<\/td><td>&nbsp; &nbsp; &nbsp; &nbsp; <span class=\"change-price\">64<\/span> \u20ac<\/td><td><span class=\"change-price\">99<\/span> \u20ac<\/td><\/tr><tr><td>Renault Captur<\/td><td>&nbsp; &nbsp; &nbsp; <span class=\"change-price\">36<\/span> \u20ac<\/td><td>&nbsp; &nbsp; &nbsp; &nbsp; <span class=\"change-price\">54<\/span> \u20ac<\/td><td><span class=\"change-price\">83<\/span> \u20ac<\/td><\/tr><tr><td>Peugeot 308<\/td><td>&nbsp; &nbsp; &nbsp; <span class=\"change-price\">42<\/span> \u20ac<\/td><td>&nbsp; &nbsp; &nbsp; &nbsp; <span class=\"change-price\">60<\/span> \u20ac<\/td><td><span class=\"change-price\">95<\/span> \u20ac<\/td><\/tr><tr><td>Dacia Duster<\/td><td>&nbsp; &nbsp; &nbsp; <span class=\"change-price\">39<\/span> \u20ac<\/td><td>&nbsp; &nbsp; &nbsp; &nbsp; <span class=\"change-price\">56<\/span> \u20ac<\/td><td><span class=\"change-price\">88<\/span> \u20ac<\/td><\/tr><tr><td>Toyota Yaris<\/td><td>&nbsp; &nbsp; &nbsp; <span class=\"change-price\">36<\/span> \u20ac<\/td><td>&nbsp; &nbsp; &nbsp; &nbsp; <span class=\"change-price\">51<\/span> \u20ac<\/td><td><span class=\"change-price\">83<\/span> \u20ac<\/td><\/tr><tr><td>Volkswagen Polo<\/td><td>&nbsp; &nbsp; &nbsp; <span class=\"change-price\">42<\/span> \u20ac<\/td><td>&nbsp; &nbsp; &nbsp; &nbsp; <span class=\"change-price\">60<\/span> \u20ac<\/td><td><span class=\"change-price\">92<\/span> \u20ac<\/td><\/tr><\/tbody><\/table><\/figure>\n\n\n\n<p><strong>D\u2019autres crit\u00e8res influencent le co\u00fbt de l\u2019assurance. <\/strong>Le type de voiture est d\u00e9terminant : une citadine sera souvent moins co\u00fbteuse \u00e0 assurer qu\u2019un SUV ou une voiture de sport. De plus, votre lieu de r\u00e9sidence \u00e0 Rennes entre en jeu : certains quartiers, o\u00f9 les vols ou actes de vandalisme sont plus fr\u00e9quents, peuvent faire grimper les primes. Enfin, le nombre de kilom\u00e8tres parcourus annuellement et l\u2019utilisation professionnelle ou personnelle du v\u00e9hicule impactent \u00e9galement les tarifs. Par ailleurs, <strong><a href=\"https:\/\/leocare.eu\/fr\/assurance-auto-en-ligne\/types-vehicule\/neuf\/\">l&rsquo;assurance d&rsquo;un v\u00e9hicule neuf<\/a><\/strong> inclut souvent des garanties sp\u00e9cifiques qui ajustent la prime selon la valeur d&rsquo;achat.<\/p>\n\n\n\n<h2 class=\"wp-block-heading\">Quelles garanties sont \u00e0 consid\u00e9rer quand on roule \u00e0 Rennes ?<\/h2>\n\n\n\n<p>Rennes pr\u00e9sente des sp\u00e9cificit\u00e9s qui influencent les risques associ\u00e9s \u00e0 la conduite. <strong>Pour choisir un contrat d\u2019assurance auto bien adapt\u00e9, il est essentiel d\u2019opter pour des garanties correspondant \u00e0 vos besoins.<\/strong> Voici celles \u00e0 privil\u00e9gier :<\/p>\n\n\n\n<ul class=\"wp-block-list\">\n<li><strong>Bris de glace : une garantie indispensable pour les conducteurs circulant r\u00e9guli\u00e8rement dans le centre-ville.<\/strong> Les travaux et le trafic augmentent les risques de dommages sur les pare-brises et vitres.<\/li>\n\n\n\n<li><strong>Vol et vandalisme : particuli\u00e8rement utile si vous garez votre voiture sur des parkings publics ou en voirie dans des zones tr\u00e8s fr\u00e9quent\u00e9es.<\/strong> Certains quartiers urbains sont plus expos\u00e9s \u00e0 ce type de risque.<\/li>\n\n\n\n<li><strong>Catastrophes naturelles : cette garantie est importante dans une r\u00e9gion comme la Bretagne, r\u00e9guli\u00e8rement touch\u00e9e par des intemp\u00e9ries.<\/strong> Les temp\u00eates et fortes pluies peuvent causer des d\u00e9g\u00e2ts importants aux v\u00e9hicules.<\/li>\n\n\n\n<li><strong>Dommages tous accidents : un atout pour les automobilistes empruntant fr\u00e9quemment les routes p\u00e9riph\u00e9riques ou les axes tr\u00e8s fr\u00e9quent\u00e9s.<\/strong> Cette garantie couvre les r\u00e9parations m\u00eame si vous \u00eates responsable de l\u2019accident.<\/li>\n<\/ul>\n\n\n\n<p><strong>Ces protections permettent de mieux anticiper les al\u00e9as de la vie urbaine et d\u2019\u00e9viter des frais impr\u00e9vus.<\/strong> En choisissant les garanties ad\u00e9quates, vous pouvez conduire sereinement \u00e0 Rennes, quelles que soient les circonstances.<\/p>\n\n\n\n<h2 class=\"wp-block-heading\">Pourquoi s\u2019assurer pour rouler \u00e0 Rennes chez Leocare ?<\/h2>\n\n\n\n<p>Leocare propose des solutions modernes et adapt\u00e9es aux attentes des automobilistes rennais. Gr\u00e2ce \u00e0 notre application intuitive, vous avez la possibilit\u00e9 de g\u00e9rer facilement votre contrat : devis, modifications ou d\u00e9clarations de sinistres se font en quelques clics.<\/p>\n\n\n\n<p><strong>Nos offres sont con\u00e7ues pour s\u2019adapter \u00e0 tous les profils.<\/strong> Que vous soyez un jeune conducteur ou un automobiliste exp\u00e9riment\u00e9, vous trouverez une assurance auto ajust\u00e9e \u00e0 vos besoins, avec des tarifs comp\u00e9titifs. De plus, nos conseillers Leocare, bas\u00e9s en France, sont disponibles pour r\u00e9pondre \u00e0 vos questions et vous accompagner \u00e0 chaque \u00e9tape.<\/p>\n\n\n\n<p><strong>En tant qu\u2019entreprise labellis\u00e9e B-Corp, nous int\u00e9grons des valeurs responsables dans nos pratiques, r\u00e9pondant ainsi aux attentes des consommateurs soucieux de l\u2019environnement et de l\u2019\u00e9thique.<\/strong><\/p>\n\n\n\n<p>Enfin, nos garanties incluent des protections adapt\u00e9es \u00e0 la conduite dans une ville comme Rennes. <strong>Que ce soit pour les sinistres li\u00e9s aux risques urbains, comme le vol ou le vandalisme, ou pour les accidents, nos contrats prennent en compte les sp\u00e9cificit\u00e9s de la vie urbaine rennaise.<\/strong><\/p>\n\n\n\n<h3 class=\"wp-block-heading\"><strong>Notre couverture nationale<\/strong><\/h3>\n\n\n\n<p>Profitez de notre offre sur l\u2019ensemble du territoire fran\u00e7ais.&nbsp;<\/p>\n\n\n\n<p><a href=\"https:\/\/leocare.eu\/fr\/assurance-auto-en-ligne\/ville\/bordeaux\/\">Assurance auto Bordeaux<\/a><\/p>\n\n\n\n<p><a href=\"https:\/\/leocare.eu\/fr\/assurance-auto-en-ligne\/ville\/paris\/\">Assurance auto Paris<\/a><\/p>\n\n\n\n<p><a href=\"https:\/\/leocare.eu\/fr\/assurance-auto-en-ligne\/ville\/lyon\/\">Assurance auto Lyon<\/a><\/p>\n\n\n\n<p><a href=\"https:\/\/leocare.eu\/fr\/assurance-auto-en-ligne\/ville\/toulouse\/\">Assurance auto Toulouse<\/a><\/p>\n\n\n\n<p><a href=\"https:\/\/leocare.eu\/fr\/assurance-auto-en-ligne\/ville\/montpellier\/\">Assurance auto Montpellier<\/a><\/p>\n\n\n\n<p><a href=\"https:\/\/leocare.eu\/fr\/assurance-auto-en-ligne\/ville\/grenoble\/\">Assurance auto Grenoble<\/a><\/p>\n\n\n\n<p><a href=\"https:\/\/leocare.eu\/fr\/assurance-auto-en-ligne\/ville\/nantes\/\">Assurance auto Nantes<\/a><\/p>\n\n\n\n<p><\/p>\n","protected":false},"excerpt":{"rendered":"<p>Rennes, avec sa vie urbaine anim\u00e9e et son r\u00e9seau routier dense, pousse les conducteurs \u00e0 bien r\u00e9fl\u00e9chir \u00e0 leur assurance auto. Que vous soyez un conducteur d\u00e9butant ou exp\u00e9riment\u00e9, choisir une couverture adapt\u00e9e ne se limite pas \u00e0 respecter la loi : c\u2019est aussi une mani\u00e8re de s\u00e9curiser vos trajets au quotidien. Voici tout ce [&hellip;]<\/p>\n","protected":false},"author":34,"featured_media":23328,"parent":25090,"menu_order":0,"comment_status":"closed","ping_status":"closed","template":"template_seo.php","meta":{"_acf_changed":false,"footnotes":""},"class_list":["post-24990","page","type-page","status-publish","has-post-thumbnail","hentry"],"acf":[],"yoast_head":"<!-- This site is optimized with the Yoast SEO plugin v27.3 - https:\/\/yoast.com\/product\/yoast-seo-wordpress\/ -->\n<title>Assurance auto Rennes : prix et devis en ligne<\/title>\n<meta name=\"robots\" content=\"index, follow, max-snippet:-1, max-image-preview:large, max-video-preview:-1\" \/>\n<link rel=\"canonical\" href=\"https:\/\/leocare.eu\/fr\/assurance-auto-en-ligne\/ville\/rennes\/\" \/>\n<meta property=\"og:locale\" content=\"fr_FR\" \/>\n<meta property=\"og:type\" content=\"article\" \/>\n<meta property=\"og:title\" content=\"Assurance auto Rennes : prix et devis en ligne\" \/>\n<meta property=\"og:description\" content=\"Rennes, avec sa vie urbaine anim\u00e9e et son r\u00e9seau routier dense, pousse les conducteurs \u00e0 bien r\u00e9fl\u00e9chir \u00e0 leur assurance auto. Que vous soyez un conducteur d\u00e9butant ou exp\u00e9riment\u00e9, choisir une couverture adapt\u00e9e ne se limite pas \u00e0 respecter la loi : c\u2019est aussi une mani\u00e8re de s\u00e9curiser vos trajets au quotidien. Voici tout ce [&hellip;]\" \/>\n<meta property=\"og:url\" content=\"https:\/\/leocare.eu\/fr\/assurance-auto-en-ligne\/ville\/rennes\/\" \/>\n<meta property=\"og:site_name\" content=\"Leocare, assurance en ligne automobile et habitation\" \/>\n<meta property=\"article:modified_time\" content=\"2026-04-07T14:47:13+00:00\" \/>\n<meta property=\"og:image\" content=\"https:\/\/leocare.eu\/fr\/wp-content\/uploads\/2024\/10\/immeubles-rennes.jpg\" \/>\n\t<meta property=\"og:image:width\" content=\"1900\" \/>\n\t<meta property=\"og:image:height\" content=\"1200\" \/>\n\t<meta property=\"og:image:type\" content=\"image\/jpeg\" \/>\n<meta name=\"twitter:card\" content=\"summary_large_image\" \/>\n<meta name=\"twitter:label1\" content=\"Dur\u00e9e de lecture estim\u00e9e\" \/>\n\t<meta name=\"twitter:data1\" content=\"6 minutes\" \/>\n<!-- \/ Yoast SEO plugin. -->","yoast_head_json":{"title":"Assurance auto Rennes : prix et devis en ligne","robots":{"index":"index","follow":"follow","max-snippet":"max-snippet:-1","max-image-preview":"max-image-preview:large","max-video-preview":"max-video-preview:-1"},"canonical":"https:\/\/leocare.eu\/fr\/assurance-auto-en-ligne\/ville\/rennes\/","og_locale":"fr_FR","og_type":"article","og_title":"Assurance auto Rennes : prix et devis en ligne","og_description":"Rennes, avec sa vie urbaine anim\u00e9e et son r\u00e9seau routier dense, pousse les conducteurs \u00e0 bien r\u00e9fl\u00e9chir \u00e0 leur assurance auto. Que vous soyez un conducteur d\u00e9butant ou exp\u00e9riment\u00e9, choisir une couverture adapt\u00e9e ne se limite pas \u00e0 respecter la loi : c\u2019est aussi une mani\u00e8re de s\u00e9curiser vos trajets au quotidien. Voici tout ce [&hellip;]","og_url":"https:\/\/leocare.eu\/fr\/assurance-auto-en-ligne\/ville\/rennes\/","og_site_name":"Leocare, assurance en ligne automobile et habitation","article_modified_time":"2026-04-07T14:47:13+00:00","og_image":[{"width":1900,"height":1200,"url":"https:\/\/leocare.eu\/fr\/wp-content\/uploads\/2024\/10\/immeubles-rennes.jpg","type":"image\/jpeg"}],"twitter_card":"summary_large_image","twitter_misc":{"Dur\u00e9e de lecture estim\u00e9e":"6 minutes"},"schema":{"@context":"https:\/\/schema.org","@graph":[{"@type":"WebPage","@id":"https:\/\/leocare.eu\/fr\/assurance-auto-en-ligne\/ville\/rennes\/","url":"https:\/\/leocare.eu\/fr\/assurance-auto-en-ligne\/ville\/rennes\/","name":"Assurance auto Rennes : prix et devis en ligne","isPartOf":{"@id":"https:\/\/leocare.eu\/fr\/#website"},"primaryImageOfPage":{"@id":"https:\/\/leocare.eu\/fr\/assurance-auto-en-ligne\/ville\/rennes\/#primaryimage"},"image":{"@id":"https:\/\/leocare.eu\/fr\/assurance-auto-en-ligne\/ville\/rennes\/#primaryimage"},"thumbnailUrl":"https:\/\/leocare.eu\/fr\/wp-content\/uploads\/2024\/10\/immeubles-rennes.jpg","datePublished":"2024-12-03T10:36:41+00:00","dateModified":"2026-04-07T14:47:13+00:00","breadcrumb":{"@id":"https:\/\/leocare.eu\/fr\/assurance-auto-en-ligne\/ville\/rennes\/#breadcrumb"},"inLanguage":"fr-FR","potentialAction":[{"@type":"ReadAction","target":["https:\/\/leocare.eu\/fr\/assurance-auto-en-ligne\/ville\/rennes\/"]}]},{"@type":"ImageObject","inLanguage":"fr-FR","@id":"https:\/\/leocare.eu\/fr\/assurance-auto-en-ligne\/ville\/rennes\/#primaryimage","url":"https:\/\/leocare.eu\/fr\/wp-content\/uploads\/2024\/10\/immeubles-rennes.jpg","contentUrl":"https:\/\/leocare.eu\/fr\/wp-content\/uploads\/2024\/10\/immeubles-rennes.jpg","width":1900,"height":1200,"caption":"immeubles rennes"},{"@type":"WebSite","@id":"https:\/\/leocare.eu\/fr\/#website","url":"https:\/\/leocare.eu\/fr\/","name":"Leocare, assurance en ligne automobile et habitation","description":"enfin (r)assur\u00e9.e","publisher":{"@id":"https:\/\/leocare.eu\/fr\/#organization"},"potentialAction":[{"@type":"SearchAction","target":{"@type":"EntryPoint","urlTemplate":"https:\/\/leocare.eu\/fr\/?s={search_term_string}"},"query-input":{"@type":"PropertyValueSpecification","valueRequired":true,"valueName":"search_term_string"}}],"inLanguage":"fr-FR"},{"@type":"Organization","@id":"https:\/\/leocare.eu\/fr\/#organization","name":"Leocare, assurance en ligne automobile et habitation","url":"https:\/\/leocare.eu\/fr\/","logo":{"@type":"ImageObject","inLanguage":"fr-FR","@id":"https:\/\/leocare.eu\/fr\/#\/schema\/logo\/image\/","url":"https:\/\/leocare.eu\/fr\/wp-content\/uploads\/2020\/03\/logo-leocare.svg","contentUrl":"https:\/\/leocare.eu\/fr\/wp-content\/uploads\/2020\/03\/logo-leocare.svg","caption":"Leocare, assurance en ligne automobile et habitation"},"image":{"@id":"https:\/\/leocare.eu\/fr\/#\/schema\/logo\/image\/"}}]}},"_links":{"self":[{"href":"https:\/\/leocare.eu\/fr\/wp-json\/wp\/v2\/pages\/24990","targetHints":{"allow":["GET"]}}],"collection":[{"href":"https:\/\/leocare.eu\/fr\/wp-json\/wp\/v2\/pages"}],"about":[{"href":"https:\/\/leocare.eu\/fr\/wp-json\/wp\/v2\/types\/page"}],"author":[{"embeddable":true,"href":"https:\/\/leocare.eu\/fr\/wp-json\/wp\/v2\/users\/34"}],"replies":[{"embeddable":true,"href":"https:\/\/leocare.eu\/fr\/wp-json\/wp\/v2\/comments?post=24990"}],"version-history":[{"count":15,"href":"https:\/\/leocare.eu\/fr\/wp-json\/wp\/v2\/pages\/24990\/revisions"}],"predecessor-version":[{"id":39836,"href":"https:\/\/leocare.eu\/fr\/wp-json\/wp\/v2\/pages\/24990\/revisions\/39836"}],"up":[{"embeddable":true,"href":"https:\/\/leocare.eu\/fr\/wp-json\/wp\/v2\/pages\/25090"}],"wp:featuredmedia":[{"embeddable":true,"href":"https:\/\/leocare.eu\/fr\/wp-json\/wp\/v2\/media\/23328"}],"wp:attachment":[{"href":"https:\/\/leocare.eu\/fr\/wp-json\/wp\/v2\/media?parent=24990"}],"curies":[{"name":"wp","href":"https:\/\/api.w.org\/{rel}","templated":true}]}}