{"id":24890,"date":"2024-11-29T16:53:14","date_gmt":"2024-11-29T15:53:14","guid":{"rendered":"https:\/\/leocare.eu\/fr\/?page_id=24890"},"modified":"2026-04-07T16:37:59","modified_gmt":"2026-04-07T14:37:59","slug":"lyon","status":"publish","type":"page","link":"https:\/\/leocare.eu\/fr\/assurance-auto-en-ligne\/ville\/lyon\/","title":{"rendered":"Assurer sa voiture \u00e0 Lyon"},"content":{"rendered":"\n<p>Lyon, avec sa forte activit\u00e9 urbaine et ses axes routiers souvent satur\u00e9s, oblige les conducteurs \u00e0 choisir une <a href=\"https:\/\/leocare.eu\/fr\/assurance-auto-en-ligne\/\">assurance auto<\/a> adapt\u00e9e \u00e0 leurs besoins. Que vous soyez un conducteur d\u00e9butant ou exp\u00e9riment\u00e9, trouver la couverture qui convient n\u2019est pas seulement une obligation l\u00e9gale, mais aussi une mani\u00e8re de circuler en toute s\u00e9curit\u00e9. <strong>D\u00e9couvrez les points essentiels pour bien choisir votre assurance auto \u00e0 Lyon.<\/strong><span id=\"docs-internal-guid-76500186-7fff-9ebc-fb7d-ebd20310f820\"><\/span><\/p>\n\n\n\n<h2 class=\"wp-block-heading\" id=\"section-1-quelle-formule-pour-assurer-sa-voiture-lyon-\">Quelle formule pour assurer sa voiture \u00e0 Lyon ?<\/h2>\n\n\n\n<p>\u00c0 Lyon, plusieurs solutions s\u2019offrent aux conducteurs pour&nbsp;<a href=\"https:\/\/leocare.eu\/fr\/assurance-auto-en-ligne\/couverture\/contrat\/\">souscrire un contrat d\u2019assurance auto<\/a>. Chaque formule r\u00e9pond \u00e0 des profils sp\u00e9cifiques.&nbsp;<strong>La&nbsp;<\/strong><a href=\"https:\/\/leocare.eu\/fr\/assurance-auto-en-ligne\/tiers\/\"><strong>couverture au tiers<\/strong><\/a><strong>&nbsp;est une option \u00e9conomique<\/strong>, particuli\u00e8rement int\u00e9ressante pour les propri\u00e9taires de v\u00e9hicules anciens ou pour ceux qui souhaitent limiter leurs d\u00e9penses. Cependant, cette formule obligatoire se limite aux dommages caus\u00e9s \u00e0 des tiers, sans protection pour votre propre v\u00e9hicule.<\/p>\n\n\n\n<p>Si vous souhaitez b\u00e9n\u00e9ficier d\u2019une couverture \u00e9largie tout en ma\u00eetrisant votre budget,&nbsp;<strong>l\u2019<\/strong><a href=\"https:\/\/leocare.eu\/fr\/assurance-auto-en-ligne\/tiers\/plus\/\"><strong>assurance au tiers plus<\/strong><\/a><strong>&nbsp;est une alternative int\u00e9ressante<\/strong>. Cette formule inclut des garanties suppl\u00e9mentaires, comme la protection contre le vol, l\u2019incendie ou encore les bris de glace. C\u2019est un bon compromis pour les automobilistes lyonnais utilisant r\u00e9guli\u00e8rement leur v\u00e9hicule.<\/p>\n\n\n\n<p>Enfin,&nbsp;<strong>l\u2019<\/strong><a href=\"https:\/\/leocare.eu\/fr\/assurance-auto-en-ligne\/tous-risques\/\"><strong>offre tous risques<\/strong><\/a><strong>&nbsp;reste l\u2019option la plus compl\u00e8te<\/strong>, particuli\u00e8rement adapt\u00e9e aux voitures neuves ou de valeur. Cette formule offre une protection dans quasiment toutes les situations, m\u00eame si vous \u00eates responsable d\u2019un accident. \u00c0 Lyon, o\u00f9 les trajets urbains sont nombreux et les risques de sinistres \u00e9lev\u00e9s, cette solution est souvent privil\u00e9gi\u00e9e par les conducteurs souhaitant une tranquillit\u00e9 maximale.<\/p>\n\n\n\n<section class=\"wp-block-leocare-bon-a-savoir leocare-bas\"><div class=\"leocare-bas__head\"><img decoding=\"async\" class=\"leocare-bas__icon\" src=\"https:\/\/leocare.eu\/fr\/wp-content\/themes\/leocare-new\/assets\/img\/icon-alert-purple.svg\" alt=\"icon alerte\"\/><h3 class=\"leocare-bas__title\"><\/h3><\/div><div class=\"leocare-bas__content\">\n<p>La formule recommand\u00e9e pour\u00a0<a href=\"https:\/\/leocare.eu\/fr\/assurance-auto-en-ligne\/types-vehicule\/neuf\/\">l\u2019assurance pour votre automobile neuve<\/a>\u00a0est la formule tous risques qui proposent des garanties valeur \u00e0 neuf.<\/p>\n<\/div><\/section>\n\n\n\n<h2 class=\"wp-block-heading\" id=\"section-2-quel-est-le-prix-dune-assurance-auto-lyon-\">Quel est le prix d\u2019une assurance auto \u00e0 Lyon ?<\/h2>\n\n\n\n<p><strong>Les tarifs des assurances auto dans la m\u00e9tropole lyonnaise d\u00e9pendent de nombreux facteurs<\/strong>, notamment le profil du conducteur et le type de v\u00e9hicule. En moyenne,&nbsp;<strong>le co\u00fbt d\u2019une&nbsp;<\/strong><a href=\"https:\/\/leocare.eu\/fr\/assurance-auto-en-ligne\/pas-cher\/\"><strong>assurance auto pas ch\u00e8re<\/strong><\/a><strong>&nbsp;\u00e0 Lyon tourne autour de <span class=\"change-price\">31<\/span> \u20ac par mois<\/strong>. Toutefois, ce montant varie en fonction de votre situation personnelle.<\/p>\n\n\n\n<h3 class=\"wp-block-heading\">\u200b\u200bTarif d\u2019assurance auto \u00e0 Lyon pour un conducteur exp\u00e9riment\u00e9<\/h3>\n\n\n\n<figure class=\"wp-block-table\"><table class=\"has-fixed-layout\"><thead><tr><th><strong>Mod\u00e8le du v\u00e9hicule<\/strong><\/th><th>Prix mensuel (Tiers)<\/th><th>Prix mensuel (Tiers Plus)<\/th><th>Prix mensuel (Tous Risques)<\/th><\/tr><\/thead><tbody><tr><td>Citro\u00ebn C3<\/td><td><span class=\"change-price\">32<\/span> \u20ac<\/td><td><span class=\"change-price\">47<\/span> \u20ac<\/td><td><span class=\"change-price\">69<\/span> \u20ac<\/td><\/tr><tr><td>Renault Captur<\/td><td><span class=\"change-price\">27<\/span> \u20ac<\/td><td><span class=\"change-price\">38<\/span> \u20ac<\/td><td><span class=\"change-price\">56<\/span> \u20ac<\/td><\/tr><tr><td>Peugeot 308<\/td><td><span class=\"change-price\">33<\/span> \u20ac<\/td><td><span class=\"change-price\">55<\/span> \u20ac<\/td><td><span class=\"change-price\">83<\/span> \u20ac<\/td><\/tr><tr><td>Dacia Duster<\/td><td><span class=\"change-price\">29<\/span> \u20ac<\/td><td><span class=\"change-price\">42<\/span> \u20ac<\/td><td><span class=\"change-price\">64<\/span> \u20ac<\/td><\/tr><tr><td>Toyota Yaris<\/td><td><span class=\"change-price\">27<\/span> \u20ac<\/td><td><span class=\"change-price\">37<\/span> \u20ac<\/td><td><span class=\"change-price\">56<\/span> \u20ac<\/td><\/tr><tr><td>Volkswagen Polo<\/td><td><span class=\"change-price\">31<\/span> \u20ac<\/td><td><span class=\"change-price\">44<\/span> \u20ac<\/td><td><span class=\"change-price\">64<\/span> \u20ac<\/td><\/tr><\/tbody><\/table><\/figure>\n\n\n\n<p>Par exemple, un jeune conducteur \u00e0 Lyon peut payer jusqu\u2019\u00e0&nbsp;<strong><span class=\"change-price\">347<\/span> \u20ac par mois pour une assurance tous risques<\/strong>. Ce tarif \u00e9lev\u00e9 s\u2019explique par l\u2019exp\u00e9rience limit\u00e9e du conducteur, un facteur de risque reconnu. \u00c0 l\u2019inverse, un automobiliste confirm\u00e9, avec un bonus maximal, peut obtenir une prime inf\u00e9rieure \u00e0&nbsp;<strong><span class=\"change-price\">589<\/span> \u20ac par an<\/strong>.<\/p>\n\n\n\n<section class=\"wp-block-leocare-bon-a-savoir leocare-bas\"><div class=\"leocare-bas__head\"><img decoding=\"async\" class=\"leocare-bas__icon\" src=\"https:\/\/leocare.eu\/fr\/wp-content\/themes\/leocare-new\/assets\/img\/icon-alert-purple.svg\" alt=\"icon alerte\"\/><h3 class=\"leocare-bas__title\">Bon \u00e0 savoir<\/h3><\/div><div class=\"leocare-bas__content\">\n<p>Le <a href=\"https:\/\/leocare.eu\/fr\/assurance-auto-en-ligne\/devis\/tarifs\/\">prix moyen d&rsquo;une assurance auto<\/a> en France est de <span class=\"change-price\">1 017<\/span> \u20ac par an.<\/p>\n<\/div><\/section>\n\n\n\n<h3 class=\"wp-block-heading\">\u200b\u200bTarif d\u2019assurance auto \u00e0 Lyon pour un conducteur novice<\/h3>\n\n\n\n<figure class=\"wp-block-table\"><table class=\"has-fixed-layout\"><thead><tr><th><strong>Mod\u00e8le du v\u00e9hicule<\/strong><\/th><th>Prix mensuel (Tiers)<\/th><th>Prix mensuel (Tiers Plus)<\/th><th>Prix mensuel (Tous Risques)<\/th><\/tr><\/thead><tbody><tr><td>Citro\u00ebn C3<\/td><td><span class=\"change-price\">54<\/span> \u20ac<\/td><td><span class=\"change-price\">83<\/span> \u20ac<\/td><td><span class=\"change-price\">126<\/span> \u20ac<\/td><\/tr><tr><td>Renault Captur<\/td><td><span class=\"change-price\">45<\/span> \u20ac<\/td><td><span class=\"change-price\">69<\/span> \u20ac<\/td><td><span class=\"change-price\">105<\/span> \u20ac<\/td><\/tr><tr><td>Peugeot 308<\/td><td><span class=\"change-price\">51<\/span> \u20ac<\/td><td><span class=\"change-price\">77<\/span> \u20ac<\/td><td><span class=\"change-price\">120<\/span> \u20ac<\/td><\/tr><tr><td>Dacia Duster<\/td><td><span class=\"change-price\">48<\/span> \u20ac<\/td><td><span class=\"change-price\">72<\/span> \u20ac<\/td><td><span class=\"change-price\">110<\/span> \u20ac<\/td><\/tr><tr><td>Toyota Yaris<\/td><td><span class=\"change-price\">45<\/span> \u20ac<\/td><td><span class=\"change-price\">65<\/span> \u20ac<\/td><td><span class=\"change-price\">104<\/span> \u20ac<\/td><\/tr><tr><td>Volkswagen Polo<\/td><td><span class=\"change-price\">52<\/span> \u20ac<\/td><td><span class=\"change-price\">77<\/span> \u20ac<\/td><td><span class=\"change-price\">117<\/span> \u20ac<\/td><\/tr><\/tbody><\/table><\/figure>\n\n\n\n<p>Le mod\u00e8le de votre voiture influence \u00e9galement les tarifs :&nbsp;<strong>une citadine co\u00fbte g\u00e9n\u00e9ralement moins cher \u00e0 assurer qu\u2019un SUV ou un v\u00e9hicule de sport<\/strong>. Votre lieu de r\u00e9sidence \u00e0 Lyon est un autre crit\u00e8re important : dans certains quartiers o\u00f9 le vol ou le vandalisme est plus fr\u00e9quent, les primes peuvent \u00eatre plus \u00e9lev\u00e9es. Enfin,&nbsp;<strong>le kilom\u00e9trage annuel et l\u2019usage du v\u00e9hicule (priv\u00e9 ou professionnel)<\/strong>&nbsp;sont aussi pris en compte dans le calcul de votre&nbsp;<a href=\"https:\/\/leocare.eu\/fr\/assurance-auto-en-ligne\/devis\/\">devis d\u2019assurance auto<\/a>.<\/p>\n\n\n\n<h2 class=\"wp-block-heading\" id=\"section-3-quelles-garanties-sont-considrer-quand-on-roule-lyon-\">Quelles garanties sont \u00e0 consid\u00e9rer quand on roule \u00e0 Lyon ?<\/h2>\n\n\n\n<p>Rouler \u00e0 Lyon pr\u00e9sente des particularit\u00e9s qui influencent les risques pour les conducteurs.&nbsp;<strong>Ces \u00e9l\u00e9ments doivent \u00eatre pris en compte pour choisir les garanties adapt\u00e9es \u00e0 votre contrat d\u2019assurance auto<\/strong>. Voici les protections \u00e0 privil\u00e9gier :<\/p>\n\n\n\n<ul class=\"wp-block-list\">\n<li><strong>Bris de glace<\/strong>&nbsp;: particuli\u00e8rement utile dans les zones \u00e0 forte circulation, comme les quais ou le centre-ville lyonnais, o\u00f9 les pare-brises sont plus expos\u00e9s aux dommages.<\/li>\n\n\n\n<li><strong>Vol et vandalisme<\/strong>&nbsp;: indispensable si vous stationnez votre voiture dans les rues de Lyon ou dans des zones \u00e0 forte densit\u00e9. Certains arrondissements pr\u00e9sentent un risque accru.<\/li>\n\n\n\n<li><strong>Catastrophes naturelles<\/strong>&nbsp;: Lyon, bien que moins expos\u00e9e aux inondations que d\u2019autres villes, peut subir des \u00e9pisodes climatiques extr\u00eames comme la gr\u00eale, causant des d\u00e9g\u00e2ts sur les v\u00e9hicules.<\/li>\n\n\n\n<li><strong>Dommages tous accidents<\/strong>&nbsp;: une garantie cruciale pour les conducteurs circulant r\u00e9guli\u00e8rement sur les axes tr\u00e8s fr\u00e9quent\u00e9s, comme le p\u00e9riph\u00e9rique ou les tunnels lyonnais.&nbsp;<strong>Elle couvre les r\u00e9parations m\u00eame en cas de responsabilit\u00e9.<\/strong><\/li>\n<\/ul>\n\n\n\n<p><strong>Ces garanties vous permettent de mieux anticiper les impr\u00e9vus et de r\u00e9duire vos d\u00e9penses en cas de sinistre<\/strong>. En les s\u00e9lectionnant en fonction de votre profil et de votre utilisation, vous roulez plus sereinement dans la capitale des Gaules.<\/p>\n\n\n\n<h2 class=\"wp-block-heading\" id=\"section-4-pourquoi-sassurer-pour-rouler-lyon-chez-leocare-\">Pourquoi s\u2019assurer pour rouler \u00e0 Lyon chez Leocare ?<\/h2>\n\n\n\n<p><strong>Leocare propose des solutions modernes, simples et adapt\u00e9es aux besoins des conducteurs lyonnais.<\/strong>&nbsp;Avec notre application, vous pouvez g\u00e9rer facilement votre contrat : devis, modification ou d\u00e9claration de sinistre se font en quelques clics.<\/p>\n\n\n\n<p><strong>Nos offres sont ajust\u00e9es \u00e0 votre profil et \u00e0 vos attentes<\/strong>. Que vous soyez un jeune conducteur ou un automobiliste exp\u00e9riment\u00e9 cherchant \u00e0 optimiser son contrat, nos tarifs comp\u00e9titifs vous permettent de r\u00e9aliser des \u00e9conomies tout en profitant d\u2019une couverture adapt\u00e9e. De plus, vous b\u00e9n\u00e9ficiez d\u2019un accompagnement client de qualit\u00e9, assur\u00e9 par des conseillers Leocare 100 % bas\u00e9s en France.<\/p>\n\n\n\n<p>Nous nous engageons \u00e9galement dans une d\u00e9marche responsable, en phase avec les attentes des consommateurs modernes.&nbsp;<strong>Notre label B-Corp refl\u00e8te nos pratiques \u00e9thiques et respectueuses de l\u2019environnement.<\/strong><\/p>\n\n\n\n<p>Enfin, nos garanties incluent une protection sp\u00e9cifique contre les risques propres \u00e0 la conduite \u00e0 Lyon, tels que le vol, le vandalisme ou les accidents en milieu urbain.&nbsp;<strong>Avec Leocare, vous b\u00e9n\u00e9ficiez d\u2019une assurance auto pens\u00e9e pour les exigences des conducteurs lyonnais.<\/strong><\/p>\n\n\n\n<h3 class=\"wp-block-heading\"><strong>Notre couverture nationale<\/strong><\/h3>\n\n\n\n<p>Profitez de notre offre sur l\u2019ensemble du territoire fran\u00e7ais.&nbsp;<\/p>\n\n\n\n<ul class=\"wp-block-list\">\n<li><a href=\"https:\/\/leocare.eu\/fr\/assurance-auto-en-ligne\/ville\/paris\/\">Assurance auto Paris<\/a><\/li>\n\n\n\n<li><a href=\"https:\/\/leocare.eu\/fr\/assurance-auto-en-ligne\/ville\/toulouse\/\">Assurance auto Toulouse<\/a><\/li>\n\n\n\n<li><a href=\"https:\/\/leocare.eu\/fr\/assurance-auto-en-ligne\/ville\/montpellier\/\">Assurance auto Montpellier<\/a><\/li>\n\n\n\n<li><a href=\"https:\/\/leocare.eu\/fr\/assurance-auto-en-ligne\/ville\/grenoble\/\">Assurance auto Grenoble<\/a><\/li>\n\n\n\n<li><a href=\"https:\/\/leocare.eu\/fr\/assurance-auto-en-ligne\/ville\/nantes\/\">Assurance auto Nantes<\/a><\/li>\n\n\n\n<li><a href=\"https:\/\/leocare.eu\/fr\/assurance-auto-en-ligne\/ville\/bordeaux\/\">Assurance auto Bordeaux<\/a><\/li>\n<\/ul>\n","protected":false},"excerpt":{"rendered":"<p>Lyon, avec sa forte activit\u00e9 urbaine et ses axes routiers souvent satur\u00e9s, oblige les conducteurs \u00e0 choisir une assurance auto adapt\u00e9e \u00e0 leurs besoins. Que vous soyez un conducteur d\u00e9butant ou exp\u00e9riment\u00e9, trouver la couverture qui convient n\u2019est pas seulement une obligation l\u00e9gale, mais aussi une mani\u00e8re de circuler en toute s\u00e9curit\u00e9. D\u00e9couvrez les points [&hellip;]<\/p>\n","protected":false},"author":34,"featured_media":21206,"parent":25090,"menu_order":0,"comment_status":"closed","ping_status":"closed","template":"template_seo.php","meta":{"_acf_changed":false,"footnotes":""},"class_list":["post-24890","page","type-page","status-publish","has-post-thumbnail","hentry"],"acf":[],"yoast_head":"<!-- This site is optimized with the Yoast SEO plugin v27.3 - https:\/\/yoast.com\/product\/yoast-seo-wordpress\/ -->\n<title>Assurance auto Lyon : prix et devis en ligne<\/title>\n<meta name=\"robots\" content=\"index, follow, max-snippet:-1, max-image-preview:large, max-video-preview:-1\" \/>\n<link rel=\"canonical\" href=\"https:\/\/leocare.eu\/fr\/assurance-auto-en-ligne\/ville\/lyon\/\" \/>\n<meta property=\"og:locale\" content=\"fr_FR\" \/>\n<meta property=\"og:type\" content=\"article\" \/>\n<meta property=\"og:title\" content=\"Assurance auto Lyon : prix et devis en ligne\" \/>\n<meta property=\"og:description\" content=\"Lyon, avec sa forte activit\u00e9 urbaine et ses axes routiers souvent satur\u00e9s, oblige les conducteurs \u00e0 choisir une assurance auto adapt\u00e9e \u00e0 leurs besoins. Que vous soyez un conducteur d\u00e9butant ou exp\u00e9riment\u00e9, trouver la couverture qui convient n\u2019est pas seulement une obligation l\u00e9gale, mais aussi une mani\u00e8re de circuler en toute s\u00e9curit\u00e9. D\u00e9couvrez les points [&hellip;]\" \/>\n<meta property=\"og:url\" content=\"https:\/\/leocare.eu\/fr\/assurance-auto-en-ligne\/ville\/lyon\/\" \/>\n<meta property=\"og:site_name\" content=\"Leocare, assurance en ligne automobile et habitation\" \/>\n<meta property=\"article:modified_time\" content=\"2026-04-07T14:37:59+00:00\" \/>\n<meta property=\"og:image\" content=\"https:\/\/leocare.eu\/fr\/wp-content\/uploads\/2024\/05\/ville-lyon.jpg\" \/>\n\t<meta property=\"og:image:width\" content=\"1900\" \/>\n\t<meta property=\"og:image:height\" content=\"1200\" \/>\n\t<meta property=\"og:image:type\" content=\"image\/jpeg\" \/>\n<meta name=\"twitter:card\" content=\"summary_large_image\" \/>\n<meta name=\"twitter:label1\" content=\"Dur\u00e9e de lecture estim\u00e9e\" \/>\n\t<meta name=\"twitter:data1\" content=\"5 minutes\" \/>\n<!-- \/ Yoast SEO plugin. -->","yoast_head_json":{"title":"Assurance auto Lyon : prix et devis en ligne","robots":{"index":"index","follow":"follow","max-snippet":"max-snippet:-1","max-image-preview":"max-image-preview:large","max-video-preview":"max-video-preview:-1"},"canonical":"https:\/\/leocare.eu\/fr\/assurance-auto-en-ligne\/ville\/lyon\/","og_locale":"fr_FR","og_type":"article","og_title":"Assurance auto Lyon : prix et devis en ligne","og_description":"Lyon, avec sa forte activit\u00e9 urbaine et ses axes routiers souvent satur\u00e9s, oblige les conducteurs \u00e0 choisir une assurance auto adapt\u00e9e \u00e0 leurs besoins. Que vous soyez un conducteur d\u00e9butant ou exp\u00e9riment\u00e9, trouver la couverture qui convient n\u2019est pas seulement une obligation l\u00e9gale, mais aussi une mani\u00e8re de circuler en toute s\u00e9curit\u00e9. D\u00e9couvrez les points [&hellip;]","og_url":"https:\/\/leocare.eu\/fr\/assurance-auto-en-ligne\/ville\/lyon\/","og_site_name":"Leocare, assurance en ligne automobile et habitation","article_modified_time":"2026-04-07T14:37:59+00:00","og_image":[{"width":1900,"height":1200,"url":"https:\/\/leocare.eu\/fr\/wp-content\/uploads\/2024\/05\/ville-lyon.jpg","type":"image\/jpeg"}],"twitter_card":"summary_large_image","twitter_misc":{"Dur\u00e9e de lecture estim\u00e9e":"5 minutes"},"schema":{"@context":"https:\/\/schema.org","@graph":[{"@type":"WebPage","@id":"https:\/\/leocare.eu\/fr\/assurance-auto-en-ligne\/ville\/lyon\/","url":"https:\/\/leocare.eu\/fr\/assurance-auto-en-ligne\/ville\/lyon\/","name":"Assurance auto Lyon : prix et devis en ligne","isPartOf":{"@id":"https:\/\/leocare.eu\/fr\/#website"},"primaryImageOfPage":{"@id":"https:\/\/leocare.eu\/fr\/assurance-auto-en-ligne\/ville\/lyon\/#primaryimage"},"image":{"@id":"https:\/\/leocare.eu\/fr\/assurance-auto-en-ligne\/ville\/lyon\/#primaryimage"},"thumbnailUrl":"https:\/\/leocare.eu\/fr\/wp-content\/uploads\/2024\/05\/ville-lyon.jpg","datePublished":"2024-11-29T15:53:14+00:00","dateModified":"2026-04-07T14:37:59+00:00","breadcrumb":{"@id":"https:\/\/leocare.eu\/fr\/assurance-auto-en-ligne\/ville\/lyon\/#breadcrumb"},"inLanguage":"fr-FR","potentialAction":[{"@type":"ReadAction","target":["https:\/\/leocare.eu\/fr\/assurance-auto-en-ligne\/ville\/lyon\/"]}]},{"@type":"ImageObject","inLanguage":"fr-FR","@id":"https:\/\/leocare.eu\/fr\/assurance-auto-en-ligne\/ville\/lyon\/#primaryimage","url":"https:\/\/leocare.eu\/fr\/wp-content\/uploads\/2024\/05\/ville-lyon.jpg","contentUrl":"https:\/\/leocare.eu\/fr\/wp-content\/uploads\/2024\/05\/ville-lyon.jpg","width":1900,"height":1200,"caption":"ville de lyon"},{"@type":"WebSite","@id":"https:\/\/leocare.eu\/fr\/#website","url":"https:\/\/leocare.eu\/fr\/","name":"Leocare, assurance en ligne automobile et habitation","description":"enfin (r)assur\u00e9.e","publisher":{"@id":"https:\/\/leocare.eu\/fr\/#organization"},"potentialAction":[{"@type":"SearchAction","target":{"@type":"EntryPoint","urlTemplate":"https:\/\/leocare.eu\/fr\/?s={search_term_string}"},"query-input":{"@type":"PropertyValueSpecification","valueRequired":true,"valueName":"search_term_string"}}],"inLanguage":"fr-FR"},{"@type":"Organization","@id":"https:\/\/leocare.eu\/fr\/#organization","name":"Leocare, assurance en ligne automobile et habitation","url":"https:\/\/leocare.eu\/fr\/","logo":{"@type":"ImageObject","inLanguage":"fr-FR","@id":"https:\/\/leocare.eu\/fr\/#\/schema\/logo\/image\/","url":"https:\/\/leocare.eu\/fr\/wp-content\/uploads\/2020\/03\/logo-leocare.svg","contentUrl":"https:\/\/leocare.eu\/fr\/wp-content\/uploads\/2020\/03\/logo-leocare.svg","caption":"Leocare, assurance en ligne automobile et habitation"},"image":{"@id":"https:\/\/leocare.eu\/fr\/#\/schema\/logo\/image\/"}}]}},"_links":{"self":[{"href":"https:\/\/leocare.eu\/fr\/wp-json\/wp\/v2\/pages\/24890","targetHints":{"allow":["GET"]}}],"collection":[{"href":"https:\/\/leocare.eu\/fr\/wp-json\/wp\/v2\/pages"}],"about":[{"href":"https:\/\/leocare.eu\/fr\/wp-json\/wp\/v2\/types\/page"}],"author":[{"embeddable":true,"href":"https:\/\/leocare.eu\/fr\/wp-json\/wp\/v2\/users\/34"}],"replies":[{"embeddable":true,"href":"https:\/\/leocare.eu\/fr\/wp-json\/wp\/v2\/comments?post=24890"}],"version-history":[{"count":17,"href":"https:\/\/leocare.eu\/fr\/wp-json\/wp\/v2\/pages\/24890\/revisions"}],"predecessor-version":[{"id":39843,"href":"https:\/\/leocare.eu\/fr\/wp-json\/wp\/v2\/pages\/24890\/revisions\/39843"}],"up":[{"embeddable":true,"href":"https:\/\/leocare.eu\/fr\/wp-json\/wp\/v2\/pages\/25090"}],"wp:featuredmedia":[{"embeddable":true,"href":"https:\/\/leocare.eu\/fr\/wp-json\/wp\/v2\/media\/21206"}],"wp:attachment":[{"href":"https:\/\/leocare.eu\/fr\/wp-json\/wp\/v2\/media?parent=24890"}],"curies":[{"name":"wp","href":"https:\/\/api.w.org\/{rel}","templated":true}]}}