{"id":23923,"date":"2024-11-13T11:48:31","date_gmt":"2024-11-13T10:48:31","guid":{"rendered":"https:\/\/leocare.eu\/fr\/?page_id=23923"},"modified":"2026-01-20T10:35:00","modified_gmt":"2026-01-20T09:35:00","slug":"guide-assurance-voiture-electrique","status":"publish","type":"page","link":"https:\/\/leocare.eu\/fr\/guide-assurance-voiture-electrique\/","title":{"rendered":"Guide de l&rsquo;assurance pour voitures \u00e9lectriques"},"content":{"rendered":"\n<p>Nous vous d\u00e9voilons dans ces guides d\u00e9di\u00e9s \u00e0 l&rsquo;assurance voiture \u00e9lectrique toutes les informations cruciales pour vous guider dans la s\u00e9lection de votre prochaine assurance auto. <\/p>\n\n\n\n<p><a href=\"https:\/\/leocare.eu\/fr\/assurance-auto-en-ligne\/electrique\/\">Assurance voiture \u00e9lectrique<\/a> \u2013 D\u00e9couvrez tout ce qu\u2019il faut savoir pour assurer votre voiture \u00e9lectrique efficacement et rouler en toute tranquillit\u00e9 avec la couverture la plus adapt\u00e9e.<\/p>\n\n\n\n<p><a href=\"https:\/\/leocare.eu\/fr\/assurance-auto-en-ligne\/electrique\/sport\/\">Quelle assurance choisir pour une voiture \u00e9lectrique de sport ?<\/a> \u2013 Vous avez une voiture \u00e9lectrique de sport ? Trouvez l\u2019assurance qui correspond \u00e0 ses sp\u00e9cificit\u00e9s et profitez d\u2019une couverture optimis\u00e9e pour ses performances.<\/p>\n\n\n\n<p><a href=\"https:\/\/leocare.eu\/fr\/assurance-auto-en-ligne\/electrique\/choisir-meilleure\/\">Quelle est la meilleure assurance pour voiture \u00e9lectrique ?<\/a> \u2013 Comparez les meilleures options d\u2019assurance pour voiture \u00e9lectrique et choisissez la couverture la plus adapt\u00e9e \u00e0 votre v\u00e9hicule et \u00e0 votre budget.<\/p>\n\n\n\n<p><a href=\"https:\/\/leocare.eu\/fr\/assurance-auto-en-ligne\/electrique\/voiture-non-assuree-laissee-parking\/\">Peut-on laisser une voiture \u00e9lectrique non assur\u00e9e dans un parking ?<\/a> \u2013 D\u00e9couvrez les risques et les r\u00e9glementations entourant le stationnement d\u2019une voiture \u00e9lectrique sans assurance, m\u00eame \u00e0 l\u2019abri.<\/p>\n\n\n\n<p><a href=\"https:\/\/leocare.eu\/fr\/assurance-auto-en-ligne\/electrique\/vente-a-particulier\/\">Quelle assurance choisir en cas de vente de sa voiture \u00e9lectrique \u00e0 un particulier ?<\/a> \u2013 Suivez nos conseils pour choisir la bonne assurance lors de la vente de votre voiture \u00e9lectrique et \u00e9viter les mauvaises surprises.<\/p>\n\n\n\n<p><a href=\"https:\/\/leocare.eu\/fr\/assurance-auto-en-ligne\/electrique\/souscription-pour-tiers\/\">Comment prendre une assurance voiture \u00e9lectrique pour quelqu\u2019un d\u2019autre<\/a> \u2013 Apprenez comment souscrire une assurance auto pour un proche ou une tierce personne en toute l\u00e9galit\u00e9 et simplicit\u00e9.<\/p>\n\n\n\n<p><a href=\"https:\/\/leocare.eu\/fr\/assurance-auto-en-ligne\/electrique\/reparation-assurance\/\">Faire r\u00e9parer sa voiture \u00e9lectrique par l\u2019assurance<\/a> \u2013 D\u00e9couvrez comment proc\u00e9der pour que l\u2019assurance prenne en charge les r\u00e9parations de votre voiture \u00e9lectrique et roulez l\u2019esprit tranquille.<\/p>\n\n\n\n<p><a href=\"https:\/\/leocare.eu\/fr\/assurance-auto-en-ligne\/electrique\/prise-en-charge-par-assurance\/\">Comment demander la prise en charge de sa voiture \u00e9lectrique \u00e0 son assurance ?<\/a> \u2013 Retrouvez nos astuces pour demander efficacement la prise en charge des frais de votre voiture \u00e9lectrique par votre assurance.<\/p>\n\n\n\n<p><a href=\"https:\/\/leocare.eu\/fr\/assurance-auto-en-ligne\/electrique\/tiers\/\">Que couvre une assurance voiture \u00e9lectrique au tiers ?<\/a> \u2013 Informez-vous sur les protections offertes par l\u2019assurance au tiers pour les v\u00e9hicules \u00e9lectriques et choisissez en toute connaissance de cause.<\/p>\n\n\n\n<p><a href=\"https:\/\/leocare.eu\/fr\/assurance-auto-en-ligne\/electrique\/c-est-quoi\/\">Qu\u2019est-ce qu\u2019une assurance pour voiture \u00e9lectrique ?<\/a> \u2013 Comprenez les sp\u00e9cificit\u00e9s et avantages des assurances con\u00e7ues pour prot\u00e9ger les voitures \u00e9lectriques, un choix \u00e9clair\u00e9 pour votre s\u00e9curit\u00e9.<\/p>\n\n\n\n<p><a href=\"https:\/\/leocare.eu\/fr\/assurance-auto-en-ligne\/electrique\/remorquer-voiture-non-assuree\/\">Peut-on remorquer une voiture \u00e9lectrique sans assurance ?<\/a> \u2013 Informez-vous sur les conditions et risques li\u00e9s au remorquage d\u2019une voiture \u00e9lectrique sans couverture d\u2019assurance.<\/p>\n\n\n\n<p><a href=\"https:\/\/leocare.eu\/fr\/assurance-auto-en-ligne\/electrique\/a-savoir\/\">Assurance voiture \u00e9lectrique : ce qu\u2019il faut savoir<\/a> \u2013 Tout ce qu\u2019il faut savoir pour choisir et souscrire une assurance adapt\u00e9e aux voitures \u00e9lectriques, sans surprises<br>.<br><a href=\"https:\/\/leocare.eu\/fr\/assurance-auto-en-ligne\/electrique\/delai\/\">Quel est le d\u00e9lai de souscription pour l\u2019assurance d\u2019une voiture \u00e9lectrique ?<\/a> \u2013 D\u00e9couvrez les d\u00e9lais n\u00e9cessaires pour souscrire une assurance adapt\u00e9e \u00e0 votre voiture \u00e9lectrique et roulez sereinement.<\/p>\n\n\n\n<p><a href=\"https:\/\/leocare.eu\/fr\/assurance-auto-en-ligne\/electrique\/prix\/\">Combien co\u00fbte l\u2019assurance d\u2019une voiture \u00e9lectrique ?<\/a> \u2013 Comparez les prix et les facteurs influen\u00e7ant le co\u00fbt de l\u2019assurance pour votre voiture \u00e9lectrique, et \u00e9conomisez.<\/p>\n\n\n\n<p><a href=\"https:\/\/leocare.eu\/fr\/assurance-auto-en-ligne\/electrique\/plus-cher\/\">Est-ce plus cher d\u2019assurer une voiture \u00e9lectrique ?<\/a> \u2013 Trouvez des r\u00e9ponses sur le co\u00fbt de l\u2019assurance pour une voiture \u00e9lectrique et comprenez les variables qui impactent la prime.<\/p>\n\n\n\n<p><a href=\"https:\/\/leocare.eu\/fr\/assurance-auto-en-ligne\/electrique\/certificat-assurance-perdu\/\">Que faire en cas de perte d&rsquo;assurance voiture \u00e9lectrique ?<\/a> \u2013 Suivez nos conseils pour g\u00e9rer efficacement la perte de votre assurance et \u00e9viter les complications.<\/p>\n\n\n\n<p><a href=\"https:\/\/leocare.eu\/fr\/assurance-auto-en-ligne\/electrique\/changement-voiture\/\">Comment maintenir son assurance en changeant de voiture \u00e9lectrique<\/a> \u2013 Apprenez les d\u00e9marches \u00e0 effectuer pour transf\u00e9rer ou modifier votre assurance lors du changement de v\u00e9hicule \u00e9lectrique.<\/p>\n\n\n\n<p><a href=\"https:\/\/leocare.eu\/fr\/assurance-auto-en-ligne\/electrique\/prise-en-charge-employeur\/\">L\u2019employeur doit-il prendre en charge l\u2019assurance voiture \u00e9lectrique de son salari\u00e9 ? <\/a>\u2013 Informez-vous sur les obligations et modalit\u00e9s li\u00e9es \u00e0 la prise en charge de l\u2019assurance auto \u00e9lectrique par l\u2019employeur.<\/p>\n\n\n\n<p><a href=\"https:\/\/leocare.eu\/fr\/assurance-auto-en-ligne\/electrique\/voiture-moins-cher-a-assurer\/\">Quelle voiture \u00e9lectrique co\u00fbte le moins cher en assurance ?<\/a> \u2013 Comparez les mod\u00e8les et d\u00e9couvrez ceux qui offrent le meilleur rapport co\u00fbt\/assurance pour votre budget.<\/p>\n\n\n\n<p><a href=\"https:\/\/leocare.eu\/fr\/assurance-auto-en-ligne\/electrique\/voiture-moins-chere-jeune-conducteur\/\">Quelle voiture \u00e9lectrique co\u00fbte moins cher \u00e0 assurer pour un jeune conducteur<\/a> \u2013 Trouvez les voitures \u00e9lectriques adapt\u00e9es aux jeunes conducteurs et \u00e0 des primes d\u2019assurance abordables.<\/p>\n\n\n\n<p><a href=\"https:\/\/leocare.eu\/fr\/assurance-auto-en-ligne\/electrique\/accident-que-faire\/\">Que faire avec son assurance en cas d\u2019accident de voiture \u00e9lectrique ?<\/a> \u2013 Suivez nos recommandations pour r\u00e9agir efficacement avec votre assurance en cas d\u2019accident impliquant votre voiture \u00e9lectrique.<\/p>\n\n\n\n<p><a href=\"https:\/\/leocare.eu\/fr\/assurance-auto-en-ligne\/electrique\/vendre-voiture-non-assuree\/\">Peut-on vendre une voiture \u00e9lectrique sans assurance ?<\/a> \u2013 D\u00e9couvrez les r\u00e8gles \u00e0 conna\u00eetre pour vendre l\u00e9galement votre voiture \u00e9lectrique, m\u00eame sans assurance.<\/p>\n\n\n\n<p><a href=\"https:\/\/leocare.eu\/fr\/assurance-auto-en-ligne\/electrique\/refus\/\">Comment faire si aucune assurance ne souhaite assurer votre voiture \u00e9lectrique ?<\/a> \u2013 Apprenez les d\u00e9marches \u00e0 entreprendre et les solutions alternatives pour assurer votre voiture \u00e9lectrique si elle est refus\u00e9e par les assureurs.<\/p>\n\n\n\n<p><a href=\"https:\/\/leocare.eu\/fr\/assurance-auto-en-ligne\/electrique\/vol\/\">Assurance en cas de vol d\u2019une voiture \u00e9lectrique<\/a> \u2013 D\u00e9couvrez comment votre assurance peut vous aider en cas de vol de votre voiture \u00e9lectrique et quelles d\u00e9marches entreprendre.<\/p>\n\n\n\n<p><a href=\"https:\/\/leocare.eu\/fr\/assurance-auto-en-ligne\/electrique\/obligatoire\/\">Est-il obligatoire d\u2019assurer une voiture \u00e9lectrique ?<\/a> \u2013 D\u00e9couvrez les obligations l\u00e9gales et les risques li\u00e9s \u00e0 la conduite d\u2019une voiture \u00e9lectrique non assur\u00e9e.<\/p>\n\n\n\n<p><a href=\"https:\/\/leocare.eu\/fr\/assurance-auto-en-ligne\/electrique\/vol-vieux-vehicule\/\">Assurer sa voiture \u00e9lectrique de plus de 10 ans contre le vol<\/a> \u2013 Explorez les options pour prot\u00e9ger votre voiture \u00e9lectrique de plus de 10 ans contre le vol.<\/p>\n\n\n\n<p><a href=\"https:\/\/leocare.eu\/fr\/assurance-auto-en-ligne\/electrique\/acheter-sans-assurance\/\">Acheter une voiture \u00e9lectrique sans assurance auto : est-ce possible ?<\/a> \u2013 Informez-vous sur la possibilit\u00e9 et les implications d\u2019acheter une voiture \u00e9lectrique sans assurance auto.<\/p>\n\n\n\n<p><a href=\"https:\/\/leocare.eu\/fr\/assurance-auto-en-ligne\/electrique\/tous-risques\/\">Que couvre une assurance tous risques pour voiture \u00e9lectrique ?<\/a> \u2013 D\u00e9couvrez ce que couvre l\u2019assurance tous risques pour votre voiture \u00e9lectrique et les avantages qu\u2019elle offre.<\/p>\n\n\n\n<p><a href=\"https:\/\/leocare.eu\/fr\/assurance-auto-en-ligne\/electrique\/ajouter-personne\/\">Comment ajouter quelqu\u2019un sur son assurance pour voiture \u00e9lectrique ?<\/a> \u2013 Suivez nos conseils pour ajouter facilement un conducteur sur votre assurance voiture \u00e9lectrique.<\/p>\n\n\n\n<p><a href=\"https:\/\/leocare.eu\/fr\/assurance-auto-en-ligne\/electrique\/stationnement\/\">Peut-on laisser une voiture \u00e9lectrique sans assurance ?<\/a> \u2013 D\u00e9couvrez les risques et conditions pour laisser une voiture \u00e9lectrique non assur\u00e9e en toute l\u00e9galit\u00e9.<\/p>\n\n\n\n<p><a href=\"https:\/\/leocare.eu\/fr\/assurance-auto-en-ligne\/electrique\/diminution-prime\/\">Baisse de la prime d\u2019assurance auto pour v\u00e9hicule \u00e9lectrique : tout ce que vous devez savoir<\/a> \u2013 Renseignez-vous sur les opportunit\u00e9s de r\u00e9duction de prime pour votre assurance auto \u00e9lectrique et profitez d\u2019\u00e9conomies.<\/p>\n\n\n\n<p><a href=\"https:\/\/leocare.eu\/fr\/assurance-auto-en-ligne\/electrique\/prix-voiture-immobilisee\/\">Combien co\u00fbte l\u2019assurance d\u2019une voiture \u00e9lectrique qui reste au garage ?<\/a> \u2013 Informez-vous sur le co\u00fbt d\u2019assurance d\u2019un v\u00e9hicule \u00e9lectrique qui reste stationn\u00e9, sans utilisation.<\/p>\n\n\n\n<p><a href=\"https:\/\/leocare.eu\/fr\/assurance-auto-en-ligne\/electrique\/prix-au-km\/\">Combien co\u00fbte l\u2019assurance au kilom\u00e8tre d\u2019une voiture \u00e9lectrique ?<\/a> \u2013 D\u00e9couvrez les avantages de l\u2019assurance au kilom\u00e8tre pour votre voiture \u00e9lectrique et les \u00e9conomies possibles.<\/p>\n\n\n\n<p><a href=\"https:\/\/leocare.eu\/fr\/assurance-auto-en-ligne\/electrique\/minimum\/\">Quelle est l\u2019assurance minimum pour une voiture \u00e9lectrique ?<\/a> \u2013 Trouvez les informations essentielles sur la couverture minimum requise pour une voiture \u00e9lectrique.<\/p>\n\n\n\n<p><a href=\"https:\/\/leocare.eu\/fr\/assurance-auto-en-ligne\/electrique\/assurer-vieux-vehicule\/\">Quelle assurance pour une voiture \u00e9lectrique de plus de 10 ans ?<\/a> \u2013 Apprenez quelles assurances sont adapt\u00e9es aux voitures \u00e9lectriques plus anciennes et comment choisir la meilleure formule.<\/p>\n\n\n\n<p><a href=\"https:\/\/leocare.eu\/fr\/assurance-auto-en-ligne\/electrique\/pret\/\">Assurance en cas de pr\u00eat d\u2019une voiture \u00e9lectrique<\/a> \u2013 D\u00e9couvrez quelles garanties doivent \u00eatre en place en cas de pr\u00eat de votre voiture \u00e9lectrique \u00e0 un tiers.<\/p>\n\n\n\n<p><a href=\"https:\/\/leocare.eu\/fr\/assurance-auto-en-ligne\/electrique\/vol-dans-voiture\/\">Assurance en cas de vol dans une voiture \u00e9lectrique<\/a> \u2013 Informez-vous sur la couverture d\u2019assurance en cas de vol d\u2019objets dans votre voiture \u00e9lectrique.<\/p>\n\n\n\n<p><a href=\"https:\/\/leocare.eu\/fr\/assurance-auto-en-ligne\/electrique\/conduire-sans-assurance\/\">Conduire une voiture \u00e9lectrique sans assurance : quels risques ?<\/a> \u2013 Connaissez les cons\u00e9quences et sanctions encourues en conduisant une voiture \u00e9lectrique sans assurance.<\/p>\n\n\n\n<p><a href=\"https:\/\/leocare.eu\/fr\/assurance-auto-en-ligne\/electrique\/location-tout-savoir\/\">L\u2019assurance est-elle obligatoire en cas de location d\u2019une voiture \u00e9lectrique ?<\/a> \u2013 Comprenez vos obligations d\u2019assurance lorsque vous louez une voiture \u00e9lectrique et les garanties n\u00e9cessaires.<\/p>\n\n\n\n<p><a href=\"https:\/\/leocare.eu\/fr\/assurance-auto-en-ligne\/electrique\/location\/\">Quelle assurance choisir quand on loue une voiture \u00e9lectrique ?<\/a> \u2013 D\u00e9couvrez quelle assurance choisir pour louer une voiture \u00e9lectrique en toute s\u00e9r\u00e9nit\u00e9.<\/p>\n\n\n\n<p><a href=\"https:\/\/leocare.eu\/fr\/assurance-auto-en-ligne\/electrique\/comment-beneficier-dun-vehicule-electrique-de-courtoisie\/\">Comment b\u00e9n\u00e9ficier d\u2019un v\u00e9hicule \u00e9lectrique de courtoisie ?<\/a> \u2013 Informez-vous sur les conditions d\u2019obtention et l\u2019assurance d\u2019un v\u00e9hicule de courtoisie en cas de besoin.<\/p>\n\n\n\n<p><\/p>\n","protected":false},"excerpt":{"rendered":"<p>Nous vous d\u00e9voilons dans ces guides d\u00e9di\u00e9s \u00e0 l&rsquo;assurance voiture \u00e9lectrique toutes les informations cruciales pour vous guider dans la s\u00e9lection de votre prochaine assurance auto. Assurance voiture \u00e9lectrique \u2013 D\u00e9couvrez tout ce qu\u2019il faut savoir pour assurer votre voiture \u00e9lectrique efficacement et rouler en toute tranquillit\u00e9 avec la couverture la plus adapt\u00e9e. Quelle assurance [&hellip;]<\/p>\n","protected":false},"author":44,"featured_media":0,"parent":0,"menu_order":0,"comment_status":"closed","ping_status":"closed","template":"template_table_matiere.php","meta":{"_acf_changed":false,"footnotes":""},"class_list":["post-23923","page","type-page","status-publish","hentry"],"acf":[],"yoast_head":"<!-- This site is optimized with the Yoast SEO plugin v27.3 - https:\/\/yoast.com\/product\/yoast-seo-wordpress\/ -->\n<title>Guide de l&#039;assurance pour voitures \u00e9lectriques<\/title>\n<meta name=\"robots\" content=\"index, follow, max-snippet:-1, max-image-preview:large, max-video-preview:-1\" \/>\n<link rel=\"canonical\" href=\"https:\/\/leocare.eu\/fr\/guide-assurance-voiture-electrique\/\" \/>\n<meta property=\"og:locale\" content=\"fr_FR\" \/>\n<meta property=\"og:type\" content=\"article\" \/>\n<meta property=\"og:title\" content=\"Guide de l&#039;assurance pour voitures \u00e9lectriques\" \/>\n<meta property=\"og:description\" content=\"Nous vous d\u00e9voilons dans ces guides d\u00e9di\u00e9s \u00e0 l&rsquo;assurance voiture \u00e9lectrique toutes les informations cruciales pour vous guider dans la s\u00e9lection de votre prochaine assurance auto. Assurance voiture \u00e9lectrique \u2013 D\u00e9couvrez tout ce qu\u2019il faut savoir pour assurer votre voiture \u00e9lectrique efficacement et rouler en toute tranquillit\u00e9 avec la couverture la plus adapt\u00e9e. Quelle assurance [&hellip;]\" \/>\n<meta property=\"og:url\" content=\"https:\/\/leocare.eu\/fr\/guide-assurance-voiture-electrique\/\" \/>\n<meta property=\"og:site_name\" content=\"Leocare, assurance en ligne automobile et habitation\" \/>\n<meta property=\"article:modified_time\" content=\"2026-01-20T09:35:00+00:00\" \/>\n<meta name=\"twitter:card\" content=\"summary_large_image\" \/>\n<meta name=\"twitter:label1\" content=\"Dur\u00e9e de lecture estim\u00e9e\" \/>\n\t<meta name=\"twitter:data1\" content=\"6 minutes\" \/>\n<!-- \/ Yoast SEO plugin. -->","yoast_head_json":{"title":"Guide de l'assurance pour voitures \u00e9lectriques","robots":{"index":"index","follow":"follow","max-snippet":"max-snippet:-1","max-image-preview":"max-image-preview:large","max-video-preview":"max-video-preview:-1"},"canonical":"https:\/\/leocare.eu\/fr\/guide-assurance-voiture-electrique\/","og_locale":"fr_FR","og_type":"article","og_title":"Guide de l'assurance pour voitures \u00e9lectriques","og_description":"Nous vous d\u00e9voilons dans ces guides d\u00e9di\u00e9s \u00e0 l&rsquo;assurance voiture \u00e9lectrique toutes les informations cruciales pour vous guider dans la s\u00e9lection de votre prochaine assurance auto. Assurance voiture \u00e9lectrique \u2013 D\u00e9couvrez tout ce qu\u2019il faut savoir pour assurer votre voiture \u00e9lectrique efficacement et rouler en toute tranquillit\u00e9 avec la couverture la plus adapt\u00e9e. Quelle assurance [&hellip;]","og_url":"https:\/\/leocare.eu\/fr\/guide-assurance-voiture-electrique\/","og_site_name":"Leocare, assurance en ligne automobile et habitation","article_modified_time":"2026-01-20T09:35:00+00:00","twitter_card":"summary_large_image","twitter_misc":{"Dur\u00e9e de lecture estim\u00e9e":"6 minutes"},"schema":{"@context":"https:\/\/schema.org","@graph":[{"@type":"WebPage","@id":"https:\/\/leocare.eu\/fr\/guide-assurance-voiture-electrique\/","url":"https:\/\/leocare.eu\/fr\/guide-assurance-voiture-electrique\/","name":"Guide de l'assurance pour voitures \u00e9lectriques","isPartOf":{"@id":"https:\/\/leocare.eu\/fr\/#website"},"datePublished":"2024-11-13T10:48:31+00:00","dateModified":"2026-01-20T09:35:00+00:00","breadcrumb":{"@id":"https:\/\/leocare.eu\/fr\/guide-assurance-voiture-electrique\/#breadcrumb"},"inLanguage":"fr-FR","potentialAction":[{"@type":"ReadAction","target":["https:\/\/leocare.eu\/fr\/guide-assurance-voiture-electrique\/"]}]},{"@type":"WebSite","@id":"https:\/\/leocare.eu\/fr\/#website","url":"https:\/\/leocare.eu\/fr\/","name":"Leocare, assurance en ligne automobile et habitation","description":"enfin (r)assur\u00e9.e","publisher":{"@id":"https:\/\/leocare.eu\/fr\/#organization"},"potentialAction":[{"@type":"SearchAction","target":{"@type":"EntryPoint","urlTemplate":"https:\/\/leocare.eu\/fr\/?s={search_term_string}"},"query-input":{"@type":"PropertyValueSpecification","valueRequired":true,"valueName":"search_term_string"}}],"inLanguage":"fr-FR"},{"@type":"Organization","@id":"https:\/\/leocare.eu\/fr\/#organization","name":"Leocare, assurance en ligne automobile et habitation","url":"https:\/\/leocare.eu\/fr\/","logo":{"@type":"ImageObject","inLanguage":"fr-FR","@id":"https:\/\/leocare.eu\/fr\/#\/schema\/logo\/image\/","url":"https:\/\/leocare.eu\/fr\/wp-content\/uploads\/2020\/03\/logo-leocare.svg","contentUrl":"https:\/\/leocare.eu\/fr\/wp-content\/uploads\/2020\/03\/logo-leocare.svg","caption":"Leocare, assurance en ligne automobile et habitation"},"image":{"@id":"https:\/\/leocare.eu\/fr\/#\/schema\/logo\/image\/"}}]}},"_links":{"self":[{"href":"https:\/\/leocare.eu\/fr\/wp-json\/wp\/v2\/pages\/23923","targetHints":{"allow":["GET"]}}],"collection":[{"href":"https:\/\/leocare.eu\/fr\/wp-json\/wp\/v2\/pages"}],"about":[{"href":"https:\/\/leocare.eu\/fr\/wp-json\/wp\/v2\/types\/page"}],"author":[{"embeddable":true,"href":"https:\/\/leocare.eu\/fr\/wp-json\/wp\/v2\/users\/44"}],"replies":[{"embeddable":true,"href":"https:\/\/leocare.eu\/fr\/wp-json\/wp\/v2\/comments?post=23923"}],"version-history":[{"count":3,"href":"https:\/\/leocare.eu\/fr\/wp-json\/wp\/v2\/pages\/23923\/revisions"}],"predecessor-version":[{"id":36016,"href":"https:\/\/leocare.eu\/fr\/wp-json\/wp\/v2\/pages\/23923\/revisions\/36016"}],"wp:attachment":[{"href":"https:\/\/leocare.eu\/fr\/wp-json\/wp\/v2\/media?parent=23923"}],"curies":[{"name":"wp","href":"https:\/\/api.w.org\/{rel}","templated":true}]}}