{"id":23627,"date":"2024-10-28T15:26:00","date_gmt":"2024-10-28T14:26:00","guid":{"rendered":"https:\/\/leocare.eu\/fr\/?page_id=23627"},"modified":"2026-04-07T16:54:05","modified_gmt":"2026-04-07T14:54:05","slug":"collection","status":"publish","type":"page","link":"https:\/\/leocare.eu\/fr\/assurance-auto-en-ligne\/types-vehicule\/collection\/","title":{"rendered":"Quelle formule d\u2019assurance pour une voiture de collection ?"},"content":{"rendered":"\n<p><em>Les voitures de collection attirent de plus en plus de passionn\u00e9s. Ces v\u00e9hicules rares, souvent anciens, demandent une attention particuli\u00e8re, notamment en mati\u00e8re d\u2019assurance. Mais quelle formule choisir pour prot\u00e9ger au mieux sa voiture de collection ? Ce guide vous accompagne dans le choix d\u2019une assurance adapt\u00e9e, en abordant les crit\u00e8res de classification, les obligations l\u00e9gales, les formules d\u2019assurance et les tarifs.<\/em><span id=\"docs-internal-guid-32d64e64-7fff-e8e7-350b-021f7addf02e\"><div><span style=\"font-size: 11pt; font-family: Arial, sans-serif; background-color: transparent; font-variant-numeric: normal; font-variant-east-asian: normal; font-variant-alternates: normal; font-variant-position: normal; vertical-align: baseline;\"><\/span><\/div><\/span><\/p>\n\n\n\n<h2 class=\"wp-block-heading\" id=\"section-1-dans-quel-cas-une-voiture-est-qualifie-de-collection-\">Dans quel cas une voiture est qualifi\u00e9e de collection ?<\/h2>\n\n\n\n<p>Une voiture est dite \u00ab de collection \u00bb lorsqu\u2019elle a plus de 30 ans. Ce crit\u00e8re d\u2019anciennet\u00e9 est fix\u00e9 par la loi fran\u00e7aise. Pour obtenir la carte grise de collection, le propri\u00e9taire doit en faire la demande. Ce document facilite notamment les d\u00e9marches en cas de contr\u00f4le et pour souscrire une&nbsp;<a href=\"https:\/\/leocare.eu\/fr\/assurance-auto-en-ligne\/\">assurance auto<\/a>&nbsp;adapt\u00e9e. Il est aussi possible qu\u2019un v\u00e9hicule plus r\u00e9cent, mais rare ou avec une histoire particuli\u00e8re, soit qualifi\u00e9 de collection.&nbsp;<strong>Dans ce cas, des caract\u00e9ristiques uniques, comme une \u00e9dition limit\u00e9e ou un mod\u00e8le d\u2019exception, peuvent jouer un r\u00f4le.<\/strong><\/p>\n\n\n\n<div class=\"bon-a-savoir\">\n\n\n\n<p>Bon \u00e0 savoir<\/p>\n\n\n\n<p>Actuellement, en France, il y aurait environ 800 000 voitures de collection. Ces v\u00e9hicules sont souvent utilis\u00e9s pour des \u00e9v\u00e9nements, des expositions ou des balades occasionnelles. Cela a un impact sur les assurances propos\u00e9es, car les assureurs adaptent leurs formules \u00e0 ce type d\u2019usage.<\/p>\n\n\n\n<\/div>\n\n\n\n<h3 class=\"wp-block-heading\">Quels avantages \u00e0 passer son v\u00e9hicule en collection ?<\/h3>\n\n\n\n<p>Passer son v\u00e9hicule en collection pr\u00e9sente plusieurs avantages. Tout d\u2019abord, la carte grise de collection permet d\u2019obtenir une immatriculation simplifi\u00e9e, notamment pour les v\u00e9hicules anciens import\u00e9s. Ce statut offre \u00e9galement une libert\u00e9 de circulation \u00e9tendue, car certaines restrictions pour les voitures plus \u00e2g\u00e9es sont all\u00e9g\u00e9es.&nbsp;<strong>De plus, les contr\u00f4les techniques sont moins fr\u00e9quents :<\/strong>&nbsp;tous les cinq ans contre deux ans pour les v\u00e9hicules classiques. Cela permet de r\u00e9duire les frais d\u2019entretien.<\/p>\n\n\n\n<p>Autre atout, les assurances sp\u00e9cifiques pour voitures de collection sont souvent plus abordables, car ces v\u00e9hicules roulent moins souvent, r\u00e9duisant ainsi les risques d\u2019accident. Enfin, un v\u00e9hicule de collection bien entretenu prend g\u00e9n\u00e9ralement de la valeur avec le temps.&nbsp;<strong>Cela fait de la voiture de collection un investissement potentiellement int\u00e9ressant<\/strong>. En r\u00e9sum\u00e9, transformer un v\u00e9hicule en collection apporte des avantages \u00e0 la fois administratifs, financiers et patrimoniaux.<\/p>\n\n\n\n<h2 class=\"wp-block-heading\" id=\"section-2-est-il-obligatoire-dassurer-une-voiture-de-collection-\">Est-il obligatoire d\u2019assurer une voiture de collection ?<\/h2>\n\n\n\n<p>M\u00eame si vous conduisez peu, une voiture de collection doit \u00eatre assur\u00e9e. Comme tout v\u00e9hicule terrestre \u00e0 moteur, l\u2019assurance est obligatoire. Le minimum requis est une assurance au tiers, qui couvre les dommages caus\u00e9s \u00e0 autrui. Cela inclut par exemple les dommages mat\u00e9riels ou corporels en cas d\u2019accident.&nbsp;<strong>Vous pouvez \u00e9galement opter pour une&nbsp;<\/strong><a href=\"https:\/\/leocare.eu\/fr\/assurance-auto-en-ligne\/pas-cher\/\"><strong>assurance auto pas ch\u00e8re<\/strong><\/a><strong>&nbsp;comme la formule tiers plus,&nbsp;<\/strong>qui offre des garanties suppl\u00e9mentaires comme le vol ou l\u2019incendie, ou choisir une assurance tous risques pour une couverture compl\u00e8te incluant les dommages subis par votre v\u00e9hicule.&nbsp;<strong>Cependant, si la voiture est immobilis\u00e9e dans un garage, une assurance reste n\u00e9cessaire.<\/strong>&nbsp;Les risques comme les incendies ou les vols doivent \u00eatre pris en compte. Dans ce cas, une garantie \u201cvol\u201d ou \u201cincendie\u201d peut \u00eatre incluse dans la formule. Il est donc indispensable de souscrire une assurance, m\u00eame si votre voiture de collection ne roule pas r\u00e9guli\u00e8rement.&nbsp;<strong>Le non-respect de cette obligation peut entra\u00eener des sanctions, comme une amende de 3 750 euros et la suspension du permis de conduire.<\/strong><\/p>\n\n\n\n<h2 class=\"wp-block-heading\" id=\"section-3-quelle-assurance-choisir-pour-une-voiture-de-collection-\">Quelle assurance choisir pour une voiture de collection ?<\/h2>\n\n\n\n<p>Les formules d\u2019assurances pour voitures de collection sont adapt\u00e9es \u00e0 l\u2019usage sp\u00e9cifique de ces v\u00e9hicules. Il existe trois principales formules :<\/p>\n\n\n\n<ol class=\"wp-block-list\">\n<li><strong>L\u2019<\/strong><a href=\"https:\/\/leocare.eu\/fr\/assurance-auto-en-ligne\/tiers\/\"><strong>assurance au tiers<\/strong><\/a>\u00a0: Cette formule couvre uniquement les dommages caus\u00e9s aux autres. C\u2019est la formule minimale, obligatoire pour tout conducteur. Elle convient aux voitures de collection peu utilis\u00e9es. Cependant, elle ne couvre pas les dommages subis par votre propre v\u00e9hicule en cas d\u2019accident.<\/li>\n\n\n\n<li><strong>L\u2019<\/strong><a href=\"https:\/\/leocare.eu\/fr\/assurance-auto-en-ligne\/tiers\/plus\/\"><strong>assurance au tiers plus<\/strong><\/a>\u00a0: Cette formule inclut des garanties suppl\u00e9mentaires, comme la garantie incendie ou vol. Elle est id\u00e9ale pour les propri\u00e9taires qui souhaitent une protection plus \u00e9tendue tout en limitant le co\u00fbt de l\u2019assurance.<\/li>\n\n\n\n<li><strong>L\u2019<\/strong><a href=\"https:\/\/leocare.eu\/fr\/assurance-auto-en-ligne\/tous-risques\/\"><strong>assurance tous risques<\/strong><\/a>\u00a0: Cette formule offre une couverture compl\u00e8te. Elle inclut les dommages subis par la voiture, m\u00eame en cas de responsabilit\u00e9. Cela peut s\u2019av\u00e9rer int\u00e9ressant si votre voiture de collection a une grande valeur. La plupart des assureurs proposent aussi une assistance 24h\/24 en cas de panne ou d\u2019accident.<\/li>\n\n\n\n<li><\/li>\n<\/ol>\n\n\n\n<div class=\"bon-a-savoir\">\n\n\n\n<p>Bon \u00e0 savoir<\/p>\n\n\n\n<p>Il est important de bien d\u00e9finir vos besoins avant de souscrire un contrat. Si vous participez \u00e0 des rallyes ou \u00e0 des expositions, v\u00e9rifiez les garanties propos\u00e9es. Certaines formules d\u2019assurance incluent une couverture sp\u00e9cifique pour ce type d\u2019\u00e9v\u00e9nements.&nbsp;<strong>Par ailleurs, pensez \u00e0 comparer les devis des diff\u00e9rentes compagnies d\u2019assurances pour trouver la meilleure offre.<\/strong><\/p>\n\n\n\n<\/div>\n\n\n\n<h2 class=\"wp-block-heading\" id=\"section-4-quel-prix-pour-assurer-une-voiture-de-collection-\">Quel prix pour assurer une voiture de collection ?<\/h2>\n\n\n\n<p>Le co\u00fbt de l\u2019assurance pour une voiture de collection d\u00e9pend de plusieurs facteurs. Tout d\u2019abord, la valeur du v\u00e9hicule et son usage influencent le montant de la prime.&nbsp;<strong>Plus le v\u00e9hicule est rare ou utilis\u00e9 fr\u00e9quemment, plus le prix de l\u2019assurance sera \u00e9lev\u00e9.<\/strong><\/p>\n\n\n\n<p>En g\u00e9n\u00e9ral, les assurances pour voitures de collection sont moins ch\u00e8res que pour des v\u00e9hicules standards. Pourquoi ? Car ces autos sont souvent utilis\u00e9es moins r\u00e9guli\u00e8rement, et les risques d\u2019accident sont moindres.&nbsp;<strong>Selon les estimations, le co\u00fbt moyen d\u2019une assurance pour une voiture de collection se situe entre <span class=\"change-price\">161<\/span> et <span class=\"change-price\">535<\/span><\/span> euros par an.<\/strong><\/p>\n\n\n\n<figure class=\"wp-block-table\"><table class=\"has-fixed-layout\"><thead><tr><th><strong>Voiture de collection<\/strong><\/th><th><strong>Prix assurance au Tiers (\u20ac\/an)<\/strong><\/th><th><strong>Prix assurance Tiers+ (\u20ac\/an)<\/strong><\/th><th><strong>Prix assurance Tous risques (\u20ac\/an)<\/strong><\/th><\/tr><\/thead><tbody><tr><td><strong>Volkswagen Coccinelle<\/strong><\/td><td><span class=\"change-price\">193<\/span> \u20ac<\/td><td><span class=\"change-price\">225<\/span> \u20ac<\/td><td><span class=\"change-price\">300<\/span> \u20ac<\/td><\/tr><tr><td><strong>Mercedes-Benz SL (R107)<\/strong><\/td><td><span class=\"change-price\">268<\/span> \u20ac<\/td><td><span class=\"change-price\">321<\/span> \u20ac<\/td><td><span class=\"change-price\">428<\/span> \u20ac<\/td><\/tr><tr><td><strong>Jaguar Type E<\/strong><\/td><td><span class=\"change-price\">375<\/span> \u20ac<\/td><td><span class=\"change-price\">428<\/span> \u20ac<\/td><td><span class=\"change-price\">535<\/span> \u20ac<\/td><\/tr><tr><td><strong>Ford Mustang 1967<\/strong><\/td><td><span class=\"change-price\">428<\/span> \u20ac<\/td><td><span class=\"change-price\">482<\/span> \u20ac<\/td><td><span class=\"change-price\">589<\/span> \u20ac<\/td><\/tr><tr><td><strong>Chevrolet Corvette C3<\/strong><\/td><td><span class=\"change-price\">449<\/span> \u20ac<\/td><td><span class=\"change-price\">514<\/span> \u20ac<\/td><td><span class=\"change-price\">642<\/span> \u20ac<\/td><\/tr><tr><td><strong>Ferrari 308<\/strong><\/td><td><span class=\"change-price\">482<\/span> \u20ac<\/td><td><span class=\"change-price\">535<\/span> \u20ac<\/td><td><span class=\"change-price\">696<\/span> \u20ac<\/td><\/tr><\/tbody><\/table><\/figure>\n\n\n\n<p>Certaines compagnies proposent des r\u00e9ductions pour les conducteurs exp\u00e9riment\u00e9s ou si le v\u00e9hicule est gard\u00e9 dans un garage s\u00e9curis\u00e9.&nbsp;<strong>Des options comme la garantie \u00ab&nbsp;<\/strong><a href=\"https:\/\/leocare.eu\/fr\/assurance-auto-en-ligne\/couverture\/garanties\/complementaires\/dommages-materiels\/bris-de-glace\/\"><strong>bris de glace<\/strong><\/a><strong>&nbsp;\u00bb ou la garantie \u00ab&nbsp;<\/strong><a href=\"https:\/\/leocare.eu\/fr\/assurance-auto-en-ligne\/couverture\/garanties\/complementaires\/dommages-juridiques-financiers\/valeur-a-neuf\/\"><strong>valeur \u00e0 neuf<\/strong><\/a><strong>&nbsp;\u00bb peuvent aussi faire varier le co\u00fbt de la prime.&nbsp;<\/strong>Il est recommand\u00e9 de bien \u00e9tudier les options de garanties pour choisir la formule qui convient le mieux \u00e0 votre budget et \u00e0 vos besoins.<\/p>\n\n\n\n<p>Il est \u00e9galement utile de savoir que la souscription d\u2019une assurance multiv\u00e9hicules, incluant plusieurs voitures de collection, peut permettre de b\u00e9n\u00e9ficier de r\u00e9ductions suppl\u00e9mentaires.&nbsp;<strong>En tant que collectionneur, cela peut \u00eatre avantageux pour r\u00e9duire les co\u00fbts.<\/strong><\/p>\n\n\n\n<p>Choisir une assurance pour une voiture de collection n\u00e9cessite de bien comprendre les sp\u00e9cificit\u00e9s de ce type de v\u00e9hicule. L\u2019anciennet\u00e9, l\u2019usage et la raret\u00e9 sont des crit\u00e8res cl\u00e9s pour bien s\u00e9lectionner votre formule. Que vous optiez pour une assurance au tiers ou une couverture tous risques, il est essentiel de souscrire un contrat qui correspond \u00e0 vos besoins.&nbsp;<strong>Demandez plusieurs devis et comparez les garanties propos\u00e9es pour profiter d\u2019une assurance adapt\u00e9e, \u00e0 un prix raisonnable.<\/strong>&nbsp;Conduisez sereinement votre voiture de collection, avec la formule d\u2019assurance qui la prot\u00e8ge au mieux !<\/p>\n","protected":false},"excerpt":{"rendered":"<p>Les voitures de collection attirent de plus en plus de passionn\u00e9s. Ces v\u00e9hicules rares, souvent anciens, demandent une attention particuli\u00e8re, notamment en mati\u00e8re d\u2019assurance. Mais quelle formule choisir pour prot\u00e9ger au mieux sa voiture de collection ? Ce guide vous accompagne dans le choix d\u2019une assurance adapt\u00e9e, en abordant les crit\u00e8res de classification, les obligations [&hellip;]<\/p>\n","protected":false},"author":34,"featured_media":21792,"parent":23605,"menu_order":0,"comment_status":"closed","ping_status":"closed","template":"template_seo.php","meta":{"_acf_changed":false,"footnotes":""},"class_list":["post-23627","page","type-page","status-publish","has-post-thumbnail","hentry"],"acf":[],"yoast_head":"<!-- This site is optimized with the Yoast SEO plugin v27.3 - https:\/\/yoast.com\/product\/yoast-seo-wordpress\/ -->\n<title>Tout savoir sur les assurances pour voitures de collection<\/title>\n<meta name=\"robots\" content=\"index, follow, max-snippet:-1, max-image-preview:large, max-video-preview:-1\" \/>\n<link rel=\"canonical\" href=\"https:\/\/leocare.eu\/fr\/assurance-auto-en-ligne\/types-vehicule\/collection\/\" \/>\n<meta property=\"og:locale\" content=\"fr_FR\" \/>\n<meta property=\"og:type\" content=\"article\" \/>\n<meta property=\"og:title\" content=\"Tout savoir sur les assurances pour voitures de collection\" \/>\n<meta property=\"og:description\" content=\"Les voitures de collection attirent de plus en plus de passionn\u00e9s. Ces v\u00e9hicules rares, souvent anciens, demandent une attention particuli\u00e8re, notamment en mati\u00e8re d\u2019assurance. Mais quelle formule choisir pour prot\u00e9ger au mieux sa voiture de collection ? Ce guide vous accompagne dans le choix d\u2019une assurance adapt\u00e9e, en abordant les crit\u00e8res de classification, les obligations [&hellip;]\" \/>\n<meta property=\"og:url\" content=\"https:\/\/leocare.eu\/fr\/assurance-auto-en-ligne\/types-vehicule\/collection\/\" \/>\n<meta property=\"og:site_name\" content=\"Leocare, assurance en ligne automobile et habitation\" \/>\n<meta property=\"article:modified_time\" content=\"2026-04-07T14:54:05+00:00\" \/>\n<meta property=\"og:image\" content=\"https:\/\/leocare.eu\/fr\/wp-content\/uploads\/2024\/05\/voiture-violette.jpg\" \/>\n\t<meta property=\"og:image:width\" content=\"1200\" \/>\n\t<meta property=\"og:image:height\" content=\"476\" \/>\n\t<meta property=\"og:image:type\" content=\"image\/jpeg\" \/>\n<meta name=\"twitter:card\" content=\"summary_large_image\" \/>\n<meta name=\"twitter:label1\" content=\"Est. reading time\" \/>\n\t<meta name=\"twitter:data1\" content=\"6 minutes\" \/>\n<!-- \/ Yoast SEO plugin. -->","yoast_head_json":{"title":"Tout savoir sur les assurances pour voitures de collection","robots":{"index":"index","follow":"follow","max-snippet":"max-snippet:-1","max-image-preview":"max-image-preview:large","max-video-preview":"max-video-preview:-1"},"canonical":"https:\/\/leocare.eu\/fr\/assurance-auto-en-ligne\/types-vehicule\/collection\/","og_locale":"fr_FR","og_type":"article","og_title":"Tout savoir sur les assurances pour voitures de collection","og_description":"Les voitures de collection attirent de plus en plus de passionn\u00e9s. Ces v\u00e9hicules rares, souvent anciens, demandent une attention particuli\u00e8re, notamment en mati\u00e8re d\u2019assurance. Mais quelle formule choisir pour prot\u00e9ger au mieux sa voiture de collection ? Ce guide vous accompagne dans le choix d\u2019une assurance adapt\u00e9e, en abordant les crit\u00e8res de classification, les obligations [&hellip;]","og_url":"https:\/\/leocare.eu\/fr\/assurance-auto-en-ligne\/types-vehicule\/collection\/","og_site_name":"Leocare, assurance en ligne automobile et habitation","article_modified_time":"2026-04-07T14:54:05+00:00","og_image":[{"width":1200,"height":476,"url":"https:\/\/leocare.eu\/fr\/wp-content\/uploads\/2024\/05\/voiture-violette.jpg","type":"image\/jpeg"}],"twitter_card":"summary_large_image","twitter_misc":{"Est. reading time":"6 minutes"},"schema":{"@context":"https:\/\/schema.org","@graph":[{"@type":"WebPage","@id":"https:\/\/leocare.eu\/fr\/assurance-auto-en-ligne\/types-vehicule\/collection\/","url":"https:\/\/leocare.eu\/fr\/assurance-auto-en-ligne\/types-vehicule\/collection\/","name":"Tout savoir sur les assurances pour voitures de collection","isPartOf":{"@id":"https:\/\/leocare.eu\/fr\/#website"},"primaryImageOfPage":{"@id":"https:\/\/leocare.eu\/fr\/assurance-auto-en-ligne\/types-vehicule\/collection\/#primaryimage"},"image":{"@id":"https:\/\/leocare.eu\/fr\/assurance-auto-en-ligne\/types-vehicule\/collection\/#primaryimage"},"thumbnailUrl":"https:\/\/leocare.eu\/fr\/wp-content\/uploads\/2024\/05\/voiture-violette.jpg","datePublished":"2024-10-28T14:26:00+00:00","dateModified":"2026-04-07T14:54:05+00:00","breadcrumb":{"@id":"https:\/\/leocare.eu\/fr\/assurance-auto-en-ligne\/types-vehicule\/collection\/#breadcrumb"},"inLanguage":"fr-FR","potentialAction":[{"@type":"ReadAction","target":["https:\/\/leocare.eu\/fr\/assurance-auto-en-ligne\/types-vehicule\/collection\/"]}]},{"@type":"ImageObject","inLanguage":"fr-FR","@id":"https:\/\/leocare.eu\/fr\/assurance-auto-en-ligne\/types-vehicule\/collection\/#primaryimage","url":"https:\/\/leocare.eu\/fr\/wp-content\/uploads\/2024\/05\/voiture-violette.jpg","contentUrl":"https:\/\/leocare.eu\/fr\/wp-content\/uploads\/2024\/05\/voiture-violette.jpg","width":1200,"height":476,"caption":"voiture violette"},{"@type":"WebSite","@id":"https:\/\/leocare.eu\/fr\/#website","url":"https:\/\/leocare.eu\/fr\/","name":"Leocare, assurance en ligne automobile et habitation","description":"enfin (r)assur\u00e9.e","publisher":{"@id":"https:\/\/leocare.eu\/fr\/#organization"},"potentialAction":[{"@type":"SearchAction","target":{"@type":"EntryPoint","urlTemplate":"https:\/\/leocare.eu\/fr\/?s={search_term_string}"},"query-input":{"@type":"PropertyValueSpecification","valueRequired":true,"valueName":"search_term_string"}}],"inLanguage":"fr-FR"},{"@type":"Organization","@id":"https:\/\/leocare.eu\/fr\/#organization","name":"Leocare, assurance en ligne automobile et habitation","url":"https:\/\/leocare.eu\/fr\/","logo":{"@type":"ImageObject","inLanguage":"fr-FR","@id":"https:\/\/leocare.eu\/fr\/#\/schema\/logo\/image\/","url":"https:\/\/leocare.eu\/fr\/wp-content\/uploads\/2020\/03\/logo-leocare.svg","contentUrl":"https:\/\/leocare.eu\/fr\/wp-content\/uploads\/2020\/03\/logo-leocare.svg","caption":"Leocare, assurance en ligne automobile et habitation"},"image":{"@id":"https:\/\/leocare.eu\/fr\/#\/schema\/logo\/image\/"}}]}},"_links":{"self":[{"href":"https:\/\/leocare.eu\/fr\/wp-json\/wp\/v2\/pages\/23627","targetHints":{"allow":["GET"]}}],"collection":[{"href":"https:\/\/leocare.eu\/fr\/wp-json\/wp\/v2\/pages"}],"about":[{"href":"https:\/\/leocare.eu\/fr\/wp-json\/wp\/v2\/types\/page"}],"author":[{"embeddable":true,"href":"https:\/\/leocare.eu\/fr\/wp-json\/wp\/v2\/users\/34"}],"replies":[{"embeddable":true,"href":"https:\/\/leocare.eu\/fr\/wp-json\/wp\/v2\/comments?post=23627"}],"version-history":[{"count":6,"href":"https:\/\/leocare.eu\/fr\/wp-json\/wp\/v2\/pages\/23627\/revisions"}],"predecessor-version":[{"id":39846,"href":"https:\/\/leocare.eu\/fr\/wp-json\/wp\/v2\/pages\/23627\/revisions\/39846"}],"up":[{"embeddable":true,"href":"https:\/\/leocare.eu\/fr\/wp-json\/wp\/v2\/pages\/23605"}],"wp:featuredmedia":[{"embeddable":true,"href":"https:\/\/leocare.eu\/fr\/wp-json\/wp\/v2\/media\/21792"}],"wp:attachment":[{"href":"https:\/\/leocare.eu\/fr\/wp-json\/wp\/v2\/media?parent=23627"}],"curies":[{"name":"wp","href":"https:\/\/api.w.org\/{rel}","templated":true}]}}