{"id":23623,"date":"2024-10-28T15:02:01","date_gmt":"2024-10-28T14:02:01","guid":{"rendered":"https:\/\/leocare.eu\/fr\/?page_id=23623"},"modified":"2026-04-07T16:54:04","modified_gmt":"2026-04-07T14:54:04","slug":"hybride","status":"publish","type":"page","link":"https:\/\/leocare.eu\/fr\/assurance-auto-en-ligne\/types-vehicule\/hybride\/","title":{"rendered":"Assurance pour voiture hybride"},"content":{"rendered":"\n<p><em>Avec l\u2019essor des voitures hybrides, de nombreuses personnes se posent la question de l\u2019<a href=\"https:\/\/leocare.eu\/fr\/assurance-auto-en-ligne\/\">assurance auto<\/a>. Est-il plus cher d\u2019assurer une voiture hybride par rapport \u00e0 une voiture traditionnelle ? Pour y r\u00e9pondre, examinons ce qu&rsquo;est une voiture hybride, son co\u00fbt d&rsquo;assurance, la meilleure formule \u00e0 choisir, les conseils pratiques \u00e0 suivre, et les garanties essentielles \u00e0 consid\u00e9rer dans votre contrat d\u2019assurance.<\/em><span id=\"docs-internal-guid-1fb86715-7fff-07b8-df51-dfa41c93c559\"><div><span style=\"font-size: 11pt; font-family: Arial, sans-serif; background-color: transparent; font-style: italic; font-variant-numeric: normal; font-variant-east-asian: normal; font-variant-alternates: normal; font-variant-position: normal; vertical-align: baseline;\"><\/span><\/div><\/span><\/p>\n\n\n\n<h2 class=\"wp-block-heading\" id=\"section-1-rappel-quest-ce-quune-voiture-hybride-\">Rappel : qu\u2019est-ce qu\u2019une voiture hybride ?<\/h2>\n\n\n\n<p>Une voiture hybride est un v\u00e9hicule qui utilise deux sources d\u2019\u00e9nergie pour fonctionner&nbsp;<strong>: un moteur thermique (essence ou diesel) et un moteur \u00e9lectrique.&nbsp;<\/strong>Ce syst\u00e8me hybride permet d\u2019optimiser la consommation de carburant et de r\u00e9duire les \u00e9missions de CO2, offrant ainsi une alternative plus \u00e9cologique aux voitures traditionnelles.<\/p>\n\n\n\n<h2 class=\"wp-block-heading\" id=\"section-2-fonctionnement-des-voitures-hybrides\">Fonctionnement des voitures hybrides<\/h2>\n\n\n\n<p>Le principe de base d\u2019une voiture hybride repose sur la combinaison de ces deux types de moteurs. Voici comment cela fonctionne :<\/p>\n\n\n\n<ol class=\"wp-block-list\">\n<li><strong>Moteur thermique :<\/strong>\u00a0Le moteur \u00e0 combustion interne est g\u00e9n\u00e9ralement utilis\u00e9 pour les trajets plus longs et lorsque la demande de puissance est \u00e9lev\u00e9e. Il fonctionne avec du carburant classique et entra\u00eene les roues du v\u00e9hicule.<\/li>\n\n\n\n<li><strong>Moteur \u00e9lectrique<\/strong>\u00a0: Le moteur \u00e9lectrique est activ\u00e9 lors des d\u00e9marrages, \u00e0 faible vitesse, ou dans des situations de conduite urbaine. Il est aliment\u00e9 par une batterie rechargeable qui se recharge gr\u00e2ce \u00e0 la r\u00e9cup\u00e9ration d\u2019\u00e9nergie lors du freinage. Cette technologie, connue sous le nom de \u201cr\u00e9cup\u00e9ration d\u2019\u00e9nergie\u201d, permet de transformer l\u2019\u00e9nergie cin\u00e9tique en \u00e9lectricit\u00e9, ce qui augmente l\u2019autonomie du v\u00e9hicule.<\/li>\n\n\n\n<li><strong>Gestion intelligente :\u00a0<\/strong>Les syst\u00e8mes \u00e9lectroniques des voitures hybrides g\u00e8rent automatiquement le passage d\u2019un moteur \u00e0 l\u2019autre, selon les besoins de conduite. Cela permet d\u2019optimiser la consommation de carburant et de minimiser les \u00e9missions de gaz \u00e0 effet de serre.<\/li>\n<\/ol>\n\n\n\n<h2 class=\"wp-block-heading\" id=\"section-3-types-de-voitures-hybrides\">Types de voitures hybrides<\/h2>\n\n\n\n<p>Il existe principalement trois types de voitures hybrides :<\/p>\n\n\n\n<ol class=\"wp-block-list\">\n<li><strong>Hybrides compl\u00e8tes (full hybrids) :\u00a0<\/strong>Ces v\u00e9hicules\u00a0<strong>peuvent fonctionner uniquement avec le moteur \u00e9lectrique sur de courtes distances.<\/strong>\u00a0Le Toyota Prius est un exemple embl\u00e9matique. Ils alternent entre les deux moteurs pour maximiser l\u2019efficacit\u00e9 \u00e9nerg\u00e9tique.<\/li>\n\n\n\n<li><strong>Hybrides l\u00e9g\u00e8res (mild hybrids) :\u00a0<\/strong>Ces voitures ne peuvent pas fonctionner en mode 100 % \u00e9lectrique.<strong>\u00a0Le moteur \u00e9lectrique assiste le moteur thermique, principalement pour am\u00e9liorer l\u2019acc\u00e9l\u00e9ration<\/strong>\u00a0et r\u00e9duire la consommation de carburant. Elles utilisent une batterie de plus petite taille et sont souvent moins co\u00fbteuses que les hybrides compl\u00e8tes.<\/li>\n\n\n\n<li><strong>Hybrides rechargeables (plug-in hybrids) :\u00a0<\/strong>Ces mod\u00e8les peuvent \u00eatre recharg\u00e9s via une prise \u00e9lectrique et offrent une autonomie \u00e9lectrique plus importante que les autres types. Ils sont id\u00e9aux pour les trajets quotidiens, car ils peuvent fonctionner uniquement sur l\u2019\u00e9nergie \u00e9lectrique pour des distances allant jusqu\u2019\u00e0 50 kilom\u00e8tres. Une fois la batterie d\u00e9charg\u00e9e, le moteur thermique prend le relais.<\/li>\n<\/ol>\n\n\n\n<h2 class=\"wp-block-heading\" id=\"section-4-avantages-et-inconvnients\">Avantages et inconv\u00e9nients<\/h2>\n\n\n\n<h3 class=\"wp-block-heading\">Avantages :<\/h3>\n\n\n\n<ul class=\"wp-block-list\">\n<li><strong>\u00c9conomie de carburant :<\/strong>\u00a0Les voitures hybrides consomment entre 10 et 30 % de carburant en moins que les v\u00e9hicules traditionnels.<\/li>\n\n\n\n<li><strong>R\u00e9duction des \u00e9missions :<\/strong>\u00a0Elles \u00e9mettent moins de CO2, contribuant ainsi \u00e0 la protection de l\u2019environnement.<\/li>\n\n\n\n<li><strong>Moins de bruit :\u00a0<\/strong>En mode \u00e9lectrique, ces v\u00e9hicules sont silencieux, ce qui am\u00e9liore le confort de conduite.<\/li>\n<\/ul>\n\n\n\n<h3 class=\"wp-block-heading\">Inconv\u00e9nients :<\/h3>\n\n\n\n<ul class=\"wp-block-list\">\n<li><strong>Co\u00fbt d\u2019achat :<\/strong>\u00a0Les voitures hybrides sont souvent plus ch\u00e8res \u00e0 l\u2019achat que leurs homologues thermiques, en raison de la technologie avanc\u00e9e.<\/li>\n\n\n\n<li><strong>Entretien sp\u00e9cifique :\u00a0<\/strong>Bien que les frais d\u2019entretien soient g\u00e9n\u00e9ralement r\u00e9duits, certains composants, comme la batterie rechargeable, peuvent n\u00e9cessiter un remplacement co\u00fbteux.<\/li>\n<\/ul>\n\n\n\n<h2 class=\"wp-block-heading\" id=\"section-5-quel-prix-pour-assurer-une-voiture-hybride-\">Quel prix pour assurer une voiture hybride ?<\/h2>\n\n\n\n<p>Assurer une voiture hybride peut soulever de nombreuses questions, notamment sur le co\u00fbt de la prime d\u2019<a href=\"https:\/\/leocare.eu\/fr\/assurance-auto-en-ligne\/electrique\/\"><strong>assurance voiture \u00e9lectrique<\/strong><\/a>. Contrairement \u00e0 une id\u00e9e re\u00e7ue, assurer une voiture hybride ne co\u00fbte pas n\u00e9cessairement plus cher qu\u2019assurer un v\u00e9hicule \u00e0 moteur thermique. En effet, plusieurs \u00e9tudes montrent que les primes d\u2019assurance pour les v\u00e9hicules hybrides sont souvent plus avantageuses, surtout si l\u2019on tient compte du nombre r\u00e9duit de sinistre rapport\u00e9 pour ce type de v\u00e9hicule.<\/p>\n\n\n\n<h3 class=\"wp-block-heading\">Co\u00fbt moyen de l\u2019assurance<\/h3>\n\n\n\n<p>En France, le co\u00fbt moyen d\u2019une&nbsp;<a href=\"https:\/\/leocare.eu\/fr\/assurance-auto-en-ligne\/pas-cher\/\"><strong>assurance auto \u00e9conomique<\/strong><\/a>&nbsp;pour une voiture hybride varie entre 600 et <span class=\"change-price\">856<\/span> euros par an. Toutefois, ce montant peut fluctuer en fonction de plusieurs facteurs, tels que :<\/p>\n\n\n\n<ul class=\"wp-block-list\">\n<li><strong>Le mod\u00e8le de la voiture<\/strong>\u00a0: Certains mod\u00e8les de voitures hybrides sont plus chers \u00e0 assurer en raison de leur valeur de revente.<\/li>\n\n\n\n<li><strong>L\u2019\u00e2ge et l\u2019exp\u00e9rience du conducteur<\/strong>\u00a0: Un conducteur plus \u00e2g\u00e9 et exp\u00e9riment\u00e9 peut b\u00e9n\u00e9ficier de primes plus basses gr\u00e2ce \u00e0 un coefficient bonus-malus favorable.<\/li>\n\n\n\n<li><strong>Le type de couverture choisie :<\/strong>\u00a0<strong>L\u2019<\/strong><a href=\"https:\/\/leocare.eu\/fr\/assurance-auto-en-ligne\/tiers\/\"><strong>assurance au tiers<\/strong><\/a>\u00a0sera g\u00e9n\u00e9ralement plus co\u00fbteuse que l\u2019<a href=\"https:\/\/leocare.eu\/fr\/assurance-auto-en-ligne\/tiers\/plus\/\"><strong>assurance tiers plus<\/strong><\/a><strong>.<\/strong><\/li>\n\n\n\n<li><strong>Le lieu de r\u00e9sidence<\/strong>\u00a0:\u00a0 Les tarifs peuvent varier selon la r\u00e9gion en raison des diff\u00e9rences dans le taux d\u2019accident et de sinistre.<\/li>\n<\/ul>\n\n\n\n<div class=\"bon-a-savoir\">\n\n\n\n<p>Bon \u00e0 savoir<\/p>\n\n\n\n<p>Pensez \u00e0 consulter les services qu\u2019offrent votre assurance : elles peuvent vous mettre \u00e0 disposition de nombreux services gratuits (assistance, garages partenaires\u2026) pour <span class=\"change-price\">0<\/span> \u20ac.<\/p>\n\n\n\n<\/div>\n\n\n\n<h3 class=\"wp-block-heading\">Facteurs influen\u00e7ant le co\u00fbt de l\u2019assurance<\/h3>\n\n\n\n<ol class=\"wp-block-list\">\n<li><strong>Valeur du v\u00e9hicule<\/strong>\u00a0: Plus la valeur marchande de la voiture hybride est \u00e9lev\u00e9e, plus la prime d\u2019assurance le sera aussi.<\/li>\n\n\n\n<li><strong>Profil de conduite<\/strong>\u00a0: Les assureurs prennent en compte votre historique de conduite, y compris le nombre d\u2019accidents ou de sinistres sur les derni\u00e8res ann\u00e9es.<\/li>\n\n\n\n<li><strong>Utilisation du v\u00e9hicule<\/strong>\u00a0: Le kilom\u00e9trage annuel et l\u2019utilisation (professionnelle ou personnelle) peuvent \u00e9galement influer sur le tarif.<\/li>\n<\/ol>\n\n\n\n<h3 class=\"wp-block-heading\">Comparatif des prix d\u2019assurance pour diff\u00e9rents mod\u00e8les de voitures hybrides<\/h3>\n\n\n\n<p>Voici un tableau comparatif des primes d\u2019<a href=\"https:\/\/leocare.eu\/fr\/assurance-auto-en-ligne\/tous-risques\/\"><strong>assurance tous risques<\/strong><\/a>&nbsp;annuelles pour quelques mod\u00e8les de voitures hybrides populaires. Les prix indiqu\u00e9s sont des moyennes bas\u00e9es sur des \u00e9tudes tarifaires et peuvent varier en fonction de l\u2019assureur et des sp\u00e9cificit\u00e9s du conducteur.<\/p>\n\n\n\n<figure class=\"wp-block-table\"><table class=\"has-fixed-layout\"><thead><tr><th><strong>Mod\u00e8le de voiture hybride<\/strong><\/th><th><strong>Co\u00fbt moyen de l\u2019assurance (en euros\/an)<\/strong><\/th><th><strong>Type d\u2019assurance recommand\u00e9e<\/strong><\/th><\/tr><\/thead><tbody><tr><td>Kia Niro<\/td><td><span class=\"change-price\">728<\/span> \u20ac<\/td><td>Tous risques<\/td><\/tr><tr><td><strong>Honda CR-V Hybride<\/strong><\/td><td><span class=\"change-price\">803<\/span> \u20ac<\/td><td>Interm\u00e9diaire<\/td><\/tr><tr><td>Ford Kuga Hybride<\/td><td><span class=\"change-price\">792<\/span> \u20ac<\/td><td>Tous risques<\/td><\/tr><tr><td>Toyota Yaris Hybride<\/td><td><span class=\"change-price\">642<\/span> \u20ac<\/td><td>Au tiers ou interm\u00e9diaire<\/td><\/tr><\/tbody><\/table><\/figure>\n\n\n\n<div class=\"bon-a-savoir\">\n\n\n\n<p>Bon \u00e0 savoir<\/p>\n\n\n\n<p><strong>Les mod\u00e8les comme le Renault Captur et le Toyota Yaris pr\u00e9sentent des tarifs tr\u00e8s comp\u00e9titifs,<\/strong>&nbsp;rendant ces v\u00e9hicules hybrides accessibles en termes de co\u00fbts d\u2019assurance.<\/p>\n\n\n\n<\/div>\n\n\n\n<h2 class=\"wp-block-heading\" id=\"section-6-quelle-est-la-meilleure-formule-pour-assurer-sa-voiture-hybr\">Quelle est la meilleure formule pour assurer sa voiture hybride ?<\/h2>\n\n\n\n<p>Lors de la souscription d\u2019une assurance pour votre voiture hybride, il est crucial de choisir la formule qui correspond \u00e0 vos besoins. Voici les principales options :<\/p>\n\n\n\n<ul class=\"wp-block-list\">\n<li><strong>Assurance au tiers :\u00a0<\/strong>C\u2019est la couverture minimale l\u00e9gale. Elle prot\u00e8ge les tiers en cas d\u2019accident caus\u00e9 par votre v\u00e9hicule. Elle est g\u00e9n\u00e9ralement la moins ch\u00e8re, mais ne couvre pas les dommages subis par votre propre voiture.<\/li>\n\n\n\n<li><strong>Assurance tiers plus :<\/strong>\u00a0Cette formule inclut l\u2019assurance au tiers, mais offre \u00e9galement une protection contre le vol, l\u2019incendie et les catastrophes naturelles. Elle peut \u00eatre un bon compromis si vous souhaitez une protection suppl\u00e9mentaire sans payer le prix fort.<\/li>\n<\/ul>\n\n\n\n<p><strong>Assurance tous risques :<\/strong>&nbsp;C\u2019est la formule la plus compl\u00e8te. Elle couvre tous les dommages, que vous soyez responsable ou non. Cette option est recommand\u00e9e pour les voitures de valeur \u00e9lev\u00e9e, comme beaucoup de mod\u00e8les hybrides. Certaines assurances proposent aussi d\u2019assurer en compl\u00e9ment la borne de recharge.<\/p>\n\n\n\n<div class=\"bon-a-savoir\">\n\n\n\n<p>Bon \u00e0 savoir<\/p>\n\n\n\n<p>Choisir la bonne formule d\u00e9pend de votre situation personnelle, de l\u2019utilisation que vous faites de votre v\u00e9hicule et de votre budget.<\/p>\n\n\n\n<\/div>\n\n\n\n<h2 class=\"wp-block-heading\" id=\"section-7-pour-quelles-garanties-opter-lorsquon-assure-son-vhicule-hyb\">Pour quelles garanties opter lorsqu\u2019on assure son v\u00e9hicule hybride ?<\/h2>\n\n\n\n<p>Lors de la souscription d\u2019une assurance auto, il est essentiel de bien \u00e9valuer les garanties \u00e0 inclure dans votre contrat :<\/p>\n\n\n\n<ul class=\"wp-block-list\">\n<li><a href=\"https:\/\/leocare.eu\/fr\/assurance-auto-en-ligne\/couverture\/garanties\/responsabilite-civile\/\"><strong>Garantie responsabilit\u00e9 civile<\/strong><\/a><strong>\u00a0:\u00a0<\/strong>C\u2019est la couverture de base qui est obligatoire. Elle couvre les dommages caus\u00e9s \u00e0 autrui.<\/li>\n\n\n\n<li><a href=\"https:\/\/leocare.eu\/fr\/assurance-auto-en-ligne\/couverture\/garanties\/complementaires\/dommages-materiels\/vol\/\"><strong>Garantie vol\u00a0<\/strong><\/a><strong>:<\/strong>\u00a0\u00c9tant donn\u00e9 que les voitures hybrides peuvent avoir une valeur marchande \u00e9lev\u00e9e, cette garantie est fortement conseill\u00e9e.<\/li>\n\n\n\n<li><a href=\"https:\/\/leocare.eu\/fr\/assurance-auto-en-ligne\/couverture\/assistance-auto\/depannage\/\"><strong>Assistance panne<\/strong><\/a><strong>\u00a0:\u00a0<\/strong>Elle est particuli\u00e8rement utile pour les voitures hybrides qui, en raison de leur technologie, peuvent n\u00e9cessiter une assistance sp\u00e9cifique en cas de panne.<\/li>\n\n\n\n<li><a href=\"https:\/\/leocare.eu\/fr\/assurance-auto-en-ligne\/couverture\/garanties\/complementaires\/dommages-materiels\/bris-de-glace\/\"><strong>Garantie bris de glace<\/strong><\/a><strong>\u00a0:\u00a0<\/strong>Les v\u00e9hicules hybrides sont souvent \u00e9quip\u00e9s de technologies avanc\u00e9es qui peuvent \u00eatre co\u00fbteuses \u00e0 r\u00e9parer.<\/li>\n\n\n\n<li><a href=\"https:\/\/leocare.eu\/fr\/assurance-auto-en-ligne\/couverture\/garanties\/complementaires\/dommages-juridiques-financiers\/valeur-a-neuf\/\"><strong>Garantie de valeur \u00e0 neuf<\/strong><\/a><strong>\u00a0:<\/strong>\u00a0Si votre v\u00e9hicule hybride est endommag\u00e9 dans les premiers mois suivant son achat, cette garantie vous permet d\u2019\u00eatre indemnis\u00e9 \u00e0 hauteur de la valeur \u00e0 neuf.<\/li>\n<\/ul>\n\n\n\n<p>Enfin, il est essentiel de comparer les tarifs d\u2019assurance avant de faire votre choix. Utiliser des outils de devis en ligne peut vous aider \u00e0 trouver la meilleure couverture au meilleur prix.<\/p>\n","protected":false},"excerpt":{"rendered":"<p>Avec l\u2019essor des voitures hybrides, de nombreuses personnes se posent la question de l\u2019assurance auto. Est-il plus cher d\u2019assurer une voiture hybride par rapport \u00e0 une voiture traditionnelle ? Pour y r\u00e9pondre, examinons ce qu&rsquo;est une voiture hybride, son co\u00fbt d&rsquo;assurance, la meilleure formule \u00e0 choisir, les conseils pratiques \u00e0 suivre, et les garanties essentielles [&hellip;]<\/p>\n","protected":false},"author":34,"featured_media":21830,"parent":23605,"menu_order":0,"comment_status":"closed","ping_status":"closed","template":"template_seo.php","meta":{"_acf_changed":false,"footnotes":""},"class_list":["post-23623","page","type-page","status-publish","has-post-thumbnail","hentry"],"acf":[],"yoast_head":"<!-- This site is optimized with the Yoast SEO plugin v27.3 - https:\/\/yoast.com\/product\/yoast-seo-wordpress\/ -->\n<title>Tout savoir sur les voitures hybride<\/title>\n<meta name=\"robots\" content=\"index, follow, max-snippet:-1, max-image-preview:large, max-video-preview:-1\" \/>\n<link rel=\"canonical\" href=\"https:\/\/leocare.eu\/fr\/assurance-auto-en-ligne\/types-vehicule\/hybride\/\" \/>\n<meta property=\"og:locale\" content=\"fr_FR\" \/>\n<meta property=\"og:type\" content=\"article\" \/>\n<meta property=\"og:title\" content=\"Tout savoir sur les voitures hybride\" \/>\n<meta property=\"og:description\" content=\"Avec l\u2019essor des voitures hybrides, de nombreuses personnes se posent la question de l\u2019assurance auto. Est-il plus cher d\u2019assurer une voiture hybride par rapport \u00e0 une voiture traditionnelle ? Pour y r\u00e9pondre, examinons ce qu&rsquo;est une voiture hybride, son co\u00fbt d&rsquo;assurance, la meilleure formule \u00e0 choisir, les conseils pratiques \u00e0 suivre, et les garanties essentielles [&hellip;]\" \/>\n<meta property=\"og:url\" content=\"https:\/\/leocare.eu\/fr\/assurance-auto-en-ligne\/types-vehicule\/hybride\/\" \/>\n<meta property=\"og:site_name\" content=\"Leocare, assurance en ligne automobile et habitation\" \/>\n<meta property=\"article:modified_time\" content=\"2026-04-07T14:54:04+00:00\" \/>\n<meta property=\"og:image\" content=\"https:\/\/leocare.eu\/fr\/wp-content\/uploads\/2024\/05\/toyota-corolla.jpg\" \/>\n\t<meta property=\"og:image:width\" content=\"1200\" \/>\n\t<meta property=\"og:image:height\" content=\"476\" \/>\n\t<meta property=\"og:image:type\" content=\"image\/jpeg\" \/>\n<meta name=\"twitter:card\" content=\"summary_large_image\" \/>\n<meta name=\"twitter:label1\" content=\"Dur\u00e9e de lecture estim\u00e9e\" \/>\n\t<meta name=\"twitter:data1\" content=\"7 minutes\" \/>\n<!-- \/ Yoast SEO plugin. -->","yoast_head_json":{"title":"Tout savoir sur les voitures hybride","robots":{"index":"index","follow":"follow","max-snippet":"max-snippet:-1","max-image-preview":"max-image-preview:large","max-video-preview":"max-video-preview:-1"},"canonical":"https:\/\/leocare.eu\/fr\/assurance-auto-en-ligne\/types-vehicule\/hybride\/","og_locale":"fr_FR","og_type":"article","og_title":"Tout savoir sur les voitures hybride","og_description":"Avec l\u2019essor des voitures hybrides, de nombreuses personnes se posent la question de l\u2019assurance auto. Est-il plus cher d\u2019assurer une voiture hybride par rapport \u00e0 une voiture traditionnelle ? Pour y r\u00e9pondre, examinons ce qu&rsquo;est une voiture hybride, son co\u00fbt d&rsquo;assurance, la meilleure formule \u00e0 choisir, les conseils pratiques \u00e0 suivre, et les garanties essentielles [&hellip;]","og_url":"https:\/\/leocare.eu\/fr\/assurance-auto-en-ligne\/types-vehicule\/hybride\/","og_site_name":"Leocare, assurance en ligne automobile et habitation","article_modified_time":"2026-04-07T14:54:04+00:00","og_image":[{"width":1200,"height":476,"url":"https:\/\/leocare.eu\/fr\/wp-content\/uploads\/2024\/05\/toyota-corolla.jpg","type":"image\/jpeg"}],"twitter_card":"summary_large_image","twitter_misc":{"Dur\u00e9e de lecture estim\u00e9e":"7 minutes"},"schema":{"@context":"https:\/\/schema.org","@graph":[{"@type":"WebPage","@id":"https:\/\/leocare.eu\/fr\/assurance-auto-en-ligne\/types-vehicule\/hybride\/","url":"https:\/\/leocare.eu\/fr\/assurance-auto-en-ligne\/types-vehicule\/hybride\/","name":"Tout savoir sur les voitures hybride","isPartOf":{"@id":"https:\/\/leocare.eu\/fr\/#website"},"primaryImageOfPage":{"@id":"https:\/\/leocare.eu\/fr\/assurance-auto-en-ligne\/types-vehicule\/hybride\/#primaryimage"},"image":{"@id":"https:\/\/leocare.eu\/fr\/assurance-auto-en-ligne\/types-vehicule\/hybride\/#primaryimage"},"thumbnailUrl":"https:\/\/leocare.eu\/fr\/wp-content\/uploads\/2024\/05\/toyota-corolla.jpg","datePublished":"2024-10-28T14:02:01+00:00","dateModified":"2026-04-07T14:54:04+00:00","breadcrumb":{"@id":"https:\/\/leocare.eu\/fr\/assurance-auto-en-ligne\/types-vehicule\/hybride\/#breadcrumb"},"inLanguage":"fr-FR","potentialAction":[{"@type":"ReadAction","target":["https:\/\/leocare.eu\/fr\/assurance-auto-en-ligne\/types-vehicule\/hybride\/"]}]},{"@type":"ImageObject","inLanguage":"fr-FR","@id":"https:\/\/leocare.eu\/fr\/assurance-auto-en-ligne\/types-vehicule\/hybride\/#primaryimage","url":"https:\/\/leocare.eu\/fr\/wp-content\/uploads\/2024\/05\/toyota-corolla.jpg","contentUrl":"https:\/\/leocare.eu\/fr\/wp-content\/uploads\/2024\/05\/toyota-corolla.jpg","width":1200,"height":476,"caption":"toyota corolla"},{"@type":"WebSite","@id":"https:\/\/leocare.eu\/fr\/#website","url":"https:\/\/leocare.eu\/fr\/","name":"Leocare, assurance en ligne automobile et habitation","description":"enfin (r)assur\u00e9.e","publisher":{"@id":"https:\/\/leocare.eu\/fr\/#organization"},"potentialAction":[{"@type":"SearchAction","target":{"@type":"EntryPoint","urlTemplate":"https:\/\/leocare.eu\/fr\/?s={search_term_string}"},"query-input":{"@type":"PropertyValueSpecification","valueRequired":true,"valueName":"search_term_string"}}],"inLanguage":"fr-FR"},{"@type":"Organization","@id":"https:\/\/leocare.eu\/fr\/#organization","name":"Leocare, assurance en ligne automobile et habitation","url":"https:\/\/leocare.eu\/fr\/","logo":{"@type":"ImageObject","inLanguage":"fr-FR","@id":"https:\/\/leocare.eu\/fr\/#\/schema\/logo\/image\/","url":"https:\/\/leocare.eu\/fr\/wp-content\/uploads\/2020\/03\/logo-leocare.svg","contentUrl":"https:\/\/leocare.eu\/fr\/wp-content\/uploads\/2020\/03\/logo-leocare.svg","caption":"Leocare, assurance en ligne automobile et habitation"},"image":{"@id":"https:\/\/leocare.eu\/fr\/#\/schema\/logo\/image\/"}}]}},"_links":{"self":[{"href":"https:\/\/leocare.eu\/fr\/wp-json\/wp\/v2\/pages\/23623","targetHints":{"allow":["GET"]}}],"collection":[{"href":"https:\/\/leocare.eu\/fr\/wp-json\/wp\/v2\/pages"}],"about":[{"href":"https:\/\/leocare.eu\/fr\/wp-json\/wp\/v2\/types\/page"}],"author":[{"embeddable":true,"href":"https:\/\/leocare.eu\/fr\/wp-json\/wp\/v2\/users\/34"}],"replies":[{"embeddable":true,"href":"https:\/\/leocare.eu\/fr\/wp-json\/wp\/v2\/comments?post=23623"}],"version-history":[{"count":8,"href":"https:\/\/leocare.eu\/fr\/wp-json\/wp\/v2\/pages\/23623\/revisions"}],"predecessor-version":[{"id":39847,"href":"https:\/\/leocare.eu\/fr\/wp-json\/wp\/v2\/pages\/23623\/revisions\/39847"}],"up":[{"embeddable":true,"href":"https:\/\/leocare.eu\/fr\/wp-json\/wp\/v2\/pages\/23605"}],"wp:featuredmedia":[{"embeddable":true,"href":"https:\/\/leocare.eu\/fr\/wp-json\/wp\/v2\/media\/21830"}],"wp:attachment":[{"href":"https:\/\/leocare.eu\/fr\/wp-json\/wp\/v2\/media?parent=23623"}],"curies":[{"name":"wp","href":"https:\/\/api.w.org\/{rel}","templated":true}]}}