{"id":23589,"date":"2024-10-28T11:43:35","date_gmt":"2024-10-28T10:43:35","guid":{"rendered":"https:\/\/leocare.eu\/fr\/?page_id=23589"},"modified":"2026-04-07T16:54:01","modified_gmt":"2026-04-07T14:54:01","slug":"4x4","status":"publish","type":"page","link":"https:\/\/leocare.eu\/fr\/assurance-auto-en-ligne\/types-vehicule\/4x4\/","title":{"rendered":"Quelle assurance pour un 4&#215;4 ?"},"content":{"rendered":"\n<p>Rouler en 4&#215;4, que ce soit en ville ou en terrain difficile, n\u00e9cessite une <strong>assurance auto<\/strong> adapt\u00e9e \u00e0 la puissance et aux sp\u00e9cificit\u00e9s de ce type de <strong>v\u00e9hicule puissant<\/strong>. Un 4&#215;4 offre une conduite plus robuste et polyvalente, mais cela implique aussi des risques accrus. Pour bien choisir votre <a href=\"https:\/\/leocare.eu\/fr\/assurance-auto-en-ligne\/\"><strong>assurance auto<\/strong><\/a> pour 4&#215;4, il est essentiel de prendre en compte plusieurs crit\u00e8res et de s&rsquo;assurer que vous \u00eates bien prot\u00e9g\u00e9, que ce soit sur la route ou en tout-terrain.<br><\/p>\n\n\n\n<h2 class=\"wp-block-heading\" id=\"section-1-quelle-assurance-choisir-pour-un-44-\">Quelle assurance choisir pour un 4\u00d74 ?<\/h2>\n\n\n\n<p>Il existe plusieurs formules d\u2019<strong>assurance<\/strong>&nbsp;pour un 4\u00d74, allant de l\u2019<strong>assurance au tiers<\/strong>&nbsp;\u00e0 l\u2019<strong>assurance tous risques<\/strong>. Votre choix doit d\u00e9pendre de l\u2019utilisation que vous faites de votre v\u00e9hicule et de votre budget.<\/p>\n\n\n\n<h3 class=\"wp-block-heading\">Assurance au tiers : une couverture de base<\/h3>\n\n\n\n<p>L\u2019<a href=\"https:\/\/leocare.eu\/fr\/assurance-auto-en-ligne\/tiers\/\"><strong>assurance au tiers<\/strong><\/a>&nbsp;est le minimum l\u00e9gal en France.&nbsp;<strong>Elle couvre uniquement la responsabilit\u00e9 civile, c\u2019est-\u00e0-dire les dommages caus\u00e9s \u00e0 des tiers en cas d\u2019accident.<\/strong>&nbsp;Si vous faites un devis, cette formule sera la moins co\u00fbteuse, mais elle ne couvre pas les d\u00e9g\u00e2ts sur votre 4\u00d74. Elle est souvent peu adapt\u00e9e pour un v\u00e9hicule de ce type, surtout s\u2019il est r\u00e9cent ou de grande valeur.<\/p>\n\n\n\n<h3 class=\"wp-block-heading\">Assurance tous risques : la formule recommand\u00e9e<\/h3>\n\n\n\n<p>Pour un 4\u00d74, surtout si vous roulez souvent en dehors des routes traditionnelles, il est fortement recommand\u00e9 de&nbsp;<strong>souscrire un contrat auto<\/strong>&nbsp;tous risques.&nbsp;<strong>Ce type de contrat couvre non seulement les dommages caus\u00e9s aux tiers, mais aussi ceux que vous pourriez subir, m\u00eame en cas d\u2019accident responsable.&nbsp;<\/strong>L\u2019<a href=\"https:\/\/leocare.eu\/fr\/assurance-auto-en-ligne\/tous-risques\/\"><strong>assurance tous risques<\/strong><\/a>&nbsp;inclut souvent des&nbsp;<strong>garanties propres au 4\u00d74<\/strong>&nbsp;ou au SUV pour les v\u00e9hicules tout-terrain, comme les dommages caus\u00e9s par des obstacles naturels (rochers, branches, etc.).<\/p>\n\n\n\n<div class=\"bon-a-savoir\">\n\n\n\n<p>Bon \u00e0 savoir<\/p>\n\n\n\n<p>Selon une \u00e9tude men\u00e9e en 2023,<strong>&nbsp;environ 70 % des propri\u00e9taires de 4\u00d74 optent pour une assurance tous risques,&nbsp;<\/strong>notamment en raison des co\u00fbts \u00e9lev\u00e9s de r\u00e9paration de ces v\u00e9hicules. Les&nbsp;<a href=\"https:\/\/leocare.eu\/fr\/assurance-auto-en-ligne\/pas-cher\/\">assurances auto pas ch\u00e8res<\/a>&nbsp;ne peuvent pas vraiment \u00eatre un bon compromis pour ce type de v\u00e9hicule.<\/p>\n\n\n\n<\/div>\n\n\n\n<h3 class=\"wp-block-heading\">Assurance au tiers \u00e9tendu : un compromis int\u00e9ressant<\/h3>\n\n\n\n<p>Entre l\u2019<strong>assurance au tiers<\/strong>&nbsp;et tous risques, vous pouvez aussi choisir une formule interm\u00e9diaire : l\u2019<a href=\"https:\/\/leocare.eu\/fr\/assurance-auto-en-ligne\/tiers\/plus\/\"><strong>assurance au tiers \u00e9tendu<\/strong><\/a>. Celle-ci inclut, en plus de la responsabilit\u00e9 civile, certaines garanties suppl\u00e9mentaires comme la garantie vol de voiture, l\u2019incendie ou encore le bris de glace.&nbsp;<strong>Ce compromis est particuli\u00e8rement int\u00e9ressant pour les conducteurs de SUV d\u2019occasion ou les v\u00e9hicules de moindre valeur.<\/strong><\/p>\n\n\n\n<h2 class=\"wp-block-heading\" id=\"section-2-les-garanties-indispensables-quand-on-roule-en-44\">Les garanties indispensables quand on roule en 4\u00d74<\/h2>\n\n\n\n<p>Un 4\u00d74 est con\u00e7u pour affronter des conditions de conduite difficiles. Il est essentiel de souscrire des garanties suppl\u00e9mentaires qui r\u00e9pondent aux besoins sp\u00e9cifiques de ce type de v\u00e9hicule.<\/p>\n\n\n\n<ul class=\"wp-block-list\">\n<li><a href=\"https:\/\/leocare.eu\/fr\/blog\/dommages-tous-accidents\/\"><strong>Garantie dommages tous accidents<\/strong><\/a>\u00a0: Cette garantie couvre les dommages subis par votre 4\u00d74, m\u00eame si vous \u00eates responsable de l\u2019accident. Elle est particuli\u00e8rement importante pour les 4\u00d74, souvent utilis\u00e9s sur des routes accident\u00e9es ou en tout-terrain, o\u00f9 les risques de sinistres sont plus \u00e9lev\u00e9s. En 2022, 15 % des sinistres sur 4\u00d74 concernaient ces situations.<\/li>\n\n\n\n<li><a href=\"https:\/\/leocare.eu\/fr\/assurance-auto-en-ligne\/couverture\/garanties\/complementaires\/dommages-juridiques-financiers\/valeur-a-neuf\/\"><strong>Garantie valeur \u00e0 neuf<\/strong><\/a>\u00a0: En cas de vol ou destruction totale de votre 4\u00d74, cette garantie vous indemnise au prix d\u2019achat initial du v\u00e9hicule. Cela est crucial pour les mod\u00e8les r\u00e9cents, dont le co\u00fbt moyen d\u00e9passe souvent 40 000 euros. En France, environ 1 voiture sur 20 vol\u00e9e est un 4\u00d74, selon la FFSA.<\/li>\n\n\n\n<li><a href=\"https:\/\/leocare.eu\/fr\/assurance-auto-en-ligne\/couverture\/garanties\/complementaires\/dommages-materiels\/bris-de-glace\/\"><strong>Garantie bris de glace<\/strong><\/a>\u00a0: Les conducteurs de 4\u00d74, souvent confront\u00e9s \u00e0 des routes rocailleuses ou accident\u00e9es, risquent davantage des dommages aux vitres ou pare-brise. La garantie bris de glace couvre ce type de sinistre, qui est courant en conduite tout-terrain. En 2023, 20 % des d\u00e9clarations de sinistres de 4\u00d74 concernaient des bris de glace.<\/li>\n\n\n\n<li><strong>Garantie vol et incendie<\/strong>\u00a0: Les mod\u00e8les r\u00e9cents et haut de gamme de 4\u00d74 sont particuli\u00e8rement vis\u00e9s par les vols. Cette garantie est essentielle pour prot\u00e9ger votre v\u00e9hicule contre ce risque. En compl\u00e9ment, la garantie incendie couvre les dommages caus\u00e9s par des incendies, qu\u2019ils soient accidentels ou volontaires, ajoutant une protection suppl\u00e9mentaire.<\/li>\n\n\n\n<li><strong>Assistance tout-terrain<\/strong>\u00a0: Souscrire \u00e0 une assistance tout-terrain vous permet d\u2019obtenir de l\u2019aide en cas de panne ou d\u2019accident, m\u00eame en dehors des routes classiques. Que vous ayez besoin d\u2019un remorquage ou d\u2019une assistance m\u00e9canique en zone difficile, cette garantie est cruciale pour les conducteurs utilisant fr\u00e9quemment leur 4\u00d74 hors des circuits habituels.<\/li>\n<\/ul>\n\n\n\n<div class=\"bon-a-savoir\">\n\n\n\n<p>Bon \u00e0 savoir<\/p>\n\n\n\n<p>Si vous voyagez beaucoup,&nbsp;<strong>pensez \u00e0 consulter dans votre devis les conditions d\u2019assistance&nbsp;<\/strong>pr\u00e9vues dans votre contrat d\u2019assurance auto.<\/p>\n\n\n\n\n<\/div>\n\n\n\n<h2 class=\"wp-block-heading\" id=\"section-3-quel-prix-pour-assurer-un-44-\">Quel prix pour assurer un 4\u00d74 ?<\/h2>\n\n\n\n<p>Le prix d\u2019une&nbsp;<strong>assurance auto<\/strong>&nbsp;pour un 4\u00d74 varie en fonction de plusieurs crit\u00e8res, comme le mod\u00e8le du v\u00e9hicule, le profil du conducteur ou encore le lieu de r\u00e9sidence.<strong>&nbsp;Cependant, de mani\u00e8re g\u00e9n\u00e9rale, l\u2019assurance pour un 4\u00d74 co\u00fbte plus cher que pour une voiture classique&nbsp;<\/strong>en raison de la puissance et du type de conduite de ces v\u00e9hicules.<\/p>\n\n\n\n<figure class=\"wp-block-table\"><table class=\"has-fixed-layout\"><thead><tr><th><strong>Mod\u00e8le de 4\u00d74<\/strong><\/th><th><strong>Assurance au tiers<\/strong><\/th><th><strong>Assurance tiers plus<\/strong><\/th><th><strong>Assurance tous risques<\/strong><\/th><\/tr><\/thead><tbody><tr><td><strong>BMW X5<\/strong><\/td><td>600 \u20ac<\/td><td>820 \u20ac<\/td><td>1 500 \u20ac<\/td><\/tr><tr><td><strong>Mercedes GLC<\/strong><\/td><td>620 \u20ac<\/td><td>850 \u20ac<\/td><td>1 550 \u20ac<\/td><\/tr><tr><td><strong>Audi Q5<\/strong><\/td><td>590 \u20ac<\/td><td>800 \u20ac<\/td><td>1 480 \u20ac<\/td><\/tr><tr><td><strong>Jeep Compass<\/strong><\/td><td>470 \u20ac<\/td><td>630 \u20ac<\/td><td>1 200 \u20ac<\/td><\/tr><tr><td><strong>Land Rover Defender<\/strong><\/td><td>680 \u20ac<\/td><td>900 \u20ac<\/td><td>1 600 \u20ac<\/td><\/tr><tr><td><strong>Nissan X-Trail<\/strong><\/td><td>460 \u20ac<\/td><td>620 \u20ac<\/td><td>1150 \u20ac<\/td><\/tr><\/tbody><\/table><\/figure>\n\n\n\n<ul class=\"wp-block-list\">\n<li><strong>Mod\u00e8le du 4\u00d74 et co\u00fbt de l\u2019assurance<\/strong>\u00a0: Le mod\u00e8le de votre 4\u00d74 influence fortement le co\u00fbt de votre assurance auto. Plus le v\u00e9hicule est puissant et luxueux, plus la prime est \u00e9lev\u00e9e. Les 4\u00d74 de luxe, par exemple, n\u00e9cessitent souvent des r\u00e9parations co\u00fbteuses, augmentant ainsi la prime.<\/li>\n\n\n\n<li><strong>Profil du conducteur et coefficient bonus-malus<\/strong>\u00a0: Le profil du conducteur est crucial dans le calcul de l\u2019assurance. Un conducteur avec un bon bonus paiera moins cher qu\u2019un jeune conducteur ou quelqu\u2019un avec un malus. En 2023, les jeunes conducteurs paient en moyenne 30 % de plus pour assurer un 4\u00d74.<\/li>\n\n\n\n<li><strong>Lieu de r\u00e9sidence et risques sp\u00e9cifiques<\/strong>\u00a0: Votre lieu de r\u00e9sidence impacte aussi le co\u00fbt de l\u2019assurance. Vivre en zone rurale r\u00e9duit souvent le prix, en raison de risques moindres comme le vol. Par contre, r\u00e9sider dans une r\u00e9gion sujette aux intemp\u00e9ries peut augmenter les primes, surtout pour les zones inondables.<\/li>\n\n\n\n<li><strong>Franchise et montant de la prime<\/strong>\u00a0: La franchise, somme \u00e0 votre charge en cas de sinistre, influence directement le prix de la prime. Une franchise \u00e9lev\u00e9e r\u00e9duit le montant de l\u2019assurance mais augmente les frais \u00e0 payer lors des r\u00e9parations. Il est essentiel de bien choisir en fonction de votre budget.<\/li>\n<\/ul>\n\n\n\n<h2 class=\"wp-block-heading\" id=\"section-4-prix-moyen-de-lassurance-pour-un-44\">Prix moyen de l\u2019assurance pour un 4\u00d74<\/h2>\n\n\n\n<p>En France, le prix moyen d\u2019une&nbsp;<strong>assurance tous risques<\/strong>&nbsp;pour un 4\u00d74 se situe entre 700 et 1 500 euros par an, en fonction du mod\u00e8le, des&nbsp;<strong>garanties<\/strong>&nbsp;choisies et du profil du conducteur.&nbsp;<strong>Pour les 4\u00d74 haut de gamme, ce montant peut d\u00e9passer les 2 000 euros annuels.<\/strong><\/p>\n","protected":false},"excerpt":{"rendered":"<p>Rouler en 4&#215;4, que ce soit en ville ou en terrain difficile, n\u00e9cessite une assurance auto adapt\u00e9e \u00e0 la puissance et aux sp\u00e9cificit\u00e9s de ce type de v\u00e9hicule puissant. Un 4&#215;4 offre une conduite plus robuste et polyvalente, mais cela implique aussi des risques accrus. Pour bien choisir votre assurance auto pour 4&#215;4, il est [&hellip;]<\/p>\n","protected":false},"author":34,"featured_media":21831,"parent":23605,"menu_order":0,"comment_status":"closed","ping_status":"closed","template":"template_seo.php","meta":{"_acf_changed":false,"footnotes":""},"class_list":["post-23589","page","type-page","status-publish","has-post-thumbnail","hentry"],"acf":[],"yoast_head":"<!-- This site is optimized with the Yoast SEO plugin v27.3 - https:\/\/yoast.com\/product\/yoast-seo-wordpress\/ -->\n<title>Quelle assurance pour un 4x4 ?<\/title>\n<meta name=\"robots\" content=\"index, follow, max-snippet:-1, max-image-preview:large, max-video-preview:-1\" \/>\n<link rel=\"canonical\" href=\"https:\/\/leocare.eu\/fr\/assurance-auto-en-ligne\/types-vehicule\/4x4\/\" \/>\n<meta property=\"og:locale\" content=\"fr_FR\" \/>\n<meta property=\"og:type\" content=\"article\" \/>\n<meta property=\"og:title\" content=\"Quelle assurance pour un 4x4 ?\" \/>\n<meta property=\"og:description\" content=\"Rouler en 4&#215;4, que ce soit en ville ou en terrain difficile, n\u00e9cessite une assurance auto adapt\u00e9e \u00e0 la puissance et aux sp\u00e9cificit\u00e9s de ce type de v\u00e9hicule puissant. Un 4&#215;4 offre une conduite plus robuste et polyvalente, mais cela implique aussi des risques accrus. Pour bien choisir votre assurance auto pour 4&#215;4, il est [&hellip;]\" \/>\n<meta property=\"og:url\" content=\"https:\/\/leocare.eu\/fr\/assurance-auto-en-ligne\/types-vehicule\/4x4\/\" \/>\n<meta property=\"og:site_name\" content=\"Leocare, assurance en ligne automobile et habitation\" \/>\n<meta property=\"article:modified_time\" content=\"2026-04-07T14:54:01+00:00\" \/>\n<meta property=\"og:image\" content=\"https:\/\/leocare.eu\/fr\/wp-content\/uploads\/2024\/05\/toyota-hilux.jpg\" \/>\n\t<meta property=\"og:image:width\" content=\"1200\" \/>\n\t<meta property=\"og:image:height\" content=\"476\" \/>\n\t<meta property=\"og:image:type\" content=\"image\/jpeg\" \/>\n<meta name=\"twitter:card\" content=\"summary_large_image\" \/>\n<meta name=\"twitter:label1\" content=\"Dur\u00e9e de lecture estim\u00e9e\" \/>\n\t<meta name=\"twitter:data1\" content=\"6 minutes\" \/>\n<!-- \/ Yoast SEO plugin. -->","yoast_head_json":{"title":"Quelle assurance pour un 4x4 ?","robots":{"index":"index","follow":"follow","max-snippet":"max-snippet:-1","max-image-preview":"max-image-preview:large","max-video-preview":"max-video-preview:-1"},"canonical":"https:\/\/leocare.eu\/fr\/assurance-auto-en-ligne\/types-vehicule\/4x4\/","og_locale":"fr_FR","og_type":"article","og_title":"Quelle assurance pour un 4x4 ?","og_description":"Rouler en 4&#215;4, que ce soit en ville ou en terrain difficile, n\u00e9cessite une assurance auto adapt\u00e9e \u00e0 la puissance et aux sp\u00e9cificit\u00e9s de ce type de v\u00e9hicule puissant. Un 4&#215;4 offre une conduite plus robuste et polyvalente, mais cela implique aussi des risques accrus. Pour bien choisir votre assurance auto pour 4&#215;4, il est [&hellip;]","og_url":"https:\/\/leocare.eu\/fr\/assurance-auto-en-ligne\/types-vehicule\/4x4\/","og_site_name":"Leocare, assurance en ligne automobile et habitation","article_modified_time":"2026-04-07T14:54:01+00:00","og_image":[{"width":1200,"height":476,"url":"https:\/\/leocare.eu\/fr\/wp-content\/uploads\/2024\/05\/toyota-hilux.jpg","type":"image\/jpeg"}],"twitter_card":"summary_large_image","twitter_misc":{"Dur\u00e9e de lecture estim\u00e9e":"6 minutes"},"schema":{"@context":"https:\/\/schema.org","@graph":[{"@type":"WebPage","@id":"https:\/\/leocare.eu\/fr\/assurance-auto-en-ligne\/types-vehicule\/4x4\/","url":"https:\/\/leocare.eu\/fr\/assurance-auto-en-ligne\/types-vehicule\/4x4\/","name":"Quelle assurance pour un 4x4 ?","isPartOf":{"@id":"https:\/\/leocare.eu\/fr\/#website"},"primaryImageOfPage":{"@id":"https:\/\/leocare.eu\/fr\/assurance-auto-en-ligne\/types-vehicule\/4x4\/#primaryimage"},"image":{"@id":"https:\/\/leocare.eu\/fr\/assurance-auto-en-ligne\/types-vehicule\/4x4\/#primaryimage"},"thumbnailUrl":"https:\/\/leocare.eu\/fr\/wp-content\/uploads\/2024\/05\/toyota-hilux.jpg","datePublished":"2024-10-28T10:43:35+00:00","dateModified":"2026-04-07T14:54:01+00:00","breadcrumb":{"@id":"https:\/\/leocare.eu\/fr\/assurance-auto-en-ligne\/types-vehicule\/4x4\/#breadcrumb"},"inLanguage":"fr-FR","potentialAction":[{"@type":"ReadAction","target":["https:\/\/leocare.eu\/fr\/assurance-auto-en-ligne\/types-vehicule\/4x4\/"]}]},{"@type":"ImageObject","inLanguage":"fr-FR","@id":"https:\/\/leocare.eu\/fr\/assurance-auto-en-ligne\/types-vehicule\/4x4\/#primaryimage","url":"https:\/\/leocare.eu\/fr\/wp-content\/uploads\/2024\/05\/toyota-hilux.jpg","contentUrl":"https:\/\/leocare.eu\/fr\/wp-content\/uploads\/2024\/05\/toyota-hilux.jpg","width":1200,"height":476,"caption":"toyota hilux"},{"@type":"WebSite","@id":"https:\/\/leocare.eu\/fr\/#website","url":"https:\/\/leocare.eu\/fr\/","name":"Leocare, assurance en ligne automobile et habitation","description":"enfin (r)assur\u00e9.e","publisher":{"@id":"https:\/\/leocare.eu\/fr\/#organization"},"potentialAction":[{"@type":"SearchAction","target":{"@type":"EntryPoint","urlTemplate":"https:\/\/leocare.eu\/fr\/?s={search_term_string}"},"query-input":{"@type":"PropertyValueSpecification","valueRequired":true,"valueName":"search_term_string"}}],"inLanguage":"fr-FR"},{"@type":"Organization","@id":"https:\/\/leocare.eu\/fr\/#organization","name":"Leocare, assurance en ligne automobile et habitation","url":"https:\/\/leocare.eu\/fr\/","logo":{"@type":"ImageObject","inLanguage":"fr-FR","@id":"https:\/\/leocare.eu\/fr\/#\/schema\/logo\/image\/","url":"https:\/\/leocare.eu\/fr\/wp-content\/uploads\/2020\/03\/logo-leocare.svg","contentUrl":"https:\/\/leocare.eu\/fr\/wp-content\/uploads\/2020\/03\/logo-leocare.svg","caption":"Leocare, assurance en ligne automobile et habitation"},"image":{"@id":"https:\/\/leocare.eu\/fr\/#\/schema\/logo\/image\/"}}]}},"_links":{"self":[{"href":"https:\/\/leocare.eu\/fr\/wp-json\/wp\/v2\/pages\/23589","targetHints":{"allow":["GET"]}}],"collection":[{"href":"https:\/\/leocare.eu\/fr\/wp-json\/wp\/v2\/pages"}],"about":[{"href":"https:\/\/leocare.eu\/fr\/wp-json\/wp\/v2\/types\/page"}],"author":[{"embeddable":true,"href":"https:\/\/leocare.eu\/fr\/wp-json\/wp\/v2\/users\/34"}],"replies":[{"embeddable":true,"href":"https:\/\/leocare.eu\/fr\/wp-json\/wp\/v2\/comments?post=23589"}],"version-history":[{"count":11,"href":"https:\/\/leocare.eu\/fr\/wp-json\/wp\/v2\/pages\/23589\/revisions"}],"predecessor-version":[{"id":34676,"href":"https:\/\/leocare.eu\/fr\/wp-json\/wp\/v2\/pages\/23589\/revisions\/34676"}],"up":[{"embeddable":true,"href":"https:\/\/leocare.eu\/fr\/wp-json\/wp\/v2\/pages\/23605"}],"wp:featuredmedia":[{"embeddable":true,"href":"https:\/\/leocare.eu\/fr\/wp-json\/wp\/v2\/media\/21831"}],"wp:attachment":[{"href":"https:\/\/leocare.eu\/fr\/wp-json\/wp\/v2\/media?parent=23589"}],"curies":[{"name":"wp","href":"https:\/\/api.w.org\/{rel}","templated":true}]}}