{"id":23543,"date":"2024-10-17T13:55:24","date_gmt":"2024-10-17T11:55:24","guid":{"rendered":"https:\/\/leocare.eu\/fr\/?page_id=23543"},"modified":"2026-03-06T17:19:07","modified_gmt":"2026-03-06T16:19:07","slug":"avis-clients-assurance-habitation-leocare","status":"publish","type":"page","link":"https:\/\/leocare.eu\/fr\/avis-clients-assurance-habitation-leocare\/","title":{"rendered":"Avis clients assurance habitation Leocare"},"content":{"rendered":"","protected":false},"excerpt":{"rendered":"","protected":false},"author":34,"featured_media":0,"parent":0,"menu_order":0,"comment_status":"closed","ping_status":"closed","template":"template_avis.php","meta":{"_acf_changed":false,"footnotes":""},"class_list":["post-23543","page","type-page","status-publish","hentry"],"acf":[],"yoast_head":"<!-- This site is optimized with the Yoast SEO plugin v27.3 - https:\/\/yoast.com\/product\/yoast-seo-wordpress\/ -->\n<title>Avis clients assurance habitation Leocare<\/title>\n<meta name=\"description\" content=\"Lisez les avis de nos clients sur Leocare. D\u00e9couvrez leurs exp\u00e9riences et t\u00e9moignages sur nos services d&#039;assurance.\" \/>\n<meta name=\"robots\" content=\"index, follow, max-snippet:-1, max-image-preview:large, max-video-preview:-1\" \/>\n<link rel=\"canonical\" href=\"https:\/\/leocare.eu\/fr\/avis-clients-assurance-habitation-leocare\/\" \/>\n<meta property=\"og:locale\" content=\"fr_FR\" \/>\n<meta property=\"og:type\" content=\"article\" \/>\n<meta property=\"og:title\" content=\"Avis clients assurance habitation Leocare\" \/>\n<meta property=\"og:description\" content=\"Lisez les avis de nos clients sur Leocare. D\u00e9couvrez leurs exp\u00e9riences et t\u00e9moignages sur nos services d&#039;assurance.\" \/>\n<meta property=\"og:url\" content=\"https:\/\/leocare.eu\/fr\/avis-clients-assurance-habitation-leocare\/\" \/>\n<meta property=\"og:site_name\" content=\"Leocare, assurance en ligne automobile et habitation\" \/>\n<meta property=\"article:modified_time\" content=\"2026-03-06T16:19:07+00:00\" \/>\n<meta name=\"twitter:card\" content=\"summary_large_image\" \/>\n<!-- \/ Yoast SEO plugin. -->","yoast_head_json":{"title":"Avis clients assurance habitation Leocare","description":"Lisez les avis de nos clients sur Leocare. D\u00e9couvrez leurs exp\u00e9riences et t\u00e9moignages sur nos services d'assurance.","robots":{"index":"index","follow":"follow","max-snippet":"max-snippet:-1","max-image-preview":"max-image-preview:large","max-video-preview":"max-video-preview:-1"},"canonical":"https:\/\/leocare.eu\/fr\/avis-clients-assurance-habitation-leocare\/","og_locale":"fr_FR","og_type":"article","og_title":"Avis clients assurance habitation Leocare","og_description":"Lisez les avis de nos clients sur Leocare. D\u00e9couvrez leurs exp\u00e9riences et t\u00e9moignages sur nos services d'assurance.","og_url":"https:\/\/leocare.eu\/fr\/avis-clients-assurance-habitation-leocare\/","og_site_name":"Leocare, assurance en ligne automobile et habitation","article_modified_time":"2026-03-06T16:19:07+00:00","twitter_card":"summary_large_image","schema":{"@context":"https:\/\/schema.org","@graph":[{"@type":"WebPage","@id":"https:\/\/leocare.eu\/fr\/avis-clients-assurance-habitation-leocare\/","url":"https:\/\/leocare.eu\/fr\/avis-clients-assurance-habitation-leocare\/","name":"Avis clients assurance habitation Leocare","isPartOf":{"@id":"https:\/\/leocare.eu\/fr\/#website"},"datePublished":"2024-10-17T11:55:24+00:00","dateModified":"2026-03-06T16:19:07+00:00","description":"Lisez les avis de nos clients sur Leocare. D\u00e9couvrez leurs exp\u00e9riences et t\u00e9moignages sur nos services d'assurance.","breadcrumb":{"@id":"https:\/\/leocare.eu\/fr\/avis-clients-assurance-habitation-leocare\/#breadcrumb"},"inLanguage":"fr-FR","potentialAction":[{"@type":"ReadAction","target":["https:\/\/leocare.eu\/fr\/avis-clients-assurance-habitation-leocare\/"]}]},{"@type":"WebSite","@id":"https:\/\/leocare.eu\/fr\/#website","url":"https:\/\/leocare.eu\/fr\/","name":"Leocare, assurance en ligne automobile et habitation","description":"enfin (r)assur\u00e9.e","publisher":{"@id":"https:\/\/leocare.eu\/fr\/#organization"},"potentialAction":[{"@type":"SearchAction","target":{"@type":"EntryPoint","urlTemplate":"https:\/\/leocare.eu\/fr\/?s={search_term_string}"},"query-input":{"@type":"PropertyValueSpecification","valueRequired":true,"valueName":"search_term_string"}}],"inLanguage":"fr-FR"},{"@type":"Organization","@id":"https:\/\/leocare.eu\/fr\/#organization","name":"Leocare, assurance en ligne automobile et habitation","url":"https:\/\/leocare.eu\/fr\/","logo":{"@type":"ImageObject","inLanguage":"fr-FR","@id":"https:\/\/leocare.eu\/fr\/#\/schema\/logo\/image\/","url":"https:\/\/leocare.eu\/fr\/wp-content\/uploads\/2020\/03\/logo-leocare.svg","contentUrl":"https:\/\/leocare.eu\/fr\/wp-content\/uploads\/2020\/03\/logo-leocare.svg","caption":"Leocare, assurance en ligne automobile et habitation"},"image":{"@id":"https:\/\/leocare.eu\/fr\/#\/schema\/logo\/image\/"}}]}},"_links":{"self":[{"href":"https:\/\/leocare.eu\/fr\/wp-json\/wp\/v2\/pages\/23543","targetHints":{"allow":["GET"]}}],"collection":[{"href":"https:\/\/leocare.eu\/fr\/wp-json\/wp\/v2\/pages"}],"about":[{"href":"https:\/\/leocare.eu\/fr\/wp-json\/wp\/v2\/types\/page"}],"author":[{"embeddable":true,"href":"https:\/\/leocare.eu\/fr\/wp-json\/wp\/v2\/users\/34"}],"replies":[{"embeddable":true,"href":"https:\/\/leocare.eu\/fr\/wp-json\/wp\/v2\/comments?post=23543"}],"version-history":[{"count":17,"href":"https:\/\/leocare.eu\/fr\/wp-json\/wp\/v2\/pages\/23543\/revisions"}],"predecessor-version":[{"id":38907,"href":"https:\/\/leocare.eu\/fr\/wp-json\/wp\/v2\/pages\/23543\/revisions\/38907"}],"wp:attachment":[{"href":"https:\/\/leocare.eu\/fr\/wp-json\/wp\/v2\/media?parent=23543"}],"curies":[{"name":"wp","href":"https:\/\/api.w.org\/{rel}","templated":true}]}}