{"id":23413,"date":"2024-10-08T15:59:20","date_gmt":"2024-10-08T13:59:20","guid":{"rendered":"https:\/\/leocare.eu\/fr\/?page_id=23413"},"modified":"2024-10-08T15:59:23","modified_gmt":"2024-10-08T13:59:23","slug":"partenariat-mila","status":"publish","type":"page","link":"https:\/\/leocare.eu\/fr\/presse\/partenariat-mila\/","title":{"rendered":"Leocare enrichit son offre d\u2019assurance propri\u00e9taire non occupant en partenariat avec Mila"},"content":{"rendered":"\n<p><strong>La n\u00e9o-assurance Leocare annonce l\u2019enrichissement de son offre d\u2019assurance propri\u00e9taire non-occupant gr\u00e2ce \u00e0 un nouveau partenariat avec l\u2019assurtech Mila. Cette offre vient \u00e9toffer l\u2019\u00e9ventail de Leocare afin de r\u00e9pondre au nombre croissant de demandes pour cette garantie.\u00a0<\/strong><\/p>\n\n\n\n<h2 class=\"wp-block-heading\">L\u2019investissement locatif, un march\u00e9 florissant pour les propri\u00e9taires non occupants<\/h2>\n\n\n\n<p>Le march\u00e9 des propri\u00e9taires non occupants en France, aussi connu sous le nom de march\u00e9 des investisseurs locatifs, est en pleine expansion. Ce segment comprend les personnes qui ach\u00e8tent des biens immobiliers \u00e0 des fins de location, sans y r\u00e9sider eux-m\u00eames. Plusieurs facteurs contribuent \u00e0 cette croissance : la baisse des prix de l\u2019immobilier, la recherche de placements financiers plus stables face \u00e0 la volatilit\u00e9 des march\u00e9s boursiers, et les incitations fiscales qui encouragent l&rsquo;investissement locatif neuf. <strong>En 2021, on ne comptait pas moins de 7 millions de logements locatifs priv\u00e9s.<\/strong><\/p>\n\n\n\n<h2 class=\"wp-block-heading\">Une offre digitale, flexible et accessible en toute simplicit\u00e9 pour les propri\u00e9taires non occupants<\/h2>\n\n\n\n<p>Dans ce contexte, Leocare annonce le renforcement de son offre d&rsquo;assurance propri\u00e9taire non occupant (PNO) avec la signature d\u2019un nouveau partenariat avec l&rsquo;assurtech Mila. Cette collaboration vise \u00e0 r\u00e9pondre aux besoins sp\u00e9cifiques des propri\u00e9taires immobiliers qui ne r\u00e9sident pas dans leurs biens et qui recherchent une couverture efficace et flexible. En phase avec l\u2019ADN de Leocare, <strong>l&rsquo;assurance PNO propos\u00e9e se distingue par sa simplicit\u00e9 d&rsquo;adh\u00e9sion, enti\u00e8rement digitalis\u00e9e, et par la modularit\u00e9 de ses garanties,<\/strong> permettant aux propri\u00e9taires de personnaliser leur contrat selon leurs exigences. Cette offre innovante inclut une protection compl\u00e8te contre les sinistres tels que les d\u00e9g\u00e2ts des eaux, les incendies, et les incidents de responsabilit\u00e9 civile.\u00a0<\/p>\n\n\n\n<p>En s&rsquo;associant avec Mila, Leocare renforce sa position sur le march\u00e9 de l&rsquo;assurance en ligne,<strong> tout en apportant une solution en ad\u00e9quation avec la demande des assur\u00e9s <\/strong>et adapt\u00e9e aux nouveaux modes de consommation des propri\u00e9taires non occupants.<\/p>\n\n\n\n<p><em>\u00ab Nous sommes ravis de ce partenariat avec Mila, qui nous permet d\u2019\u00e9largir notre gamme d\u2019offres d&rsquo;assurance propri\u00e9taire non occupant, innovante et parfaitement adapt\u00e9e aux besoins de nos clients. Ensemble, nous simplifions l&rsquo;acc\u00e8s \u00e0 une assurance proposant une protection compl\u00e8te et flexible, refl\u00e9tant notre engagement commun \u00e0 r\u00e9volutionner l&rsquo;assurance digitale.\u00bb<\/em> <strong>commente Christophe Dandois, co-fondateur de Leocare.<\/strong><\/p>\n","protected":false},"excerpt":{"rendered":"<p>La n\u00e9o-assurance Leocare annonce l\u2019enrichissement de son offre d\u2019assurance propri\u00e9taire non-occupant gr\u00e2ce \u00e0 un nouveau partenariat avec l\u2019assurtech Mila. Cette offre vient \u00e9toffer l\u2019\u00e9ventail de Leocare afin de r\u00e9pondre au nombre croissant de demandes pour cette garantie.\u00a0 L\u2019investissement locatif, un march\u00e9 florissant pour les propri\u00e9taires non occupants Le march\u00e9 des propri\u00e9taires non occupants en France, [&hellip;]<\/p>\n","protected":false},"author":34,"featured_media":16588,"parent":16531,"menu_order":0,"comment_status":"closed","ping_status":"closed","template":"template_press_article.php","meta":{"_acf_changed":false,"footnotes":""},"class_list":["post-23413","page","type-page","status-publish","has-post-thumbnail","hentry"],"acf":[],"yoast_head":"<!-- This site is optimized with the Yoast SEO plugin v27.3 - https:\/\/yoast.com\/product\/yoast-seo-wordpress\/ -->\n<title>Leocare enrichit son offre d\u2019assurance propri\u00e9taire non occupant en partenariat avec Mila<\/title>\n<meta name=\"robots\" content=\"index, follow, max-snippet:-1, max-image-preview:large, max-video-preview:-1\" \/>\n<link rel=\"canonical\" href=\"https:\/\/leocare.eu\/fr\/presse\/partenariat-mila\/\" \/>\n<meta property=\"og:locale\" content=\"fr_FR\" \/>\n<meta property=\"og:type\" content=\"article\" \/>\n<meta property=\"og:title\" content=\"Leocare enrichit son offre d\u2019assurance propri\u00e9taire non occupant en partenariat avec Mila\" \/>\n<meta property=\"og:description\" content=\"La n\u00e9o-assurance Leocare annonce l\u2019enrichissement de son offre d\u2019assurance propri\u00e9taire non-occupant gr\u00e2ce \u00e0 un nouveau partenariat avec l\u2019assurtech Mila. Cette offre vient \u00e9toffer l\u2019\u00e9ventail de Leocare afin de r\u00e9pondre au nombre croissant de demandes pour cette garantie.\u00a0 L\u2019investissement locatif, un march\u00e9 florissant pour les propri\u00e9taires non occupants Le march\u00e9 des propri\u00e9taires non occupants en France, [&hellip;]\" \/>\n<meta property=\"og:url\" content=\"https:\/\/leocare.eu\/fr\/presse\/partenariat-mila\/\" \/>\n<meta property=\"og:site_name\" content=\"Leocare, assurance en ligne automobile et habitation\" \/>\n<meta property=\"article:modified_time\" content=\"2024-10-08T13:59:23+00:00\" \/>\n<meta property=\"og:image\" content=\"https:\/\/leocare.eu\/fr\/wp-content\/uploads\/2023\/07\/background-leocare.png\" \/>\n\t<meta property=\"og:image:width\" content=\"1400\" \/>\n\t<meta property=\"og:image:height\" content=\"600\" \/>\n\t<meta property=\"og:image:type\" content=\"image\/png\" \/>\n<meta name=\"twitter:card\" content=\"summary_large_image\" \/>\n<meta name=\"twitter:label1\" content=\"Dur\u00e9e de lecture estim\u00e9e\" \/>\n\t<meta name=\"twitter:data1\" content=\"2 minutes\" \/>\n<!-- \/ Yoast SEO plugin. -->","yoast_head_json":{"title":"Leocare enrichit son offre d\u2019assurance propri\u00e9taire non occupant en partenariat avec Mila","robots":{"index":"index","follow":"follow","max-snippet":"max-snippet:-1","max-image-preview":"max-image-preview:large","max-video-preview":"max-video-preview:-1"},"canonical":"https:\/\/leocare.eu\/fr\/presse\/partenariat-mila\/","og_locale":"fr_FR","og_type":"article","og_title":"Leocare enrichit son offre d\u2019assurance propri\u00e9taire non occupant en partenariat avec Mila","og_description":"La n\u00e9o-assurance Leocare annonce l\u2019enrichissement de son offre d\u2019assurance propri\u00e9taire non-occupant gr\u00e2ce \u00e0 un nouveau partenariat avec l\u2019assurtech Mila. Cette offre vient \u00e9toffer l\u2019\u00e9ventail de Leocare afin de r\u00e9pondre au nombre croissant de demandes pour cette garantie.\u00a0 L\u2019investissement locatif, un march\u00e9 florissant pour les propri\u00e9taires non occupants Le march\u00e9 des propri\u00e9taires non occupants en France, [&hellip;]","og_url":"https:\/\/leocare.eu\/fr\/presse\/partenariat-mila\/","og_site_name":"Leocare, assurance en ligne automobile et habitation","article_modified_time":"2024-10-08T13:59:23+00:00","og_image":[{"width":1400,"height":600,"url":"https:\/\/leocare.eu\/fr\/wp-content\/uploads\/2023\/07\/background-leocare.png","type":"image\/png"}],"twitter_card":"summary_large_image","twitter_misc":{"Dur\u00e9e de lecture estim\u00e9e":"2 minutes"},"schema":{"@context":"https:\/\/schema.org","@graph":[{"@type":"WebPage","@id":"https:\/\/leocare.eu\/fr\/presse\/partenariat-mila\/","url":"https:\/\/leocare.eu\/fr\/presse\/partenariat-mila\/","name":"Leocare enrichit son offre d\u2019assurance propri\u00e9taire non occupant en partenariat avec Mila","isPartOf":{"@id":"https:\/\/leocare.eu\/fr\/#website"},"primaryImageOfPage":{"@id":"https:\/\/leocare.eu\/fr\/presse\/partenariat-mila\/#primaryimage"},"image":{"@id":"https:\/\/leocare.eu\/fr\/presse\/partenariat-mila\/#primaryimage"},"thumbnailUrl":"https:\/\/leocare.eu\/fr\/wp-content\/uploads\/2023\/07\/background-leocare.png","datePublished":"2024-10-08T13:59:20+00:00","dateModified":"2024-10-08T13:59:23+00:00","breadcrumb":{"@id":"https:\/\/leocare.eu\/fr\/presse\/partenariat-mila\/#breadcrumb"},"inLanguage":"fr-FR","potentialAction":[{"@type":"ReadAction","target":["https:\/\/leocare.eu\/fr\/presse\/partenariat-mila\/"]}]},{"@type":"ImageObject","inLanguage":"fr-FR","@id":"https:\/\/leocare.eu\/fr\/presse\/partenariat-mila\/#primaryimage","url":"https:\/\/leocare.eu\/fr\/wp-content\/uploads\/2023\/07\/background-leocare.png","contentUrl":"https:\/\/leocare.eu\/fr\/wp-content\/uploads\/2023\/07\/background-leocare.png","width":1400,"height":600,"caption":"background leocare"},{"@type":"WebSite","@id":"https:\/\/leocare.eu\/fr\/#website","url":"https:\/\/leocare.eu\/fr\/","name":"Leocare, assurance en ligne automobile et habitation","description":"enfin (r)assur\u00e9.e","publisher":{"@id":"https:\/\/leocare.eu\/fr\/#organization"},"potentialAction":[{"@type":"SearchAction","target":{"@type":"EntryPoint","urlTemplate":"https:\/\/leocare.eu\/fr\/?s={search_term_string}"},"query-input":{"@type":"PropertyValueSpecification","valueRequired":true,"valueName":"search_term_string"}}],"inLanguage":"fr-FR"},{"@type":"Organization","@id":"https:\/\/leocare.eu\/fr\/#organization","name":"Leocare, assurance en ligne automobile et habitation","url":"https:\/\/leocare.eu\/fr\/","logo":{"@type":"ImageObject","inLanguage":"fr-FR","@id":"https:\/\/leocare.eu\/fr\/#\/schema\/logo\/image\/","url":"https:\/\/leocare.eu\/fr\/wp-content\/uploads\/2020\/03\/logo-leocare.svg","contentUrl":"https:\/\/leocare.eu\/fr\/wp-content\/uploads\/2020\/03\/logo-leocare.svg","caption":"Leocare, assurance en ligne automobile et habitation"},"image":{"@id":"https:\/\/leocare.eu\/fr\/#\/schema\/logo\/image\/"}}]}},"_links":{"self":[{"href":"https:\/\/leocare.eu\/fr\/wp-json\/wp\/v2\/pages\/23413","targetHints":{"allow":["GET"]}}],"collection":[{"href":"https:\/\/leocare.eu\/fr\/wp-json\/wp\/v2\/pages"}],"about":[{"href":"https:\/\/leocare.eu\/fr\/wp-json\/wp\/v2\/types\/page"}],"author":[{"embeddable":true,"href":"https:\/\/leocare.eu\/fr\/wp-json\/wp\/v2\/users\/34"}],"replies":[{"embeddable":true,"href":"https:\/\/leocare.eu\/fr\/wp-json\/wp\/v2\/comments?post=23413"}],"version-history":[{"count":1,"href":"https:\/\/leocare.eu\/fr\/wp-json\/wp\/v2\/pages\/23413\/revisions"}],"predecessor-version":[{"id":23414,"href":"https:\/\/leocare.eu\/fr\/wp-json\/wp\/v2\/pages\/23413\/revisions\/23414"}],"up":[{"embeddable":true,"href":"https:\/\/leocare.eu\/fr\/wp-json\/wp\/v2\/pages\/16531"}],"wp:featuredmedia":[{"embeddable":true,"href":"https:\/\/leocare.eu\/fr\/wp-json\/wp\/v2\/media\/16588"}],"wp:attachment":[{"href":"https:\/\/leocare.eu\/fr\/wp-json\/wp\/v2\/media?parent=23413"}],"curies":[{"name":"wp","href":"https:\/\/api.w.org\/{rel}","templated":true}]}}