{"id":23411,"date":"2024-10-08T15:53:46","date_gmt":"2024-10-08T13:53:46","guid":{"rendered":"https:\/\/leocare.eu\/fr\/?page_id=23411"},"modified":"2024-10-08T15:53:48","modified_gmt":"2024-10-08T13:53:48","slug":"partenariat-dalma","status":"publish","type":"page","link":"https:\/\/leocare.eu\/fr\/presse\/partenariat-dalma\/","title":{"rendered":"Leocare noue un partenariat avec Dalma pour r\u00e9volutionner l\u2019assurance sant\u00e9 des animaux"},"content":{"rendered":"\n<p><strong>La n\u00e9oassurance Leocare annonce son partenariat avec Dalma sp\u00e9cialiste de l\u2019assurance sant\u00e9 animale. Cette collaboration vise \u00e0 proposer aux propri\u00e9taires d\u2019animaux une assurance compl\u00e8te et accessible, int\u00e9gr\u00e9e \u00e0 l\u2019application Leocare, offrant des services innovants et des offres exclusives pour simplifier la gestion de la sant\u00e9 de votre compagnon.<\/strong> <strong>Ensemble, Leocare et Dalma s\u2019engagent \u00e0 r\u00e9volutionner le secteur de l\u2019assurance pour animaux et \u00e0 r\u00e9pondre aux besoins croissants des familles fran\u00e7aises.<\/strong><\/p>\n\n\n\n<h2 class=\"wp-block-heading\">Les Fran\u00e7ais assurent (trop) peu leur animal de compagnie<\/h2>\n\n\n\n<p><strong>On compte en France pas moins de 75 millions d\u2019animaux de compagnie<\/strong> (parmi lesquels 16,6 millions de chats et 9,9 millions de chiens), soit plus que d\u2019habitants. Cela en fait le pays europ\u00e9en num\u00e9ro 1 en nombre de propri\u00e9taires.<\/p>\n\n\n\n<p><strong>En France, 7% des chiens et 4% des chats sont assur\u00e9s selon, contre 80 % en Su\u00e8de ou encore 40 % en Angleterre,<\/strong> o\u00f9 ce syst\u00e8me existe depuis une cinquantaine d\u2019ann\u00e9es. En cause\u00a0? Le prix, un d\u00e9ficit d\u2019informations, un manque de produits adapt\u00e9s et de solutions simples, et plus largement une sous-estimation des co\u00fbts engendr\u00e9s par les soins v\u00e9t\u00e9rinaires.\u00a0<\/p>\n\n\n\n<h2 class=\"wp-block-heading\">Une collaboration au service du bien-\u00eatre animal et d\u2019une nouvelle exp\u00e9rience client<\/h2>\n\n\n\n<p>C\u2019est en partant de ce constat que Leocare s\u2019est rapproch\u00e9 de Dalma. Lanc\u00e9 en 2021, Dalma s\u2019impose d\u2019ores et d\u00e9j\u00e0 comme un acteur clef de l\u2019assurance sant\u00e9 chien et chat en proposant une couverture 100\u00a0% digitale, totalement transparente et sans franchise. <strong>La jeune pousse offre des formules flexibles et adapt\u00e9es aux besoins sp\u00e9cifiques des propri\u00e9taires, avec des remboursements sous 48h.\u00a0<\/strong><\/p>\n\n\n\n<p>D\u2019un c\u00f4t\u00e9 l\u2019expertise de l\u2019assurance multirisque de Leocare, de l\u2019autre la sp\u00e9cialisation dans la couverture des animaux domestiques de Dalma. <strong>Bien plus qu\u2019un partenariat, l\u2019alliance strat\u00e9gique entre les deux soci\u00e9t\u00e9s tricolores capitalise sur la mutualisation des savoir-faire<\/strong> pour r\u00e9pondre \u00e0 la complexit\u00e9 du march\u00e9 traditionnel de l\u2019assurance et offrir une meilleure exp\u00e9rience aux clients.<\/p>\n\n\n\n<p><em>\u00ab Ce partenariat va permettre de mutualiser nos expertises et d\u2019allier nos forces pour proposer un service toujours plus simple, complet et abordable \u00e0 tous ceux qui veulent prendre soin de leur chien ou chat au quotidien, qu\u2019ils se trouvent en ville ou \u00e0 la campagne \u00bb<\/em>, <strong>commente Alban de Pr\u00e9ville, cofondateur de Dalma.<\/strong><\/p>\n\n\n\n<h2 class=\"wp-block-heading\">Leocare x Dalma : l\u2019assurance sur mesure pour les animaux de compagnie<\/h2>\n\n\n\n<p>Tr\u00e8s concr\u00e8tement, l\u2019assurance Leocare x Dalma s\u2019adapte \u00e0 tous les besoins des animaux, qu\u2019il s\u2019agisse de soins courants, d\u2019interventions chirurgicales ou de soins pr\u00e9ventifs. <strong>Tout, absolument tout a \u00e9t\u00e9 pens\u00e9 pour leur garantir une protection optimale tout en apportant une tranquillit\u00e9 d\u2019esprit totale aux propri\u00e9taires, <\/strong>qui peuvent g\u00e9rer l\u2019ensemble de leurs assurances Leocare et Dalma depuis une interface commune, accessible 24\/7.\u00a0<\/p>\n\n\n\n<p>D\u00e9claration des sinistres (blessures des animaux) en quelques clics, suivi en temps r\u00e9el de l\u2019avancement des dossiers avec notifications \u00e0 chaque \u00e9tape du traitement, alertes, rappels sant\u00e9 (vaccins, visites chez le v\u00e9t\u00e9rinaire) et conseils personnalis\u00e9s\u2026 Les assur\u00e9s ont d\u00e9sormais la possibilit\u00e9 de se concentrer sur l\u2019essentiel : le bien-\u00eatre de leur animal. <strong>En cas de besoin, les propri\u00e9taires peuvent en outre poser des questions \u00e0 un chatbot intelligent, solliciter une assistance humaine et m\u00eame consulter un v\u00e9t\u00e9rinaire en ligne directement depuis l\u2019application !<\/strong><\/p>\n\n\n\n<p><em>\u00ab Assurer son animal de compagnie est indispensable pour limiter les d\u00e9penses et se prot\u00e9ger contre les impr\u00e9vus. L\u2019assurance Leocare x Dalma permet de garantir les meilleurs soins possibles \u00e0 son chien ou \u00e0 son chat en toutes circonstances, et de fa\u00e7on simplifi\u00e9e, tout en s\u2019affranchissant des contraintes administratives et financi\u00e8res \u00bb<\/em>, <strong>conclut Christophe Dandois, cofondateur de Leocare.<\/strong><\/p>\n","protected":false},"excerpt":{"rendered":"<p>La n\u00e9oassurance Leocare annonce son partenariat avec Dalma sp\u00e9cialiste de l\u2019assurance sant\u00e9 animale. Cette collaboration vise \u00e0 proposer aux propri\u00e9taires d\u2019animaux une assurance compl\u00e8te et accessible, int\u00e9gr\u00e9e \u00e0 l\u2019application Leocare, offrant des services innovants et des offres exclusives pour simplifier la gestion de la sant\u00e9 de votre compagnon. Ensemble, Leocare et Dalma s\u2019engagent \u00e0 r\u00e9volutionner [&hellip;]<\/p>\n","protected":false},"author":34,"featured_media":16588,"parent":16531,"menu_order":0,"comment_status":"closed","ping_status":"closed","template":"template_press_article.php","meta":{"_acf_changed":false,"footnotes":""},"class_list":["post-23411","page","type-page","status-publish","has-post-thumbnail","hentry"],"acf":[],"yoast_head":"<!-- This site is optimized with the Yoast SEO plugin v27.3 - https:\/\/yoast.com\/product\/yoast-seo-wordpress\/ -->\n<title>Leocare noue un partenariat avec Dalma pour r\u00e9volutionner l\u2019assurance sant\u00e9 des animaux<\/title>\n<meta name=\"robots\" content=\"index, follow, max-snippet:-1, max-image-preview:large, max-video-preview:-1\" \/>\n<link rel=\"canonical\" href=\"https:\/\/leocare.eu\/fr\/presse\/partenariat-dalma\/\" \/>\n<meta property=\"og:locale\" content=\"fr_FR\" \/>\n<meta property=\"og:type\" content=\"article\" \/>\n<meta property=\"og:title\" content=\"Leocare noue un partenariat avec Dalma pour r\u00e9volutionner l\u2019assurance sant\u00e9 des animaux\" \/>\n<meta property=\"og:description\" content=\"La n\u00e9oassurance Leocare annonce son partenariat avec Dalma sp\u00e9cialiste de l\u2019assurance sant\u00e9 animale. Cette collaboration vise \u00e0 proposer aux propri\u00e9taires d\u2019animaux une assurance compl\u00e8te et accessible, int\u00e9gr\u00e9e \u00e0 l\u2019application Leocare, offrant des services innovants et des offres exclusives pour simplifier la gestion de la sant\u00e9 de votre compagnon. Ensemble, Leocare et Dalma s\u2019engagent \u00e0 r\u00e9volutionner [&hellip;]\" \/>\n<meta property=\"og:url\" content=\"https:\/\/leocare.eu\/fr\/presse\/partenariat-dalma\/\" \/>\n<meta property=\"og:site_name\" content=\"Leocare, assurance en ligne automobile et habitation\" \/>\n<meta property=\"article:modified_time\" content=\"2024-10-08T13:53:48+00:00\" \/>\n<meta property=\"og:image\" content=\"https:\/\/leocare.eu\/fr\/wp-content\/uploads\/2023\/07\/background-leocare.png\" \/>\n\t<meta property=\"og:image:width\" content=\"1400\" \/>\n\t<meta property=\"og:image:height\" content=\"600\" \/>\n\t<meta property=\"og:image:type\" content=\"image\/png\" \/>\n<meta name=\"twitter:card\" content=\"summary_large_image\" \/>\n<meta name=\"twitter:label1\" content=\"Dur\u00e9e de lecture estim\u00e9e\" \/>\n\t<meta name=\"twitter:data1\" content=\"3 minutes\" \/>\n<!-- \/ Yoast SEO plugin. -->","yoast_head_json":{"title":"Leocare noue un partenariat avec Dalma pour r\u00e9volutionner l\u2019assurance sant\u00e9 des animaux","robots":{"index":"index","follow":"follow","max-snippet":"max-snippet:-1","max-image-preview":"max-image-preview:large","max-video-preview":"max-video-preview:-1"},"canonical":"https:\/\/leocare.eu\/fr\/presse\/partenariat-dalma\/","og_locale":"fr_FR","og_type":"article","og_title":"Leocare noue un partenariat avec Dalma pour r\u00e9volutionner l\u2019assurance sant\u00e9 des animaux","og_description":"La n\u00e9oassurance Leocare annonce son partenariat avec Dalma sp\u00e9cialiste de l\u2019assurance sant\u00e9 animale. Cette collaboration vise \u00e0 proposer aux propri\u00e9taires d\u2019animaux une assurance compl\u00e8te et accessible, int\u00e9gr\u00e9e \u00e0 l\u2019application Leocare, offrant des services innovants et des offres exclusives pour simplifier la gestion de la sant\u00e9 de votre compagnon. Ensemble, Leocare et Dalma s\u2019engagent \u00e0 r\u00e9volutionner [&hellip;]","og_url":"https:\/\/leocare.eu\/fr\/presse\/partenariat-dalma\/","og_site_name":"Leocare, assurance en ligne automobile et habitation","article_modified_time":"2024-10-08T13:53:48+00:00","og_image":[{"width":1400,"height":600,"url":"https:\/\/leocare.eu\/fr\/wp-content\/uploads\/2023\/07\/background-leocare.png","type":"image\/png"}],"twitter_card":"summary_large_image","twitter_misc":{"Dur\u00e9e de lecture estim\u00e9e":"3 minutes"},"schema":{"@context":"https:\/\/schema.org","@graph":[{"@type":"WebPage","@id":"https:\/\/leocare.eu\/fr\/presse\/partenariat-dalma\/","url":"https:\/\/leocare.eu\/fr\/presse\/partenariat-dalma\/","name":"Leocare noue un partenariat avec Dalma pour r\u00e9volutionner l\u2019assurance sant\u00e9 des animaux","isPartOf":{"@id":"https:\/\/leocare.eu\/fr\/#website"},"primaryImageOfPage":{"@id":"https:\/\/leocare.eu\/fr\/presse\/partenariat-dalma\/#primaryimage"},"image":{"@id":"https:\/\/leocare.eu\/fr\/presse\/partenariat-dalma\/#primaryimage"},"thumbnailUrl":"https:\/\/leocare.eu\/fr\/wp-content\/uploads\/2023\/07\/background-leocare.png","datePublished":"2024-10-08T13:53:46+00:00","dateModified":"2024-10-08T13:53:48+00:00","breadcrumb":{"@id":"https:\/\/leocare.eu\/fr\/presse\/partenariat-dalma\/#breadcrumb"},"inLanguage":"fr-FR","potentialAction":[{"@type":"ReadAction","target":["https:\/\/leocare.eu\/fr\/presse\/partenariat-dalma\/"]}]},{"@type":"ImageObject","inLanguage":"fr-FR","@id":"https:\/\/leocare.eu\/fr\/presse\/partenariat-dalma\/#primaryimage","url":"https:\/\/leocare.eu\/fr\/wp-content\/uploads\/2023\/07\/background-leocare.png","contentUrl":"https:\/\/leocare.eu\/fr\/wp-content\/uploads\/2023\/07\/background-leocare.png","width":1400,"height":600,"caption":"background leocare"},{"@type":"WebSite","@id":"https:\/\/leocare.eu\/fr\/#website","url":"https:\/\/leocare.eu\/fr\/","name":"Leocare, assurance en ligne automobile et habitation","description":"enfin (r)assur\u00e9.e","publisher":{"@id":"https:\/\/leocare.eu\/fr\/#organization"},"potentialAction":[{"@type":"SearchAction","target":{"@type":"EntryPoint","urlTemplate":"https:\/\/leocare.eu\/fr\/?s={search_term_string}"},"query-input":{"@type":"PropertyValueSpecification","valueRequired":true,"valueName":"search_term_string"}}],"inLanguage":"fr-FR"},{"@type":"Organization","@id":"https:\/\/leocare.eu\/fr\/#organization","name":"Leocare, assurance en ligne automobile et habitation","url":"https:\/\/leocare.eu\/fr\/","logo":{"@type":"ImageObject","inLanguage":"fr-FR","@id":"https:\/\/leocare.eu\/fr\/#\/schema\/logo\/image\/","url":"https:\/\/leocare.eu\/fr\/wp-content\/uploads\/2020\/03\/logo-leocare.svg","contentUrl":"https:\/\/leocare.eu\/fr\/wp-content\/uploads\/2020\/03\/logo-leocare.svg","caption":"Leocare, assurance en ligne automobile et habitation"},"image":{"@id":"https:\/\/leocare.eu\/fr\/#\/schema\/logo\/image\/"}}]}},"_links":{"self":[{"href":"https:\/\/leocare.eu\/fr\/wp-json\/wp\/v2\/pages\/23411","targetHints":{"allow":["GET"]}}],"collection":[{"href":"https:\/\/leocare.eu\/fr\/wp-json\/wp\/v2\/pages"}],"about":[{"href":"https:\/\/leocare.eu\/fr\/wp-json\/wp\/v2\/types\/page"}],"author":[{"embeddable":true,"href":"https:\/\/leocare.eu\/fr\/wp-json\/wp\/v2\/users\/34"}],"replies":[{"embeddable":true,"href":"https:\/\/leocare.eu\/fr\/wp-json\/wp\/v2\/comments?post=23411"}],"version-history":[{"count":1,"href":"https:\/\/leocare.eu\/fr\/wp-json\/wp\/v2\/pages\/23411\/revisions"}],"predecessor-version":[{"id":23412,"href":"https:\/\/leocare.eu\/fr\/wp-json\/wp\/v2\/pages\/23411\/revisions\/23412"}],"up":[{"embeddable":true,"href":"https:\/\/leocare.eu\/fr\/wp-json\/wp\/v2\/pages\/16531"}],"wp:featuredmedia":[{"embeddable":true,"href":"https:\/\/leocare.eu\/fr\/wp-json\/wp\/v2\/media\/16588"}],"wp:attachment":[{"href":"https:\/\/leocare.eu\/fr\/wp-json\/wp\/v2\/media?parent=23411"}],"curies":[{"name":"wp","href":"https:\/\/api.w.org\/{rel}","templated":true}]}}