{"id":23408,"date":"2024-10-08T15:44:16","date_gmt":"2024-10-08T13:44:16","guid":{"rendered":"https:\/\/leocare.eu\/fr\/?page_id=23408"},"modified":"2024-10-08T15:44:57","modified_gmt":"2024-10-08T13:44:57","slug":"partenariat-ulygo","status":"publish","type":"page","link":"https:\/\/leocare.eu\/fr\/presse\/partenariat-ulygo\/","title":{"rendered":"Leocare lance son assurance v\u00e9lo en partenariat avec Ulygo"},"content":{"rendered":"\n<p><strong>La n\u00e9o-assurance <\/strong><a href=\"https:\/\/leocare.eu\/fr\/\"><strong>Leocare<\/strong><\/a><strong> annonce le lancement de son assurance \u00e0 destination des cyclistes. Cr\u00e9\u00e9e en partenariat avec le sp\u00e9cialiste de l\u2019assurance de la mobilit\u00e9 douce <\/strong><a href=\"https:\/\/ulygo.fr\/\"><strong>Ulygo<\/strong><\/a><strong>, ce partenariat vise \u00e0 r\u00e9pondre \u00e0 la demande croissante des cyclistes pour une protection flexible, compl\u00e8te, et accessible, dans un contexte de forte expansion de l\u2019usage du v\u00e9lo comme mode de transport quotidien.<\/strong><\/p>\n\n\n\n<h2 class=\"wp-block-heading\">Le v\u00e9lo, un mode de transport qui se d\u00e9veloppe \u00e0 grande vitesse<\/h2>\n\n\n\n<p>L&rsquo;utilisation du v\u00e9lo en France conna\u00eet une forte croissance ces derni\u00e8res ann\u00e9es, port\u00e9e par plusieurs facteurs tels que la prise de conscience environnementale, le d\u00e9veloppement des infrastructures cyclables et l&rsquo;essor des v\u00e9los \u00e9lectriques. <strong>Les Fran\u00e7ais adoptent de plus en plus le v\u00e9lo non seulement pour les loisirs, mais aussi comme moyen de transport quotidien, notamment dans les grandes villes.\u00a0<\/strong><\/p>\n\n\n\n<p>La crise sanitaire li\u00e9e \u00e0 la COVID-19 a acc\u00e9l\u00e9r\u00e9 cette tendance, poussant de nombreuses municipalit\u00e9s \u00e0 investir dans des pistes cyclables s\u00e9curis\u00e9es et \u00e0 promouvoir la mobilit\u00e9 douce. En parall\u00e8le, les politiques publiques, comme les primes \u00e0 l\u2019achat de v\u00e9los \u00e9lectriques ou le Plan V\u00e9lo national, ont renforc\u00e9 l&rsquo;attractivit\u00e9 du v\u00e9lo en tant qu&rsquo;alternative \u00e9cologique et \u00e9conomique aux voitures et aux transports en commun. <strong>Aujourd&rsquo;hui, le v\u00e9lo s&rsquo;impose comme un symbole de transition vers des modes de vie plus durables en France, \u00e0 tel point que 2,2 millions de v\u00e9los vendus en France en 2023, dont 30 % de VAE<\/strong>.<\/p>\n\n\n\n<h2 class=\"wp-block-heading\">Une assurance sur-mesure pour les cyclistes<\/h2>\n\n\n\n<p>C\u2019est dans ce contexte, que Leocare annonce le lancement de son offre d\u2019assurance \u00e0 destination des cyclistes en partenariat avec Ulygo. <strong>Gr\u00e2ce \u00e0 cette collaboration, Leocare et Ulygo offrent une solution simple et intuitive aux utilisateurs de v\u00e9los, <\/strong>qu\u2019ils soient amateurs de cyclotourisme ou adeptes du v\u00e9lo urbain. L\u2019assurance v\u00e9lo, d\u00e9sormais disponible via l\u2019application Leocare, propose une couverture compl\u00e8te incluant la protection contre le vol, les dommages mat\u00e9riels, ainsi qu&rsquo;une assistance en cas de panne ou d&rsquo;accident.<\/p>\n\n\n\n<p><strong>Avec ce partenariat, les cyclistes pourront souscrire \u00e0 une assurance v\u00e9lo \u00e0 la demande, ajustable en fonction de l\u2019utilisation, et b\u00e9n\u00e9ficier d\u2019une assistance 24\/7 via les services d\u2019Ulygo.<\/strong> L\u2019offre s\u2019adresse aussi bien aux utilisateurs de v\u00e9los classiques qu\u2019aux propri\u00e9taires de v\u00e9los \u00e9lectriques, qui connaissent une popularit\u00e9 grandissante en France.<\/p>\n\n\n\n<p><em>\u00ab Nous avons constat\u00e9 une augmentation significative de l\u2019usage du v\u00e9lo comme moyen de transport \u00e9cologique et pratique. Ce partenariat avec Ulygo nous permet de r\u00e9pondre aux attentes de cette communaut\u00e9 grandissante en leur offrant une assurance v\u00e9lo innovante, accessible, et parfaitement adapt\u00e9e \u00e0 leur mode de vie. \u00bb<\/em> <strong>d\u00e9clare Alexandra Dadian, Head of Product de Leocare.<\/strong><\/p>\n\n\n\n<p><em>\u00ab Chez Ulygo, nous sommes fiers de collaborer avec Leocare pour proposer une solution qui am\u00e9liore non seulement la s\u00e9curit\u00e9 des cyclistes, mais aussi leur tranquillit\u00e9 d\u2019esprit. Ce partenariat permet de combiner la flexibilit\u00e9 de Leocare avec notre expertise dans l\u2019accompagnement des\u00a0 cyclistes, pour une exp\u00e9rience totalement r\u00e9invent\u00e9e. \u00bb<\/em> <strong>d\u00e9clare Pierre-Yves Gourd\u00e8s, co-fondateur et DG d\u2019Ulygo.<\/strong><\/p>\n\n\n\n<h2 class=\"wp-block-heading\">Un engagement pour la mobilit\u00e9 durable<\/h2>\n\n\n\n<p><strong>Le partenariat entre Leocare et Ulygo s\u2019inscrit \u00e9galement dans une d\u00e9marche plus large de promotion de la mobilit\u00e9 douce. <\/strong>En facilitant l&rsquo;acc\u00e8s \u00e0 une assurance v\u00e9lo flexible et abordable, les deux entreprises entendent encourager l\u2019utilisation du v\u00e9lo comme alternative \u00e9cologique aux modes de transport traditionnels.<\/p>\n\n\n\n<p>Les cyclistes peuvent \u00e9galement b\u00e9n\u00e9ficier de conseils de pr\u00e9vention et d&rsquo;optimisation de la s\u00e9curit\u00e9 fournis par Ulygo, avec des services de g\u00e9olocalisation, de conseils d\u2019entretien, et de gestion proactive des risques.<\/p>\n","protected":false},"excerpt":{"rendered":"<p>La n\u00e9o-assurance Leocare annonce le lancement de son assurance \u00e0 destination des cyclistes. Cr\u00e9\u00e9e en partenariat avec le sp\u00e9cialiste de l\u2019assurance de la mobilit\u00e9 douce Ulygo, ce partenariat vise \u00e0 r\u00e9pondre \u00e0 la demande croissante des cyclistes pour une protection flexible, compl\u00e8te, et accessible, dans un contexte de forte expansion de l\u2019usage du v\u00e9lo comme [&hellip;]<\/p>\n","protected":false},"author":34,"featured_media":16588,"parent":16531,"menu_order":0,"comment_status":"closed","ping_status":"closed","template":"template_press_article.php","meta":{"_acf_changed":false,"footnotes":""},"class_list":["post-23408","page","type-page","status-publish","has-post-thumbnail","hentry"],"acf":[],"yoast_head":"<!-- This site is optimized with the Yoast SEO plugin v27.3 - https:\/\/yoast.com\/product\/yoast-seo-wordpress\/ -->\n<title>Leocare lance son assurance v\u00e9lo en partenariat avec Ulygo<\/title>\n<meta name=\"robots\" content=\"index, follow, max-snippet:-1, max-image-preview:large, max-video-preview:-1\" \/>\n<link rel=\"canonical\" href=\"https:\/\/leocare.eu\/fr\/presse\/partenariat-ulygo\/\" \/>\n<meta property=\"og:locale\" content=\"fr_FR\" \/>\n<meta property=\"og:type\" content=\"article\" \/>\n<meta property=\"og:title\" content=\"Leocare lance son assurance v\u00e9lo en partenariat avec Ulygo\" \/>\n<meta property=\"og:description\" content=\"La n\u00e9o-assurance Leocare annonce le lancement de son assurance \u00e0 destination des cyclistes. Cr\u00e9\u00e9e en partenariat avec le sp\u00e9cialiste de l\u2019assurance de la mobilit\u00e9 douce Ulygo, ce partenariat vise \u00e0 r\u00e9pondre \u00e0 la demande croissante des cyclistes pour une protection flexible, compl\u00e8te, et accessible, dans un contexte de forte expansion de l\u2019usage du v\u00e9lo comme [&hellip;]\" \/>\n<meta property=\"og:url\" content=\"https:\/\/leocare.eu\/fr\/presse\/partenariat-ulygo\/\" \/>\n<meta property=\"og:site_name\" content=\"Leocare, assurance en ligne automobile et habitation\" \/>\n<meta property=\"article:modified_time\" content=\"2024-10-08T13:44:57+00:00\" \/>\n<meta property=\"og:image\" content=\"https:\/\/leocare.eu\/fr\/wp-content\/uploads\/2023\/07\/background-leocare.png\" \/>\n\t<meta property=\"og:image:width\" content=\"1400\" \/>\n\t<meta property=\"og:image:height\" content=\"600\" \/>\n\t<meta property=\"og:image:type\" content=\"image\/png\" \/>\n<meta name=\"twitter:card\" content=\"summary_large_image\" \/>\n<meta name=\"twitter:label1\" content=\"Dur\u00e9e de lecture estim\u00e9e\" \/>\n\t<meta name=\"twitter:data1\" content=\"3 minutes\" \/>\n<!-- \/ Yoast SEO plugin. -->","yoast_head_json":{"title":"Leocare lance son assurance v\u00e9lo en partenariat avec Ulygo","robots":{"index":"index","follow":"follow","max-snippet":"max-snippet:-1","max-image-preview":"max-image-preview:large","max-video-preview":"max-video-preview:-1"},"canonical":"https:\/\/leocare.eu\/fr\/presse\/partenariat-ulygo\/","og_locale":"fr_FR","og_type":"article","og_title":"Leocare lance son assurance v\u00e9lo en partenariat avec Ulygo","og_description":"La n\u00e9o-assurance Leocare annonce le lancement de son assurance \u00e0 destination des cyclistes. Cr\u00e9\u00e9e en partenariat avec le sp\u00e9cialiste de l\u2019assurance de la mobilit\u00e9 douce Ulygo, ce partenariat vise \u00e0 r\u00e9pondre \u00e0 la demande croissante des cyclistes pour une protection flexible, compl\u00e8te, et accessible, dans un contexte de forte expansion de l\u2019usage du v\u00e9lo comme [&hellip;]","og_url":"https:\/\/leocare.eu\/fr\/presse\/partenariat-ulygo\/","og_site_name":"Leocare, assurance en ligne automobile et habitation","article_modified_time":"2024-10-08T13:44:57+00:00","og_image":[{"width":1400,"height":600,"url":"https:\/\/leocare.eu\/fr\/wp-content\/uploads\/2023\/07\/background-leocare.png","type":"image\/png"}],"twitter_card":"summary_large_image","twitter_misc":{"Dur\u00e9e de lecture estim\u00e9e":"3 minutes"},"schema":{"@context":"https:\/\/schema.org","@graph":[{"@type":"WebPage","@id":"https:\/\/leocare.eu\/fr\/presse\/partenariat-ulygo\/","url":"https:\/\/leocare.eu\/fr\/presse\/partenariat-ulygo\/","name":"Leocare lance son assurance v\u00e9lo en partenariat avec Ulygo","isPartOf":{"@id":"https:\/\/leocare.eu\/fr\/#website"},"primaryImageOfPage":{"@id":"https:\/\/leocare.eu\/fr\/presse\/partenariat-ulygo\/#primaryimage"},"image":{"@id":"https:\/\/leocare.eu\/fr\/presse\/partenariat-ulygo\/#primaryimage"},"thumbnailUrl":"https:\/\/leocare.eu\/fr\/wp-content\/uploads\/2023\/07\/background-leocare.png","datePublished":"2024-10-08T13:44:16+00:00","dateModified":"2024-10-08T13:44:57+00:00","breadcrumb":{"@id":"https:\/\/leocare.eu\/fr\/presse\/partenariat-ulygo\/#breadcrumb"},"inLanguage":"fr-FR","potentialAction":[{"@type":"ReadAction","target":["https:\/\/leocare.eu\/fr\/presse\/partenariat-ulygo\/"]}]},{"@type":"ImageObject","inLanguage":"fr-FR","@id":"https:\/\/leocare.eu\/fr\/presse\/partenariat-ulygo\/#primaryimage","url":"https:\/\/leocare.eu\/fr\/wp-content\/uploads\/2023\/07\/background-leocare.png","contentUrl":"https:\/\/leocare.eu\/fr\/wp-content\/uploads\/2023\/07\/background-leocare.png","width":1400,"height":600,"caption":"background leocare"},{"@type":"WebSite","@id":"https:\/\/leocare.eu\/fr\/#website","url":"https:\/\/leocare.eu\/fr\/","name":"Leocare, assurance en ligne automobile et habitation","description":"enfin (r)assur\u00e9.e","publisher":{"@id":"https:\/\/leocare.eu\/fr\/#organization"},"potentialAction":[{"@type":"SearchAction","target":{"@type":"EntryPoint","urlTemplate":"https:\/\/leocare.eu\/fr\/?s={search_term_string}"},"query-input":{"@type":"PropertyValueSpecification","valueRequired":true,"valueName":"search_term_string"}}],"inLanguage":"fr-FR"},{"@type":"Organization","@id":"https:\/\/leocare.eu\/fr\/#organization","name":"Leocare, assurance en ligne automobile et habitation","url":"https:\/\/leocare.eu\/fr\/","logo":{"@type":"ImageObject","inLanguage":"fr-FR","@id":"https:\/\/leocare.eu\/fr\/#\/schema\/logo\/image\/","url":"https:\/\/leocare.eu\/fr\/wp-content\/uploads\/2020\/03\/logo-leocare.svg","contentUrl":"https:\/\/leocare.eu\/fr\/wp-content\/uploads\/2020\/03\/logo-leocare.svg","caption":"Leocare, assurance en ligne automobile et habitation"},"image":{"@id":"https:\/\/leocare.eu\/fr\/#\/schema\/logo\/image\/"}}]}},"_links":{"self":[{"href":"https:\/\/leocare.eu\/fr\/wp-json\/wp\/v2\/pages\/23408","targetHints":{"allow":["GET"]}}],"collection":[{"href":"https:\/\/leocare.eu\/fr\/wp-json\/wp\/v2\/pages"}],"about":[{"href":"https:\/\/leocare.eu\/fr\/wp-json\/wp\/v2\/types\/page"}],"author":[{"embeddable":true,"href":"https:\/\/leocare.eu\/fr\/wp-json\/wp\/v2\/users\/34"}],"replies":[{"embeddable":true,"href":"https:\/\/leocare.eu\/fr\/wp-json\/wp\/v2\/comments?post=23408"}],"version-history":[{"count":2,"href":"https:\/\/leocare.eu\/fr\/wp-json\/wp\/v2\/pages\/23408\/revisions"}],"predecessor-version":[{"id":23410,"href":"https:\/\/leocare.eu\/fr\/wp-json\/wp\/v2\/pages\/23408\/revisions\/23410"}],"up":[{"embeddable":true,"href":"https:\/\/leocare.eu\/fr\/wp-json\/wp\/v2\/pages\/16531"}],"wp:featuredmedia":[{"embeddable":true,"href":"https:\/\/leocare.eu\/fr\/wp-json\/wp\/v2\/media\/16588"}],"wp:attachment":[{"href":"https:\/\/leocare.eu\/fr\/wp-json\/wp\/v2\/media?parent=23408"}],"curies":[{"name":"wp","href":"https:\/\/api.w.org\/{rel}","templated":true}]}}