{"id":23283,"date":"2024-09-26T16:34:56","date_gmt":"2024-09-26T14:34:56","guid":{"rendered":"https:\/\/leocare.eu\/fr\/?page_id=23283"},"modified":"2026-04-07T16:54:00","modified_gmt":"2026-04-07T14:54:00","slug":"sinistre-non-responsable","status":"publish","type":"page","link":"https:\/\/leocare.eu\/fr\/assurance-auto-en-ligne\/couverture\/contrat\/releve-information\/malus\/sinistre-non-responsable\/","title":{"rendered":"Combien de malus pour un sinistre auto non responsable ?"},"content":{"rendered":"\n<p><strong>Un automobiliste a recul\u00e9 dans votre v\u00e9hicule alors que vous \u00e9tiez correctement gar\u00e9 sur un parking ? Pas d\u2019inqui\u00e9tude ! Si vous venez d\u2019avoir un accident mais que vous n\u2019\u00eates pas responsable, vous n\u2019aurez pas de malus. Les Leoconseillers vous expliquent le principe du CRM (coefficient de r\u00e9duction-majoration) et comment \u00e7a fonctionne.&nbsp;<\/strong><\/p>\n\n\n\n<h2 class=\"wp-block-heading\" id=\"section-1\">Comment r\u00e9agir en cas de sinistre ?<\/h2>\n\n\n\n<p>Si vous \u00eates victime d\u2019un accident de la route et que vous \u00e9tiez au volant, ne paniquez pas et essayez de suivre les instructions suivantes :&nbsp;<\/p>\n\n\n\n<ol class=\"wp-block-list\">\n<li>Allumez vos&nbsp;<strong>feux de d\u00e9tresse<\/strong>&nbsp;(warnings).<\/li>\n\n\n\n<li>Si c\u2019est possible, garez votre v\u00e9hicule (sur la bande d\u2019arr\u00eat d\u2019urgence lorsque vous \u00eates sur l\u2019autoroute).<\/li>\n\n\n\n<li><strong>Mettez-vous \u00e0 l\u2019abri<\/strong>&nbsp;ainsi que tous les passagers (derri\u00e8re les glissi\u00e8res de s\u00e9curit\u00e9).<\/li>\n\n\n\n<li><strong>Pr\u00e9venez les secours<\/strong>&nbsp;(avec votre t\u00e9l\u00e9phone ou via une borne sur l\u2019autoroute).<\/li>\n\n\n\n<li><strong>Signalez l\u2019accident<\/strong>&nbsp;avec le triangle de signalisation, \u00e0 positionner \u00e0 200&nbsp;m en amont de l\u2019accident.<\/li>\n\n\n\n<li>Si les parties impliqu\u00e9es et vous-m\u00eame \u00eates en capacit\u00e9 de le faire, remplissez un&nbsp;<strong>constat amiable<\/strong>&nbsp;en \u00e9tant le plus pr\u00e9cis possible.<\/li>\n\n\n\n<li>Prenez des<strong>&nbsp;photos<\/strong>&nbsp;des dommages et des situations.<\/li>\n\n\n\n<li>Prenez les coordonn\u00e9es des&nbsp;<strong>t\u00e9moins<\/strong>.<\/li>\n<\/ol>\n\n\n\n<p><strong>Num\u00e9ros pour joindre les secours<\/strong> :<\/p>\n\n\n\n<ul class=\"wp-block-list\">\n<li><strong>112<\/strong>\u00a0: num\u00e9ro europ\u00e9en<\/li>\n\n\n\n<li><strong>15<\/strong>\u00a0: SAMU (prise en charge des personnes gri\u00e8vement bless\u00e9es et transfert \u00e0 l\u2019h\u00f4pital)<\/li>\n\n\n\n<li><strong>18<\/strong>\u00a0: pompiers (ambulance, premiers soins et transfert \u00e0 l\u2019h\u00f4pital) ;<\/li>\n\n\n\n<li><strong>17<\/strong>\u00a0: gendarmerie ou police nationale (prise en charge de la s\u00e9curisation et de la circulation).<\/li>\n<\/ul>\n\n\n\n<p>Si vous causez un&nbsp;accident&nbsp;et que votre responsabilit\u00e9 est engag\u00e9e (il s\u2019agit dans ce cas d\u2019un&nbsp;<strong>accident responsable<\/strong>), votre assurance va appliquer une&nbsp;<strong>majoration sur votre bonus-malus<\/strong>&nbsp;\u2013 que vous soyez ou non&nbsp;<a href=\"https:\/\/leocare.eu\/fr\/assurance-auto-en-ligne\/couverture\/contrat\/releve-information\/malus\/malus-jeune-conducteur\/\">jeune conducteur<\/a>&nbsp;\u2013 sur une ann\u00e9e ou plusieurs&nbsp;ann\u00e9es cons\u00e9cutives&nbsp;en fonction de la gravit\u00e9 du sinistre.<\/p>\n\n\n\n<p>En cas d\u2019accident, ce sont les assurances et les experts qui d\u00e9terminent la responsabilit\u00e9 de chacune des parties. Si vous \u00eates d\u00e9clar\u00e9 enti\u00e8rement&nbsp;<strong>non responsable<\/strong>, votre&nbsp;compagnie&nbsp;d\u2019assurances n\u2019appliquera&nbsp;<strong>pas de&nbsp;<\/strong><a href=\"https:\/\/leocare.eu\/fr\/assurance-auto-en-ligne\/couverture\/contrat\/releve-information\/malus\/\"><strong>malus<\/strong><\/a>.<\/p>\n\n\n\n<h3 class=\"wp-block-heading\">Comment prouver que l\u2019on n\u2019est pas responsable ?<\/h3>\n\n\n\n<p>Votre responsabilit\u00e9 ou non-responsabilit\u00e9 est d\u00e9termin\u00e9e par :&nbsp;<\/p>\n\n\n\n<ul class=\"wp-block-list\">\n<li>Le<strong>&nbsp;constat amiable<\/strong>.<\/li>\n\n\n\n<li>Les&nbsp;<strong>t\u00e9moignages<\/strong>&nbsp;\u00e9ventuels si des personnes ont assist\u00e9 \u00e0 l\u2019accident.<\/li>\n\n\n\n<li>Le rapport (<strong>proc\u00e8s-verbal<\/strong>) \u00e9tabli par la gendarmerie ou la police le cas \u00e9ch\u00e9ant.<\/li>\n<\/ul>\n\n\n\n<p>Un constat amiable d\u00fbment rempli permet d\u2019\u00e9tablir la responsabilit\u00e9 des automobilistes en cas de collision et de faciliter l\u2019indemnisation des dommages.<\/p>\n\n\n\n<p>Nos conseils pour remplir correctement un constat amiable<\/p>\n\n\n\n<ul class=\"wp-block-list\">\n<li>Remplissez un constat unique avec l\u2019autre conducteur sur les lieux de l\u2019accident. Si l\u2019accident implique plusieurs v\u00e9hicules, remplissez un constat avec chacun des automobilistes.&nbsp;<\/li>\n\n\n\n<li>Faites signer le constat par les personnes impliqu\u00e9es, chacune conservant un exemplaire de la partie commune.<\/li>\n\n\n\n<li>Transmettez le constat et les photographies \u00e0 votre compagnie d\u2019assurances dans les 5 jours suivant la date de l\u2019accident.<\/li>\n\n\n\n<li>Si un conducteur ne souhaite pas remplir le constat, ce qui peut \u00eatre le cas s\u2019il n\u2019est pas assur\u00e9, pensez \u00e0 relever sa plaque d\u2019immatriculation et sollicitez des t\u00e9moins (prenez leurs coordonn\u00e9es), ensuite pr\u00e9venez la police. Si le conducteur n\u2019a pas d\u2019assurance, vous serez indemnis\u00e9 par le Fonds de garantie des assurances obligatoires de dommages (dommages FGAO).<\/li>\n<\/ul>\n\n\n\n<p><strong>Le e-constat ou constat num\u00e9rique a la m\u00eame valeur juridique qu\u2019un constat amiable format papier classique<\/strong>. Il est valable en France uniquement.<\/p>\n\n\n\n<div class=\"bon-a-savoir\">\n\n\n\n<h3 class=\"wp-block-heading\">Bon \u00e0 savoir<\/h3>\n\n\n\n<p>Chez Leocare, vous pouvez remplir en quelques clics un e-constat gr\u00e2ce \u00e0 notre application. Vous avez trois possibilit\u00e9s :<\/p>\n\n\n\n<ul class=\"wp-block-list\">\n<li>1 smartphone \/ 2 conducteurs ;<\/li>\n\n\n\n<li>2 smartphones \/ 2 conducteurs ;<\/li>\n\n\n\n<li>1 smartphone \/ 1 conducteur.<\/li>\n<\/ul>\n\n\n\n<p>\u00c9videmment, chacun contr\u00f4le ce que l\u2019autre \u00e9crit et dessine avec l\u2019assistance croquis.<\/p>\n\n\n\n<p>Facile, s\u00e9curis\u00e9 et rapide \ud83d\ude0e.<\/p>\n\n\n\n<\/div>\n\n\n\n<h2 class=\"wp-block-heading\" id=\"section-2\">\u00c0 quelle hauteur mon malus sera major\u00e9 apr\u00e8s un accident non responsable ?<\/h2>\n\n\n\n<p>Seuls les\u00a0<strong>sinistres responsables<\/strong>\u00a0viennent\u00a0<strong>augmenter le bonus-malus de 25\u00a0%<\/strong> et <a href=\"https:\/\/leocare.eu\/fr\/assurance-auto-en-ligne\/couverture\/contrat\/releve-information\/malus\/bonus-maximum\/\">le bonus maximum de votre assurance voiture<\/a> peut aller jusqu&rsquo;\u00e0 3,5.<\/p>\n\n\n\n<p>Les&nbsp;<strong>sinistres non responsables<\/strong>&nbsp;n\u2019entra\u00eenent&nbsp;<strong>pas de majoration du CRM<\/strong>&nbsp;! Et mieux encore&nbsp;: si vous n\u2019avez pas eu de sinistre pendant l\u2019ann\u00e9e, votre&nbsp;<strong>coefficient diminue de 5&nbsp;%<\/strong>&nbsp;l\u2019ann\u00e9e suivante.<\/p>\n\n\n\n<p>En revanche, en cas de&nbsp;<strong>sinistre partiellement responsable<\/strong>, votre bonus-malus est major\u00e9 puisque vous avez une part de responsabilit\u00e9 dans l\u2019accident. Par exemple, si deux v\u00e9hicules reculent en m\u00eame temps sur un parking et se rentrent dedans, les deux conducteurs sont responsables. Dans ce cas, votre bonus-malus est major\u00e9, mais \u00e0 hauteur de 12,5&nbsp;% seulement (au lieu des 25&nbsp;% en cas d\u2019accident responsable).<\/p>\n\n\n\n<div class=\"bon-a-savoir\">\n\n\n\n<h3 class=\"wp-block-heading\">En r\u00e9sum\u00e9<\/h3>\n\n\n\n<ul class=\"wp-block-list\">\n<li>majoration du CRM de 12,5 % en cas d\u2019accident partiellement responsable ;&nbsp;<\/li>\n\n\n\n<li>majoration du CRM jusqu\u2019\u00e0 25 % en cas d\u2019accident responsable ;<\/li>\n\n\n\n<li>pas de majoration du CRM en cas d\u2019accident non responsable.<\/li>\n<\/ul>\n\n\n\n<\/div>\n\n\n\n<h2 class=\"wp-block-heading\" id=\"section-3\">Les cons\u00e9quences de la perte du bonus<\/h2>\n\n\n\n<p>En cas de perte de bonus, donc de majoration de votre CRM, vous devenez un&nbsp;<strong>conducteur maluss\u00e9<\/strong>. Votre malus aura des cons\u00e9quences sur vos cotisations annuelles et vos garanties. En fonction du niveau de malus, votre assurance peut d\u00e9cider de vous radier et il vous faudra alors trouver un&nbsp;<strong>nouvel assureur<\/strong>.<\/p>\n\n\n\n<p>Heureusement Leocare est l\u00e0 ! Nous accueillons les conducteurs maluss\u00e9s, y compris les jeunes conducteurs (sinistres responsables, conduite en \u00e9tat d\u2019ivresse ou sous l\u2019emprise de stup\u00e9fiants, incidents de paiement). Nous leur proposons des&nbsp;<strong>tarifs comp\u00e9titifs<\/strong>&nbsp;et les m\u00eames&nbsp;<strong>garanties<\/strong>&nbsp;qu\u2019un contrat d\u2019assurance classique.<\/p>\n\n\n\n<div class=\"bon-a-savoir\">\n\n\n\n<h3 class=\"wp-block-heading\">Bon \u00e0 savoir<\/h3>\n\n\n\n<p>Le CRM est associ\u00e9 au contrat d\u2019assurance de votre v\u00e9hicule, tous conducteurs confondus. Cela signifie que si un&nbsp;<a href=\"https:\/\/leocare.eu\/fr\/assurance-auto-en-ligne\/couverture\/contrat\/releve-information\/malus\/deuxieme-conducteur\/\">deuxi\u00e8me conducteur<\/a>&nbsp;(ou conducteur secondaire) est responsable d\u2019un&nbsp;accident, la&nbsp;compagnie d\u2019assurances&nbsp;appliquera un malus au contrat et \u00e0 tous les&nbsp;conducteurs, y compris le conducteur principal (c\u2019est-\u00e0-dire vous !).<\/p>\n\n\n\n<\/div>\n\n\n\n<p>Chez Leocare, nous anticipons votre r\u00e9duction de coefficient. Si vous avez&nbsp;<a href=\"https:\/\/leocare.eu\/fr\/assurance-auto-en-ligne\/couverture\/contrat\/releve-information\/malus\/perdre-bonus\/\">perdu du bonus<\/a>&nbsp;suite \u00e0 un&nbsp;accident&nbsp;responsable, nous r\u00e9\u00e9valuons votre&nbsp;cotisation&nbsp;\u00e0 chaque&nbsp;\u00e9ch\u00e9ance annuelle&nbsp;en fonction des sinistres d\u00e9clar\u00e9s les 12 derniers mois.<\/p>\n","protected":false},"excerpt":{"rendered":"<p>Un automobiliste a recul\u00e9 dans votre v\u00e9hicule alors que vous \u00e9tiez correctement gar\u00e9 sur un parking ? Pas d\u2019inqui\u00e9tude ! Si vous venez d\u2019avoir un accident mais que vous n\u2019\u00eates pas responsable, vous n\u2019aurez pas de malus. Les Leoconseillers vous expliquent le principe du CRM (coefficient de r\u00e9duction-majoration) et comment \u00e7a fonctionne.&nbsp; Comment r\u00e9agir en [&hellip;]<\/p>\n","protected":false},"author":34,"featured_media":0,"parent":17928,"menu_order":0,"comment_status":"closed","ping_status":"closed","template":"template_seo.php","meta":{"_acf_changed":false,"footnotes":""},"class_list":["post-23283","page","type-page","status-publish","hentry"],"acf":[],"yoast_head":"<!-- This site is optimized with the Yoast SEO plugin v27.3 - https:\/\/yoast.com\/product\/yoast-seo-wordpress\/ -->\n<title>Sinistre auto responsable : quel malus ?<\/title>\n<meta name=\"description\" content=\"Vous avez eu un sinistre responsable ? D\u00e9couvrez quel malus votre compagnie d\u2019assurances va appliquer sur votre coefficient suite \u00e0 cet accident.\" \/>\n<meta name=\"robots\" content=\"index, follow, max-snippet:-1, max-image-preview:large, max-video-preview:-1\" \/>\n<link rel=\"canonical\" href=\"https:\/\/leocare.eu\/fr\/assurance-auto-en-ligne\/couverture\/contrat\/releve-information\/malus\/sinistre-non-responsable\/\" \/>\n<meta property=\"og:locale\" content=\"fr_FR\" \/>\n<meta property=\"og:type\" content=\"article\" \/>\n<meta property=\"og:title\" content=\"Sinistre auto responsable : quel malus ?\" \/>\n<meta property=\"og:description\" content=\"Vous avez eu un sinistre responsable ? D\u00e9couvrez quel malus votre compagnie d\u2019assurances va appliquer sur votre coefficient suite \u00e0 cet accident.\" \/>\n<meta property=\"og:url\" content=\"https:\/\/leocare.eu\/fr\/assurance-auto-en-ligne\/couverture\/contrat\/releve-information\/malus\/sinistre-non-responsable\/\" \/>\n<meta property=\"og:site_name\" content=\"Leocare, assurance en ligne automobile et habitation\" \/>\n<meta property=\"article:modified_time\" content=\"2026-04-07T14:54:00+00:00\" \/>\n<meta name=\"twitter:card\" content=\"summary_large_image\" \/>\n<meta name=\"twitter:label1\" content=\"Dur\u00e9e de lecture estim\u00e9e\" \/>\n\t<meta name=\"twitter:data1\" content=\"5 minutes\" \/>\n<!-- \/ Yoast SEO plugin. -->","yoast_head_json":{"title":"Sinistre auto responsable : quel malus ?","description":"Vous avez eu un sinistre responsable ? D\u00e9couvrez quel malus votre compagnie d\u2019assurances va appliquer sur votre coefficient suite \u00e0 cet accident.","robots":{"index":"index","follow":"follow","max-snippet":"max-snippet:-1","max-image-preview":"max-image-preview:large","max-video-preview":"max-video-preview:-1"},"canonical":"https:\/\/leocare.eu\/fr\/assurance-auto-en-ligne\/couverture\/contrat\/releve-information\/malus\/sinistre-non-responsable\/","og_locale":"fr_FR","og_type":"article","og_title":"Sinistre auto responsable : quel malus ?","og_description":"Vous avez eu un sinistre responsable ? D\u00e9couvrez quel malus votre compagnie d\u2019assurances va appliquer sur votre coefficient suite \u00e0 cet accident.","og_url":"https:\/\/leocare.eu\/fr\/assurance-auto-en-ligne\/couverture\/contrat\/releve-information\/malus\/sinistre-non-responsable\/","og_site_name":"Leocare, assurance en ligne automobile et habitation","article_modified_time":"2026-04-07T14:54:00+00:00","twitter_card":"summary_large_image","twitter_misc":{"Dur\u00e9e de lecture estim\u00e9e":"5 minutes"},"schema":{"@context":"https:\/\/schema.org","@graph":[{"@type":"WebPage","@id":"https:\/\/leocare.eu\/fr\/assurance-auto-en-ligne\/couverture\/contrat\/releve-information\/malus\/sinistre-non-responsable\/","url":"https:\/\/leocare.eu\/fr\/assurance-auto-en-ligne\/couverture\/contrat\/releve-information\/malus\/sinistre-non-responsable\/","name":"Sinistre auto responsable : quel malus ?","isPartOf":{"@id":"https:\/\/leocare.eu\/fr\/#website"},"datePublished":"2024-09-26T14:34:56+00:00","dateModified":"2026-04-07T14:54:00+00:00","description":"Vous avez eu un sinistre responsable ? D\u00e9couvrez quel malus votre compagnie d\u2019assurances va appliquer sur votre coefficient suite \u00e0 cet accident.","breadcrumb":{"@id":"https:\/\/leocare.eu\/fr\/assurance-auto-en-ligne\/couverture\/contrat\/releve-information\/malus\/sinistre-non-responsable\/#breadcrumb"},"inLanguage":"fr-FR","potentialAction":[{"@type":"ReadAction","target":["https:\/\/leocare.eu\/fr\/assurance-auto-en-ligne\/couverture\/contrat\/releve-information\/malus\/sinistre-non-responsable\/"]}]},{"@type":"WebSite","@id":"https:\/\/leocare.eu\/fr\/#website","url":"https:\/\/leocare.eu\/fr\/","name":"Leocare, assurance en ligne automobile et habitation","description":"enfin (r)assur\u00e9.e","publisher":{"@id":"https:\/\/leocare.eu\/fr\/#organization"},"potentialAction":[{"@type":"SearchAction","target":{"@type":"EntryPoint","urlTemplate":"https:\/\/leocare.eu\/fr\/?s={search_term_string}"},"query-input":{"@type":"PropertyValueSpecification","valueRequired":true,"valueName":"search_term_string"}}],"inLanguage":"fr-FR"},{"@type":"Organization","@id":"https:\/\/leocare.eu\/fr\/#organization","name":"Leocare, assurance en ligne automobile et habitation","url":"https:\/\/leocare.eu\/fr\/","logo":{"@type":"ImageObject","inLanguage":"fr-FR","@id":"https:\/\/leocare.eu\/fr\/#\/schema\/logo\/image\/","url":"https:\/\/leocare.eu\/fr\/wp-content\/uploads\/2020\/03\/logo-leocare.svg","contentUrl":"https:\/\/leocare.eu\/fr\/wp-content\/uploads\/2020\/03\/logo-leocare.svg","caption":"Leocare, assurance en ligne automobile et habitation"},"image":{"@id":"https:\/\/leocare.eu\/fr\/#\/schema\/logo\/image\/"}}]}},"_links":{"self":[{"href":"https:\/\/leocare.eu\/fr\/wp-json\/wp\/v2\/pages\/23283","targetHints":{"allow":["GET"]}}],"collection":[{"href":"https:\/\/leocare.eu\/fr\/wp-json\/wp\/v2\/pages"}],"about":[{"href":"https:\/\/leocare.eu\/fr\/wp-json\/wp\/v2\/types\/page"}],"author":[{"embeddable":true,"href":"https:\/\/leocare.eu\/fr\/wp-json\/wp\/v2\/users\/34"}],"replies":[{"embeddable":true,"href":"https:\/\/leocare.eu\/fr\/wp-json\/wp\/v2\/comments?post=23283"}],"version-history":[{"count":9,"href":"https:\/\/leocare.eu\/fr\/wp-json\/wp\/v2\/pages\/23283\/revisions"}],"predecessor-version":[{"id":36472,"href":"https:\/\/leocare.eu\/fr\/wp-json\/wp\/v2\/pages\/23283\/revisions\/36472"}],"up":[{"embeddable":true,"href":"https:\/\/leocare.eu\/fr\/wp-json\/wp\/v2\/pages\/17928"}],"wp:attachment":[{"href":"https:\/\/leocare.eu\/fr\/wp-json\/wp\/v2\/media?parent=23283"}],"curies":[{"name":"wp","href":"https:\/\/api.w.org\/{rel}","templated":true}]}}