{"id":2320,"date":"2019-09-27T14:48:49","date_gmt":"2019-09-27T14:48:49","guid":{"rendered":"https:\/\/leocare.eu\/?page_id=845"},"modified":"2025-06-06T14:04:55","modified_gmt":"2025-06-06T12:04:55","slug":"conditions-generales-dutilisation","status":"publish","type":"page","link":"https:\/\/leocare.eu\/fr\/conditions-generales-dutilisation\/","title":{"rendered":"Conditions g\u00e9n\u00e9rales d&rsquo;utilisation"},"content":{"rendered":"\n<h4 class=\"wp-block-heading\">Mise \u00e0 jour le 4 juillet 2024<\/h4>\n\n\n\n<h2 class=\"wp-block-heading\">ARTICLE 1 : OBJET<\/h2>\n\n\n\n<p>Les pr\u00e9sentes \u00ab Conditions G\u00e9n\u00e9rales d\u2019Utilisation \u00bb ont pour objet l\u2019encadrement juridique des modalit\u00e9s de mise \u00e0 disposition des services de l\u2019Application Mobile, du site leocare.eu et leur utilisation par \u00ab l\u2019Utilisateur \u00bb selon lesquelles LEOCARE S.A.S., Soci\u00e9t\u00e9 par Actions Simplifi\u00e9e au capital de 2 054 420 euros, immatricul\u00e9e au Registre du Commerce et des Soci\u00e9t\u00e9s de Paris sous le num\u00e9ro 831.053.863, \u00e0 l\u2019ORIAS (<a href=\"https:\/\/www.orias.fr\" target=\"_blank\" rel=\"noopener\">https:\/\/www.orias.fr<\/a>) sous le num\u00e9ro 17005975 dont le si\u00e8ge social est 16, bis rue d&rsquo;Odessa 75014 Paris.<\/p>\n\n\n\n<p>LEOCARE et ses partenaires assureurs sont soumis \u00e0 l\u2019Autorit\u00e9 de Contr\u00f4le Prudentiel et de R\u00e9solution 4, Place de Budapest-CS 92459-75436 Paris cedex 09<\/p>\n\n\n\n<p>Les Conditions G\u00e9n\u00e9rales d\u2019Utilisation doivent \u00eatre accept\u00e9es par tout Utilisateur souhaitant acc\u00e9der aux services de LEOCARE.&nbsp; L\u2019acc\u00e8s au services par l\u2019Utilisateur signifie son acceptation des pr\u00e9sentes Conditions G\u00e9n\u00e9rales d\u2019Utilisation.<\/p>\n\n\n\n<p>En cas de non-acceptation des Conditions G\u00e9n\u00e9rales d\u2019Utilisation, l\u2019Utilisateur se doit de renoncer \u00e0 l\u2019acc\u00e8s des services propos\u00e9s par LEOCARE . LEOCARE se r\u00e9serve le droit de modifier unilat\u00e9ralement et \u00e0 tout moment le contenu des pr\u00e9sentes Conditions G\u00e9n\u00e9rales d\u2019Utilisation.<\/p>\n\n\n\n<p>Les pr\u00e9sentes Conditions G\u00e9n\u00e9rales d\u2019Utilisation sont soumises au droit fran\u00e7ais.<\/p>\n\n\n\n<h2 class=\"wp-block-heading\">ARTICLE 2 : DEFINITIONS<\/h2>\n\n\n\n<p>La pr\u00e9sente clause a pour objet de d\u00e9finir les diff\u00e9rents termes essentiels du contrat :<\/p>\n\n\n\n<p>Utilisateur : ce terme d\u00e9signe toute personne qui utilise l\u2019Application Mobile, le site ou l\u2019un des services propos\u00e9s par l\u2019Application.<\/p>\n\n\n\n<p>Contenu utilisateur : ce sont les donn\u00e9es transmises par l\u2019Utilisateur au sein de l\u2019Application Mobile ou consulter par le biais du site.<\/p>\n\n\n\n<p>Service: les services mis \u00e0 disposition par LEOCARE \u00e0 travers les applications mobiles ainsi que le site web<\/p>\n\n\n\n<p>Membre : l\u2019Utilisateur devient membre lorsqu\u2019il est identifi\u00e9 par l\u2019Application Mobile.<\/p>\n\n\n\n<p>Identifiant et mot de passe : c\u2019est l\u2019ensemble des informations n\u00e9cessaires \u00e0 l\u2019identification d\u2019un Utilisateur pour acc\u00e9der \u00e0 l\u2019Application Mobile ou l&rsquo;espace web. L\u2019identifiant et le mot de passe permettent \u00e0 l\u2019Utilisateur d\u2019acc\u00e9der \u00e0 des services r\u00e9serv\u00e9s aux membres de l\u2019Application Mobile ou de l&rsquo;espace web. Le mot de passe est confidentiel.<\/p>\n\n\n\n<p>Partenaire : entreprise ayant contractualis\u00e9 un accord avec LEOCARE par lequel les deux parties s\u2019entendent, dans le respect des r\u00e8gles relatives \u00e0 la concurrence afin de coop\u00e9rer autour d\u2019un objectif commun en vue de fournir un service de qualit\u00e9 et dans l\u2019int\u00e9r\u00eat de l\u2019Utilisateur.<\/p>\n\n\n\n<h2 class=\"wp-block-heading\">ARTICLE 3 : ACC\u00c8S AUX SERVICES<\/h2>\n\n\n\n<p>L\u2019Application Mobile et le site web sont accessibles gratuitement en tout lieu \u00e0 tout Utilisateur ayant un acc\u00e8s \u00e0 Internet. Tous les frais support\u00e9s par l\u2019Utilisateur pour acc\u00e9der au Service (mat\u00e9riel informatique, logiciels, connexion Internet, etc.) sont \u00e0 sa charge.<\/p>\n\n\n\n<p>L\u2019Utilisateur non membre n\u2019a pas acc\u00e8s aux Services r\u00e9serv\u00e9s aux membres. Pour cela, il doit s\u2019identifier \u00e0 l\u2019aide de son identifiant et de son mot de passe.<\/p>\n\n\n\n<p>LEOCARE met en \u0153uvre tous les moyens mis \u00e0 sa disposition pour assurer un acc\u00e8s de qualit\u00e9 \u00e0 ses Services. L\u2019obligation \u00e9tant de moyens, l\u2019Application Mobile et le site web ne peuvent s\u2019engager \u00e0 atteindre ce r\u00e9sultat.<\/p>\n\n\n\n<p>Tout \u00e9v\u00e9nement d\u00fb \u00e0 un cas de force majeure ayant pour cons\u00e9quence un dysfonctionnement du r\u00e9seau ou du serveur n\u2019engage pas la responsabilit\u00e9 de LEOCARE.<\/p>\n\n\n\n<p>L\u2019acc\u00e8s aux Services peut \u00e0 tout moment faire l\u2019objet d\u2019une interruption, d\u2019une suspension, d\u2019une modification sans pr\u00e9avis pour une maintenance ou pour tout autre cas. L\u2019Utilisateur s\u2019oblige \u00e0 ne r\u00e9clamer aucune indemnisation suite \u00e0 l\u2019interruption, \u00e0 la suspension ou \u00e0 la modification du pr\u00e9sent contrat.<\/p>\n\n\n\n<p>L\u2019Utilisateur a la possibilit\u00e9 de contacter LEOCARE par le chat de l&rsquo;application.<\/p>\n\n\n\n<h2 class=\"wp-block-heading\">ARTICLE 4 : PROPRI\u00c9T\u00c9 INTELLECTUELLE<\/h2>\n\n\n\n<p>La pr\u00e9sentation et le contenu des Services sont int\u00e9gralement prot\u00e9g\u00e9s par la r\u00e9glementation relative \u00e0 la protection des droits de propri\u00e9t\u00e9 intellectuelle et industrielle.<\/p>\n\n\n\n<p>Conform\u00e9ment aux articles L. 111-1 et suivants du Code de la propri\u00e9t\u00e9 intellectuelle, LEOCARE est titulaire des droits de propri\u00e9t\u00e9 intellectuelle sur l\u2019Application Mobile et le site, qui constituent une \u0153uvre de l\u2019esprit.<\/p>\n\n\n\n<p>Certains \u00e9l\u00e9ments de l\u2019Application Mobile et du site sont prot\u00e9g\u00e9s par des droits de propri\u00e9t\u00e9 intellectuelle, dont, soit LEOCARE, soit des tiers tels que EUROP ASSISTANCE FRANCE, sont titulaires. Dans ce dernier cas, LEOCARE a pr\u00e9alablement obtenu des tiers les autorisations n\u00e9cessaires \u00e0 leur utilisation.<\/p>\n\n\n\n<p>Les reproductions par l\u2019Utilisateur, sur un support quel qu\u2019il soit, du site, de l&rsquo;application mobile et\/ou des \u0153uvres qui y sont reproduites sont autoris\u00e9es sous r\u00e9serve qu\u2019elles soient strictement et exclusivement r\u00e9serv\u00e9es \u00e0 un usage personnel, excluant tout usage \u00e0 des fins publicitaires et\/ou commerciales et\/ou d\u2019information ; et qu\u2019elles soient conformes aux dispositions de l\u2019article L. 122-5 du Code de la propri\u00e9t\u00e9 intellectuelle.<\/p>\n\n\n\n<p>Il est rappel\u00e9, en conformit\u00e9 avec les articles L. 335-2 et L.521-4 du Code de la propri\u00e9t\u00e9 intellectuelle, qu\u2019\u00e0 l\u2019exception des dispositions ci-dessus, toute reproduction, repr\u00e9sentation, utilisation ou modification, par quelque proc\u00e9d\u00e9 que ce soit et sur quelque support que ce soit, de tout ou partie de l\u2019Application Mobile et du site, de tout ou partie des diff\u00e9rentes \u0153uvres qui le composent qui, sans avoir obtenu l\u2019autorisation pr\u00e9alable de LEOCARE, sont strictement interdites et constituent un d\u00e9lit de contrefa\u00e7on pouvant entra\u00eener une condamnation allant jusqu\u2019\u00e0 trois ans d\u2019emprisonnement et au paiement de 300.000 euros d\u2019amende.<\/p>\n\n\n\n<p>Vous avez l\u2019autorisation de consulter les donn\u00e9es qu\u2019elle contient pour votre seule utilisation personnelle, \u00e0 exclusion de toute exploitation commerciale.<\/p>\n\n\n\n<p>L\u2019Application Mobile, le site et leurs contenus ne peuvent aucunement \u00eatre copi\u00e9s, reproduits, republi\u00e9s, t\u00e9l\u00e9charg\u00e9s, signal\u00e9s, traduits, commercialis\u00e9s, adapt\u00e9s, modifi\u00e9s, incorpor\u00e9s, diffus\u00e9s ou transmis, partiellement ou int\u00e9gralement, de quelque fa\u00e7on que ce soit, d\u2019aucune mani\u00e8re.<\/p>\n\n\n\n<h2 class=\"wp-block-heading\">ARTICLE 5 : RESPONSABILIT\u00c9 ET FORCE MAJEURE<\/h2>\n\n\n\n<p>Les sources des informations diffus\u00e9es par l\u2019Application Mobile et du site sont r\u00e9put\u00e9es fiables. Toutefois, LEOCARE e se r\u00e9serve la facult\u00e9 d\u2019une non-garantie de la fiabilit\u00e9 des sources. Les informations donn\u00e9es sur l\u2019Application Mobile et sur le site le sont \u00e0 titre purement informatif. Ainsi, l\u2019Utilisateur assume seul l\u2019enti\u00e8re responsabilit\u00e9 de l\u2019utilisation de ces informations.<\/p>\n\n\n\n<p>L\u2019Utilisateur s\u2019assure de garder son mot de passe secret. Toute divulgation du mot de passe, quelle que soit sa forme, est interdite.<\/p>\n\n\n\n<p>L\u2019Utilisateur assume les risques li\u00e9s \u00e0 l\u2019utilisation de son identifiant et mot de passe. LEOCARE d\u00e9cline toute responsabilit\u00e9.<\/p>\n\n\n\n<p>Tout usage du service par l\u2019Utilisateur ayant directement ou indirectement pour cons\u00e9quence des dommages doit faire l\u2019objet d\u2019une indemnisation au profit de LEOCARE.<\/p>\n\n\n\n<p>La responsabilit\u00e9 de LEOCARE ne peut \u00eatre engag\u00e9e en cas de force majeure ou du fait impr\u00e9visible et insurmontable d\u2019un tiers.<\/p>\n\n\n\n<h2 class=\"wp-block-heading\">ARTICLE 6 : PROTECTION DES DONN\u00c9ES PERSONNELLES<\/h2>\n\n\n\n<p id=\"m_-4715637281906296590gmail-docs-internal-guid-1b54e187-7fff-ecd9-a82f-58039fae992c\">LEOCARE est tr\u00e8s attach\u00e9e au respect de la vie priv\u00e9e des personnes et \u00e0 la protection des donn\u00e9es personnelles qu\u2019elle traite dans le cadre de ses activit\u00e9s et des services qu\u2019elle fournit.<\/p>\n\n\n\n<p>Ainsi, en cr\u00e9ant un compte sur le site LEOCARE ou sur l\u2019une de ses applications mobiles, l\u2019utilisateur&nbsp; reconna\u00eet avoir pris connaissance des documents suivants :<\/p>\n\n\n\n<ul class=\"wp-block-list\">\n<li><p dir=\"ltr\" role=\"presentation\">La politique de confidentialit\u00e9 de LEOCARE accessible en ligne en suivant <a href=\"https:\/\/leocare.eu\/fr\/politique-de-confidentialite\/\">ce lien <\/a>:&nbsp; Ce document pr\u00e9cise notamment les conditions de mise en \u0153uvre des traitements de donn\u00e9es personnelles r\u00e9alis\u00e9s par LEOCARE et vous informe de l\u2019ensemble des droits que vous d\u00e9tenez sur les donn\u00e9es personnelles vous concernant.<\/p><br><\/li>\n\n\n\n<li><p dir=\"ltr\" role=\"presentation\"><a data-saferedirecturl=\"https:\/\/www.google.com\/url?q=https:\/\/leocare.eu\/fr\/politique-de-cookies\/&amp;source=gmail&amp;ust=1659470653793000&amp;usg=AOvVaw3zyJlrN9WJek1lPl6oNfuW\" href=\"https:\/\/leocare.eu\/fr\/politique-de-cookies\/\" target=\"_blank\" rel=\"noopener\">La politique relative \u00e0 l\u2019utilisation des cookies<\/a> et autres technologies de suivi de LEOCARE. Ce document recense notamment l\u2019ensemble des cookies ou autres technologies de suivi utilis\u00e9s par LEOCARE et ses partenaires, les finalit\u00e9s poursuivies ainsi que les dur\u00e9es de conservation.<\/p><br><\/li>\n<\/ul>\n\n\n\n<p>LEOCARE souhaite informer les utilisateurs qui souscrivent un contrat d\u2019assurance auto ou habitation, apr\u00e8s avoir r\u00e9alis\u00e9 un devis en ayant \u00e9t\u00e9 redirig\u00e9 au pr\u00e9alable depuis les landing pages, pages co-brand\u00e9e LEOCARE et OMNIIZ, h\u00e9b\u00e9rg\u00e9es sur les sites internet <a href=\"http:\/\/www.protejmonbien.fr\/\" target=\"_blank\" rel=\"noopener\" data-saferedirecturl=\"https:\/\/www.google.com\/url?q=http:\/\/www.protejmonbien.fr\/&amp;source=gmail&amp;ust=1659470653793000&amp;usg=AOvVaw1G3Q8pnoUxUOXQhcBHAmD3\">http:\/\/www.protejmonbien.fr\/<\/a> et <a href=\"https:\/\/www.autoplusassurance.fr\/\" target=\"_blank\" rel=\"noopener\" data-saferedirecturl=\"https:\/\/www.google.com\/url?q=https:\/\/www.autoplusassurance.fr&amp;source=gmail&amp;ust=1659470653793000&amp;usg=AOvVaw0Y3zYEqpd2uarsHNS3uRcc\">https:\/\/www.autoplusassurance.<wbr>fr<\/a>, que leurs donn\u00e9es personnelles seront transmises au partenaire de LEOCARE, la soci\u00e9t\u00e9 OMNIIZ, dont le si\u00e8ge social est situ\u00e9 \u00e0 Boulogne-Billancourt (92100), immatricul\u00e9e au Registre du Commerce et des Soci\u00e9t\u00e9s de Nanterre sous le n\u00b0 907 945 646, enregistr\u00e9e \u00e0 l\u2019ORIAS comme interm\u00e9diaire en assurance sous le num\u00e9ro 22003892 et repr\u00e9sent\u00e9e par Reworld M\u00e9dia S.A, en qualit\u00e9 de pr\u00e9sidente, elle-m\u00eame repr\u00e9sent\u00e9e par M. Gautier NORMAND.<\/p>\n\n\n\n<p>Dans le cadre de ce partenariat, il a \u00e9t\u00e9 convenu par les parties que :<\/p>\n\n\n\n<ul class=\"wp-block-list\">\n<li><p dir=\"ltr\" role=\"presentation\">LEOCARE n\u2019aura aucun droit de propri\u00e9t\u00e9 sur les donn\u00e9es trait\u00e9es et conserv\u00e9es dans le cadre de l\u2019accord et que la soci\u00e9t\u00e9 OMNIIZ d\u00e9tiendra les droits sur les donn\u00e9es collect\u00e9es par LEOCARE et pourra r\u00e9cup\u00e9rer l\u2019ensemble de ces donn\u00e9es au terme de la relation contractuelle;<\/p><\/li>\n\n\n\n<li><p dir=\"ltr\" role=\"presentation\">LEOCARE et la soci\u00e9t\u00e9 OMNIIZ auront la qualit\u00e9 de responsables conjoints en ce qui concerne les traitements mis en \u0153uvre dans le cadre de l&rsquo;ex\u00e9cution de ce partenariat pour lesquels ils d\u00e9terminent conjointement les finalit\u00e9s et les moyens. Les parties restant seules responsables des traitements qu\u2019elles mettraient en \u0153uvre chacun de leur c\u00f4t\u00e9 et pour lesquels elles d\u00e9terminent seules les moyens et les finalit\u00e9s. Pour plus d\u2019informations sur les grandes lignes de l\u2019accord de responsabilit\u00e9 conjointe entre LEOCARE et la soci\u00e9t\u00e9 OMNIIZ, se reporter \u00e0 la section 3.8 &#8211; Relations entre LEOCARE et la soci\u00e9t\u00e9 OMNIIZ de la politique de confidentialit\u00e9 de LEOCARE accessible en ligne en suivant <a href=\"https:\/\/leocare.eu\/fr\/politique-de-confidentialite\/\">ce lien<\/a>.<\/p><\/li>\n<\/ul>\n\n\n\n<p style=\"color:white;\">L<\/p>\n\n\n\n<p>LEOCARE souhaite informer les utilisateurs qui souscrivent un contrat d\u2019assurance habitation \u00e9tudiant, apr\u00e8s avoir r\u00e9alis\u00e9 un devis en ayant \u00e9t\u00e9 redirig\u00e9 au pr\u00e9alable depuis la landing page, page co-brand\u00e9e LEOCARE et SMERRA, h\u00e9berg\u00e9e sur le site internet\u00a0<a href=\"https:\/\/smerra.fr\/4-assurances\/7-assurance-logement\" target=\"_blank\" rel=\"noreferrer noopener\">https:\/\/smerra.fr\/4-assurances\/7-assurance-logement<\/a>\u00a0de la mutuelle SMERRA, que leurs donn\u00e9es personnelles sont trait\u00e9es par LEOCARE en tant que responsable de traitement.<\/p>\n\n\n\n<p>Les Parties sont entr\u00e9es en relation pour concevoir une offre d\u2019assurance habitation destin\u00e9e aux clients particuliers (\u00e9tudiants) visant \u00e0 couvrir leur logement. A cet effet, LEOCARE, en partenariat avec un porteur de risques a con\u00e7u une offre d\u2019assurance habitation dont il propose la distribution par SEM ASSUR \u2013 par l\u2019interm\u00e9diaire de sa mutuelle SMERRA \u2013 dont le si\u00e8ge social est situ\u00e9 Lyon (69007) et immatricul\u00e9e au Registre du Commerce et des Soci\u00e9t\u00e9s de Lyon sous le n\u00b0 390 191 799, et enregistr\u00e9e \u00e0 l\u2019ORIAS comme interm\u00e9diaire en assurance sous le num\u00e9ro 07 028 998.<\/p>\n\n\n\n<p>Dans le cadre de ce partenariat, il a \u00e9t\u00e9 convenu par les parties que&nbsp;:<\/p>\n\n\n\n<ul class=\"wp-block-list\">\n<li>Le produit portant sur l\u2019assurance habitation \u00e9tudiant est conclu entre LEOCARE et les Clients \u00e9ligibles \u00e0 l\u2019offre&nbsp;;<\/li>\n\n\n\n<li>LEOCARE aura la qualit\u00e9 de responsable de traitement et SMERRA la qualit\u00e9 de sous-traitant en ce qui concerne les traitements mis en \u0153uvre dans le cadre de l\u2019ex\u00e9cution de ce partenariat pour lesquels LEOCARE a d\u00e9fini les finalit\u00e9s et les moyens&nbsp;;<\/li>\n\n\n\n<li>Les personnes concern\u00e9es seront inform\u00e9es par LEOCARE au moment de la collecte de leurs donn\u00e9es personnelles de toutes les informations requises relatives aux conditions de mise en \u0153uvre des traitements de leurs donn\u00e9es personnelles. Elles pourront si n\u00e9cessaire, consulter pour plus de d\u00e9tails, la politique de confidentialit\u00e9 de LEOCARE accessible ici&nbsp;:&nbsp;<a href=\"https:\/\/leocare.eu\/fr\/politique-de-confidentialite\/\" target=\"_blank\" rel=\"noreferrer noopener\">https:\/\/leocare.eu\/fr\/politique-de-confidentialite\/<\/a><\/li>\n\n\n\n<li>LEOCARE est responsable de satisfaire les demandes d\u2019exercice des droits des personnes concern\u00e9es.&nbsp;<\/li>\n<\/ul>\n\n\n\n<p>LEOCARE a d\u00e9sign\u00e9 officiellement un D\u00e9l\u00e9gu\u00e9 \u00e0 la Protection des Donn\u00e9es (DPO) afin de s&rsquo;assurer d&rsquo;agir en conformit\u00e9 avec toutes les r\u00e9glementations applicables \u00e0 la protection des donn\u00e9es personnelles.<\/p>\n\n\n\n<p>Pour toutes questions relatives aux traitements des donn\u00e9es \u00e0 caract\u00e8re personnel, \u00e0 la politique de confidentialit\u00e9 de LEOCARE et \u00e0 l\u2019exercice des droits, vous pouvez prendre contact avec le D\u00e9l\u00e9gu\u00e9 \u00e0 la Protection des Donn\u00e9es (DPO) de LEOCARE, M. FROC S\u00e9bastien, en utilisant les coordonn\u00e9es de contact suivants :<\/p>\n\n\n\n<ul class=\"wp-block-list\">\n<li>Par courrier postal, \u00e0 l\u2019adresse suivante : RGPD &#8211; LEOCARE. TSA 71786, 35517 CESSON SEVIGNE CEDEX<\/li>\n\n\n\n<li>Par mail \u00e0 l\u2019adresse : <a href=\"mailto:RGPD@leocare.fr\" target=\"_blank\" rel=\"noopener\">RGPD@leocare.fr<\/a><\/li>\n<\/ul>\n\n\n\n<h2 class=\"wp-block-heading\">ARTICLE 7 : FRAIS OCCASIONNELS<\/h2>\n\n\n\n<figure class=\"wp-block-table\"><table><tbody><tr><td>\n<p style=\"text-align: left;\"><strong>Ev\u00e8nement<\/strong><\/p>\n<\/td><td><strong>Frais appliqu\u00e9s<\/strong><\/td><\/tr><tr><td colspan=\"2\"><strong>R\u00e9siliation<\/strong><\/td><\/tr><tr><td>Suite r\u00e9tractation dans d\u00e9lai l\u00e9gal :<\/td><td>0 \u20ac TTC<\/td><\/tr><tr><td>Suite \u00e0 cession du bien :<\/td><td>0 \u20ac TTC<\/td><\/tr><tr><td>Pour d\u00e9faut de pi\u00e8ce justificative obligatoire :<\/td><td>2 mois de cotisation<\/td><\/tr><tr><td>Pour fausse d\u00e9claration non intentionnelle :<\/td><td>2 mois de cotisation<\/td><\/tr><tr><td>Pour fausse d\u00e9claration intentionnelle ou grave :<\/td><td>Totalit\u00e9 des sommes vers\u00e9es<\/td><\/tr><tr><td colspan=\"2\"><strong>Incident de paiement<\/strong><\/td><\/tr><tr><td>1<sup>er<\/sup>&nbsp;rejet pr\u00e9l\u00e8vement (uniquement pour provision insuffisante) :<\/td><td>5 \u20ac TTC<\/td><\/tr><tr><td>Rejet pr\u00e9l\u00e8vements suivants (tous motifs) :<\/td><td>15 \u20ac TTC<\/td><\/tr><\/tbody><\/table><\/figure>\n\n\n\n<h2 class=\"wp-block-heading\">ARTICLE 8 : BLOCTEL<\/h2>\n\n\n\n<div>Lors de la souscription, il vous est demand\u00e9 de renseigner votre num\u00e9ro de t\u00e9l\u00e9phone. Votre num\u00e9ro de&nbsp;t\u00e9l\u00e9phone permet de simplifier les \u00e9changes avec nos L\u00e9oconseillers dans la gestion de votre contrat d&rsquo;assurance. Il ne sera en aucun cas partag\u00e9 en dehors de Leocare.&nbsp;Leocare ne r\u00e9alise pas de prospection commerciale via votre num\u00e9ro de t\u00e9l\u00e9phone.&nbsp;<\/div>\n\n\n\n<div>&nbsp;<\/div>\n\n\n\n<div>Nous tenons, tout de m\u00eame, \u00e0 vous informer que vous pouvez enregistrer votre num\u00e9ro de t\u00e9l\u00e9phone sur la liste d\u2019opposition au d\u00e9marchage t\u00e9l\u00e9phonique Bloctel si vous ne souhaitez pas faire l\u2019objet de prospection commerciale.&nbsp;<\/div>\n\n\n\n<div>A partir du 1er Mars 2023, l&rsquo;appel de nos conseillers pourra s&rsquo;effectuer&nbsp;de 10 heures \u00e0 13 heures et de 14 heures \u00e0 20 heures en jours de semaines.&nbsp;<\/div>\n","protected":false},"excerpt":{"rendered":"<p>Mise \u00e0 jour le 4 juillet 2024 ARTICLE 1 : OBJET Les pr\u00e9sentes \u00ab Conditions G\u00e9n\u00e9rales d\u2019Utilisation \u00bb ont pour objet l\u2019encadrement juridique des modalit\u00e9s de mise \u00e0 disposition des services de l\u2019Application Mobile, du site leocare.eu et leur utilisation par \u00ab l\u2019Utilisateur \u00bb selon lesquelles LEOCARE S.A.S., Soci\u00e9t\u00e9 par Actions Simplifi\u00e9e au capital de [&hellip;]<\/p>\n","protected":false},"author":34,"featured_media":0,"parent":0,"menu_order":-3,"comment_status":"closed","ping_status":"closed","template":"","meta":{"_acf_changed":false,"footnotes":""},"class_list":["post-2320","page","type-page","status-publish","hentry"],"acf":[],"yoast_head":"<!-- This site is optimized with the Yoast SEO plugin v27.3 - https:\/\/yoast.com\/product\/yoast-seo-wordpress\/ -->\n<title>Conditions g\u00e9n\u00e9rales d&#039;utilisation<\/title>\n<meta name=\"robots\" content=\"index, follow, max-snippet:-1, max-image-preview:large, max-video-preview:-1\" \/>\n<link rel=\"canonical\" href=\"https:\/\/leocare.eu\/fr\/conditions-generales-dutilisation\/\" \/>\n<meta property=\"og:locale\" content=\"fr_FR\" \/>\n<meta property=\"og:type\" content=\"article\" \/>\n<meta property=\"og:title\" content=\"Conditions g\u00e9n\u00e9rales d&#039;utilisation\" \/>\n<meta property=\"og:description\" content=\"Mise \u00e0 jour le 4 juillet 2024 ARTICLE 1 : OBJET Les pr\u00e9sentes \u00ab Conditions G\u00e9n\u00e9rales d\u2019Utilisation \u00bb ont pour objet l\u2019encadrement juridique des modalit\u00e9s de mise \u00e0 disposition des services de l\u2019Application Mobile, du site leocare.eu et leur utilisation par \u00ab l\u2019Utilisateur \u00bb selon lesquelles LEOCARE S.A.S., Soci\u00e9t\u00e9 par Actions Simplifi\u00e9e au capital de [&hellip;]\" \/>\n<meta property=\"og:url\" content=\"https:\/\/leocare.eu\/fr\/conditions-generales-dutilisation\/\" \/>\n<meta property=\"og:site_name\" content=\"Leocare, assurance en ligne automobile et habitation\" \/>\n<meta property=\"article:modified_time\" content=\"2025-06-06T12:04:55+00:00\" \/>\n<meta name=\"twitter:card\" content=\"summary_large_image\" \/>\n<meta name=\"twitter:label1\" content=\"Dur\u00e9e de lecture estim\u00e9e\" \/>\n\t<meta name=\"twitter:data1\" content=\"8 minutes\" \/>\n<!-- \/ Yoast SEO plugin. -->","yoast_head_json":{"title":"Conditions g\u00e9n\u00e9rales d'utilisation","robots":{"index":"index","follow":"follow","max-snippet":"max-snippet:-1","max-image-preview":"max-image-preview:large","max-video-preview":"max-video-preview:-1"},"canonical":"https:\/\/leocare.eu\/fr\/conditions-generales-dutilisation\/","og_locale":"fr_FR","og_type":"article","og_title":"Conditions g\u00e9n\u00e9rales d'utilisation","og_description":"Mise \u00e0 jour le 4 juillet 2024 ARTICLE 1 : OBJET Les pr\u00e9sentes \u00ab Conditions G\u00e9n\u00e9rales d\u2019Utilisation \u00bb ont pour objet l\u2019encadrement juridique des modalit\u00e9s de mise \u00e0 disposition des services de l\u2019Application Mobile, du site leocare.eu et leur utilisation par \u00ab l\u2019Utilisateur \u00bb selon lesquelles LEOCARE S.A.S., Soci\u00e9t\u00e9 par Actions Simplifi\u00e9e au capital de [&hellip;]","og_url":"https:\/\/leocare.eu\/fr\/conditions-generales-dutilisation\/","og_site_name":"Leocare, assurance en ligne automobile et habitation","article_modified_time":"2025-06-06T12:04:55+00:00","twitter_card":"summary_large_image","twitter_misc":{"Dur\u00e9e de lecture estim\u00e9e":"8 minutes"},"schema":{"@context":"https:\/\/schema.org","@graph":[{"@type":"WebPage","@id":"https:\/\/leocare.eu\/fr\/conditions-generales-dutilisation\/","url":"https:\/\/leocare.eu\/fr\/conditions-generales-dutilisation\/","name":"Conditions g\u00e9n\u00e9rales d'utilisation","isPartOf":{"@id":"https:\/\/leocare.eu\/fr\/#website"},"datePublished":"2019-09-27T14:48:49+00:00","dateModified":"2025-06-06T12:04:55+00:00","breadcrumb":{"@id":"https:\/\/leocare.eu\/fr\/conditions-generales-dutilisation\/#breadcrumb"},"inLanguage":"fr-FR","potentialAction":[{"@type":"ReadAction","target":["https:\/\/leocare.eu\/fr\/conditions-generales-dutilisation\/"]}]},{"@type":"WebSite","@id":"https:\/\/leocare.eu\/fr\/#website","url":"https:\/\/leocare.eu\/fr\/","name":"Leocare, assurance en ligne automobile et habitation","description":"enfin (r)assur\u00e9.e","publisher":{"@id":"https:\/\/leocare.eu\/fr\/#organization"},"potentialAction":[{"@type":"SearchAction","target":{"@type":"EntryPoint","urlTemplate":"https:\/\/leocare.eu\/fr\/?s={search_term_string}"},"query-input":{"@type":"PropertyValueSpecification","valueRequired":true,"valueName":"search_term_string"}}],"inLanguage":"fr-FR"},{"@type":"Organization","@id":"https:\/\/leocare.eu\/fr\/#organization","name":"Leocare, assurance en ligne automobile et habitation","url":"https:\/\/leocare.eu\/fr\/","logo":{"@type":"ImageObject","inLanguage":"fr-FR","@id":"https:\/\/leocare.eu\/fr\/#\/schema\/logo\/image\/","url":"https:\/\/leocare.eu\/fr\/wp-content\/uploads\/2020\/03\/logo-leocare.svg","contentUrl":"https:\/\/leocare.eu\/fr\/wp-content\/uploads\/2020\/03\/logo-leocare.svg","caption":"Leocare, assurance en ligne automobile et habitation"},"image":{"@id":"https:\/\/leocare.eu\/fr\/#\/schema\/logo\/image\/"}}]}},"_links":{"self":[{"href":"https:\/\/leocare.eu\/fr\/wp-json\/wp\/v2\/pages\/2320","targetHints":{"allow":["GET"]}}],"collection":[{"href":"https:\/\/leocare.eu\/fr\/wp-json\/wp\/v2\/pages"}],"about":[{"href":"https:\/\/leocare.eu\/fr\/wp-json\/wp\/v2\/types\/page"}],"author":[{"embeddable":true,"href":"https:\/\/leocare.eu\/fr\/wp-json\/wp\/v2\/users\/34"}],"replies":[{"embeddable":true,"href":"https:\/\/leocare.eu\/fr\/wp-json\/wp\/v2\/comments?post=2320"}],"version-history":[{"count":20,"href":"https:\/\/leocare.eu\/fr\/wp-json\/wp\/v2\/pages\/2320\/revisions"}],"predecessor-version":[{"id":22548,"href":"https:\/\/leocare.eu\/fr\/wp-json\/wp\/v2\/pages\/2320\/revisions\/22548"}],"wp:attachment":[{"href":"https:\/\/leocare.eu\/fr\/wp-json\/wp\/v2\/media?parent=2320"}],"curies":[{"name":"wp","href":"https:\/\/api.w.org\/{rel}","templated":true}]}}