{"id":23199,"date":"2024-09-17T10:21:23","date_gmt":"2024-09-17T08:21:23","guid":{"rendered":"https:\/\/leocare.eu\/fr\/?page_id=23199"},"modified":"2026-04-08T14:45:05","modified_gmt":"2026-04-08T12:45:05","slug":"nomination-corine-le-lann-leocare","status":"publish","type":"page","link":"https:\/\/leocare.eu\/fr\/presse\/nomination-corine-le-lann-leocare\/","title":{"rendered":"Corinne Le Lann aux commandes de la Direction des op\u00e9rations au sein de Leocare\u00a0"},"content":{"rendered":"\n<p><strong>Leocare nomme Corinne Le Lann au poste de Directrice des op\u00e9rations. Avec le savoir-faire \u00e9prouv\u00e9 de Corinne Le Lann dans l\u2019\u00e9cosyst\u00e8me assurantiel, la n\u00e9o-assurance multiservices renforce ses liens avec les assur\u00e9s et partenaires. Corinne Le Lann est adepte d\u2019une gestion agile du parcours client et d\u2019une approche proactive dans l\u2019environnement du courtage. Son engagement pour la satisfaction vient renforcer le d\u00e9veloppement de Leocare, et enrichir des garanties innovantes adapt\u00e9es \u00e0 tous les moments de la vie des Fran\u00e7ais.<\/strong><\/p>\n\n\n\n<h2 class=\"wp-block-heading\">Assurance : un terrain conquit \u00e0 la faveur d\u2019un parcours exemplaire\u00a0<\/h2>\n\n\n\n<p>Depuis pr\u00e8s de 25 ans, le monde de l\u2019assurance est un terrain familier pour Corinne Le Lann. <strong>Elle rejoint le groupe Allianz au d\u00e9but des ann\u00e9es 2000,<\/strong> positionn\u00e9e sur le pilotage des \u00e9quipes op\u00e9rationnelles. Rapidement le champ d\u2019action s\u2019\u00e9largit vers des missions plus strat\u00e9giques au sein de la filiale fran\u00e7aise. En tant que Responsable de secteur indemnisation, elle participe \u00e0 la r\u00e9organisation des activit\u00e9s des sites Allianz France sur Rennes. Elle accompagne la simplification des processus et la fid\u00e9lisation des clients, aussi bien particuliers que professionnels.\u00a0<\/p>\n\n\n\n<p><strong>Son exp\u00e9rience au sein de la Banque Postale Assurance (nouvellement CNP) continue sur ses fonctions d\u2019animation des \u00e9quipes.<\/strong> Elle y m\u00e8ne notamment de nombreux projets d&rsquo;optimisation de la satisfaction client et la ma\u00eetrise des co\u00fbts . Au poste de Responsable d\u2019activit\u00e9 indemnisation, Corinne Le Lann pilotait l\u2019organisation et les managers pour offrir le meilleur service client. Elle en garde une certitude : l\u2019implication et la professionnalisation des \u00e9quipes restent essentielles dans l\u2019application de nouvelles solutions clients.<\/p>\n\n\n\n<p>Plus r\u00e9cemment, <strong>Corinne Le Lann fut la Directrice des op\u00e9rations chez AssurOne.<\/strong> Le p\u00e9rim\u00e8tre de ses responsabilit\u00e9s s\u2019\u00e9tendait sur tout le parcours client, de la vente \u00e0 l\u2019indemnisation. En parall\u00e8le, elle renfor\u00e7ait ses relations avec le monde du courtage (NetVox) sur des canaux de distribution aussi vari\u00e9s que les banques-assurances ou les constructeurs automobiles (Stellantis).<\/p>\n\n\n\n<p>Corinne Le Lann rejoint Leocare avec une mission : la satisfaction des assur\u00e9s et des partenaires. Elle entend participer \u00e0 la croissance de la n\u00e9o-assurance dont l\u2019esprit d\u2019entreprise l\u2019a s\u00e9duite tant elle motive les \u00e9quipes vers une am\u00e9lioration constante de l\u2019exp\u00e9rience client.<\/p>\n\n\n\n<h2 class=\"wp-block-heading\">Des missions en toute agilit\u00e9 pour la satisfaction des assur\u00e9s<\/h2>\n\n\n\n<p>Humain, c\u2019est le ma\u00eetre mot de Corinne Le Lann : \u00ab <em>sans, il est difficile de proposer un service de qualit\u00e9. Le challenge devient encore plus passionnant lorsque toute une \u00e9quipe \u0153uvre pour satisfaire ses clients<\/em> \u00bb, pr\u00e9cise-t-elle. \u00ab <em>Chez Leocare, j\u2019ai \u00e9t\u00e9 conquise par l\u2019\u00e9tat d\u2019esprit et les \u00e9quipes pleinement engag\u00e9es pour assurer la satisfaction des interlocuteurs. J\u2019y retrouve l\u2019agilit\u00e9, qui est un point fort pour moi, ainsi que des valeurs fortes pour proposer des produits assurantiels innovants et toujours plus personnalis\u00e9s<\/em> \u00bb, <strong>commente Corinne Le Lann, nouvellement nomm\u00e9e Directrice des Op\u00e9rations de Leocare.<\/strong><\/p>\n\n\n\n<p>\u00ab <em>Nous sommes ravis d\u2019accueillir Corinne Le Lann dont la nomination au poste de Directrice des op\u00e9rations s\u2019inscrit dans la continuit\u00e9 de nos engagements pouun service client 5 \u00e9toiles. Son expertise reconnue et ses exp\u00e9riences dans le domaine de l\u2019assurance, notamment aupr\u00e8s de r\u00e9seaux partenaires, contribuent \u00e0 l&rsquo;acc\u00e9l\u00e9ration de la pr\u00e9sence Leocare aupr\u00e8s des acteurs du courtage et de l&rsquo;affinitaire<\/em> \u00bb <strong>compl\u00e8te Christophe Dandois, cofondateur de Leocare.<\/strong><\/p>\n","protected":false},"excerpt":{"rendered":"<p>Leocare nomme Corinne Le Lann au poste de Directrice des op\u00e9rations. Avec le savoir-faire \u00e9prouv\u00e9 de Corinne Le Lann dans l\u2019\u00e9cosyst\u00e8me assurantiel, la n\u00e9o-assurance multiservices renforce ses liens avec les assur\u00e9s et partenaires. Corinne Le Lann est adepte d\u2019une gestion agile du parcours client et d\u2019une approche proactive dans l\u2019environnement du courtage. Son engagement pour [&hellip;]<\/p>\n","protected":false},"author":34,"featured_media":16588,"parent":16531,"menu_order":0,"comment_status":"closed","ping_status":"closed","template":"template_press_article.php","meta":{"_acf_changed":false,"footnotes":""},"class_list":["post-23199","page","type-page","status-publish","has-post-thumbnail","hentry"],"acf":[],"yoast_head":"<!-- This site is optimized with the Yoast SEO plugin v27.3 - https:\/\/yoast.com\/product\/yoast-seo-wordpress\/ -->\n<title>Corinne Le Lann aux commandes de la Direction des op\u00e9rations au sein de Leocare\u00a0<\/title>\n<meta name=\"robots\" content=\"index, follow, max-snippet:-1, max-image-preview:large, max-video-preview:-1\" \/>\n<link rel=\"canonical\" href=\"https:\/\/leocare.eu\/fr\/presse\/nomination-corine-le-lann-leocare\/\" \/>\n<meta property=\"og:locale\" content=\"fr_FR\" \/>\n<meta property=\"og:type\" content=\"article\" \/>\n<meta property=\"og:title\" content=\"Corinne Le Lann aux commandes de la Direction des op\u00e9rations au sein de Leocare\u00a0\" \/>\n<meta property=\"og:description\" content=\"Leocare nomme Corinne Le Lann au poste de Directrice des op\u00e9rations. Avec le savoir-faire \u00e9prouv\u00e9 de Corinne Le Lann dans l\u2019\u00e9cosyst\u00e8me assurantiel, la n\u00e9o-assurance multiservices renforce ses liens avec les assur\u00e9s et partenaires. Corinne Le Lann est adepte d\u2019une gestion agile du parcours client et d\u2019une approche proactive dans l\u2019environnement du courtage. Son engagement pour [&hellip;]\" \/>\n<meta property=\"og:url\" content=\"https:\/\/leocare.eu\/fr\/presse\/nomination-corine-le-lann-leocare\/\" \/>\n<meta property=\"og:site_name\" content=\"Leocare, assurance en ligne automobile et habitation\" \/>\n<meta property=\"article:modified_time\" content=\"2026-04-08T12:45:05+00:00\" \/>\n<meta property=\"og:image\" content=\"https:\/\/leocare.eu\/fr\/wp-content\/uploads\/2023\/07\/background-leocare.png\" \/>\n\t<meta property=\"og:image:width\" content=\"1400\" \/>\n\t<meta property=\"og:image:height\" content=\"600\" \/>\n\t<meta property=\"og:image:type\" content=\"image\/png\" \/>\n<meta name=\"twitter:card\" content=\"summary_large_image\" \/>\n<meta name=\"twitter:label1\" content=\"Dur\u00e9e de lecture estim\u00e9e\" \/>\n\t<meta name=\"twitter:data1\" content=\"3 minutes\" \/>\n<!-- \/ Yoast SEO plugin. -->","yoast_head_json":{"title":"Corinne Le Lann aux commandes de la Direction des op\u00e9rations au sein de Leocare\u00a0","robots":{"index":"index","follow":"follow","max-snippet":"max-snippet:-1","max-image-preview":"max-image-preview:large","max-video-preview":"max-video-preview:-1"},"canonical":"https:\/\/leocare.eu\/fr\/presse\/nomination-corine-le-lann-leocare\/","og_locale":"fr_FR","og_type":"article","og_title":"Corinne Le Lann aux commandes de la Direction des op\u00e9rations au sein de Leocare\u00a0","og_description":"Leocare nomme Corinne Le Lann au poste de Directrice des op\u00e9rations. Avec le savoir-faire \u00e9prouv\u00e9 de Corinne Le Lann dans l\u2019\u00e9cosyst\u00e8me assurantiel, la n\u00e9o-assurance multiservices renforce ses liens avec les assur\u00e9s et partenaires. Corinne Le Lann est adepte d\u2019une gestion agile du parcours client et d\u2019une approche proactive dans l\u2019environnement du courtage. Son engagement pour [&hellip;]","og_url":"https:\/\/leocare.eu\/fr\/presse\/nomination-corine-le-lann-leocare\/","og_site_name":"Leocare, assurance en ligne automobile et habitation","article_modified_time":"2026-04-08T12:45:05+00:00","og_image":[{"width":1400,"height":600,"url":"https:\/\/leocare.eu\/fr\/wp-content\/uploads\/2023\/07\/background-leocare.png","type":"image\/png"}],"twitter_card":"summary_large_image","twitter_misc":{"Dur\u00e9e de lecture estim\u00e9e":"3 minutes"},"schema":{"@context":"https:\/\/schema.org","@graph":[{"@type":"WebPage","@id":"https:\/\/leocare.eu\/fr\/presse\/nomination-corine-le-lann-leocare\/","url":"https:\/\/leocare.eu\/fr\/presse\/nomination-corine-le-lann-leocare\/","name":"Corinne Le Lann aux commandes de la Direction des op\u00e9rations au sein de Leocare\u00a0","isPartOf":{"@id":"https:\/\/leocare.eu\/fr\/#website"},"primaryImageOfPage":{"@id":"https:\/\/leocare.eu\/fr\/presse\/nomination-corine-le-lann-leocare\/#primaryimage"},"image":{"@id":"https:\/\/leocare.eu\/fr\/presse\/nomination-corine-le-lann-leocare\/#primaryimage"},"thumbnailUrl":"https:\/\/leocare.eu\/fr\/wp-content\/uploads\/2023\/07\/background-leocare.png","datePublished":"2024-09-17T08:21:23+00:00","dateModified":"2026-04-08T12:45:05+00:00","breadcrumb":{"@id":"https:\/\/leocare.eu\/fr\/presse\/nomination-corine-le-lann-leocare\/#breadcrumb"},"inLanguage":"fr-FR","potentialAction":[{"@type":"ReadAction","target":["https:\/\/leocare.eu\/fr\/presse\/nomination-corine-le-lann-leocare\/"]}]},{"@type":"ImageObject","inLanguage":"fr-FR","@id":"https:\/\/leocare.eu\/fr\/presse\/nomination-corine-le-lann-leocare\/#primaryimage","url":"https:\/\/leocare.eu\/fr\/wp-content\/uploads\/2023\/07\/background-leocare.png","contentUrl":"https:\/\/leocare.eu\/fr\/wp-content\/uploads\/2023\/07\/background-leocare.png","width":1400,"height":600,"caption":"background leocare"},{"@type":"WebSite","@id":"https:\/\/leocare.eu\/fr\/#website","url":"https:\/\/leocare.eu\/fr\/","name":"Leocare, assurance en ligne automobile et habitation","description":"enfin (r)assur\u00e9.e","publisher":{"@id":"https:\/\/leocare.eu\/fr\/#organization"},"potentialAction":[{"@type":"SearchAction","target":{"@type":"EntryPoint","urlTemplate":"https:\/\/leocare.eu\/fr\/?s={search_term_string}"},"query-input":{"@type":"PropertyValueSpecification","valueRequired":true,"valueName":"search_term_string"}}],"inLanguage":"fr-FR"},{"@type":"Organization","@id":"https:\/\/leocare.eu\/fr\/#organization","name":"Leocare, assurance en ligne automobile et habitation","url":"https:\/\/leocare.eu\/fr\/","logo":{"@type":"ImageObject","inLanguage":"fr-FR","@id":"https:\/\/leocare.eu\/fr\/#\/schema\/logo\/image\/","url":"https:\/\/leocare.eu\/fr\/wp-content\/uploads\/2020\/03\/logo-leocare.svg","contentUrl":"https:\/\/leocare.eu\/fr\/wp-content\/uploads\/2020\/03\/logo-leocare.svg","caption":"Leocare, assurance en ligne automobile et habitation"},"image":{"@id":"https:\/\/leocare.eu\/fr\/#\/schema\/logo\/image\/"}}]}},"_links":{"self":[{"href":"https:\/\/leocare.eu\/fr\/wp-json\/wp\/v2\/pages\/23199","targetHints":{"allow":["GET"]}}],"collection":[{"href":"https:\/\/leocare.eu\/fr\/wp-json\/wp\/v2\/pages"}],"about":[{"href":"https:\/\/leocare.eu\/fr\/wp-json\/wp\/v2\/types\/page"}],"author":[{"embeddable":true,"href":"https:\/\/leocare.eu\/fr\/wp-json\/wp\/v2\/users\/34"}],"replies":[{"embeddable":true,"href":"https:\/\/leocare.eu\/fr\/wp-json\/wp\/v2\/comments?post=23199"}],"version-history":[{"count":4,"href":"https:\/\/leocare.eu\/fr\/wp-json\/wp\/v2\/pages\/23199\/revisions"}],"predecessor-version":[{"id":41163,"href":"https:\/\/leocare.eu\/fr\/wp-json\/wp\/v2\/pages\/23199\/revisions\/41163"}],"up":[{"embeddable":true,"href":"https:\/\/leocare.eu\/fr\/wp-json\/wp\/v2\/pages\/16531"}],"wp:featuredmedia":[{"embeddable":true,"href":"https:\/\/leocare.eu\/fr\/wp-json\/wp\/v2\/media\/16588"}],"wp:attachment":[{"href":"https:\/\/leocare.eu\/fr\/wp-json\/wp\/v2\/media?parent=23199"}],"curies":[{"name":"wp","href":"https:\/\/api.w.org\/{rel}","templated":true}]}}