{"id":23152,"date":"2024-09-12T12:08:20","date_gmt":"2024-09-12T10:08:20","guid":{"rendered":"https:\/\/leocare.eu\/fr\/?page_id=23152"},"modified":"2024-09-12T14:05:19","modified_gmt":"2024-09-12T12:05:19","slug":"nomination-christophe-mcquade","status":"publish","type":"page","link":"https:\/\/leocare.eu\/fr\/presse\/nomination-christophe-mcquade\/","title":{"rendered":"Leocare renforce sa strat\u00e9gie de distribution et nomme Christophe McQuade en tant que Directeur du D\u00e9veloppement des R\u00e9seaux Partenaires"},"content":{"rendered":"\n<p><strong>Leocare, la 1\u00e8re n\u00e9o-assurance multi-services, consolide son d\u00e9veloppement avec l\u2019arriv\u00e9e de Christophe McQuade au poste de Directeur du D\u00e9veloppement des R\u00e9seaux Partenaires. Avec une solide exp\u00e9rience de plus de 15 ans dans l&rsquo;industrie du courtage, Christophe McQuade apporte une expertise reconnue qui sera un v\u00e9ritable levier pour la croissance et l&rsquo;innovation des r\u00e9seaux partenaires.<\/strong><\/p>\n\n\n\n<h2 class=\"wp-block-heading\">Un parcours riche en exp\u00e9riences et r\u00e9ussites\u00a0<\/h2>\n\n\n\n<p>Christophe McQuade a b\u00e2ti toute sa carri\u00e8re dans l&rsquo;industrie du courtage. Progressivement, il gravit les \u00e9chelons, occupant divers postes \u00e0 responsabilit\u00e9 et d\u00e9veloppant des strat\u00e9gies de croissance ambitieuses.<\/p>\n\n\n\n<p>Au sein de Zenioo, une assurance grossiste 100 % courtiers,<strong> Christophe McQuade a dirig\u00e9 avec succ\u00e8s le d\u00e9partement du d\u00e9veloppement commercial. <\/strong>Par la suite, au sein de Wazari, Christophe McQuade a occup\u00e9 le poste de Responsable D\u00e9veloppement Courtage o\u00f9 il a contribu\u00e9 \u00e0 la mise en place de strat\u00e9gies innovantes<\/p>\n\n\n\n<p><strong>Ces exp\u00e9riences lui ont ainsi permis de forger son expertise dans l\u2019\u00e9laboration de solutions comp\u00e9titives et la gestion efficace de plateformes num\u00e9riques.<\/strong> Les strat\u00e9gies qu&rsquo;il a mises en \u0153uvre tout au long de son parcours professionnel l&rsquo;ont men\u00e9 \u00e0 son poste actuel de Directeur du D\u00e9veloppement chez Leocare. Christophe McQuade continue de s&rsquo;appuyer sur son exp\u00e9rience en d\u00e9veloppement commercial, gestion des relations partenaires et innovation produit pour propulser l&rsquo;entreprise vers de nouveaux sommets.<\/p>\n\n\n\n<h2 class=\"wp-block-heading\">Une mission orient\u00e9e vers la croissance et la rentabilit\u00e9<\/h2>\n\n\n\n<p>Au sein de Leocare, Christophe McQuade aura pour mission principale de d\u00e9velopper le r\u00e9seau de courtiers partenaires et de renforcer l\u2019offre de produits de l\u2019entreprise. Ses responsabilit\u00e9s incluront :<\/p>\n\n\n\n<ul class=\"wp-block-list\">\n<li><strong>D\u00e9veloppement commercial<\/strong> : Identifier et exploiter de nouvelles opportunit\u00e9s pour \u00e9largir le r\u00e9seau de partenaires, tout en consolidant les relations existantes avec les courtiers.<\/li>\n\n\n\n<li><strong>Innovation produit<\/strong> : Contribuer \u00e0 l\u2019\u00e9largissement du portefeuille de produits d\u2019assurance en d\u00e9veloppant des solutions comp\u00e9titives et adapt\u00e9es aux besoins \u00e9volutifs du march\u00e9.<\/li>\n\n\n\n<li><strong>Pilotage de la plateforme extranet<\/strong> : Assurer le d\u00e9veloppement continu de l\u2019extranet et de la plateforme, afin de faciliter la souscription et la gestion des produits pour les courtiers, en leur offrant un outil performant et intuitif.<\/li>\n<\/ul>\n\n\n\n<p>Christophe McQuade a d\u00e9clar\u00e9 : \u00ab <em>Je suis ravi de rejoindre Leocare et de contribuer \u00e0 son d\u00e9veloppement. Je suis convaincu qu&rsquo;avec notre ADN technologique et satisfaction client, nous avons une opportunit\u00e9 unique d&rsquo;offrir des mod\u00e8les attractifs et des produits comp\u00e9titifs qui feront une r\u00e9elle diff\u00e9rence pour nos partenaires courtiers et leurs clients. <\/em>\u00bb<\/p>\n\n\n\n<p><em>\u201cNous sommes convaincus que l&rsquo;arriv\u00e9e de Christophe McQuade renforcera notre position de leader dans le secteur de l&rsquo;assurance de biens. Gr\u00e2ce \u00e0 son expertise et \u00e0 son exp\u00e9rience, nous sommes certains qu&rsquo;il apportera une contribution significative \u00e0 notre \u00e9quipe et \u00e0 nos clients. Nous lui souhaitons la bienvenue et beaucoup de succ\u00e8s dans ses nouvelles fonctions, et nous nous r\u00e9jouissons de collaborer \u00e9troitement avec lui pour atteindre nos objectifs ambitieux..\u201d <\/em><strong>ajoute Christophe Dandois, CEO de Leocare<\/strong>.<\/p>\n","protected":false},"excerpt":{"rendered":"<p>Leocare, la 1\u00e8re n\u00e9o-assurance multi-services, consolide son d\u00e9veloppement avec l\u2019arriv\u00e9e de Christophe McQuade au poste de Directeur du D\u00e9veloppement des R\u00e9seaux Partenaires. Avec une solide exp\u00e9rience de plus de 15 ans dans l&rsquo;industrie du courtage, Christophe McQuade apporte une expertise reconnue qui sera un v\u00e9ritable levier pour la croissance et l&rsquo;innovation des r\u00e9seaux partenaires. Un [&hellip;]<\/p>\n","protected":false},"author":4,"featured_media":16588,"parent":16531,"menu_order":0,"comment_status":"closed","ping_status":"closed","template":"template_press_article.php","meta":{"_acf_changed":false,"footnotes":""},"class_list":["post-23152","page","type-page","status-publish","has-post-thumbnail","hentry"],"acf":[],"yoast_head":"<!-- This site is optimized with the Yoast SEO plugin v27.3 - https:\/\/yoast.com\/product\/yoast-seo-wordpress\/ -->\n<title>Leocare renforce sa strat\u00e9gie de distribution et nomme Christophe McQuade en tant que Directeur du D\u00e9veloppement des R\u00e9seaux Partenaires<\/title>\n<meta name=\"robots\" content=\"index, follow, max-snippet:-1, max-image-preview:large, max-video-preview:-1\" \/>\n<link rel=\"canonical\" href=\"https:\/\/leocare.eu\/fr\/presse\/nomination-christophe-mcquade\/\" \/>\n<meta property=\"og:locale\" content=\"fr_FR\" \/>\n<meta property=\"og:type\" content=\"article\" \/>\n<meta property=\"og:title\" content=\"Leocare renforce sa strat\u00e9gie de distribution et nomme Christophe McQuade en tant que Directeur du D\u00e9veloppement des R\u00e9seaux Partenaires\" \/>\n<meta property=\"og:description\" content=\"Leocare, la 1\u00e8re n\u00e9o-assurance multi-services, consolide son d\u00e9veloppement avec l\u2019arriv\u00e9e de Christophe McQuade au poste de Directeur du D\u00e9veloppement des R\u00e9seaux Partenaires. Avec une solide exp\u00e9rience de plus de 15 ans dans l&rsquo;industrie du courtage, Christophe McQuade apporte une expertise reconnue qui sera un v\u00e9ritable levier pour la croissance et l&rsquo;innovation des r\u00e9seaux partenaires. Un [&hellip;]\" \/>\n<meta property=\"og:url\" content=\"https:\/\/leocare.eu\/fr\/presse\/nomination-christophe-mcquade\/\" \/>\n<meta property=\"og:site_name\" content=\"Leocare, assurance en ligne automobile et habitation\" \/>\n<meta property=\"article:modified_time\" content=\"2024-09-12T12:05:19+00:00\" \/>\n<meta property=\"og:image\" content=\"https:\/\/leocare.eu\/fr\/wp-content\/uploads\/2023\/07\/background-leocare.png\" \/>\n\t<meta property=\"og:image:width\" content=\"1400\" \/>\n\t<meta property=\"og:image:height\" content=\"600\" \/>\n\t<meta property=\"og:image:type\" content=\"image\/png\" \/>\n<meta name=\"twitter:card\" content=\"summary_large_image\" \/>\n<meta name=\"twitter:label1\" content=\"Dur\u00e9e de lecture estim\u00e9e\" \/>\n\t<meta name=\"twitter:data1\" content=\"3 minutes\" \/>\n<!-- \/ Yoast SEO plugin. -->","yoast_head_json":{"title":"Leocare renforce sa strat\u00e9gie de distribution et nomme Christophe McQuade en tant que Directeur du D\u00e9veloppement des R\u00e9seaux Partenaires","robots":{"index":"index","follow":"follow","max-snippet":"max-snippet:-1","max-image-preview":"max-image-preview:large","max-video-preview":"max-video-preview:-1"},"canonical":"https:\/\/leocare.eu\/fr\/presse\/nomination-christophe-mcquade\/","og_locale":"fr_FR","og_type":"article","og_title":"Leocare renforce sa strat\u00e9gie de distribution et nomme Christophe McQuade en tant que Directeur du D\u00e9veloppement des R\u00e9seaux Partenaires","og_description":"Leocare, la 1\u00e8re n\u00e9o-assurance multi-services, consolide son d\u00e9veloppement avec l\u2019arriv\u00e9e de Christophe McQuade au poste de Directeur du D\u00e9veloppement des R\u00e9seaux Partenaires. Avec une solide exp\u00e9rience de plus de 15 ans dans l&rsquo;industrie du courtage, Christophe McQuade apporte une expertise reconnue qui sera un v\u00e9ritable levier pour la croissance et l&rsquo;innovation des r\u00e9seaux partenaires. Un [&hellip;]","og_url":"https:\/\/leocare.eu\/fr\/presse\/nomination-christophe-mcquade\/","og_site_name":"Leocare, assurance en ligne automobile et habitation","article_modified_time":"2024-09-12T12:05:19+00:00","og_image":[{"width":1400,"height":600,"url":"https:\/\/leocare.eu\/fr\/wp-content\/uploads\/2023\/07\/background-leocare.png","type":"image\/png"}],"twitter_card":"summary_large_image","twitter_misc":{"Dur\u00e9e de lecture estim\u00e9e":"3 minutes"},"schema":{"@context":"https:\/\/schema.org","@graph":[{"@type":"WebPage","@id":"https:\/\/leocare.eu\/fr\/presse\/nomination-christophe-mcquade\/","url":"https:\/\/leocare.eu\/fr\/presse\/nomination-christophe-mcquade\/","name":"Leocare renforce sa strat\u00e9gie de distribution et nomme Christophe McQuade en tant que Directeur du D\u00e9veloppement des R\u00e9seaux Partenaires","isPartOf":{"@id":"https:\/\/leocare.eu\/fr\/#website"},"primaryImageOfPage":{"@id":"https:\/\/leocare.eu\/fr\/presse\/nomination-christophe-mcquade\/#primaryimage"},"image":{"@id":"https:\/\/leocare.eu\/fr\/presse\/nomination-christophe-mcquade\/#primaryimage"},"thumbnailUrl":"https:\/\/leocare.eu\/fr\/wp-content\/uploads\/2023\/07\/background-leocare.png","datePublished":"2024-09-12T10:08:20+00:00","dateModified":"2024-09-12T12:05:19+00:00","breadcrumb":{"@id":"https:\/\/leocare.eu\/fr\/presse\/nomination-christophe-mcquade\/#breadcrumb"},"inLanguage":"fr-FR","potentialAction":[{"@type":"ReadAction","target":["https:\/\/leocare.eu\/fr\/presse\/nomination-christophe-mcquade\/"]}]},{"@type":"ImageObject","inLanguage":"fr-FR","@id":"https:\/\/leocare.eu\/fr\/presse\/nomination-christophe-mcquade\/#primaryimage","url":"https:\/\/leocare.eu\/fr\/wp-content\/uploads\/2023\/07\/background-leocare.png","contentUrl":"https:\/\/leocare.eu\/fr\/wp-content\/uploads\/2023\/07\/background-leocare.png","width":1400,"height":600,"caption":"background leocare"},{"@type":"WebSite","@id":"https:\/\/leocare.eu\/fr\/#website","url":"https:\/\/leocare.eu\/fr\/","name":"Leocare, assurance en ligne automobile et habitation","description":"enfin (r)assur\u00e9.e","publisher":{"@id":"https:\/\/leocare.eu\/fr\/#organization"},"potentialAction":[{"@type":"SearchAction","target":{"@type":"EntryPoint","urlTemplate":"https:\/\/leocare.eu\/fr\/?s={search_term_string}"},"query-input":{"@type":"PropertyValueSpecification","valueRequired":true,"valueName":"search_term_string"}}],"inLanguage":"fr-FR"},{"@type":"Organization","@id":"https:\/\/leocare.eu\/fr\/#organization","name":"Leocare, assurance en ligne automobile et habitation","url":"https:\/\/leocare.eu\/fr\/","logo":{"@type":"ImageObject","inLanguage":"fr-FR","@id":"https:\/\/leocare.eu\/fr\/#\/schema\/logo\/image\/","url":"https:\/\/leocare.eu\/fr\/wp-content\/uploads\/2020\/03\/logo-leocare.svg","contentUrl":"https:\/\/leocare.eu\/fr\/wp-content\/uploads\/2020\/03\/logo-leocare.svg","caption":"Leocare, assurance en ligne automobile et habitation"},"image":{"@id":"https:\/\/leocare.eu\/fr\/#\/schema\/logo\/image\/"}}]}},"_links":{"self":[{"href":"https:\/\/leocare.eu\/fr\/wp-json\/wp\/v2\/pages\/23152","targetHints":{"allow":["GET"]}}],"collection":[{"href":"https:\/\/leocare.eu\/fr\/wp-json\/wp\/v2\/pages"}],"about":[{"href":"https:\/\/leocare.eu\/fr\/wp-json\/wp\/v2\/types\/page"}],"author":[{"embeddable":true,"href":"https:\/\/leocare.eu\/fr\/wp-json\/wp\/v2\/users\/4"}],"replies":[{"embeddable":true,"href":"https:\/\/leocare.eu\/fr\/wp-json\/wp\/v2\/comments?post=23152"}],"version-history":[{"count":7,"href":"https:\/\/leocare.eu\/fr\/wp-json\/wp\/v2\/pages\/23152\/revisions"}],"predecessor-version":[{"id":23183,"href":"https:\/\/leocare.eu\/fr\/wp-json\/wp\/v2\/pages\/23152\/revisions\/23183"}],"up":[{"embeddable":true,"href":"https:\/\/leocare.eu\/fr\/wp-json\/wp\/v2\/pages\/16531"}],"wp:featuredmedia":[{"embeddable":true,"href":"https:\/\/leocare.eu\/fr\/wp-json\/wp\/v2\/media\/16588"}],"wp:attachment":[{"href":"https:\/\/leocare.eu\/fr\/wp-json\/wp\/v2\/media?parent=23152"}],"curies":[{"name":"wp","href":"https:\/\/api.w.org\/{rel}","templated":true}]}}