{"id":2315,"date":"2019-09-25T12:27:05","date_gmt":"2019-09-25T12:27:05","guid":{"rendered":"https:\/\/leocare.eu\/?page_id=756"},"modified":"2025-07-03T11:12:33","modified_gmt":"2025-07-03T09:12:33","slug":"mentions-legales","status":"publish","type":"page","link":"https:\/\/leocare.eu\/fr\/mentions-legales\/","title":{"rendered":"Mentions l\u00e9gales"},"content":{"rendered":"<h2>Editeur<\/h2>\n<p>Le site Internet accessible \u00e0 l\u2019adresse <a href=\"https:\/\/leocare.eu\/fr\/\" target=\"_blank\" rel=\"noopener noreferrer\">leocare.eu<\/a> est con\u00e7u et \u00e9dit\u00e9 par la soci\u00e9t\u00e9 Leocare, soci\u00e9t\u00e9 par actions simplifi\u00e9e, immatricul\u00e9e au RCS de Paris sous le num\u00e9ro 831 053 863 et \u00e0 l\u2019ORIAS (<a href=\"https:\/\/www.orias.fr\/\" target=\"_blank\" rel=\"noopener\" aria-label=\"ce lien s'ouvre dans un nouvel onglet\">https:\/\/www.orias.fr<\/a>) sous le num\u00e9ro 17005975, dont le si\u00e8ge social se trouve 16 bis Rue d&#8217;Odessa, 75014 Paris et repr\u00e9sent\u00e9e par Monsieur Christophe Dandois en qualit\u00e9 de Pr\u00e9sident.<\/p>\n<p>Le directeur de publication est : Christophe Dandois<\/p>\n<h2>D\u00e9veloppement, r\u00e9alisation et int\u00e9gration<\/h2>\n<p>Insurlytech<br \/>\n801 avenue des champs blancs<br \/>\n35510 Cesson S\u00e9vign\u00e9 \u2013 France<\/p>\n<p>H\u00e9bergement : Microsoft Azure<\/p>\n<h2>Cr\u00e9dit visuels<\/h2>\n<p>Leocare, CBA design, Getty Images<\/p>\n<h2 id=\"les-garanties-sont-assurees-par\" class=\"scroll-margin-top\">Les garanties sont assur\u00e9es par :<\/h2>\n<h3>Auto<\/h3>\n<ul>\n<li>Allianz<\/li>\n<li>AXA<\/li>\n<li>CMAM<\/li>\n<li>Generali<\/li>\n<\/ul>\n<h3>Habitation<\/h3>\n<ul>\n<li>AXA et Mila<\/li>\n<\/ul>\n<h3>Moto<\/h3>\n<ul>\n<li>Allianz<\/li>\n<\/ul>\n<h2 id=\"les-services-dassistance-sont-executes-par\" class=\"scroll-margin-top\">Les services d\u2019assistance sont fournis par :<\/h2>\n<h3>Auto<\/h3>\n<ul>\n<li>Mondial Assistance<\/li>\n<li>AXA Partners<\/li>\n<\/ul>\n<h3>Habitation<\/h3>\n<ul>\n<li>AXA Assistance<\/li>\n<\/ul>\n<h3>Moto<\/h3>\n<ul>\n<li>Mondial Assistance<\/li>\n<\/ul>\n","protected":false},"excerpt":{"rendered":"<p>Editeur Le site Internet accessible \u00e0 l\u2019adresse leocare.eu est con\u00e7u et \u00e9dit\u00e9 par la soci\u00e9t\u00e9 Leocare, soci\u00e9t\u00e9 par actions simplifi\u00e9e, immatricul\u00e9e au RCS de Paris sous le num\u00e9ro 831 053 863 et \u00e0 l\u2019ORIAS (https:\/\/www.orias.fr) sous le num\u00e9ro 17005975, dont le si\u00e8ge social se trouve 16 bis Rue d&#8217;Odessa, 75014 Paris et repr\u00e9sent\u00e9e par Monsieur [&hellip;]<\/p>\n","protected":false},"author":4,"featured_media":0,"parent":0,"menu_order":0,"comment_status":"closed","ping_status":"closed","template":"","meta":{"_acf_changed":false,"footnotes":""},"class_list":["post-2315","page","type-page","status-publish","hentry"],"acf":[],"yoast_head":"<!-- This site is optimized with the Yoast SEO plugin v27.3 - https:\/\/yoast.com\/product\/yoast-seo-wordpress\/ -->\n<title>Mentions l\u00e9gales<\/title>\n<meta name=\"robots\" content=\"index, follow, max-snippet:-1, max-image-preview:large, max-video-preview:-1\" \/>\n<link rel=\"canonical\" href=\"https:\/\/leocare.eu\/fr\/mentions-legales\/\" \/>\n<meta property=\"og:locale\" content=\"fr_FR\" \/>\n<meta property=\"og:type\" content=\"article\" \/>\n<meta property=\"og:title\" content=\"Mentions l\u00e9gales\" \/>\n<meta property=\"og:description\" content=\"Editeur Le site Internet accessible \u00e0 l\u2019adresse leocare.eu est con\u00e7u et \u00e9dit\u00e9 par la soci\u00e9t\u00e9 Leocare, soci\u00e9t\u00e9 par actions simplifi\u00e9e, immatricul\u00e9e au RCS de Paris sous le num\u00e9ro 831 053 863 et \u00e0 l\u2019ORIAS (https:\/\/www.orias.fr) sous le num\u00e9ro 17005975, dont le si\u00e8ge social se trouve 16 bis Rue d&#8217;Odessa, 75014 Paris et repr\u00e9sent\u00e9e par Monsieur [&hellip;]\" \/>\n<meta property=\"og:url\" content=\"https:\/\/leocare.eu\/fr\/mentions-legales\/\" \/>\n<meta property=\"og:site_name\" content=\"Leocare, assurance en ligne automobile et habitation\" \/>\n<meta property=\"article:modified_time\" content=\"2025-07-03T09:12:33+00:00\" \/>\n<meta name=\"twitter:card\" content=\"summary_large_image\" \/>\n<meta name=\"twitter:label1\" content=\"Est. reading time\" \/>\n\t<meta name=\"twitter:data1\" content=\"1 minute\" \/>\n<!-- \/ Yoast SEO plugin. -->","yoast_head_json":{"title":"Mentions l\u00e9gales","robots":{"index":"index","follow":"follow","max-snippet":"max-snippet:-1","max-image-preview":"max-image-preview:large","max-video-preview":"max-video-preview:-1"},"canonical":"https:\/\/leocare.eu\/fr\/mentions-legales\/","og_locale":"fr_FR","og_type":"article","og_title":"Mentions l\u00e9gales","og_description":"Editeur Le site Internet accessible \u00e0 l\u2019adresse leocare.eu est con\u00e7u et \u00e9dit\u00e9 par la soci\u00e9t\u00e9 Leocare, soci\u00e9t\u00e9 par actions simplifi\u00e9e, immatricul\u00e9e au RCS de Paris sous le num\u00e9ro 831 053 863 et \u00e0 l\u2019ORIAS (https:\/\/www.orias.fr) sous le num\u00e9ro 17005975, dont le si\u00e8ge social se trouve 16 bis Rue d&#8217;Odessa, 75014 Paris et repr\u00e9sent\u00e9e par Monsieur [&hellip;]","og_url":"https:\/\/leocare.eu\/fr\/mentions-legales\/","og_site_name":"Leocare, assurance en ligne automobile et habitation","article_modified_time":"2025-07-03T09:12:33+00:00","twitter_card":"summary_large_image","twitter_misc":{"Est. reading time":"1 minute"},"schema":{"@context":"https:\/\/schema.org","@graph":[{"@type":"WebPage","@id":"https:\/\/leocare.eu\/fr\/mentions-legales\/","url":"https:\/\/leocare.eu\/fr\/mentions-legales\/","name":"Mentions l\u00e9gales","isPartOf":{"@id":"https:\/\/leocare.eu\/fr\/#website"},"datePublished":"2019-09-25T12:27:05+00:00","dateModified":"2025-07-03T09:12:33+00:00","breadcrumb":{"@id":"https:\/\/leocare.eu\/fr\/mentions-legales\/#breadcrumb"},"inLanguage":"fr-FR","potentialAction":[{"@type":"ReadAction","target":["https:\/\/leocare.eu\/fr\/mentions-legales\/"]}]},{"@type":"WebSite","@id":"https:\/\/leocare.eu\/fr\/#website","url":"https:\/\/leocare.eu\/fr\/","name":"Leocare, assurance en ligne automobile et habitation","description":"enfin (r)assur\u00e9.e","publisher":{"@id":"https:\/\/leocare.eu\/fr\/#organization"},"potentialAction":[{"@type":"SearchAction","target":{"@type":"EntryPoint","urlTemplate":"https:\/\/leocare.eu\/fr\/?s={search_term_string}"},"query-input":{"@type":"PropertyValueSpecification","valueRequired":true,"valueName":"search_term_string"}}],"inLanguage":"fr-FR"},{"@type":"Organization","@id":"https:\/\/leocare.eu\/fr\/#organization","name":"Leocare, assurance en ligne automobile et habitation","url":"https:\/\/leocare.eu\/fr\/","logo":{"@type":"ImageObject","inLanguage":"fr-FR","@id":"https:\/\/leocare.eu\/fr\/#\/schema\/logo\/image\/","url":"https:\/\/leocare.eu\/fr\/wp-content\/uploads\/2020\/03\/logo-leocare.svg","contentUrl":"https:\/\/leocare.eu\/fr\/wp-content\/uploads\/2020\/03\/logo-leocare.svg","caption":"Leocare, assurance en ligne automobile et habitation"},"image":{"@id":"https:\/\/leocare.eu\/fr\/#\/schema\/logo\/image\/"}}]}},"_links":{"self":[{"href":"https:\/\/leocare.eu\/fr\/wp-json\/wp\/v2\/pages\/2315","targetHints":{"allow":["GET"]}}],"collection":[{"href":"https:\/\/leocare.eu\/fr\/wp-json\/wp\/v2\/pages"}],"about":[{"href":"https:\/\/leocare.eu\/fr\/wp-json\/wp\/v2\/types\/page"}],"author":[{"embeddable":true,"href":"https:\/\/leocare.eu\/fr\/wp-json\/wp\/v2\/users\/4"}],"replies":[{"embeddable":true,"href":"https:\/\/leocare.eu\/fr\/wp-json\/wp\/v2\/comments?post=2315"}],"version-history":[{"count":11,"href":"https:\/\/leocare.eu\/fr\/wp-json\/wp\/v2\/pages\/2315\/revisions"}],"predecessor-version":[{"id":31214,"href":"https:\/\/leocare.eu\/fr\/wp-json\/wp\/v2\/pages\/2315\/revisions\/31214"}],"wp:attachment":[{"href":"https:\/\/leocare.eu\/fr\/wp-json\/wp\/v2\/media?parent=2315"}],"curies":[{"name":"wp","href":"https:\/\/api.w.org\/{rel}","templated":true}]}}