{"id":22974,"date":"2024-09-05T16:02:33","date_gmt":"2024-09-05T14:02:33","guid":{"rendered":"https:\/\/leocare.eu\/fr\/?page_id=22974"},"modified":"2026-01-20T10:28:58","modified_gmt":"2026-01-20T09:28:58","slug":"table-des-matieres-assurance-auto-bonus-malus","status":"publish","type":"page","link":"https:\/\/leocare.eu\/fr\/table-des-matieres-assurance-auto-bonus-malus\/","title":{"rendered":"Table des mati\u00e8res de l&rsquo;assurance auto bonus malus"},"content":{"rendered":"\n<p>Nous vous d\u00e9voilons dans ces guides d\u00e9di\u00e9s \u00e0 l&rsquo;assurance auto bonus-malus toutes les informations cruciales pour vous guider dans la s\u00e9lection de votre prochaine assurance auto. Au-del\u00e0 du co\u00fbt ou des prestations, de multiples facteurs doivent \u00eatre consid\u00e9r\u00e9s dans votre d\u00e9cision : le niveau de protection, le type de contrat, la gestion de vos sinistres et le mod\u00e8le de votre v\u00e9hicule. Ci-dessous, nous vous fournissons toutes les pr\u00e9cisions indispensables pour choisir judicieusement votre assurance auto bonus-malus. Vous pourrez ainsi vous munir de tous les arguments pertinents pour faire le choix le plus adapt\u00e9 !<\/p>\n\n\n\n<p><a href=\"https:\/\/leocare.eu\/fr\/assurance-auto-en-ligne\/couverture\/contrat\/releve-information\/malus\/\">Assurance auto malus :<\/a> faites face aux impr\u00e9vus \u2013 L&rsquo;assurance auto malus se r\u00e9v\u00e8le un alli\u00e9 pr\u00e9cieux pour les conducteurs ayant subi une majoration de leur prime d&rsquo;assurance. Explorez les options disponibles pour vous prot\u00e9ger efficacement malgr\u00e9 un malus.<br><br><a href=\"https:\/\/leocare.eu\/fr\/assurance-auto-en-ligne\/couverture\/contrat\/releve-information\/malus\/delit-fuite\/\">Accident avec d\u00e9lit de fuite malus<\/a> \u2013 Subir un accident avec d\u00e9lit de fuite peut \u00eatre traumatisant. L&rsquo;assurance auto malus vous offre une couverture adapt\u00e9e pour traverser ces moments difficiles sans stress financier.<br><br><a href=\"https:\/\/leocare.eu\/fr\/assurance-auto-en-ligne\/couverture\/contrat\/releve-information\/malus\/tiers-non-identifie\/\">Accident avec tiers non identifi\u00e9 malus<\/a> \u2013 Suite \u00e0 un accident avec un tiers non identifi\u00e9, l&rsquo;assurance auto malus vous accompagne dans la proc\u00e9dure d&rsquo;indemnisation. D\u00e9couvrez comment bien vous prot\u00e9ger dans ce cas de figure.<br><br><a href=\"https:\/\/leocare.eu\/fr\/assurance-auto-en-ligne\/couverture\/contrat\/releve-information\/malus\/location\/\">Accident avec voiture de location malus<\/a> \u2013 Louer une voiture ne vous met pas \u00e0 l&rsquo;abri des accidents. L&rsquo;assurance auto malus assure votre tranquillit\u00e9 d&rsquo;esprit en cas de sinistre avec une voiture de location.<br><br><a href=\"https:\/\/leocare.eu\/fr\/assurance-auto-en-ligne\/couverture\/contrat\/releve-information\/malus\/animal\/\">Accident pour \u00e9viter un animal malus<\/a> \u2013 Un accident peut survenir en essayant d&rsquo;\u00e9viter un animal sur la route. Avec l&rsquo;assurance auto malus, faites face \u00e0 ces impr\u00e9vus sans craindre les cons\u00e9quences financi\u00e8res.<br><br><a href=\"https:\/\/leocare.eu\/fr\/assurance-auto-en-ligne\/couverture\/contrat\/releve-information\/malus\/parking\/\">Accident sur un parking en reculant malus :<\/a> \u2013 Un accident peut vite arriver en reculant sur un parking. L&rsquo;assurance auto malus vous prot\u00e8ge contre les cons\u00e9quences financi\u00e8res de ces incidents.<br><br><a href=\"https:\/\/leocare.eu\/fr\/assurance-auto-en-ligne\/couverture\/contrat\/releve-information\/malus\/deuxieme-conducteur\/\">Assurance auto incidence d&rsquo;un deuxi\u00e8me conducteur maluss\u00e9<\/a> \u2013 Un deuxi\u00e8me conducteur maluss\u00e9 peut influer sur votre assurance auto. D\u00e9couvrez comment optimiser votre couverture sans faire exploser votre budget.<br><br><a href=\"https:\/\/leocare.eu\/fr\/assurance-auto-en-ligne\/couverture\/contrat\/releve-information\/malus\/moins-cher\/\">Assurance auto pour maluss\u00e9 la moins ch\u00e8re<\/a> \u2013 M\u00eame avec un malus, il est possible de trouver une assurance auto abordable. Parcourez les options disponibles pour r\u00e9duire vos d\u00e9penses sans sacrifier votre protection.<br><br><a href=\"https:\/\/leocare.eu\/fr\/assurance-auto-en-ligne\/couverture\/contrat\/releve-information\/malus\/franchise\/\">Assurance auto quelle franchise pour un maluss\u00e9<\/a> \u2013 D\u00e9terminez la franchise adapt\u00e9e \u00e0 votre situation pour b\u00e9n\u00e9ficier d&rsquo;une assurance auto malus qui allie couverture optimale et budget ma\u00eetris\u00e9.<br><br><a href=\"https:\/\/leocare.eu\/fr\/assurance-auto-en-ligne\/couverture\/contrat\/releve-information\/malus\/augmente\/\">Assurance auto qui augmente malgr\u00e9 bonus<\/a> \u2013 Votre assurance auto a augment\u00e9 malgr\u00e9 votre bonus ? D\u00e9couvrez les raisons possibles de cette hausse et comment y rem\u00e9dier.<\/p>\n\n\n\n<p><a href=\"https:\/\/leocare.eu\/fr\/assurance-auto-en-ligne\/couverture\/contrat\/releve-information\/malus\/pas-chere\/\">Assurance pas ch\u00e8re avec du malus<\/a> \u2013 Un malus n&rsquo;est pas une fatalit\u00e9. Trouvez une assurance auto pas ch\u00e8re qui vous prot\u00e8ge efficacement malgr\u00e9 votre malus.<br><br><a href=\"https:\/\/leocare.eu\/fr\/assurance-auto-en-ligne\/couverture\/contrat\/releve-information\/malus\/sinistre-non-responsable\/\">Combien de malus pour un sinistre non responsable<\/a> \u2013 Un sinistre non responsable peut-il engendrer un malus ? D\u00e9couvrez les crit\u00e8res de calcul de votre coefficient de malus en cas de sinistre non responsable.<\/p>\n\n\n\n<p><a href=\"https:\/\/leocare.eu\/fr\/assurance-auto-en-ligne\/couverture\/contrat\/releve-information\/malus\/malus-jeune-conducteur\/\">Combien de temps dure un malus jeune conducteur<\/a> \u2013 Le malus d&rsquo;un jeune conducteur peut avoir une dur\u00e9e sp\u00e9cifique. D\u00e9couvrez combien de temps il peut durer et comment le r\u00e9duire efficacement.<br><br><a href=\"https:\/\/leocare.eu\/fr\/assurance-auto-en-ligne\/couverture\/contrat\/releve-information\/malus\/perdre-malus\/\">Combien de temps sans assurance pour perdre son malus<\/a> \u2013 Une interruption d&rsquo;assurance peut vous aider \u00e0 perdre votre malus. Apprenez combien de temps il faut pour atteindre cet objectif.<br><br><a href=\"https:\/\/leocare.eu\/fr\/assurance-auto-en-ligne\/couverture\/contrat\/releve-information\/malus\/gain-bonus\/\">Combien gagne-t-on de bonus par an assurance<\/a> \u2013 Chaque ann\u00e9e sans sinistre peut augmenter votre bonus d&rsquo;assurance. D\u00e9couvrez combien vous pouvez gagner et comment optimiser votre bonus.<br><br><a href=\"https:\/\/leocare.eu\/fr\/assurance-auto-en-ligne\/couverture\/contrat\/releve-information\/malus\/calcul-apres-accident\/\">Comment calculer son malus apr\u00e8s accident<\/a> \u2013 Apr\u00e8s un accident, votre malus peut augmenter. Apprenez \u00e0 calculer votre nouveau malus pour anticiper les cons\u00e9quences sur votre prime d&rsquo;assurance.<br><br><a href=\"https:\/\/leocare.eu\/fr\/assurance-auto-en-ligne\/couverture\/contrat\/releve-information\/malus\/calcul-malus-25\/\">Comment calculer un malus de 25 %<\/a> \u2013 Un malus de 25 % peut sembler complexe \u00e0 calculer. D\u00e9couvrez comment faire pour comprendre pr\u00e9cis\u00e9ment l&rsquo;impact sur votre assurance auto.<br><br><a href=\"https:\/\/leocare.eu\/fr\/assurance-auto-en-ligne\/couverture\/contrat\/releve-information\/malus\/eviter-malus\/\">Comment faire pour ne pas avoir de malus<\/a> \u2013 Un bon comportement au volant peut vous \u00e9viter un malus. D\u00e9couvrez les bonnes pratiques pour conserver un bonus maximal.<br><br><a href=\"https:\/\/leocare.eu\/fr\/assurance-auto-en-ligne\/couverture\/contrat\/releve-information\/malus\/obtenir-malus\/\">Comment faire pour obtenir un malus<\/a> \u2013 Certaines erreurs au volant peuvent entra\u00eener un malus. Apprenez \u00e0 les \u00e9viter pour conserver une assurance auto abordable.<br><br><a href=\"https:\/\/leocare.eu\/fr\/assurance-auto-en-ligne\/couverture\/contrat\/releve-information\/malus\/fonctionnement\/\">Comment fonctionne le syst\u00e8me du bonus-malus en assurance<\/a> \u2013 Le syst\u00e8me de bonus-malus peut sembler complexe. D\u00e9couvrez comment il fonctionne pour mieux comprendre votre assurance auto.<br><br><a href=\"https:\/\/leocare.eu\/fr\/assurance-auto-en-ligne\/couverture\/contrat\/releve-information\/malus\/savoir\/\">Comment savoir si on a du bonus ou du malus<\/a> \u2013 Conna\u00eetre votre situation de bonus ou malus est essentiel. D\u00e9couvrez comment le v\u00e9rifier pour g\u00e9rer efficacement votre assurance auto.<br><br><a href=\"https:\/\/leocare.eu\/fr\/assurance-auto-en-ligne\/couverture\/contrat\/releve-information\/malus\/calcul-bonus-malus\/\">Comment se calcule le bonus-malus <\/a> \u2013 Le calcul du bonus-malus n&rsquo;est pas un secret. D\u00e9couvrez comment il est effectu\u00e9 pour comprendre pr\u00e9cis\u00e9ment votre tarif d&rsquo;assurance.<br><br><a href=\"https:\/\/leocare.eu\/fr\/assurance-auto-en-ligne\/couverture\/contrat\/releve-information\/malus\/augmentation\/\">De combien augmente le malus en cas d&rsquo;accident<\/a> \u2013 Un accident peut avoir un impact significatif sur votre malus. D\u00e9couvrez de combien il peut augmenter pour mieux g\u00e9rer votre assurance auto.<br><br><a href=\"https:\/\/leocare.eu\/fr\/assurance-auto-en-ligne\/couverture\/contrat\/releve-information\/malus\/creation\/\">Depuis quand existe le bonus-malus assurance auto<\/a> \u2013 Le syst\u00e8me de bonus-malus a une longue histoire. D\u00e9couvrez son origine et son \u00e9volution pour mieux comprendre votre assurance auto.<br><br><a href=\"https:\/\/leocare.eu\/fr\/assurance-auto-en-ligne\/couverture\/contrat\/releve-information\/malus\/grave\/\">Est-ce grave d&rsquo;avoir un malus<\/a> \u2013 Un malus peut avoir des cons\u00e9quences sur votre assurance auto. D\u00e9couvrez si c&rsquo;est grave et comment le g\u00e9rer efficacement.<br><br><a href=\"https:\/\/leocare.eu\/fr\/assurance-auto-en-ligne\/couverture\/contrat\/releve-information\/malus\/bris-glace\/\">Le bris de glace entra\u00eene-t-il un malus<\/a> \u2013 Un bris de glace peut \u00eatre un incident co\u00fbteux. D\u00e9couvrez si cela entra\u00eene un malus pour mieux g\u00e9rer votre assurance auto.<br><br><a href=\"https:\/\/leocare.eu\/fr\/assurance-auto-en-ligne\/couverture\/contrat\/releve-information\/malus\/contrats\/\">Le malus s&rsquo;applique-t-il \u00e0 tous les contrats<\/a> \u2013 Tous les contrats d&rsquo;assurance auto ne sont pas soumis au malus. D\u00e9couvrez \u00e0 quels contrats il s&rsquo;applique pour mieux comprendre vos obligations.<br><br><a href=\"https:\/\/leocare.eu\/fr\/assurance-auto-en-ligne\/couverture\/contrat\/releve-information\/malus\/pret-de-volant\/\">Malus en cas de pr\u00eat de volants<\/a> \u2013 Pr\u00eater votre volant peut entra\u00eener un malus en cas d&rsquo;accident. D\u00e9couvrez dans ce guide comment pr\u00e9venir ces situations et g\u00e9rer efficacement votre assurance auto.<br><br><a href=\"https:\/\/leocare.eu\/fr\/assurance-auto-en-ligne\/couverture\/contrat\/releve-information\/malus\/vol-de-voiture\/\">Malus en cas de vol de voiture<\/a> \u2013 Un vol de voiture peut avoir un impact sur votre coefficient malus. D\u00e9couvrez les m\u00e9canismes en jeu et comment assurer votre protection malgr\u00e9 cette situation.<br><br><a href=\"https:\/\/leocare.eu\/fr\/assurance-auto-en-ligne\/couverture\/contrat\/releve-information\/malus\/negocier\/\">Peut-on n\u00e9gocier son malus<\/a> \u2013 Un malus peut \u00eatre n\u00e9goci\u00e9 dans certaines circonstances. Apprenez les astuces pour obtenir le meilleur tarif malgr\u00e9 votre malus.<br><br><a href=\"https:\/\/leocare.eu\/fr\/assurance-auto-en-ligne\/couverture\/contrat\/releve-information\/malus\/diminution\/\">Quand est-ce que le bonus-malus diminue<\/a> \u2013 Le coefficient de bonus-malus peut \u00e9voluer avec le temps. D\u00e9couvrez quand et comment il peut diminuer pour optimiser votre assurance auto.<br><br><a href=\"https:\/\/leocare.eu\/fr\/assurance-auto-en-ligne\/couverture\/contrat\/releve-information\/malus\/perdre-bonus\/\">Quand perd-t-on son bonus assurance<\/a> \u2013 Perdre son bonus d&rsquo;assurance auto n&rsquo;est pas une fatalit\u00e9. D\u00e9couvrez dans quelles situations cela peut arriver et comment le pr\u00e9venir.<br><br><a href=\"https:\/\/leocare.eu\/fr\/assurance-auto-en-ligne\/couverture\/contrat\/releve-information\/malus\/contrats\/\">Quand s&rsquo;applique le malus en cas de sinistre<\/a> \u2013 Le malus s&rsquo;applique dans certaines situations suite \u00e0 un sinistre. D\u00e9couvrez quand et comment cela se passe pour mieux g\u00e9rer votre assurance auto.<br><br><a href=\"https:\/\/leocare.eu\/fr\/assurance-auto-en-ligne\/couverture\/contrat\/releve-information\/malus\/que-faire\/\">Que faire en cas de malus<\/a> \u2013 Un malus peut sembler \u00eatre un obstacle, mais il existe des solutions. D\u00e9couvrez les options pour g\u00e9rer efficacement votre assurance auto malgr\u00e9 un malus.<br><br><a href=\"https:\/\/leocare.eu\/fr\/assurance-auto-en-ligne\/couverture\/contrat\/releve-information\/malus\/bonus-maximum\/\">Quel est le bonus maximum pour une assurance auto<\/a> \u2013 Un bonus maximum peut \u00eatre atteint dans votre assurance auto. D\u00e9couvrez quel est ce niveau et comment l&rsquo;atteindre pour optimiser votre prime d&rsquo;assurance.<br><br><a href=\"https:\/\/leocare.eu\/fr\/assurance-auto-en-ligne\/couverture\/contrat\/releve-information\/malus\/quelle-voiture-acheter\/\">Quelle voiture acheter pour un maluss\u00e9<\/a> \u2013 Choisir une voiture adapt\u00e9e peut \u00eatre crucial pour un conducteur maluss\u00e9. D\u00e9couvrez les crit\u00e8res \u00e0 prendre en compte pour faire le meilleur choix possible.<br><br><a href=\"https:\/\/leocare.eu\/fr\/assurance-auto-en-ligne\/couverture\/contrat\/releve-information\/malus\/qui-est-concerne\/\">Qui est concern\u00e9 par le bonus-malus assurance auto<\/a> \u2013 Le syst\u00e8me de bonus-malus concerne un large \u00e9ventail de conducteurs. D\u00e9couvrez qui est concern\u00e9 pour mieux comprendre votre assurance auto.<br><br><a href=\"https:\/\/leocare.eu\/fr\/assurance-auto-en-ligne\/couverture\/contrat\/releve-information\/malus\/application\/\">Qui prend le malus en cas d&rsquo;accident conducteur ou assur\u00e9<\/a> \u2013 En cas d&rsquo;accident, le malus peut \u00eatre attribu\u00e9 au conducteur ou \u00e0 l&rsquo;assur\u00e9. D\u00e9couvrez comment cela fonctionne pour anticiper les cons\u00e9quences.<br><br><a href=\"https:\/\/leocare.eu\/fr\/assurance-auto-en-ligne\/couverture\/contrat\/releve-information\/malus\/droit-assurance\/\">Un maluss\u00e9 a-t-il droit \u00e0 une assurance auto<\/a> \u2013 \u00catre maluss\u00e9 n&#8217;emp\u00eache pas de souscrire une assurance auto. D\u00e9couvrez vos droits et les options disponibles pour rester prot\u00e9g\u00e9 sur la route.<\/p>\n","protected":false},"excerpt":{"rendered":"<p>Nous vous d\u00e9voilons dans ces guides d\u00e9di\u00e9s \u00e0 l&rsquo;assurance auto bonus-malus toutes les informations cruciales pour vous guider dans la s\u00e9lection de votre prochaine assurance auto. Au-del\u00e0 du co\u00fbt ou des prestations, de multiples facteurs doivent \u00eatre consid\u00e9r\u00e9s dans votre d\u00e9cision : le niveau de protection, le type de contrat, la gestion de vos sinistres [&hellip;]<\/p>\n","protected":false},"author":4,"featured_media":0,"parent":0,"menu_order":0,"comment_status":"closed","ping_status":"closed","template":"template_table_matiere.php","meta":{"_acf_changed":false,"footnotes":""},"class_list":["post-22974","page","type-page","status-publish","hentry"],"acf":[],"yoast_head":"<!-- This site is optimized with the Yoast SEO plugin v27.3 - https:\/\/yoast.com\/product\/yoast-seo-wordpress\/ -->\n<title>Table des mati\u00e8res de l&#039;assurance auto bonus malus<\/title>\n<meta name=\"robots\" content=\"index, follow, max-snippet:-1, max-image-preview:large, max-video-preview:-1\" \/>\n<link rel=\"canonical\" href=\"https:\/\/leocare.eu\/fr\/table-des-matieres-assurance-auto-bonus-malus\/\" \/>\n<meta property=\"og:locale\" content=\"fr_FR\" \/>\n<meta property=\"og:type\" content=\"article\" \/>\n<meta property=\"og:title\" content=\"Table des mati\u00e8res de l&#039;assurance auto bonus malus\" \/>\n<meta property=\"og:description\" content=\"Nous vous d\u00e9voilons dans ces guides d\u00e9di\u00e9s \u00e0 l&rsquo;assurance auto bonus-malus toutes les informations cruciales pour vous guider dans la s\u00e9lection de votre prochaine assurance auto. Au-del\u00e0 du co\u00fbt ou des prestations, de multiples facteurs doivent \u00eatre consid\u00e9r\u00e9s dans votre d\u00e9cision : le niveau de protection, le type de contrat, la gestion de vos sinistres [&hellip;]\" \/>\n<meta property=\"og:url\" content=\"https:\/\/leocare.eu\/fr\/table-des-matieres-assurance-auto-bonus-malus\/\" \/>\n<meta property=\"og:site_name\" content=\"Leocare, assurance en ligne automobile et habitation\" \/>\n<meta property=\"article:modified_time\" content=\"2026-01-20T09:28:58+00:00\" \/>\n<meta name=\"twitter:card\" content=\"summary_large_image\" \/>\n<meta name=\"twitter:label1\" content=\"Est. reading time\" \/>\n\t<meta name=\"twitter:data1\" content=\"7 minutes\" \/>\n<!-- \/ Yoast SEO plugin. -->","yoast_head_json":{"title":"Table des mati\u00e8res de l'assurance auto bonus malus","robots":{"index":"index","follow":"follow","max-snippet":"max-snippet:-1","max-image-preview":"max-image-preview:large","max-video-preview":"max-video-preview:-1"},"canonical":"https:\/\/leocare.eu\/fr\/table-des-matieres-assurance-auto-bonus-malus\/","og_locale":"fr_FR","og_type":"article","og_title":"Table des mati\u00e8res de l'assurance auto bonus malus","og_description":"Nous vous d\u00e9voilons dans ces guides d\u00e9di\u00e9s \u00e0 l&rsquo;assurance auto bonus-malus toutes les informations cruciales pour vous guider dans la s\u00e9lection de votre prochaine assurance auto. Au-del\u00e0 du co\u00fbt ou des prestations, de multiples facteurs doivent \u00eatre consid\u00e9r\u00e9s dans votre d\u00e9cision : le niveau de protection, le type de contrat, la gestion de vos sinistres [&hellip;]","og_url":"https:\/\/leocare.eu\/fr\/table-des-matieres-assurance-auto-bonus-malus\/","og_site_name":"Leocare, assurance en ligne automobile et habitation","article_modified_time":"2026-01-20T09:28:58+00:00","twitter_card":"summary_large_image","twitter_misc":{"Est. reading time":"7 minutes"},"schema":{"@context":"https:\/\/schema.org","@graph":[{"@type":"WebPage","@id":"https:\/\/leocare.eu\/fr\/table-des-matieres-assurance-auto-bonus-malus\/","url":"https:\/\/leocare.eu\/fr\/table-des-matieres-assurance-auto-bonus-malus\/","name":"Table des mati\u00e8res de l'assurance auto bonus malus","isPartOf":{"@id":"https:\/\/leocare.eu\/fr\/#website"},"datePublished":"2024-09-05T14:02:33+00:00","dateModified":"2026-01-20T09:28:58+00:00","breadcrumb":{"@id":"https:\/\/leocare.eu\/fr\/table-des-matieres-assurance-auto-bonus-malus\/#breadcrumb"},"inLanguage":"fr-FR","potentialAction":[{"@type":"ReadAction","target":["https:\/\/leocare.eu\/fr\/table-des-matieres-assurance-auto-bonus-malus\/"]}]},{"@type":"WebSite","@id":"https:\/\/leocare.eu\/fr\/#website","url":"https:\/\/leocare.eu\/fr\/","name":"Leocare, assurance en ligne automobile et habitation","description":"enfin (r)assur\u00e9.e","publisher":{"@id":"https:\/\/leocare.eu\/fr\/#organization"},"potentialAction":[{"@type":"SearchAction","target":{"@type":"EntryPoint","urlTemplate":"https:\/\/leocare.eu\/fr\/?s={search_term_string}"},"query-input":{"@type":"PropertyValueSpecification","valueRequired":true,"valueName":"search_term_string"}}],"inLanguage":"fr-FR"},{"@type":"Organization","@id":"https:\/\/leocare.eu\/fr\/#organization","name":"Leocare, assurance en ligne automobile et habitation","url":"https:\/\/leocare.eu\/fr\/","logo":{"@type":"ImageObject","inLanguage":"fr-FR","@id":"https:\/\/leocare.eu\/fr\/#\/schema\/logo\/image\/","url":"https:\/\/leocare.eu\/fr\/wp-content\/uploads\/2020\/03\/logo-leocare.svg","contentUrl":"https:\/\/leocare.eu\/fr\/wp-content\/uploads\/2020\/03\/logo-leocare.svg","caption":"Leocare, assurance en ligne automobile et habitation"},"image":{"@id":"https:\/\/leocare.eu\/fr\/#\/schema\/logo\/image\/"}}]}},"_links":{"self":[{"href":"https:\/\/leocare.eu\/fr\/wp-json\/wp\/v2\/pages\/22974","targetHints":{"allow":["GET"]}}],"collection":[{"href":"https:\/\/leocare.eu\/fr\/wp-json\/wp\/v2\/pages"}],"about":[{"href":"https:\/\/leocare.eu\/fr\/wp-json\/wp\/v2\/types\/page"}],"author":[{"embeddable":true,"href":"https:\/\/leocare.eu\/fr\/wp-json\/wp\/v2\/users\/4"}],"replies":[{"embeddable":true,"href":"https:\/\/leocare.eu\/fr\/wp-json\/wp\/v2\/comments?post=22974"}],"version-history":[{"count":6,"href":"https:\/\/leocare.eu\/fr\/wp-json\/wp\/v2\/pages\/22974\/revisions"}],"predecessor-version":[{"id":36010,"href":"https:\/\/leocare.eu\/fr\/wp-json\/wp\/v2\/pages\/22974\/revisions\/36010"}],"wp:attachment":[{"href":"https:\/\/leocare.eu\/fr\/wp-json\/wp\/v2\/media?parent=22974"}],"curies":[{"name":"wp","href":"https:\/\/api.w.org\/{rel}","templated":true}]}}