{"id":22928,"date":"2024-09-05T15:52:40","date_gmt":"2024-09-05T13:52:40","guid":{"rendered":"https:\/\/leocare.eu\/fr\/?page_id=22928"},"modified":"2026-04-07T16:53:58","modified_gmt":"2026-04-07T14:53:58","slug":"augmentation","status":"publish","type":"page","link":"https:\/\/leocare.eu\/fr\/assurance-auto-en-ligne\/couverture\/contrat\/releve-information\/malus\/augmentation\/","title":{"rendered":"De combien augmente le malus en cas d\u2019accident ?"},"content":{"rendered":"\n<p>Le bonus-malus est d\u00e9termin\u00e9 selon votre part de responsabilit\u00e9 lors d\u2019un accident. Vous gagnez du malus si vous \u00eates responsable ou semi-responsable du sinistre. Heureusement, il est aussi possible de perdre son malus ! Les Leoconseillers vous expliquent.<\/p>\n\n\n\n<h2 class=\"wp-block-heading\" id=\"section-1\">Augmentation du malus en cas d\u2019accident responsable<\/h2>\n\n\n\n<p>Le syst\u00e8me de bonus-malus concerne tous les conducteurs (y compris les jeunes conducteurs) et tous les v\u00e9hicules terrestres, \u00e0 l\u2019exception des :&nbsp;<\/p>\n\n\n\n<ul class=\"wp-block-list\">\n<li>motos l\u00e9g\u00e8res (moins de 125 cm3) ;<\/li>\n\n\n\n<li>dameuses et autres engins hivernaux ;<\/li>\n\n\n\n<li>v\u00e9hicules de collection (plus de 30 ans d\u2019anciennet\u00e9) ;<\/li>\n\n\n\n<li>v\u00e9hicules d\u2019int\u00e9r\u00eat g\u00e9n\u00e9ral prioritaire : bus, ambulances, camions de pompiers ;<\/li>\n\n\n\n<li>v\u00e9hicules agricoles, forestiers ou de travaux publics.<\/li>\n<\/ul>\n\n\n\n<p>Le fonctionnement se base sur un coefficient r\u00e9duction-majoration (CRM) de 1 attribu\u00e9 au d\u00e9part \u00e0 tous les conducteurs assur\u00e9s. En cas d\u2019accident responsable, votre CRM sera major\u00e9 ; en cas d\u2019accident non responsable, votre CRM ne sera pas impact\u00e9.<\/p>\n\n\n\n<p>Si vous avez un accident et que vous \u00eates d\u00e9clar\u00e9&nbsp;<strong>enti\u00e8rement responsable<\/strong>, votre&nbsp;<strong>CRM augmentera de 25 %<\/strong>.&nbsp;<\/p>\n\n\n\n<p><em>Admettons que votre coefficient est de 0,60 et que vous avez un sinistre responsable, l\u2019ann\u00e9e d\u2019apr\u00e8s, votre CRM sera alors d\u2019un niveau de 0,75.<\/em><\/p>\n\n\n\n<div class=\"bon-a-savoir\">\n\n\n\n<h3 class=\"wp-block-heading\">Bon \u00e0 savoir<\/h3>\n\n\n\n<p>En cas d\u2019accident avec circonstances aggravantes (conduite en \u00e9tat d\u2019ivresse, d\u00e9lit de fuite, etc.) ou plusieurs&nbsp;accidents responsables&nbsp;cons\u00e9cutifs, votre&nbsp;compagnie&nbsp;peut d\u00e9cider de r\u00e9silier votre contrat. Vous pouvez alors avoir recours \u00e0 des assurances malus sp\u00e9cialis\u00e9es, comme Leocare (une <a href=\"https:\/\/leocare.eu\/fr\/assurance-auto-en-ligne\/pas-cher\/\">assurance voiture qui n&rsquo;est pas ch\u00e8re<\/a> y compris pour les conducteurs maluss\u00e9s !)<\/p>\n\n\n\n<\/div>\n\n\n\n<p>Si vous avez un&nbsp;<strong>accident partiellement responsable<\/strong>&nbsp;(torts partag\u00e9s avec un autre automobiliste), votre&nbsp;<strong>majoration CRM sera de 12,5 %<\/strong>.<\/p>\n\n\n\n<p>Suite \u00e0 un&nbsp;accident&nbsp;responsable, votre malus sera indiqu\u00e9 sur votre relev\u00e9 d\u2019information. Ce document est accessible par toutes les&nbsp;assurances&nbsp;afin de conna\u00eetre votre profil de conducteur. Il permet aux compagnies d\u2019assurances de d\u00e9finir le montant de votre&nbsp;cotisation. Si vous \u00eates maluss\u00e9s, vous pourrez faire appel \u00e0 une&nbsp;<a href=\"https:\/\/leocare.eu\/fr\/assurance-auto-en-ligne\/couverture\/contrat\/releve-information\/malus\/\">assurance malus<\/a>&nbsp;sp\u00e9cialis\u00e9e.&nbsp;<\/p>\n\n\n\n<p>Le bonus r\u00e9compense les bons conducteurs. Suite \u00e0 une ann\u00e9e sans accident, votre coefficient diminue de 5 % \u00e0 \u00e9ch\u00e9ance annuelle.<\/p>\n\n\n\n<h2 class=\"wp-block-heading\" id=\"section-2\"><strong>Augmentation du malus en cas d\u2019accident non responsable<\/strong><\/h2>\n\n\n\n<p>Si vous avez un accident et que vous n\u2019\u00eates&nbsp;<strong>pas d\u00e9clar\u00e9 responsable<\/strong>,&nbsp;<strong>vous n\u2019aurez ni bonus ni malus<\/strong>. L\u2019assurance de l\u2019automobiliste responsable prendra en charge l\u2019indemnisation des d\u00e9g\u00e2ts mat\u00e9riels et corporels.<\/p>\n\n\n\n<p>Si votre coefficient est de 0,60, il restera donc \u00e0 0,60.<\/p>\n\n\n\n<p>Vous pouvez causer un accident mais \u00eatre d\u00e9clar\u00e9 non responsable dans les&nbsp;<strong>cas de force majeure<\/strong>.&nbsp;<\/p>\n\n\n\n<p>Par exemple, vous faites une embard\u00e9e suite au passage d\u2019un sanglier sur la route et ce coup de volant vous conduit dans le bas-c\u00f4t\u00e9. Comme il s\u2019agit d\u2019une r\u00e9action in\u00e9vitable due \u00e0 un \u00e9v\u00e9nement ext\u00e9rieur, vous ne serez pas responsable du sinistre.&nbsp;<\/p>\n\n\n\n<p>Idem pour les sinistres qui surviennent lors de conditions m\u00e9t\u00e9o d\u00e9grad\u00e9es non pr\u00e9vues ou si vous glissez sur une plaque d\u2019huile ou des gravillons sur la chauss\u00e9e.<\/p>\n\n\n\n<p>Votre responsabilit\u00e9 est d\u00e9termin\u00e9e en grande partie par les informations indiqu\u00e9es dans le&nbsp;<strong>constat amiable<\/strong>. D\u2019o\u00f9 l\u2019importance de le remplir le plus consciencieusement possible.&nbsp;<\/p>\n\n\n\n<h2 class=\"wp-block-heading\" id=\"section-3\"><strong>Comment faire pour savoir si je suis un conducteur maluss\u00e9 ?<\/strong><\/h2>\n\n\n\n<p>Toute votre vie de conducteur est consign\u00e9e dans un document appel\u00e9&nbsp;<strong>relev\u00e9 d\u2019informations (RI)<\/strong>.&nbsp;<\/p>\n\n\n\n<p>Y figurent les sinistres responsables, partiellement responsables ou non responsables, les personnes responsables des sinistres (conducteur principal ou conducteur secondaire), les lieux, dates et circonstances des accidents.&nbsp;<\/p>\n\n\n\n<p>Vous pouvez avoir acc\u00e8s \u00e0 votre RI sur simple demande aupr\u00e8s de votre assureur.&nbsp;<\/p>\n\n\n\n<p>Vous y verrez le niveau de votre coefficient et vous saurez ainsi si vous \u00eates maluss\u00e9 ou bonuss\u00e9.<\/p>\n\n\n\n<p>Si vous changez d\u2019assurance, votre&nbsp;<strong>nouvel assureur&nbsp;<\/strong>(ainsi que toutes les compagnies) aura acc\u00e8s \u00e0 ces informations, cela lui permettra de d\u00e9terminer votre prime d\u2019assurance.<\/p>\n\n\n\n<h3 class=\"wp-block-heading\"><strong>Comment gagne-t-on du malus ?<\/strong><\/h3>\n\n\n\n<p>Le malus est appliqu\u00e9 aux conducteurs qui sont responsables ou semi-responsables d\u2019un accident.<\/p>\n\n\n\n<p>Votre bonus-malus augmente de&nbsp;<strong>12,5 %<\/strong>&nbsp;en cas de&nbsp;<strong>sinistres partiellement responsables<\/strong>&nbsp;et de&nbsp;<strong>25 %<\/strong>&nbsp;en cas de&nbsp;<strong>sinistres responsables<\/strong>.<\/p>\n\n\n\n<p>Si vous avez un&nbsp;<a href=\"https:\/\/leocare.eu\/fr\/assurance-auto-en-ligne\/couverture\/contrat\/releve-information\/malus\/sinistre-non-responsable\/\">sinistre responsable<\/a>, c\u2019est le&nbsp;constat amiable&nbsp;rempli lors de l\u2019accident&nbsp;qui d\u00e9termine votre responsabilit\u00e9. Votre&nbsp;CRM&nbsp;sera alors impact\u00e9 et votre prime annuelle \u00e9galement.<\/p>\n\n\n\n<p>Si vous accumulez trop de malus (le <a href=\"https:\/\/leocare.eu\/fr\/assurance-auto-en-ligne\/couverture\/contrat\/releve-information\/malus\/bonus-maximum\/\">bonus maximum d&rsquo;assurance voiture<\/a> est \u00e0 3,5), votre assureur peut r\u00e9silier votre contrat.\u00a0<\/p>\n\n\n\n<h3 class=\"wp-block-heading\"><strong>Comment perd-on du malus ?<\/strong><\/h3>\n\n\n\n<p>Devenez un bon conducteur en \u00e9tant plus attentif sur la route. Conduisez prudemment, en pleine possession de vos moyens et en respectant le Code de la route.<\/p>\n\n\n\n<section class=\"wp-block-leocare-bon-a-savoir leocare-bas\"><div class=\"leocare-bas__head\"><img decoding=\"async\" class=\"leocare-bas__icon\" src=\"https:\/\/leocare.eu\/fr\/wp-content\/themes\/leocare-new\/assets\/img\/icon-alert-purple.svg\" alt=\"icon alerte\"\/><h3 class=\"leocare-bas__title\">Bon \u00e0 savoir<\/h3><\/div><div class=\"leocare-bas__content\">\n<p>Votre voiture a \u00e9t\u00e9 vol\u00e9e ? Si <a href=\"https:\/\/leocare.eu\/fr\/assurance-auto-en-ligne\/couverture\/contrat\/releve-information\/malus\/vol-de-voiture\/\">l&rsquo;assurance vol de voiture<\/a> est activ\u00e9e, <strong>vous \u00eates couverts et cerise sur le g\u00e2teau : il n\u2019y a pas d\u2019impact sur votre coefficient bonus-malus.<\/strong><\/p>\n<\/div><\/section>\n\n\n\n<p><strong>Vous serez r\u00e9compens\u00e9 \ud83e\udd29 !<\/strong><\/p>\n\n\n\n<p>Si vous \u00eates un conducteur avec du malus mais que pendant&nbsp;<strong>2 ans vous n\u2019avez pas d\u2019accident d\u00e9clar\u00e9 responsable<\/strong>, votre&nbsp;<strong>coefficient r\u00e9duction majoration revient directement \u00e0 1<\/strong>.&nbsp;Si vous \u00eates \u00e0 un niveau de 0,5 depuis d\u00e9j\u00e0 au moins 3 ans, le premier sinistre responsable ne viendra pas imputer votre coefficient.&nbsp;En l\u2019absence d\u2019accident, vous&nbsp;<a href=\"https:\/\/leocare.eu\/fr\/assurance-auto-en-ligne\/couverture\/contrat\/releve-information\/malus\/gain-bonus\/\">gagnez du bonus<\/a>&nbsp;et vous pouvez n\u00e9gocier votre cotisation d\u2019assurance. Le tarif de votre&nbsp;assurance automobile&nbsp;sera alors revu \u00e0 la baisse \u00e0&nbsp;\u00e9ch\u00e9ance annuelle.<\/p>\n\n\n\n<p>Chez Leocare, on a tout pr\u00e9vu \ud83d\ude0e !&nbsp;Si vous perdez du malus, nous vous proposons chaque ann\u00e9e de r\u00e9\u00e9valuer le montant de vos cotisations. Une formule avec des tarifs plus adapt\u00e9s vous est sugg\u00e9r\u00e9e et nous la mettons en place d\u00e8s votre accord.<\/p>\n","protected":false},"excerpt":{"rendered":"<p>Le bonus-malus est d\u00e9termin\u00e9 selon votre part de responsabilit\u00e9 lors d\u2019un accident. Vous gagnez du malus si vous \u00eates responsable ou semi-responsable du sinistre. Heureusement, il est aussi possible de perdre son malus ! Les Leoconseillers vous expliquent. Augmentation du malus en cas d\u2019accident responsable Le syst\u00e8me de bonus-malus concerne tous les conducteurs (y compris [&hellip;]<\/p>\n","protected":false},"author":44,"featured_media":0,"parent":17928,"menu_order":0,"comment_status":"closed","ping_status":"closed","template":"template_seo.php","meta":{"_acf_changed":false,"footnotes":""},"class_list":["post-22928","page","type-page","status-publish","hentry"],"acf":[],"yoast_head":"<!-- This site is optimized with the Yoast SEO plugin v27.3 - https:\/\/yoast.com\/product\/yoast-seo-wordpress\/ -->\n<title>Accident de la route : de combien augmente le malus ?<\/title>\n<meta name=\"description\" content=\"Votre malus auto augmente en fonction de votre responsabilit\u00e9 lors d\u2019un accident : non responsable, partiellement responsable ou enti\u00e8rement responsable.\" \/>\n<meta name=\"robots\" content=\"index, follow, max-snippet:-1, max-image-preview:large, max-video-preview:-1\" \/>\n<link rel=\"canonical\" href=\"https:\/\/leocare.eu\/fr\/assurance-auto-en-ligne\/couverture\/contrat\/releve-information\/malus\/augmentation\/\" \/>\n<meta property=\"og:locale\" content=\"fr_FR\" \/>\n<meta property=\"og:type\" content=\"article\" \/>\n<meta property=\"og:title\" content=\"Accident de la route : de combien augmente le malus ?\" \/>\n<meta property=\"og:description\" content=\"Votre malus auto augmente en fonction de votre responsabilit\u00e9 lors d\u2019un accident : non responsable, partiellement responsable ou enti\u00e8rement responsable.\" \/>\n<meta property=\"og:url\" content=\"https:\/\/leocare.eu\/fr\/assurance-auto-en-ligne\/couverture\/contrat\/releve-information\/malus\/augmentation\/\" \/>\n<meta property=\"og:site_name\" content=\"Leocare, assurance en ligne automobile et habitation\" \/>\n<meta property=\"article:modified_time\" content=\"2026-04-07T14:53:58+00:00\" \/>\n<meta property=\"og:image\" content=\"https:\/\/leocare.eu\/fr\/wp-content\/themes\/leocare-new\/assets\/img\/icon-alert-purple.svg\" \/>\n<meta name=\"twitter:card\" content=\"summary_large_image\" \/>\n<meta name=\"twitter:label1\" content=\"Est. reading time\" \/>\n\t<meta name=\"twitter:data1\" content=\"5 minutes\" \/>\n<!-- \/ Yoast SEO plugin. -->","yoast_head_json":{"title":"Accident de la route : de combien augmente le malus ?","description":"Votre malus auto augmente en fonction de votre responsabilit\u00e9 lors d\u2019un accident : non responsable, partiellement responsable ou enti\u00e8rement responsable.","robots":{"index":"index","follow":"follow","max-snippet":"max-snippet:-1","max-image-preview":"max-image-preview:large","max-video-preview":"max-video-preview:-1"},"canonical":"https:\/\/leocare.eu\/fr\/assurance-auto-en-ligne\/couverture\/contrat\/releve-information\/malus\/augmentation\/","og_locale":"fr_FR","og_type":"article","og_title":"Accident de la route : de combien augmente le malus ?","og_description":"Votre malus auto augmente en fonction de votre responsabilit\u00e9 lors d\u2019un accident : non responsable, partiellement responsable ou enti\u00e8rement responsable.","og_url":"https:\/\/leocare.eu\/fr\/assurance-auto-en-ligne\/couverture\/contrat\/releve-information\/malus\/augmentation\/","og_site_name":"Leocare, assurance en ligne automobile et habitation","article_modified_time":"2026-04-07T14:53:58+00:00","og_image":[{"url":"https:\/\/leocare.eu\/fr\/wp-content\/themes\/leocare-new\/assets\/img\/icon-alert-purple.svg","type":"","width":"","height":""}],"twitter_card":"summary_large_image","twitter_misc":{"Est. reading time":"5 minutes"},"schema":{"@context":"https:\/\/schema.org","@graph":[{"@type":"WebPage","@id":"https:\/\/leocare.eu\/fr\/assurance-auto-en-ligne\/couverture\/contrat\/releve-information\/malus\/augmentation\/","url":"https:\/\/leocare.eu\/fr\/assurance-auto-en-ligne\/couverture\/contrat\/releve-information\/malus\/augmentation\/","name":"Accident de la route : de combien augmente le malus ?","isPartOf":{"@id":"https:\/\/leocare.eu\/fr\/#website"},"primaryImageOfPage":{"@id":"https:\/\/leocare.eu\/fr\/assurance-auto-en-ligne\/couverture\/contrat\/releve-information\/malus\/augmentation\/#primaryimage"},"image":{"@id":"https:\/\/leocare.eu\/fr\/assurance-auto-en-ligne\/couverture\/contrat\/releve-information\/malus\/augmentation\/#primaryimage"},"thumbnailUrl":"https:\/\/leocare.eu\/fr\/wp-content\/themes\/leocare-new\/assets\/img\/icon-alert-purple.svg","datePublished":"2024-09-05T13:52:40+00:00","dateModified":"2026-04-07T14:53:58+00:00","description":"Votre malus auto augmente en fonction de votre responsabilit\u00e9 lors d\u2019un accident : non responsable, partiellement responsable ou enti\u00e8rement responsable.","breadcrumb":{"@id":"https:\/\/leocare.eu\/fr\/assurance-auto-en-ligne\/couverture\/contrat\/releve-information\/malus\/augmentation\/#breadcrumb"},"inLanguage":"fr-FR","potentialAction":[{"@type":"ReadAction","target":["https:\/\/leocare.eu\/fr\/assurance-auto-en-ligne\/couverture\/contrat\/releve-information\/malus\/augmentation\/"]}]},{"@type":"ImageObject","inLanguage":"fr-FR","@id":"https:\/\/leocare.eu\/fr\/assurance-auto-en-ligne\/couverture\/contrat\/releve-information\/malus\/augmentation\/#primaryimage","url":"https:\/\/leocare.eu\/fr\/wp-content\/themes\/leocare-new\/assets\/img\/icon-alert-purple.svg","contentUrl":"https:\/\/leocare.eu\/fr\/wp-content\/themes\/leocare-new\/assets\/img\/icon-alert-purple.svg"},{"@type":"WebSite","@id":"https:\/\/leocare.eu\/fr\/#website","url":"https:\/\/leocare.eu\/fr\/","name":"Leocare, assurance en ligne automobile et habitation","description":"enfin (r)assur\u00e9.e","publisher":{"@id":"https:\/\/leocare.eu\/fr\/#organization"},"potentialAction":[{"@type":"SearchAction","target":{"@type":"EntryPoint","urlTemplate":"https:\/\/leocare.eu\/fr\/?s={search_term_string}"},"query-input":{"@type":"PropertyValueSpecification","valueRequired":true,"valueName":"search_term_string"}}],"inLanguage":"fr-FR"},{"@type":"Organization","@id":"https:\/\/leocare.eu\/fr\/#organization","name":"Leocare, assurance en ligne automobile et habitation","url":"https:\/\/leocare.eu\/fr\/","logo":{"@type":"ImageObject","inLanguage":"fr-FR","@id":"https:\/\/leocare.eu\/fr\/#\/schema\/logo\/image\/","url":"https:\/\/leocare.eu\/fr\/wp-content\/uploads\/2020\/03\/logo-leocare.svg","contentUrl":"https:\/\/leocare.eu\/fr\/wp-content\/uploads\/2020\/03\/logo-leocare.svg","caption":"Leocare, assurance en ligne automobile et habitation"},"image":{"@id":"https:\/\/leocare.eu\/fr\/#\/schema\/logo\/image\/"}}]}},"_links":{"self":[{"href":"https:\/\/leocare.eu\/fr\/wp-json\/wp\/v2\/pages\/22928","targetHints":{"allow":["GET"]}}],"collection":[{"href":"https:\/\/leocare.eu\/fr\/wp-json\/wp\/v2\/pages"}],"about":[{"href":"https:\/\/leocare.eu\/fr\/wp-json\/wp\/v2\/types\/page"}],"author":[{"embeddable":true,"href":"https:\/\/leocare.eu\/fr\/wp-json\/wp\/v2\/users\/44"}],"replies":[{"embeddable":true,"href":"https:\/\/leocare.eu\/fr\/wp-json\/wp\/v2\/comments?post=22928"}],"version-history":[{"count":8,"href":"https:\/\/leocare.eu\/fr\/wp-json\/wp\/v2\/pages\/22928\/revisions"}],"predecessor-version":[{"id":36278,"href":"https:\/\/leocare.eu\/fr\/wp-json\/wp\/v2\/pages\/22928\/revisions\/36278"}],"up":[{"embeddable":true,"href":"https:\/\/leocare.eu\/fr\/wp-json\/wp\/v2\/pages\/17928"}],"wp:attachment":[{"href":"https:\/\/leocare.eu\/fr\/wp-json\/wp\/v2\/media?parent=22928"}],"curies":[{"name":"wp","href":"https:\/\/api.w.org\/{rel}","templated":true}]}}