{"id":22926,"date":"2024-09-05T15:57:11","date_gmt":"2024-09-05T13:57:11","guid":{"rendered":"https:\/\/leocare.eu\/fr\/?page_id=22926"},"modified":"2026-04-07T16:53:56","modified_gmt":"2026-04-07T14:53:56","slug":"grave","status":"publish","type":"page","link":"https:\/\/leocare.eu\/fr\/assurance-auto-en-ligne\/couverture\/contrat\/releve-information\/malus\/grave\/","title":{"rendered":"Est-ce grave d\u2019avoir un malus en assurance auto ?"},"content":{"rendered":"\n<p>Le montant de votre cotisation d&rsquo;assurance est bas\u00e9 en partie sur le calcul de votre bonus-malus. Si votre coefficient est sup\u00e9rieur \u00e0 1, vous ferez partie des conducteurs maluss\u00e9s et votre prime d\u2019assurance sera augment\u00e9e. Vous pouvez m\u00eame \u00eatre radi\u00e9 par votre assureur. Heureusement, ce n\u2019est pas irr\u00e9m\u00e9diable ! Leocare vous explique et vous conseille.<\/p>\n\n\n\n<h2 class=\"wp-block-heading\" id=\"section-1\">Un malus est une sanction<\/h2>\n\n\n\n<p>Le m\u00e9canisme de bonus-malus a \u00e9t\u00e9 cr\u00e9\u00e9 en 1976 afin de sensibiliser les automobilistes et de limiter les accidents sur la route. L\u2019objectif est de r\u00e9compenser les bons conducteurs, c\u2019est-\u00e0-dire les automobilistes qui ne sont pas responsables d\u2019accident, en leur attribuant du bonus. \u00c0 l\u2019inverse, les automobilistes responsables d\u2019accident sont sanctionn\u00e9s par du malus.<\/p>\n\n\n\n<p>Le bonus-malus est calcul\u00e9 sur la base d\u2019un CRM (coefficient de r\u00e9duction-majoration) qui commence \u00e0 1 pour tous les conducteurs assur\u00e9s. Vous avez du&nbsp;<strong>bonus si votre CRM est inf\u00e9rieur \u00e0 1<\/strong>&nbsp;et vous avez&nbsp;<strong>du malus si votre CRM est sup\u00e9rieur \u00e0 1<\/strong>.<\/p>\n\n\n\n<p>Si vous causez un&nbsp;accident&nbsp;et que vous \u00eates d\u00e9clar\u00e9 responsable, votre&nbsp;compagnie&nbsp;d\u2019assurances&nbsp;<a href=\"https:\/\/leocare.eu\/fr\/assurance-auto-en-ligne\/couverture\/contrat\/releve-information\/malus\/\">appliquera du malus<\/a>&nbsp;selon les r\u00e8gles suivantes :&nbsp;<\/p>\n\n\n\n<ul class=\"wp-block-list\">\n<li><strong>+ 25&nbsp;%&nbsp;<\/strong>pour les&nbsp;<strong>accidents responsables<\/strong>&nbsp;;<\/li>\n\n\n\n<li><strong>+ 12,5&nbsp;%&nbsp;<\/strong>pour les&nbsp;<strong>accidents partiellement responsables<\/strong>.<\/li>\n<\/ul>\n\n\n\n<p>Le montant de votre cotisation est calcul\u00e9 proportionnellement \u00e0 votre malus. Si vous avez un accident et que vous \u00eates d\u00e9clar\u00e9 responsable, vous aurez 25&nbsp;% de malus et votre cotisation d\u2019assurance automobile sera major\u00e9e de 25&nbsp;%.<\/p>\n\n\n\n<ul class=\"wp-block-list\">\n<li><a href=\"https:\/\/leocare.eu\/fr\/assurance-auto-en-ligne\/couverture\/contrat\/releve-information\/malus\/bonus-maximum\/\">Le bonus maximum de l&rsquo;assurance auto<\/a> est de 3,5.<\/li>\n\n\n\n<li>La majoration de la prime d\u2019assurance maximale est de 200&nbsp;%.<\/li>\n<\/ul>\n\n\n\n<p>Les cons\u00e9quences du malus vont au-del\u00e0 des p\u00e9nalit\u00e9s financi\u00e8res. Un conducteur avec un malus \u00e9lev\u00e9 peut se voir radier par son assurance \u00e0 l\u2019\u00e9ch\u00e9ance principale de son contrat. Or, l\u2019<strong>assurance automobile est obligatoire<\/strong>. La solution est alors de se tourner vers des compagnies d\u2019assurances sp\u00e9cialis\u00e9es qui proposent des contrats sp\u00e9cifiques pour les maluss\u00e9s.<\/p>\n\n\n\n<h3 class=\"wp-block-heading\">Les assurances font la diff\u00e9rence entre situations responsables et non responsables<\/h3>\n\n\n\n<p>La d\u00e9claration des responsabilit\u00e9s lors d\u2019un sinistre permet aux assurances de d\u00e9terminer qui devra payer l\u2019indemnisation en cas de dommages corporels ou de dommages mat\u00e9riels. Les assurances font le distinguo entre les accidents&nbsp;<strong>non responsables<\/strong>, les accidents&nbsp;<strong>partiellement responsables<\/strong>&nbsp;(torts partag\u00e9s avec un autre conducteur par exemple) et les accidents&nbsp;<strong>enti\u00e8rement responsables<\/strong>.<\/p>\n\n\n\n<p>Apr\u00e8s un accident, les assureurs se basent en partie sur le&nbsp;<strong>constat amiable<\/strong>&nbsp;pour d\u00e9terminer votre part de responsabilit\u00e9. En fonction des circonstances et de la gravit\u00e9 du sinistre, les autorit\u00e9s (police ou gendarmerie), les t\u00e9moins et les experts sont \u00e9galement susceptibles d\u2019influer sur la d\u00e9termination des responsabilit\u00e9s.<\/p>\n\n\n\n<p>En cas de&nbsp;collision&nbsp;avec un autre v\u00e9hicule, remplissez soigneusement le constat apr\u00e8s l\u2019accident, m\u00eame en l\u2019absence&nbsp;de l\u2019autre conducteur. Il arrive de devoir remplir un constat seul, par exemple lors de&nbsp;<a href=\"https:\/\/leocare.eu\/fr\/assurance-auto-en-ligne\/couverture\/contrat\/releve-information\/malus\/delit-fuite\/\">d\u00e9lits de fuite<\/a>&nbsp;(facteur aggravant pour l\u2019autre conducteur impliqu\u00e9).<\/p>\n\n\n\n<div class=\"bon-a-savoir\">\n\n\n\n<h3 class=\"wp-block-heading\">Bon \u00e0 savoir<\/h3>\n\n\n\n<p>Si vous devez&nbsp;<a href=\"https:\/\/leocare.eu\/fr\/assurance-auto-en-ligne\/couverture\/contrat\/releve-information\/malus\/quelle-voiture-acheter\/\">racheter une voiture suite \u00e0 un accident<\/a>, choisissez un v\u00e9hicule qui correspond \u00e0 vos besoins. Votre&nbsp;compagnie d\u2019assurance&nbsp;ajustera la&nbsp;cotisation&nbsp;et le montant de l\u2019indemnisation&nbsp;en fonction de votre malus et de la puissance de votre voiture.<\/p>\n\n\n\n<\/div>\n\n\n\n<p>Dans tous les cas, vous ne serez pas maluss\u00e9 dans les situations suivantes :&nbsp;<\/p>\n\n\n\n<ul class=\"wp-block-list\">\n<li>Le conducteur de votre v\u00e9hicule est un&nbsp;<strong>tiers non autoris\u00e9<\/strong>. Si une personne (un coll\u00e8gue par exemple) prend votre voiture \u00e0 votre insu et qu\u2019elle a un accident, vous garderez votre bonus. \u00c0 condition que ce conducteur ne soit pas d\u00e9clar\u00e9 sur votre contrat d\u2019assurance et que vous ne viviez pas sous le m\u00eame toit.<\/li>\n\n\n\n<li>Vous \u00e9tiez&nbsp;<strong>bien gar\u00e9<\/strong>&nbsp;mais un autre v\u00e9hicule a embouti votre voiture sur un parking.<\/li>\n\n\n\n<li>Les cas de&nbsp;<strong>force majeure<\/strong>&nbsp;: vous causez un accident malgr\u00e9 vous (vous n\u2019auriez pas pu l\u2019\u00e9viter : verglas, huile sur la chauss\u00e9e, dysfonctionnement des syst\u00e8mes de signalisation, choc avec un animal sauvage\u2026).<\/li>\n\n\n\n<li>Vous \u00eates victime d\u2019un acte de&nbsp;<strong>vandalisme<\/strong>&nbsp;ou d\u2019un&nbsp;<a href=\"https:\/\/leocare.eu\/fr\/assurance-auto-en-ligne\/couverture\/contrat\/releve-information\/malus\/vol-de-voiture\/\"><strong>vol de voiture<\/strong><\/a>. Si le voleur cause un&nbsp;accident&nbsp;et qu\u2019il y a des&nbsp;dommages, votre bonus-malus&nbsp;ne sera pas impact\u00e9.<\/li>\n<\/ul>\n\n\n\n<h2 class=\"wp-block-heading\" id=\"section-2\">Est-il possible de perdre son malus ?<\/h2>\n\n\n\n<p>Les&nbsp;<a href=\"https:\/\/leocare.eu\/fr\/assurance-auto-en-ligne\/couverture\/contrat\/releve-information\/malus\/malus-jeune-conducteur\/\">jeunes conducteurs<\/a>&nbsp;sont \u00e9galement concern\u00e9s par le calcul du&nbsp;malus. En cas d\u2019accident&nbsp;responsable, votre&nbsp;assurance automobile&nbsp;risque d\u2019augmenter vos cotisations (qui sont d\u00e9j\u00e0 plus \u00e9lev\u00e9es que celles des conducteurs plus exp\u00e9riment\u00e9s) ou de vous radier.<\/p>\n\n\n\n<p>Heureusement, tous les maluss\u00e9s peuvent perdre leur malus. Repartez sur de bonnes bases en suivant ces conseils :\u00a0<\/p>\n\n\n\n<ul class=\"wp-block-list\">\n<li>Soyez attentif au volant.<\/li>\n\n\n\n<li>Respectez le Code de la route.<\/li>\n\n\n\n<li>Conduisez un v\u00e9hicule adapt\u00e9 \u00e0 vos besoins.<\/li>\n\n\n\n<li>Prenez le volant en pleine capacit\u00e9 de vos moyens.<\/li>\n<\/ul>\n\n\n\n<p>Si vous \u00eates maluss\u00e9 mais que vous n\u2019avez\u00a0<strong>pas d\u2019accident responsable<\/strong>\u00a0pendant\u00a0<strong>deux ann\u00e9es cons\u00e9cutives<\/strong>, votre\u00a0<strong>CRM<\/strong>\u00a0revient automatiquement \u00e0<strong>\u00a01\u00a0<\/strong>l\u2019ann\u00e9e suivante.<\/p>\n\n\n\n<p>Attention ! Cette r\u00e8gle vaut uniquement si vous restez assur\u00e9 pendant ces deux ann\u00e9es. La suspension de votre <a href=\"https:\/\/leocare.eu\/fr\/assurance-auto-en-ligne\/pas-cher\/\">assurance auto pas ch\u00e8re<\/a> ne vous permet pas de b\u00e9n\u00e9ficier de ce rattrapage.<\/p>\n\n\n\n<p>Si votre assurance a r\u00e9sili\u00e9 votre contrat en raison d\u2019un CRM trop \u00e9lev\u00e9, vous pouvez trouver des contrats adapt\u00e9s aupr\u00e8s de compagnies d\u2019assurances sp\u00e9cifiques aux&nbsp;conducteurs maluss\u00e9s. Cela vous permet de rester assur\u00e9, de conduire pendant deux ans sans sinistre et de&nbsp;<a href=\"https:\/\/leocare.eu\/fr\/assurance-auto-en-ligne\/couverture\/contrat\/releve-information\/malus\/perdre-malus\/\">perdre votre&nbsp;malus<\/a>.<\/p>\n\n\n\n<p>Leocare propose des garanties adapt\u00e9es pour les maluss\u00e9s, avec des couvertures compl\u00e8tes et diff\u00e9rentes formules au choix d\u00e8s l&rsquo;<a href=\"https:\/\/leocare.eu\/fr\/assurance-auto-en-ligne\/tiers\/\">assurance auto au tiers<\/a>. De plus, nous basculons votre contrat automatiquement vers une formule optimis\u00e9e d\u00e8s que votre coefficient revient \u00e0 1.<\/p>\n","protected":false},"excerpt":{"rendered":"<p>Le montant de votre cotisation d&rsquo;assurance est bas\u00e9 en partie sur le calcul de votre bonus-malus. Si votre coefficient est sup\u00e9rieur \u00e0 1, vous ferez partie des conducteurs maluss\u00e9s et votre prime d\u2019assurance sera augment\u00e9e. Vous pouvez m\u00eame \u00eatre radi\u00e9 par votre assureur. Heureusement, ce n\u2019est pas irr\u00e9m\u00e9diable ! Leocare vous explique et vous conseille. [&hellip;]<\/p>\n","protected":false},"author":44,"featured_media":0,"parent":17928,"menu_order":0,"comment_status":"closed","ping_status":"closed","template":"template_seo.php","meta":{"_acf_changed":false,"footnotes":""},"class_list":["post-22926","page","type-page","status-publish","hentry"],"acf":[],"yoast_head":"<!-- This site is optimized with the Yoast SEO plugin v27.3 - https:\/\/yoast.com\/product\/yoast-seo-wordpress\/ -->\n<title>Est-ce grave d\u2019avoir un malus ?<\/title>\n<meta name=\"description\" content=\"Vous venez de prendre du malus sur votre assurance auto ? D\u00e9couvrez le syst\u00e8me de calcul du bonus-malus et les solutions pour perdre votre malus.\" \/>\n<meta name=\"robots\" content=\"index, follow, max-snippet:-1, max-image-preview:large, max-video-preview:-1\" \/>\n<link rel=\"canonical\" href=\"https:\/\/leocare.eu\/fr\/assurance-auto-en-ligne\/couverture\/contrat\/releve-information\/malus\/grave\/\" \/>\n<meta property=\"og:locale\" content=\"fr_FR\" \/>\n<meta property=\"og:type\" content=\"article\" \/>\n<meta property=\"og:title\" content=\"Est-ce grave d\u2019avoir un malus ?\" \/>\n<meta property=\"og:description\" content=\"Vous venez de prendre du malus sur votre assurance auto ? D\u00e9couvrez le syst\u00e8me de calcul du bonus-malus et les solutions pour perdre votre malus.\" \/>\n<meta property=\"og:url\" content=\"https:\/\/leocare.eu\/fr\/assurance-auto-en-ligne\/couverture\/contrat\/releve-information\/malus\/grave\/\" \/>\n<meta property=\"og:site_name\" content=\"Leocare, assurance en ligne automobile et habitation\" \/>\n<meta property=\"article:modified_time\" content=\"2026-04-07T14:53:56+00:00\" \/>\n<meta name=\"twitter:card\" content=\"summary_large_image\" \/>\n<meta name=\"twitter:label1\" content=\"Dur\u00e9e de lecture estim\u00e9e\" \/>\n\t<meta name=\"twitter:data1\" content=\"5 minutes\" \/>\n<!-- \/ Yoast SEO plugin. -->","yoast_head_json":{"title":"Est-ce grave d\u2019avoir un malus ?","description":"Vous venez de prendre du malus sur votre assurance auto ? D\u00e9couvrez le syst\u00e8me de calcul du bonus-malus et les solutions pour perdre votre malus.","robots":{"index":"index","follow":"follow","max-snippet":"max-snippet:-1","max-image-preview":"max-image-preview:large","max-video-preview":"max-video-preview:-1"},"canonical":"https:\/\/leocare.eu\/fr\/assurance-auto-en-ligne\/couverture\/contrat\/releve-information\/malus\/grave\/","og_locale":"fr_FR","og_type":"article","og_title":"Est-ce grave d\u2019avoir un malus ?","og_description":"Vous venez de prendre du malus sur votre assurance auto ? D\u00e9couvrez le syst\u00e8me de calcul du bonus-malus et les solutions pour perdre votre malus.","og_url":"https:\/\/leocare.eu\/fr\/assurance-auto-en-ligne\/couverture\/contrat\/releve-information\/malus\/grave\/","og_site_name":"Leocare, assurance en ligne automobile et habitation","article_modified_time":"2026-04-07T14:53:56+00:00","twitter_card":"summary_large_image","twitter_misc":{"Dur\u00e9e de lecture estim\u00e9e":"5 minutes"},"schema":{"@context":"https:\/\/schema.org","@graph":[{"@type":"WebPage","@id":"https:\/\/leocare.eu\/fr\/assurance-auto-en-ligne\/couverture\/contrat\/releve-information\/malus\/grave\/","url":"https:\/\/leocare.eu\/fr\/assurance-auto-en-ligne\/couverture\/contrat\/releve-information\/malus\/grave\/","name":"Est-ce grave d\u2019avoir un malus ?","isPartOf":{"@id":"https:\/\/leocare.eu\/fr\/#website"},"datePublished":"2024-09-05T13:57:11+00:00","dateModified":"2026-04-07T14:53:56+00:00","description":"Vous venez de prendre du malus sur votre assurance auto ? D\u00e9couvrez le syst\u00e8me de calcul du bonus-malus et les solutions pour perdre votre malus.","breadcrumb":{"@id":"https:\/\/leocare.eu\/fr\/assurance-auto-en-ligne\/couverture\/contrat\/releve-information\/malus\/grave\/#breadcrumb"},"inLanguage":"fr-FR","potentialAction":[{"@type":"ReadAction","target":["https:\/\/leocare.eu\/fr\/assurance-auto-en-ligne\/couverture\/contrat\/releve-information\/malus\/grave\/"]}]},{"@type":"WebSite","@id":"https:\/\/leocare.eu\/fr\/#website","url":"https:\/\/leocare.eu\/fr\/","name":"Leocare, assurance en ligne automobile et habitation","description":"enfin (r)assur\u00e9.e","publisher":{"@id":"https:\/\/leocare.eu\/fr\/#organization"},"potentialAction":[{"@type":"SearchAction","target":{"@type":"EntryPoint","urlTemplate":"https:\/\/leocare.eu\/fr\/?s={search_term_string}"},"query-input":{"@type":"PropertyValueSpecification","valueRequired":true,"valueName":"search_term_string"}}],"inLanguage":"fr-FR"},{"@type":"Organization","@id":"https:\/\/leocare.eu\/fr\/#organization","name":"Leocare, assurance en ligne automobile et habitation","url":"https:\/\/leocare.eu\/fr\/","logo":{"@type":"ImageObject","inLanguage":"fr-FR","@id":"https:\/\/leocare.eu\/fr\/#\/schema\/logo\/image\/","url":"https:\/\/leocare.eu\/fr\/wp-content\/uploads\/2020\/03\/logo-leocare.svg","contentUrl":"https:\/\/leocare.eu\/fr\/wp-content\/uploads\/2020\/03\/logo-leocare.svg","caption":"Leocare, assurance en ligne automobile et habitation"},"image":{"@id":"https:\/\/leocare.eu\/fr\/#\/schema\/logo\/image\/"}}]}},"_links":{"self":[{"href":"https:\/\/leocare.eu\/fr\/wp-json\/wp\/v2\/pages\/22926","targetHints":{"allow":["GET"]}}],"collection":[{"href":"https:\/\/leocare.eu\/fr\/wp-json\/wp\/v2\/pages"}],"about":[{"href":"https:\/\/leocare.eu\/fr\/wp-json\/wp\/v2\/types\/page"}],"author":[{"embeddable":true,"href":"https:\/\/leocare.eu\/fr\/wp-json\/wp\/v2\/users\/44"}],"replies":[{"embeddable":true,"href":"https:\/\/leocare.eu\/fr\/wp-json\/wp\/v2\/comments?post=22926"}],"version-history":[{"count":7,"href":"https:\/\/leocare.eu\/fr\/wp-json\/wp\/v2\/pages\/22926\/revisions"}],"predecessor-version":[{"id":36290,"href":"https:\/\/leocare.eu\/fr\/wp-json\/wp\/v2\/pages\/22926\/revisions\/36290"}],"up":[{"embeddable":true,"href":"https:\/\/leocare.eu\/fr\/wp-json\/wp\/v2\/pages\/17928"}],"wp:attachment":[{"href":"https:\/\/leocare.eu\/fr\/wp-json\/wp\/v2\/media?parent=22926"}],"curies":[{"name":"wp","href":"https:\/\/api.w.org\/{rel}","templated":true}]}}