{"id":22924,"date":"2024-09-05T15:57:29","date_gmt":"2024-09-05T13:57:29","guid":{"rendered":"https:\/\/leocare.eu\/fr\/?page_id=22924"},"modified":"2026-01-25T19:10:52","modified_gmt":"2026-01-25T18:10:52","slug":"vol-de-voiture","status":"publish","type":"page","link":"https:\/\/leocare.eu\/fr\/assurance-auto-en-ligne\/couverture\/contrat\/releve-information\/malus\/vol-de-voiture\/","title":{"rendered":"Le vol de voiture peut-il \u00eatre sanctionn\u00e9 d\u2019un malus ?"},"content":{"rendered":"\n<p>Le vol de voiture est un cauchemar pour tout conducteur, mais qu\u2019en est-il de ses r\u00e9percussions sur votre assurance auto ? Votre bonus-malus peut-il \u00eatre impact\u00e9 par un tel sinistre ? D\u00e9couvrez avec nos Leoconseillers les cons\u00e9quences d\u2019un vol de voiture sur votre coefficient de r\u00e9duction-majoration, ainsi que sur l\u2019indemnisation de votre v\u00e9hicule. Prenez les mesures pour vous prot\u00e9ger !<\/p>\n\n\n\n<h2 class=\"wp-block-heading\" id=\"section-1\">Ma voiture a \u00e9t\u00e9 vol\u00e9e : que faire avec mon assurance ?<\/h2>\n\n\n\n<p>M\u00eame si ce n\u2019est pas&nbsp;<a href=\"https:\/\/leocare.eu\/fr\/assurance-auto-en-ligne\/couverture\/contrat\/releve-information\/malus\/grave\/\">grave d\u2019avoir un malus<\/a>, on craint souvent les cons\u00e9quences d\u2019un vol sur son CRM. Heureusement,&nbsp;<strong>votre&nbsp;compagnie&nbsp;d\u2019assurances ne vous p\u00e9nalisera pas<\/strong>&nbsp;pour ce type de sinistre (du moins concernant votre CRM). Le syst\u00e8me de bonus-malus est con\u00e7u pour encourager la vigilance au volant et pr\u00e9venir les&nbsp;accidents responsables, pas pour sanctionner les vols, incendies ou actes de vandalisme subis.&nbsp;<strong>Seuls les sinistres mat\u00e9riels responsables provoquent un malus sur votre coefficient.<\/strong><\/p>\n\n\n\n<p>Et si votre v\u00e9hicule vol\u00e9 est impliqu\u00e9 dans un&nbsp;accident, votre CRM sera aussi \u00e9pargn\u00e9, \u00e0 condition de prouver que vous n\u2019\u00e9tiez pas au volant.&nbsp;<\/p>\n\n\n\n<section class=\"wp-block-leocare-bon-a-savoir leocare-bas\"><div class=\"leocare-bas__head\"><img decoding=\"async\" class=\"leocare-bas__icon\" src=\"https:\/\/leocare.eu\/fr\/wp-content\/themes\/leocare-new\/assets\/img\/icon-alert-purple.svg\" alt=\"icon alerte\"\/><h3 class=\"leocare-bas__title\">Bon \u00e0 savoir<\/h3><\/div><div class=\"leocare-bas__content\">\n<p>Le <a href=\"https:\/\/leocare.eu\/fr\/assurance-auto-en-ligne\/couverture\/contrat\/releve-information\/malus\/bonus-maximum\/\">bonus maximum en assurance auto<\/a> est de 3,5 en France.<\/p>\n<\/div><\/section>\n\n\n\n<p>Cependant, il reste la question de l\u2019indemnisation par votre assureur apr\u00e8s un vol. Pour cela, vous devez avoir souscrit des<strong>\u00a0garanties compl\u00e9mentaires<\/strong>\u00a0telles que la garantie vol, incendie ou tous risques.<\/p>\n\n\n\n<div class=\"bon-a-savoir\">\n\n\n\n<h3 class=\"wp-block-heading\">Bon \u00e0 savoir<\/h3>\n\n\n\n<p>Pour une protection optimale,&nbsp;<strong>Leocare offre des garanties vol, incendie et temp\u00eate pour les contrats tiers plus et tous risques<\/strong>. Que vous ayez besoin d\u2019une&nbsp;<a href=\"https:\/\/leocare.eu\/fr\/assurance-auto-en-ligne\/couverture\/contrat\/releve-information\/malus\/\">assurance auto pour conducteurs maluss\u00e9s<\/a>&nbsp;ou non, notre&nbsp;compagnie d\u2019assurances&nbsp;est \u00e0 votre disposition pour vous offrir la meilleure couverture et vous prot\u00e9ger en cas d\u2019accident&nbsp;ou tout autre sinistre. Nos&nbsp;assurances&nbsp;sont con\u00e7ues pour r\u00e9pondre \u00e0 tous vos besoins, m\u00eame les plus sp\u00e9cifiques.<\/p>\n\n\n\n<\/div>\n\n\n\n<p>Mais m\u00eame avec ces garanties,&nbsp;<strong>l\u2019indemnisation en cas de vol n\u2019est pas toujours syst\u00e9matique<\/strong>.&nbsp;<\/p>\n\n\n\n<h3 class=\"wp-block-heading\">Je suis responsable d\u2019une n\u00e9gligence<\/h3>\n\n\n\n<p>Il peut arriver que vous laissiez votre v\u00e9hicule dans une situation qui facilite un vol :\u00a0<strong>porti\u00e8res d\u00e9verrouill\u00e9es, fen\u00eatres ouvertes ou cl\u00e9s \u00e0 l\u2019int\u00e9rieur<\/strong>.<\/p>\n\n\n\n<p>Heureusement, le vol de votre v\u00e9hicule, m\u00eame s\u2019il r\u00e9sulte d\u2019une n\u00e9gligence, n\u2019entra\u00eene pas d\u2019augmentation de votre CRM. Cependant,&nbsp;<strong>votre compagnie d\u2019assurances peut refuser de vous indemniser<\/strong>&nbsp;si elle estime que vous avez facilit\u00e9 le vol.&nbsp;<\/p>\n\n\n\n<h3 class=\"wp-block-heading\">Je n\u2019ai fait preuve d\u2019aucune n\u00e9gligence<\/h3>\n\n\n\n<p>Si votre voiture a \u00e9t\u00e9 vol\u00e9e sans aucune n\u00e9gligence de votre part, toujours pas de malus sur votre assurance auto !&nbsp;<strong>Si vous avez souscrit la garantie vol, vous serez indemnis\u00e9<\/strong>.&nbsp;<\/p>\n\n\n\n<p>Les compagnies d\u2019assurances couvrent g\u00e9n\u00e9ralement les&nbsp;<strong>vols avec effraction<\/strong>, incluant les dommages mat\u00e9riels.&nbsp;<\/p>\n\n\n\n<p>Pour les<strong>\u00a0vols sans effraction<\/strong>\u00a0o\u00f9 les voleurs piratent le syst\u00e8me informatique, les assurances peuvent h\u00e9siter \u00e0 indemniser faute de preuves. Un expert ou un avocat sp\u00e9cialis\u00e9 peut vous aider \u00e0 obtenir votre indemnisation.<\/p>\n\n\n\n<h2 class=\"wp-block-heading\" id=\"section-2\">Que faire apr\u00e8s le vol de mon v\u00e9hicule ?<\/h2>\n\n\n\n<p>Si vous d\u00e9couvrez que votre v\u00e9hicule a \u00e9t\u00e9 vol\u00e9, agissez vite ! Votre premier r\u00e9flexe doit \u00eatre de<strong>&nbsp;porter plainte \u00e0 la gendarmerie dans les 24 heures<\/strong>. Cela d\u00e9clenche imm\u00e9diatement les recherches et vous d\u00e9charge de toute responsabilit\u00e9 en cas de sinistre caus\u00e9 par le voleur.&nbsp;<\/p>\n\n\n\n<p>Si ce dernier a un&nbsp;accident, commet un&nbsp;<a href=\"https:\/\/leocare.eu\/fr\/assurance-auto-en-ligne\/couverture\/contrat\/releve-information\/malus\/delit-fuite\/\">d\u00e9lit de fuite<\/a>&nbsp;ou d\u2019autres infractions avec votre voiture avant qu\u2019elle ne soit d\u00e9clar\u00e9e vol\u00e9e, vous pourriez \u00eatre tenu responsable si les&nbsp;circonstances&nbsp;ne permettent pas d\u2019identifier les&nbsp;conducteurs&nbsp;impliqu\u00e9s.<\/p>\n\n\n\n<p>Ensuite,\u00a0<strong>pr\u00e9venez votre compagnie d\u2019assurances dans les 48 heures<\/strong>. Respectez bien ce d\u00e9lai, sinon vous risquez un refus d\u2019indemnisation.<\/p>\n\n\n\n<div class=\"bon-a-savoir\">\n\n\n\n<h3 class=\"wp-block-heading\">Bon \u00e0 savoir<\/h3>\n\n\n\n<p>Avec Leocare, la d\u00e9claration de sinistre est simplifi\u00e9e gr\u00e2ce \u00e0 la&nbsp;<strong>d\u00e9claration d\u00e9mat\u00e9rialis\u00e9e<\/strong>. Via notre application, cliquez sur \u00ab\u2009Services\u2009\u00bb, puis sur \u00ab\u2009J\u2019ai un sinistre \u00e0 d\u00e9clarer\u2009\u00bb et t\u00e9l\u00e9chargez les pi\u00e8ces justificatives demand\u00e9es. Un Leoconseiller prendra rapidement contact avec vous pour vous accompagner dans vos d\u00e9marches.<\/p>\n\n\n\n<\/div>\n\n\n\n<p>Voici les<strong>&nbsp;documents \u00e0 fournir \u00e0 votre assureur<\/strong>&nbsp;\ud83d\udcc4 :<\/p>\n\n\n\n<ul class=\"wp-block-list\">\n<li>la d\u00e9claration de vol remise lors du d\u00e9p\u00f4t de plainte ;<\/li>\n\n\n\n<li>le dernier contr\u00f4le technique (pour les v\u00e9hicules de plus de 4 ans) ;<\/li>\n\n\n\n<li>la facture d\u2019achat du v\u00e9hicule ;<\/li>\n\n\n\n<li>une copie du certificat d\u2019immatriculation (carte grise) ;<\/li>\n\n\n\n<li>un \u00e9tat de perte totale : inventaire des objets vol\u00e9s avec montants, factures, photos ;<\/li>\n\n\n\n<li>le questionnaire de vol compl\u00e9t\u00e9 (si d\u00e9claration d\u00e9mat\u00e9rialis\u00e9e).<\/li>\n<\/ul>\n\n\n\n<p><strong>Par ailleurs, vous devez savoir que certains mod\u00e8les de voitures, comme les SUV, hybrides et \u00e9lectriques, sont plus susceptibles d\u2019\u00eatre vol\u00e9s<\/strong>. Pensez \u00e0 ce crit\u00e8re au moment d\u2019<a href=\"https:\/\/leocare.eu\/fr\/assurance-auto-en-ligne\/couverture\/contrat\/releve-information\/malus\/quelle-voiture-acheter\/\">acheter une voiture<\/a>, notamment si vous avez un&nbsp;malus&nbsp;(la&nbsp;cotisation&nbsp;pourrait aussi vite grimper). Il est donc fortement recommand\u00e9 de souscrire \u00e0 la garantie vol pour ces v\u00e9hicules. Pour rappel, cette garantie est exclue de l\u2019assurance au tiers,&nbsp;celle-ci se limitant \u00e0 la responsabilit\u00e9 civile.<\/p>\n","protected":false},"excerpt":{"rendered":"<p>Le vol de voiture est un cauchemar pour tout conducteur, mais qu\u2019en est-il de ses r\u00e9percussions sur votre assurance auto ? Votre bonus-malus peut-il \u00eatre impact\u00e9 par un tel sinistre ? D\u00e9couvrez avec nos Leoconseillers les cons\u00e9quences d\u2019un vol de voiture sur votre coefficient de r\u00e9duction-majoration, ainsi que sur l\u2019indemnisation de votre v\u00e9hicule. Prenez les [&hellip;]<\/p>\n","protected":false},"author":44,"featured_media":0,"parent":17928,"menu_order":0,"comment_status":"closed","ping_status":"closed","template":"template_cocon_seo.php","meta":{"_acf_changed":false,"footnotes":""},"class_list":["post-22924","page","type-page","status-publish","hentry"],"acf":[],"yoast_head":"<!-- This site is optimized with the Yoast SEO plugin v27.3 - https:\/\/yoast.com\/product\/yoast-seo-wordpress\/ -->\n<title>Quel malus auto en cas de vol de voiture ?<\/title>\n<meta name=\"description\" content=\"D\u00e9couvrez si le vol de voiture peut affecter votre bonus-malus d\u2019assurance auto et quelles sont les cons\u00e9quences sur l\u2019indemnisation de votre v\u00e9hicule.\" \/>\n<meta name=\"robots\" content=\"index, follow, max-snippet:-1, max-image-preview:large, max-video-preview:-1\" \/>\n<link rel=\"canonical\" href=\"https:\/\/leocare.eu\/fr\/assurance-auto-en-ligne\/couverture\/contrat\/releve-information\/malus\/vol-de-voiture\/\" \/>\n<meta property=\"og:locale\" content=\"fr_FR\" \/>\n<meta property=\"og:type\" content=\"article\" \/>\n<meta property=\"og:title\" content=\"Quel malus auto en cas de vol de voiture ?\" \/>\n<meta property=\"og:description\" content=\"D\u00e9couvrez si le vol de voiture peut affecter votre bonus-malus d\u2019assurance auto et quelles sont les cons\u00e9quences sur l\u2019indemnisation de votre v\u00e9hicule.\" \/>\n<meta property=\"og:url\" content=\"https:\/\/leocare.eu\/fr\/assurance-auto-en-ligne\/couverture\/contrat\/releve-information\/malus\/vol-de-voiture\/\" \/>\n<meta property=\"og:site_name\" content=\"Leocare, assurance en ligne automobile et habitation\" \/>\n<meta property=\"article:modified_time\" content=\"2026-01-25T18:10:52+00:00\" \/>\n<meta property=\"og:image\" content=\"https:\/\/leocare.eu\/fr\/wp-content\/themes\/leocare-new\/assets\/img\/icon-alert-purple.svg\" \/>\n<meta name=\"twitter:card\" content=\"summary_large_image\" \/>\n<meta name=\"twitter:label1\" content=\"Dur\u00e9e de lecture estim\u00e9e\" \/>\n\t<meta name=\"twitter:data1\" content=\"4 minutes\" \/>\n<!-- \/ Yoast SEO plugin. -->","yoast_head_json":{"title":"Quel malus auto en cas de vol de voiture ?","description":"D\u00e9couvrez si le vol de voiture peut affecter votre bonus-malus d\u2019assurance auto et quelles sont les cons\u00e9quences sur l\u2019indemnisation de votre v\u00e9hicule.","robots":{"index":"index","follow":"follow","max-snippet":"max-snippet:-1","max-image-preview":"max-image-preview:large","max-video-preview":"max-video-preview:-1"},"canonical":"https:\/\/leocare.eu\/fr\/assurance-auto-en-ligne\/couverture\/contrat\/releve-information\/malus\/vol-de-voiture\/","og_locale":"fr_FR","og_type":"article","og_title":"Quel malus auto en cas de vol de voiture ?","og_description":"D\u00e9couvrez si le vol de voiture peut affecter votre bonus-malus d\u2019assurance auto et quelles sont les cons\u00e9quences sur l\u2019indemnisation de votre v\u00e9hicule.","og_url":"https:\/\/leocare.eu\/fr\/assurance-auto-en-ligne\/couverture\/contrat\/releve-information\/malus\/vol-de-voiture\/","og_site_name":"Leocare, assurance en ligne automobile et habitation","article_modified_time":"2026-01-25T18:10:52+00:00","og_image":[{"url":"https:\/\/leocare.eu\/fr\/wp-content\/themes\/leocare-new\/assets\/img\/icon-alert-purple.svg","type":"","width":"","height":""}],"twitter_card":"summary_large_image","twitter_misc":{"Dur\u00e9e de lecture estim\u00e9e":"4 minutes"},"schema":{"@context":"https:\/\/schema.org","@graph":[{"@type":"WebPage","@id":"https:\/\/leocare.eu\/fr\/assurance-auto-en-ligne\/couverture\/contrat\/releve-information\/malus\/vol-de-voiture\/","url":"https:\/\/leocare.eu\/fr\/assurance-auto-en-ligne\/couverture\/contrat\/releve-information\/malus\/vol-de-voiture\/","name":"Quel malus auto en cas de vol de voiture ?","isPartOf":{"@id":"https:\/\/leocare.eu\/fr\/#website"},"primaryImageOfPage":{"@id":"https:\/\/leocare.eu\/fr\/assurance-auto-en-ligne\/couverture\/contrat\/releve-information\/malus\/vol-de-voiture\/#primaryimage"},"image":{"@id":"https:\/\/leocare.eu\/fr\/assurance-auto-en-ligne\/couverture\/contrat\/releve-information\/malus\/vol-de-voiture\/#primaryimage"},"thumbnailUrl":"https:\/\/leocare.eu\/fr\/wp-content\/themes\/leocare-new\/assets\/img\/icon-alert-purple.svg","datePublished":"2024-09-05T13:57:29+00:00","dateModified":"2026-01-25T18:10:52+00:00","description":"D\u00e9couvrez si le vol de voiture peut affecter votre bonus-malus d\u2019assurance auto et quelles sont les cons\u00e9quences sur l\u2019indemnisation de votre v\u00e9hicule.","breadcrumb":{"@id":"https:\/\/leocare.eu\/fr\/assurance-auto-en-ligne\/couverture\/contrat\/releve-information\/malus\/vol-de-voiture\/#breadcrumb"},"inLanguage":"fr-FR","potentialAction":[{"@type":"ReadAction","target":["https:\/\/leocare.eu\/fr\/assurance-auto-en-ligne\/couverture\/contrat\/releve-information\/malus\/vol-de-voiture\/"]}]},{"@type":"ImageObject","inLanguage":"fr-FR","@id":"https:\/\/leocare.eu\/fr\/assurance-auto-en-ligne\/couverture\/contrat\/releve-information\/malus\/vol-de-voiture\/#primaryimage","url":"https:\/\/leocare.eu\/fr\/wp-content\/themes\/leocare-new\/assets\/img\/icon-alert-purple.svg","contentUrl":"https:\/\/leocare.eu\/fr\/wp-content\/themes\/leocare-new\/assets\/img\/icon-alert-purple.svg"},{"@type":"WebSite","@id":"https:\/\/leocare.eu\/fr\/#website","url":"https:\/\/leocare.eu\/fr\/","name":"Leocare, assurance en ligne automobile et habitation","description":"enfin (r)assur\u00e9.e","publisher":{"@id":"https:\/\/leocare.eu\/fr\/#organization"},"potentialAction":[{"@type":"SearchAction","target":{"@type":"EntryPoint","urlTemplate":"https:\/\/leocare.eu\/fr\/?s={search_term_string}"},"query-input":{"@type":"PropertyValueSpecification","valueRequired":true,"valueName":"search_term_string"}}],"inLanguage":"fr-FR"},{"@type":"Organization","@id":"https:\/\/leocare.eu\/fr\/#organization","name":"Leocare, assurance en ligne automobile et habitation","url":"https:\/\/leocare.eu\/fr\/","logo":{"@type":"ImageObject","inLanguage":"fr-FR","@id":"https:\/\/leocare.eu\/fr\/#\/schema\/logo\/image\/","url":"https:\/\/leocare.eu\/fr\/wp-content\/uploads\/2020\/03\/logo-leocare.svg","contentUrl":"https:\/\/leocare.eu\/fr\/wp-content\/uploads\/2020\/03\/logo-leocare.svg","caption":"Leocare, assurance en ligne automobile et habitation"},"image":{"@id":"https:\/\/leocare.eu\/fr\/#\/schema\/logo\/image\/"}}]}},"_links":{"self":[{"href":"https:\/\/leocare.eu\/fr\/wp-json\/wp\/v2\/pages\/22924","targetHints":{"allow":["GET"]}}],"collection":[{"href":"https:\/\/leocare.eu\/fr\/wp-json\/wp\/v2\/pages"}],"about":[{"href":"https:\/\/leocare.eu\/fr\/wp-json\/wp\/v2\/types\/page"}],"author":[{"embeddable":true,"href":"https:\/\/leocare.eu\/fr\/wp-json\/wp\/v2\/users\/44"}],"replies":[{"embeddable":true,"href":"https:\/\/leocare.eu\/fr\/wp-json\/wp\/v2\/comments?post=22924"}],"version-history":[{"count":8,"href":"https:\/\/leocare.eu\/fr\/wp-json\/wp\/v2\/pages\/22924\/revisions"}],"predecessor-version":[{"id":36297,"href":"https:\/\/leocare.eu\/fr\/wp-json\/wp\/v2\/pages\/22924\/revisions\/36297"}],"up":[{"embeddable":true,"href":"https:\/\/leocare.eu\/fr\/wp-json\/wp\/v2\/pages\/17928"}],"wp:attachment":[{"href":"https:\/\/leocare.eu\/fr\/wp-json\/wp\/v2\/media?parent=22924"}],"curies":[{"name":"wp","href":"https:\/\/api.w.org\/{rel}","templated":true}]}}