{"id":22922,"date":"2024-09-05T15:57:39","date_gmt":"2024-09-05T13:57:39","guid":{"rendered":"https:\/\/leocare.eu\/fr\/?page_id=22922"},"modified":"2026-04-07T16:37:49","modified_gmt":"2026-04-07T14:37:49","slug":"negocier","status":"publish","type":"page","link":"https:\/\/leocare.eu\/fr\/assurance-auto-en-ligne\/couverture\/contrat\/releve-information\/malus\/negocier\/","title":{"rendered":"Est-il possible de n\u00e9gocier son malus avec son assurance auto ?"},"content":{"rendered":"\n<p>Apr\u00e8s un accident responsable, votre coefficient de r\u00e9duction-majoration (CRM) a grimp\u00e9 et votre prime d\u2019assurance a suivi le m\u00eame chemin. Vous aimeriez bien n\u00e9gocier ce malus avec votre assurance auto, mais en avez-vous le droit ? Et qu\u2019en est-il des autres modalit\u00e9s de votre contrat ? Voyons ensemble ce que dit le code des assurances et quelles options s\u2019offrent \u00e0 vous.<\/p>\n\n\n\n<h2 class=\"wp-block-heading\" id=\"section-1\">Je suis maluss\u00e9 : comment perdre du malus ?<\/h2>\n\n\n\n<p>Vous \u00eates maluss\u00e9 et vous cherchez \u00e0 retrouver votre bonus ? Pas de panique, il existe des solutions ! La cl\u00e9 est d\u2019adopter une conduite irr\u00e9prochable.\u00a0<strong>Chaque ann\u00e9e sans accident responsable r\u00e9duit votre malus de 5 %<\/strong>.\u00a0<a href=\"https:\/\/leocare.eu\/fr\/assurance-auto-en-ligne\/couverture\/contrat\/releve-information\/malus\/bonus-maximum\/\">L&rsquo;assurance voiture avec le bonus maximum<\/a> peut atteindre 3,5 en France.<\/p>\n\n\n\n<p>Mais parfois, cela peut prendre du temps, alors le code des assurances a mis en place la&nbsp;<strong>r\u00e8gle de la descente rapide<\/strong>&nbsp;pour r\u00e9compenser les automobilistes qui apprennent de leurs erreurs et adoptent un comportement plus responsable.<\/p>\n\n\n\n<p>Prenons l\u2019exemple de L\u00e9o, un conducteur maluss\u00e9 avec un CRM de 1,56 apr\u00e8s deux\u00a0accidents responsables. Il paie son\u00a0assurance automobile\u00a0bien trop cher \u00e0 son go\u00fbt. S\u2019il suivait la r\u00e8gle classique, il lui faudrait attendre 8 ans pour\u00a0<a href=\"https:\/\/leocare.eu\/fr\/assurance-auto-en-ligne\/couverture\/contrat\/releve-information\/malus\/perdre-malus\/\">perdre son malus<\/a>. Mais gr\u00e2ce \u00e0 la descente rapide,\u00a0<strong>deux\u00a0ann\u00e9es cons\u00e9cutives\u00a0sans sinistre responsable suffisent<\/strong>.<\/p>\n\n\n\n<p>En attendant, suivez un&nbsp;<strong>stage de sensibilisation \u00e0 la s\u00e9curit\u00e9 routi\u00e8re<\/strong>. Ces stages sont b\u00e9n\u00e9fiques pour am\u00e9liorer vos comp\u00e9tences de conduite et certains assureurs les consid\u00e8rent positivement, ajustant ainsi votre prime en cons\u00e9quence.<\/p>\n\n\n\n<h2 class=\"wp-block-heading\" id=\"section-2\">Que pr\u00e9voit le code des assurances \u00e0 propos des n\u00e9gociations avec l\u2019assureur ?<\/h2>\n\n\n\n<p>Le code des Assurances est clair :\u00a0<strong>la n\u00e9gociation du CRM, ou coefficient de r\u00e9duction-majoration, n\u2019est pas possible<\/strong>. Ce syst\u00e8me de bonus-malus est rigide et s\u2019applique \u00e0 tous les contrats d\u2019assurance des\u00a0<strong>v\u00e9hicules terrestres \u00e0 moteur<\/strong>.<\/p>\n\n\n\n<p>Il est donc\u00a0<strong>inutile de <a href=\"https:\/\/leocare.eu\/fr\/assurance-auto-en-ligne\/couverture\/contrat\/souscription\/documents\/\">changer d\u2019assurance d&rsquo;assurance auto<\/a> dans l\u2019espoir de r\u00e9duire votre malus<\/strong>, car il vous suivra partout. Toutes les informations concernant vos assurances auto des 5 derni\u00e8res ann\u00e9es sont r\u00e9pertori\u00e9es dans le\u00a0<strong>relev\u00e9 d\u2019information<\/strong>\u00a0transmis de l\u2019ancien assureur au nouvel assureur.<\/p>\n\n\n\n<div class=\"bon-a-savoir\">\n\n\n\n<h3 class=\"wp-block-heading\">Bon \u00e0 savoir<\/h3>\n\n\n\n<p>Votre malus vous p\u00e8se ? Les&nbsp;conducteurs&nbsp;ayant un&nbsp;malus&nbsp;important peuvent se tourner vers une&nbsp;<a href=\"https:\/\/leocare.eu\/fr\/assurance-auto-en-ligne\/couverture\/contrat\/releve-information\/malus\/\">compagnie d\u2019assurance avec une offre pour maluss\u00e9s<\/a>&nbsp;comme Leocare. Avec cette n\u00e9o-assurance, g\u00e9rez tout facilement depuis votre smartphone et retrouvez des offres adapt\u00e9es \u00e0 vos besoins !<\/p>\n\n\n\n<\/div>\n\n\n\n<p>Cependant, m\u00eame si le malus ne peut \u00eatre n\u00e9goci\u00e9, vous pouvez tout de m\u00eame jouer sur d\u2019autres aspects de votre contrat. Par exemple, vous pouvez&nbsp;<strong>discuter des modalit\u00e9s du contrat avec votre assurance<\/strong>. Avant d\u2019entamer toute n\u00e9gociation, \u00e9valuez vos besoins actuels. Peut-\u00eatre que vos habitudes de trajet ont chang\u00e9, ou que l\u2019anciennet\u00e9 de votre v\u00e9hicule et ses conditions de stationnement justifient une r\u00e9vision de votre couverture.<\/p>\n\n\n\n<p>Les assurances appr\u00e9cient\u00a0<strong>la fid\u00e9lit\u00e9 de leurs clients<\/strong>\u00a0et peuvent faire des gestes commerciaux pour les garder. En\u00a0<strong>regroupant vos contrats<\/strong>\u00a0(assurance habitation, compl\u00e9mentaire sant\u00e9 et assurance auto) aupr\u00e8s de la m\u00eame compagnie, vous pourriez obtenir des r\u00e9ductions int\u00e9ressantes. De plus, mettre en place diverses<strong>\u00a0mesures de s\u00e9curit\u00e9 pour prot\u00e9ger votre v\u00e9hicule<\/strong>\u00a0peut aussi r\u00e9duire le prix de votre assurance.<\/p>\n\n\n\n<p>Enfin, vous pouvez<strong>&nbsp;n\u00e9gocier des garanties compl\u00e9mentaires<\/strong>. Votre assureur peut vous proposer des options telles que l\u2019ajout d\u2019un v\u00e9hicule de pr\u00eat en cas de r\u00e9paration, la&nbsp;<strong>r\u00e9duction des franchises&nbsp;<\/strong>ou encore l\u2019am\u00e9lioration des garanties existantes. Ces ajustements peuvent vous offrir une meilleure couverture sans augmenter significativement vos co\u00fbts.<\/p>\n\n\n\n<h2 class=\"wp-block-heading\" id=\"section-3\">Comment se d\u00e9roule l\u2019application d\u2019un malus par l\u2019assurance ?<\/h2>\n\n\n\n<p>L\u2019<a href=\"https:\/\/leocare.eu\/fr\/assurance-auto-en-ligne\/couverture\/contrat\/releve-information\/malus\/application\/\">application du malus<\/a>&nbsp;par les&nbsp;compagnies d\u2019assurances&nbsp;commence d\u00e8s la d\u00e9claration d\u2019un accident responsable. Apr\u00e8s avoir analys\u00e9 les circonstances de l\u2019accident et d\u00e9termin\u00e9 la responsabilit\u00e9, votre assureur proc\u00e8de \u00e0 l\u2019indemnisation&nbsp;et ajuste votre coefficient de r\u00e9duction-majoration (CRM). Ce malus, qui augmente votre prime d\u2019assurance, s\u2019applique \u00e0&nbsp;<strong>tous les conducteurs d\u00e9sign\u00e9s sur le contrat<\/strong>.<\/p>\n\n\n\n<p>Prenons l\u2019exemple de Marie, conductrice principale, qui pr\u00eate sa voiture \u00e0 son fr\u00e8re, conducteur secondaire. Si ce dernier cause un accident responsable, le CRM de Marie augmentera \u00e9galement. Ainsi,<strong>&nbsp;en cas de sinistre, le malus touche autant le conducteur principal que le secondaire<\/strong>&nbsp;\ud83e\uddd1\u200d\ud83e\udd1d\u200d\ud83e\uddd1.<\/p>\n\n\n\n<p>Inversement, en l\u2019<strong>absence de sinistre responsable<\/strong>, le CRM de tous les conducteurs d\u00e9sign\u00e9s au contrat&nbsp;<strong>diminue<\/strong>&nbsp;<strong>chaque ann\u00e9e<\/strong>. Cela incite \u00e0 une conduite prudente pour tous les utilisateurs du v\u00e9hicule. Soyez donc vigilant lorsque vous&nbsp;<a href=\"https:\/\/leocare.eu\/fr\/assurance-auto-en-ligne\/couverture\/contrat\/releve-information\/malus\/pret-de-volant\/\">pr\u00eatez le volant<\/a>, car tout accident responsable impactera le&nbsp;malus&nbsp;et la prime d\u2019assurance de l\u2019ensemble des conducteurs du contrat.<\/p>\n\n\n\n<p>Pour les&nbsp;<strong>v\u00e9hicules de location,<\/strong>&nbsp;la situation varie selon la dur\u00e9e de la location. Pour une location de courte dur\u00e9e, l\u2019assurance est au nom de l\u2019agence de location. Ainsi, en cas d\u2019accident responsable,&nbsp;<strong>le malus n\u2019affecte pas votre CRM personnel<\/strong>, bien que des frais suppl\u00e9mentaires puissent s\u2019appliquer. En revanche, pour une location de longue dur\u00e9e (LLD) ou un leasing, l\u2019application du malus fonctionne comme pour un v\u00e9hicule personnel. Le conducteur responsable verra son CRM augmenter, impactant ainsi ses futures primes d\u2019assurance.<\/p>\n","protected":false},"excerpt":{"rendered":"<p>Apr\u00e8s un accident responsable, votre coefficient de r\u00e9duction-majoration (CRM) a grimp\u00e9 et votre prime d\u2019assurance a suivi le m\u00eame chemin. Vous aimeriez bien n\u00e9gocier ce malus avec votre assurance auto, mais en avez-vous le droit ? Et qu\u2019en est-il des autres modalit\u00e9s de votre contrat ? Voyons ensemble ce que dit le code des assurances [&hellip;]<\/p>\n","protected":false},"author":4,"featured_media":0,"parent":17928,"menu_order":0,"comment_status":"closed","ping_status":"closed","template":"template_seo.php","meta":{"_acf_changed":false,"footnotes":""},"class_list":["post-22922","page","type-page","status-publish","hentry"],"acf":[],"yoast_head":"<!-- This site is optimized with the Yoast SEO plugin v27.3 - https:\/\/yoast.com\/product\/yoast-seo-wordpress\/ -->\n<title>Peut-on n\u00e9gocier son malus auto ?<\/title>\n<meta name=\"description\" content=\"D\u00e9couvrez si vous pouvez n\u00e9gocier votre malus apr\u00e8s un accident responsable et explorez les options possibles pour all\u00e9ger votre contrat d\u2019assurance auto.\" \/>\n<meta name=\"robots\" content=\"index, follow, max-snippet:-1, max-image-preview:large, max-video-preview:-1\" \/>\n<link rel=\"canonical\" href=\"https:\/\/leocare.eu\/fr\/assurance-auto-en-ligne\/couverture\/contrat\/releve-information\/malus\/negocier\/\" \/>\n<meta property=\"og:locale\" content=\"fr_FR\" \/>\n<meta property=\"og:type\" content=\"article\" \/>\n<meta property=\"og:title\" content=\"Peut-on n\u00e9gocier son malus auto ?\" \/>\n<meta property=\"og:description\" content=\"D\u00e9couvrez si vous pouvez n\u00e9gocier votre malus apr\u00e8s un accident responsable et explorez les options possibles pour all\u00e9ger votre contrat d\u2019assurance auto.\" \/>\n<meta property=\"og:url\" content=\"https:\/\/leocare.eu\/fr\/assurance-auto-en-ligne\/couverture\/contrat\/releve-information\/malus\/negocier\/\" \/>\n<meta property=\"og:site_name\" content=\"Leocare, assurance en ligne automobile et habitation\" \/>\n<meta property=\"article:modified_time\" content=\"2026-04-07T14:37:49+00:00\" \/>\n<meta name=\"twitter:card\" content=\"summary_large_image\" \/>\n<meta name=\"twitter:label1\" content=\"Est. reading time\" \/>\n\t<meta name=\"twitter:data1\" content=\"5 minutes\" \/>\n<!-- \/ Yoast SEO plugin. -->","yoast_head_json":{"title":"Peut-on n\u00e9gocier son malus auto ?","description":"D\u00e9couvrez si vous pouvez n\u00e9gocier votre malus apr\u00e8s un accident responsable et explorez les options possibles pour all\u00e9ger votre contrat d\u2019assurance auto.","robots":{"index":"index","follow":"follow","max-snippet":"max-snippet:-1","max-image-preview":"max-image-preview:large","max-video-preview":"max-video-preview:-1"},"canonical":"https:\/\/leocare.eu\/fr\/assurance-auto-en-ligne\/couverture\/contrat\/releve-information\/malus\/negocier\/","og_locale":"fr_FR","og_type":"article","og_title":"Peut-on n\u00e9gocier son malus auto ?","og_description":"D\u00e9couvrez si vous pouvez n\u00e9gocier votre malus apr\u00e8s un accident responsable et explorez les options possibles pour all\u00e9ger votre contrat d\u2019assurance auto.","og_url":"https:\/\/leocare.eu\/fr\/assurance-auto-en-ligne\/couverture\/contrat\/releve-information\/malus\/negocier\/","og_site_name":"Leocare, assurance en ligne automobile et habitation","article_modified_time":"2026-04-07T14:37:49+00:00","twitter_card":"summary_large_image","twitter_misc":{"Est. reading time":"5 minutes"},"schema":{"@context":"https:\/\/schema.org","@graph":[{"@type":"WebPage","@id":"https:\/\/leocare.eu\/fr\/assurance-auto-en-ligne\/couverture\/contrat\/releve-information\/malus\/negocier\/","url":"https:\/\/leocare.eu\/fr\/assurance-auto-en-ligne\/couverture\/contrat\/releve-information\/malus\/negocier\/","name":"Peut-on n\u00e9gocier son malus auto ?","isPartOf":{"@id":"https:\/\/leocare.eu\/fr\/#website"},"datePublished":"2024-09-05T13:57:39+00:00","dateModified":"2026-04-07T14:37:49+00:00","description":"D\u00e9couvrez si vous pouvez n\u00e9gocier votre malus apr\u00e8s un accident responsable et explorez les options possibles pour all\u00e9ger votre contrat d\u2019assurance auto.","breadcrumb":{"@id":"https:\/\/leocare.eu\/fr\/assurance-auto-en-ligne\/couverture\/contrat\/releve-information\/malus\/negocier\/#breadcrumb"},"inLanguage":"fr-FR","potentialAction":[{"@type":"ReadAction","target":["https:\/\/leocare.eu\/fr\/assurance-auto-en-ligne\/couverture\/contrat\/releve-information\/malus\/negocier\/"]}]},{"@type":"WebSite","@id":"https:\/\/leocare.eu\/fr\/#website","url":"https:\/\/leocare.eu\/fr\/","name":"Leocare, assurance en ligne automobile et habitation","description":"enfin (r)assur\u00e9.e","publisher":{"@id":"https:\/\/leocare.eu\/fr\/#organization"},"potentialAction":[{"@type":"SearchAction","target":{"@type":"EntryPoint","urlTemplate":"https:\/\/leocare.eu\/fr\/?s={search_term_string}"},"query-input":{"@type":"PropertyValueSpecification","valueRequired":true,"valueName":"search_term_string"}}],"inLanguage":"fr-FR"},{"@type":"Organization","@id":"https:\/\/leocare.eu\/fr\/#organization","name":"Leocare, assurance en ligne automobile et habitation","url":"https:\/\/leocare.eu\/fr\/","logo":{"@type":"ImageObject","inLanguage":"fr-FR","@id":"https:\/\/leocare.eu\/fr\/#\/schema\/logo\/image\/","url":"https:\/\/leocare.eu\/fr\/wp-content\/uploads\/2020\/03\/logo-leocare.svg","contentUrl":"https:\/\/leocare.eu\/fr\/wp-content\/uploads\/2020\/03\/logo-leocare.svg","caption":"Leocare, assurance en ligne automobile et habitation"},"image":{"@id":"https:\/\/leocare.eu\/fr\/#\/schema\/logo\/image\/"}}]}},"_links":{"self":[{"href":"https:\/\/leocare.eu\/fr\/wp-json\/wp\/v2\/pages\/22922","targetHints":{"allow":["GET"]}}],"collection":[{"href":"https:\/\/leocare.eu\/fr\/wp-json\/wp\/v2\/pages"}],"about":[{"href":"https:\/\/leocare.eu\/fr\/wp-json\/wp\/v2\/types\/page"}],"author":[{"embeddable":true,"href":"https:\/\/leocare.eu\/fr\/wp-json\/wp\/v2\/users\/4"}],"replies":[{"embeddable":true,"href":"https:\/\/leocare.eu\/fr\/wp-json\/wp\/v2\/comments?post=22922"}],"version-history":[{"count":7,"href":"https:\/\/leocare.eu\/fr\/wp-json\/wp\/v2\/pages\/22922\/revisions"}],"predecessor-version":[{"id":36465,"href":"https:\/\/leocare.eu\/fr\/wp-json\/wp\/v2\/pages\/22922\/revisions\/36465"}],"up":[{"embeddable":true,"href":"https:\/\/leocare.eu\/fr\/wp-json\/wp\/v2\/pages\/17928"}],"wp:attachment":[{"href":"https:\/\/leocare.eu\/fr\/wp-json\/wp\/v2\/media?parent=22922"}],"curies":[{"name":"wp","href":"https:\/\/api.w.org\/{rel}","templated":true}]}}