{"id":22920,"date":"2024-09-05T15:57:52","date_gmt":"2024-09-05T13:57:52","guid":{"rendered":"https:\/\/leocare.eu\/fr\/?page_id=22920"},"modified":"2026-04-07T16:37:48","modified_gmt":"2026-04-07T14:37:48","slug":"diminution","status":"publish","type":"page","link":"https:\/\/leocare.eu\/fr\/assurance-auto-en-ligne\/couverture\/contrat\/releve-information\/malus\/diminution\/","title":{"rendered":"Quand est-ce que le bonus-malus diminue\u00a0?"},"content":{"rendered":"\n<p>Vous avez comme objectif de <strong>diminuer votre bonus-malus<\/strong> ? Vous en avez assez des primes d\u2019assurance \u00e9lev\u00e9es ? Leocare vous d\u00e9voile la marche \u00e0 suivre gr\u00e2ce \u00e0 des <strong>cas concrets et des conseils<\/strong> pour r\u00e9duire votre coefficient de r\u00e9duction-majoration (CRM). De quoi <strong>all\u00e9ger vos cotisations d\u2019assurance auto d\u00e8s l\u2019ann\u00e9e prochaine<\/strong> !<\/p>\n\n\n\n<h2 class=\"wp-block-heading\" id=\"section-1\">Le coefficient bonus-malus \u00e9volue p\u00e9riodiquement<\/h2>\n\n\n\n<p>Le CRM \u00e9volue chaque ann\u00e9e \u00e0 la date anniversaire de votre contrat d\u2019assurance auto, bas\u00e9 sur votre historique de sinistres de l\u2019ann\u00e9e \u00e9coul\u00e9e.&nbsp;<strong>Tout conducteur d\u00e9bute avec un coefficient de 1<\/strong>.&nbsp;<\/p>\n\n\n\n<p><strong>Le CRM va de 3,50 (malus maximum) \u00e0 0,50 (<\/strong><a href=\"https:\/\/leocare.eu\/fr\/assurance-auto-en-ligne\/couverture\/contrat\/releve-information\/malus\/bonus-maximum\/\"><strong>bonus maximum<\/strong><\/a><strong>).<\/strong>&nbsp;En \u00e9vitant les&nbsp;accidents responsables&nbsp;pendant 13&nbsp;ann\u00e9es cons\u00e9cutives, votre prime d\u2019assurance est divis\u00e9e par 2.<\/p>\n\n\n\n<p>Le coefficient est appliqu\u00e9 \u00e0 la prime de r\u00e9f\u00e9rence pour d\u00e9terminer le nouveau montant \u00e0 payer. Le bonus-malus se r\u00e9f\u00e8re \u00e0 une\u00a0<strong>p\u00e9riode de 12 mois cons\u00e9cutifs<\/strong>\u00a0se terminant 2 mois avant l\u2019\u00e9ch\u00e9ance annuelle du contrat. Par exemple, pour une \u00e9ch\u00e9ance au 31 d\u00e9cembre 2026, la p\u00e9riode de r\u00e9f\u00e9rence va du 1er\u00a0novembre 2025 au 31 octobre 2026.<\/p>\n\n\n\n<section class=\"wp-block-leocare-bon-a-savoir leocare-bas\"><div class=\"leocare-bas__head\"><img decoding=\"async\" class=\"leocare-bas__icon\" src=\"https:\/\/leocare.eu\/fr\/wp-content\/themes\/leocare-new\/assets\/img\/icon-alert-purple.svg\" alt=\"icon alerte\"\/><h3 class=\"leocare-bas__title\">Bon \u00e0 savoir<\/h3><\/div><div class=\"leocare-bas__content\">\n<p>Votre voiture a \u00e9t\u00e9 vol\u00e9e ? Si <a href=\"https:\/\/leocare.eu\/fr\/assurance-auto-en-ligne\/couverture\/contrat\/releve-information\/malus\/vol-de-voiture\/\">l&rsquo;assurance vol de voiture<\/a> est activ\u00e9e, <strong>vous \u00eates couverts et cerise sur le g\u00e2teau : il n\u2019y a pas d\u2019impact sur votre coefficient bonus-malus.<\/strong><\/p>\n<\/div><\/section>\n\n\n\n<p>Si votre coefficient baisse, votre prime diminue. S\u2019il augmente, votre prime augmente.&nbsp;<\/p>\n\n\n\n<p>Bon \u00e0 savoir :&nbsp; Pour les&nbsp;conducteurs&nbsp;maluss\u00e9s, il existe des options comme les&nbsp;<a href=\"https:\/\/leocare.eu\/fr\/assurance-auto-en-ligne\/couverture\/contrat\/releve-information\/malus\/\">assurances auto pour conducteurs maluss\u00e9s<\/a>&nbsp;pour rester assur\u00e9 malgr\u00e9 un CRM \u00e9lev\u00e9. Que ce soit un&nbsp;accident&nbsp;responsable, une conduite sous alcool ou stup\u00e9fiants, vous restez couvert.<\/p>\n\n\n\n<h3 class=\"wp-block-heading\">Je n\u2019ai pas eu d\u2019accident sur la derni\u00e8re ann\u00e9e<\/h3>\n\n\n\n<p>Si vous n\u2019avez pas eu d\u2019accident cette ann\u00e9e, bravo ! Vous \u00eates en route pour maximiser vos \u00e9conomies sur votre prime d\u2019assurance.&nbsp;<\/p>\n\n\n\n<p>Chaque ann\u00e9e sans sinistre responsable\u00a0<strong>r\u00e9duit votre CRM de 5 %<\/strong>. Par exemple, si votre CRM \u00e9tait de 1 en d\u00e9but d\u2019ann\u00e9e, il passera \u00e0 0,95 la deuxi\u00e8me ann\u00e9e, puis \u00e0 0,90 la troisi\u00e8me. Cette r\u00e9duction continue chaque ann\u00e9e, vous offrant des primes de plus en plus avantageuses, jusqu\u2019\u00e0 atteindre un<strong>\u00a0bonus maximum de 0,50<\/strong>.<\/p>\n\n\n\n<p>Et bonne nouvelle,&nbsp;<strong>si vous avez un bonus de 50 % depuis plus de 3 ans, vous le conservez m\u00eame apr\u00e8s un premier accident responsable<\/strong>.<\/p>\n\n\n\n<h3 class=\"wp-block-heading\">Je n\u2019ai pas eu d\u2019accident responsable sur la derni\u00e8re ann\u00e9e<\/h3>\n\n\n\n<p>M\u00eame si vous avez eu des accidents au cours de l\u2019ann\u00e9e \u00e9coul\u00e9e, tant que vous n\u2019en \u00eates pas responsable,&nbsp;<strong>votre CRM ne sera pas impact\u00e9 n\u00e9gativement<\/strong>.&nbsp;<\/p>\n\n\n\n<p>Les accidents pour lesquels vous n\u2019\u00eates<strong>&nbsp;pas responsable<\/strong>&nbsp;n\u2019entra\u00eenent<strong>&nbsp;pas de majoration&nbsp;<\/strong>de votre coefficient. Vous continuez donc de b\u00e9n\u00e9ficier de la r\u00e9duction annuelle de 5 %. Par exemple, si votre CRM \u00e9tait de 1, il passera \u00e0 0,95, tout comme si vous n\u2019aviez eu aucun accident.&nbsp;<\/p>\n\n\n\n<p>Cette r\u00e8gle&nbsp;<strong>encourage les conducteurs \u00e0 rester vigilants<\/strong>&nbsp;et \u00e0 \u00e9viter les accidents pour lesquels ils pourraient \u00eatre tenus responsables.<\/p>\n\n\n\n<p>Attention :\u00a0<strong>en cas de sinistre avec un tiers non identifi\u00e9<\/strong>\u00a0(comme un animal qui traverse la route ou un d\u00e9lit de fuite),\u00a0<strong>vous devez prouver les circonstances de l\u2019accident.<\/strong>\u00a0Sans preuves, votre compagnie d\u2019assurances pourrait vous appliquer un malus.<\/p>\n\n\n\n<h3 class=\"wp-block-heading\">J\u2019ai eu un accident responsable sur la derni\u00e8re ann\u00e9e<\/h3>\n\n\n\n<p>En revanche, si vous avez eu un accident responsable, votre CRM augmentera l\u2019ann\u00e9e suivante.&nbsp;<\/p>\n\n\n\n<p>Pour chaque accident o\u00f9&nbsp;<strong>vous \u00eates totalement responsable, votre CRM est major\u00e9 de 25 %<\/strong>. Par exemple, si votre CRM \u00e9tait de 1 avant l\u2019accident, il passera \u00e0 1,25. Si vous aviez un coefficient de 0,60, il grimpera \u00e0 0,75.&nbsp;<\/p>\n\n\n\n<p>En cas de&nbsp;<strong>responsabilit\u00e9 partielle, la majoration est de 12,5 %<\/strong>. Donc, si votre CRM \u00e9tait de 1, il passera \u00e0 1,125.&nbsp;<\/p>\n\n\n\n<p>Cette augmentation peut faire grimper vos primes d\u2019assurance\u00a0<strong>jusqu\u2019\u00e0 3,5 fois le montant de la prime initiale<\/strong>\u00a0(pour rappel, le malus maximum est de 3,50).<\/p>\n\n\n\n<p>Mais ne vous d\u00e9couragez pas ! En adoptant une conduite prudente et en \u00e9vitant les accidents responsables, vous pouvez progressivement redresser la situation.<\/p>\n\n\n\n<h2 class=\"wp-block-heading\" id=\"section-2\">Comment faire diminuer mon malus ?<\/h2>\n\n\n\n<p>La&nbsp;<a href=\"https:\/\/leocare.eu\/fr\/assurance-auto-en-ligne\/couverture\/contrat\/releve-information\/malus\/creation\/\">cr\u00e9ation du bonus-malus<\/a>&nbsp;vise \u00e0 inciter les conducteurs \u00e0 \u00e9viter les comportements \u00e0 risque en r\u00e9compensant une conduite responsable. Ainsi, pour diminuer votre malus et votre&nbsp;cotisation d\u2019assurance automobile, vous devez&nbsp;<strong>rester vigilant au volant et \u00e9viter tout&nbsp;accident<\/strong>. De cette fa\u00e7on, vous verrez votre CRM r\u00e9duire progressivement de 5 % par an.<\/p>\n\n\n\n<p><strong>Pour acc\u00e9l\u00e9rer la r\u00e9duction de votre malus, le syst\u00e8me de descente rapide&nbsp;<\/strong>est particuli\u00e8rement utile. Ce m\u00e9canisme permet de revenir plus vite \u00e0 un CRM favorable apr\u00e8s une p\u00e9riode de conduite exemplaire. Apr\u00e8s deux ann\u00e9es cons\u00e9cutives sans accident responsable, votre CRM reviendra automatiquement \u00e0 1, quel que soit son niveau initial. Par exemple, si votre CRM \u00e9tait de 2,5 apr\u00e8s plusieurs accidents, il redescendra \u00e0 1 apr\u00e8s deux ans de conduite sans sinistre.&nbsp;<\/p>\n\n\n\n<p>Une vraie opportunit\u00e9, notamment pour les&nbsp;<strong>jeunes conducteurs<\/strong>&nbsp;qui sont d\u00e9j\u00e0 souvent frapp\u00e9s par une surprime. Ils peuvent \u00eatre doublement p\u00e9nalis\u00e9s par le&nbsp;<a href=\"https:\/\/leocare.eu\/fr\/assurance-auto-en-ligne\/couverture\/contrat\/releve-information\/malus\/fonctionnement\/\">fonctionnement du malus<\/a>. Apr\u00e8s un sinistre responsable, la prochaine&nbsp;\u00e9ch\u00e9ance annuelle&nbsp;risque d\u2019\u00eatre co\u00fbteuse avec un&nbsp;CRM&nbsp;et une cotisation \u00e9lev\u00e9s. La descente rapide devient alors particuli\u00e8rement b\u00e9n\u00e9fique, leur permettant de redresser leur situation plus rapidement.<\/p>\n","protected":false},"excerpt":{"rendered":"<p>Vous avez comme objectif de diminuer votre bonus-malus ? Vous en avez assez des primes d\u2019assurance \u00e9lev\u00e9es ? Leocare vous d\u00e9voile la marche \u00e0 suivre gr\u00e2ce \u00e0 des cas concrets et des conseils pour r\u00e9duire votre coefficient de r\u00e9duction-majoration (CRM). De quoi all\u00e9ger vos cotisations d\u2019assurance auto d\u00e8s l\u2019ann\u00e9e prochaine ! Le coefficient bonus-malus \u00e9volue [&hellip;]<\/p>\n","protected":false},"author":44,"featured_media":0,"parent":17928,"menu_order":0,"comment_status":"closed","ping_status":"closed","template":"template_seo.php","meta":{"_acf_changed":false,"footnotes":""},"class_list":["post-22920","page","type-page","status-publish","hentry"],"acf":[],"yoast_head":"<!-- This site is optimized with the Yoast SEO plugin v27.3 - https:\/\/yoast.com\/product\/yoast-seo-wordpress\/ -->\n<title>Bonus-malus : quand diminue-t-il ?<\/title>\n<meta name=\"description\" content=\"D\u00e9couvrez comment diminuer votre bonus-malus, r\u00e9duire votre CRM et all\u00e9ger vos cotisations d\u2019assurance automobile gr\u00e2ce \u00e0 nos conseils pratiques.\" \/>\n<meta name=\"robots\" content=\"index, follow, max-snippet:-1, max-image-preview:large, max-video-preview:-1\" \/>\n<link rel=\"canonical\" href=\"https:\/\/leocare.eu\/fr\/assurance-auto-en-ligne\/couverture\/contrat\/releve-information\/malus\/diminution\/\" \/>\n<meta property=\"og:locale\" content=\"fr_FR\" \/>\n<meta property=\"og:type\" content=\"article\" \/>\n<meta property=\"og:title\" content=\"Bonus-malus : quand diminue-t-il ?\" \/>\n<meta property=\"og:description\" content=\"D\u00e9couvrez comment diminuer votre bonus-malus, r\u00e9duire votre CRM et all\u00e9ger vos cotisations d\u2019assurance automobile gr\u00e2ce \u00e0 nos conseils pratiques.\" \/>\n<meta property=\"og:url\" content=\"https:\/\/leocare.eu\/fr\/assurance-auto-en-ligne\/couverture\/contrat\/releve-information\/malus\/diminution\/\" \/>\n<meta property=\"og:site_name\" content=\"Leocare, assurance en ligne automobile et habitation\" \/>\n<meta property=\"article:modified_time\" content=\"2026-04-07T14:37:48+00:00\" \/>\n<meta property=\"og:image\" content=\"https:\/\/leocare.eu\/fr\/wp-content\/themes\/leocare-new\/assets\/img\/icon-alert-purple.svg\" \/>\n<meta name=\"twitter:card\" content=\"summary_large_image\" \/>\n<meta name=\"twitter:label1\" content=\"Dur\u00e9e de lecture estim\u00e9e\" \/>\n\t<meta name=\"twitter:data1\" content=\"5 minutes\" \/>\n<!-- \/ Yoast SEO plugin. -->","yoast_head_json":{"title":"Bonus-malus : quand diminue-t-il ?","description":"D\u00e9couvrez comment diminuer votre bonus-malus, r\u00e9duire votre CRM et all\u00e9ger vos cotisations d\u2019assurance automobile gr\u00e2ce \u00e0 nos conseils pratiques.","robots":{"index":"index","follow":"follow","max-snippet":"max-snippet:-1","max-image-preview":"max-image-preview:large","max-video-preview":"max-video-preview:-1"},"canonical":"https:\/\/leocare.eu\/fr\/assurance-auto-en-ligne\/couverture\/contrat\/releve-information\/malus\/diminution\/","og_locale":"fr_FR","og_type":"article","og_title":"Bonus-malus : quand diminue-t-il ?","og_description":"D\u00e9couvrez comment diminuer votre bonus-malus, r\u00e9duire votre CRM et all\u00e9ger vos cotisations d\u2019assurance automobile gr\u00e2ce \u00e0 nos conseils pratiques.","og_url":"https:\/\/leocare.eu\/fr\/assurance-auto-en-ligne\/couverture\/contrat\/releve-information\/malus\/diminution\/","og_site_name":"Leocare, assurance en ligne automobile et habitation","article_modified_time":"2026-04-07T14:37:48+00:00","og_image":[{"url":"https:\/\/leocare.eu\/fr\/wp-content\/themes\/leocare-new\/assets\/img\/icon-alert-purple.svg","type":"","width":"","height":""}],"twitter_card":"summary_large_image","twitter_misc":{"Dur\u00e9e de lecture estim\u00e9e":"5 minutes"},"schema":{"@context":"https:\/\/schema.org","@graph":[{"@type":"WebPage","@id":"https:\/\/leocare.eu\/fr\/assurance-auto-en-ligne\/couverture\/contrat\/releve-information\/malus\/diminution\/","url":"https:\/\/leocare.eu\/fr\/assurance-auto-en-ligne\/couverture\/contrat\/releve-information\/malus\/diminution\/","name":"Bonus-malus : quand diminue-t-il ?","isPartOf":{"@id":"https:\/\/leocare.eu\/fr\/#website"},"primaryImageOfPage":{"@id":"https:\/\/leocare.eu\/fr\/assurance-auto-en-ligne\/couverture\/contrat\/releve-information\/malus\/diminution\/#primaryimage"},"image":{"@id":"https:\/\/leocare.eu\/fr\/assurance-auto-en-ligne\/couverture\/contrat\/releve-information\/malus\/diminution\/#primaryimage"},"thumbnailUrl":"https:\/\/leocare.eu\/fr\/wp-content\/themes\/leocare-new\/assets\/img\/icon-alert-purple.svg","datePublished":"2024-09-05T13:57:52+00:00","dateModified":"2026-04-07T14:37:48+00:00","description":"D\u00e9couvrez comment diminuer votre bonus-malus, r\u00e9duire votre CRM et all\u00e9ger vos cotisations d\u2019assurance automobile gr\u00e2ce \u00e0 nos conseils pratiques.","breadcrumb":{"@id":"https:\/\/leocare.eu\/fr\/assurance-auto-en-ligne\/couverture\/contrat\/releve-information\/malus\/diminution\/#breadcrumb"},"inLanguage":"fr-FR","potentialAction":[{"@type":"ReadAction","target":["https:\/\/leocare.eu\/fr\/assurance-auto-en-ligne\/couverture\/contrat\/releve-information\/malus\/diminution\/"]}]},{"@type":"ImageObject","inLanguage":"fr-FR","@id":"https:\/\/leocare.eu\/fr\/assurance-auto-en-ligne\/couverture\/contrat\/releve-information\/malus\/diminution\/#primaryimage","url":"https:\/\/leocare.eu\/fr\/wp-content\/themes\/leocare-new\/assets\/img\/icon-alert-purple.svg","contentUrl":"https:\/\/leocare.eu\/fr\/wp-content\/themes\/leocare-new\/assets\/img\/icon-alert-purple.svg"},{"@type":"WebSite","@id":"https:\/\/leocare.eu\/fr\/#website","url":"https:\/\/leocare.eu\/fr\/","name":"Leocare, assurance en ligne automobile et habitation","description":"enfin (r)assur\u00e9.e","publisher":{"@id":"https:\/\/leocare.eu\/fr\/#organization"},"potentialAction":[{"@type":"SearchAction","target":{"@type":"EntryPoint","urlTemplate":"https:\/\/leocare.eu\/fr\/?s={search_term_string}"},"query-input":{"@type":"PropertyValueSpecification","valueRequired":true,"valueName":"search_term_string"}}],"inLanguage":"fr-FR"},{"@type":"Organization","@id":"https:\/\/leocare.eu\/fr\/#organization","name":"Leocare, assurance en ligne automobile et habitation","url":"https:\/\/leocare.eu\/fr\/","logo":{"@type":"ImageObject","inLanguage":"fr-FR","@id":"https:\/\/leocare.eu\/fr\/#\/schema\/logo\/image\/","url":"https:\/\/leocare.eu\/fr\/wp-content\/uploads\/2020\/03\/logo-leocare.svg","contentUrl":"https:\/\/leocare.eu\/fr\/wp-content\/uploads\/2020\/03\/logo-leocare.svg","caption":"Leocare, assurance en ligne automobile et habitation"},"image":{"@id":"https:\/\/leocare.eu\/fr\/#\/schema\/logo\/image\/"}}]}},"_links":{"self":[{"href":"https:\/\/leocare.eu\/fr\/wp-json\/wp\/v2\/pages\/22920","targetHints":{"allow":["GET"]}}],"collection":[{"href":"https:\/\/leocare.eu\/fr\/wp-json\/wp\/v2\/pages"}],"about":[{"href":"https:\/\/leocare.eu\/fr\/wp-json\/wp\/v2\/types\/page"}],"author":[{"embeddable":true,"href":"https:\/\/leocare.eu\/fr\/wp-json\/wp\/v2\/users\/44"}],"replies":[{"embeddable":true,"href":"https:\/\/leocare.eu\/fr\/wp-json\/wp\/v2\/comments?post=22920"}],"version-history":[{"count":7,"href":"https:\/\/leocare.eu\/fr\/wp-json\/wp\/v2\/pages\/22920\/revisions"}],"predecessor-version":[{"id":36282,"href":"https:\/\/leocare.eu\/fr\/wp-json\/wp\/v2\/pages\/22920\/revisions\/36282"}],"up":[{"embeddable":true,"href":"https:\/\/leocare.eu\/fr\/wp-json\/wp\/v2\/pages\/17928"}],"wp:attachment":[{"href":"https:\/\/leocare.eu\/fr\/wp-json\/wp\/v2\/media?parent=22920"}],"curies":[{"name":"wp","href":"https:\/\/api.w.org\/{rel}","templated":true}]}}